{"id":6808,"date":"2017-03-13T17:25:15","date_gmt":"2017-03-13T17:25:15","guid":{"rendered":"https:\/\/coolrooms.com\/palaciovillapanes\/habitacion-palacio\/"},"modified":"2026-03-18T12:24:41","modified_gmt":"2026-03-18T12:24:41","slug":"habitacion-palacio","status":"publish","type":"page","link":"https:\/\/coolrooms.com\/palaciovillapanes\/zh-hans\/rooms\/habitacion-palacio\/","title":{"rendered":"\u623f\u95f4 Palacio"},"content":{"rendered":"\t\t<div data-elementor-type=\"wp-page\" data-elementor-id=\"6808\" class=\"elementor elementor-6808 elementor-10363\" data-elementor-post-type=\"page\">\n\t\t\t\t\t\t<section data-dce-background-image-url=\"https:\/\/coolrooms.com\/palaciovillapanes\/wp-content\/uploads\/sites\/7\/2017\/03\/hotel-sevilla-habitacion-palacio.jpg\" class=\"elementor-section elementor-top-section elementor-element elementor-element-39d2a897 elementor-section-height-min-height elementor-section-boxed elementor-section-height-default elementor-section-items-middle\" data-id=\"39d2a897\" data-element_type=\"section\" data-e-type=\"section\" data-settings=\"{&quot;background_background&quot;:&quot;classic&quot;}\">\n\t\t\t\t\t\t\t<div class=\"elementor-background-overlay\"><\/div>\n\t\t\t\t\t\t\t<div class=\"elementor-container elementor-column-gap-default\">\n\t\t\t\t\t<div class=\"elementor-column elementor-col-100 elementor-top-column elementor-element elementor-element-5a0c9350\" data-id=\"5a0c9350\" data-element_type=\"column\" data-e-type=\"column\">\n\t\t\t<div class=\"elementor-widget-wrap elementor-element-populated\">\n\t\t\t\t\t\t<div class=\"elementor-element elementor-element-2998cb31 elementor-widget elementor-widget-heading\" data-id=\"2998cb31\" data-element_type=\"widget\" data-e-type=\"widget\" data-widget_type=\"heading.default\">\n\t\t\t\t<div class=\"elementor-widget-container\">\n\t\t\t\t\t<h1 class=\"elementor-heading-title elementor-size-default\">\u5bab\u6bbf<\/h1>\t\t\t\t<\/div>\n\t\t\t\t<\/div>\n\t\t\t\t<div class=\"elementor-element elementor-element-b04bdc4 elementor-widget elementor-widget-heading\" data-id=\"b04bdc4\" data-element_type=\"widget\" data-e-type=\"widget\" data-widget_type=\"heading.default\">\n\t\t\t\t<div class=\"elementor-widget-container\">\n\t\t\t\t\t<h2 class=\"elementor-heading-title elementor-size-default\">\u623f\u95f4<\/h2>\t\t\t\t<\/div>\n\t\t\t\t<\/div>\n\t\t\t\t<div class=\"elementor-element elementor-element-3c10d78c elementor-align-center elementor-widget elementor-widget-button\" data-id=\"3c10d78c\" data-element_type=\"widget\" data-e-type=\"widget\" data-widget_type=\"button.default\">\n\t\t\t\t<div class=\"elementor-widget-container\">\n\t\t\t\t\t\t\t\t\t<div class=\"elementor-button-wrapper\">\n\t\t\t\t\t<a class=\"elementor-button elementor-button-link elementor-size-lg\" href=\"\/palaciovillapanes\/zh-hans\/booking\/\" target=\"_blank\">\n\t\t\t\t\t\t<span class=\"elementor-button-content-wrapper\">\n\t\t\t\t\t\t\t\t\t<span class=\"elementor-button-text\">\u9884\u8ba2<\/span>\n\t\t\t\t\t<\/span>\n\t\t\t\t\t<\/a>\n\t\t\t\t<\/div>\n\t\t\t\t\t\t\t\t<\/div>\n\t\t\t\t<\/div>\n\t\t\t\t<div class=\"elementor-element elementor-element-244994d0 elementor-widget__width-auto elementor-fixed open-palacio-360 dce_masking-none elementor-widget elementor-widget-image\" data-id=\"244994d0\" data-element_type=\"widget\" data-e-type=\"widget\" data-settings=\"{&quot;_position&quot;:&quot;fixed&quot;}\" data-widget_type=\"image.default\">\n\t\t\t\t<div class=\"elementor-widget-container\">\n\t\t\t\t\t\t\t\t\t\t\t\t\t\t\t<img decoding=\"async\" width=\"60\" height=\"60\" src=\"https:\/\/coolrooms.com\/palaciovillapanes\/wp-content\/uploads\/sites\/7\/2020\/04\/360.png\" class=\"attachment-full size-full wp-image-15440\" alt=\"\" srcset=\"https:\/\/coolrooms.com\/palaciovillapanes\/wp-content\/uploads\/sites\/7\/2020\/04\/360.png 60w, https:\/\/coolrooms.com\/palaciovillapanes\/wp-content\/uploads\/sites\/7\/2020\/04\/360-36x36.png 36w\" sizes=\"(max-width: 60px) 100vw, 60px\" \/>\t\t\t\t\t\t\t\t\t\t\t\t\t\t\t<\/div>\n\t\t\t\t<\/div>\n\t\t\t\t\t<\/div>\n\t\t<\/div>\n\t\t\t\t\t<\/div>\n\t\t<\/section>\n\t\t\t\t<section data-dce-background-image-url=\"https:\/\/coolrooms.com\/palaciovillapanes\/wp-content\/uploads\/sites\/7\/2017\/02\/background_1.jpg\" class=\"elementor-section elementor-top-section elementor-element elementor-element-1b6f58ea elementor-section-boxed elementor-section-height-default elementor-section-height-default\" data-id=\"1b6f58ea\" data-element_type=\"section\" data-e-type=\"section\" data-settings=\"{&quot;background_background&quot;:&quot;classic&quot;}\">\n\t\t\t\t\t\t<div class=\"elementor-container elementor-column-gap-default\">\n\t\t\t\t\t<div class=\"elementor-column elementor-col-100 elementor-top-column elementor-element elementor-element-a2f04dd\" data-id=\"a2f04dd\" data-element_type=\"column\" data-e-type=\"column\">\n\t\t\t<div class=\"elementor-widget-wrap elementor-element-populated\">\n\t\t\t\t\t\t<div class=\"elementor-element elementor-element-2cf9d916 elementor-widget__width-initial elementor-widget-mobile__width-inherit elementor-invisible elementor-widget elementor-widget-text-editor\" data-id=\"2cf9d916\" data-element_type=\"widget\" data-e-type=\"widget\" data-settings=\"{&quot;_animation&quot;:&quot;fadeInLeft&quot;}\" data-widget_type=\"text-editor.default\">\n\t\t\t\t<div class=\"elementor-widget-container\">\n\t\t\t\t\t\t\t\t\t<h1>\u4e00\u4e2a\u653e\u677e\u548c\u798f\u5229\u7684\u6c1b\u56f4<\/h1><p>\u5bab\u6bbf\u5ba2\u623f\u878d\u5408\u4e86\u6211\u4eec\u8fc7\u53bb\u7684\u9b54\u529b\u548c\u73b0\u4ee3\u8bbe\u8ba1\u7684\u98ce\u683c\u3002 \u4ece\u4e00\u5f00\u59cb\uff0c\u4ed6\u4eec\u5c31\u7528\u8212\u9002\u548c\u4e2a\u6027\u5f81\u670d\u4f60\u3002<\/p>\t\t\t\t\t\t\t\t<\/div>\n\t\t\t\t<\/div>\n\t\t\t\t<div class=\"elementor-element elementor-element-34ca8334 elementor-widget__width-inherit elementor--h-position-center elementor--v-position-middle elementor-invisible elementor-widget elementor-widget-slides\" data-id=\"34ca8334\" data-element_type=\"widget\" data-e-type=\"widget\" data-settings=\"{&quot;navigation&quot;:&quot;none&quot;,&quot;transition&quot;:&quot;fade&quot;,&quot;_animation&quot;:&quot;fadeInRight&quot;,&quot;autoplay&quot;:&quot;yes&quot;,&quot;autoplay_speed&quot;:5000,&quot;infinite&quot;:&quot;yes&quot;,&quot;transition_speed&quot;:500}\" data-widget_type=\"slides.default\">\n\t\t\t\t<div class=\"elementor-widget-container\">\n\t\t\t\t\t\t\t\t\t<div class=\"elementor-swiper\">\n\t\t\t\t\t<div class=\"elementor-slides-wrapper elementor-main-swiper swiper\" role=\"region\" aria-roledescription=\"carousel\" aria-label=\"Slides\" dir=\"ltr\" data-animation=\"fadeInUp\">\n\t\t\t\t<div class=\"swiper-wrapper elementor-slides\">\n\t\t\t\t\t\t\t\t\t\t<div class=\"elementor-repeater-item-574df94 swiper-slide\" role=\"group\" aria-roledescription=\"slide\"><div class=\"swiper-slide-bg\" role=\"img\" aria-label=\"Habitaci\u00f3n Hotel Palacio Villapan\u00e9s\"><\/div><div class=\"swiper-slide-inner\" ><div class=\"swiper-slide-contents\"><\/div><\/div><\/div><div class=\"elementor-repeater-item-65786ce swiper-slide\" role=\"group\" aria-roledescription=\"slide\"><div class=\"swiper-slide-bg\" role=\"img\" aria-label=\"Habitaci\u00f3n Hotel Palacio Villapan\u00e9s\"><\/div><div class=\"swiper-slide-inner\" ><div class=\"swiper-slide-contents\"><\/div><\/div><\/div><div class=\"elementor-repeater-item-41cf1ce swiper-slide\" role=\"group\" aria-roledescription=\"slide\"><div class=\"swiper-slide-bg\" role=\"img\" aria-label=\"Amenities Molton Brown Villapanes\"><\/div><div class=\"swiper-slide-inner\" ><div class=\"swiper-slide-contents\"><\/div><\/div><\/div>\t\t\t\t<\/div>\n\t\t\t\t\t\t\t\t\t\t\t\t\t\t\t\t\t\t\t\t\t<\/div>\n\t\t\t\t<\/div>\n\t\t\t\t\t\t\t\t<\/div>\n\t\t\t\t<\/div>\n\t\t\t\t<div class=\"elementor-element elementor-element-31e4a7a8 elementor-widget__width-initial elementor-widget-mobile__width-inherit elementor-invisible elementor-widget elementor-widget-text-editor\" data-id=\"31e4a7a8\" data-element_type=\"widget\" data-e-type=\"widget\" data-settings=\"{&quot;_animation&quot;:&quot;fadeInLeft&quot;}\" data-widget_type=\"text-editor.default\">\n\t\t\t\t<div class=\"elementor-widget-container\">\n\t\t\t\t\t\t\t\t\t<ul class=\"av-catalogue-list\"><li><div class=\"av-catalogue-item\"><div class=\"av-catalogue-item-inner\"><div class=\"av-catalogue-title-container\"><div class=\"av-catalogue-title\">\u89c4\u683c\uff1a<\/div><div class=\"av-catalogue-price\">\u00a0<\/div><\/div><div class=\"av-catalogue-content\"><ul><li>\u7535\u89c6Loewe<\/li><li>\u8bbe\u8ba1\u5e08\u5bb6\u5177<\/li><li>Molton Brown\u6d17\u6d74\u7528\u54c1<\/li><li>\u6d74\u8863<\/li><li>\u62d6\u978b<\/li><li>\u5439\u98ce\u673a<\/li><li>\u6dcb\u6d74\u67093\u79cd\u55b7\u5c04<\/li><li>\u7531Philippe Starck\u8bbe\u8ba1\u7684\u5927\u5bb9\u91cf\u6d74\u7f38<\/li><li>40\u81f370\u5e73\u65b9\u7c73<\/li><\/ul><\/div><\/div><\/div><\/li><li><div class=\"av-catalogue-item\"><div class=\"av-catalogue-item-inner\"><div class=\"av-catalogue-title-container\"><div class=\"av-catalogue-title\">\u989d\u5916\u514d\u8d39\u5305\u62ec\u7684\uff1a<\/div><div class=\"av-catalogue-price\">\u00a0<\/div><\/div><div class=\"av-catalogue-content\"><ul><li>Wifi de alta velocidad en todas las zonas del hotel<\/li><li>Acceso a nuestro Wellness\u00a0Area<\/li><li>Prensa diaria nacional e internacional<\/li><li>Limpieza diaria de calzado<\/li><li>Copa de bienvenida<\/li><li>Servicio de cobertura<\/li><\/ul><p>Se puede a\u00f1adir una cama supletoria a esta categor\u00eda de habitaci\u00f3n (sujeto a disponibilidad).<\/p><p>Impuestos incluidos. IVA 10%<\/p><\/div><\/div><\/div><\/li><\/ul>\t\t\t\t\t\t\t\t<\/div>\n\t\t\t\t<\/div>\n\t\t\t\t<section class=\"elementor-section elementor-inner-section elementor-element elementor-element-4c1b012 elementor-section-boxed elementor-section-height-default elementor-section-height-default\" data-id=\"4c1b012\" data-element_type=\"section\" data-e-type=\"section\" data-settings=\"{&quot;background_background&quot;:&quot;classic&quot;}\">\n\t\t\t\t\t\t<div class=\"elementor-container elementor-column-gap-default\">\n\t\t\t\t\t<div class=\"elementor-column elementor-col-100 elementor-inner-column elementor-element elementor-element-77236bb\" data-id=\"77236bb\" data-element_type=\"column\" data-e-type=\"column\">\n\t\t\t<div class=\"elementor-widget-wrap elementor-element-populated\">\n\t\t\t\t\t\t<div class=\"elementor-element elementor-element-7a016f5 elementor-widget elementor-widget-text-editor\" data-id=\"7a016f5\" data-element_type=\"widget\" data-e-type=\"widget\" data-widget_type=\"text-editor.default\">\n\t\t\t\t<div class=\"elementor-widget-container\">\n\t\t\t\t\t\t\t\t\t<h2 class=\"av-special-heading-tag \"><a href=\"https:\/\/coolrooms.com\/palaciovillapanes\/onlinebooking\/\">\u5982\u679c\u60a8\u5728\u8fd9\u91cc\u9884\u8ba2\uff0c\u72ec\u5bb6\u4f18\u52bf\uff1a\u00a0<\/a>:<\/h2>\t\t\t\t\t\t\t\t<\/div>\n\t\t\t\t<\/div>\n\t\t\t\t<div class=\"elementor-element elementor-element-f522d2a dce_masking-none elementor-widget elementor-widget-image\" data-id=\"f522d2a\" data-element_type=\"widget\" data-e-type=\"widget\" data-widget_type=\"image.default\">\n\t\t\t\t<div class=\"elementor-widget-container\">\n\t\t\t\t\t\t\t\t\t\t\t\t\t\t\t<img decoding=\"async\" width=\"236\" height=\"36\" src=\"https:\/\/coolrooms.com\/palaciovillapanes\/wp-content\/uploads\/sites\/7\/2017\/03\/five-stars.png\" class=\"attachment-full size-full wp-image-13820\" alt=\"estrella Palacio Villapan\u00e9s\" \/>\t\t\t\t\t\t\t\t\t\t\t\t\t\t\t<\/div>\n\t\t\t\t<\/div>\n\t\t\t\t<div class=\"elementor-element elementor-element-21e3cc1 elementor-widget elementor-widget-text-editor\" data-id=\"21e3cc1\" data-element_type=\"widget\" data-e-type=\"widget\" data-widget_type=\"text-editor.default\">\n\t\t\t\t<div class=\"elementor-widget-container\">\n\t\t\t\t\t\t\t\t\t<p>\u6700\u4f18\u60e0\u623f\u4ef7\u4fdd\u8bc1\/\u5b89\u5168\u9884\u8ba2<\/p><p>\u623f\u95f4\u5347\u7ea7\uff08\u89c6\u60c5\u51b5\u800c\u5b9a\uff09<\/p><p>\u514d\u8d39\u4f7f\u7528\u6211\u4eec\u7684\u5065\u5eb7\u533a<\/p>\t\t\t\t\t\t\t\t<\/div>\n\t\t\t\t<\/div>\n\t\t\t\t\t<\/div>\n\t\t<\/div>\n\t\t\t\t\t<\/div>\n\t\t<\/section>\n\t\t\t\t\t<\/div>\n\t\t<\/div>\n\t\t\t\t\t<\/div>\n\t\t<\/section>\n\t\t\t\t<\/div>\n\t\t","protected":false},"excerpt":{"rendered":"<p>\u5bab\u6bbf \u623f\u95f4 \u9884\u8ba2 \u4e00\u4e2a\u653e\u677e\u548c\u798f\u5229\u7684\u6c1b\u56f4 \u5bab\u6bbf\u5ba2\u623f\u878d\u5408\u4e86\u6211\u4eec\u8fc7\u53bb\u7684\u9b54\u529b\u548c\u73b0\u4ee3\u8bbe\u8ba1\u7684\u98ce\u683c\u3002 \u4ece\u4e00\u5f00\u59cb\uff0c\u4ed6\u4eec\u5c31\u7528\u8212\u9002 [&hellip;]<\/p>\n","protected":false},"author":13,"featured_media":0,"parent":10361,"menu_order":0,"comment_status":"closed","ping_status":"closed","template":"","meta":{"_acf_changed":false,"footnotes":""},"class_list":["post-6808","page","type-page","status-publish","hentry"],"yoast_head":"<!-- This site is optimized with the Yoast SEO plugin v27.3 - https:\/\/yoast.com\/product\/yoast-seo-wordpress\/ -->\n<title>Habitaci\u00f3n Palacio | Hotel Palacio Villapan\u00e9s Sevilla<\/title>\n<meta name=\"description\" content=\"Las habitaciones Palacio son una muestra de la fusi\u00f3n entre la magia de nuestro pasado y el atractivo del estilo contempor\u00e1neo. Hotel Palacio Villapan\u00e9s.\" \/>\n<meta name=\"robots\" content=\"index, follow, max-snippet:-1, max-image-preview:large, max-video-preview:-1\" \/>\n<link rel=\"canonical\" href=\"https:\/\/coolrooms.com\/palaciovillapanes\/habitaciones\/habitacion-palacio\/\" \/>\n<meta property=\"og:locale\" content=\"zh_CN\" \/>\n<meta property=\"og:type\" content=\"article\" \/>\n<meta property=\"og:title\" content=\"Habitaci\u00f3n Palacio | Hotel Palacio Villapan\u00e9s Sevilla\" \/>\n<meta property=\"og:description\" content=\"Las habitaciones Palacio son una muestra de la fusi\u00f3n entre la magia de nuestro pasado y el atractivo del estilo contempor\u00e1neo. Hotel Palacio Villapan\u00e9s.\" \/>\n<meta property=\"og:url\" content=\"https:\/\/coolrooms.com\/palaciovillapanes\/habitaciones\/habitacion-palacio\/\" \/>\n<meta property=\"og:site_name\" content=\"Hotel CoolRooms Palacio Villapan\u00e9s Sevilla\" \/>\n<meta property=\"article:publisher\" content=\"https:\/\/www.facebook.com\/palaciodevillapanes\/\" \/>\n<meta property=\"article:modified_time\" content=\"2026-03-18T12:24:41+00:00\" \/>\n<meta property=\"og:image\" content=\"https:\/\/coolrooms.com\/palaciovillapanes\/wp-content\/uploads\/sites\/7\/2020\/04\/360.png\" \/>\n\t<meta property=\"og:image:width\" content=\"60\" \/>\n\t<meta property=\"og:image:height\" content=\"60\" \/>\n\t<meta property=\"og:image:type\" content=\"image\/png\" \/>\n<meta name=\"twitter:card\" content=\"summary_large_image\" \/>\n<meta name=\"twitter:label1\" content=\"\u9884\u8ba1\u9605\u8bfb\u65f6\u95f4\" \/>\n\t<meta name=\"twitter:data1\" content=\"1 \u5206\" \/>\n<script type=\"application\/ld+json\" class=\"yoast-schema-graph\">{\"@context\":\"https:\\\/\\\/schema.org\",\"@graph\":[{\"@type\":\"WebPage\",\"@id\":\"https:\\\/\\\/coolrooms.com\\\/palaciovillapanes\\\/habitaciones\\\/habitacion-palacio\\\/\",\"url\":\"https:\\\/\\\/coolrooms.com\\\/palaciovillapanes\\\/habitaciones\\\/habitacion-palacio\\\/\",\"name\":\"Habitaci\u00f3n Palacio | Hotel Palacio Villapan\u00e9s Sevilla\",\"isPartOf\":{\"@id\":\"https:\\\/\\\/coolrooms.com\\\/palaciovillapanes\\\/#website\"},\"primaryImageOfPage\":{\"@id\":\"https:\\\/\\\/coolrooms.com\\\/palaciovillapanes\\\/habitaciones\\\/habitacion-palacio\\\/#primaryimage\"},\"image\":{\"@id\":\"https:\\\/\\\/coolrooms.com\\\/palaciovillapanes\\\/habitaciones\\\/habitacion-palacio\\\/#primaryimage\"},\"thumbnailUrl\":\"https:\\\/\\\/coolrooms.com\\\/palaciovillapanes\\\/wp-content\\\/uploads\\\/sites\\\/7\\\/2020\\\/04\\\/360.png\",\"datePublished\":\"2017-03-13T17:25:15+00:00\",\"dateModified\":\"2026-03-18T12:24:41+00:00\",\"description\":\"Las habitaciones Palacio son una muestra de la fusi\u00f3n entre la magia de nuestro pasado y el atractivo del estilo contempor\u00e1neo. Hotel Palacio Villapan\u00e9s.\",\"breadcrumb\":{\"@id\":\"https:\\\/\\\/coolrooms.com\\\/palaciovillapanes\\\/habitaciones\\\/habitacion-palacio\\\/#breadcrumb\"},\"inLanguage\":\"zh-Hans\",\"potentialAction\":[{\"@type\":\"ReadAction\",\"target\":[\"https:\\\/\\\/coolrooms.com\\\/palaciovillapanes\\\/habitaciones\\\/habitacion-palacio\\\/\"]}]},{\"@type\":\"ImageObject\",\"inLanguage\":\"zh-Hans\",\"@id\":\"https:\\\/\\\/coolrooms.com\\\/palaciovillapanes\\\/habitaciones\\\/habitacion-palacio\\\/#primaryimage\",\"url\":\"https:\\\/\\\/coolrooms.com\\\/palaciovillapanes\\\/wp-content\\\/uploads\\\/sites\\\/7\\\/2020\\\/04\\\/360.png\",\"contentUrl\":\"https:\\\/\\\/coolrooms.com\\\/palaciovillapanes\\\/wp-content\\\/uploads\\\/sites\\\/7\\\/2020\\\/04\\\/360.png\"},{\"@type\":\"BreadcrumbList\",\"@id\":\"https:\\\/\\\/coolrooms.com\\\/palaciovillapanes\\\/habitaciones\\\/habitacion-palacio\\\/#breadcrumb\",\"itemListElement\":[{\"@type\":\"ListItem\",\"position\":1,\"name\":\"Portada\",\"item\":\"https:\\\/\\\/coolrooms.com\\\/palaciovillapanes\\\/\"},{\"@type\":\"ListItem\",\"position\":2,\"name\":\"\u5ba2\u623f\",\"item\":\"https:\\\/\\\/coolrooms.com\\\/palaciovillapanes\\\/habitaciones\\\/\"},{\"@type\":\"ListItem\",\"position\":3,\"name\":\"\u623f\u95f4 Palacio\"}]},{\"@type\":\"WebSite\",\"@id\":\"https:\\\/\\\/coolrooms.com\\\/palaciovillapanes\\\/#website\",\"url\":\"https:\\\/\\\/coolrooms.com\\\/palaciovillapanes\\\/\",\"name\":\"Hotel Palacio Villapan\u00e9s Sevilla\",\"description\":\"CoolRooms |\u00a0El lujo de dormir en un Palacio\",\"publisher\":{\"@id\":\"https:\\\/\\\/coolrooms.com\\\/palaciovillapanes\\\/#organization\"},\"potentialAction\":[{\"@type\":\"SearchAction\",\"target\":{\"@type\":\"EntryPoint\",\"urlTemplate\":\"https:\\\/\\\/coolrooms.com\\\/palaciovillapanes\\\/?s={search_term_string}\"},\"query-input\":{\"@type\":\"PropertyValueSpecification\",\"valueRequired\":true,\"valueName\":\"search_term_string\"}}],\"inLanguage\":\"zh-Hans\"},{\"@type\":\"Organization\",\"@id\":\"https:\\\/\\\/coolrooms.com\\\/palaciovillapanes\\\/#organization\",\"name\":\"Palacio Villapanes\",\"url\":\"https:\\\/\\\/coolrooms.com\\\/palaciovillapanes\\\/\",\"logo\":{\"@type\":\"ImageObject\",\"inLanguage\":\"zh-Hans\",\"@id\":\"https:\\\/\\\/coolrooms.com\\\/palaciovillapanes\\\/#\\\/schema\\\/logo\\\/image\\\/\",\"url\":\"https:\\\/\\\/coolrooms.com\\\/palaciovillapanes\\\/wp-content\\\/uploads\\\/sites\\\/7\\\/2022\\\/06\\\/logo-palacio-dark.png\",\"contentUrl\":\"https:\\\/\\\/coolrooms.com\\\/palaciovillapanes\\\/wp-content\\\/uploads\\\/sites\\\/7\\\/2022\\\/06\\\/logo-palacio-dark.png\",\"width\":300,\"height\":233,\"caption\":\"Palacio Villapanes\"},\"image\":{\"@id\":\"https:\\\/\\\/coolrooms.com\\\/palaciovillapanes\\\/#\\\/schema\\\/logo\\\/image\\\/\"},\"sameAs\":[\"https:\\\/\\\/www.facebook.com\\\/palaciodevillapanes\\\/\",\"https:\\\/\\\/www.instagram.com\\\/palaciovillapanes\\\/\",\"https:\\\/\\\/www.linkedin.com\\\/company\\\/hotel-palacio-de-villapans\"]}]}<\/script>\n<!-- \/ Yoast SEO plugin. -->","yoast_head_json":{"title":"Habitaci\u00f3n Palacio | Hotel Palacio Villapan\u00e9s Sevilla","description":"Las habitaciones Palacio son una muestra de la fusi\u00f3n entre la magia de nuestro pasado y el atractivo del estilo contempor\u00e1neo. Hotel Palacio Villapan\u00e9s.","robots":{"index":"index","follow":"follow","max-snippet":"max-snippet:-1","max-image-preview":"max-image-preview:large","max-video-preview":"max-video-preview:-1"},"canonical":"https:\/\/coolrooms.com\/palaciovillapanes\/habitaciones\/habitacion-palacio\/","og_locale":"zh_CN","og_type":"article","og_title":"Habitaci\u00f3n Palacio | Hotel Palacio Villapan\u00e9s Sevilla","og_description":"Las habitaciones Palacio son una muestra de la fusi\u00f3n entre la magia de nuestro pasado y el atractivo del estilo contempor\u00e1neo. Hotel Palacio Villapan\u00e9s.","og_url":"https:\/\/coolrooms.com\/palaciovillapanes\/habitaciones\/habitacion-palacio\/","og_site_name":"Hotel CoolRooms Palacio Villapan\u00e9s Sevilla","article_publisher":"https:\/\/www.facebook.com\/palaciodevillapanes\/","article_modified_time":"2026-03-18T12:24:41+00:00","og_image":[{"width":60,"height":60,"url":"https:\/\/coolrooms.com\/palaciovillapanes\/wp-content\/uploads\/sites\/7\/2020\/04\/360.png","type":"image\/png"}],"twitter_card":"summary_large_image","twitter_misc":{"\u9884\u8ba1\u9605\u8bfb\u65f6\u95f4":"1 \u5206"},"schema":{"@context":"https:\/\/schema.org","@graph":[{"@type":"WebPage","@id":"https:\/\/coolrooms.com\/palaciovillapanes\/habitaciones\/habitacion-palacio\/","url":"https:\/\/coolrooms.com\/palaciovillapanes\/habitaciones\/habitacion-palacio\/","name":"Habitaci\u00f3n Palacio | Hotel Palacio Villapan\u00e9s Sevilla","isPartOf":{"@id":"https:\/\/coolrooms.com\/palaciovillapanes\/#website"},"primaryImageOfPage":{"@id":"https:\/\/coolrooms.com\/palaciovillapanes\/habitaciones\/habitacion-palacio\/#primaryimage"},"image":{"@id":"https:\/\/coolrooms.com\/palaciovillapanes\/habitaciones\/habitacion-palacio\/#primaryimage"},"thumbnailUrl":"https:\/\/coolrooms.com\/palaciovillapanes\/wp-content\/uploads\/sites\/7\/2020\/04\/360.png","datePublished":"2017-03-13T17:25:15+00:00","dateModified":"2026-03-18T12:24:41+00:00","description":"Las habitaciones Palacio son una muestra de la fusi\u00f3n entre la magia de nuestro pasado y el atractivo del estilo contempor\u00e1neo. Hotel Palacio Villapan\u00e9s.","breadcrumb":{"@id":"https:\/\/coolrooms.com\/palaciovillapanes\/habitaciones\/habitacion-palacio\/#breadcrumb"},"inLanguage":"zh-Hans","potentialAction":[{"@type":"ReadAction","target":["https:\/\/coolrooms.com\/palaciovillapanes\/habitaciones\/habitacion-palacio\/"]}]},{"@type":"ImageObject","inLanguage":"zh-Hans","@id":"https:\/\/coolrooms.com\/palaciovillapanes\/habitaciones\/habitacion-palacio\/#primaryimage","url":"https:\/\/coolrooms.com\/palaciovillapanes\/wp-content\/uploads\/sites\/7\/2020\/04\/360.png","contentUrl":"https:\/\/coolrooms.com\/palaciovillapanes\/wp-content\/uploads\/sites\/7\/2020\/04\/360.png"},{"@type":"BreadcrumbList","@id":"https:\/\/coolrooms.com\/palaciovillapanes\/habitaciones\/habitacion-palacio\/#breadcrumb","itemListElement":[{"@type":"ListItem","position":1,"name":"Portada","item":"https:\/\/coolrooms.com\/palaciovillapanes\/"},{"@type":"ListItem","position":2,"name":"\u5ba2\u623f","item":"https:\/\/coolrooms.com\/palaciovillapanes\/habitaciones\/"},{"@type":"ListItem","position":3,"name":"\u623f\u95f4 Palacio"}]},{"@type":"WebSite","@id":"https:\/\/coolrooms.com\/palaciovillapanes\/#website","url":"https:\/\/coolrooms.com\/palaciovillapanes\/","name":"Hotel Palacio Villapan\u00e9s Sevilla","description":"CoolRooms |\u00a0El lujo de dormir en un Palacio","publisher":{"@id":"https:\/\/coolrooms.com\/palaciovillapanes\/#organization"},"potentialAction":[{"@type":"SearchAction","target":{"@type":"EntryPoint","urlTemplate":"https:\/\/coolrooms.com\/palaciovillapanes\/?s={search_term_string}"},"query-input":{"@type":"PropertyValueSpecification","valueRequired":true,"valueName":"search_term_string"}}],"inLanguage":"zh-Hans"},{"@type":"Organization","@id":"https:\/\/coolrooms.com\/palaciovillapanes\/#organization","name":"Palacio Villapanes","url":"https:\/\/coolrooms.com\/palaciovillapanes\/","logo":{"@type":"ImageObject","inLanguage":"zh-Hans","@id":"https:\/\/coolrooms.com\/palaciovillapanes\/#\/schema\/logo\/image\/","url":"https:\/\/coolrooms.com\/palaciovillapanes\/wp-content\/uploads\/sites\/7\/2022\/06\/logo-palacio-dark.png","contentUrl":"https:\/\/coolrooms.com\/palaciovillapanes\/wp-content\/uploads\/sites\/7\/2022\/06\/logo-palacio-dark.png","width":300,"height":233,"caption":"Palacio Villapanes"},"image":{"@id":"https:\/\/coolrooms.com\/palaciovillapanes\/#\/schema\/logo\/image\/"},"sameAs":["https:\/\/www.facebook.com\/palaciodevillapanes\/","https:\/\/www.instagram.com\/palaciovillapanes\/","https:\/\/www.linkedin.com\/company\/hotel-palacio-de-villapans"]}]}},"acf":[],"_links":{"self":[{"href":"https:\/\/coolrooms.com\/palaciovillapanes\/zh-hans\/wp-json\/wp\/v2\/pages\/6808","targetHints":{"allow":["GET"]}}],"collection":[{"href":"https:\/\/coolrooms.com\/palaciovillapanes\/zh-hans\/wp-json\/wp\/v2\/pages"}],"about":[{"href":"https:\/\/coolrooms.com\/palaciovillapanes\/zh-hans\/wp-json\/wp\/v2\/types\/page"}],"author":[{"embeddable":true,"href":"https:\/\/coolrooms.com\/palaciovillapanes\/zh-hans\/wp-json\/wp\/v2\/users\/13"}],"replies":[{"embeddable":true,"href":"https:\/\/coolrooms.com\/palaciovillapanes\/zh-hans\/wp-json\/wp\/v2\/comments?post=6808"}],"version-history":[{"count":3,"href":"https:\/\/coolrooms.com\/palaciovillapanes\/zh-hans\/wp-json\/wp\/v2\/pages\/6808\/revisions"}],"predecessor-version":[{"id":31953,"href":"https:\/\/coolrooms.com\/palaciovillapanes\/zh-hans\/wp-json\/wp\/v2\/pages\/6808\/revisions\/31953"}],"up":[{"embeddable":true,"href":"https:\/\/coolrooms.com\/palaciovillapanes\/zh-hans\/wp-json\/wp\/v2\/pages\/10361"}],"wp:attachment":[{"href":"https:\/\/coolrooms.com\/palaciovillapanes\/zh-hans\/wp-json\/wp\/v2\/media?parent=6808"}],"curies":[{"name":"wp","href":"https:\/\/api.w.org\/{rel}","templated":true}]}}