{"id":10376,"date":"2017-03-13T17:47:59","date_gmt":"2017-03-13T17:47:59","guid":{"rendered":"https:\/\/coolrooms.com\/palaciovillapanes\/?page_id=6849\/"},"modified":"2026-03-18T12:25:11","modified_gmt":"2026-03-18T12:25:11","slug":"%e5%ae%a2%e6%88%bf-deluxe","status":"publish","type":"page","link":"https:\/\/coolrooms.com\/palaciovillapanes\/zh-hans\/rooms\/%e5%ae%a2%e6%88%bf-deluxe\/","title":{"rendered":"\u5ba2\u623f Deluxe"},"content":{"rendered":"\t\t<div data-elementor-type=\"wp-page\" data-elementor-id=\"10376\" class=\"elementor elementor-10376 elementor-398\" data-elementor-post-type=\"page\">\n\t\t\t\t\t\t<section data-dce-background-image-url=\"https:\/\/coolrooms.com\/palaciovillapanes\/wp-content\/uploads\/sites\/7\/2017\/03\/habitacion-deluxe-sevilla.jpg\" class=\"elementor-section elementor-top-section elementor-element elementor-element-229eb3d1 elementor-section-height-min-height elementor-section-boxed elementor-section-height-default elementor-section-items-middle\" data-id=\"229eb3d1\" data-element_type=\"section\" data-e-type=\"section\" data-settings=\"{&quot;background_background&quot;:&quot;classic&quot;}\">\n\t\t\t\t\t\t\t<div class=\"elementor-background-overlay\"><\/div>\n\t\t\t\t\t\t\t<div class=\"elementor-container elementor-column-gap-default\">\n\t\t\t\t\t<div class=\"elementor-column elementor-col-100 elementor-top-column elementor-element elementor-element-32976702\" data-id=\"32976702\" data-element_type=\"column\" data-e-type=\"column\">\n\t\t\t<div class=\"elementor-widget-wrap elementor-element-populated\">\n\t\t\t\t\t\t<div class=\"elementor-element elementor-element-2b83373a elementor-widget elementor-widget-heading\" data-id=\"2b83373a\" data-element_type=\"widget\" data-e-type=\"widget\" data-widget_type=\"heading.default\">\n\t\t\t\t<div class=\"elementor-widget-container\">\n\t\t\t\t\t<h1 class=\"elementor-heading-title elementor-size-default\">DELUXE<\/h1>\t\t\t\t<\/div>\n\t\t\t\t<\/div>\n\t\t\t\t<div class=\"elementor-element elementor-element-307db4ef elementor-widget elementor-widget-heading\" data-id=\"307db4ef\" data-element_type=\"widget\" data-e-type=\"widget\" data-widget_type=\"heading.default\">\n\t\t\t\t<div class=\"elementor-widget-container\">\n\t\t\t\t\t<h2 class=\"elementor-heading-title elementor-size-default\">\u5ba2\u623f<\/h2>\t\t\t\t<\/div>\n\t\t\t\t<\/div>\n\t\t\t\t<div class=\"elementor-element elementor-element-69faeae9 elementor-align-center elementor-widget elementor-widget-button\" data-id=\"69faeae9\" data-element_type=\"widget\" data-e-type=\"widget\" data-widget_type=\"button.default\">\n\t\t\t\t<div class=\"elementor-widget-container\">\n\t\t\t\t\t\t\t\t\t<div class=\"elementor-button-wrapper\">\n\t\t\t\t\t<a class=\"elementor-button elementor-button-link elementor-size-lg\" href=\"\/palaciovillapanes\/zh-hans\/booking\/\" target=\"_blank\">\n\t\t\t\t\t\t<span class=\"elementor-button-content-wrapper\">\n\t\t\t\t\t\t\t\t\t<span class=\"elementor-button-text\">\u9884\u8ba2<\/span>\n\t\t\t\t\t<\/span>\n\t\t\t\t\t<\/a>\n\t\t\t\t<\/div>\n\t\t\t\t\t\t\t\t<\/div>\n\t\t\t\t<\/div>\n\t\t\t\t<div class=\"elementor-element elementor-element-75260e32 elementor-widget__width-auto elementor-fixed open-deluxe-360 dce_masking-none elementor-widget elementor-widget-image\" data-id=\"75260e32\" data-element_type=\"widget\" data-e-type=\"widget\" data-settings=\"{&quot;_position&quot;:&quot;fixed&quot;}\" data-widget_type=\"image.default\">\n\t\t\t\t<div class=\"elementor-widget-container\">\n\t\t\t\t\t\t\t\t\t\t\t\t\t\t\t<img decoding=\"async\" width=\"60\" height=\"60\" src=\"https:\/\/coolrooms.com\/palaciovillapanes\/wp-content\/uploads\/sites\/7\/2020\/04\/360.png\" class=\"attachment-full size-full wp-image-15440\" alt=\"\" srcset=\"https:\/\/coolrooms.com\/palaciovillapanes\/wp-content\/uploads\/sites\/7\/2020\/04\/360.png 60w, https:\/\/coolrooms.com\/palaciovillapanes\/wp-content\/uploads\/sites\/7\/2020\/04\/360-36x36.png 36w\" sizes=\"(max-width: 60px) 100vw, 60px\" \/>\t\t\t\t\t\t\t\t\t\t\t\t\t\t\t<\/div>\n\t\t\t\t<\/div>\n\t\t\t\t\t<\/div>\n\t\t<\/div>\n\t\t\t\t\t<\/div>\n\t\t<\/section>\n\t\t\t\t<section data-dce-background-image-url=\"https:\/\/coolrooms.com\/palaciovillapanes\/wp-content\/uploads\/sites\/7\/2017\/02\/background_1.jpg\" class=\"elementor-section elementor-top-section elementor-element elementor-element-607288b0 elementor-section-boxed elementor-section-height-default elementor-section-height-default\" data-id=\"607288b0\" data-element_type=\"section\" data-e-type=\"section\" data-settings=\"{&quot;background_background&quot;:&quot;classic&quot;}\">\n\t\t\t\t\t\t<div class=\"elementor-container elementor-column-gap-default\">\n\t\t\t\t\t<div class=\"elementor-column elementor-col-100 elementor-top-column elementor-element elementor-element-ef77833\" data-id=\"ef77833\" data-element_type=\"column\" data-e-type=\"column\">\n\t\t\t<div class=\"elementor-widget-wrap elementor-element-populated\">\n\t\t\t\t\t\t<div class=\"elementor-element elementor-element-7dc72846 elementor-widget__width-initial elementor-widget-mobile__width-inherit elementor-invisible elementor-widget elementor-widget-text-editor\" data-id=\"7dc72846\" data-element_type=\"widget\" data-e-type=\"widget\" data-settings=\"{&quot;_animation&quot;:&quot;fadeInLeft&quot;}\" data-widget_type=\"text-editor.default\">\n\t\t\t\t<div class=\"elementor-widget-container\">\n\t\t\t\t\t\t\t\t\t<h1>\u6ce8\u91cd\u7ec6\u8282<\/h1><p>\u8c6a\u534e\u5ba2\u623f\u5bbd\u655e\u7684\u7a7a\u95f4\uff0c\u7ec6\u8282\u5904\u7406\uff0c\u8ba9\u60a8\u5728\u6211\u4eec\u7684\u5bab\u6bbf\u5ba2\u623f\u4f53\u9a8c\u4eb2\u5bc6\u548c\u8212\u9002\uff1a\u5728\u975e\u51e1\u7684\u5e8a\u4e0a\u4f11\u606f\uff0c\u6c89\u6d78\u5728\u201c\u70ed\u5e26\u96e8\u201d\u7684\u6dcb\u6d74\uff0c\u4eab\u53d7\u83ab\u5c14\u987f\u5e03\u6717\u8bbe\u65bd<\/p>\t\t\t\t\t\t\t\t<\/div>\n\t\t\t\t<\/div>\n\t\t\t\t<div class=\"elementor-element elementor-element-369f81c0 elementor-widget__width-inherit elementor--h-position-center elementor--v-position-middle elementor-invisible elementor-widget elementor-widget-slides\" data-id=\"369f81c0\" data-element_type=\"widget\" data-e-type=\"widget\" data-settings=\"{&quot;navigation&quot;:&quot;none&quot;,&quot;transition&quot;:&quot;fade&quot;,&quot;_animation&quot;:&quot;fadeInRight&quot;,&quot;autoplay&quot;:&quot;yes&quot;,&quot;autoplay_speed&quot;:5000,&quot;infinite&quot;:&quot;yes&quot;,&quot;transition_speed&quot;:500}\" data-widget_type=\"slides.default\">\n\t\t\t\t<div class=\"elementor-widget-container\">\n\t\t\t\t\t\t\t\t\t<div class=\"elementor-swiper\">\n\t\t\t\t\t<div class=\"elementor-slides-wrapper elementor-main-swiper swiper\" role=\"region\" aria-roledescription=\"carousel\" aria-label=\"Slides\" dir=\"ltr\" data-animation=\"fadeInUp\">\n\t\t\t\t<div class=\"swiper-wrapper elementor-slides\">\n\t\t\t\t\t\t\t\t\t\t<div class=\"elementor-repeater-item-41cf1ce swiper-slide\" role=\"group\" aria-roledescription=\"slide\"><div class=\"swiper-slide-bg\" role=\"img\" aria-label=\"Amenities Molton Brown Villapanes\"><\/div><div class=\"swiper-slide-inner\" ><div class=\"swiper-slide-contents\"><\/div><\/div><\/div><div class=\"elementor-repeater-item-574df94 swiper-slide\" role=\"group\" aria-roledescription=\"slide\"><div class=\"swiper-slide-bg\" role=\"img\" aria-label=\"habitacion-deluxe-sevilla-1\"><\/div><div class=\"swiper-slide-inner\" ><div class=\"swiper-slide-contents\"><\/div><\/div><\/div><div class=\"elementor-repeater-item-65786ce swiper-slide\" role=\"group\" aria-roledescription=\"slide\"><div class=\"swiper-slide-bg\" role=\"img\" aria-label=\"habitacion-deluxe-sevilla-2\"><\/div><div class=\"swiper-slide-inner\" ><div class=\"swiper-slide-contents\"><\/div><\/div><\/div>\t\t\t\t<\/div>\n\t\t\t\t\t\t\t\t\t\t\t\t\t\t\t\t\t\t\t\t\t<\/div>\n\t\t\t\t<\/div>\n\t\t\t\t\t\t\t\t<\/div>\n\t\t\t\t<\/div>\n\t\t\t\t<div class=\"elementor-element elementor-element-76245b4b elementor-widget__width-initial elementor-widget-mobile__width-inherit elementor-invisible elementor-widget elementor-widget-text-editor\" data-id=\"76245b4b\" data-element_type=\"widget\" data-e-type=\"widget\" data-settings=\"{&quot;_animation&quot;:&quot;fadeInLeft&quot;}\" data-widget_type=\"text-editor.default\">\n\t\t\t\t<div class=\"elementor-widget-container\">\n\t\t\t\t\t\t\t\t\t<ul class=\"av-catalogue-list\"><li><div class=\"av-catalogue-item\"><div class=\"av-catalogue-item-inner\"><div class=\"av-catalogue-title-container\"><div class=\"av-catalogue-title\">\u89c4\u683c\uff1a<\/div><div class=\"av-catalogue-price\">\u00a0<\/div><\/div><div class=\"av-catalogue-content\"><ul><li>\u7535\u89c6Loewe<\/li><li>\u8bbe\u8ba1\u5e08\u5bb6\u5177<\/li><li>Molton Brown\u6d17\u6d74\u7528\u54c1<\/li><li>\u6d74\u8863<\/li><li>\u62d6\u978b<\/li><li>\u5439\u98ce\u673a<\/li><li>\u6dcb\u6d74\u67093\u79cd\u55b7\u5c04<\/li><li>25\u81f335\u5e73\u65b9\u7c73<\/li><\/ul><\/div><\/div><\/div><\/li><li><div class=\"av-catalogue-item\"><div class=\"av-catalogue-item-inner\"><div class=\"av-catalogue-title-container\"><div class=\"av-catalogue-title\">\u989d\u5916\u514d\u8d39\u5305\u62ec\u7684\uff1a<\/div><div class=\"av-catalogue-price\">\u00a0<\/div><\/div><div class=\"av-catalogue-content\"><ul><li>\u9152\u5e97\u5404\u5904\u5747\u63d0\u4f9b\u9ad8\u901f\u65e0\u7ebf\u7f51\u7edc\u8ff7\u4f60\u5427\u7684\u72ec\u5bb6\u4ea7\u54c1<\/li><li>\u8fdb\u5165\u6211\u4eec\u7684\u5065\u5eb7\u533a<\/li><li>\u56fd\u5185\u548c\u56fd\u9645\u65e5\u62a5<\/li><li>\u6bcf\u65e5\u64e6\u978b<\/li><li>\u6b22\u8fce\u996e\u6599<\/li><\/ul><p>\u6b64\u7c7b\u623f\u578b\u53ef\u4ee5\u52a0\u4e00\u5f20\u513f\u7ae5\u52a0\u5e8a\uff08\u89c6\u4f9b\u5e94\u60c5\u51b5\u800c\u5b9a\uff09\u3002<\/p><p>\u7a0e\u6536\u5305\u62ec10\uff05\u7684\u589e\u503c\u7a0e<\/p><\/div><\/div><\/div><\/li><\/ul>\t\t\t\t\t\t\t\t<\/div>\n\t\t\t\t<\/div>\n\t\t\t\t<section class=\"elementor-section elementor-inner-section elementor-element elementor-element-1b5aa5be elementor-section-boxed elementor-section-height-default elementor-section-height-default\" data-id=\"1b5aa5be\" data-element_type=\"section\" data-e-type=\"section\" data-settings=\"{&quot;background_background&quot;:&quot;classic&quot;}\">\n\t\t\t\t\t\t<div class=\"elementor-container elementor-column-gap-default\">\n\t\t\t\t\t<div class=\"elementor-column elementor-col-100 elementor-inner-column elementor-element elementor-element-65bca3c\" data-id=\"65bca3c\" data-element_type=\"column\" data-e-type=\"column\">\n\t\t\t<div class=\"elementor-widget-wrap elementor-element-populated\">\n\t\t\t\t\t\t<div class=\"elementor-element elementor-element-3fd81186 elementor-widget elementor-widget-text-editor\" data-id=\"3fd81186\" data-element_type=\"widget\" data-e-type=\"widget\" data-widget_type=\"text-editor.default\">\n\t\t\t\t<div class=\"elementor-widget-container\">\n\t\t\t\t\t\t\t\t\t<h2 class=\"av-special-heading-tag \"><a href=\"\/palaciovillapanes\/zh-hans\/booking\/\">\u5982\u679c\u60a8\u5728\u8fd9\u91cc\u9884\u8ba2\uff0c\u72ec\u5bb6\u4f18\u52bf\uff1a<\/a>:<\/h2>\t\t\t\t\t\t\t\t<\/div>\n\t\t\t\t<\/div>\n\t\t\t\t<div class=\"elementor-element elementor-element-13e8be02 dce_masking-none elementor-widget elementor-widget-image\" data-id=\"13e8be02\" data-element_type=\"widget\" data-e-type=\"widget\" data-widget_type=\"image.default\">\n\t\t\t\t<div class=\"elementor-widget-container\">\n\t\t\t\t\t\t\t\t\t\t\t\t\t\t\t<img decoding=\"async\" width=\"236\" height=\"36\" src=\"https:\/\/coolrooms.com\/palaciovillapanes\/wp-content\/uploads\/sites\/7\/2017\/03\/five-stars.png\" class=\"attachment-full size-full wp-image-13820\" alt=\"estrella Palacio Villapan\u00e9s\" \/>\t\t\t\t\t\t\t\t\t\t\t\t\t\t\t<\/div>\n\t\t\t\t<\/div>\n\t\t\t\t<div class=\"elementor-element elementor-element-72f7805e elementor-widget elementor-widget-text-editor\" data-id=\"72f7805e\" data-element_type=\"widget\" data-e-type=\"widget\" data-widget_type=\"text-editor.default\">\n\t\t\t\t<div class=\"elementor-widget-container\">\n\t\t\t\t\t\t\t\t\t<p>\u6700\u4f18\u60e0\u623f\u4ef7\u4fdd\u8bc1\/\u5b89\u5168\u9884\u8ba2<\/p><p>\u514d\u8d39\u53d6\u6d88<\/p>\t\t\t\t\t\t\t\t<\/div>\n\t\t\t\t<\/div>\n\t\t\t\t\t<\/div>\n\t\t<\/div>\n\t\t\t\t\t<\/div>\n\t\t<\/section>\n\t\t\t\t\t<\/div>\n\t\t<\/div>\n\t\t\t\t\t<\/div>\n\t\t<\/section>\n\t\t\t\t<\/div>\n\t\t","protected":false},"excerpt":{"rendered":"<p>DELUXE \u5ba2\u623f \u9884\u8ba2 \u6ce8\u91cd\u7ec6\u8282 \u8c6a\u534e\u5ba2\u623f\u5bbd\u655e\u7684\u7a7a\u95f4\uff0c\u7ec6\u8282\u5904\u7406\uff0c\u8ba9\u60a8\u5728\u6211\u4eec\u7684\u5bab\u6bbf\u5ba2\u623f\u4f53\u9a8c\u4eb2\u5bc6\u548c\u8212\u9002\uff1a\u5728\u975e\u51e1\u7684 [&hellip;]<\/p>\n","protected":false},"author":13,"featured_media":0,"parent":10361,"menu_order":0,"comment_status":"closed","ping_status":"closed","template":"","meta":{"_acf_changed":false,"footnotes":""},"class_list":["post-10376","page","type-page","status-publish","hentry"],"yoast_head":"<!-- This site is optimized with the Yoast SEO plugin v27.4 - https:\/\/yoast.com\/product\/yoast-seo-wordpress\/ -->\n<title>Habitaci\u00f3n Deluxe | Hotel Palacio Villapan\u00e9s Sevilla<\/title>\n<meta name=\"description\" content=\"Una habitaci\u00f3n deluxe amplia y di\u00e1fana de 30 metro cuadrados. Ventajas de reservar online: mejor precio garantizado y cancelaci\u00f3n gratuita.\" \/>\n<meta name=\"robots\" content=\"index, follow, max-snippet:-1, max-image-preview:large, max-video-preview:-1\" \/>\n<link rel=\"canonical\" href=\"https:\/\/coolrooms.com\/palaciovillapanes\/habitaciones\/habitacion-deluxe\/\" \/>\n<meta property=\"og:locale\" content=\"zh_CN\" \/>\n<meta property=\"og:type\" content=\"article\" \/>\n<meta property=\"og:title\" content=\"Habitaci\u00f3n Deluxe | Hotel Palacio Villapan\u00e9s Sevilla\" \/>\n<meta property=\"og:description\" content=\"Una habitaci\u00f3n deluxe amplia y di\u00e1fana de 30 metro cuadrados. Ventajas de reservar online: mejor precio garantizado y cancelaci\u00f3n gratuita.\" \/>\n<meta property=\"og:url\" content=\"https:\/\/coolrooms.com\/palaciovillapanes\/habitaciones\/habitacion-deluxe\/\" \/>\n<meta property=\"og:site_name\" content=\"Hotel CoolRooms Palacio Villapan\u00e9s Sevilla\" \/>\n<meta property=\"article:publisher\" content=\"https:\/\/www.facebook.com\/palaciodevillapanes\/\" \/>\n<meta property=\"article:modified_time\" content=\"2026-03-18T12:25:11+00:00\" \/>\n<meta property=\"og:image\" content=\"https:\/\/coolrooms.com\/palaciovillapanes\/wp-content\/uploads\/sites\/7\/2020\/04\/360.png\" \/>\n\t<meta property=\"og:image:width\" content=\"60\" \/>\n\t<meta property=\"og:image:height\" content=\"60\" \/>\n\t<meta property=\"og:image:type\" content=\"image\/png\" \/>\n<meta name=\"twitter:card\" content=\"summary_large_image\" \/>\n<meta name=\"twitter:label1\" content=\"\u9884\u8ba1\u9605\u8bfb\u65f6\u95f4\" \/>\n\t<meta name=\"twitter:data1\" content=\"1 \u5206\" \/>\n<script type=\"application\/ld+json\" class=\"yoast-schema-graph\">{\"@context\":\"https:\\\/\\\/schema.org\",\"@graph\":[{\"@type\":\"WebPage\",\"@id\":\"https:\\\/\\\/coolrooms.com\\\/palaciovillapanes\\\/habitaciones\\\/habitacion-deluxe\\\/\",\"url\":\"https:\\\/\\\/coolrooms.com\\\/palaciovillapanes\\\/habitaciones\\\/habitacion-deluxe\\\/\",\"name\":\"Habitaci\u00f3n Deluxe | Hotel Palacio Villapan\u00e9s Sevilla\",\"isPartOf\":{\"@id\":\"https:\\\/\\\/coolrooms.com\\\/palaciovillapanes\\\/#website\"},\"primaryImageOfPage\":{\"@id\":\"https:\\\/\\\/coolrooms.com\\\/palaciovillapanes\\\/habitaciones\\\/habitacion-deluxe\\\/#primaryimage\"},\"image\":{\"@id\":\"https:\\\/\\\/coolrooms.com\\\/palaciovillapanes\\\/habitaciones\\\/habitacion-deluxe\\\/#primaryimage\"},\"thumbnailUrl\":\"https:\\\/\\\/coolrooms.com\\\/palaciovillapanes\\\/wp-content\\\/uploads\\\/sites\\\/7\\\/2020\\\/04\\\/360.png\",\"datePublished\":\"2017-03-13T17:47:59+00:00\",\"dateModified\":\"2026-03-18T12:25:11+00:00\",\"description\":\"Una habitaci\u00f3n deluxe amplia y di\u00e1fana de 30 metro cuadrados. Ventajas de reservar online: mejor precio garantizado y cancelaci\u00f3n gratuita.\",\"breadcrumb\":{\"@id\":\"https:\\\/\\\/coolrooms.com\\\/palaciovillapanes\\\/habitaciones\\\/habitacion-deluxe\\\/#breadcrumb\"},\"inLanguage\":\"zh-Hans\",\"potentialAction\":[{\"@type\":\"ReadAction\",\"target\":[\"https:\\\/\\\/coolrooms.com\\\/palaciovillapanes\\\/habitaciones\\\/habitacion-deluxe\\\/\"]}]},{\"@type\":\"ImageObject\",\"inLanguage\":\"zh-Hans\",\"@id\":\"https:\\\/\\\/coolrooms.com\\\/palaciovillapanes\\\/habitaciones\\\/habitacion-deluxe\\\/#primaryimage\",\"url\":\"https:\\\/\\\/coolrooms.com\\\/palaciovillapanes\\\/wp-content\\\/uploads\\\/sites\\\/7\\\/2020\\\/04\\\/360.png\",\"contentUrl\":\"https:\\\/\\\/coolrooms.com\\\/palaciovillapanes\\\/wp-content\\\/uploads\\\/sites\\\/7\\\/2020\\\/04\\\/360.png\"},{\"@type\":\"BreadcrumbList\",\"@id\":\"https:\\\/\\\/coolrooms.com\\\/palaciovillapanes\\\/habitaciones\\\/habitacion-deluxe\\\/#breadcrumb\",\"itemListElement\":[{\"@type\":\"ListItem\",\"position\":1,\"name\":\"Portada\",\"item\":\"https:\\\/\\\/coolrooms.com\\\/palaciovillapanes\\\/\"},{\"@type\":\"ListItem\",\"position\":2,\"name\":\"\u5ba2\u623f\",\"item\":\"https:\\\/\\\/coolrooms.com\\\/palaciovillapanes\\\/habitaciones\\\/\"},{\"@type\":\"ListItem\",\"position\":3,\"name\":\"\u5ba2\u623f Deluxe\"}]},{\"@type\":\"WebSite\",\"@id\":\"https:\\\/\\\/coolrooms.com\\\/palaciovillapanes\\\/#website\",\"url\":\"https:\\\/\\\/coolrooms.com\\\/palaciovillapanes\\\/\",\"name\":\"Hotel Palacio Villapan\u00e9s Sevilla\",\"description\":\"CoolRooms |\u00a0El lujo de dormir en un Palacio\",\"publisher\":{\"@id\":\"https:\\\/\\\/coolrooms.com\\\/palaciovillapanes\\\/#organization\"},\"potentialAction\":[{\"@type\":\"SearchAction\",\"target\":{\"@type\":\"EntryPoint\",\"urlTemplate\":\"https:\\\/\\\/coolrooms.com\\\/palaciovillapanes\\\/?s={search_term_string}\"},\"query-input\":{\"@type\":\"PropertyValueSpecification\",\"valueRequired\":true,\"valueName\":\"search_term_string\"}}],\"inLanguage\":\"zh-Hans\"},{\"@type\":\"Organization\",\"@id\":\"https:\\\/\\\/coolrooms.com\\\/palaciovillapanes\\\/#organization\",\"name\":\"Palacio Villapanes\",\"url\":\"https:\\\/\\\/coolrooms.com\\\/palaciovillapanes\\\/\",\"logo\":{\"@type\":\"ImageObject\",\"inLanguage\":\"zh-Hans\",\"@id\":\"https:\\\/\\\/coolrooms.com\\\/palaciovillapanes\\\/#\\\/schema\\\/logo\\\/image\\\/\",\"url\":\"https:\\\/\\\/coolrooms.com\\\/palaciovillapanes\\\/wp-content\\\/uploads\\\/sites\\\/7\\\/2022\\\/06\\\/logo-palacio-dark.png\",\"contentUrl\":\"https:\\\/\\\/coolrooms.com\\\/palaciovillapanes\\\/wp-content\\\/uploads\\\/sites\\\/7\\\/2022\\\/06\\\/logo-palacio-dark.png\",\"width\":300,\"height\":233,\"caption\":\"Palacio Villapanes\"},\"image\":{\"@id\":\"https:\\\/\\\/coolrooms.com\\\/palaciovillapanes\\\/#\\\/schema\\\/logo\\\/image\\\/\"},\"sameAs\":[\"https:\\\/\\\/www.facebook.com\\\/palaciodevillapanes\\\/\",\"https:\\\/\\\/www.instagram.com\\\/palaciovillapanes\\\/\",\"https:\\\/\\\/www.linkedin.com\\\/company\\\/hotel-palacio-de-villapans\"]}]}<\/script>\n<!-- \/ Yoast SEO plugin. -->","yoast_head_json":{"title":"Habitaci\u00f3n Deluxe | Hotel Palacio Villapan\u00e9s Sevilla","description":"Una habitaci\u00f3n deluxe amplia y di\u00e1fana de 30 metro cuadrados. Ventajas de reservar online: mejor precio garantizado y cancelaci\u00f3n gratuita.","robots":{"index":"index","follow":"follow","max-snippet":"max-snippet:-1","max-image-preview":"max-image-preview:large","max-video-preview":"max-video-preview:-1"},"canonical":"https:\/\/coolrooms.com\/palaciovillapanes\/habitaciones\/habitacion-deluxe\/","og_locale":"zh_CN","og_type":"article","og_title":"Habitaci\u00f3n Deluxe | Hotel Palacio Villapan\u00e9s Sevilla","og_description":"Una habitaci\u00f3n deluxe amplia y di\u00e1fana de 30 metro cuadrados. Ventajas de reservar online: mejor precio garantizado y cancelaci\u00f3n gratuita.","og_url":"https:\/\/coolrooms.com\/palaciovillapanes\/habitaciones\/habitacion-deluxe\/","og_site_name":"Hotel CoolRooms Palacio Villapan\u00e9s Sevilla","article_publisher":"https:\/\/www.facebook.com\/palaciodevillapanes\/","article_modified_time":"2026-03-18T12:25:11+00:00","og_image":[{"width":60,"height":60,"url":"https:\/\/coolrooms.com\/palaciovillapanes\/wp-content\/uploads\/sites\/7\/2020\/04\/360.png","type":"image\/png"}],"twitter_card":"summary_large_image","twitter_misc":{"\u9884\u8ba1\u9605\u8bfb\u65f6\u95f4":"1 \u5206"},"schema":{"@context":"https:\/\/schema.org","@graph":[{"@type":"WebPage","@id":"https:\/\/coolrooms.com\/palaciovillapanes\/habitaciones\/habitacion-deluxe\/","url":"https:\/\/coolrooms.com\/palaciovillapanes\/habitaciones\/habitacion-deluxe\/","name":"Habitaci\u00f3n Deluxe | Hotel Palacio Villapan\u00e9s Sevilla","isPartOf":{"@id":"https:\/\/coolrooms.com\/palaciovillapanes\/#website"},"primaryImageOfPage":{"@id":"https:\/\/coolrooms.com\/palaciovillapanes\/habitaciones\/habitacion-deluxe\/#primaryimage"},"image":{"@id":"https:\/\/coolrooms.com\/palaciovillapanes\/habitaciones\/habitacion-deluxe\/#primaryimage"},"thumbnailUrl":"https:\/\/coolrooms.com\/palaciovillapanes\/wp-content\/uploads\/sites\/7\/2020\/04\/360.png","datePublished":"2017-03-13T17:47:59+00:00","dateModified":"2026-03-18T12:25:11+00:00","description":"Una habitaci\u00f3n deluxe amplia y di\u00e1fana de 30 metro cuadrados. Ventajas de reservar online: mejor precio garantizado y cancelaci\u00f3n gratuita.","breadcrumb":{"@id":"https:\/\/coolrooms.com\/palaciovillapanes\/habitaciones\/habitacion-deluxe\/#breadcrumb"},"inLanguage":"zh-Hans","potentialAction":[{"@type":"ReadAction","target":["https:\/\/coolrooms.com\/palaciovillapanes\/habitaciones\/habitacion-deluxe\/"]}]},{"@type":"ImageObject","inLanguage":"zh-Hans","@id":"https:\/\/coolrooms.com\/palaciovillapanes\/habitaciones\/habitacion-deluxe\/#primaryimage","url":"https:\/\/coolrooms.com\/palaciovillapanes\/wp-content\/uploads\/sites\/7\/2020\/04\/360.png","contentUrl":"https:\/\/coolrooms.com\/palaciovillapanes\/wp-content\/uploads\/sites\/7\/2020\/04\/360.png"},{"@type":"BreadcrumbList","@id":"https:\/\/coolrooms.com\/palaciovillapanes\/habitaciones\/habitacion-deluxe\/#breadcrumb","itemListElement":[{"@type":"ListItem","position":1,"name":"Portada","item":"https:\/\/coolrooms.com\/palaciovillapanes\/"},{"@type":"ListItem","position":2,"name":"\u5ba2\u623f","item":"https:\/\/coolrooms.com\/palaciovillapanes\/habitaciones\/"},{"@type":"ListItem","position":3,"name":"\u5ba2\u623f Deluxe"}]},{"@type":"WebSite","@id":"https:\/\/coolrooms.com\/palaciovillapanes\/#website","url":"https:\/\/coolrooms.com\/palaciovillapanes\/","name":"Hotel Palacio Villapan\u00e9s Sevilla","description":"CoolRooms |\u00a0El lujo de dormir en un Palacio","publisher":{"@id":"https:\/\/coolrooms.com\/palaciovillapanes\/#organization"},"potentialAction":[{"@type":"SearchAction","target":{"@type":"EntryPoint","urlTemplate":"https:\/\/coolrooms.com\/palaciovillapanes\/?s={search_term_string}"},"query-input":{"@type":"PropertyValueSpecification","valueRequired":true,"valueName":"search_term_string"}}],"inLanguage":"zh-Hans"},{"@type":"Organization","@id":"https:\/\/coolrooms.com\/palaciovillapanes\/#organization","name":"Palacio Villapanes","url":"https:\/\/coolrooms.com\/palaciovillapanes\/","logo":{"@type":"ImageObject","inLanguage":"zh-Hans","@id":"https:\/\/coolrooms.com\/palaciovillapanes\/#\/schema\/logo\/image\/","url":"https:\/\/coolrooms.com\/palaciovillapanes\/wp-content\/uploads\/sites\/7\/2022\/06\/logo-palacio-dark.png","contentUrl":"https:\/\/coolrooms.com\/palaciovillapanes\/wp-content\/uploads\/sites\/7\/2022\/06\/logo-palacio-dark.png","width":300,"height":233,"caption":"Palacio Villapanes"},"image":{"@id":"https:\/\/coolrooms.com\/palaciovillapanes\/#\/schema\/logo\/image\/"},"sameAs":["https:\/\/www.facebook.com\/palaciodevillapanes\/","https:\/\/www.instagram.com\/palaciovillapanes\/","https:\/\/www.linkedin.com\/company\/hotel-palacio-de-villapans"]}]}},"acf":[],"_links":{"self":[{"href":"https:\/\/coolrooms.com\/palaciovillapanes\/zh-hans\/wp-json\/wp\/v2\/pages\/10376","targetHints":{"allow":["GET"]}}],"collection":[{"href":"https:\/\/coolrooms.com\/palaciovillapanes\/zh-hans\/wp-json\/wp\/v2\/pages"}],"about":[{"href":"https:\/\/coolrooms.com\/palaciovillapanes\/zh-hans\/wp-json\/wp\/v2\/types\/page"}],"author":[{"embeddable":true,"href":"https:\/\/coolrooms.com\/palaciovillapanes\/zh-hans\/wp-json\/wp\/v2\/users\/13"}],"replies":[{"embeddable":true,"href":"https:\/\/coolrooms.com\/palaciovillapanes\/zh-hans\/wp-json\/wp\/v2\/comments?post=10376"}],"version-history":[{"count":3,"href":"https:\/\/coolrooms.com\/palaciovillapanes\/zh-hans\/wp-json\/wp\/v2\/pages\/10376\/revisions"}],"predecessor-version":[{"id":31959,"href":"https:\/\/coolrooms.com\/palaciovillapanes\/zh-hans\/wp-json\/wp\/v2\/pages\/10376\/revisions\/31959"}],"up":[{"embeddable":true,"href":"https:\/\/coolrooms.com\/palaciovillapanes\/zh-hans\/wp-json\/wp\/v2\/pages\/10361"}],"wp:attachment":[{"href":"https:\/\/coolrooms.com\/palaciovillapanes\/zh-hans\/wp-json\/wp\/v2\/media?parent=10376"}],"curies":[{"name":"wp","href":"https:\/\/api.w.org\/{rel}","templated":true}]}}