{"id":10362,"date":"2017-03-10T10:04:25","date_gmt":"2017-03-10T10:04:25","guid":{"rendered":"https:\/\/coolrooms.com\/palaciovillapanes\/servicios\/"},"modified":"2023-09-04T11:13:10","modified_gmt":"2023-09-04T11:13:10","slug":"servicios","status":"publish","type":"page","link":"https:\/\/coolrooms.com\/palaciovillapanes\/zh-hans\/servicios\/","title":{"rendered":"\u670d\u52a1"},"content":{"rendered":"\t\t<div data-elementor-type=\"wp-page\" data-elementor-id=\"10362\" class=\"elementor elementor-10362 elementor-10359\" data-elementor-post-type=\"page\">\n\t\t\t\t\t\t<section data-dce-background-image-url=\"https:\/\/coolrooms.com\/palaciovillapanes\/wp-content\/uploads\/sites\/7\/2017\/03\/servicios-palaciovillapanes-molton-brown.png\" class=\"elementor-section elementor-top-section elementor-element elementor-element-023ed76 elementor-section-height-min-height elementor-section-boxed elementor-section-height-default elementor-section-items-middle\" data-id=\"023ed76\" data-element_type=\"section\" data-e-type=\"section\" data-settings=\"{&quot;background_background&quot;:&quot;classic&quot;}\">\n\t\t\t\t\t\t\t<div class=\"elementor-background-overlay\"><\/div>\n\t\t\t\t\t\t\t<div class=\"elementor-container elementor-column-gap-default\">\n\t\t\t\t\t<div class=\"elementor-column elementor-col-100 elementor-top-column elementor-element elementor-element-aafe80f\" data-id=\"aafe80f\" data-element_type=\"column\" data-e-type=\"column\">\n\t\t\t<div class=\"elementor-widget-wrap elementor-element-populated\">\n\t\t\t\t\t\t<div class=\"elementor-element elementor-element-5883b2e elementor-widget elementor-widget-heading\" data-id=\"5883b2e\" data-element_type=\"widget\" data-e-type=\"widget\" data-widget_type=\"heading.default\">\n\t\t\t\t<div class=\"elementor-widget-container\">\n\t\t\t\t\t<h1 class=\"elementor-heading-title elementor-size-default\">\u670d\u52a1<\/h1>\t\t\t\t<\/div>\n\t\t\t\t<\/div>\n\t\t\t\t<div class=\"elementor-element elementor-element-089339b elementor-widget elementor-widget-heading\" data-id=\"089339b\" data-element_type=\"widget\" data-e-type=\"widget\" data-widget_type=\"heading.default\">\n\t\t\t\t<div class=\"elementor-widget-container\">\n\t\t\t\t\t<h2 class=\"elementor-heading-title elementor-size-default\">\u63d0\u4f9b\u5404\u79cd\u72ec\u7279\u548c\u4e2a\u6027\u5316\u7684\u670d\u52a1\uff0c\u8ba9\u60a8\u4f53\u9a8c\u96be\u5fd8\u4f4f\u5bbf\u7ecf\u5386\u3002<\/h2>\t\t\t\t<\/div>\n\t\t\t\t<\/div>\n\t\t\t\t<div class=\"elementor-element elementor-element-dea12fe elementor-align-center elementor-widget elementor-widget-button\" data-id=\"dea12fe\" data-element_type=\"widget\" data-e-type=\"widget\" data-widget_type=\"button.default\">\n\t\t\t\t<div class=\"elementor-widget-container\">\n\t\t\t\t\t\t\t\t\t<div class=\"elementor-button-wrapper\">\n\t\t\t\t\t<a class=\"elementor-button elementor-button-link elementor-size-lg\" href=\"https:\/\/coolrooms.com\/palaciovillapanes\/wp-content\/uploads\/sites\/7\/2022\/08\/ROOM-SERVICE-MENU-2022-COOLROOMS-PALACIO-DE-VILLAPANES-1.pdf\" target=\"_blank\">\n\t\t\t\t\t\t<span class=\"elementor-button-content-wrapper\">\n\t\t\t\t\t\t\t\t\t<span class=\"elementor-button-text\">ROOM SERVICE 24H<\/span>\n\t\t\t\t\t<\/span>\n\t\t\t\t\t<\/a>\n\t\t\t\t<\/div>\n\t\t\t\t\t\t\t\t<\/div>\n\t\t\t\t<\/div>\n\t\t\t\t\t<\/div>\n\t\t<\/div>\n\t\t\t\t\t<\/div>\n\t\t<\/section>\n\t\t\t\t<section class=\"elementor-section elementor-top-section elementor-element elementor-element-84037f0 elementor-section-full_width elementor-section-height-default elementor-section-height-default\" data-id=\"84037f0\" data-element_type=\"section\" data-e-type=\"section\">\n\t\t\t\t\t\t<div class=\"elementor-container elementor-column-gap-default\">\n\t\t\t\t\t<div data-dce-background-image-url=\"https:\/\/coolrooms.com\/palaciovillapanes\/wp-content\/uploads\/sites\/7\/2017\/03\/room-sevilla.jpg\" class=\"elementor-column elementor-col-33 elementor-top-column elementor-element elementor-element-7beaa0d elementor-hidden-tablet elementor-hidden-mobile\" data-id=\"7beaa0d\" data-element_type=\"column\" data-e-type=\"column\" data-settings=\"{&quot;background_background&quot;:&quot;classic&quot;}\">\n\t\t\t<div class=\"elementor-widget-wrap\">\n\t\t\t\t\t\t\t<\/div>\n\t\t<\/div>\n\t\t\t\t<div data-dce-background-image-url=\"https:\/\/coolrooms.com\/palaciovillapanes\/wp-content\/uploads\/sites\/7\/2017\/02\/background_1.jpg\" class=\"elementor-column elementor-col-66 elementor-top-column elementor-element elementor-element-520277f\" data-id=\"520277f\" data-element_type=\"column\" data-e-type=\"column\" data-settings=\"{&quot;background_background&quot;:&quot;classic&quot;}\">\n\t\t\t<div class=\"elementor-widget-wrap elementor-element-populated\">\n\t\t\t\t\t\t<div class=\"elementor-element elementor-element-9d7ed81 elementor-widget elementor-widget-heading\" data-id=\"9d7ed81\" data-element_type=\"widget\" data-e-type=\"widget\" data-widget_type=\"heading.default\">\n\t\t\t\t<div class=\"elementor-widget-container\">\n\t\t\t\t\t<h4 class=\"elementor-heading-title elementor-size-default\">\u9152\u5e97\u7684\u670d\u52a1<\/h4>\t\t\t\t<\/div>\n\t\t\t\t<\/div>\n\t\t\t\t<div class=\"elementor-element elementor-element-2e12a9f elementor-widget__width-initial elementor-widget-mobile__width-inherit elementor-invisible elementor-widget elementor-widget-text-editor\" data-id=\"2e12a9f\" data-element_type=\"widget\" data-e-type=\"widget\" data-settings=\"{&quot;_animation&quot;:&quot;fadeInLeft&quot;}\" data-widget_type=\"text-editor.default\">\n\t\t\t\t<div class=\"elementor-widget-container\">\n\t\t\t\t\t\t\t\t\t<p>\u6211\u4eec\u7684\u9152\u5e97\u5728\u60a8\u7684\u4f4f\u5bbf\u671f\u95f4\u4e3a\u60a8\u63d0\u4f9b\u6700\u9ad8\u54c1\u8d28\uff0c\u4e3a\u60a8\u63d0\u4f9b\u5404\u79cd\u670d\u52a1\uff0c\u8ba9\u60a8\u4eab\u53d7\u6240\u6709\u7684\u8212\u9002\uff1a<\/p><ul><li><a href=\"https:\/\/palaciovillapanes.com\/en\/room-service\/\">24\u5c0f\u65f6\u5ba2\u623f\u670d\u52a1<\/a><\/li><li>\u7535\u68af<\/li><li>\u533b\u7597\u63f4\u52a9<\/li><li>\u5496\u5561\u5427<\/li><li>\u793c\u5bbe\u670d\u52a1\uff08\u5f53\u5730\u6d3b\u52a8\uff0c\u72ec\u5bb6\u6587\u5316\u53c2\u89c2\uff0c\u77ed\u9014\u65c5\u884c\u2026\uff09<\/li><li>\u7279\u6b8a\u996e\u98df\uff08\u7d20\u98df\uff0c\u8179\u8154\u7b49\u2026\uff09<\/li><li>\u884c\u674e\u5bc4\u5b58<\/li><li>\u4ed8\u8d39\u505c\u8f66<\/li><li>\u642c\u8fd0\u5de5<\/li><li>24\u5c0f\u65f6\u63a5\u5f85<\/li><li><a href=\"https:\/\/palaciovillapanes.com\/zh-hans\/restaurant\/\">\u9910\u5385<\/a><\/li><\/ul>\t\t\t\t\t\t\t\t<\/div>\n\t\t\t\t<\/div>\n\t\t\t\t<div class=\"elementor-element elementor-element-a4d1aef elementor-invisible elementor-widget elementor-widget-text-editor\" data-id=\"a4d1aef\" data-element_type=\"widget\" data-e-type=\"widget\" data-settings=\"{&quot;_animation&quot;:&quot;fadeInRight&quot;}\" data-widget_type=\"text-editor.default\">\n\t\t\t\t<div class=\"elementor-widget-container\">\n\t\t\t\t\t\t\t\t\t<ul><li>\u4f1a\u8bae\u5ba4<\/li><li>\u4ee3\u5ba2\u6cca\u8f66<\/li><li>\u51fa\u79df\u8f66\u670d\u52a1<\/li><li>\u5065\u5eb7\u533a\uff08\u5065\u8eab\u623f\uff0c\u6851\u62ff\u6d74\u5ba4\uff0c\u571f\u8033\u5176\u6d74\u5ba4\uff0c\u6309\u6469\uff0c\u7f8e\u5bb9\u62a4\u7406\u7b49\u2026<\/li><li>\u4fdd\u59c6\u670d\u52a1<\/li><li>\u6d17\u8863\u5e97<\/li><li>\u673a\u573a\u63a5\u9001<\/li><li>\u76f4\u62e8\u7535\u8bdd<\/li><\/ul><p>\u514d\u8d39\u7684\u9152\u5e97\u670d\u52a1\uff1a<\/p><ul><li>\u5ba2\u623f\u548c\u516c\u5171\u533a\u57df\u63d0\u4f9bWiFi<\/li><li>\u56fd\u5185\u548c\u56fd\u9645\u5a92\u4f53\u62a5\u7eb8\u6742\u5fd7<\/li><li>\u64e6\u978b<\/li><\/ul>\t\t\t\t\t\t\t\t<\/div>\n\t\t\t\t<\/div>\n\t\t\t\t\t<\/div>\n\t\t<\/div>\n\t\t\t\t\t<\/div>\n\t\t<\/section>\n\t\t\t\t<\/div>\n\t\t","protected":false},"excerpt":{"rendered":"<p>\u670d\u52a1 \u63d0\u4f9b\u5404\u79cd\u72ec\u7279\u548c\u4e2a\u6027\u5316\u7684\u670d\u52a1\uff0c\u8ba9\u60a8\u4f53\u9a8c\u96be\u5fd8\u4f4f\u5bbf\u7ecf\u5386\u3002 ROOM SERVICE 24H \u9152\u5e97\u7684\u670d\u52a1 \u6211\u4eec\u7684 [&hellip;]<\/p>\n","protected":false},"author":13,"featured_media":0,"parent":0,"menu_order":0,"comment_status":"closed","ping_status":"closed","template":"","meta":{"_acf_changed":false,"footnotes":""},"class_list":["post-10362","page","type-page","status-publish","hentry"],"yoast_head":"<!-- This site is optimized with the Yoast SEO plugin v27.4 - https:\/\/yoast.com\/product\/yoast-seo-wordpress\/ -->\n<title>Servicios | Hotel Palacio Villapan\u00e9s Sevilla<\/title>\n<meta name=\"description\" content=\"En Hotel Palacio Villapan\u00e9s Sevilla ponemos a tu disposici\u00f3n una gama de servicios exclusivos para convertir tu estancia en una experiencia inolvidable.\" \/>\n<meta name=\"robots\" content=\"index, follow, max-snippet:-1, max-image-preview:large, max-video-preview:-1\" \/>\n<link rel=\"canonical\" href=\"https:\/\/coolrooms.com\/palaciovillapanes\/zh-hans\/servicios\/\" \/>\n<meta property=\"og:locale\" content=\"zh_CN\" \/>\n<meta property=\"og:type\" content=\"article\" \/>\n<meta property=\"og:title\" content=\"Servicios | Hotel Palacio Villapan\u00e9s Sevilla\" \/>\n<meta property=\"og:description\" content=\"En Hotel Palacio Villapan\u00e9s Sevilla ponemos a tu disposici\u00f3n una gama de servicios exclusivos para convertir tu estancia en una experiencia inolvidable.\" \/>\n<meta property=\"og:url\" content=\"https:\/\/coolrooms.com\/palaciovillapanes\/zh-hans\/servicios\/\" \/>\n<meta property=\"og:site_name\" content=\"Hotel CoolRooms Palacio Villapan\u00e9s Sevilla\" \/>\n<meta property=\"article:publisher\" content=\"https:\/\/www.facebook.com\/palaciodevillapanes\/\" \/>\n<meta property=\"article:modified_time\" content=\"2023-09-04T11:13:10+00:00\" \/>\n<meta property=\"og:image\" content=\"https:\/\/coolrooms.com\/palaciovillapanes\/wp-content\/uploads\/sites\/7\/2017\/06\/logo-palacio.jpg\" \/>\n\t<meta property=\"og:image:width\" content=\"4001\" \/>\n\t<meta property=\"og:image:height\" content=\"2251\" \/>\n\t<meta property=\"og:image:type\" content=\"image\/png\" \/>\n<meta name=\"twitter:card\" content=\"summary_large_image\" \/>\n<meta name=\"twitter:label1\" content=\"\u9884\u8ba1\u9605\u8bfb\u65f6\u95f4\" \/>\n\t<meta name=\"twitter:data1\" content=\"1 \u5206\" \/>\n<script type=\"application\/ld+json\" class=\"yoast-schema-graph\">{\"@context\":\"https:\\\/\\\/schema.org\",\"@graph\":[{\"@type\":\"WebPage\",\"@id\":\"https:\\\/\\\/coolrooms.com\\\/palaciovillapanes\\\/zh-hans\\\/servicios\\\/\",\"url\":\"https:\\\/\\\/coolrooms.com\\\/palaciovillapanes\\\/zh-hans\\\/servicios\\\/\",\"name\":\"Servicios | Hotel Palacio Villapan\u00e9s Sevilla\",\"isPartOf\":{\"@id\":\"https:\\\/\\\/coolrooms.com\\\/palaciovillapanes\\\/#website\"},\"datePublished\":\"2017-03-10T10:04:25+00:00\",\"dateModified\":\"2023-09-04T11:13:10+00:00\",\"description\":\"En Hotel Palacio Villapan\u00e9s Sevilla ponemos a tu disposici\u00f3n una gama de servicios exclusivos para convertir tu estancia en una experiencia inolvidable.\",\"breadcrumb\":{\"@id\":\"https:\\\/\\\/coolrooms.com\\\/palaciovillapanes\\\/zh-hans\\\/servicios\\\/#breadcrumb\"},\"inLanguage\":\"zh-Hans\",\"potentialAction\":[{\"@type\":\"ReadAction\",\"target\":[\"https:\\\/\\\/coolrooms.com\\\/palaciovillapanes\\\/zh-hans\\\/servicios\\\/\"]}]},{\"@type\":\"BreadcrumbList\",\"@id\":\"https:\\\/\\\/coolrooms.com\\\/palaciovillapanes\\\/zh-hans\\\/servicios\\\/#breadcrumb\",\"itemListElement\":[{\"@type\":\"ListItem\",\"position\":1,\"name\":\"Portada\",\"item\":\"https:\\\/\\\/coolrooms.com\\\/palaciovillapanes\\\/\"},{\"@type\":\"ListItem\",\"position\":2,\"name\":\"\u670d\u52a1\"}]},{\"@type\":\"WebSite\",\"@id\":\"https:\\\/\\\/coolrooms.com\\\/palaciovillapanes\\\/#website\",\"url\":\"https:\\\/\\\/coolrooms.com\\\/palaciovillapanes\\\/\",\"name\":\"Hotel Palacio Villapan\u00e9s Sevilla\",\"description\":\"CoolRooms |\u00a0El lujo de dormir en un Palacio\",\"publisher\":{\"@id\":\"https:\\\/\\\/coolrooms.com\\\/palaciovillapanes\\\/#organization\"},\"potentialAction\":[{\"@type\":\"SearchAction\",\"target\":{\"@type\":\"EntryPoint\",\"urlTemplate\":\"https:\\\/\\\/coolrooms.com\\\/palaciovillapanes\\\/?s={search_term_string}\"},\"query-input\":{\"@type\":\"PropertyValueSpecification\",\"valueRequired\":true,\"valueName\":\"search_term_string\"}}],\"inLanguage\":\"zh-Hans\"},{\"@type\":\"Organization\",\"@id\":\"https:\\\/\\\/coolrooms.com\\\/palaciovillapanes\\\/#organization\",\"name\":\"Palacio Villapanes\",\"url\":\"https:\\\/\\\/coolrooms.com\\\/palaciovillapanes\\\/\",\"logo\":{\"@type\":\"ImageObject\",\"inLanguage\":\"zh-Hans\",\"@id\":\"https:\\\/\\\/coolrooms.com\\\/palaciovillapanes\\\/#\\\/schema\\\/logo\\\/image\\\/\",\"url\":\"https:\\\/\\\/coolrooms.com\\\/palaciovillapanes\\\/wp-content\\\/uploads\\\/sites\\\/7\\\/2022\\\/06\\\/logo-palacio-dark.png\",\"contentUrl\":\"https:\\\/\\\/coolrooms.com\\\/palaciovillapanes\\\/wp-content\\\/uploads\\\/sites\\\/7\\\/2022\\\/06\\\/logo-palacio-dark.png\",\"width\":300,\"height\":233,\"caption\":\"Palacio Villapanes\"},\"image\":{\"@id\":\"https:\\\/\\\/coolrooms.com\\\/palaciovillapanes\\\/#\\\/schema\\\/logo\\\/image\\\/\"},\"sameAs\":[\"https:\\\/\\\/www.facebook.com\\\/palaciodevillapanes\\\/\",\"https:\\\/\\\/www.instagram.com\\\/palaciovillapanes\\\/\",\"https:\\\/\\\/www.linkedin.com\\\/company\\\/hotel-palacio-de-villapans\"]}]}<\/script>\n<!-- \/ Yoast SEO plugin. -->","yoast_head_json":{"title":"Servicios | Hotel Palacio Villapan\u00e9s Sevilla","description":"En Hotel Palacio Villapan\u00e9s Sevilla ponemos a tu disposici\u00f3n una gama de servicios exclusivos para convertir tu estancia en una experiencia inolvidable.","robots":{"index":"index","follow":"follow","max-snippet":"max-snippet:-1","max-image-preview":"max-image-preview:large","max-video-preview":"max-video-preview:-1"},"canonical":"https:\/\/coolrooms.com\/palaciovillapanes\/zh-hans\/servicios\/","og_locale":"zh_CN","og_type":"article","og_title":"Servicios | Hotel Palacio Villapan\u00e9s Sevilla","og_description":"En Hotel Palacio Villapan\u00e9s Sevilla ponemos a tu disposici\u00f3n una gama de servicios exclusivos para convertir tu estancia en una experiencia inolvidable.","og_url":"https:\/\/coolrooms.com\/palaciovillapanes\/zh-hans\/servicios\/","og_site_name":"Hotel CoolRooms Palacio Villapan\u00e9s Sevilla","article_publisher":"https:\/\/www.facebook.com\/palaciodevillapanes\/","article_modified_time":"2023-09-04T11:13:10+00:00","og_image":[{"width":4001,"height":2251,"url":"https:\/\/coolrooms.com\/palaciovillapanes\/wp-content\/uploads\/sites\/7\/2017\/06\/logo-palacio.jpg","type":"image\/png"}],"twitter_card":"summary_large_image","twitter_misc":{"\u9884\u8ba1\u9605\u8bfb\u65f6\u95f4":"1 \u5206"},"schema":{"@context":"https:\/\/schema.org","@graph":[{"@type":"WebPage","@id":"https:\/\/coolrooms.com\/palaciovillapanes\/zh-hans\/servicios\/","url":"https:\/\/coolrooms.com\/palaciovillapanes\/zh-hans\/servicios\/","name":"Servicios | Hotel Palacio Villapan\u00e9s Sevilla","isPartOf":{"@id":"https:\/\/coolrooms.com\/palaciovillapanes\/#website"},"datePublished":"2017-03-10T10:04:25+00:00","dateModified":"2023-09-04T11:13:10+00:00","description":"En Hotel Palacio Villapan\u00e9s Sevilla ponemos a tu disposici\u00f3n una gama de servicios exclusivos para convertir tu estancia en una experiencia inolvidable.","breadcrumb":{"@id":"https:\/\/coolrooms.com\/palaciovillapanes\/zh-hans\/servicios\/#breadcrumb"},"inLanguage":"zh-Hans","potentialAction":[{"@type":"ReadAction","target":["https:\/\/coolrooms.com\/palaciovillapanes\/zh-hans\/servicios\/"]}]},{"@type":"BreadcrumbList","@id":"https:\/\/coolrooms.com\/palaciovillapanes\/zh-hans\/servicios\/#breadcrumb","itemListElement":[{"@type":"ListItem","position":1,"name":"Portada","item":"https:\/\/coolrooms.com\/palaciovillapanes\/"},{"@type":"ListItem","position":2,"name":"\u670d\u52a1"}]},{"@type":"WebSite","@id":"https:\/\/coolrooms.com\/palaciovillapanes\/#website","url":"https:\/\/coolrooms.com\/palaciovillapanes\/","name":"Hotel Palacio Villapan\u00e9s Sevilla","description":"CoolRooms |\u00a0El lujo de dormir en un Palacio","publisher":{"@id":"https:\/\/coolrooms.com\/palaciovillapanes\/#organization"},"potentialAction":[{"@type":"SearchAction","target":{"@type":"EntryPoint","urlTemplate":"https:\/\/coolrooms.com\/palaciovillapanes\/?s={search_term_string}"},"query-input":{"@type":"PropertyValueSpecification","valueRequired":true,"valueName":"search_term_string"}}],"inLanguage":"zh-Hans"},{"@type":"Organization","@id":"https:\/\/coolrooms.com\/palaciovillapanes\/#organization","name":"Palacio Villapanes","url":"https:\/\/coolrooms.com\/palaciovillapanes\/","logo":{"@type":"ImageObject","inLanguage":"zh-Hans","@id":"https:\/\/coolrooms.com\/palaciovillapanes\/#\/schema\/logo\/image\/","url":"https:\/\/coolrooms.com\/palaciovillapanes\/wp-content\/uploads\/sites\/7\/2022\/06\/logo-palacio-dark.png","contentUrl":"https:\/\/coolrooms.com\/palaciovillapanes\/wp-content\/uploads\/sites\/7\/2022\/06\/logo-palacio-dark.png","width":300,"height":233,"caption":"Palacio Villapanes"},"image":{"@id":"https:\/\/coolrooms.com\/palaciovillapanes\/#\/schema\/logo\/image\/"},"sameAs":["https:\/\/www.facebook.com\/palaciodevillapanes\/","https:\/\/www.instagram.com\/palaciovillapanes\/","https:\/\/www.linkedin.com\/company\/hotel-palacio-de-villapans"]}]}},"acf":[],"_links":{"self":[{"href":"https:\/\/coolrooms.com\/palaciovillapanes\/zh-hans\/wp-json\/wp\/v2\/pages\/10362","targetHints":{"allow":["GET"]}}],"collection":[{"href":"https:\/\/coolrooms.com\/palaciovillapanes\/zh-hans\/wp-json\/wp\/v2\/pages"}],"about":[{"href":"https:\/\/coolrooms.com\/palaciovillapanes\/zh-hans\/wp-json\/wp\/v2\/types\/page"}],"author":[{"embeddable":true,"href":"https:\/\/coolrooms.com\/palaciovillapanes\/zh-hans\/wp-json\/wp\/v2\/users\/13"}],"replies":[{"embeddable":true,"href":"https:\/\/coolrooms.com\/palaciovillapanes\/zh-hans\/wp-json\/wp\/v2\/comments?post=10362"}],"version-history":[{"count":0,"href":"https:\/\/coolrooms.com\/palaciovillapanes\/zh-hans\/wp-json\/wp\/v2\/pages\/10362\/revisions"}],"wp:attachment":[{"href":"https:\/\/coolrooms.com\/palaciovillapanes\/zh-hans\/wp-json\/wp\/v2\/media?parent=10362"}],"curies":[{"name":"wp","href":"https:\/\/api.w.org\/{rel}","templated":true}]}}