{"id":23681,"date":"2024-04-08T10:53:44","date_gmt":"2024-04-08T10:53:44","guid":{"rendered":"https:\/\/coolrooms.com\/palaciovillapanes\/?post_type=product&#038;p=23681"},"modified":"2024-04-08T10:55:25","modified_gmt":"2024-04-08T10:55:25","slug":"cool-wellness-brunch","status":"publish","type":"product","link":"https:\/\/coolrooms.com\/palaciovillapanes\/producto\/cool-wellness-brunch\/","title":{"rendered":"Cool Wellness &#038; Brunch"},"content":{"rendered":"","protected":false},"excerpt":{"rendered":"<p><b>EXPERIENCIA GASTRONOMICA &amp; BIENESTAR<\/b><\/p>\n<p><span class=\"ui-provider a b c d e f g h i j k l m n o p q r s t u v w x y z ab ac ae af ag ah ai aj ak\" dir=\"ltr\">La experiencia m\u00e1s completa.\u00a0<\/span>Acceso al Spa y tratamiento \u00abRitual experience 7 chakras\u00bb\u00a0<span class=\"ui-provider a b c d e f g h i j k l m n o p q r s t u v w x y z ab ac ae af ag ah ai aj ak\" dir=\"ltr\">con aromaterapia y nuestras piedras 7 chakras<\/span>\u00a0de 2h30 de duraci\u00f3n,<span class=\"ui-provider a b c d e f g h i j k l m n o p q r s t u v w x y z ab ac ae af ag ah ai aj ak\" dir=\"ltr\">\u00a0hol\u00edstico y equilibrante, le har\u00e1 sentir la relajaci\u00f3n m\u00e1s profunda,\u00a0<\/span>\u00a0y terminar con un Brunch gourmet en nuestro patio andaluz el Patio de los Naranjos.<\/p>\n","protected":false},"featured_media":22823,"comment_status":"open","ping_status":"closed","template":"","meta":{"_acf_changed":false},"product_brand":[],"product_cat":[1490],"product_tag":[],"class_list":{"0":"post-23681","1":"product","2":"type-product","3":"status-publish","4":"has-post-thumbnail","6":"product_cat-bonos","8":"first","9":"instock","10":"virtual","11":"taxable","12":"purchasable","13":"product-type-simple"},"yoast_head":"<!-- This site is optimized with the Yoast SEO plugin v27.3 - https:\/\/yoast.com\/product\/yoast-seo-wordpress\/ -->\n<title>Cool Wellness &amp; Brunch - Hotel CoolRooms Palacio Villapan\u00e9s Sevilla<\/title>\n<meta name=\"robots\" content=\"noindex, follow\" \/>\n<meta property=\"og:locale\" content=\"es_ES\" \/>\n<meta property=\"og:type\" content=\"article\" \/>\n<meta property=\"og:title\" content=\"Cool Wellness &amp; Brunch - Hotel CoolRooms Palacio Villapan\u00e9s Sevilla\" \/>\n<meta property=\"og:description\" content=\"EXPERIENCIA GASTRONOMICA &amp; BIENESTAR  La experiencia m\u00e1s completa.\u00a0Acceso al Spa y tratamiento \u00abRitual experience 7 chakras\u00bb\u00a0con aromaterapia y nuestras piedras 7 chakras\u00a0de 2h30 de duraci\u00f3n,\u00a0hol\u00edstico y equilibrante, le har\u00e1 sentir la relajaci\u00f3n m\u00e1s profunda,\u00a0\u00a0y terminar con un Brunch gourmet en nuestro patio andaluz el Patio de los Naranjos.\" \/>\n<meta property=\"og:url\" content=\"https:\/\/coolrooms.com\/palaciovillapanes\/producto\/cool-wellness-brunch\/\" \/>\n<meta property=\"og:site_name\" content=\"Hotel CoolRooms Palacio Villapan\u00e9s Sevilla\" \/>\n<meta property=\"article:publisher\" content=\"https:\/\/www.facebook.com\/palaciodevillapanes\/\" \/>\n<meta property=\"article:modified_time\" content=\"2024-04-08T10:55:25+00:00\" \/>\n<meta property=\"og:image\" content=\"https:\/\/coolrooms.com\/palaciovillapanes\/wp-content\/uploads\/sites\/7\/2024\/03\/Cool-wellness-and-brunch-para-dos-personas.jpg\" \/>\n\t<meta property=\"og:image:width\" content=\"1024\" \/>\n\t<meta property=\"og:image:height\" content=\"768\" \/>\n\t<meta property=\"og:image:type\" content=\"image\/jpeg\" \/>\n<meta name=\"twitter:card\" content=\"summary_large_image\" \/>\n<meta name=\"twitter:label1\" content=\"Tiempo de lectura\" \/>\n\t<meta name=\"twitter:data1\" content=\"1 minuto\" \/>\n<script type=\"application\/ld+json\" class=\"yoast-schema-graph\">{\"@context\":\"https:\\\/\\\/schema.org\",\"@graph\":[{\"@type\":\"WebPage\",\"@id\":\"https:\\\/\\\/coolrooms.com\\\/palaciovillapanes\\\/producto\\\/cool-wellness-brunch\\\/\",\"url\":\"https:\\\/\\\/coolrooms.com\\\/palaciovillapanes\\\/producto\\\/cool-wellness-brunch\\\/\",\"name\":\"Cool Wellness & Brunch - Hotel CoolRooms Palacio Villapan\u00e9s Sevilla\",\"isPartOf\":{\"@id\":\"https:\\\/\\\/coolrooms.com\\\/palaciovillapanes\\\/#website\"},\"primaryImageOfPage\":{\"@id\":\"https:\\\/\\\/coolrooms.com\\\/palaciovillapanes\\\/producto\\\/cool-wellness-brunch\\\/#primaryimage\"},\"image\":{\"@id\":\"https:\\\/\\\/coolrooms.com\\\/palaciovillapanes\\\/producto\\\/cool-wellness-brunch\\\/#primaryimage\"},\"thumbnailUrl\":\"https:\\\/\\\/coolrooms.com\\\/palaciovillapanes\\\/wp-content\\\/uploads\\\/sites\\\/7\\\/2024\\\/03\\\/Cool-wellness-and-brunch-para-dos-personas.jpg\",\"datePublished\":\"2024-04-08T10:53:44+00:00\",\"dateModified\":\"2024-04-08T10:55:25+00:00\",\"breadcrumb\":{\"@id\":\"https:\\\/\\\/coolrooms.com\\\/palaciovillapanes\\\/producto\\\/cool-wellness-brunch\\\/#breadcrumb\"},\"inLanguage\":\"es\",\"potentialAction\":[{\"@type\":\"ReadAction\",\"target\":[\"https:\\\/\\\/coolrooms.com\\\/palaciovillapanes\\\/producto\\\/cool-wellness-brunch\\\/\"]}]},{\"@type\":\"ImageObject\",\"inLanguage\":\"es\",\"@id\":\"https:\\\/\\\/coolrooms.com\\\/palaciovillapanes\\\/producto\\\/cool-wellness-brunch\\\/#primaryimage\",\"url\":\"https:\\\/\\\/coolrooms.com\\\/palaciovillapanes\\\/wp-content\\\/uploads\\\/sites\\\/7\\\/2024\\\/03\\\/Cool-wellness-and-brunch-para-dos-personas.jpg\",\"contentUrl\":\"https:\\\/\\\/coolrooms.com\\\/palaciovillapanes\\\/wp-content\\\/uploads\\\/sites\\\/7\\\/2024\\\/03\\\/Cool-wellness-and-brunch-para-dos-personas.jpg\",\"width\":1024,\"height\":768},{\"@type\":\"BreadcrumbList\",\"@id\":\"https:\\\/\\\/coolrooms.com\\\/palaciovillapanes\\\/producto\\\/cool-wellness-brunch\\\/#breadcrumb\",\"itemListElement\":[{\"@type\":\"ListItem\",\"position\":1,\"name\":\"Portada\",\"item\":\"https:\\\/\\\/coolrooms.com\\\/palaciovillapanes\\\/\"},{\"@type\":\"ListItem\",\"position\":2,\"name\":\"Tienda\",\"item\":\"https:\\\/\\\/coolrooms.com\\\/palaciovillapanes\\\/tienda\\\/\"},{\"@type\":\"ListItem\",\"position\":3,\"name\":\"Cool Wellness &#038; Brunch\"}]},{\"@type\":\"WebSite\",\"@id\":\"https:\\\/\\\/coolrooms.com\\\/palaciovillapanes\\\/#website\",\"url\":\"https:\\\/\\\/coolrooms.com\\\/palaciovillapanes\\\/\",\"name\":\"Hotel Palacio Villapan\u00e9s Sevilla\",\"description\":\"CoolRooms |\u00a0El lujo de dormir en un Palacio\",\"publisher\":{\"@id\":\"https:\\\/\\\/coolrooms.com\\\/palaciovillapanes\\\/#organization\"},\"potentialAction\":[{\"@type\":\"SearchAction\",\"target\":{\"@type\":\"EntryPoint\",\"urlTemplate\":\"https:\\\/\\\/coolrooms.com\\\/palaciovillapanes\\\/?s={search_term_string}\"},\"query-input\":{\"@type\":\"PropertyValueSpecification\",\"valueRequired\":true,\"valueName\":\"search_term_string\"}}],\"inLanguage\":\"es\"},{\"@type\":\"Organization\",\"@id\":\"https:\\\/\\\/coolrooms.com\\\/palaciovillapanes\\\/#organization\",\"name\":\"Palacio Villapanes\",\"url\":\"https:\\\/\\\/coolrooms.com\\\/palaciovillapanes\\\/\",\"logo\":{\"@type\":\"ImageObject\",\"inLanguage\":\"es\",\"@id\":\"https:\\\/\\\/coolrooms.com\\\/palaciovillapanes\\\/#\\\/schema\\\/logo\\\/image\\\/\",\"url\":\"https:\\\/\\\/coolrooms.com\\\/palaciovillapanes\\\/wp-content\\\/uploads\\\/sites\\\/7\\\/2022\\\/06\\\/logo-palacio-dark.png\",\"contentUrl\":\"https:\\\/\\\/coolrooms.com\\\/palaciovillapanes\\\/wp-content\\\/uploads\\\/sites\\\/7\\\/2022\\\/06\\\/logo-palacio-dark.png\",\"width\":300,\"height\":233,\"caption\":\"Palacio Villapanes\"},\"image\":{\"@id\":\"https:\\\/\\\/coolrooms.com\\\/palaciovillapanes\\\/#\\\/schema\\\/logo\\\/image\\\/\"},\"sameAs\":[\"https:\\\/\\\/www.facebook.com\\\/palaciodevillapanes\\\/\",\"https:\\\/\\\/www.instagram.com\\\/palaciovillapanes\\\/\",\"https:\\\/\\\/www.linkedin.com\\\/company\\\/hotel-palacio-de-villapans\"]}]}<\/script>\n<!-- \/ Yoast SEO plugin. -->","yoast_head_json":{"title":"Cool Wellness & Brunch - Hotel CoolRooms Palacio Villapan\u00e9s Sevilla","robots":{"index":"noindex","follow":"follow"},"og_locale":"es_ES","og_type":"article","og_title":"Cool Wellness & Brunch - Hotel CoolRooms Palacio Villapan\u00e9s Sevilla","og_description":"EXPERIENCIA GASTRONOMICA &amp; BIENESTAR  La experiencia m\u00e1s completa.\u00a0Acceso al Spa y tratamiento \u00abRitual experience 7 chakras\u00bb\u00a0con aromaterapia y nuestras piedras 7 chakras\u00a0de 2h30 de duraci\u00f3n,\u00a0hol\u00edstico y equilibrante, le har\u00e1 sentir la relajaci\u00f3n m\u00e1s profunda,\u00a0\u00a0y terminar con un Brunch gourmet en nuestro patio andaluz el Patio de los Naranjos.","og_url":"https:\/\/coolrooms.com\/palaciovillapanes\/producto\/cool-wellness-brunch\/","og_site_name":"Hotel CoolRooms Palacio Villapan\u00e9s Sevilla","article_publisher":"https:\/\/www.facebook.com\/palaciodevillapanes\/","article_modified_time":"2024-04-08T10:55:25+00:00","og_image":[{"width":1024,"height":768,"url":"https:\/\/coolrooms.com\/palaciovillapanes\/wp-content\/uploads\/sites\/7\/2024\/03\/Cool-wellness-and-brunch-para-dos-personas.jpg","type":"image\/jpeg"}],"twitter_card":"summary_large_image","twitter_misc":{"Tiempo de lectura":"1 minuto"},"schema":{"@context":"https:\/\/schema.org","@graph":[{"@type":"WebPage","@id":"https:\/\/coolrooms.com\/palaciovillapanes\/producto\/cool-wellness-brunch\/","url":"https:\/\/coolrooms.com\/palaciovillapanes\/producto\/cool-wellness-brunch\/","name":"Cool Wellness & Brunch - Hotel CoolRooms Palacio Villapan\u00e9s Sevilla","isPartOf":{"@id":"https:\/\/coolrooms.com\/palaciovillapanes\/#website"},"primaryImageOfPage":{"@id":"https:\/\/coolrooms.com\/palaciovillapanes\/producto\/cool-wellness-brunch\/#primaryimage"},"image":{"@id":"https:\/\/coolrooms.com\/palaciovillapanes\/producto\/cool-wellness-brunch\/#primaryimage"},"thumbnailUrl":"https:\/\/coolrooms.com\/palaciovillapanes\/wp-content\/uploads\/sites\/7\/2024\/03\/Cool-wellness-and-brunch-para-dos-personas.jpg","datePublished":"2024-04-08T10:53:44+00:00","dateModified":"2024-04-08T10:55:25+00:00","breadcrumb":{"@id":"https:\/\/coolrooms.com\/palaciovillapanes\/producto\/cool-wellness-brunch\/#breadcrumb"},"inLanguage":"es","potentialAction":[{"@type":"ReadAction","target":["https:\/\/coolrooms.com\/palaciovillapanes\/producto\/cool-wellness-brunch\/"]}]},{"@type":"ImageObject","inLanguage":"es","@id":"https:\/\/coolrooms.com\/palaciovillapanes\/producto\/cool-wellness-brunch\/#primaryimage","url":"https:\/\/coolrooms.com\/palaciovillapanes\/wp-content\/uploads\/sites\/7\/2024\/03\/Cool-wellness-and-brunch-para-dos-personas.jpg","contentUrl":"https:\/\/coolrooms.com\/palaciovillapanes\/wp-content\/uploads\/sites\/7\/2024\/03\/Cool-wellness-and-brunch-para-dos-personas.jpg","width":1024,"height":768},{"@type":"BreadcrumbList","@id":"https:\/\/coolrooms.com\/palaciovillapanes\/producto\/cool-wellness-brunch\/#breadcrumb","itemListElement":[{"@type":"ListItem","position":1,"name":"Portada","item":"https:\/\/coolrooms.com\/palaciovillapanes\/"},{"@type":"ListItem","position":2,"name":"Tienda","item":"https:\/\/coolrooms.com\/palaciovillapanes\/tienda\/"},{"@type":"ListItem","position":3,"name":"Cool Wellness &#038; Brunch"}]},{"@type":"WebSite","@id":"https:\/\/coolrooms.com\/palaciovillapanes\/#website","url":"https:\/\/coolrooms.com\/palaciovillapanes\/","name":"Hotel Palacio Villapan\u00e9s Sevilla","description":"CoolRooms |\u00a0El lujo de dormir en un Palacio","publisher":{"@id":"https:\/\/coolrooms.com\/palaciovillapanes\/#organization"},"potentialAction":[{"@type":"SearchAction","target":{"@type":"EntryPoint","urlTemplate":"https:\/\/coolrooms.com\/palaciovillapanes\/?s={search_term_string}"},"query-input":{"@type":"PropertyValueSpecification","valueRequired":true,"valueName":"search_term_string"}}],"inLanguage":"es"},{"@type":"Organization","@id":"https:\/\/coolrooms.com\/palaciovillapanes\/#organization","name":"Palacio Villapanes","url":"https:\/\/coolrooms.com\/palaciovillapanes\/","logo":{"@type":"ImageObject","inLanguage":"es","@id":"https:\/\/coolrooms.com\/palaciovillapanes\/#\/schema\/logo\/image\/","url":"https:\/\/coolrooms.com\/palaciovillapanes\/wp-content\/uploads\/sites\/7\/2022\/06\/logo-palacio-dark.png","contentUrl":"https:\/\/coolrooms.com\/palaciovillapanes\/wp-content\/uploads\/sites\/7\/2022\/06\/logo-palacio-dark.png","width":300,"height":233,"caption":"Palacio Villapanes"},"image":{"@id":"https:\/\/coolrooms.com\/palaciovillapanes\/#\/schema\/logo\/image\/"},"sameAs":["https:\/\/www.facebook.com\/palaciodevillapanes\/","https:\/\/www.instagram.com\/palaciovillapanes\/","https:\/\/www.linkedin.com\/company\/hotel-palacio-de-villapans"]}]}},"acf":[],"_links":{"self":[{"href":"https:\/\/coolrooms.com\/palaciovillapanes\/wp-json\/wp\/v2\/product\/23681","targetHints":{"allow":["GET"]}}],"collection":[{"href":"https:\/\/coolrooms.com\/palaciovillapanes\/wp-json\/wp\/v2\/product"}],"about":[{"href":"https:\/\/coolrooms.com\/palaciovillapanes\/wp-json\/wp\/v2\/types\/product"}],"replies":[{"embeddable":true,"href":"https:\/\/coolrooms.com\/palaciovillapanes\/wp-json\/wp\/v2\/comments?post=23681"}],"wp:featuredmedia":[{"embeddable":true,"href":"https:\/\/coolrooms.com\/palaciovillapanes\/wp-json\/wp\/v2\/media\/22823"}],"wp:attachment":[{"href":"https:\/\/coolrooms.com\/palaciovillapanes\/wp-json\/wp\/v2\/media?parent=23681"}],"wp:term":[{"taxonomy":"product_brand","embeddable":true,"href":"https:\/\/coolrooms.com\/palaciovillapanes\/wp-json\/wp\/v2\/product_brand?post=23681"},{"taxonomy":"product_cat","embeddable":true,"href":"https:\/\/coolrooms.com\/palaciovillapanes\/wp-json\/wp\/v2\/product_cat?post=23681"},{"taxonomy":"product_tag","embeddable":true,"href":"https:\/\/coolrooms.com\/palaciovillapanes\/wp-json\/wp\/v2\/product_tag?post=23681"}],"curies":[{"name":"wp","href":"https:\/\/api.w.org\/{rel}","templated":true}]}}