{"id":4538,"date":"2017-12-18T12:41:34","date_gmt":"2017-12-18T12:41:34","guid":{"rendered":"https:\/\/coolrooms.com\/palaciovillapanes\/?page_id=4538\/"},"modified":"2023-08-11T13:34:33","modified_gmt":"2023-08-11T13:34:33","slug":"baja-suscripcion","status":"publish","type":"page","link":"https:\/\/coolrooms.com\/palaciovillapanes\/baja-suscripcion\/","title":{"rendered":"Dar de baja la suscripci\u00f3n"},"content":{"rendered":"\t\t<div data-elementor-type=\"wp-page\" data-elementor-id=\"4538\" class=\"elementor elementor-4538\" data-elementor-post-type=\"page\">\n\t\t\t\t\t\t<section data-dce-background-image-url=\"https:\/\/coolrooms.com\/palaciovillapanes\/wp-content\/uploads\/sites\/7\/2017\/02\/background_1.jpg\" class=\"elementor-section elementor-top-section elementor-element elementor-element-238ac700 elementor-section-boxed elementor-section-height-default elementor-section-height-default\" data-id=\"238ac700\" data-element_type=\"section\" data-e-type=\"section\" data-settings=\"{&quot;background_background&quot;:&quot;classic&quot;}\">\n\t\t\t\t\t\t<div class=\"elementor-container elementor-column-gap-default\">\n\t\t\t\t\t<div class=\"elementor-column elementor-col-100 elementor-top-column elementor-element elementor-element-61f4e7d6\" data-id=\"61f4e7d6\" data-element_type=\"column\" data-e-type=\"column\" data-settings=\"{&quot;background_background&quot;:&quot;classic&quot;}\">\n\t\t\t<div class=\"elementor-widget-wrap elementor-element-populated\">\n\t\t\t\t\t\t<div class=\"elementor-element elementor-element-710e6b96 elementor-widget elementor-widget-heading\" data-id=\"710e6b96\" data-element_type=\"widget\" data-e-type=\"widget\" data-widget_type=\"heading.default\">\n\t\t\t\t<div class=\"elementor-widget-container\">\n\t\t\t\t\t<h2 class=\"elementor-heading-title elementor-size-default\">Baja suscripci\u00f3n<\/h2>\t\t\t\t<\/div>\n\t\t\t\t<\/div>\n\t\t\t\t<div class=\"elementor-element elementor-element-5a3ee584 elementor-widget elementor-widget-text-editor\" data-id=\"5a3ee584\" data-element_type=\"widget\" data-e-type=\"widget\" data-widget_type=\"text-editor.default\">\n\t\t\t\t<div class=\"elementor-widget-container\">\n\t\t\t\t\t\t\t\t\t<p>Lamentamos que quieras darte de baja. Solo necesitamos tu email y el motivo de la baja y no recibir\u00e1s m\u00e1s correos de\u00a0<strong>Palacio Villapan\u00e9s.<\/strong><\/p>\t\t\t\t\t\t\t\t<\/div>\n\t\t\t\t<\/div>\n\t\t\t\t<div class=\"elementor-element elementor-element-0754b8c elementor-button-align-stretch elementor-widget elementor-widget-form\" data-id=\"0754b8c\" data-element_type=\"widget\" data-e-type=\"widget\" data-settings=\"{&quot;step_next_label&quot;:&quot;Siguiente&quot;,&quot;step_previous_label&quot;:&quot;Anterior&quot;,&quot;button_width&quot;:&quot;100&quot;,&quot;step_type&quot;:&quot;number_text&quot;,&quot;step_icon_shape&quot;:&quot;circle&quot;}\" data-widget_type=\"form.default\">\n\t\t\t\t<div class=\"elementor-widget-container\">\n\t\t\t\t\t\t\t<form class=\"elementor-form\" method=\"post\" name=\"Nuevo formulario\" aria-label=\"Nuevo formulario\">\n\t\t\t<input type=\"hidden\" name=\"post_id\" value=\"4538\"\/>\n\t\t\t<input type=\"hidden\" name=\"form_id\" value=\"0754b8c\"\/>\n\t\t\t<input type=\"hidden\" name=\"referer_title\" value=\"Dar de baja la suscripci\u00f3n - Hotel CoolRooms Palacio Villapan\u00e9s Sevilla\" \/>\n\n\t\t\t\t\t\t\t<input type=\"hidden\" name=\"queried_id\" value=\"4538\"\/>\n\t\t\t\n\t\t\t<div class=\"elementor-form-fields-wrapper elementor-labels-above\">\n\t\t\t\t\t\t\t\t<div class=\"elementor-field-type-email elementor-field-group elementor-column elementor-field-group-email elementor-col-100 elementor-field-required\">\n\t\t\t\t\t\t\t\t\t\t\t\t<label for=\"form-field-email\" class=\"elementor-field-label\">\n\t\t\t\t\t\t\t\tEmail\t\t\t\t\t\t\t<\/label>\n\t\t\t\t\t\t\t\t\t\t\t\t\t\t<input size=\"1\" type=\"email\" name=\"form_fields[email]\" id=\"form-field-email\" class=\"elementor-field elementor-size-sm  elementor-field-textual\" placeholder=\"Correo electr\u00f3nico\" required=\"required\">\n\t\t\t\t\t\t\t\t\t\t\t<\/div>\n\t\t\t\t\t\t\t\t<div class=\"elementor-field-type-select elementor-field-group elementor-column elementor-field-group-name elementor-col-100 elementor-field-type-select-multiple\">\n\t\t\t\t\t\t\t\t\t\t\t\t<label for=\"form-field-name\" class=\"elementor-field-label\">\n\t\t\t\t\t\t\t\tMotivo de la baja\t\t\t\t\t\t\t<\/label>\n\t\t\t\t\t\t\t\t<div class=\"elementor-field elementor-select-wrapper remove-before \">\n\t\t\t<div class=\"select-caret-down-wrapper\">\n\t\t\t\t\t\t\t<\/div>\n\t\t\t<select name=\"form_fields[name][]\" id=\"form-field-name\" class=\"elementor-field-textual elementor-size-sm\" multiple=\"\">\n\t\t\t\t\t\t\t\t\t<option value=\"No quiero volver a recibir correos de Palacio Villapan\u00e9s\">No quiero volver a recibir correos de Palacio Villapan\u00e9s<\/option>\n\t\t\t\t\t\t\t\t\t<option value=\"No tengo tiempo para leerlo\">No tengo tiempo para leerlo<\/option>\n\t\t\t\t\t\t\t\t\t<option value=\"No me he suscrito\">No me he suscrito<\/option>\n\t\t\t\t\t\t\t\t\t<option value=\"No es lo que esperaba\">No es lo que esperaba<\/option>\n\t\t\t\t\t\t\t<\/select>\n\t\t<\/div>\n\t\t\t\t\t\t<\/div>\n\t\t\t\t\t\t\t\t<div class=\"elementor-field-group elementor-column elementor-field-type-submit elementor-col-100 e-form__buttons\">\n\t\t\t\t\t<button class=\"elementor-button elementor-size-sm\" type=\"submit\">\n\t\t\t\t\t\t<span class=\"elementor-button-content-wrapper\">\n\t\t\t\t\t\t\t\t\t\t\t\t\t\t\t\t\t\t\t\t\t\t<span class=\"elementor-button-text\">Enviar<\/span>\n\t\t\t\t\t\t\t\t\t\t\t\t\t<\/span>\n\t\t\t\t\t<\/button>\n\t\t\t\t<\/div>\n\t\t\t<\/div>\n\t\t<\/form>\n\t\t\t\t\t\t<\/div>\n\t\t\t\t<\/div>\n\t\t\t\t\t<\/div>\n\t\t<\/div>\n\t\t\t\t\t<\/div>\n\t\t<\/section>\n\t\t\t\t<\/div>\n\t\t","protected":false},"excerpt":{"rendered":"<p>Baja suscripci\u00f3n Lamentamos que quieras darte de baja. Solo necesitamos tu email y el motivo de la baja y no recibir\u00e1s m\u00e1s correos de\u00a0Palacio Villapan\u00e9s.<\/p>\n","protected":false},"author":13,"featured_media":0,"parent":0,"menu_order":0,"comment_status":"closed","ping_status":"closed","template":"elementor_header_footer","meta":{"_acf_changed":false,"footnotes":""},"class_list":["post-4538","page","type-page","status-publish","hentry"],"yoast_head":"<!-- This site is optimized with the Yoast SEO plugin v27.3 - https:\/\/yoast.com\/product\/yoast-seo-wordpress\/ -->\n<title>Dar de baja la suscripci\u00f3n - Hotel CoolRooms Palacio Villapan\u00e9s Sevilla<\/title>\n<meta name=\"robots\" content=\"noindex, nofollow\" \/>\n<meta property=\"og:locale\" content=\"es_ES\" \/>\n<meta property=\"og:type\" content=\"article\" \/>\n<meta property=\"og:title\" content=\"Dar de baja la suscripci\u00f3n - Hotel CoolRooms Palacio Villapan\u00e9s Sevilla\" \/>\n<meta property=\"og:description\" content=\"Baja suscripci\u00f3n Lamentamos que quieras darte de baja. Solo necesitamos tu email y el motivo de la baja y no recibir\u00e1s m\u00e1s correos de\u00a0Palacio Villapan\u00e9s.\" \/>\n<meta property=\"og:url\" content=\"https:\/\/coolrooms.com\/palaciovillapanes\/baja-suscripcion\/\" \/>\n<meta property=\"og:site_name\" content=\"Hotel CoolRooms Palacio Villapan\u00e9s Sevilla\" \/>\n<meta property=\"article:publisher\" content=\"https:\/\/www.facebook.com\/palaciodevillapanes\/\" \/>\n<meta property=\"article:modified_time\" content=\"2023-08-11T13:34:33+00:00\" \/>\n<meta property=\"og:image\" content=\"https:\/\/coolrooms.com\/palaciovillapanes\/wp-content\/uploads\/sites\/7\/2017\/06\/logo-palacio.jpg\" \/>\n\t<meta property=\"og:image:width\" content=\"4001\" \/>\n\t<meta property=\"og:image:height\" content=\"2251\" \/>\n\t<meta property=\"og:image:type\" content=\"image\/png\" \/>\n<meta name=\"twitter:card\" content=\"summary_large_image\" \/>\n<meta name=\"twitter:label1\" content=\"Tiempo de lectura\" \/>\n\t<meta name=\"twitter:data1\" content=\"1 minuto\" \/>\n<script type=\"application\/ld+json\" class=\"yoast-schema-graph\">{\"@context\":\"https:\\\/\\\/schema.org\",\"@graph\":[{\"@type\":\"WebPage\",\"@id\":\"https:\\\/\\\/coolrooms.com\\\/palaciovillapanes\\\/baja-suscripcion\\\/\",\"url\":\"https:\\\/\\\/coolrooms.com\\\/palaciovillapanes\\\/baja-suscripcion\\\/\",\"name\":\"Dar de baja la suscripci\u00f3n - Hotel CoolRooms Palacio Villapan\u00e9s Sevilla\",\"isPartOf\":{\"@id\":\"https:\\\/\\\/coolrooms.com\\\/palaciovillapanes\\\/#website\"},\"datePublished\":\"2017-12-18T12:41:34+00:00\",\"dateModified\":\"2023-08-11T13:34:33+00:00\",\"breadcrumb\":{\"@id\":\"https:\\\/\\\/coolrooms.com\\\/palaciovillapanes\\\/baja-suscripcion\\\/#breadcrumb\"},\"inLanguage\":\"es\",\"potentialAction\":[{\"@type\":\"ReadAction\",\"target\":[\"https:\\\/\\\/coolrooms.com\\\/palaciovillapanes\\\/baja-suscripcion\\\/\"]}]},{\"@type\":\"BreadcrumbList\",\"@id\":\"https:\\\/\\\/coolrooms.com\\\/palaciovillapanes\\\/baja-suscripcion\\\/#breadcrumb\",\"itemListElement\":[{\"@type\":\"ListItem\",\"position\":1,\"name\":\"Portada\",\"item\":\"https:\\\/\\\/coolrooms.com\\\/palaciovillapanes\\\/\"},{\"@type\":\"ListItem\",\"position\":2,\"name\":\"Dar de baja la suscripci\u00f3n\"}]},{\"@type\":\"WebSite\",\"@id\":\"https:\\\/\\\/coolrooms.com\\\/palaciovillapanes\\\/#website\",\"url\":\"https:\\\/\\\/coolrooms.com\\\/palaciovillapanes\\\/\",\"name\":\"Hotel Palacio Villapan\u00e9s Sevilla\",\"description\":\"CoolRooms |\u00a0El lujo de dormir en un Palacio\",\"publisher\":{\"@id\":\"https:\\\/\\\/coolrooms.com\\\/palaciovillapanes\\\/#organization\"},\"potentialAction\":[{\"@type\":\"SearchAction\",\"target\":{\"@type\":\"EntryPoint\",\"urlTemplate\":\"https:\\\/\\\/coolrooms.com\\\/palaciovillapanes\\\/?s={search_term_string}\"},\"query-input\":{\"@type\":\"PropertyValueSpecification\",\"valueRequired\":true,\"valueName\":\"search_term_string\"}}],\"inLanguage\":\"es\"},{\"@type\":\"Organization\",\"@id\":\"https:\\\/\\\/coolrooms.com\\\/palaciovillapanes\\\/#organization\",\"name\":\"Palacio Villapanes\",\"url\":\"https:\\\/\\\/coolrooms.com\\\/palaciovillapanes\\\/\",\"logo\":{\"@type\":\"ImageObject\",\"inLanguage\":\"es\",\"@id\":\"https:\\\/\\\/coolrooms.com\\\/palaciovillapanes\\\/#\\\/schema\\\/logo\\\/image\\\/\",\"url\":\"https:\\\/\\\/coolrooms.com\\\/palaciovillapanes\\\/wp-content\\\/uploads\\\/sites\\\/7\\\/2022\\\/06\\\/logo-palacio-dark.png\",\"contentUrl\":\"https:\\\/\\\/coolrooms.com\\\/palaciovillapanes\\\/wp-content\\\/uploads\\\/sites\\\/7\\\/2022\\\/06\\\/logo-palacio-dark.png\",\"width\":300,\"height\":233,\"caption\":\"Palacio Villapanes\"},\"image\":{\"@id\":\"https:\\\/\\\/coolrooms.com\\\/palaciovillapanes\\\/#\\\/schema\\\/logo\\\/image\\\/\"},\"sameAs\":[\"https:\\\/\\\/www.facebook.com\\\/palaciodevillapanes\\\/\",\"https:\\\/\\\/www.instagram.com\\\/palaciovillapanes\\\/\",\"https:\\\/\\\/www.linkedin.com\\\/company\\\/hotel-palacio-de-villapans\"]}]}<\/script>\n<!-- \/ Yoast SEO plugin. -->","yoast_head_json":{"title":"Dar de baja la suscripci\u00f3n - Hotel CoolRooms Palacio Villapan\u00e9s Sevilla","robots":{"index":"noindex","follow":"nofollow"},"og_locale":"es_ES","og_type":"article","og_title":"Dar de baja la suscripci\u00f3n - Hotel CoolRooms Palacio Villapan\u00e9s Sevilla","og_description":"Baja suscripci\u00f3n Lamentamos que quieras darte de baja. Solo necesitamos tu email y el motivo de la baja y no recibir\u00e1s m\u00e1s correos de\u00a0Palacio Villapan\u00e9s.","og_url":"https:\/\/coolrooms.com\/palaciovillapanes\/baja-suscripcion\/","og_site_name":"Hotel CoolRooms Palacio Villapan\u00e9s Sevilla","article_publisher":"https:\/\/www.facebook.com\/palaciodevillapanes\/","article_modified_time":"2023-08-11T13:34:33+00:00","og_image":[{"width":4001,"height":2251,"url":"https:\/\/coolrooms.com\/palaciovillapanes\/wp-content\/uploads\/sites\/7\/2017\/06\/logo-palacio.jpg","type":"image\/png"}],"twitter_card":"summary_large_image","twitter_misc":{"Tiempo de lectura":"1 minuto"},"schema":{"@context":"https:\/\/schema.org","@graph":[{"@type":"WebPage","@id":"https:\/\/coolrooms.com\/palaciovillapanes\/baja-suscripcion\/","url":"https:\/\/coolrooms.com\/palaciovillapanes\/baja-suscripcion\/","name":"Dar de baja la suscripci\u00f3n - Hotel CoolRooms Palacio Villapan\u00e9s Sevilla","isPartOf":{"@id":"https:\/\/coolrooms.com\/palaciovillapanes\/#website"},"datePublished":"2017-12-18T12:41:34+00:00","dateModified":"2023-08-11T13:34:33+00:00","breadcrumb":{"@id":"https:\/\/coolrooms.com\/palaciovillapanes\/baja-suscripcion\/#breadcrumb"},"inLanguage":"es","potentialAction":[{"@type":"ReadAction","target":["https:\/\/coolrooms.com\/palaciovillapanes\/baja-suscripcion\/"]}]},{"@type":"BreadcrumbList","@id":"https:\/\/coolrooms.com\/palaciovillapanes\/baja-suscripcion\/#breadcrumb","itemListElement":[{"@type":"ListItem","position":1,"name":"Portada","item":"https:\/\/coolrooms.com\/palaciovillapanes\/"},{"@type":"ListItem","position":2,"name":"Dar de baja la suscripci\u00f3n"}]},{"@type":"WebSite","@id":"https:\/\/coolrooms.com\/palaciovillapanes\/#website","url":"https:\/\/coolrooms.com\/palaciovillapanes\/","name":"Hotel Palacio Villapan\u00e9s Sevilla","description":"CoolRooms |\u00a0El lujo de dormir en un Palacio","publisher":{"@id":"https:\/\/coolrooms.com\/palaciovillapanes\/#organization"},"potentialAction":[{"@type":"SearchAction","target":{"@type":"EntryPoint","urlTemplate":"https:\/\/coolrooms.com\/palaciovillapanes\/?s={search_term_string}"},"query-input":{"@type":"PropertyValueSpecification","valueRequired":true,"valueName":"search_term_string"}}],"inLanguage":"es"},{"@type":"Organization","@id":"https:\/\/coolrooms.com\/palaciovillapanes\/#organization","name":"Palacio Villapanes","url":"https:\/\/coolrooms.com\/palaciovillapanes\/","logo":{"@type":"ImageObject","inLanguage":"es","@id":"https:\/\/coolrooms.com\/palaciovillapanes\/#\/schema\/logo\/image\/","url":"https:\/\/coolrooms.com\/palaciovillapanes\/wp-content\/uploads\/sites\/7\/2022\/06\/logo-palacio-dark.png","contentUrl":"https:\/\/coolrooms.com\/palaciovillapanes\/wp-content\/uploads\/sites\/7\/2022\/06\/logo-palacio-dark.png","width":300,"height":233,"caption":"Palacio Villapanes"},"image":{"@id":"https:\/\/coolrooms.com\/palaciovillapanes\/#\/schema\/logo\/image\/"},"sameAs":["https:\/\/www.facebook.com\/palaciodevillapanes\/","https:\/\/www.instagram.com\/palaciovillapanes\/","https:\/\/www.linkedin.com\/company\/hotel-palacio-de-villapans"]}]}},"acf":[],"_links":{"self":[{"href":"https:\/\/coolrooms.com\/palaciovillapanes\/wp-json\/wp\/v2\/pages\/4538","targetHints":{"allow":["GET"]}}],"collection":[{"href":"https:\/\/coolrooms.com\/palaciovillapanes\/wp-json\/wp\/v2\/pages"}],"about":[{"href":"https:\/\/coolrooms.com\/palaciovillapanes\/wp-json\/wp\/v2\/types\/page"}],"author":[{"embeddable":true,"href":"https:\/\/coolrooms.com\/palaciovillapanes\/wp-json\/wp\/v2\/users\/13"}],"replies":[{"embeddable":true,"href":"https:\/\/coolrooms.com\/palaciovillapanes\/wp-json\/wp\/v2\/comments?post=4538"}],"version-history":[{"count":0,"href":"https:\/\/coolrooms.com\/palaciovillapanes\/wp-json\/wp\/v2\/pages\/4538\/revisions"}],"wp:attachment":[{"href":"https:\/\/coolrooms.com\/palaciovillapanes\/wp-json\/wp\/v2\/media?parent=4538"}],"curies":[{"name":"wp","href":"https:\/\/api.w.org\/{rel}","templated":true}]}}