{"id":22426,"date":"2022-10-19T08:34:12","date_gmt":"2022-10-19T08:34:12","guid":{"rendered":"https:\/\/coolrooms.com\/palaciovillapanes\/politicascancelacionypagos\/"},"modified":"2024-02-16T10:45:07","modified_gmt":"2024-02-16T10:45:07","slug":"politicascancelacionypagos","status":"publish","type":"page","link":"https:\/\/coolrooms.com\/palaciovillapanes\/pt-pt\/politicascancelacionypagos\/","title":{"rendered":"Pol\u00edticas de cancelamento e pagamento"},"content":{"rendered":"\t\t<div data-elementor-type=\"wp-page\" data-elementor-id=\"22426\" class=\"elementor elementor-22426 elementor-16936\" data-elementor-post-type=\"page\">\n\t\t\t\t\t\t<section data-dce-background-image-url=\"https:\/\/coolrooms.com\/palaciovillapanes\/wp-content\/uploads\/sites\/7\/2017\/02\/background_1.jpg\" class=\"elementor-section elementor-top-section elementor-element elementor-element-31aad5e0 elementor-section-boxed elementor-section-height-default elementor-section-height-default\" data-id=\"31aad5e0\" data-element_type=\"section\" data-e-type=\"section\" data-settings=\"{&quot;background_background&quot;:&quot;classic&quot;}\">\n\t\t\t\t\t\t<div class=\"elementor-container elementor-column-gap-default\">\n\t\t\t\t\t<div class=\"elementor-column elementor-col-100 elementor-top-column elementor-element elementor-element-35ba5a17\" data-id=\"35ba5a17\" data-element_type=\"column\" data-e-type=\"column\" data-settings=\"{&quot;background_background&quot;:&quot;classic&quot;}\">\n\t\t\t<div class=\"elementor-widget-wrap elementor-element-populated\">\n\t\t\t\t\t\t<div class=\"elementor-element elementor-element-1ac701 elementor-widget elementor-widget-heading\" data-id=\"1ac701\" data-element_type=\"widget\" data-e-type=\"widget\" data-widget_type=\"heading.default\">\n\t\t\t\t<div class=\"elementor-widget-container\">\n\t\t\t\t\t<h2 class=\"elementor-heading-title elementor-size-default\">Pol\u00edtica de cancelamento e pagamento<\/h2>\t\t\t\t<\/div>\n\t\t\t\t<\/div>\n\t\t\t\t<div class=\"elementor-element elementor-element-9536c09 elementor-widget elementor-widget-text-editor\" data-id=\"9536c09\" data-element_type=\"widget\" data-e-type=\"widget\" data-widget_type=\"text-editor.default\">\n\t\t\t\t<div class=\"elementor-widget-container\">\n\t\t\t\t\t\t\t\t\t<p><strong>Pol\u00edtica de cancelamento | Pagamentos\u00a0|\u00a0Cancelamentos\u00a0 \u00a0 \u00a0 \u00a0 \u00a0\u00a0<\/strong><\/p>\t\t\t\t\t\t\t\t<\/div>\n\t\t\t\t<\/div>\n\t\t\t\t<div class=\"elementor-element elementor-element-0dac5d5 elementor-widget elementor-widget-heading\" data-id=\"0dac5d5\" data-element_type=\"widget\" data-e-type=\"widget\" data-widget_type=\"heading.default\">\n\t\t\t\t<div class=\"elementor-widget-container\">\n\t\t\t\t\t<h3 class=\"elementor-heading-title elementor-size-default\">Pol\u00edtica de Cancelamento <\/h3>\t\t\t\t<\/div>\n\t\t\t\t<\/div>\n\t\t\t\t<div class=\"elementor-element elementor-element-68980cb elementor-widget elementor-widget-text-editor\" data-id=\"68980cb\" data-element_type=\"widget\" data-e-type=\"widget\" id=\"cancelaciones\" data-widget_type=\"text-editor.default\">\n\t\t\t\t<div class=\"elementor-widget-container\">\n\t\t\t\t\t\t\t\t\t<p><strong>Pol\u00edtica do CoolRooms Palacio de Villapan\u00e9s<\/strong><\/p><ul><li data-leveltext=\"\uf0b7\" data-font=\"Symbol\" data-listid=\"1\" data-list-defn-props=\"{&quot;335552541&quot;:1,&quot;335559684&quot;:-2,&quot;335559685&quot;:720,&quot;335559991&quot;:360,&quot;469769226&quot;:&quot;Symbol&quot;,&quot;469769242&quot;:[8226],&quot;469777803&quot;:&quot;left&quot;,&quot;469777804&quot;:&quot;\uf0b7&quot;,&quot;469777815&quot;:&quot;multilevel&quot;}\" data-aria-posinset=\"1\" data-aria-level=\"1\"><em><strong>Pol\u00edtica de Cancelamento Tarifa Flex\u00edvel<\/strong><\/em><\/li><\/ul><p>Deve cancelar a sua reserva <strong>pelo menos 48 horas antes da data prevista de chegada<\/strong>. Se n\u00e3o cancelar dentro do prazo ou n\u00e3o comparecer, ser-lhe-\u00e1 cobrada a primeira noite de alojamento.\u202f\u202f<\/p><p>O hotel reserva-se o direito de verificar a validade dos dados do seu cart\u00e3o de cr\u00e9dito antes da chegada. Este \u00e9 um processo padr\u00e3o de pr\u00e9-autoriza\u00e7\u00e3o, o montante da primeira noite pode ser cobrado e o valor desta cobran\u00e7a ser\u00e1 reembolsado imediatamente ap\u00f3s a verifica\u00e7\u00e3o.\u202f\u202f<\/p><p>No momento do check-in, ser\u00e1 cobrado o valor total da estadia reservada.<\/p><p><span data-contrast=\"none\">\u202f<\/span><span data-ccp-props=\"{&quot;134233117&quot;:false,&quot;134233118&quot;:false,&quot;201341983&quot;:0,&quot;335559738&quot;:0,&quot;335559739&quot;:0,&quot;335559740&quot;:240}\">\u00a0<\/span><\/p><ul><li data-leveltext=\"\uf0b7\" data-font=\"Symbol\" data-listid=\"2\" data-list-defn-props=\"{&quot;335552541&quot;:1,&quot;335559684&quot;:-2,&quot;335559685&quot;:720,&quot;335559991&quot;:360,&quot;469769226&quot;:&quot;Symbol&quot;,&quot;469769242&quot;:[8226],&quot;469777803&quot;:&quot;left&quot;,&quot;469777804&quot;:&quot;\uf0b7&quot;,&quot;469777815&quot;:&quot;multilevel&quot;}\" data-aria-posinset=\"1\" data-aria-level=\"1\"><em><strong>Pol\u00edtica de Cancelamento Tarifa Semi-flex\u00edvel<\/strong><\/em><\/li><\/ul><p>Deve cancelar a sua reserva pelo menos 15 dias antes da data prevista de chegada. Se n\u00e3o cancelar dentro do prazo ou n\u00e3o comparecer, ser-lhe-\u00e1 cobrado o montante total da estadia reservada.\u202f<\/p><p>\u00c9 permitida uma altera\u00e7\u00e3o das datas da estadia, informando diretamente o hotel <strong>pelo menos 48 horas antes da data de chegada prevista<\/strong>.\u202f\u202f<\/p><p>O hotel cobrar\u00e1 no seu cart\u00e3o de cr\u00e9dito, <strong>14 dias antes da chegada<\/strong>, o montante total da sua estadia.<\/p><p>\u00a0<\/p><ul><li data-leveltext=\"\uf0b7\" data-font=\"Symbol\" data-listid=\"3\" data-list-defn-props=\"{&quot;335552541&quot;:1,&quot;335559684&quot;:-2,&quot;335559685&quot;:720,&quot;335559991&quot;:360,&quot;469769226&quot;:&quot;Symbol&quot;,&quot;469769242&quot;:[8226],&quot;469777803&quot;:&quot;left&quot;,&quot;469777804&quot;:&quot;\uf0b7&quot;,&quot;469777815&quot;:&quot;multilevel&quot;}\" data-aria-posinset=\"1\" data-aria-level=\"1\"><strong><em>Pol\u00edtica de Cancelamento Tarifa Pr\u00e9-paga<\/em><\/strong><\/li><\/ul><p>As reservas pr\u00e9-pagas est\u00e3o sujeitas a uma oferta de desconto especial e n\u00e3o podem ser canceladas.\u202f\u202f<\/p><p>\u00c9 permitida uma altera\u00e7\u00e3o das datas da estadia mediante informa\u00e7\u00e3o direta ao hotel, <strong>pelo menos 48 horas antes da data prevista de chegada<\/strong>, exceto para reservas em julho e agosto.\u202f<\/p><p>O hotel debitar\u00e1 o montante total da estadia no seu cart\u00e3o de cr\u00e9dito durante o processo de reserva.<\/p>\t\t\t\t\t\t\t\t<\/div>\n\t\t\t\t<\/div>\n\t\t\t\t<div class=\"elementor-element elementor-element-c05bc05 elementor-widget elementor-widget-heading\" data-id=\"c05bc05\" data-element_type=\"widget\" data-e-type=\"widget\" data-widget_type=\"heading.default\">\n\t\t\t\t<div class=\"elementor-widget-container\">\n\t\t\t\t\t<h3 class=\"elementor-heading-title elementor-size-default\">Pol\u00edtica de ni\u00f1os y camas supletorias\u202f<\/h3>\t\t\t\t<\/div>\n\t\t\t\t<\/div>\n\t\t\t\t<div class=\"elementor-element elementor-element-a7fad3f elementor-widget elementor-widget-text-editor\" data-id=\"a7fad3f\" data-element_type=\"widget\" data-e-type=\"widget\" id=\"pagos\" data-widget_type=\"text-editor.default\">\n\t\t\t\t<div class=\"elementor-widget-container\">\n\t\t\t\t\t\t\t\t\t<p><span class=\"TextRun SCXW249081223 BCX9\" lang=\"ES-ES\" xml:lang=\"ES-ES\" data-contrast=\"none\"><span class=\"NormalTextRun SCXW249081223 BCX9\" data-ccp-charstyle=\"normaltextrun\" data-ccp-charstyle-defn=\"{&quot;ObjectId&quot;:&quot;02b2707c-3e83-4519-9b45-7a70c8cc3293|150&quot;,&quot;ClassId&quot;:1073872969,&quot;Properties&quot;:[469775450,&quot;normaltextrun&quot;,201340122,&quot;1&quot;,134233614,&quot;true&quot;,469778129,&quot;normaltextrun&quot;,335572020,&quot;1&quot;,469778324,&quot;Default Paragraph Font&quot;]}\">Cualquier tipo de cama supletoria o cuna es previa solicitud y debe ser confirmada por el hotel.<\/span><span class=\"NormalTextRun SCXW249081223 BCX9\" data-ccp-charstyle=\"normaltextrun\"> La cama supletoria tiene un coste de 50\u20ac por cama y noche (Solo disponible para ni\u00f1os en edades de 3 a 7 a\u00f1os). El hotel dispone de habitaciones con sof\u00e1 cama para ni\u00f1os desde 8 a\u00f1os y adultos,\u202fas\u00ed\u202fcomo habitaciones familiares conectadas.\u202f<\/span><span class=\"NormalTextRun SCXW249081223 BCX9\" data-ccp-charstyle=\"eop\" data-ccp-charstyle-defn=\"{&quot;ObjectId&quot;:&quot;02b2707c-3e83-4519-9b45-7a70c8cc3293|151&quot;,&quot;ClassId&quot;:1073872969,&quot;Properties&quot;:[469775450,&quot;eop&quot;,201340122,&quot;1&quot;,134233614,&quot;true&quot;,469778129,&quot;eop&quot;,335572020,&quot;1&quot;,469778324,&quot;Default Paragraph Font&quot;]}\">\u202f<\/span><\/span><span class=\"EOP SCXW249081223 BCX9\" data-ccp-props=\"{&quot;134233117&quot;:false,&quot;134233118&quot;:false,&quot;201341983&quot;:0,&quot;335559738&quot;:0,&quot;335559739&quot;:0,&quot;335559740&quot;:240}\">\u00a0<\/span><\/p>\t\t\t\t\t\t\t\t<\/div>\n\t\t\t\t<\/div>\n\t\t\t\t<div class=\"elementor-element elementor-element-3ed030a elementor-widget elementor-widget-heading\" data-id=\"3ed030a\" data-element_type=\"widget\" data-e-type=\"widget\" data-widget_type=\"heading.default\">\n\t\t\t\t<div class=\"elementor-widget-container\">\n\t\t\t\t\t<h3 class=\"elementor-heading-title elementor-size-default\">Cancelaciones<\/h3>\t\t\t\t<\/div>\n\t\t\t\t<\/div>\n\t\t\t\t<div class=\"elementor-element elementor-element-a341d2a elementor-widget elementor-widget-text-editor\" data-id=\"a341d2a\" data-element_type=\"widget\" data-e-type=\"widget\" id=\"cancelar\" data-widget_type=\"text-editor.default\">\n\t\t\t\t<div class=\"elementor-widget-container\">\n\t\t\t\t\t\t\t\t\t<p>La cancelaci\u00f3n de su reserva se puede realizar enviando un email a <a href=\"mailto:reservations@palaciovillapanes.com\">reservations@palaciovillapanes.com<\/a><\/p>\t\t\t\t\t\t\t\t<\/div>\n\t\t\t\t<\/div>\n\t\t\t\t\t<\/div>\n\t\t<\/div>\n\t\t\t\t\t<\/div>\n\t\t<\/section>\n\t\t\t\t<\/div>\n\t\t","protected":false},"excerpt":{"rendered":"<p>Pol\u00edtica de cancelamento e pagamento Pol\u00edtica de cancelamento | Pagamentos\u00a0|\u00a0Cancelamentos\u00a0 \u00a0 \u00a0 \u00a0 \u00a0\u00a0 Pol\u00edtica de Cancelamento Pol\u00edtica do CoolRooms Palacio de Villapan\u00e9s Pol\u00edtica de Cancelamento Tarifa Flex\u00edvel Deve cancelar a sua reserva pelo menos 48 horas antes da data prevista de chegada. Se n\u00e3o cancelar dentro do prazo ou n\u00e3o comparecer, ser-lhe-\u00e1 cobrada a [&hellip;]<\/p>\n","protected":false},"author":19,"featured_media":0,"parent":0,"menu_order":0,"comment_status":"closed","ping_status":"closed","template":"","meta":{"_acf_changed":false,"footnotes":""},"class_list":["post-22426","page","type-page","status-publish","hentry"],"yoast_head":"<!-- This site is optimized with the Yoast SEO plugin v27.4 - https:\/\/yoast.com\/product\/yoast-seo-wordpress\/ -->\n<title>Pol\u00edticas de cancelamento e pagamento - Hotel CoolRooms Palacio Villapan\u00e9s Sevilla<\/title>\n<meta name=\"description\" content=\"Consulte as nossas pol\u00edticas de cancelamento e de pagamento. Estamos aqui para o ajudar. Obrigado por nos ter escolhido. CoolRooms Palacio de Villapan\u00e9s\" \/>\n<meta name=\"robots\" content=\"noindex, follow\" \/>\n<meta property=\"og:locale\" content=\"pt_PT\" \/>\n<meta property=\"og:type\" content=\"article\" \/>\n<meta property=\"og:title\" content=\"Pol\u00edticas de cancelamento e pagamento - Hotel CoolRooms Palacio Villapan\u00e9s Sevilla\" \/>\n<meta property=\"og:description\" content=\"Consulte as nossas pol\u00edticas de cancelamento e de pagamento. Estamos aqui para o ajudar. Obrigado por nos ter escolhido. CoolRooms Palacio de Villapan\u00e9s\" \/>\n<meta property=\"og:url\" content=\"https:\/\/coolrooms.com\/palaciovillapanes\/pt-pt\/politicascancelacionypagos\/\" \/>\n<meta property=\"og:site_name\" content=\"Hotel CoolRooms Palacio Villapan\u00e9s Sevilla\" \/>\n<meta property=\"article:publisher\" content=\"https:\/\/www.facebook.com\/palaciodevillapanes\/\" \/>\n<meta property=\"article:modified_time\" content=\"2024-02-16T10:45:07+00:00\" \/>\n<meta property=\"og:image\" content=\"https:\/\/coolrooms.com\/palaciovillapanes\/wp-content\/uploads\/sites\/7\/2017\/06\/logo-palacio.jpg\" \/>\n\t<meta property=\"og:image:width\" content=\"4001\" \/>\n\t<meta property=\"og:image:height\" content=\"2251\" \/>\n\t<meta property=\"og:image:type\" content=\"image\/png\" \/>\n<meta name=\"twitter:card\" content=\"summary_large_image\" \/>\n<meta name=\"twitter:label1\" content=\"Tempo estimado de leitura\" \/>\n\t<meta name=\"twitter:data1\" content=\"2 minutos\" \/>\n<script type=\"application\/ld+json\" class=\"yoast-schema-graph\">{\"@context\":\"https:\\\/\\\/schema.org\",\"@graph\":[{\"@type\":\"WebPage\",\"@id\":\"https:\\\/\\\/coolrooms.com\\\/palaciovillapanes\\\/pt-pt\\\/politicascancelacionypagos\\\/\",\"url\":\"https:\\\/\\\/coolrooms.com\\\/palaciovillapanes\\\/pt-pt\\\/politicascancelacionypagos\\\/\",\"name\":\"Pol\u00edticas de cancelamento e pagamento - Hotel CoolRooms Palacio Villapan\u00e9s Sevilla\",\"isPartOf\":{\"@id\":\"https:\\\/\\\/coolrooms.com\\\/palaciovillapanes\\\/#website\"},\"datePublished\":\"2022-10-19T08:34:12+00:00\",\"dateModified\":\"2024-02-16T10:45:07+00:00\",\"description\":\"Consulte as nossas pol\u00edticas de cancelamento e de pagamento. Estamos aqui para o ajudar. Obrigado por nos ter escolhido. CoolRooms Palacio de Villapan\u00e9s\",\"breadcrumb\":{\"@id\":\"https:\\\/\\\/coolrooms.com\\\/palaciovillapanes\\\/pt-pt\\\/politicascancelacionypagos\\\/#breadcrumb\"},\"inLanguage\":\"pt-PT\",\"potentialAction\":[{\"@type\":\"ReadAction\",\"target\":[\"https:\\\/\\\/coolrooms.com\\\/palaciovillapanes\\\/pt-pt\\\/politicascancelacionypagos\\\/\"]}]},{\"@type\":\"BreadcrumbList\",\"@id\":\"https:\\\/\\\/coolrooms.com\\\/palaciovillapanes\\\/pt-pt\\\/politicascancelacionypagos\\\/#breadcrumb\",\"itemListElement\":[{\"@type\":\"ListItem\",\"position\":1,\"name\":\"Portada\",\"item\":\"https:\\\/\\\/coolrooms.com\\\/palaciovillapanes\\\/\"},{\"@type\":\"ListItem\",\"position\":2,\"name\":\"Pol\u00edticas de cancelamento e pagamento\"}]},{\"@type\":\"WebSite\",\"@id\":\"https:\\\/\\\/coolrooms.com\\\/palaciovillapanes\\\/#website\",\"url\":\"https:\\\/\\\/coolrooms.com\\\/palaciovillapanes\\\/\",\"name\":\"Hotel Palacio Villapan\u00e9s Sevilla\",\"description\":\"CoolRooms |\u00a0El lujo de dormir en un Palacio\",\"publisher\":{\"@id\":\"https:\\\/\\\/coolrooms.com\\\/palaciovillapanes\\\/#organization\"},\"potentialAction\":[{\"@type\":\"SearchAction\",\"target\":{\"@type\":\"EntryPoint\",\"urlTemplate\":\"https:\\\/\\\/coolrooms.com\\\/palaciovillapanes\\\/?s={search_term_string}\"},\"query-input\":{\"@type\":\"PropertyValueSpecification\",\"valueRequired\":true,\"valueName\":\"search_term_string\"}}],\"inLanguage\":\"pt-PT\"},{\"@type\":\"Organization\",\"@id\":\"https:\\\/\\\/coolrooms.com\\\/palaciovillapanes\\\/#organization\",\"name\":\"Palacio Villapanes\",\"url\":\"https:\\\/\\\/coolrooms.com\\\/palaciovillapanes\\\/\",\"logo\":{\"@type\":\"ImageObject\",\"inLanguage\":\"pt-PT\",\"@id\":\"https:\\\/\\\/coolrooms.com\\\/palaciovillapanes\\\/#\\\/schema\\\/logo\\\/image\\\/\",\"url\":\"https:\\\/\\\/coolrooms.com\\\/palaciovillapanes\\\/wp-content\\\/uploads\\\/sites\\\/7\\\/2022\\\/06\\\/logo-palacio-dark.png\",\"contentUrl\":\"https:\\\/\\\/coolrooms.com\\\/palaciovillapanes\\\/wp-content\\\/uploads\\\/sites\\\/7\\\/2022\\\/06\\\/logo-palacio-dark.png\",\"width\":300,\"height\":233,\"caption\":\"Palacio Villapanes\"},\"image\":{\"@id\":\"https:\\\/\\\/coolrooms.com\\\/palaciovillapanes\\\/#\\\/schema\\\/logo\\\/image\\\/\"},\"sameAs\":[\"https:\\\/\\\/www.facebook.com\\\/palaciodevillapanes\\\/\",\"https:\\\/\\\/www.instagram.com\\\/palaciovillapanes\\\/\",\"https:\\\/\\\/www.linkedin.com\\\/company\\\/hotel-palacio-de-villapans\"]}]}<\/script>\n<!-- \/ Yoast SEO plugin. -->","yoast_head_json":{"title":"Pol\u00edticas de cancelamento e pagamento - Hotel CoolRooms Palacio Villapan\u00e9s Sevilla","description":"Consulte as nossas pol\u00edticas de cancelamento e de pagamento. Estamos aqui para o ajudar. Obrigado por nos ter escolhido. CoolRooms Palacio de Villapan\u00e9s","robots":{"index":"noindex","follow":"follow"},"og_locale":"pt_PT","og_type":"article","og_title":"Pol\u00edticas de cancelamento e pagamento - Hotel CoolRooms Palacio Villapan\u00e9s Sevilla","og_description":"Consulte as nossas pol\u00edticas de cancelamento e de pagamento. Estamos aqui para o ajudar. Obrigado por nos ter escolhido. CoolRooms Palacio de Villapan\u00e9s","og_url":"https:\/\/coolrooms.com\/palaciovillapanes\/pt-pt\/politicascancelacionypagos\/","og_site_name":"Hotel CoolRooms Palacio Villapan\u00e9s Sevilla","article_publisher":"https:\/\/www.facebook.com\/palaciodevillapanes\/","article_modified_time":"2024-02-16T10:45:07+00:00","og_image":[{"width":4001,"height":2251,"url":"https:\/\/coolrooms.com\/palaciovillapanes\/wp-content\/uploads\/sites\/7\/2017\/06\/logo-palacio.jpg","type":"image\/png"}],"twitter_card":"summary_large_image","twitter_misc":{"Tempo estimado de leitura":"2 minutos"},"schema":{"@context":"https:\/\/schema.org","@graph":[{"@type":"WebPage","@id":"https:\/\/coolrooms.com\/palaciovillapanes\/pt-pt\/politicascancelacionypagos\/","url":"https:\/\/coolrooms.com\/palaciovillapanes\/pt-pt\/politicascancelacionypagos\/","name":"Pol\u00edticas de cancelamento e pagamento - Hotel CoolRooms Palacio Villapan\u00e9s Sevilla","isPartOf":{"@id":"https:\/\/coolrooms.com\/palaciovillapanes\/#website"},"datePublished":"2022-10-19T08:34:12+00:00","dateModified":"2024-02-16T10:45:07+00:00","description":"Consulte as nossas pol\u00edticas de cancelamento e de pagamento. Estamos aqui para o ajudar. Obrigado por nos ter escolhido. CoolRooms Palacio de Villapan\u00e9s","breadcrumb":{"@id":"https:\/\/coolrooms.com\/palaciovillapanes\/pt-pt\/politicascancelacionypagos\/#breadcrumb"},"inLanguage":"pt-PT","potentialAction":[{"@type":"ReadAction","target":["https:\/\/coolrooms.com\/palaciovillapanes\/pt-pt\/politicascancelacionypagos\/"]}]},{"@type":"BreadcrumbList","@id":"https:\/\/coolrooms.com\/palaciovillapanes\/pt-pt\/politicascancelacionypagos\/#breadcrumb","itemListElement":[{"@type":"ListItem","position":1,"name":"Portada","item":"https:\/\/coolrooms.com\/palaciovillapanes\/"},{"@type":"ListItem","position":2,"name":"Pol\u00edticas de cancelamento e pagamento"}]},{"@type":"WebSite","@id":"https:\/\/coolrooms.com\/palaciovillapanes\/#website","url":"https:\/\/coolrooms.com\/palaciovillapanes\/","name":"Hotel Palacio Villapan\u00e9s Sevilla","description":"CoolRooms |\u00a0El lujo de dormir en un Palacio","publisher":{"@id":"https:\/\/coolrooms.com\/palaciovillapanes\/#organization"},"potentialAction":[{"@type":"SearchAction","target":{"@type":"EntryPoint","urlTemplate":"https:\/\/coolrooms.com\/palaciovillapanes\/?s={search_term_string}"},"query-input":{"@type":"PropertyValueSpecification","valueRequired":true,"valueName":"search_term_string"}}],"inLanguage":"pt-PT"},{"@type":"Organization","@id":"https:\/\/coolrooms.com\/palaciovillapanes\/#organization","name":"Palacio Villapanes","url":"https:\/\/coolrooms.com\/palaciovillapanes\/","logo":{"@type":"ImageObject","inLanguage":"pt-PT","@id":"https:\/\/coolrooms.com\/palaciovillapanes\/#\/schema\/logo\/image\/","url":"https:\/\/coolrooms.com\/palaciovillapanes\/wp-content\/uploads\/sites\/7\/2022\/06\/logo-palacio-dark.png","contentUrl":"https:\/\/coolrooms.com\/palaciovillapanes\/wp-content\/uploads\/sites\/7\/2022\/06\/logo-palacio-dark.png","width":300,"height":233,"caption":"Palacio Villapanes"},"image":{"@id":"https:\/\/coolrooms.com\/palaciovillapanes\/#\/schema\/logo\/image\/"},"sameAs":["https:\/\/www.facebook.com\/palaciodevillapanes\/","https:\/\/www.instagram.com\/palaciovillapanes\/","https:\/\/www.linkedin.com\/company\/hotel-palacio-de-villapans"]}]}},"acf":[],"_links":{"self":[{"href":"https:\/\/coolrooms.com\/palaciovillapanes\/pt-pt\/wp-json\/wp\/v2\/pages\/22426","targetHints":{"allow":["GET"]}}],"collection":[{"href":"https:\/\/coolrooms.com\/palaciovillapanes\/pt-pt\/wp-json\/wp\/v2\/pages"}],"about":[{"href":"https:\/\/coolrooms.com\/palaciovillapanes\/pt-pt\/wp-json\/wp\/v2\/types\/page"}],"author":[{"embeddable":true,"href":"https:\/\/coolrooms.com\/palaciovillapanes\/pt-pt\/wp-json\/wp\/v2\/users\/19"}],"replies":[{"embeddable":true,"href":"https:\/\/coolrooms.com\/palaciovillapanes\/pt-pt\/wp-json\/wp\/v2\/comments?post=22426"}],"version-history":[{"count":0,"href":"https:\/\/coolrooms.com\/palaciovillapanes\/pt-pt\/wp-json\/wp\/v2\/pages\/22426\/revisions"}],"wp:attachment":[{"href":"https:\/\/coolrooms.com\/palaciovillapanes\/pt-pt\/wp-json\/wp\/v2\/media?parent=22426"}],"curies":[{"name":"wp","href":"https:\/\/api.w.org\/{rel}","templated":true}]}}