{"id":22406,"date":"2017-12-05T12:36:21","date_gmt":"2017-12-05T12:36:21","guid":{"rendered":"https:\/\/coolrooms.com\/palaciovillapanes\/politica-de-cookies\/"},"modified":"2024-02-15T12:58:24","modified_gmt":"2024-02-15T12:58:24","slug":"politica-de-cookies","status":"publish","type":"page","link":"https:\/\/coolrooms.com\/palaciovillapanes\/pt-pt\/politica-de-cookies\/","title":{"rendered":"Pol\u00edtica de cookies"},"content":{"rendered":"\t\t<div data-elementor-type=\"wp-page\" data-elementor-id=\"22406\" class=\"elementor elementor-22406 elementor-4472\" data-elementor-post-type=\"page\">\n\t\t\t\t\t\t<section class=\"elementor-section elementor-top-section elementor-element elementor-element-75c60881 elementor-section-boxed elementor-section-height-default elementor-section-height-default\" data-id=\"75c60881\" data-element_type=\"section\" data-e-type=\"section\" data-settings=\"{&quot;background_background&quot;:&quot;classic&quot;}\">\n\t\t\t\t\t\t<div class=\"elementor-container elementor-column-gap-default\">\n\t\t\t\t\t<div class=\"elementor-column elementor-col-100 elementor-top-column elementor-element elementor-element-18653a83\" data-id=\"18653a83\" data-element_type=\"column\" data-e-type=\"column\" data-settings=\"{&quot;background_background&quot;:&quot;classic&quot;}\">\n\t\t\t<div class=\"elementor-widget-wrap elementor-element-populated\">\n\t\t\t\t\t\t<div class=\"elementor-element elementor-element-69ff1559 elementor-widget elementor-widget-heading\" data-id=\"69ff1559\" data-element_type=\"widget\" data-e-type=\"widget\" data-widget_type=\"heading.default\">\n\t\t\t\t<div class=\"elementor-widget-container\">\n\t\t\t\t\t<h2 class=\"elementor-heading-title elementor-size-default\">Pol\u00edtica de cookies<\/h2>\t\t\t\t<\/div>\n\t\t\t\t<\/div>\n\t\t\t\t<div class=\"elementor-element elementor-element-45daab15 elementor-widget elementor-widget-text-editor\" data-id=\"45daab15\" data-element_type=\"widget\" data-e-type=\"widget\" data-widget_type=\"text-editor.default\">\n\t\t\t\t<div class=\"elementor-widget-container\">\n\t\t\t\t\t\t\t\t\t<p>Em cumprimento do dever de informa\u00e7\u00e3o previsto no ponto 2 do artigo 22 da Lei 34\/2002, de 11 de julho, de Servi\u00e7os da Sociedade da Informa\u00e7\u00e3o e do Com\u00e9rcio Eletr\u00f3nico, o objetivo desta pol\u00edtica de cookies \u00e9 inform\u00e1-lo de forma clara e precisa sobre os cookies utilizados no site da COOL ROOMS GESTI\u00d3N S.L.<\/p><h4><strong>O que s\u00e3o cookies?<\/strong><\/h4><p>Um cookie \u00e9 um pequeno ficheiro que os s\u00edtios Web enviam para o seu navegador e descarregam para o seu computador. Os cookies permitem que o s\u00edtio Web armazene e recupere informa\u00e7\u00f5es sobre a sua visita, como a sua l\u00edngua preferida e outras op\u00e7\u00f5es, a fim de melhorar os servi\u00e7os oferecidos e contribuir para uma melhor experi\u00eancia de navega\u00e7\u00e3o para o utilizador.<\/p><h4><strong>Autoriza\u00e7\u00e3o para a utiliza\u00e7\u00e3o de cookies<\/strong><\/h4><p>De acordo com o aviso de cookies que aparece no s\u00edtio Web, o utilizador aceita que, ao navegar no s\u00edtio Web, consente expressamente a utiliza\u00e7\u00e3o de cookies tal como descrito abaixo, sem preju\u00edzo de poder modificar a configura\u00e7\u00e3o do seu navegador para rejeitar a utiliza\u00e7\u00e3o de cookies.<\/p><h4><strong>Tipos de cookies<\/strong><\/h4><p>Dependendo de quem gere o dom\u00ednio a partir do qual os cookies s\u00e3o enviados e os dados s\u00e3o processados, \u00e9 feita uma distin\u00e7\u00e3o entre cookies de primeira parte e cookies de terceiros.<\/p><p>Os cookies podem tamb\u00e9m ser classificados de acordo com o per\u00edodo de tempo em que permanecem armazenados no navegador do utilizador, distinguindo entre cookies de sess\u00e3o e cookies persistentes.<\/p><p>Por \u00faltimo, em fun\u00e7\u00e3o da finalidade para a qual as informa\u00e7\u00f5es recolhidas s\u00e3o tratadas, os cookies podem ser classificados nas seguintes categorias:<\/p><ul><li><strong>Cookies t\u00e9cnicos<\/strong>: permitem ao utilizador navegar num s\u00edtio Web e utilizar alguns dos servi\u00e7os oferecidos pelo mesmo (como, por exemplo, os utilizados para recordar os artigos de um carrinho de compras).<\/li><li><strong>Cookies de personaliza\u00e7\u00e3o<\/strong>: permitem ao utilizador aceder ao s\u00edtio Web com determinadas caracter\u00edsticas, como a l\u00edngua.<\/li><li><strong>Cookies de seguran\u00e7a<\/strong>: s\u00e3o utilizados para impedir ou dificultar ataques ao s\u00edtio Web.<\/li><li><strong>Cookies complementares<\/strong>: para a partilha de conte\u00fados sociais: os chamados plugins, que permitem a partilha de conte\u00fados nas redes sociais.<\/li><li><strong>Cookies de an\u00e1lise<\/strong>: permitem \u00e0 parte respons\u00e1vel monitorizar o comportamento do utilizador.<\/li><li><strong>Cookies de publicidade<\/strong>: permitem a gest\u00e3o do espa\u00e7o publicit\u00e1rio no s\u00edtio Web.<\/li><\/ul><ul><li><strong>Cookies de publicidade comportamental<\/strong>: tal como os anteriores, s\u00e3o utilizados para gerir os espa\u00e7os publicit\u00e1rios do s\u00edtio Web com base na informa\u00e7\u00e3o recolhida sobre o comportamento e os h\u00e1bitos do utilizador, adaptando a publicidade ao perfil do utilizador.<\/li><li><strong>Cookies de geolocaliza\u00e7\u00e3o<\/strong>: utilizados para descobrir o pa\u00eds onde o utilizador est\u00e1 localizado.<\/li><\/ul><h4><strong>Como modificar a configura\u00e7\u00e3o dos cookies<\/strong><\/h4><p>O utilizador pode restringir, bloquear ou eliminar os cookies da COOL ROOMS GESTI\u00d3N S.L. ou de qualquer outro site atrav\u00e9s do seu navegador. Em cada navegador, a opera\u00e7\u00e3o \u00e9 diferente, voc\u00ea pode encontrar como faz\u00ea-lo no menu de ajuda do seu navegador, onde o procedimento para sua elimina\u00e7\u00e3o \u00e9 estabelecido. Para mais informa\u00e7\u00f5es:<\/p><ul><li>Google Chrome:<a href=\"https:\/\/support.google.com\/chrome\/answer\/95647?co=GENIE.Platform%253 DDesktop&amp;hl=es\"> https:\/\/support.google.com\/chrome\/answer\/95647?co=GENIE.Platform%253 DDesktop&amp;hl=es<\/a><\/li><li>Mozilla Firefox: <a href=\"https:\/\/support.mozilla.org\/es\/kb\/habilitar-y-deshabilitar-cookies- sitios-web-rastrear-preferencias\">https:\/\/support.mozilla.org\/es\/kb\/habilitar-y-deshabilitar-cookies- sitios-web-rastrear-preferencias<\/a><\/li><li>Safari: <a href=\"https:\/\/support.apple.com\/es-es\/guide\/safari\/sfri11471\/mac\">https:\/\/support.apple.com\/es-es\/guide\/safari\/sfri11471\/mac<\/a><\/li><li>Internet Explorer:<a href=\"https:\/\/support.microsoft.com\/es-es\/help\/278835\/how-to-delete-cookie-files-in-internet-explorer\"> https:\/\/support.microsoft.com\/es-es\/help\/278835\/how-to-delete-cookie-files-in-internet-explorer <\/a><\/li><\/ul><p>\u00c9 poss\u00edvel que, ao desativar os cookies, o site n\u00e3o funcione corretamente ou que n\u00e3o seja poss\u00edvel aceder a determinadas fun\u00e7\u00f5es do site. Cookies utilizados no site O site utiliza diferentes tipos de cookies para diferentes finalidades, os cookies utilizados s\u00e3o os seguintes: Modifica\u00e7\u00e3o das condi\u00e7\u00f5es A COOL ROOMS GESTI\u00d3N S.L. reserva-se expressamente o direito de modificar unilateralmente, no todo ou em parte, sem aviso pr\u00e9vio, a presente Pol\u00edtica de Cookies. O utilizador reconhece e aceita que \u00e9 da sua responsabilidade rever esta Pol\u00edtica de Cookies.<\/p><h4>\u00a0<\/h4><h4><strong>Cookies utilizados no s\u00edtio Web<\/strong><\/h4><p>S\u00e3o utilizados diferentes tipos de cookies no s\u00edtio Web para diferentes fins. Os cookies utilizados s\u00e3o enumerados abaixo:<\/p><table class=\"data\"><tbody><tr><td>IDE<\/td><\/tr><tr><td>_fbp<\/td><\/tr><tr class=\"data-grid-data-grid-node revealed\"><td>_ga<\/td><\/tr><tr><td>_gid<\/td><\/tr><tr><td>_icl_current_language<\/td><\/tr><tr><td>_icl_visitor_lang_js<\/td><td>\u00a0<\/td><\/tr><tr><td>fr<\/td><td>\u00a0<\/td><\/tr><tr><td>gid<\/td><td>\u00a0<\/td><\/tr><tr><td>wpml_browser_redirect_test<\/td><td>\u00a0<\/td><\/tr><\/tbody><\/table><h3>\u00a0<\/h3><h4><strong>Modifica\u00e7\u00e3o das condi\u00e7\u00f5es<\/strong><\/h4><p>COOL ROOMS GESTI\u00d3N S.L. reserva-se expressamente o direito de modificar unilateralmente, total ou parcialmente, sem aviso pr\u00e9vio, a presente Pol\u00edtica de Cookies. O utilizador reconhece e aceita que \u00e9 da sua responsabilidade rever esta Pol\u00edtica de Cookies.<\/p>\t\t\t\t\t\t\t\t<\/div>\n\t\t\t\t<\/div>\n\t\t\t\t\t<\/div>\n\t\t<\/div>\n\t\t\t\t\t<\/div>\n\t\t<\/section>\n\t\t\t\t<\/div>\n\t\t","protected":false},"excerpt":{"rendered":"<p>Pol\u00edtica de cookies Em cumprimento do dever de informa\u00e7\u00e3o previsto no ponto 2 do artigo 22 da Lei 34\/2002, de 11 de julho, de Servi\u00e7os da Sociedade da Informa\u00e7\u00e3o e do Com\u00e9rcio Eletr\u00f3nico, o objetivo desta pol\u00edtica de cookies \u00e9 inform\u00e1-lo de forma clara e precisa sobre os cookies utilizados no site da COOL ROOMS [&hellip;]<\/p>\n","protected":false},"author":13,"featured_media":0,"parent":0,"menu_order":0,"comment_status":"closed","ping_status":"closed","template":"","meta":{"_acf_changed":false,"footnotes":""},"class_list":["post-22406","page","type-page","status-publish","hentry"],"yoast_head":"<!-- This site is optimized with the Yoast SEO plugin v27.4 - https:\/\/yoast.com\/product\/yoast-seo-wordpress\/ -->\n<title>Pol\u00edtica de cookies - Hotel CoolRooms Palacio Villapan\u00e9s Sevilla<\/title>\n<meta name=\"robots\" content=\"noindex, follow\" \/>\n<meta property=\"og:locale\" content=\"pt_PT\" \/>\n<meta property=\"og:type\" content=\"article\" \/>\n<meta property=\"og:title\" content=\"Pol\u00edtica de cookies - Hotel CoolRooms Palacio Villapan\u00e9s Sevilla\" \/>\n<meta property=\"og:description\" content=\"Pol\u00edtica de cookies Em cumprimento do dever de informa\u00e7\u00e3o previsto no ponto 2 do artigo 22 da Lei 34\/2002, de 11 de julho, de Servi\u00e7os da Sociedade da Informa\u00e7\u00e3o e do Com\u00e9rcio Eletr\u00f3nico, o objetivo desta pol\u00edtica de cookies \u00e9 inform\u00e1-lo de forma clara e precisa sobre os cookies utilizados no site da COOL ROOMS [&hellip;]\" \/>\n<meta property=\"og:url\" content=\"https:\/\/coolrooms.com\/palaciovillapanes\/pt-pt\/politica-de-cookies\/\" \/>\n<meta property=\"og:site_name\" content=\"Hotel CoolRooms Palacio Villapan\u00e9s Sevilla\" \/>\n<meta property=\"article:publisher\" content=\"https:\/\/www.facebook.com\/palaciodevillapanes\/\" \/>\n<meta property=\"article:modified_time\" content=\"2024-02-15T12:58:24+00:00\" \/>\n<meta property=\"og:image\" content=\"https:\/\/coolrooms.com\/palaciovillapanes\/wp-content\/uploads\/sites\/7\/2017\/06\/logo-palacio.jpg\" \/>\n\t<meta property=\"og:image:width\" content=\"4001\" \/>\n\t<meta property=\"og:image:height\" content=\"2251\" \/>\n\t<meta property=\"og:image:type\" content=\"image\/png\" \/>\n<meta name=\"twitter:card\" content=\"summary_large_image\" \/>\n<meta name=\"twitter:label1\" content=\"Tempo estimado de leitura\" \/>\n\t<meta name=\"twitter:data1\" content=\"3 minutos\" \/>\n<script type=\"application\/ld+json\" class=\"yoast-schema-graph\">{\"@context\":\"https:\\\/\\\/schema.org\",\"@graph\":[{\"@type\":\"WebPage\",\"@id\":\"https:\\\/\\\/coolrooms.com\\\/palaciovillapanes\\\/pt-pt\\\/politica-de-cookies\\\/\",\"url\":\"https:\\\/\\\/coolrooms.com\\\/palaciovillapanes\\\/pt-pt\\\/politica-de-cookies\\\/\",\"name\":\"Pol\u00edtica de cookies - Hotel CoolRooms Palacio Villapan\u00e9s Sevilla\",\"isPartOf\":{\"@id\":\"https:\\\/\\\/coolrooms.com\\\/palaciovillapanes\\\/#website\"},\"datePublished\":\"2017-12-05T12:36:21+00:00\",\"dateModified\":\"2024-02-15T12:58:24+00:00\",\"breadcrumb\":{\"@id\":\"https:\\\/\\\/coolrooms.com\\\/palaciovillapanes\\\/pt-pt\\\/politica-de-cookies\\\/#breadcrumb\"},\"inLanguage\":\"pt-PT\",\"potentialAction\":[{\"@type\":\"ReadAction\",\"target\":[\"https:\\\/\\\/coolrooms.com\\\/palaciovillapanes\\\/pt-pt\\\/politica-de-cookies\\\/\"]}]},{\"@type\":\"BreadcrumbList\",\"@id\":\"https:\\\/\\\/coolrooms.com\\\/palaciovillapanes\\\/pt-pt\\\/politica-de-cookies\\\/#breadcrumb\",\"itemListElement\":[{\"@type\":\"ListItem\",\"position\":1,\"name\":\"Portada\",\"item\":\"https:\\\/\\\/coolrooms.com\\\/palaciovillapanes\\\/\"},{\"@type\":\"ListItem\",\"position\":2,\"name\":\"Pol\u00edtica de cookies\"}]},{\"@type\":\"WebSite\",\"@id\":\"https:\\\/\\\/coolrooms.com\\\/palaciovillapanes\\\/#website\",\"url\":\"https:\\\/\\\/coolrooms.com\\\/palaciovillapanes\\\/\",\"name\":\"Hotel Palacio Villapan\u00e9s Sevilla\",\"description\":\"CoolRooms |\u00a0El lujo de dormir en un Palacio\",\"publisher\":{\"@id\":\"https:\\\/\\\/coolrooms.com\\\/palaciovillapanes\\\/#organization\"},\"potentialAction\":[{\"@type\":\"SearchAction\",\"target\":{\"@type\":\"EntryPoint\",\"urlTemplate\":\"https:\\\/\\\/coolrooms.com\\\/palaciovillapanes\\\/?s={search_term_string}\"},\"query-input\":{\"@type\":\"PropertyValueSpecification\",\"valueRequired\":true,\"valueName\":\"search_term_string\"}}],\"inLanguage\":\"pt-PT\"},{\"@type\":\"Organization\",\"@id\":\"https:\\\/\\\/coolrooms.com\\\/palaciovillapanes\\\/#organization\",\"name\":\"Palacio Villapanes\",\"url\":\"https:\\\/\\\/coolrooms.com\\\/palaciovillapanes\\\/\",\"logo\":{\"@type\":\"ImageObject\",\"inLanguage\":\"pt-PT\",\"@id\":\"https:\\\/\\\/coolrooms.com\\\/palaciovillapanes\\\/#\\\/schema\\\/logo\\\/image\\\/\",\"url\":\"https:\\\/\\\/coolrooms.com\\\/palaciovillapanes\\\/wp-content\\\/uploads\\\/sites\\\/7\\\/2022\\\/06\\\/logo-palacio-dark.png\",\"contentUrl\":\"https:\\\/\\\/coolrooms.com\\\/palaciovillapanes\\\/wp-content\\\/uploads\\\/sites\\\/7\\\/2022\\\/06\\\/logo-palacio-dark.png\",\"width\":300,\"height\":233,\"caption\":\"Palacio Villapanes\"},\"image\":{\"@id\":\"https:\\\/\\\/coolrooms.com\\\/palaciovillapanes\\\/#\\\/schema\\\/logo\\\/image\\\/\"},\"sameAs\":[\"https:\\\/\\\/www.facebook.com\\\/palaciodevillapanes\\\/\",\"https:\\\/\\\/www.instagram.com\\\/palaciovillapanes\\\/\",\"https:\\\/\\\/www.linkedin.com\\\/company\\\/hotel-palacio-de-villapans\"]}]}<\/script>\n<!-- \/ Yoast SEO plugin. -->","yoast_head_json":{"title":"Pol\u00edtica de cookies - Hotel CoolRooms Palacio Villapan\u00e9s Sevilla","robots":{"index":"noindex","follow":"follow"},"og_locale":"pt_PT","og_type":"article","og_title":"Pol\u00edtica de cookies - Hotel CoolRooms Palacio Villapan\u00e9s Sevilla","og_description":"Pol\u00edtica de cookies Em cumprimento do dever de informa\u00e7\u00e3o previsto no ponto 2 do artigo 22 da Lei 34\/2002, de 11 de julho, de Servi\u00e7os da Sociedade da Informa\u00e7\u00e3o e do Com\u00e9rcio Eletr\u00f3nico, o objetivo desta pol\u00edtica de cookies \u00e9 inform\u00e1-lo de forma clara e precisa sobre os cookies utilizados no site da COOL ROOMS [&hellip;]","og_url":"https:\/\/coolrooms.com\/palaciovillapanes\/pt-pt\/politica-de-cookies\/","og_site_name":"Hotel CoolRooms Palacio Villapan\u00e9s Sevilla","article_publisher":"https:\/\/www.facebook.com\/palaciodevillapanes\/","article_modified_time":"2024-02-15T12:58:24+00:00","og_image":[{"width":4001,"height":2251,"url":"https:\/\/coolrooms.com\/palaciovillapanes\/wp-content\/uploads\/sites\/7\/2017\/06\/logo-palacio.jpg","type":"image\/png"}],"twitter_card":"summary_large_image","twitter_misc":{"Tempo estimado de leitura":"3 minutos"},"schema":{"@context":"https:\/\/schema.org","@graph":[{"@type":"WebPage","@id":"https:\/\/coolrooms.com\/palaciovillapanes\/pt-pt\/politica-de-cookies\/","url":"https:\/\/coolrooms.com\/palaciovillapanes\/pt-pt\/politica-de-cookies\/","name":"Pol\u00edtica de cookies - Hotel CoolRooms Palacio Villapan\u00e9s Sevilla","isPartOf":{"@id":"https:\/\/coolrooms.com\/palaciovillapanes\/#website"},"datePublished":"2017-12-05T12:36:21+00:00","dateModified":"2024-02-15T12:58:24+00:00","breadcrumb":{"@id":"https:\/\/coolrooms.com\/palaciovillapanes\/pt-pt\/politica-de-cookies\/#breadcrumb"},"inLanguage":"pt-PT","potentialAction":[{"@type":"ReadAction","target":["https:\/\/coolrooms.com\/palaciovillapanes\/pt-pt\/politica-de-cookies\/"]}]},{"@type":"BreadcrumbList","@id":"https:\/\/coolrooms.com\/palaciovillapanes\/pt-pt\/politica-de-cookies\/#breadcrumb","itemListElement":[{"@type":"ListItem","position":1,"name":"Portada","item":"https:\/\/coolrooms.com\/palaciovillapanes\/"},{"@type":"ListItem","position":2,"name":"Pol\u00edtica de cookies"}]},{"@type":"WebSite","@id":"https:\/\/coolrooms.com\/palaciovillapanes\/#website","url":"https:\/\/coolrooms.com\/palaciovillapanes\/","name":"Hotel Palacio Villapan\u00e9s Sevilla","description":"CoolRooms |\u00a0El lujo de dormir en un Palacio","publisher":{"@id":"https:\/\/coolrooms.com\/palaciovillapanes\/#organization"},"potentialAction":[{"@type":"SearchAction","target":{"@type":"EntryPoint","urlTemplate":"https:\/\/coolrooms.com\/palaciovillapanes\/?s={search_term_string}"},"query-input":{"@type":"PropertyValueSpecification","valueRequired":true,"valueName":"search_term_string"}}],"inLanguage":"pt-PT"},{"@type":"Organization","@id":"https:\/\/coolrooms.com\/palaciovillapanes\/#organization","name":"Palacio Villapanes","url":"https:\/\/coolrooms.com\/palaciovillapanes\/","logo":{"@type":"ImageObject","inLanguage":"pt-PT","@id":"https:\/\/coolrooms.com\/palaciovillapanes\/#\/schema\/logo\/image\/","url":"https:\/\/coolrooms.com\/palaciovillapanes\/wp-content\/uploads\/sites\/7\/2022\/06\/logo-palacio-dark.png","contentUrl":"https:\/\/coolrooms.com\/palaciovillapanes\/wp-content\/uploads\/sites\/7\/2022\/06\/logo-palacio-dark.png","width":300,"height":233,"caption":"Palacio Villapanes"},"image":{"@id":"https:\/\/coolrooms.com\/palaciovillapanes\/#\/schema\/logo\/image\/"},"sameAs":["https:\/\/www.facebook.com\/palaciodevillapanes\/","https:\/\/www.instagram.com\/palaciovillapanes\/","https:\/\/www.linkedin.com\/company\/hotel-palacio-de-villapans"]}]}},"acf":[],"_links":{"self":[{"href":"https:\/\/coolrooms.com\/palaciovillapanes\/pt-pt\/wp-json\/wp\/v2\/pages\/22406","targetHints":{"allow":["GET"]}}],"collection":[{"href":"https:\/\/coolrooms.com\/palaciovillapanes\/pt-pt\/wp-json\/wp\/v2\/pages"}],"about":[{"href":"https:\/\/coolrooms.com\/palaciovillapanes\/pt-pt\/wp-json\/wp\/v2\/types\/page"}],"author":[{"embeddable":true,"href":"https:\/\/coolrooms.com\/palaciovillapanes\/pt-pt\/wp-json\/wp\/v2\/users\/13"}],"replies":[{"embeddable":true,"href":"https:\/\/coolrooms.com\/palaciovillapanes\/pt-pt\/wp-json\/wp\/v2\/comments?post=22406"}],"version-history":[{"count":0,"href":"https:\/\/coolrooms.com\/palaciovillapanes\/pt-pt\/wp-json\/wp\/v2\/pages\/22406\/revisions"}],"wp:attachment":[{"href":"https:\/\/coolrooms.com\/palaciovillapanes\/pt-pt\/wp-json\/wp\/v2\/media?parent=22406"}],"curies":[{"name":"wp","href":"https:\/\/api.w.org\/{rel}","templated":true}]}}