{"id":21427,"date":"2018-04-11T07:37:20","date_gmt":"2018-04-11T07:37:20","guid":{"rendered":"https:\/\/coolrooms.com\/palaciovillapanes\/aviso-legal\/"},"modified":"2024-02-08T11:43:04","modified_gmt":"2024-02-08T11:43:04","slug":"aviso-legal","status":"publish","type":"page","link":"https:\/\/coolrooms.com\/palaciovillapanes\/pt-pt\/aviso-legal\/","title":{"rendered":"Aviso Legal"},"content":{"rendered":"\t\t<div data-elementor-type=\"wp-page\" data-elementor-id=\"21427\" class=\"elementor elementor-21427 elementor-5152\" data-elementor-post-type=\"page\">\n\t\t\t\t\t\t<section data-dce-background-image-url=\"https:\/\/coolrooms.com\/palaciovillapanes\/wp-content\/uploads\/sites\/7\/2017\/02\/background_1.jpg\" class=\"elementor-section elementor-top-section elementor-element elementor-element-ba6bde8 elementor-section-boxed elementor-section-height-default elementor-section-height-default\" data-id=\"ba6bde8\" data-element_type=\"section\" data-e-type=\"section\" data-settings=\"{&quot;background_background&quot;:&quot;classic&quot;}\">\n\t\t\t\t\t\t<div class=\"elementor-container elementor-column-gap-default\">\n\t\t\t\t\t<div class=\"elementor-column elementor-col-100 elementor-top-column elementor-element elementor-element-6fa16e0\" data-id=\"6fa16e0\" data-element_type=\"column\" data-e-type=\"column\" data-settings=\"{&quot;background_background&quot;:&quot;classic&quot;}\">\n\t\t\t<div class=\"elementor-widget-wrap elementor-element-populated\">\n\t\t\t\t\t\t<div class=\"elementor-element elementor-element-5f1f350 elementor-widget elementor-widget-heading\" data-id=\"5f1f350\" data-element_type=\"widget\" data-e-type=\"widget\" data-widget_type=\"heading.default\">\n\t\t\t\t<div class=\"elementor-widget-container\">\n\t\t\t\t\t<h2 class=\"elementor-heading-title elementor-size-default\">Aviso Legal<\/h2>\t\t\t\t<\/div>\n\t\t\t\t<\/div>\n\t\t\t\t<div class=\"elementor-element elementor-element-6b9daf0 elementor-widget elementor-widget-text-editor\" data-id=\"6b9daf0\" data-element_type=\"widget\" data-e-type=\"widget\" data-widget_type=\"text-editor.default\">\n\t\t\t\t<div class=\"elementor-widget-container\">\n\t\t\t\t\t\t\t\t\t<p>Em cumprimento do dever de informa\u00e7\u00e3o previsto no artigo 10 da Lei 34\/2002, de 11 de julho, de Servi\u00e7os da Sociedade da Informa\u00e7\u00e3o e do Com\u00e9rcio Eletr\u00f3nico, informamos que o s\u00edtio Web e o portal de Internet <a href=\"https:\/\/palaciovillapanes.com\/\">https:\/\/palaciovillapanes.com\/<\/a> (doravante, o &#8220;s\u00edtio Web&#8221;) s\u00e3o propriedade da <strong>COOL ROOMS GESTI\u00d3N S.L.<\/strong>, com domic\u00edlio social em CALLE PRINCIPE DE VERGARA, 43 &#8211; 28001 &#8211; MADRID e n\u00famero de identifica\u00e7\u00e3o fiscal B-83859868. O presente aviso legal regula as condi\u00e7\u00f5es de utiliza\u00e7\u00e3o do referido portal da Internet.<\/p><h3>Lei aplic\u00e1vel e jurisdi\u00e7\u00e3o<\/h3><p>Em geral, as rela\u00e7\u00f5es entre o <strong>COOL ROOMS GESTI\u00d3N S.L.<\/strong> e os utilizadores dos seus servi\u00e7os telem\u00e1ticos no s\u00edtio Web est\u00e3o sujeitas \u00e0 legisla\u00e7\u00e3o e jurisdi\u00e7\u00e3o espanholas. As partes renunciam expressamente a qualquer outro foro que lhes possa corresponder e submetem-se expressamente aos Julgados e Tribunais de MADRID para a resolu\u00e7\u00e3o de qualquer lit\u00edgio que possa surgir na interpreta\u00e7\u00e3o ou execu\u00e7\u00e3o das presentes condi\u00e7\u00f5es contratuais.<\/p><h3>Aceita\u00e7\u00e3o do utilizador<\/h3><p>O presente Aviso Legal regula o acesso e a utiliza\u00e7\u00e3o do s\u00edtio Web que o <strong>COOL ROOMS GESTI\u00d3N S.L. <\/strong>coloca \u00e0 disposi\u00e7\u00e3o dos utilizadores da Internet. Considera-se utilizador a pessoa que acede, navega, utiliza ou participa nos servi\u00e7os e actividades do site.<br \/>O utilizador \u00e9 informado e aceita que o acesso a este site n\u00e3o implica, de forma alguma, o in\u00edcio de uma rela\u00e7\u00e3o comercial com o <strong>COOL ROOMS GESTI\u00d3N S.L.<\/strong><br \/>Ao aceder e navegar no site, o utilizador aceita todas as presentes Condi\u00e7\u00f5es de Utiliza\u00e7\u00e3o. Em caso de desacordo com as condi\u00e7\u00f5es, o utilizador dever\u00e1 abster-se de utilizar o s\u00edtio Web.<\/p><h3>Acesso ao s\u00edtio Web<\/h3><div title=\"Page 1\"><p>El acceso a la pa\u0301gina web por parte de los usuarios es de cara\u0301cter libre y gratuito. Algunos servicios pueden encontrarse sujetos a contratacio\u0301n previa del servicio.<\/p><p>En caso de ser necesario que el usuario aporte datos personales para acceder a alguno de los servicios, la recogida y el tratamiento de los datos se realizara\u0301 de conformidad con la normativa vigente, en concreto con el RGPD. Para ma\u0301s informacio\u0301n, consulte nuestra poli\u0301tica de privacidad <a href=\"https:\/\/palaciovillapanes.com\/\">https:\/\/palaciovillapanes.com\/<\/a><\/p><div title=\"Page 1\"><h3>Conte\u00fado e utiliza\u00e7\u00e3o<\/h3><div title=\"Page 1\"><p>O utilizador deve visitar o site de forma respons\u00e1vel e de acordo com a legisla\u00e7\u00e3o vigente, a boa f\u00e9, o presente Aviso Legal e o respeito pelos direitos de propriedade intelectual e industrial de que sejam titulares <strong>COOL ROOMS GESTI\u00d3N S.L.<\/strong>ou quaisquer outras pessoas singulares ou colectivas.<\/p><p>\u00c9 estritamente proibida a utiliza\u00e7\u00e3o de qualquer dos conte\u00fados do s\u00edtio Web para fins que sejam ou possam ser il\u00edcitos, bem como a realiza\u00e7\u00e3o de qualquer a\u00e7\u00e3o que cause ou possa causar danos ou possam causar danos ou altera\u00e7\u00f5es de qualquer tipo n\u00e3o consentidos pelo <strong>COOL ROOMS GESTI\u00d3N S.L.<\/strong>, no s\u00edtio Web ou nos seus conte\u00fados.<\/p><p>O propriet\u00e1rio do s\u00edtio Web n\u00e3o se identifica com as opini\u00f5es expressas no mesmo pelos seus colaboradores. A empresa reserva-se o direito de efetuar as modifica\u00e7\u00f5es que considere oportunas no seu s\u00edtio Web sem aviso pr\u00e9vio, podendo alterar, suprimir ou acrescentar tanto os conte\u00fados e servi\u00e7os prestados atrav\u00e9s do s\u00edtio Web como a forma como estes s\u00e3o apresentados ou localizados nos seus servidores.<\/p><p>O utilizador deve visitar o site de forma respons\u00e1vel e de acordo com a legisla\u00e7\u00e3o vigente, a boa f\u00e9, o presente Aviso Legal e o respeito pelos direitos de propriedade intelectual e industrial de que sejam titulares <strong>COOL ROOMS GESTI\u00d3N S.L.<\/strong> ou quaisquer outras pessoas singulares ou colectivas.<\/p><\/div><div title=\"Page 2\"><p>Fica terminantemente proibida a utiliza\u00e7\u00e3o de qualquer dos conte\u00fados do s\u00edtio Web com fins ou possibilidades de serem il\u00edcitos, assim como a realiza\u00e7\u00e3o de qualquer a\u00e7\u00e3o que cause ou possa causar danos ou altera\u00e7\u00f5es de qualquer tipo n\u00e3o consentidos pela <strong>COOL ROOMS GESTI\u00d3N S.L.<\/strong>, no s\u00edtio Web ou nos seus conte\u00fados.<\/p><div title=\"Page 2\"><h3>Propriedade intelectual e industrial<\/h3><div title=\"Page 2\"><p>Os direitos de propriedade intelectual do conte\u00fado das p\u00e1ginas web, o seu desenho gr\u00e1fico e c\u00f3digos s\u00e3o propriedade do <strong>COOL ROOMS GESTI\u00d3N S.L.<\/strong> e, portanto, fica proibida a sua reprodu\u00e7\u00e3o, distribui\u00e7\u00e3o, comunica\u00e7\u00e3o p\u00fablica, transforma\u00e7\u00e3o ou qualquer outra atividade realizada com o conte\u00fado da p\u00e1gina web, mesmo que se citem as fontes, salvo autoriza\u00e7\u00e3o pr\u00e9via, expressa e por escrito do <strong>COOL ROOMS GESTI\u00d3N S.L.<\/strong> Todos os nomes comerciais, marcas registadas ou sinais distintivos de qualquer tipo contidos nas p\u00e1ginas web da empresa s\u00e3o propriedade dos seus titulares e est\u00e3o protegidos por lei.<\/p><p><strong>COOL ROOMS GESTI\u00d3N S.L.<\/strong> n\u00e3o concede qualquer licen\u00e7a ou autoriza\u00e7\u00e3o de utiliza\u00e7\u00e3o de qualquer tipo sobre os seus direitos de propriedade intelectual e industrial ou sobre qualquer outro bem ou direito relacionado com o s\u00edtio Web, e em caso algum se entender\u00e1 que o acesso e a navega\u00e7\u00e3o dos utilizadores implica uma ren\u00fancia, transmiss\u00e3o, licen\u00e7a ou cess\u00e3o total ou parcial dos referidos direitos por parte do <strong>COOL ROOMS GESTI\u00d3N S.L.<\/strong><\/p><p>Qualquer utiliza\u00e7\u00e3o destes conte\u00fados n\u00e3o autorizada previamente pelo <strong>COOL ROOMS GESTI\u00d3N S.L.<\/strong> ser\u00e1 considerada uma infra\u00e7\u00e3o grave dos direitos de propriedade intelectual ou industrial e dar\u00e1 lugar \u00e0s responsabilidades legalmente estabelecidas. O <strong>COOL ROOMS GESTI\u00d3N S.L.<\/strong> reserva-se o direito de exercer as ac\u00e7\u00f5es judiciais e extrajudiciais oportunas contra o utilizador.<\/p><div title=\"Page 2\"><h3>Responsabilidade e garantias<\/h3><div title=\"Page 2\"><p><strong>COOL ROOMS GESTI\u00d3N S.L.<\/strong> declara que adoptou as medidas necess\u00e1rias, dentro das suas possibilidades e do estado da tecnologia, para garantir o correto funcionamento do seu site e a aus\u00eancia de v\u00edrus e componentes nocivos. No entanto, o <strong>COOL ROOMS GESTI\u00d3N S.L.<\/strong> n\u00e3o se responsabiliza pelas seguintes situa\u00e7\u00f5es, que se enumeram a t\u00edtulo enunciativo, mas n\u00e3o limitativo:<\/p><ul><li>A continuidade e disponibilidade dos Conte\u00fados.<\/li><li>A aus\u00eancia de erros nos referidos Conte\u00fados ou a corre\u00e7\u00e3o de qualquer defeito que possa ocorrer.<\/li><li>A aus\u00eancia de v\u00edrus e\/ou outros componentes nocivos.<\/li><li>Os danos ou preju\u00edzos causados por qualquer pessoa que viole os sistemas de seguran\u00e7a do <strong>COOL ROOMS GESTI\u00d3N S.L.<\/strong><\/li><li>O uso que os utilizadores possam fazer dos conte\u00fados inclu\u00eddos no site. Consequentemente, o <strong>COOL ROOMS GESTI\u00d3N S.L.<\/strong> n\u00e3o garante que a utiliza\u00e7\u00e3o que os utilizadores possam fazer dos conte\u00fados inclu\u00eddos no site, no seu caso, esteja de acordo com o presente aviso legal, nem que a utiliza\u00e7\u00e3o do site seja efectuada de forma diligente.<\/li><li>A utiliza\u00e7\u00e3o do s\u00edtio Web por menores de idade ou o envio dos seus dados pessoais sem a autoriza\u00e7\u00e3o dos seus tutores, sendo estes respons\u00e1veis pela sua utiliza\u00e7\u00e3o da Internet.<\/li><li>Os conte\u00fados a que o utilizador pode aceder atrav\u00e9s de liga\u00e7\u00f5es n\u00e3o autorizadas ou os introduzidos pelos utilizadores atrav\u00e9s de coment\u00e1rios ou ferramentas semelhantes.<\/li><\/ul><\/div><div title=\"Page 3\"><p>A introdu\u00e7\u00e3o de dados err\u00f3neos por parte do utilizador ou de terceiros.<\/p><p><strong>COOL ROOMS GESTI\u00d3N S.L. <\/strong>poder\u00e1 suspender temporariamente o acesso ao site sem aviso pr\u00e9vio para opera\u00e7\u00f5es de manuten\u00e7\u00e3o, repara\u00e7\u00e3o, atualiza\u00e7\u00e3o ou melhoria. No entanto, sempre que as circunst\u00e2ncias o permitam, o <strong>COOL ROOMS GESTI\u00d3N S.L.<\/strong> informar\u00e1 os utilizadores com a devida anteced\u00eancia sobre a data em que o conte\u00fado ser\u00e1 suspenso.<\/p><p>Da mesma forma, em conformidade com o disposto nos artigos 11 e 16 da Lei 34\/2002, de 11 de julho, de servi\u00e7os da sociedade da informa\u00e7\u00e3o e do com\u00e9rcio eletr\u00f3nico (LSSICE), <strong>COOL ROOMS GESTI\u00d3N S.L.<\/strong> compromete-se a eliminar ou, se for caso disso, a bloquear os conte\u00fados que possam afetar ou ser contr\u00e1rios \u00e0 legisla\u00e7\u00e3o vigente, aos direitos de terceiros ou \u00e0 moral e \u00e0 ordem p\u00fablica.<\/p><h3>Cookies<\/h3><p><strong>COOL ROOMS GESTI\u00d3N S.L.<\/strong> utiliza cookies para otimizar e personalizar a sua experi\u00eancia de navega\u00e7\u00e3o no site. Os cookies s\u00e3o ficheiros f\u00edsicos de informa\u00e7\u00e3o que se armazenam no pr\u00f3prio terminal do utilizador e cuja informa\u00e7\u00e3o recolhida atrav\u00e9s dos cookies \u00e9 utilizada para facilitar a navega\u00e7\u00e3o do utilizador no portal e otimizar a experi\u00eancia de navega\u00e7\u00e3o. Os dados recolhidos atrav\u00e9s dos cookies podem ser partilhados com os criadores dos mesmos, mas em nenhum caso a informa\u00e7\u00e3o obtida pelos mesmos ser\u00e1 associada a dados pessoais ou dados que possam identificar o utilizador.<\/p><p>No entanto, se o utilizador n\u00e3o quiser que os cookies sejam instalados no seu disco r\u00edgido, pode configurar o seu browser para impedir a instala\u00e7\u00e3o destes ficheiros. Para mais informa\u00e7\u00f5es, consulte a nossa Pol\u00edtica de Cookies <a href=\"https:\/\/palaciovillapanes.com\/\">https:\/\/palaciovillapanes.com\/<\/a><\/p><p>A presen\u00e7a de liga\u00e7\u00f5es no s\u00edtio Web de <strong>COOL ROOMS GESTI\u00d3N S.L.<\/strong> a outros s\u00edtios da Internet tem car\u00e1cter meramente informativo e n\u00e3o implica, em caso algum, uma sugest\u00e3o, convite ou recomenda\u00e7\u00e3o dos mesmos. O <strong>COOL ROOMS GESTI\u00d3N S.L.<\/strong> n\u00e3o se responsabiliza pelo conte\u00fado de um link pertencente a um site externo, nem garante a fiabilidade, exatid\u00e3o, exaustividade, veracidade, validade e disponibilidade t\u00e9cnica do mesmo.<\/p><p>No caso de que outras p\u00e1ginas web estabele\u00e7am liga\u00e7\u00f5es com a p\u00e1gina web do <strong>COOL ROOMS GESTI\u00d3N S.L.<\/strong>, n\u00e3o se entender\u00e1 que o <strong>COOL ROOMS GESTI\u00d3N S.L.<\/strong> tenha autorizado a liga\u00e7\u00e3o ou o conte\u00fado da p\u00e1gina web que cont\u00e9m a liga\u00e7\u00e3o, nem que na p\u00e1gina ligada se incluam conte\u00fados inadequados, difamat\u00f3rios, ilegais, obscenos, il\u00edcitos ou contr\u00e1rios \u00e0 legisla\u00e7\u00e3o vigente.<\/p><p>O <strong>COOL ROOMS GESTI\u00d3N S.L.<\/strong> reserva-se o direito de contactar o propriet\u00e1rio da p\u00e1gina web onde se estabele\u00e7a o link se considerar que se infringiu a normativa, e de empreender as ac\u00e7\u00f5es legais e extrajudiciais correspondentes.<\/p><div title=\"Page 2\"><div title=\"Page 3\"><div title=\"Page 4\"><div title=\"Page 4\"><h3>Modifica\u00e7\u00e3o das condi\u00e7\u00f5es<\/h3><p>O <strong>COOL ROOMS GESTI\u00d3N S.L. <\/strong>reserva-se expressamente o direito de modificar unilateralmente o presente Aviso Legal, no todo ou em parte, sem aviso pr\u00e9vio. Os utilizadores reconhecem e aceitam que \u00e9 da sua responsabilidade rever periodicamente este Aviso Legal.<\/p><\/div><\/div><\/div><\/div><\/div><\/div><\/div><\/div><\/div><\/div><\/div>\t\t\t\t\t\t\t\t<\/div>\n\t\t\t\t<\/div>\n\t\t\t\t\t<\/div>\n\t\t<\/div>\n\t\t\t\t\t<\/div>\n\t\t<\/section>\n\t\t\t\t<\/div>\n\t\t","protected":false},"excerpt":{"rendered":"<p>Aviso Legal Em cumprimento do dever de informa\u00e7\u00e3o previsto no artigo 10 da Lei 34\/2002, de 11 de julho, de Servi\u00e7os da Sociedade da Informa\u00e7\u00e3o e do Com\u00e9rcio Eletr\u00f3nico, informamos que o s\u00edtio Web e o portal de Internet https:\/\/palaciovillapanes.com\/ (doravante, o &#8220;s\u00edtio Web&#8221;) s\u00e3o propriedade da COOL ROOMS GESTI\u00d3N S.L., com domic\u00edlio social em [&hellip;]<\/p>\n","protected":false},"author":13,"featured_media":0,"parent":0,"menu_order":0,"comment_status":"closed","ping_status":"closed","template":"","meta":{"_acf_changed":false,"footnotes":""},"class_list":["post-21427","page","type-page","status-publish","hentry"],"yoast_head":"<!-- This site is optimized with the Yoast SEO plugin v27.5 - https:\/\/yoast.com\/product\/yoast-seo-wordpress\/ -->\n<title>Aviso Legal - Hotel CoolRooms Palacio Villapan\u00e9s Sevilla<\/title>\n<meta name=\"robots\" content=\"noindex, follow\" \/>\n<meta property=\"og:locale\" content=\"pt_PT\" \/>\n<meta property=\"og:type\" content=\"article\" \/>\n<meta property=\"og:title\" content=\"Aviso Legal - Hotel CoolRooms Palacio Villapan\u00e9s Sevilla\" \/>\n<meta property=\"og:description\" content=\"Aviso Legal Em cumprimento do dever de informa\u00e7\u00e3o previsto no artigo 10 da Lei 34\/2002, de 11 de julho, de Servi\u00e7os da Sociedade da Informa\u00e7\u00e3o e do Com\u00e9rcio Eletr\u00f3nico, informamos que o s\u00edtio Web e o portal de Internet https:\/\/palaciovillapanes.com\/ (doravante, o &#8220;s\u00edtio Web&#8221;) s\u00e3o propriedade da COOL ROOMS GESTI\u00d3N S.L., com domic\u00edlio social em [&hellip;]\" \/>\n<meta property=\"og:url\" content=\"https:\/\/coolrooms.com\/palaciovillapanes\/pt-pt\/aviso-legal\/\" \/>\n<meta property=\"og:site_name\" content=\"Hotel CoolRooms Palacio Villapan\u00e9s Sevilla\" \/>\n<meta property=\"article:publisher\" content=\"https:\/\/www.facebook.com\/palaciodevillapanes\/\" \/>\n<meta property=\"article:modified_time\" content=\"2024-02-08T11:43:04+00:00\" \/>\n<meta property=\"og:image\" content=\"https:\/\/coolrooms.com\/palaciovillapanes\/wp-content\/uploads\/sites\/7\/2017\/06\/logo-palacio.jpg\" \/>\n\t<meta property=\"og:image:width\" content=\"4001\" \/>\n\t<meta property=\"og:image:height\" content=\"2251\" \/>\n\t<meta property=\"og:image:type\" content=\"image\/png\" \/>\n<meta name=\"twitter:card\" content=\"summary_large_image\" \/>\n<meta name=\"twitter:label1\" content=\"Tempo estimado de leitura\" \/>\n\t<meta name=\"twitter:data1\" content=\"7 minutos\" \/>\n<script type=\"application\/ld+json\" class=\"yoast-schema-graph\">{\"@context\":\"https:\\\/\\\/schema.org\",\"@graph\":[{\"@type\":\"WebPage\",\"@id\":\"https:\\\/\\\/coolrooms.com\\\/palaciovillapanes\\\/pt-pt\\\/aviso-legal\\\/\",\"url\":\"https:\\\/\\\/coolrooms.com\\\/palaciovillapanes\\\/pt-pt\\\/aviso-legal\\\/\",\"name\":\"Aviso Legal - Hotel CoolRooms Palacio Villapan\u00e9s Sevilla\",\"isPartOf\":{\"@id\":\"https:\\\/\\\/coolrooms.com\\\/palaciovillapanes\\\/#website\"},\"datePublished\":\"2018-04-11T07:37:20+00:00\",\"dateModified\":\"2024-02-08T11:43:04+00:00\",\"breadcrumb\":{\"@id\":\"https:\\\/\\\/coolrooms.com\\\/palaciovillapanes\\\/pt-pt\\\/aviso-legal\\\/#breadcrumb\"},\"inLanguage\":\"pt-PT\",\"potentialAction\":[{\"@type\":\"ReadAction\",\"target\":[\"https:\\\/\\\/coolrooms.com\\\/palaciovillapanes\\\/pt-pt\\\/aviso-legal\\\/\"]}]},{\"@type\":\"BreadcrumbList\",\"@id\":\"https:\\\/\\\/coolrooms.com\\\/palaciovillapanes\\\/pt-pt\\\/aviso-legal\\\/#breadcrumb\",\"itemListElement\":[{\"@type\":\"ListItem\",\"position\":1,\"name\":\"Portada\",\"item\":\"https:\\\/\\\/coolrooms.com\\\/palaciovillapanes\\\/\"},{\"@type\":\"ListItem\",\"position\":2,\"name\":\"Aviso Legal\"}]},{\"@type\":\"WebSite\",\"@id\":\"https:\\\/\\\/coolrooms.com\\\/palaciovillapanes\\\/#website\",\"url\":\"https:\\\/\\\/coolrooms.com\\\/palaciovillapanes\\\/\",\"name\":\"Hotel Palacio Villapan\u00e9s Sevilla\",\"description\":\"CoolRooms |\u00a0El lujo de dormir en un Palacio\",\"publisher\":{\"@id\":\"https:\\\/\\\/coolrooms.com\\\/palaciovillapanes\\\/#organization\"},\"potentialAction\":[{\"@type\":\"SearchAction\",\"target\":{\"@type\":\"EntryPoint\",\"urlTemplate\":\"https:\\\/\\\/coolrooms.com\\\/palaciovillapanes\\\/?s={search_term_string}\"},\"query-input\":{\"@type\":\"PropertyValueSpecification\",\"valueRequired\":true,\"valueName\":\"search_term_string\"}}],\"inLanguage\":\"pt-PT\"},{\"@type\":\"Organization\",\"@id\":\"https:\\\/\\\/coolrooms.com\\\/palaciovillapanes\\\/#organization\",\"name\":\"Palacio Villapanes\",\"url\":\"https:\\\/\\\/coolrooms.com\\\/palaciovillapanes\\\/\",\"logo\":{\"@type\":\"ImageObject\",\"inLanguage\":\"pt-PT\",\"@id\":\"https:\\\/\\\/coolrooms.com\\\/palaciovillapanes\\\/#\\\/schema\\\/logo\\\/image\\\/\",\"url\":\"https:\\\/\\\/coolrooms.com\\\/palaciovillapanes\\\/wp-content\\\/uploads\\\/sites\\\/7\\\/2022\\\/06\\\/logo-palacio-dark.png\",\"contentUrl\":\"https:\\\/\\\/coolrooms.com\\\/palaciovillapanes\\\/wp-content\\\/uploads\\\/sites\\\/7\\\/2022\\\/06\\\/logo-palacio-dark.png\",\"width\":300,\"height\":233,\"caption\":\"Palacio Villapanes\"},\"image\":{\"@id\":\"https:\\\/\\\/coolrooms.com\\\/palaciovillapanes\\\/#\\\/schema\\\/logo\\\/image\\\/\"},\"sameAs\":[\"https:\\\/\\\/www.facebook.com\\\/palaciodevillapanes\\\/\",\"https:\\\/\\\/www.instagram.com\\\/palaciovillapanes\\\/\",\"https:\\\/\\\/www.linkedin.com\\\/company\\\/hotel-palacio-de-villapans\"]}]}<\/script>\n<!-- \/ Yoast SEO plugin. -->","yoast_head_json":{"title":"Aviso Legal - Hotel CoolRooms Palacio Villapan\u00e9s Sevilla","robots":{"index":"noindex","follow":"follow"},"og_locale":"pt_PT","og_type":"article","og_title":"Aviso Legal - Hotel CoolRooms Palacio Villapan\u00e9s Sevilla","og_description":"Aviso Legal Em cumprimento do dever de informa\u00e7\u00e3o previsto no artigo 10 da Lei 34\/2002, de 11 de julho, de Servi\u00e7os da Sociedade da Informa\u00e7\u00e3o e do Com\u00e9rcio Eletr\u00f3nico, informamos que o s\u00edtio Web e o portal de Internet https:\/\/palaciovillapanes.com\/ (doravante, o &#8220;s\u00edtio Web&#8221;) s\u00e3o propriedade da COOL ROOMS GESTI\u00d3N S.L., com domic\u00edlio social em [&hellip;]","og_url":"https:\/\/coolrooms.com\/palaciovillapanes\/pt-pt\/aviso-legal\/","og_site_name":"Hotel CoolRooms Palacio Villapan\u00e9s Sevilla","article_publisher":"https:\/\/www.facebook.com\/palaciodevillapanes\/","article_modified_time":"2024-02-08T11:43:04+00:00","og_image":[{"width":4001,"height":2251,"url":"https:\/\/coolrooms.com\/palaciovillapanes\/wp-content\/uploads\/sites\/7\/2017\/06\/logo-palacio.jpg","type":"image\/png"}],"twitter_card":"summary_large_image","twitter_misc":{"Tempo estimado de leitura":"7 minutos"},"schema":{"@context":"https:\/\/schema.org","@graph":[{"@type":"WebPage","@id":"https:\/\/coolrooms.com\/palaciovillapanes\/pt-pt\/aviso-legal\/","url":"https:\/\/coolrooms.com\/palaciovillapanes\/pt-pt\/aviso-legal\/","name":"Aviso Legal - Hotel CoolRooms Palacio Villapan\u00e9s Sevilla","isPartOf":{"@id":"https:\/\/coolrooms.com\/palaciovillapanes\/#website"},"datePublished":"2018-04-11T07:37:20+00:00","dateModified":"2024-02-08T11:43:04+00:00","breadcrumb":{"@id":"https:\/\/coolrooms.com\/palaciovillapanes\/pt-pt\/aviso-legal\/#breadcrumb"},"inLanguage":"pt-PT","potentialAction":[{"@type":"ReadAction","target":["https:\/\/coolrooms.com\/palaciovillapanes\/pt-pt\/aviso-legal\/"]}]},{"@type":"BreadcrumbList","@id":"https:\/\/coolrooms.com\/palaciovillapanes\/pt-pt\/aviso-legal\/#breadcrumb","itemListElement":[{"@type":"ListItem","position":1,"name":"Portada","item":"https:\/\/coolrooms.com\/palaciovillapanes\/"},{"@type":"ListItem","position":2,"name":"Aviso Legal"}]},{"@type":"WebSite","@id":"https:\/\/coolrooms.com\/palaciovillapanes\/#website","url":"https:\/\/coolrooms.com\/palaciovillapanes\/","name":"Hotel Palacio Villapan\u00e9s Sevilla","description":"CoolRooms |\u00a0El lujo de dormir en un Palacio","publisher":{"@id":"https:\/\/coolrooms.com\/palaciovillapanes\/#organization"},"potentialAction":[{"@type":"SearchAction","target":{"@type":"EntryPoint","urlTemplate":"https:\/\/coolrooms.com\/palaciovillapanes\/?s={search_term_string}"},"query-input":{"@type":"PropertyValueSpecification","valueRequired":true,"valueName":"search_term_string"}}],"inLanguage":"pt-PT"},{"@type":"Organization","@id":"https:\/\/coolrooms.com\/palaciovillapanes\/#organization","name":"Palacio Villapanes","url":"https:\/\/coolrooms.com\/palaciovillapanes\/","logo":{"@type":"ImageObject","inLanguage":"pt-PT","@id":"https:\/\/coolrooms.com\/palaciovillapanes\/#\/schema\/logo\/image\/","url":"https:\/\/coolrooms.com\/palaciovillapanes\/wp-content\/uploads\/sites\/7\/2022\/06\/logo-palacio-dark.png","contentUrl":"https:\/\/coolrooms.com\/palaciovillapanes\/wp-content\/uploads\/sites\/7\/2022\/06\/logo-palacio-dark.png","width":300,"height":233,"caption":"Palacio Villapanes"},"image":{"@id":"https:\/\/coolrooms.com\/palaciovillapanes\/#\/schema\/logo\/image\/"},"sameAs":["https:\/\/www.facebook.com\/palaciodevillapanes\/","https:\/\/www.instagram.com\/palaciovillapanes\/","https:\/\/www.linkedin.com\/company\/hotel-palacio-de-villapans"]}]}},"acf":[],"_links":{"self":[{"href":"https:\/\/coolrooms.com\/palaciovillapanes\/pt-pt\/wp-json\/wp\/v2\/pages\/21427","targetHints":{"allow":["GET"]}}],"collection":[{"href":"https:\/\/coolrooms.com\/palaciovillapanes\/pt-pt\/wp-json\/wp\/v2\/pages"}],"about":[{"href":"https:\/\/coolrooms.com\/palaciovillapanes\/pt-pt\/wp-json\/wp\/v2\/types\/page"}],"author":[{"embeddable":true,"href":"https:\/\/coolrooms.com\/palaciovillapanes\/pt-pt\/wp-json\/wp\/v2\/users\/13"}],"replies":[{"embeddable":true,"href":"https:\/\/coolrooms.com\/palaciovillapanes\/pt-pt\/wp-json\/wp\/v2\/comments?post=21427"}],"version-history":[{"count":0,"href":"https:\/\/coolrooms.com\/palaciovillapanes\/pt-pt\/wp-json\/wp\/v2\/pages\/21427\/revisions"}],"wp:attachment":[{"href":"https:\/\/coolrooms.com\/palaciovillapanes\/pt-pt\/wp-json\/wp\/v2\/media?parent=21427"}],"curies":[{"name":"wp","href":"https:\/\/api.w.org\/{rel}","templated":true}]}}