{"id":3300,"date":"2017-02-23T10:12:36","date_gmt":"2017-02-23T10:12:36","guid":{"rendered":"https:\/\/coolrooms.com\/palaciovillapanes\/?page_id=3300\/"},"modified":"2023-12-22T10:17:04","modified_gmt":"2023-12-22T10:17:04","slug":"contact","status":"publish","type":"page","link":"https:\/\/coolrooms.com\/palaciovillapanes\/fr\/contact\/","title":{"rendered":"Contact"},"content":{"rendered":"\t\t<div data-elementor-type=\"wp-page\" data-elementor-id=\"3300\" class=\"elementor elementor-3300 elementor-10353\" data-elementor-post-type=\"page\">\n\t\t\t\t\t\t<section class=\"elementor-section elementor-top-section elementor-element elementor-element-f1b7c5a elementor-section-full_width elementor-section-height-default elementor-section-height-default\" data-id=\"f1b7c5a\" data-element_type=\"section\" data-e-type=\"section\">\n\t\t\t\t\t\t<div class=\"elementor-container elementor-column-gap-default\">\n\t\t\t\t\t<div data-dce-background-image-url=\"https:\/\/coolrooms.com\/palaciovillapanes\/wp-content\/uploads\/sites\/7\/2017\/02\/entrada-villapanes-1.jpg\" class=\"elementor-column elementor-col-50 elementor-top-column elementor-element elementor-element-c096a49\" data-id=\"c096a49\" data-element_type=\"column\" data-e-type=\"column\" data-settings=\"{&quot;background_background&quot;:&quot;classic&quot;}\">\n\t\t\t<div class=\"elementor-widget-wrap elementor-element-populated\">\n\t\t\t\t\t\t<div class=\"elementor-element elementor-element-5dacee6 elementor-widget elementor-widget-spacer\" data-id=\"5dacee6\" data-element_type=\"widget\" data-e-type=\"widget\" data-widget_type=\"spacer.default\">\n\t\t\t\t<div class=\"elementor-widget-container\">\n\t\t\t\t\t\t\t<div class=\"elementor-spacer\">\n\t\t\t<div class=\"elementor-spacer-inner\"><\/div>\n\t\t<\/div>\n\t\t\t\t\t\t<\/div>\n\t\t\t\t<\/div>\n\t\t\t\t\t<\/div>\n\t\t<\/div>\n\t\t\t\t<div data-dce-background-color=\"#F2F2F2\" class=\"elementor-column elementor-col-50 elementor-top-column elementor-element elementor-element-22cc9de\" data-id=\"22cc9de\" data-element_type=\"column\" data-e-type=\"column\" data-settings=\"{&quot;background_background&quot;:&quot;classic&quot;}\">\n\t\t\t<div class=\"elementor-widget-wrap elementor-element-populated\">\n\t\t\t\t\t\t<div class=\"elementor-element elementor-element-0c87cb9 elementor-widget elementor-widget-heading\" data-id=\"0c87cb9\" data-element_type=\"widget\" data-e-type=\"widget\" data-widget_type=\"heading.default\">\n\t\t\t\t<div class=\"elementor-widget-container\">\n\t\t\t\t\t<h1 class=\"elementor-heading-title elementor-size-default\">H\u00d4TEL PALACIO VILLAPAN\u00c9S<\/h1>\t\t\t\t<\/div>\n\t\t\t\t<\/div>\n\t\t\t\t<div class=\"elementor-element elementor-element-dfab45e elementor-widget elementor-widget-text-editor\" data-id=\"dfab45e\" data-element_type=\"widget\" data-e-type=\"widget\" data-widget_type=\"text-editor.default\">\n\t\t\t\t<div class=\"elementor-widget-container\">\n\t\t\t\t\t\t\t\t\t<p>Calle Santiago, 31, 41003 Sevilla<br \/>Tel\u00e9phone: +34 954 50 20 63<\/p>\t\t\t\t\t\t\t\t<\/div>\n\t\t\t\t<\/div>\n\t\t\t\t<div class=\"elementor-element elementor-element-726dc41 elementor-widget elementor-widget-html\" data-id=\"726dc41\" data-element_type=\"widget\" data-e-type=\"widget\" data-widget_type=\"html.default\">\n\t\t\t\t<div class=\"elementor-widget-container\">\n\t\t\t\t\t<iframe src=https:\/\/tcgms.net\/app\/new\/ODQ4NjA5NDQzNg?lang=fr width=\"100%\" height=\"800\" frameborder=\"0\"><\/iframe>\t\t\t\t<\/div>\n\t\t\t\t<\/div>\n\t\t\t\t<div class=\"elementor-element elementor-element-23f79e0 elementor-hidden-desktop elementor-hidden-tablet elementor-hidden-mobile elementor-button-align-stretch elementor-widget elementor-widget-form\" data-id=\"23f79e0\" data-element_type=\"widget\" data-e-type=\"widget\" data-settings=\"{&quot;step_next_label&quot;:&quot;Siguiente&quot;,&quot;step_previous_label&quot;:&quot;Anterior&quot;,&quot;button_width&quot;:&quot;100&quot;,&quot;step_type&quot;:&quot;number_text&quot;,&quot;step_icon_shape&quot;:&quot;circle&quot;}\" data-widget_type=\"form.default\">\n\t\t\t\t<div class=\"elementor-widget-container\">\n\t\t\t\t\t\t\t<form class=\"elementor-form\" method=\"post\" name=\"Nuevo formulario\" aria-label=\"Nuevo formulario\">\n\t\t\t<input type=\"hidden\" name=\"post_id\" value=\"3300\"\/>\n\t\t\t<input type=\"hidden\" name=\"form_id\" value=\"23f79e0\"\/>\n\t\t\t<input type=\"hidden\" name=\"referer_title\" value=\"Contacto | Hotel Palacio Villapan\u00e9s Sevilla - Hotel 5*\" \/>\n\n\t\t\t\t\t\t\t<input type=\"hidden\" name=\"queried_id\" value=\"3300\"\/>\n\t\t\t\n\t\t\t<div class=\"elementor-form-fields-wrapper elementor-labels-\">\n\t\t\t\t\t\t\t\t<div class=\"elementor-field-type-text elementor-field-group elementor-column elementor-field-group-name elementor-col-50 elementor-field-required\">\n\t\t\t\t\t\t\t\t\t\t\t\t<label for=\"form-field-name\" class=\"elementor-field-label elementor-screen-only\">\n\t\t\t\t\t\t\t\tNom\t\t\t\t\t\t\t<\/label>\n\t\t\t\t\t\t\t\t\t\t\t\t\t\t<input size=\"1\" type=\"text\" name=\"form_fields[name]\" id=\"form-field-name\" class=\"elementor-field elementor-size-sm  elementor-field-textual\" placeholder=\"Nom *\" required=\"required\">\n\t\t\t\t\t\t\t\t\t\t\t<\/div>\n\t\t\t\t\t\t\t\t<div class=\"elementor-field-type-email elementor-field-group elementor-column elementor-field-group-email elementor-col-50 elementor-field-required\">\n\t\t\t\t\t\t\t\t\t\t\t\t<label for=\"form-field-email\" class=\"elementor-field-label elementor-screen-only\">\n\t\t\t\t\t\t\t\tE-mail\t\t\t\t\t\t\t<\/label>\n\t\t\t\t\t\t\t\t\t\t\t\t\t\t<input size=\"1\" type=\"email\" name=\"form_fields[email]\" id=\"form-field-email\" class=\"elementor-field elementor-size-sm  elementor-field-textual\" placeholder=\"E-mail *\" required=\"required\">\n\t\t\t\t\t\t\t\t\t\t\t<\/div>\n\t\t\t\t\t\t\t\t<div class=\"elementor-field-type-text elementor-field-group elementor-column elementor-field-group-subject elementor-col-100 elementor-field-required\">\n\t\t\t\t\t\t\t\t\t\t\t\t<label for=\"form-field-subject\" class=\"elementor-field-label elementor-screen-only\">\n\t\t\t\t\t\t\t\tObjet\t\t\t\t\t\t\t<\/label>\n\t\t\t\t\t\t\t\t\t\t\t\t\t\t<input size=\"1\" type=\"text\" name=\"form_fields[subject]\" id=\"form-field-subject\" class=\"elementor-field elementor-size-sm  elementor-field-textual\" placeholder=\"Objet *\" required=\"required\">\n\t\t\t\t\t\t\t\t\t\t\t<\/div>\n\t\t\t\t\t\t\t\t<div class=\"elementor-field-type-textarea elementor-field-group elementor-column elementor-field-group-message elementor-col-100\">\n\t\t\t\t\t\t\t\t\t\t\t\t<label for=\"form-field-message\" class=\"elementor-field-label elementor-screen-only\">\n\t\t\t\t\t\t\t\tMessage\t\t\t\t\t\t\t<\/label>\n\t\t\t\t\t\t<textarea class=\"elementor-field-textual elementor-field  elementor-size-sm\" name=\"form_fields[message]\" id=\"form-field-message\" rows=\"4\" placeholder=\"Message\"><\/textarea>\t\t\t\t<\/div>\n\t\t\t\t\t\t\t\t<div class=\"elementor-field-type-acceptance elementor-field-group elementor-column elementor-field-group-field_69702b2 elementor-col-100 elementor-field-required\">\n\t\t\t\t\t\t\t\t\t\t\t\t<label for=\"form-field-field_69702b2\" class=\"elementor-field-label elementor-screen-only\">\n\t\t\t\t\t\t\t\tPrivacidad\t\t\t\t\t\t\t<\/label>\n\t\t\t\t\t\t\t\t<div class=\"elementor-field-subgroup\">\n\t\t\t<span class=\"elementor-field-option\">\n\t\t\t\t<input type=\"checkbox\" name=\"form_fields[field_69702b2]\" id=\"form-field-field_69702b2\" class=\"elementor-field elementor-size-sm  elementor-acceptance-field\" required=\"required\">\n\t\t\t\t<label for=\"form-field-field_69702b2\">Accept\u00e9 la d\u00e9claration de confidentialit\u00e9<\/label>\t\t\t<\/span>\n\t\t<\/div>\n\t\t\t\t\t\t<\/div>\n\t\t\t\t\t\t\t\t<div class=\"elementor-field-group elementor-column elementor-field-type-submit elementor-col-100 e-form__buttons\">\n\t\t\t\t\t<button class=\"elementor-button elementor-size-sm\" type=\"submit\">\n\t\t\t\t\t\t<span class=\"elementor-button-content-wrapper\">\n\t\t\t\t\t\t\t\t\t\t\t\t\t\t\t\t\t\t\t\t\t\t<span class=\"elementor-button-text\">Envoyer<\/span>\n\t\t\t\t\t\t\t\t\t\t\t\t\t<\/span>\n\t\t\t\t\t<\/button>\n\t\t\t\t<\/div>\n\t\t\t<\/div>\n\t\t<\/form>\n\t\t\t\t\t\t<\/div>\n\t\t\t\t<\/div>\n\t\t\t\t\t<\/div>\n\t\t<\/div>\n\t\t\t\t\t<\/div>\n\t\t<\/section>\n\t\t\t\t<section class=\"elementor-section elementor-top-section elementor-element elementor-element-c675b07 elementor-section-boxed elementor-section-height-default elementor-section-height-default\" data-id=\"c675b07\" data-element_type=\"section\" data-e-type=\"section\" data-settings=\"{&quot;background_background&quot;:&quot;classic&quot;}\">\n\t\t\t\t\t\t<div class=\"elementor-container elementor-column-gap-default\">\n\t\t\t\t\t<div class=\"elementor-column elementor-col-100 elementor-top-column elementor-element elementor-element-0293801\" data-id=\"0293801\" data-element_type=\"column\" data-e-type=\"column\">\n\t\t\t<div class=\"elementor-widget-wrap elementor-element-populated\">\n\t\t\t\t\t\t<div class=\"elementor-element elementor-element-bbfcc5f elementor-widget elementor-widget-heading\" data-id=\"bbfcc5f\" data-element_type=\"widget\" data-e-type=\"widget\" data-widget_type=\"heading.default\">\n\t\t\t\t<div class=\"elementor-widget-container\">\n\t\t\t\t\t<h2 class=\"elementor-heading-title elementor-size-default\">LOCALISATION<\/h2>\t\t\t\t<\/div>\n\t\t\t\t<\/div>\n\t\t\t\t<div class=\"elementor-element elementor-element-cd18340 elementor-widget elementor-widget-text-editor\" data-id=\"cd18340\" data-element_type=\"widget\" data-e-type=\"widget\" data-widget_type=\"text-editor.default\">\n\t\t\t\t<div class=\"elementor-widget-container\">\n\t\t\t\t\t\t\t\t\t<p>En plein c\u0153ur de S\u00e9ville, l\u2019h\u00f4tel est tr\u00e8s proche de la gare et \u00e0 quelques minutes des principales attractions touristiques. Un lieu unique pour ceux qui recherchent l\u2019exclusivit\u00e9, de confort et de nouvelles exp\u00e9riences.<\/p>\t\t\t\t\t\t\t\t<\/div>\n\t\t\t\t<\/div>\n\t\t\t\t\t<\/div>\n\t\t<\/div>\n\t\t\t\t\t<\/div>\n\t\t<\/section>\n\t\t\t\t<section class=\"elementor-section elementor-top-section elementor-element elementor-element-29ab092 elementor-section-full_width elementor-section-height-default elementor-section-height-default\" data-id=\"29ab092\" data-element_type=\"section\" data-e-type=\"section\" data-settings=\"{&quot;background_background&quot;:&quot;classic&quot;}\">\n\t\t\t\t\t\t<div class=\"elementor-container elementor-column-gap-default\">\n\t\t\t\t\t<div class=\"elementor-column elementor-col-100 elementor-top-column elementor-element elementor-element-cb34119\" data-id=\"cb34119\" data-element_type=\"column\" data-e-type=\"column\">\n\t\t\t<div class=\"elementor-widget-wrap elementor-element-populated\">\n\t\t\t\t\t\t<div class=\"elementor-element elementor-element-d8d779d elementor-widget elementor-widget-eael-google-map\" data-id=\"d8d779d\" data-element_type=\"widget\" data-e-type=\"widget\" data-widget_type=\"eael-google-map.default\">\n\t\t\t\t<div class=\"elementor-widget-container\">\n\t\t\t\t\t\n\t\t\t\t\t<div class=\"eael-google-map eael-google-map-basic\" id=\"eael-google-map-d8d779d\" data-id=\"d8d779d\" data-map-center-lat=\"\" data-map-center-lng=\"\" data-map_type=\"basic\" data-map_address_type=\"address\" data-map_lat=\"28.948790\" data-map_lng=\"-81.298843\" data-map_addr=\"Calle Santiago 31, Sevilla\" data-map_basic_marker_title=\"Palacio Villapan\u00e9s\" data-map_basic_marker_content=\"Calle Santiago 31, Sevilla, Espa\u00f1a\" data-map_basic_marker_icon_enable=\"yes\" data-map_basic_marker_icon=\"https:\/\/coolrooms.com\/palaciovillapanes\/wp-content\/uploads\/sites\/7\/2017\/02\/marker.png\" data-map_basic_marker_icon_width=\"32\" data-map_basic_marker_icon_height=\"42\" data-map_zoom=\"15\" data-map_markers=\"%5B%7B%22eael_google_map_marker_title%22%3A%22Map+Marker+1%22%2C%22_id%22%3A%22f53d68f%22%2C%22eael_google_map_marker_lat%22%3A%2228.948790%22%2C%22eael_google_map_marker_lng%22%3A%22-81.298843%22%2C%22eael_google_map_marker_content%22%3A%22Marker+Content.+You+can+put+html+here.%22%2C%22eael_google_map_marker_icon_color%22%3A%22%23e23a47%22%2C%22eael_google_map_marker_icon_enable%22%3A%22no%22%2C%22eael_google_map_marker_icon%22%3A%7B%22url%22%3A%22%22%2C%22id%22%3A%22%22%2C%22size%22%3A%22%22%7D%2C%22eael_google_map_marker_icon_width%22%3A%2232%22%2C%22eael_google_map_marker_icon_height%22%3A%2232%22%7D%5D\" data-map_static_width=\"610\" data-map_static_height=\"300\" data-map_polylines=\"null\" data-map_stroke_color=\"#e23a47\" data-map_stroke_opacity=\"0.8\" data-map_stroke_weight=\"4\" data-map_stroke_fill_color=\"#e23a47\" data-map_stroke_fill_opacity=\"0.4\" data-map_theme=\"%22%5B%7B%5C%22elementType%5C%22%3A%5C%22geometry%5C%22%2C%5C%22stylers%5C%22%3A%5B%7B%5C%22color%5C%22%3A%5C%22%23f5f5f5%5C%22%7D%5D%7D%2C%7B%5C%22elementType%5C%22%3A%5C%22labels.icon%5C%22%2C%5C%22stylers%5C%22%3A%5B%7B%5C%22visibility%5C%22%3A%5C%22off%5C%22%7D%5D%7D%2C%7B%5C%22elementType%5C%22%3A%5C%22labels.text.fill%5C%22%2C%5C%22stylers%5C%22%3A%5B%7B%5C%22color%5C%22%3A%5C%22%23616161%5C%22%7D%5D%7D%2C%7B%5C%22elementType%5C%22%3A%5C%22labels.text.stroke%5C%22%2C%5C%22stylers%5C%22%3A%5B%7B%5C%22color%5C%22%3A%5C%22%23f5f5f5%5C%22%7D%5D%7D%2C%7B%5C%22featureType%5C%22%3A%5C%22administrative.land_parcel%5C%22%2C%5C%22elementType%5C%22%3A%5C%22labels.text.fill%5C%22%2C%5C%22stylers%5C%22%3A%5B%7B%5C%22color%5C%22%3A%5C%22%23bdbdbd%5C%22%7D%5D%7D%2C%7B%5C%22featureType%5C%22%3A%5C%22poi%5C%22%2C%5C%22elementType%5C%22%3A%5C%22geometry%5C%22%2C%5C%22stylers%5C%22%3A%5B%7B%5C%22color%5C%22%3A%5C%22%23eeeeee%5C%22%7D%5D%7D%2C%7B%5C%22featureType%5C%22%3A%5C%22poi%5C%22%2C%5C%22elementType%5C%22%3A%5C%22labels.text.fill%5C%22%2C%5C%22stylers%5C%22%3A%5B%7B%5C%22color%5C%22%3A%5C%22%23757575%5C%22%7D%5D%7D%2C%7B%5C%22featureType%5C%22%3A%5C%22poi.park%5C%22%2C%5C%22elementType%5C%22%3A%5C%22geometry%5C%22%2C%5C%22stylers%5C%22%3A%5B%7B%5C%22color%5C%22%3A%5C%22%23e5e5e5%5C%22%7D%5D%7D%2C%7B%5C%22featureType%5C%22%3A%5C%22poi.park%5C%22%2C%5C%22elementType%5C%22%3A%5C%22labels.text.fill%5C%22%2C%5C%22stylers%5C%22%3A%5B%7B%5C%22color%5C%22%3A%5C%22%239e9e9e%5C%22%7D%5D%7D%2C%7B%5C%22featureType%5C%22%3A%5C%22road%5C%22%2C%5C%22elementType%5C%22%3A%5C%22geometry%5C%22%2C%5C%22stylers%5C%22%3A%5B%7B%5C%22color%5C%22%3A%5C%22%23ffffff%5C%22%7D%5D%7D%2C%7B%5C%22featureType%5C%22%3A%5C%22road.arterial%5C%22%2C%5C%22elementType%5C%22%3A%5C%22labels.text.fill%5C%22%2C%5C%22stylers%5C%22%3A%5B%7B%5C%22color%5C%22%3A%5C%22%23757575%5C%22%7D%5D%7D%2C%7B%5C%22featureType%5C%22%3A%5C%22road.highway%5C%22%2C%5C%22elementType%5C%22%3A%5C%22geometry%5C%22%2C%5C%22stylers%5C%22%3A%5B%7B%5C%22color%5C%22%3A%5C%22%23dadada%5C%22%7D%5D%7D%2C%7B%5C%22featureType%5C%22%3A%5C%22road.highway%5C%22%2C%5C%22elementType%5C%22%3A%5C%22labels.text.fill%5C%22%2C%5C%22stylers%5C%22%3A%5B%7B%5C%22color%5C%22%3A%5C%22%23616161%5C%22%7D%5D%7D%2C%7B%5C%22featureType%5C%22%3A%5C%22road.local%5C%22%2C%5C%22elementType%5C%22%3A%5C%22labels.text.fill%5C%22%2C%5C%22stylers%5C%22%3A%5B%7B%5C%22color%5C%22%3A%5C%22%239e9e9e%5C%22%7D%5D%7D%2C%7B%5C%22featureType%5C%22%3A%5C%22transit.line%5C%22%2C%5C%22elementType%5C%22%3A%5C%22geometry%5C%22%2C%5C%22stylers%5C%22%3A%5B%7B%5C%22color%5C%22%3A%5C%22%23e5e5e5%5C%22%7D%5D%7D%2C%7B%5C%22featureType%5C%22%3A%5C%22transit.station%5C%22%2C%5C%22elementType%5C%22%3A%5C%22geometry%5C%22%2C%5C%22stylers%5C%22%3A%5B%7B%5C%22color%5C%22%3A%5C%22%23eeeeee%5C%22%7D%5D%7D%2C%7B%5C%22featureType%5C%22%3A%5C%22water%5C%22%2C%5C%22elementType%5C%22%3A%5C%22geometry%5C%22%2C%5C%22stylers%5C%22%3A%5B%7B%5C%22color%5C%22%3A%5C%22%23c9c9c9%5C%22%7D%5D%7D%2C%7B%5C%22featureType%5C%22%3A%5C%22water%5C%22%2C%5C%22elementType%5C%22%3A%5C%22labels.text.fill%5C%22%2C%5C%22stylers%5C%22%3A%5B%7B%5C%22color%5C%22%3A%5C%22%239e9e9e%5C%22%7D%5D%7D%5D%22\" data-map_streeview_control=\"true\" data-map_type_control=\"true\" data-map_zoom_control=\"true\" data-map_fullscreen_control=\"true\" data-map_scroll_zoom=\"true\"><\/div>\n\t\t\t\t<div class=\"google-map-notice\"><\/div>\n\t\t\t\t<\/div>\n\t\t\t\t<\/div>\n\t\t\t\t\t<\/div>\n\t\t<\/div>\n\t\t\t\t\t<\/div>\n\t\t<\/section>\n\t\t\t\t<\/div>\n\t\t","protected":false},"excerpt":{"rendered":"<p>H\u00d4TEL PALACIO VILLAPAN\u00c9S Calle Santiago, 31, 41003 SevillaTel\u00e9phone: +34 954 50 20 63 LOCALISATION En plein c\u0153ur de S\u00e9ville, l\u2019h\u00f4tel est tr\u00e8s proche de la gare et \u00e0 quelques minutes des principales attractions touristiques. Un lieu unique pour ceux qui recherchent l\u2019exclusivit\u00e9, de confort et de nouvelles exp\u00e9riences.<\/p>\n","protected":false},"author":13,"featured_media":0,"parent":0,"menu_order":0,"comment_status":"closed","ping_status":"closed","template":"","meta":{"_acf_changed":false,"footnotes":""},"class_list":["post-3300","page","type-page","status-publish","hentry"],"yoast_head":"<!-- This site is optimized with the Yoast SEO plugin v27.4 - https:\/\/yoast.com\/product\/yoast-seo-wordpress\/ -->\n<title>Contacto | Hotel Palacio Villapan\u00e9s Sevilla - Hotel 5*<\/title>\n<meta name=\"description\" content=\"Contacto. En pleno centro, el hotel se encuentra muy cerca de la estaci\u00f3n de tren y a pocos minutos de las principales atracciones tur\u00edsticas.\" \/>\n<meta name=\"robots\" content=\"index, follow, max-snippet:-1, max-image-preview:large, max-video-preview:-1\" \/>\n<link rel=\"canonical\" href=\"https:\/\/coolrooms.com\/palaciovillapanes\/fr\/contact\/\" \/>\n<meta property=\"og:locale\" content=\"fr_FR\" \/>\n<meta property=\"og:type\" content=\"article\" \/>\n<meta property=\"og:title\" content=\"Contacto | Hotel Palacio Villapan\u00e9s Sevilla - Hotel 5*\" \/>\n<meta property=\"og:description\" content=\"Contacto. En pleno centro, el hotel se encuentra muy cerca de la estaci\u00f3n de tren y a pocos minutos de las principales atracciones tur\u00edsticas.\" \/>\n<meta property=\"og:url\" content=\"https:\/\/coolrooms.com\/palaciovillapanes\/fr\/contact\/\" \/>\n<meta property=\"og:site_name\" content=\"Hotel CoolRooms Palacio Villapan\u00e9s Sevilla\" \/>\n<meta property=\"article:publisher\" content=\"https:\/\/www.facebook.com\/palaciodevillapanes\/\" \/>\n<meta property=\"article:modified_time\" content=\"2023-12-22T10:17:04+00:00\" \/>\n<meta property=\"og:image\" content=\"https:\/\/coolrooms.com\/palaciovillapanes\/wp-content\/uploads\/sites\/7\/2017\/06\/logo-palacio.jpg\" \/>\n\t<meta property=\"og:image:width\" content=\"4001\" \/>\n\t<meta property=\"og:image:height\" content=\"2251\" \/>\n\t<meta property=\"og:image:type\" content=\"image\/png\" \/>\n<meta name=\"twitter:card\" content=\"summary_large_image\" \/>\n<meta name=\"twitter:label1\" content=\"Dur\u00e9e de lecture estim\u00e9e\" \/>\n\t<meta name=\"twitter:data1\" content=\"1 minute\" \/>\n<script type=\"application\/ld+json\" class=\"yoast-schema-graph\">{\"@context\":\"https:\\\/\\\/schema.org\",\"@graph\":[{\"@type\":\"WebPage\",\"@id\":\"https:\\\/\\\/coolrooms.com\\\/palaciovillapanes\\\/fr\\\/contact\\\/\",\"url\":\"https:\\\/\\\/coolrooms.com\\\/palaciovillapanes\\\/fr\\\/contact\\\/\",\"name\":\"Contacto | Hotel Palacio Villapan\u00e9s Sevilla - Hotel 5*\",\"isPartOf\":{\"@id\":\"https:\\\/\\\/coolrooms.com\\\/palaciovillapanes\\\/#website\"},\"datePublished\":\"2017-02-23T10:12:36+00:00\",\"dateModified\":\"2023-12-22T10:17:04+00:00\",\"description\":\"Contacto. En pleno centro, el hotel se encuentra muy cerca de la estaci\u00f3n de tren y a pocos minutos de las principales atracciones tur\u00edsticas.\",\"breadcrumb\":{\"@id\":\"https:\\\/\\\/coolrooms.com\\\/palaciovillapanes\\\/fr\\\/contact\\\/#breadcrumb\"},\"inLanguage\":\"fr-FR\",\"potentialAction\":[{\"@type\":\"ReadAction\",\"target\":[\"https:\\\/\\\/coolrooms.com\\\/palaciovillapanes\\\/fr\\\/contact\\\/\"]}]},{\"@type\":\"BreadcrumbList\",\"@id\":\"https:\\\/\\\/coolrooms.com\\\/palaciovillapanes\\\/fr\\\/contact\\\/#breadcrumb\",\"itemListElement\":[{\"@type\":\"ListItem\",\"position\":1,\"name\":\"Portada\",\"item\":\"https:\\\/\\\/coolrooms.com\\\/palaciovillapanes\\\/fr\\\/\"},{\"@type\":\"ListItem\",\"position\":2,\"name\":\"Contact\"}]},{\"@type\":\"WebSite\",\"@id\":\"https:\\\/\\\/coolrooms.com\\\/palaciovillapanes\\\/#website\",\"url\":\"https:\\\/\\\/coolrooms.com\\\/palaciovillapanes\\\/\",\"name\":\"Hotel Palacio Villapan\u00e9s Sevilla\",\"description\":\"CoolRooms |\u00a0El lujo de dormir en un Palacio\",\"publisher\":{\"@id\":\"https:\\\/\\\/coolrooms.com\\\/palaciovillapanes\\\/#organization\"},\"potentialAction\":[{\"@type\":\"SearchAction\",\"target\":{\"@type\":\"EntryPoint\",\"urlTemplate\":\"https:\\\/\\\/coolrooms.com\\\/palaciovillapanes\\\/?s={search_term_string}\"},\"query-input\":{\"@type\":\"PropertyValueSpecification\",\"valueRequired\":true,\"valueName\":\"search_term_string\"}}],\"inLanguage\":\"fr-FR\"},{\"@type\":\"Organization\",\"@id\":\"https:\\\/\\\/coolrooms.com\\\/palaciovillapanes\\\/#organization\",\"name\":\"Palacio Villapanes\",\"url\":\"https:\\\/\\\/coolrooms.com\\\/palaciovillapanes\\\/\",\"logo\":{\"@type\":\"ImageObject\",\"inLanguage\":\"fr-FR\",\"@id\":\"https:\\\/\\\/coolrooms.com\\\/palaciovillapanes\\\/#\\\/schema\\\/logo\\\/image\\\/\",\"url\":\"https:\\\/\\\/coolrooms.com\\\/palaciovillapanes\\\/wp-content\\\/uploads\\\/sites\\\/7\\\/2022\\\/06\\\/logo-palacio-dark.png\",\"contentUrl\":\"https:\\\/\\\/coolrooms.com\\\/palaciovillapanes\\\/wp-content\\\/uploads\\\/sites\\\/7\\\/2022\\\/06\\\/logo-palacio-dark.png\",\"width\":300,\"height\":233,\"caption\":\"Palacio Villapanes\"},\"image\":{\"@id\":\"https:\\\/\\\/coolrooms.com\\\/palaciovillapanes\\\/#\\\/schema\\\/logo\\\/image\\\/\"},\"sameAs\":[\"https:\\\/\\\/www.facebook.com\\\/palaciodevillapanes\\\/\",\"https:\\\/\\\/www.instagram.com\\\/palaciovillapanes\\\/\",\"https:\\\/\\\/www.linkedin.com\\\/company\\\/hotel-palacio-de-villapans\"]}]}<\/script>\n<!-- \/ Yoast SEO plugin. -->","yoast_head_json":{"title":"Contacto | Hotel Palacio Villapan\u00e9s Sevilla - Hotel 5*","description":"Contacto. En pleno centro, el hotel se encuentra muy cerca de la estaci\u00f3n de tren y a pocos minutos de las principales atracciones tur\u00edsticas.","robots":{"index":"index","follow":"follow","max-snippet":"max-snippet:-1","max-image-preview":"max-image-preview:large","max-video-preview":"max-video-preview:-1"},"canonical":"https:\/\/coolrooms.com\/palaciovillapanes\/fr\/contact\/","og_locale":"fr_FR","og_type":"article","og_title":"Contacto | Hotel Palacio Villapan\u00e9s Sevilla - Hotel 5*","og_description":"Contacto. En pleno centro, el hotel se encuentra muy cerca de la estaci\u00f3n de tren y a pocos minutos de las principales atracciones tur\u00edsticas.","og_url":"https:\/\/coolrooms.com\/palaciovillapanes\/fr\/contact\/","og_site_name":"Hotel CoolRooms Palacio Villapan\u00e9s Sevilla","article_publisher":"https:\/\/www.facebook.com\/palaciodevillapanes\/","article_modified_time":"2023-12-22T10:17:04+00:00","og_image":[{"width":4001,"height":2251,"url":"https:\/\/coolrooms.com\/palaciovillapanes\/wp-content\/uploads\/sites\/7\/2017\/06\/logo-palacio.jpg","type":"image\/png"}],"twitter_card":"summary_large_image","twitter_misc":{"Dur\u00e9e de lecture estim\u00e9e":"1 minute"},"schema":{"@context":"https:\/\/schema.org","@graph":[{"@type":"WebPage","@id":"https:\/\/coolrooms.com\/palaciovillapanes\/fr\/contact\/","url":"https:\/\/coolrooms.com\/palaciovillapanes\/fr\/contact\/","name":"Contacto | Hotel Palacio Villapan\u00e9s Sevilla - Hotel 5*","isPartOf":{"@id":"https:\/\/coolrooms.com\/palaciovillapanes\/#website"},"datePublished":"2017-02-23T10:12:36+00:00","dateModified":"2023-12-22T10:17:04+00:00","description":"Contacto. En pleno centro, el hotel se encuentra muy cerca de la estaci\u00f3n de tren y a pocos minutos de las principales atracciones tur\u00edsticas.","breadcrumb":{"@id":"https:\/\/coolrooms.com\/palaciovillapanes\/fr\/contact\/#breadcrumb"},"inLanguage":"fr-FR","potentialAction":[{"@type":"ReadAction","target":["https:\/\/coolrooms.com\/palaciovillapanes\/fr\/contact\/"]}]},{"@type":"BreadcrumbList","@id":"https:\/\/coolrooms.com\/palaciovillapanes\/fr\/contact\/#breadcrumb","itemListElement":[{"@type":"ListItem","position":1,"name":"Portada","item":"https:\/\/coolrooms.com\/palaciovillapanes\/fr\/"},{"@type":"ListItem","position":2,"name":"Contact"}]},{"@type":"WebSite","@id":"https:\/\/coolrooms.com\/palaciovillapanes\/#website","url":"https:\/\/coolrooms.com\/palaciovillapanes\/","name":"Hotel Palacio Villapan\u00e9s Sevilla","description":"CoolRooms |\u00a0El lujo de dormir en un Palacio","publisher":{"@id":"https:\/\/coolrooms.com\/palaciovillapanes\/#organization"},"potentialAction":[{"@type":"SearchAction","target":{"@type":"EntryPoint","urlTemplate":"https:\/\/coolrooms.com\/palaciovillapanes\/?s={search_term_string}"},"query-input":{"@type":"PropertyValueSpecification","valueRequired":true,"valueName":"search_term_string"}}],"inLanguage":"fr-FR"},{"@type":"Organization","@id":"https:\/\/coolrooms.com\/palaciovillapanes\/#organization","name":"Palacio Villapanes","url":"https:\/\/coolrooms.com\/palaciovillapanes\/","logo":{"@type":"ImageObject","inLanguage":"fr-FR","@id":"https:\/\/coolrooms.com\/palaciovillapanes\/#\/schema\/logo\/image\/","url":"https:\/\/coolrooms.com\/palaciovillapanes\/wp-content\/uploads\/sites\/7\/2022\/06\/logo-palacio-dark.png","contentUrl":"https:\/\/coolrooms.com\/palaciovillapanes\/wp-content\/uploads\/sites\/7\/2022\/06\/logo-palacio-dark.png","width":300,"height":233,"caption":"Palacio Villapanes"},"image":{"@id":"https:\/\/coolrooms.com\/palaciovillapanes\/#\/schema\/logo\/image\/"},"sameAs":["https:\/\/www.facebook.com\/palaciodevillapanes\/","https:\/\/www.instagram.com\/palaciovillapanes\/","https:\/\/www.linkedin.com\/company\/hotel-palacio-de-villapans"]}]}},"acf":[],"_links":{"self":[{"href":"https:\/\/coolrooms.com\/palaciovillapanes\/fr\/wp-json\/wp\/v2\/pages\/3300","targetHints":{"allow":["GET"]}}],"collection":[{"href":"https:\/\/coolrooms.com\/palaciovillapanes\/fr\/wp-json\/wp\/v2\/pages"}],"about":[{"href":"https:\/\/coolrooms.com\/palaciovillapanes\/fr\/wp-json\/wp\/v2\/types\/page"}],"author":[{"embeddable":true,"href":"https:\/\/coolrooms.com\/palaciovillapanes\/fr\/wp-json\/wp\/v2\/users\/13"}],"replies":[{"embeddable":true,"href":"https:\/\/coolrooms.com\/palaciovillapanes\/fr\/wp-json\/wp\/v2\/comments?post=3300"}],"version-history":[{"count":0,"href":"https:\/\/coolrooms.com\/palaciovillapanes\/fr\/wp-json\/wp\/v2\/pages\/3300\/revisions"}],"wp:attachment":[{"href":"https:\/\/coolrooms.com\/palaciovillapanes\/fr\/wp-json\/wp\/v2\/media?parent=3300"}],"curies":[{"name":"wp","href":"https:\/\/api.w.org\/{rel}","templated":true}]}}