{"id":3275,"date":"2017-03-14T12:42:56","date_gmt":"2017-03-14T12:42:56","guid":{"rendered":"https:\/\/coolrooms.com\/palaciovillapanes\/?page_id=3275\/"},"modified":"2023-08-14T09:08:45","modified_gmt":"2023-08-14T09:08:45","slug":"terrasse","status":"publish","type":"page","link":"https:\/\/coolrooms.com\/palaciovillapanes\/fr\/terrasse\/","title":{"rendered":"Terrasse"},"content":{"rendered":"\t\t<div data-elementor-type=\"wp-page\" data-elementor-id=\"3275\" class=\"elementor elementor-3275 elementor-10370\" data-elementor-post-type=\"page\">\n\t\t\t\t\t\t<section data-dce-background-image-url=\"https:\/\/coolrooms.com\/palaciovillapanes\/wp-content\/uploads\/sites\/7\/2017\/03\/terraza-sangria.jpg\" class=\"elementor-section elementor-top-section elementor-element elementor-element-32147501 elementor-section-height-min-height elementor-section-boxed elementor-section-height-default elementor-section-items-middle\" data-id=\"32147501\" data-element_type=\"section\" data-e-type=\"section\" data-settings=\"{&quot;background_background&quot;:&quot;classic&quot;}\">\n\t\t\t\t\t\t\t<div class=\"elementor-background-overlay\"><\/div>\n\t\t\t\t\t\t\t<div class=\"elementor-container elementor-column-gap-default\">\n\t\t\t\t\t<div class=\"elementor-column elementor-col-100 elementor-top-column elementor-element elementor-element-7f19c414\" data-id=\"7f19c414\" data-element_type=\"column\" data-e-type=\"column\">\n\t\t\t<div class=\"elementor-widget-wrap elementor-element-populated\">\n\t\t\t\t\t\t<div class=\"elementor-element elementor-element-19a61200 elementor-widget elementor-widget-heading\" data-id=\"19a61200\" data-element_type=\"widget\" data-e-type=\"widget\" data-widget_type=\"heading.default\">\n\t\t\t\t<div class=\"elementor-widget-container\">\n\t\t\t\t\t<h1 class=\"elementor-heading-title elementor-size-default\">TERRASSE<\/h1>\t\t\t\t<\/div>\n\t\t\t\t<\/div>\n\t\t\t\t\t<\/div>\n\t\t<\/div>\n\t\t\t\t\t<\/div>\n\t\t<\/section>\n\t\t\t\t<section class=\"elementor-section elementor-top-section elementor-element elementor-element-49e31868 elementor-section-full_width elementor-section-height-default elementor-section-height-default\" data-id=\"49e31868\" data-element_type=\"section\" data-e-type=\"section\">\n\t\t\t\t\t\t<div class=\"elementor-container elementor-column-gap-default\">\n\t\t\t\t\t<div data-dce-background-image-url=\"https:\/\/coolrooms.com\/palaciovillapanes\/wp-content\/uploads\/sites\/7\/2017\/02\/background_1.jpg\" class=\"elementor-column elementor-col-100 elementor-top-column elementor-element elementor-element-7e4e4501\" data-id=\"7e4e4501\" data-element_type=\"column\" data-e-type=\"column\" data-settings=\"{&quot;background_background&quot;:&quot;classic&quot;}\">\n\t\t\t<div class=\"elementor-widget-wrap elementor-element-populated\">\n\t\t\t\t\t\t<div class=\"elementor-element elementor-element-7170286f elementor-widget__width-initial elementor-widget-mobile__width-inherit elementor-invisible elementor-widget elementor-widget-text-editor\" data-id=\"7170286f\" data-element_type=\"widget\" data-e-type=\"widget\" data-settings=\"{&quot;_animation&quot;:&quot;fadeInRight&quot;}\" data-widget_type=\"text-editor.default\">\n\t\t\t\t<div class=\"elementor-widget-container\">\n\t\t\t\t\t\t\t\t\t<h1>TERRASSE<\/h1><p>Profitez de la vue s\u00e9villane au c\u0153ur de la ville, vous pourrez quasiment toucher du bout des doigts la Giralda. C\u2019est un privil\u00e8ge que l\u2019H\u00f4tel Palacio Villapan\u00e9s met \u00e0 votre disposition sur notre terrasse avec piscine. Un lieu o\u00f9, plus que d\u2019\u00eatre \u00e0 S\u00e9ville, vous vous sentirez comme faisant partie d\u2019elle.<\/p><p>La\u00a0petite\u00a0piscine est ouverte du 1er avril au 1er novembre 2019.<\/p>\t\t\t\t\t\t\t\t<\/div>\n\t\t\t\t<\/div>\n\t\t\t\t<div class=\"elementor-element elementor-element-37ffa5cf dce_masking-none elementor-widget elementor-widget-image\" data-id=\"37ffa5cf\" data-element_type=\"widget\" data-e-type=\"widget\" data-widget_type=\"image.default\">\n\t\t\t\t<div class=\"elementor-widget-container\">\n\t\t\t\t\t\t\t\t\t\t\t\t\t\t\t<img fetchpriority=\"high\" decoding=\"async\" width=\"1600\" height=\"651\" src=\"https:\/\/coolrooms.com\/palaciovillapanes\/wp-content\/uploads\/sites\/7\/2017\/03\/terraza-tumbonas.png\" class=\"attachment-full size-full wp-image-14441\" alt=\"\" srcset=\"https:\/\/coolrooms.com\/palaciovillapanes\/wp-content\/uploads\/sites\/7\/2017\/03\/terraza-tumbonas.png 1600w, https:\/\/coolrooms.com\/palaciovillapanes\/wp-content\/uploads\/sites\/7\/2017\/03\/terraza-tumbonas-300x122.png 300w, https:\/\/coolrooms.com\/palaciovillapanes\/wp-content\/uploads\/sites\/7\/2017\/03\/terraza-tumbonas-1030x419.png 1030w, https:\/\/coolrooms.com\/palaciovillapanes\/wp-content\/uploads\/sites\/7\/2017\/03\/terraza-tumbonas-768x312.png 768w, https:\/\/coolrooms.com\/palaciovillapanes\/wp-content\/uploads\/sites\/7\/2017\/03\/terraza-tumbonas-1536x625.png 1536w, https:\/\/coolrooms.com\/palaciovillapanes\/wp-content\/uploads\/sites\/7\/2017\/03\/terraza-tumbonas-1500x610.png 1500w, https:\/\/coolrooms.com\/palaciovillapanes\/wp-content\/uploads\/sites\/7\/2017\/03\/terraza-tumbonas-705x287.png 705w\" sizes=\"(max-width: 1600px) 100vw, 1600px\" \/>\t\t\t\t\t\t\t\t\t\t\t\t\t\t\t<\/div>\n\t\t\t\t<\/div>\n\t\t\t\t\t<\/div>\n\t\t<\/div>\n\t\t\t\t\t<\/div>\n\t\t<\/section>\n\t\t\t\t<\/div>\n\t\t","protected":false},"excerpt":{"rendered":"<p>TERRASSE TERRASSE Profitez de la vue s\u00e9villane au c\u0153ur de la ville, vous pourrez quasiment toucher du bout des doigts la Giralda. C\u2019est un privil\u00e8ge que l\u2019H\u00f4tel Palacio Villapan\u00e9s met \u00e0 votre disposition sur notre terrasse avec piscine. Un lieu o\u00f9, plus que d\u2019\u00eatre \u00e0 S\u00e9ville, vous vous sentirez comme faisant partie d\u2019elle. La\u00a0petite\u00a0piscine est [&hellip;]<\/p>\n","protected":false},"author":13,"featured_media":0,"parent":0,"menu_order":0,"comment_status":"closed","ping_status":"closed","template":"","meta":{"_acf_changed":false,"footnotes":""},"class_list":["post-3275","page","type-page","status-publish","hentry"],"yoast_head":"<!-- This site is optimized with the Yoast SEO plugin v27.4 - https:\/\/yoast.com\/product\/yoast-seo-wordpress\/ -->\n<title>Terraza | Hotel Palacio Villapan\u00e9s Sevilla - Hotel 5*<\/title>\n<meta name=\"description\" content=\"Disfrutar del skyline de Sevilla es todo un privilegio que el Hotel Palacio Villapan\u00e9s pone a tu disposici\u00f3n en nuestra terraza con plunge pool.\" \/>\n<meta name=\"robots\" content=\"index, follow, max-snippet:-1, max-image-preview:large, max-video-preview:-1\" \/>\n<link rel=\"canonical\" href=\"https:\/\/coolrooms.com\/palaciovillapanes\/fr\/terrasse\/\" \/>\n<meta property=\"og:locale\" content=\"fr_FR\" \/>\n<meta property=\"og:type\" content=\"article\" \/>\n<meta property=\"og:title\" content=\"Terraza | Hotel Palacio Villapan\u00e9s Sevilla - Hotel 5*\" \/>\n<meta property=\"og:description\" content=\"Disfrutar del skyline de Sevilla es todo un privilegio que el Hotel Palacio Villapan\u00e9s pone a tu disposici\u00f3n en nuestra terraza con plunge pool.\" \/>\n<meta property=\"og:url\" content=\"https:\/\/coolrooms.com\/palaciovillapanes\/fr\/terrasse\/\" \/>\n<meta property=\"og:site_name\" content=\"Hotel CoolRooms Palacio Villapan\u00e9s Sevilla\" \/>\n<meta property=\"article:publisher\" content=\"https:\/\/www.facebook.com\/palaciodevillapanes\/\" \/>\n<meta property=\"article:modified_time\" content=\"2023-08-14T09:08:45+00:00\" \/>\n<meta property=\"og:image\" content=\"https:\/\/coolrooms.com\/palaciovillapanes\/wp-content\/uploads\/sites\/7\/2017\/03\/terraza-tumbonas.png\" \/>\n<meta name=\"twitter:card\" content=\"summary_large_image\" \/>\n<meta name=\"twitter:label1\" content=\"Dur\u00e9e de lecture estim\u00e9e\" \/>\n\t<meta name=\"twitter:data1\" content=\"1 minute\" \/>\n<script type=\"application\/ld+json\" class=\"yoast-schema-graph\">{\"@context\":\"https:\\\/\\\/schema.org\",\"@graph\":[{\"@type\":\"WebPage\",\"@id\":\"https:\\\/\\\/coolrooms.com\\\/palaciovillapanes\\\/fr\\\/terrasse\\\/\",\"url\":\"https:\\\/\\\/coolrooms.com\\\/palaciovillapanes\\\/fr\\\/terrasse\\\/\",\"name\":\"Terraza | Hotel Palacio Villapan\u00e9s Sevilla - Hotel 5*\",\"isPartOf\":{\"@id\":\"https:\\\/\\\/coolrooms.com\\\/palaciovillapanes\\\/#website\"},\"primaryImageOfPage\":{\"@id\":\"https:\\\/\\\/coolrooms.com\\\/palaciovillapanes\\\/fr\\\/terrasse\\\/#primaryimage\"},\"image\":{\"@id\":\"https:\\\/\\\/coolrooms.com\\\/palaciovillapanes\\\/fr\\\/terrasse\\\/#primaryimage\"},\"thumbnailUrl\":\"https:\\\/\\\/coolrooms.com\\\/palaciovillapanes\\\/wp-content\\\/uploads\\\/sites\\\/7\\\/2017\\\/03\\\/terraza-tumbonas.png\",\"datePublished\":\"2017-03-14T12:42:56+00:00\",\"dateModified\":\"2023-08-14T09:08:45+00:00\",\"description\":\"Disfrutar del skyline de Sevilla es todo un privilegio que el Hotel Palacio Villapan\u00e9s pone a tu disposici\u00f3n en nuestra terraza con plunge pool.\",\"breadcrumb\":{\"@id\":\"https:\\\/\\\/coolrooms.com\\\/palaciovillapanes\\\/fr\\\/terrasse\\\/#breadcrumb\"},\"inLanguage\":\"fr-FR\",\"potentialAction\":[{\"@type\":\"ReadAction\",\"target\":[\"https:\\\/\\\/coolrooms.com\\\/palaciovillapanes\\\/fr\\\/terrasse\\\/\"]}]},{\"@type\":\"ImageObject\",\"inLanguage\":\"fr-FR\",\"@id\":\"https:\\\/\\\/coolrooms.com\\\/palaciovillapanes\\\/fr\\\/terrasse\\\/#primaryimage\",\"url\":\"https:\\\/\\\/coolrooms.com\\\/palaciovillapanes\\\/wp-content\\\/uploads\\\/sites\\\/7\\\/2017\\\/03\\\/terraza-tumbonas.png\",\"contentUrl\":\"https:\\\/\\\/coolrooms.com\\\/palaciovillapanes\\\/wp-content\\\/uploads\\\/sites\\\/7\\\/2017\\\/03\\\/terraza-tumbonas.png\"},{\"@type\":\"BreadcrumbList\",\"@id\":\"https:\\\/\\\/coolrooms.com\\\/palaciovillapanes\\\/fr\\\/terrasse\\\/#breadcrumb\",\"itemListElement\":[{\"@type\":\"ListItem\",\"position\":1,\"name\":\"Portada\",\"item\":\"https:\\\/\\\/coolrooms.com\\\/palaciovillapanes\\\/fr\\\/\"},{\"@type\":\"ListItem\",\"position\":2,\"name\":\"Terrasse\"}]},{\"@type\":\"WebSite\",\"@id\":\"https:\\\/\\\/coolrooms.com\\\/palaciovillapanes\\\/#website\",\"url\":\"https:\\\/\\\/coolrooms.com\\\/palaciovillapanes\\\/\",\"name\":\"Hotel Palacio Villapan\u00e9s Sevilla\",\"description\":\"CoolRooms |\u00a0El lujo de dormir en un Palacio\",\"publisher\":{\"@id\":\"https:\\\/\\\/coolrooms.com\\\/palaciovillapanes\\\/#organization\"},\"potentialAction\":[{\"@type\":\"SearchAction\",\"target\":{\"@type\":\"EntryPoint\",\"urlTemplate\":\"https:\\\/\\\/coolrooms.com\\\/palaciovillapanes\\\/?s={search_term_string}\"},\"query-input\":{\"@type\":\"PropertyValueSpecification\",\"valueRequired\":true,\"valueName\":\"search_term_string\"}}],\"inLanguage\":\"fr-FR\"},{\"@type\":\"Organization\",\"@id\":\"https:\\\/\\\/coolrooms.com\\\/palaciovillapanes\\\/#organization\",\"name\":\"Palacio Villapanes\",\"url\":\"https:\\\/\\\/coolrooms.com\\\/palaciovillapanes\\\/\",\"logo\":{\"@type\":\"ImageObject\",\"inLanguage\":\"fr-FR\",\"@id\":\"https:\\\/\\\/coolrooms.com\\\/palaciovillapanes\\\/#\\\/schema\\\/logo\\\/image\\\/\",\"url\":\"https:\\\/\\\/coolrooms.com\\\/palaciovillapanes\\\/wp-content\\\/uploads\\\/sites\\\/7\\\/2022\\\/06\\\/logo-palacio-dark.png\",\"contentUrl\":\"https:\\\/\\\/coolrooms.com\\\/palaciovillapanes\\\/wp-content\\\/uploads\\\/sites\\\/7\\\/2022\\\/06\\\/logo-palacio-dark.png\",\"width\":300,\"height\":233,\"caption\":\"Palacio Villapanes\"},\"image\":{\"@id\":\"https:\\\/\\\/coolrooms.com\\\/palaciovillapanes\\\/#\\\/schema\\\/logo\\\/image\\\/\"},\"sameAs\":[\"https:\\\/\\\/www.facebook.com\\\/palaciodevillapanes\\\/\",\"https:\\\/\\\/www.instagram.com\\\/palaciovillapanes\\\/\",\"https:\\\/\\\/www.linkedin.com\\\/company\\\/hotel-palacio-de-villapans\"]}]}<\/script>\n<!-- \/ Yoast SEO plugin. -->","yoast_head_json":{"title":"Terraza | Hotel Palacio Villapan\u00e9s Sevilla - Hotel 5*","description":"Disfrutar del skyline de Sevilla es todo un privilegio que el Hotel Palacio Villapan\u00e9s pone a tu disposici\u00f3n en nuestra terraza con plunge pool.","robots":{"index":"index","follow":"follow","max-snippet":"max-snippet:-1","max-image-preview":"max-image-preview:large","max-video-preview":"max-video-preview:-1"},"canonical":"https:\/\/coolrooms.com\/palaciovillapanes\/fr\/terrasse\/","og_locale":"fr_FR","og_type":"article","og_title":"Terraza | Hotel Palacio Villapan\u00e9s Sevilla - Hotel 5*","og_description":"Disfrutar del skyline de Sevilla es todo un privilegio que el Hotel Palacio Villapan\u00e9s pone a tu disposici\u00f3n en nuestra terraza con plunge pool.","og_url":"https:\/\/coolrooms.com\/palaciovillapanes\/fr\/terrasse\/","og_site_name":"Hotel CoolRooms Palacio Villapan\u00e9s Sevilla","article_publisher":"https:\/\/www.facebook.com\/palaciodevillapanes\/","article_modified_time":"2023-08-14T09:08:45+00:00","og_image":[{"url":"https:\/\/coolrooms.com\/palaciovillapanes\/wp-content\/uploads\/sites\/7\/2017\/03\/terraza-tumbonas.png","type":"","width":"","height":""}],"twitter_card":"summary_large_image","twitter_misc":{"Dur\u00e9e de lecture estim\u00e9e":"1 minute"},"schema":{"@context":"https:\/\/schema.org","@graph":[{"@type":"WebPage","@id":"https:\/\/coolrooms.com\/palaciovillapanes\/fr\/terrasse\/","url":"https:\/\/coolrooms.com\/palaciovillapanes\/fr\/terrasse\/","name":"Terraza | Hotel Palacio Villapan\u00e9s Sevilla - Hotel 5*","isPartOf":{"@id":"https:\/\/coolrooms.com\/palaciovillapanes\/#website"},"primaryImageOfPage":{"@id":"https:\/\/coolrooms.com\/palaciovillapanes\/fr\/terrasse\/#primaryimage"},"image":{"@id":"https:\/\/coolrooms.com\/palaciovillapanes\/fr\/terrasse\/#primaryimage"},"thumbnailUrl":"https:\/\/coolrooms.com\/palaciovillapanes\/wp-content\/uploads\/sites\/7\/2017\/03\/terraza-tumbonas.png","datePublished":"2017-03-14T12:42:56+00:00","dateModified":"2023-08-14T09:08:45+00:00","description":"Disfrutar del skyline de Sevilla es todo un privilegio que el Hotel Palacio Villapan\u00e9s pone a tu disposici\u00f3n en nuestra terraza con plunge pool.","breadcrumb":{"@id":"https:\/\/coolrooms.com\/palaciovillapanes\/fr\/terrasse\/#breadcrumb"},"inLanguage":"fr-FR","potentialAction":[{"@type":"ReadAction","target":["https:\/\/coolrooms.com\/palaciovillapanes\/fr\/terrasse\/"]}]},{"@type":"ImageObject","inLanguage":"fr-FR","@id":"https:\/\/coolrooms.com\/palaciovillapanes\/fr\/terrasse\/#primaryimage","url":"https:\/\/coolrooms.com\/palaciovillapanes\/wp-content\/uploads\/sites\/7\/2017\/03\/terraza-tumbonas.png","contentUrl":"https:\/\/coolrooms.com\/palaciovillapanes\/wp-content\/uploads\/sites\/7\/2017\/03\/terraza-tumbonas.png"},{"@type":"BreadcrumbList","@id":"https:\/\/coolrooms.com\/palaciovillapanes\/fr\/terrasse\/#breadcrumb","itemListElement":[{"@type":"ListItem","position":1,"name":"Portada","item":"https:\/\/coolrooms.com\/palaciovillapanes\/fr\/"},{"@type":"ListItem","position":2,"name":"Terrasse"}]},{"@type":"WebSite","@id":"https:\/\/coolrooms.com\/palaciovillapanes\/#website","url":"https:\/\/coolrooms.com\/palaciovillapanes\/","name":"Hotel Palacio Villapan\u00e9s Sevilla","description":"CoolRooms |\u00a0El lujo de dormir en un Palacio","publisher":{"@id":"https:\/\/coolrooms.com\/palaciovillapanes\/#organization"},"potentialAction":[{"@type":"SearchAction","target":{"@type":"EntryPoint","urlTemplate":"https:\/\/coolrooms.com\/palaciovillapanes\/?s={search_term_string}"},"query-input":{"@type":"PropertyValueSpecification","valueRequired":true,"valueName":"search_term_string"}}],"inLanguage":"fr-FR"},{"@type":"Organization","@id":"https:\/\/coolrooms.com\/palaciovillapanes\/#organization","name":"Palacio Villapanes","url":"https:\/\/coolrooms.com\/palaciovillapanes\/","logo":{"@type":"ImageObject","inLanguage":"fr-FR","@id":"https:\/\/coolrooms.com\/palaciovillapanes\/#\/schema\/logo\/image\/","url":"https:\/\/coolrooms.com\/palaciovillapanes\/wp-content\/uploads\/sites\/7\/2022\/06\/logo-palacio-dark.png","contentUrl":"https:\/\/coolrooms.com\/palaciovillapanes\/wp-content\/uploads\/sites\/7\/2022\/06\/logo-palacio-dark.png","width":300,"height":233,"caption":"Palacio Villapanes"},"image":{"@id":"https:\/\/coolrooms.com\/palaciovillapanes\/#\/schema\/logo\/image\/"},"sameAs":["https:\/\/www.facebook.com\/palaciodevillapanes\/","https:\/\/www.instagram.com\/palaciovillapanes\/","https:\/\/www.linkedin.com\/company\/hotel-palacio-de-villapans"]}]}},"acf":[],"_links":{"self":[{"href":"https:\/\/coolrooms.com\/palaciovillapanes\/fr\/wp-json\/wp\/v2\/pages\/3275","targetHints":{"allow":["GET"]}}],"collection":[{"href":"https:\/\/coolrooms.com\/palaciovillapanes\/fr\/wp-json\/wp\/v2\/pages"}],"about":[{"href":"https:\/\/coolrooms.com\/palaciovillapanes\/fr\/wp-json\/wp\/v2\/types\/page"}],"author":[{"embeddable":true,"href":"https:\/\/coolrooms.com\/palaciovillapanes\/fr\/wp-json\/wp\/v2\/users\/13"}],"replies":[{"embeddable":true,"href":"https:\/\/coolrooms.com\/palaciovillapanes\/fr\/wp-json\/wp\/v2\/comments?post=3275"}],"version-history":[{"count":0,"href":"https:\/\/coolrooms.com\/palaciovillapanes\/fr\/wp-json\/wp\/v2\/pages\/3275\/revisions"}],"wp:attachment":[{"href":"https:\/\/coolrooms.com\/palaciovillapanes\/fr\/wp-json\/wp\/v2\/media?parent=3275"}],"curies":[{"name":"wp","href":"https:\/\/api.w.org\/{rel}","templated":true}]}}