{"id":3131,"date":"2017-04-25T16:41:06","date_gmt":"2017-04-25T16:41:06","guid":{"rendered":"https:\/\/coolrooms.com\/palaciovillapanes\/?page_id=3131\/"},"modified":"2017-04-25T16:41:06","modified_gmt":"2017-04-25T16:41:06","slug":"suite-tour","status":"publish","type":"page","link":"https:\/\/coolrooms.com\/palaciovillapanes\/fr\/chambres\/suite-tour\/","title":{"rendered":"Suite Tour"},"content":{"rendered":"<div id='cabecera'  class='avia-section main_color avia-section-huge avia-shadow  avia-full-stretch av-section-color-overlay-active avia-bg-style-scroll  avia-builder-el-0  el_before_av_section  avia-builder-el-first   av-minimum-height av-minimum-height-100  container_wrap fullsize' style='background-repeat: no-repeat; background-image: url(https:\/\/coolrooms.com\/palaciovillapanes\/wp-content\/uploads\/sites\/7\/2022\/03\/catedral-sevilla11-1.jpg);background-attachment: scroll; background-position: center center;  '  data-section-bg-repeat='stretch' data-av_minimum_height_pc='100'><div class='av-section-color-overlay-wrap'><div class='av-section-color-overlay' style='opacity: 0.3; background-color: #0a0a0a; '><\/div><div class='container' ><main  role=\"main\" itemprop=\"mainContentOfPage\"  class='template-page content  av-content-full alpha units'><div class='post-entry post-entry-type-page post-entry-3131'><div class='entry-content-wrapper clearfix'>\n<div  style='padding-bottom:10px; color:#ffffff;font-size:90px;' class='av-special-heading av-special-heading-h1 custom-color-heading blockquote modern-quote modern-centered  avia-builder-el-1  el_before_av_hr  avia-builder-el-first  av-inherit-size '><h1 class='av-special-heading-tag '  itemprop=\"headline\"  >TOUR<\/h1><div class ='av-subheading av-subheading_below av_custom_color ' style='font-size:15px;'><p><span style=\"font-weight: 900 !important;font-size: 4em\">SUITE<\/span><\/p>\n<\/div><div class='special-heading-border'><div class='special-heading-inner-border' style='border-color:#ffffff'><\/div><\/div><\/div>\n<div  style=' margin-top:30px; margin-bottom:30px;'  class='hr hr-custom hr-center hr-icon-no   avia-builder-el-2  el_after_av_heading  el_before_av_button '><span class='hr-inner  inner-border-av-border-fat' style=' width:50px;' ><span class='hr-inner-style'><\/span><\/span><\/div>\n<div  class='avia-button-wrap avia-button-center  avia-builder-el-3  el_after_av_hr  avia-builder-el-last ' ><a href='https:\/\/coolrooms.com\/palaciovillapanes\/fr\/reserver-votre-sejour-dans-nos-suites-de-luxe-a-lhotel-palacio-de-villapanes\/?price_group=128'  class='avia-button  avia-color-light   avia-icon_select-no avia-size-x-large avia-position-center '   ><span class='avia_iconbox_title' >R\u00c9SERVER<\/span><\/a><\/div>\n<\/div><\/div><\/main><!-- close content main element --><\/div><\/div><\/div><div id='sec-bookassist'  class='avia-section main_color avia-section-no-padding avia-no-border-styling  avia-bg-style-scroll  avia-builder-el-4  el_after_av_section  el_before_av_section   container_wrap fullsize' style=' '  ><div class='container' ><div class='template-page content  av-content-full alpha units'><div class='post-entry post-entry-type-page post-entry-3131'><div class='entry-content-wrapper clearfix'>\n\n<\/p>\n<\/div><\/div><\/div><!-- close content main div --><\/div><\/div><div id='sec1-suitpalacio'  class='avia-section main_color avia-section-large avia-no-border-styling  avia-bg-style-scroll  avia-builder-el-6  el_after_av_section  avia-builder-el-last   av-minimum-height av-minimum-height-50  container_wrap fullsize' style='background-repeat: repeat; background-image: url(https:\/\/coolrooms.com\/palaciovillapanes\/wp-content\/uploads\/sites\/7\/2022\/03\/bckg-suite-2-1.jpg);background-attachment: scroll; background-position: center center;  '  data-section-bg-repeat='repeat' data-av_minimum_height_pc='50'><div class='container' ><div class='template-page content  av-content-full alpha units'><div class='post-entry post-entry-type-page post-entry-3131'><div class='entry-content-wrapper clearfix'>\n<div class=\"flex_column av_three_fifth  av-animated-generic left-to-right  flex_column_div av-zero-column-padding first  avia-builder-el-7  el_before_av_two_fifth  avia-builder-el-first  \" style='border-radius:0px; '><section class=\"av_textblock_section \"  itemscope=\"itemscope\" itemtype=\"https:\/\/schema.org\/CreativeWork\" ><div class='avia_textblock  av_inherit_color '  style='color:#ffffff; '  itemprop=\"text\" ><h1>UNE VUE EXCEPTIONNELLE DEPUIS UNE TERRASSE PRIV\u00c9E<\/h1>\n<p>Plac\u00e9 dans le d\u00f4me du Palais, ses 85m2 cachent l&rsquo;un des secrets les mieux gard\u00e9s de notre palais: une terrasse priv\u00e9e pour contempler la ville de S\u00e9ville, avec la Giralda et la Cath\u00e9drale au premier terme. Dans cette grande et lumineuse suite avec des grandes fen\u00eatres, vous aurez \u00e0 votre disposition la baignoire originale du Marqu\u00e9s de Villapan\u00e9s, sculpt\u00e9e en marbre et originale du 19\u00e8me si\u00e8cle.<\/p>\n<\/div><\/section><\/div><div class=\"flex_column av_two_fifth  av-hide-on-mobile  flex_column_div av-zero-column-padding   avia-builder-el-9  el_after_av_three_fifth  el_before_av_one_fourth  \" style='border-radius:0px; '><\/div><div class=\"flex_column av_one_fourth  flex_column_div av-zero-column-padding first  avia-builder-el-10  el_after_av_two_fifth  el_before_av_three_fourth  \" style='border-radius:0px; '><\/div><div class=\"flex_column av_three_fourth  av-animated-generic pop-up  av-hide-on-mobile  flex_column_div av-zero-column-padding   avia-builder-el-12  el_after_av_one_fourth  el_before_av_one_full  \" style='border-radius:0px; '><div   data-size='featured_large'  data-lightbox_size='large'  data-animation='fade'  data-conditional_play=''  data-ids='361,367,373,362,363,364,365'  data-video_counter='0'  data-autoplay='true'  data-bg_slider='false'  data-slide_height=''  data-handle='av_slideshow'  data-interval='5'  data-class=' avia-builder-el-13  avia-builder-el-no-sibling  '  data-el_id=''  data-css_id=''  data-scroll_down=''  data-control_layout='av-control-hidden'  data-custom_markup=''  data-perma_caption=''  data-autoplay_stopper=''  data-image_attachment=''  data-min_height='0px'  data-lazy_loading='disabled'  data-default-height='42'  class='avia-slideshow avia-slideshow-1  av-control-hidden av-default-height-applied avia-slideshow-featured_large av_slideshow  avia-builder-el-13  avia-builder-el-no-sibling   avia-fade-slider '  itemprop=\"image\" itemscope=\"itemscope\" itemtype=\"https:\/\/schema.org\/ImageObject\" ><ul class='avia-slideshow-inner ' style='padding-bottom: 72.181818181818%;' ><li  class=' slide-1 ' ><div data-rel='slideshow-1' class='avia-slide-wrap '   ><img loading=\"lazy\" decoding=\"async\" class=\"wp-image-362 avia-img-lazy-loading-not-362\"  src=\"https:\/\/coolrooms.com\/palaciovillapanes\/wp-content\/uploads\/sites\/7\/2022\/03\/catedral-sevilla11-1.jpg\" width=\"550\" height=\"397\" title='catedral-sevilla11' alt=''  itemprop=\"thumbnailUrl\" srcset=\"https:\/\/coolrooms.com\/palaciovillapanes\/wp-content\/uploads\/sites\/7\/2022\/03\/catedral-sevilla11-1.jpg 550w, https:\/\/coolrooms.com\/palaciovillapanes\/wp-content\/uploads\/sites\/7\/2022\/03\/catedral-sevilla11-1-300x217.jpg 300w\" sizes=\"(max-width: 550px) 100vw, 550px\" \/><\/div><\/li><li  class=' slide-2 ' ><div data-rel='slideshow-1' class='avia-slide-wrap '   ><img loading=\"lazy\" decoding=\"async\" loading=\"lazy\" class=\"wp-image-376 avia-img-lazy-loading-not-376\"  src=\"https:\/\/coolrooms.com\/palaciovillapanes\/wp-content\/uploads\/sites\/7\/2022\/03\/sello-tripadvisor-bueno-2015-04-17-a-las-10.48.28.png\" width=\"445\" height=\"444\" title='sello-tripadvisor-bueno-2015-04-17-a-las-10.48.28' alt=''  itemprop=\"thumbnailUrl\" srcset=\"https:\/\/coolrooms.com\/palaciovillapanes\/wp-content\/uploads\/sites\/7\/2022\/03\/sello-tripadvisor-bueno-2015-04-17-a-las-10.48.28.png 445w, https:\/\/coolrooms.com\/palaciovillapanes\/wp-content\/uploads\/sites\/7\/2022\/03\/sello-tripadvisor-bueno-2015-04-17-a-las-10.48.28-300x300.png 300w, https:\/\/coolrooms.com\/palaciovillapanes\/wp-content\/uploads\/sites\/7\/2022\/03\/sello-tripadvisor-bueno-2015-04-17-a-las-10.48.28-80x80.png 80w, https:\/\/coolrooms.com\/palaciovillapanes\/wp-content\/uploads\/sites\/7\/2022\/03\/sello-tripadvisor-bueno-2015-04-17-a-las-10.48.28-36x36.png 36w, https:\/\/coolrooms.com\/palaciovillapanes\/wp-content\/uploads\/sites\/7\/2022\/03\/sello-tripadvisor-bueno-2015-04-17-a-las-10.48.28-180x180.png 180w\" sizes=\"auto, (max-width: 445px) 100vw, 445px\" \/><\/div><\/li><li  class=' slide-3 ' ><div data-rel='slideshow-1' class='avia-slide-wrap '   ><img loading=\"lazy\" decoding=\"async\" loading=\"lazy\" class=\"wp-image-363 avia-img-lazy-loading-not-363\"  src=\"https:\/\/coolrooms.com\/palaciovillapanes\/wp-content\/uploads\/sites\/7\/2017\/03\/suite-torreon-hotel-villapanes-sevilla-3-1200x630.jpg\" width=\"1200\" height=\"630\" title='' alt=''  itemprop=\"thumbnailUrl\"   \/><\/div><\/li><li  class=' slide-4 ' ><div data-rel='slideshow-1' class='avia-slide-wrap '   ><img loading=\"lazy\" decoding=\"async\" loading=\"lazy\" class=\"wp-image-367 avia-img-lazy-loading-not-367\"  src=\"https:\/\/coolrooms.com\/palaciovillapanes\/wp-content\/uploads\/sites\/7\/2022\/03\/PATIO-DE-LOS-NARANJOS1-1198x630.jpg\" width=\"1198\" height=\"630\" title='PATIO-DE-LOS-NARANJOS1' alt=''  itemprop=\"thumbnailUrl\"   \/><\/div><\/li><\/ul><div class='avia-slideshow-arrows avia-slideshow-controls' ><a href='#prev' class='prev-slide ' aria-hidden='true' data-av_icon='\ue87c' data-av_iconfont='entypo-fontello' aria-hidden='true' tabindex='-1'>Pr\u00e9c\u00e9dent<\/a><a href='#next' class='next-slide ' aria-hidden='true' data-av_icon='\ue87d' data-av_iconfont='entypo-fontello' aria-hidden='true' tabindex='-1'>Suivant<\/a><\/div><div class='avia-slideshow-dots avia-slideshow-controls'><a href='#1' class='goto-slide active' >1<\/a><a href='#2' class='goto-slide ' >2<\/a><a href='#3' class='goto-slide ' >3<\/a><a href='#4' class='goto-slide ' >4<\/a><\/div><\/div><\/div><div class=\"flex_column av_one_full  av-animated-generic pop-up  flex_column_div av-zero-column-padding first  avia-builder-el-14  el_after_av_three_fourth  el_before_av_one_full  column-top-margin\" style='border-radius:0px; '><div  class='av-catalogue-container   avia-builder-el-15  avia-builder-el-no-sibling '><ul class='av-catalogue-list'>\n<li><div class='av-catalogue-item'><div class='av-catalogue-item-inner'><div class='av-catalogue-title-container'><div class='av-catalogue-title'>\u00c9QUIPEMENTS:<\/div><div class='av-catalogue-price'><\/div><\/div><div class=\"av-catalogue-content\">\n<ul>\n<li>TV Loewe<\/li>\n<li>Amenities <a href=\"https:\/\/www.katarisoaps.com\/acerca-de-katari\" target=\"_blank\" rel=\"noopener noreferrer\">Katari<\/a><\/li>\n<li>T\u00edvoli\u00a0Radio<\/li>\n<li>iMac Apple<\/li>\n<\/ul>\n<\/div><\/div><\/div><\/li>\n<li><div class='av-catalogue-item'><div class='av-catalogue-item-inner'><div class='av-catalogue-title-container'><div class='av-catalogue-title'>En plus de la longue liste de services, nous offrons gratuitement:<\/div><div class='av-catalogue-price'><\/div><\/div><div class=\"av-catalogue-content\">\n<ul>\n<li>La connexion Wi-Fi dans les chambres et les zones communes<\/li>\n<li>Minibar<\/li>\n<li>Entr\u00e9e gratuite au Wellness\u00a0Area<\/li>\n<\/ul>\n<\/div><\/div><\/div><\/li>\n<\/ul><\/div><\/div><div class=\"flex_column av_one_full  flex_column_div av-zero-column-padding first  avia-builder-el-16  el_after_av_one_full  avia-builder-el-last  column-top-margin\" style='border-radius:0px; '><\/div>\n\n","protected":false},"excerpt":{"rendered":"","protected":false},"author":13,"featured_media":0,"parent":3239,"menu_order":0,"comment_status":"closed","ping_status":"closed","template":"","meta":{"_acf_changed":false,"footnotes":""},"class_list":["post-3131","page","type-page","status-publish","hentry"],"yoast_head":"<!-- This site is optimized with the Yoast SEO plugin v27.3 - https:\/\/yoast.com\/product\/yoast-seo-wordpress\/ -->\n<title>Suite Tour - Hotel CoolRooms Palacio Villapan\u00e9s Sevilla<\/title>\n<meta name=\"robots\" content=\"index, follow, max-snippet:-1, max-image-preview:large, max-video-preview:-1\" \/>\n<link rel=\"canonical\" href=\"https:\/\/coolrooms.com\/palaciovillapanes\/fr\/chambres\/suite-tour\/\" \/>\n<meta property=\"og:locale\" content=\"fr_FR\" \/>\n<meta property=\"og:type\" content=\"article\" \/>\n<meta property=\"og:title\" content=\"Suite Tour - Hotel CoolRooms Palacio Villapan\u00e9s Sevilla\" \/>\n<meta property=\"og:url\" content=\"https:\/\/coolrooms.com\/palaciovillapanes\/fr\/chambres\/suite-tour\/\" \/>\n<meta property=\"og:site_name\" content=\"Hotel CoolRooms Palacio Villapan\u00e9s Sevilla\" \/>\n<meta property=\"article:publisher\" content=\"https:\/\/www.facebook.com\/palaciodevillapanes\/\" \/>\n<meta property=\"og:image\" content=\"https:\/\/coolrooms.com\/palaciovillapanes\/wp-content\/uploads\/sites\/7\/2017\/06\/logo-palacio.jpg\" \/>\n\t<meta property=\"og:image:width\" content=\"4001\" \/>\n\t<meta property=\"og:image:height\" content=\"2251\" \/>\n\t<meta property=\"og:image:type\" content=\"image\/png\" \/>\n<meta name=\"twitter:card\" content=\"summary_large_image\" \/>\n<meta name=\"twitter:label1\" content=\"Dur\u00e9e de lecture estim\u00e9e\" \/>\n\t<meta name=\"twitter:data1\" content=\"6 minutes\" \/>\n<script type=\"application\/ld+json\" class=\"yoast-schema-graph\">{\"@context\":\"https:\\\/\\\/schema.org\",\"@graph\":[{\"@type\":\"WebPage\",\"@id\":\"https:\\\/\\\/coolrooms.com\\\/palaciovillapanes\\\/fr\\\/chambres\\\/suite-tour\\\/\",\"url\":\"https:\\\/\\\/coolrooms.com\\\/palaciovillapanes\\\/fr\\\/chambres\\\/suite-tour\\\/\",\"name\":\"Suite Tour - Hotel CoolRooms Palacio Villapan\u00e9s Sevilla\",\"isPartOf\":{\"@id\":\"https:\\\/\\\/coolrooms.com\\\/palaciovillapanes\\\/#website\"},\"datePublished\":\"2017-04-25T16:41:06+00:00\",\"breadcrumb\":{\"@id\":\"https:\\\/\\\/coolrooms.com\\\/palaciovillapanes\\\/fr\\\/chambres\\\/suite-tour\\\/#breadcrumb\"},\"inLanguage\":\"fr-FR\",\"potentialAction\":[{\"@type\":\"ReadAction\",\"target\":[\"https:\\\/\\\/coolrooms.com\\\/palaciovillapanes\\\/fr\\\/chambres\\\/suite-tour\\\/\"]}]},{\"@type\":\"BreadcrumbList\",\"@id\":\"https:\\\/\\\/coolrooms.com\\\/palaciovillapanes\\\/fr\\\/chambres\\\/suite-tour\\\/#breadcrumb\",\"itemListElement\":[{\"@type\":\"ListItem\",\"position\":1,\"name\":\"Portada\",\"item\":\"https:\\\/\\\/coolrooms.com\\\/palaciovillapanes\\\/fr\\\/\"},{\"@type\":\"ListItem\",\"position\":2,\"name\":\"Chambres\",\"item\":\"https:\\\/\\\/coolrooms.com\\\/palaciovillapanes\\\/habitaciones\\\/\"},{\"@type\":\"ListItem\",\"position\":3,\"name\":\"Suite Tour\"}]},{\"@type\":\"WebSite\",\"@id\":\"https:\\\/\\\/coolrooms.com\\\/palaciovillapanes\\\/#website\",\"url\":\"https:\\\/\\\/coolrooms.com\\\/palaciovillapanes\\\/\",\"name\":\"Hotel Palacio Villapan\u00e9s Sevilla\",\"description\":\"CoolRooms |\u00a0El lujo de dormir en un Palacio\",\"publisher\":{\"@id\":\"https:\\\/\\\/coolrooms.com\\\/palaciovillapanes\\\/#organization\"},\"potentialAction\":[{\"@type\":\"SearchAction\",\"target\":{\"@type\":\"EntryPoint\",\"urlTemplate\":\"https:\\\/\\\/coolrooms.com\\\/palaciovillapanes\\\/?s={search_term_string}\"},\"query-input\":{\"@type\":\"PropertyValueSpecification\",\"valueRequired\":true,\"valueName\":\"search_term_string\"}}],\"inLanguage\":\"fr-FR\"},{\"@type\":\"Organization\",\"@id\":\"https:\\\/\\\/coolrooms.com\\\/palaciovillapanes\\\/#organization\",\"name\":\"Palacio Villapanes\",\"url\":\"https:\\\/\\\/coolrooms.com\\\/palaciovillapanes\\\/\",\"logo\":{\"@type\":\"ImageObject\",\"inLanguage\":\"fr-FR\",\"@id\":\"https:\\\/\\\/coolrooms.com\\\/palaciovillapanes\\\/#\\\/schema\\\/logo\\\/image\\\/\",\"url\":\"https:\\\/\\\/coolrooms.com\\\/palaciovillapanes\\\/wp-content\\\/uploads\\\/sites\\\/7\\\/2022\\\/06\\\/logo-palacio-dark.png\",\"contentUrl\":\"https:\\\/\\\/coolrooms.com\\\/palaciovillapanes\\\/wp-content\\\/uploads\\\/sites\\\/7\\\/2022\\\/06\\\/logo-palacio-dark.png\",\"width\":300,\"height\":233,\"caption\":\"Palacio Villapanes\"},\"image\":{\"@id\":\"https:\\\/\\\/coolrooms.com\\\/palaciovillapanes\\\/#\\\/schema\\\/logo\\\/image\\\/\"},\"sameAs\":[\"https:\\\/\\\/www.facebook.com\\\/palaciodevillapanes\\\/\",\"https:\\\/\\\/www.instagram.com\\\/palaciovillapanes\\\/\",\"https:\\\/\\\/www.linkedin.com\\\/company\\\/hotel-palacio-de-villapans\"]}]}<\/script>\n<!-- \/ Yoast SEO plugin. -->","yoast_head_json":{"title":"Suite Tour - Hotel CoolRooms Palacio Villapan\u00e9s Sevilla","robots":{"index":"index","follow":"follow","max-snippet":"max-snippet:-1","max-image-preview":"max-image-preview:large","max-video-preview":"max-video-preview:-1"},"canonical":"https:\/\/coolrooms.com\/palaciovillapanes\/fr\/chambres\/suite-tour\/","og_locale":"fr_FR","og_type":"article","og_title":"Suite Tour - Hotel CoolRooms Palacio Villapan\u00e9s Sevilla","og_url":"https:\/\/coolrooms.com\/palaciovillapanes\/fr\/chambres\/suite-tour\/","og_site_name":"Hotel CoolRooms Palacio Villapan\u00e9s Sevilla","article_publisher":"https:\/\/www.facebook.com\/palaciodevillapanes\/","og_image":[{"width":4001,"height":2251,"url":"https:\/\/coolrooms.com\/palaciovillapanes\/wp-content\/uploads\/sites\/7\/2017\/06\/logo-palacio.jpg","type":"image\/png"}],"twitter_card":"summary_large_image","twitter_misc":{"Dur\u00e9e de lecture estim\u00e9e":"6 minutes"},"schema":{"@context":"https:\/\/schema.org","@graph":[{"@type":"WebPage","@id":"https:\/\/coolrooms.com\/palaciovillapanes\/fr\/chambres\/suite-tour\/","url":"https:\/\/coolrooms.com\/palaciovillapanes\/fr\/chambres\/suite-tour\/","name":"Suite Tour - Hotel CoolRooms Palacio Villapan\u00e9s Sevilla","isPartOf":{"@id":"https:\/\/coolrooms.com\/palaciovillapanes\/#website"},"datePublished":"2017-04-25T16:41:06+00:00","breadcrumb":{"@id":"https:\/\/coolrooms.com\/palaciovillapanes\/fr\/chambres\/suite-tour\/#breadcrumb"},"inLanguage":"fr-FR","potentialAction":[{"@type":"ReadAction","target":["https:\/\/coolrooms.com\/palaciovillapanes\/fr\/chambres\/suite-tour\/"]}]},{"@type":"BreadcrumbList","@id":"https:\/\/coolrooms.com\/palaciovillapanes\/fr\/chambres\/suite-tour\/#breadcrumb","itemListElement":[{"@type":"ListItem","position":1,"name":"Portada","item":"https:\/\/coolrooms.com\/palaciovillapanes\/fr\/"},{"@type":"ListItem","position":2,"name":"Chambres","item":"https:\/\/coolrooms.com\/palaciovillapanes\/habitaciones\/"},{"@type":"ListItem","position":3,"name":"Suite Tour"}]},{"@type":"WebSite","@id":"https:\/\/coolrooms.com\/palaciovillapanes\/#website","url":"https:\/\/coolrooms.com\/palaciovillapanes\/","name":"Hotel Palacio Villapan\u00e9s Sevilla","description":"CoolRooms |\u00a0El lujo de dormir en un Palacio","publisher":{"@id":"https:\/\/coolrooms.com\/palaciovillapanes\/#organization"},"potentialAction":[{"@type":"SearchAction","target":{"@type":"EntryPoint","urlTemplate":"https:\/\/coolrooms.com\/palaciovillapanes\/?s={search_term_string}"},"query-input":{"@type":"PropertyValueSpecification","valueRequired":true,"valueName":"search_term_string"}}],"inLanguage":"fr-FR"},{"@type":"Organization","@id":"https:\/\/coolrooms.com\/palaciovillapanes\/#organization","name":"Palacio Villapanes","url":"https:\/\/coolrooms.com\/palaciovillapanes\/","logo":{"@type":"ImageObject","inLanguage":"fr-FR","@id":"https:\/\/coolrooms.com\/palaciovillapanes\/#\/schema\/logo\/image\/","url":"https:\/\/coolrooms.com\/palaciovillapanes\/wp-content\/uploads\/sites\/7\/2022\/06\/logo-palacio-dark.png","contentUrl":"https:\/\/coolrooms.com\/palaciovillapanes\/wp-content\/uploads\/sites\/7\/2022\/06\/logo-palacio-dark.png","width":300,"height":233,"caption":"Palacio Villapanes"},"image":{"@id":"https:\/\/coolrooms.com\/palaciovillapanes\/#\/schema\/logo\/image\/"},"sameAs":["https:\/\/www.facebook.com\/palaciodevillapanes\/","https:\/\/www.instagram.com\/palaciovillapanes\/","https:\/\/www.linkedin.com\/company\/hotel-palacio-de-villapans"]}]}},"acf":[],"_links":{"self":[{"href":"https:\/\/coolrooms.com\/palaciovillapanes\/fr\/wp-json\/wp\/v2\/pages\/3131","targetHints":{"allow":["GET"]}}],"collection":[{"href":"https:\/\/coolrooms.com\/palaciovillapanes\/fr\/wp-json\/wp\/v2\/pages"}],"about":[{"href":"https:\/\/coolrooms.com\/palaciovillapanes\/fr\/wp-json\/wp\/v2\/types\/page"}],"author":[{"embeddable":true,"href":"https:\/\/coolrooms.com\/palaciovillapanes\/fr\/wp-json\/wp\/v2\/users\/13"}],"replies":[{"embeddable":true,"href":"https:\/\/coolrooms.com\/palaciovillapanes\/fr\/wp-json\/wp\/v2\/comments?post=3131"}],"version-history":[{"count":0,"href":"https:\/\/coolrooms.com\/palaciovillapanes\/fr\/wp-json\/wp\/v2\/pages\/3131\/revisions"}],"up":[{"embeddable":true,"href":"https:\/\/coolrooms.com\/palaciovillapanes\/fr\/wp-json\/wp\/v2\/pages\/3239"}],"wp:attachment":[{"href":"https:\/\/coolrooms.com\/palaciovillapanes\/fr\/wp-json\/wp\/v2\/media?parent=3131"}],"curies":[{"name":"wp","href":"https:\/\/api.w.org\/{rel}","templated":true}]}}