{"id":486,"date":"2026-04-28T12:58:05","date_gmt":"2026-04-28T12:58:05","guid":{"rendered":"https:\/\/coolrooms.com\/palacioduarte\/?page_id=486"},"modified":"2026-05-04T11:39:05","modified_gmt":"2026-05-04T11:39:05","slug":"suite","status":"publish","type":"page","link":"https:\/\/coolrooms.com\/palacioduarte\/suite\/","title":{"rendered":"Suite"},"content":{"rendered":"\t\t<div data-elementor-type=\"wp-page\" data-elementor-id=\"486\" class=\"elementor elementor-486\" data-elementor-post-type=\"page\">\n\t\t\t\t\t\t<section data-dce-background-image-url=\"https:\/\/coolrooms.com\/palacioduarte\/wp-content\/uploads\/sites\/5\/2026\/04\/habitaciones-suite.jpg\" class=\"elementor-section elementor-top-section elementor-element elementor-element-f1a79ed elementor-section-height-min-height elementor-section-boxed elementor-section-height-default elementor-section-items-middle\" data-id=\"f1a79ed\" data-element_type=\"section\" data-e-type=\"section\" data-settings=\"{&quot;background_background&quot;:&quot;classic&quot;}\">\n\t\t\t\t\t\t\t<div class=\"elementor-background-overlay\"><\/div>\n\t\t\t\t\t\t\t<div class=\"elementor-container elementor-column-gap-default\">\n\t\t\t\t\t<div class=\"elementor-column elementor-col-100 elementor-top-column elementor-element elementor-element-900ba44\" data-id=\"900ba44\" data-element_type=\"column\" data-e-type=\"column\">\n\t\t\t<div class=\"elementor-widget-wrap elementor-element-populated\">\n\t\t\t\t\t\t<div class=\"elementor-element elementor-element-90bc785 elementor-widget elementor-widget-heading\" data-id=\"90bc785\" data-element_type=\"widget\" data-e-type=\"widget\" data-widget_type=\"heading.default\">\n\t\t\t\t<div class=\"elementor-widget-container\">\n\t\t\t\t\t<h1 class=\"elementor-heading-title elementor-size-default\">SUITE<\/h1>\t\t\t\t<\/div>\n\t\t\t\t<\/div>\n\t\t\t\t<div class=\"elementor-element elementor-element-ee0fac5 elementor-align-center elementor-widget elementor-widget-button\" data-id=\"ee0fac5\" data-element_type=\"widget\" data-e-type=\"widget\" data-widget_type=\"button.default\">\n\t\t\t\t<div class=\"elementor-widget-container\">\n\t\t\t\t\t\t\t\t\t<div class=\"elementor-button-wrapper\">\n\t\t\t\t\t<a class=\"elementor-button elementor-button-link elementor-size-lg\" href=\"\/\" target=\"_blank\">\n\t\t\t\t\t\t<span class=\"elementor-button-content-wrapper\">\n\t\t\t\t\t\t\t\t\t<span class=\"elementor-button-text\">RESERVAR<\/span>\n\t\t\t\t\t<\/span>\n\t\t\t\t\t<\/a>\n\t\t\t\t<\/div>\n\t\t\t\t\t\t\t\t<\/div>\n\t\t\t\t<\/div>\n\t\t\t\t<div class=\"elementor-element elementor-element-e01a4af elementor-widget__width-auto elementor-fixed open-deluxe-360 dce_masking-none elementor-widget elementor-widget-image\" data-id=\"e01a4af\" data-element_type=\"widget\" data-e-type=\"widget\" data-settings=\"{&quot;_position&quot;:&quot;fixed&quot;}\" data-widget_type=\"image.default\">\n\t\t\t\t<div class=\"elementor-widget-container\">\n\t\t\t\t\t\t\t\t\t\t\t\t\t\t\t<img decoding=\"async\" width=\"60\" height=\"60\" src=\"https:\/\/coolrooms.com\/palacioduarte\/wp-content\/uploads\/sites\/5\/2026\/04\/360.png\" class=\"attachment-full size-full wp-image-332\" alt=\"\" \/>\t\t\t\t\t\t\t\t\t\t\t\t\t\t\t<\/div>\n\t\t\t\t<\/div>\n\t\t\t\t\t<\/div>\n\t\t<\/div>\n\t\t\t\t\t<\/div>\n\t\t<\/section>\n\t\t\t\t<section class=\"elementor-section elementor-top-section elementor-element elementor-element-ff62b38 elementor-section-boxed elementor-section-height-default elementor-section-height-default\" data-id=\"ff62b38\" data-element_type=\"section\" data-e-type=\"section\" data-settings=\"{&quot;background_background&quot;:&quot;classic&quot;}\">\n\t\t\t\t\t\t<div class=\"elementor-container elementor-column-gap-default\">\n\t\t\t\t\t<div class=\"elementor-column elementor-col-100 elementor-top-column elementor-element elementor-element-f47f400\" data-id=\"f47f400\" data-element_type=\"column\" data-e-type=\"column\">\n\t\t\t<div class=\"elementor-widget-wrap elementor-element-populated\">\n\t\t\t\t\t\t<div class=\"elementor-element elementor-element-cf11ca6 elementor-invisible elementor-widget elementor-widget-heading\" data-id=\"cf11ca6\" data-element_type=\"widget\" data-e-type=\"widget\" data-settings=\"{&quot;_animation&quot;:&quot;fadeInUp&quot;}\" data-widget_type=\"heading.default\">\n\t\t\t\t<div class=\"elementor-widget-container\">\n\t\t\t\t\t<h2 class=\"elementor-heading-title elementor-size-default\">HABITACI\u00d3N SUITE<\/h2>\t\t\t\t<\/div>\n\t\t\t\t<\/div>\n\t\t\t\t<div class=\"elementor-element elementor-element-3bc531a elementor-invisible elementor-widget elementor-widget-heading\" data-id=\"3bc531a\" data-element_type=\"widget\" data-e-type=\"widget\" data-settings=\"{&quot;_animation&quot;:&quot;fadeInUp&quot;,&quot;_animation_delay&quot;:300}\" data-widget_type=\"heading.default\">\n\t\t\t\t<div class=\"elementor-widget-container\">\n\t\t\t\t\t<h6 class=\"elementor-heading-title elementor-size-default\">Cuidando el detalle<\/h6>\t\t\t\t<\/div>\n\t\t\t\t<\/div>\n\t\t\t\t<section class=\"elementor-section elementor-inner-section elementor-element elementor-element-4ec451c elementor-section-boxed elementor-section-height-default elementor-section-height-default\" data-id=\"4ec451c\" data-element_type=\"section\" data-e-type=\"section\">\n\t\t\t\t\t\t<div class=\"elementor-container elementor-column-gap-default\">\n\t\t\t\t\t<div class=\"elementor-column elementor-col-50 elementor-inner-column elementor-element elementor-element-91ca68f elementor-invisible\" data-id=\"91ca68f\" data-element_type=\"column\" data-e-type=\"column\" data-settings=\"{&quot;animation&quot;:&quot;fadeInUp&quot;}\">\n\t\t\t<div class=\"elementor-widget-wrap elementor-element-populated\">\n\t\t\t\t\t\t<div class=\"elementor-element elementor-element-b00e0fd elementor-widget elementor-widget-text-editor\" data-id=\"b00e0fd\" data-element_type=\"widget\" data-e-type=\"widget\" data-widget_type=\"text-editor.default\">\n\t\t\t\t<div class=\"elementor-widget-container\">\n\t\t\t\t\t\t\t\t\t<ul class=\"av-catalogue-list\"><li><div class=\"av-catalogue-item-inner\"><div class=\"av-catalogue-title-container\"><div class=\"av-catalogue-title\">ESPECIFICACIONES:<\/div><div class=\"av-catalogue-price\">\u00a0<\/div><\/div><div class=\"av-catalogue-content\"><ul><li>TV Loewe<\/li><li>Muebles de dise\u00f1o<\/li><li>Art\u00edculos de aseo Molton Brown<\/li><li>Albornoz<\/li><li>Zapatillas<\/li><li>Secador de pelo<\/li><li>Ducha con 3 tipos de chorro<\/li><li>De 25 a 35m<sup>2<\/sup><\/li><\/ul><p>\u00a0<\/p><\/div><\/div><\/li><li><div class=\"av-catalogue-item\"><div class=\"av-catalogue-item-inner\"><div class=\"av-catalogue-title-container\"><div class=\"av-catalogue-title\">ADEM\u00c1S SE INCLUYE DE FORMA GRATUITA:<\/div><div class=\"av-catalogue-price\">\u00a0<\/div><\/div><div class=\"av-catalogue-content\"><ul><li>Wifi de alta velocidad en todas las zonas del hotel<\/li><li>Acceso a nuestro\u00a0Wellness Area<\/li><li>Prensa diaria nacional e internacional<\/li><li>Limpieza de calzado<\/li><li>Copa de bienvenida<\/li><\/ul><p>\u00a0<\/p><p>No se pueden a\u00f1adir camas supletorias en esta habitaci\u00f3n.<\/p><p>Impuestos incluidos. IVA 10%<\/p><\/div><\/div><\/div><\/li><\/ul>\t\t\t\t\t\t\t\t<\/div>\n\t\t\t\t<\/div>\n\t\t\t\t\t<\/div>\n\t\t<\/div>\n\t\t\t\t<div class=\"elementor-column elementor-col-50 elementor-inner-column elementor-element elementor-element-766bc5c elementor-invisible\" data-id=\"766bc5c\" data-element_type=\"column\" data-e-type=\"column\" data-settings=\"{&quot;animation&quot;:&quot;fadeInUp&quot;,&quot;animation_delay&quot;:300}\">\n\t\t\t<div class=\"elementor-widget-wrap elementor-element-populated\">\n\t\t\t\t\t\t<div class=\"elementor-element elementor-element-3e367d0 elementor-widget elementor-widget-heading\" data-id=\"3e367d0\" data-element_type=\"widget\" data-e-type=\"widget\" data-widget_type=\"heading.default\">\n\t\t\t\t<div class=\"elementor-widget-container\">\n\t\t\t\t\t<h3 class=\"elementor-heading-title elementor-size-default\">\u2014 Las habitaciones deluxe suponen un amplio espacio donde los detalles se han cuidado para que su experiencia en nuestro palacio resulte \u00edntima y c\u00f3moda: desde el placer de descansar en su extraordinaria cama, sum\u00e9rjase bajo su ducha \u00ablluvia tropical\u00bb, y disfrute con sus amenities de Molton Brown.<\/h3>\t\t\t\t<\/div>\n\t\t\t\t<\/div>\n\t\t\t\t\t<\/div>\n\t\t<\/div>\n\t\t\t\t\t<\/div>\n\t\t<\/section>\n\t\t\t\t<div class=\"elementor-element elementor-element-5b533ee elementor-align-center elementor-invisible elementor-widget elementor-widget-button\" data-id=\"5b533ee\" data-element_type=\"widget\" data-e-type=\"widget\" data-settings=\"{&quot;_animation&quot;:&quot;fadeIn&quot;}\" data-widget_type=\"button.default\">\n\t\t\t\t<div class=\"elementor-widget-container\">\n\t\t\t\t\t\t\t\t\t<div class=\"elementor-button-wrapper\">\n\t\t\t\t\t<a class=\"elementor-button elementor-button-link elementor-size-sm\" href=\"\/palaciovillapanes\/reservas\/?price_group=34\">\n\t\t\t\t\t\t<span class=\"elementor-button-content-wrapper\">\n\t\t\t\t\t\t\t\t\t<span class=\"elementor-button-text\">Reserve esta habitaci\u00f3n<\/span>\n\t\t\t\t\t<\/span>\n\t\t\t\t\t<\/a>\n\t\t\t\t<\/div>\n\t\t\t\t\t\t\t\t<\/div>\n\t\t\t\t<\/div>\n\t\t\t\t<div class=\"elementor-element elementor-element-8e417ba elementor-widget elementor-widget-spacer\" data-id=\"8e417ba\" data-element_type=\"widget\" data-e-type=\"widget\" data-widget_type=\"spacer.default\">\n\t\t\t\t<div class=\"elementor-widget-container\">\n\t\t\t\t\t\t\t<div class=\"elementor-spacer\">\n\t\t\t<div class=\"elementor-spacer-inner\"><\/div>\n\t\t<\/div>\n\t\t\t\t\t\t<\/div>\n\t\t\t\t<\/div>\n\t\t\t\t\t<\/div>\n\t\t<\/div>\n\t\t\t\t\t<\/div>\n\t\t<\/section>\n\t\t\t\t<\/div>\n\t\t","protected":false},"excerpt":{"rendered":"<p>SUITE RESERVAR HABITACI\u00d3N SUITE Cuidando el detalle ESPECIFICACIONES:\u00a0 TV Loewe Muebles de dise\u00f1o Art\u00edculos de aseo Molton Brown Albornoz Zapatillas Secador de pelo Ducha con 3 tipos de chorro De 25 a 35m2 \u00a0 ADEM\u00c1S SE INCLUYE DE FORMA GRATUITA:\u00a0 Wifi de alta velocidad en todas las zonas del hotel Acceso a nuestro\u00a0Wellness Area Prensa [&hellip;]<\/p>\n","protected":false},"author":13,"featured_media":0,"parent":0,"menu_order":0,"comment_status":"closed","ping_status":"closed","template":"","meta":{"footnotes":""},"class_list":["post-486","page","type-page","status-publish","hentry"],"yoast_head":"<!-- This site is optimized with the Yoast SEO plugin v27.5 - https:\/\/yoast.com\/product\/yoast-seo-wordpress\/ -->\n<title>Suite - Hotel CoolRooms Palacio Duarte<\/title>\n<meta name=\"robots\" content=\"index, follow, max-snippet:-1, max-image-preview:large, max-video-preview:-1\" \/>\n<link rel=\"canonical\" href=\"https:\/\/coolrooms.com\/palacioduarte\/suite\/\" \/>\n<meta property=\"og:locale\" content=\"es_ES\" \/>\n<meta property=\"og:type\" content=\"article\" \/>\n<meta property=\"og:title\" content=\"Suite - Hotel CoolRooms Palacio Duarte\" \/>\n<meta property=\"og:description\" content=\"SUITE RESERVAR HABITACI\u00d3N SUITE Cuidando el detalle ESPECIFICACIONES:\u00a0 TV Loewe Muebles de dise\u00f1o Art\u00edculos de aseo Molton Brown Albornoz Zapatillas Secador de pelo Ducha con 3 tipos de chorro De 25 a 35m2 \u00a0 ADEM\u00c1S SE INCLUYE DE FORMA GRATUITA:\u00a0 Wifi de alta velocidad en todas las zonas del hotel Acceso a nuestro\u00a0Wellness Area Prensa [&hellip;]\" \/>\n<meta property=\"og:url\" content=\"https:\/\/coolrooms.com\/palacioduarte\/suite\/\" \/>\n<meta property=\"og:site_name\" content=\"Hotel CoolRooms Palacio Duarte\" \/>\n<meta property=\"article:modified_time\" content=\"2026-05-04T11:39:05+00:00\" \/>\n<meta property=\"og:image\" content=\"https:\/\/coolrooms.com\/palacioduarte\/wp-content\/uploads\/sites\/5\/2026\/04\/360.png\" \/>\n\t<meta property=\"og:image:width\" content=\"60\" \/>\n\t<meta property=\"og:image:height\" content=\"60\" \/>\n\t<meta property=\"og:image:type\" content=\"image\/png\" \/>\n<meta name=\"twitter:card\" content=\"summary_large_image\" \/>\n<meta name=\"twitter:label1\" content=\"Tiempo de lectura\" \/>\n\t<meta name=\"twitter:data1\" content=\"1 minuto\" \/>\n<script type=\"application\/ld+json\" class=\"yoast-schema-graph\">{\"@context\":\"https:\\\/\\\/schema.org\",\"@graph\":[{\"@type\":\"WebPage\",\"@id\":\"https:\\\/\\\/coolrooms.com\\\/palacioduarte\\\/suite\\\/\",\"url\":\"https:\\\/\\\/coolrooms.com\\\/palacioduarte\\\/suite\\\/\",\"name\":\"Suite - Hotel CoolRooms Palacio Duarte\",\"isPartOf\":{\"@id\":\"https:\\\/\\\/coolrooms.com\\\/palacioduarte\\\/#website\"},\"primaryImageOfPage\":{\"@id\":\"https:\\\/\\\/coolrooms.com\\\/palacioduarte\\\/suite\\\/#primaryimage\"},\"image\":{\"@id\":\"https:\\\/\\\/coolrooms.com\\\/palacioduarte\\\/suite\\\/#primaryimage\"},\"thumbnailUrl\":\"https:\\\/\\\/coolrooms.com\\\/palacioduarte\\\/wp-content\\\/uploads\\\/sites\\\/5\\\/2026\\\/04\\\/360.png\",\"datePublished\":\"2026-04-28T12:58:05+00:00\",\"dateModified\":\"2026-05-04T11:39:05+00:00\",\"breadcrumb\":{\"@id\":\"https:\\\/\\\/coolrooms.com\\\/palacioduarte\\\/suite\\\/#breadcrumb\"},\"inLanguage\":\"es\",\"potentialAction\":[{\"@type\":\"ReadAction\",\"target\":[\"https:\\\/\\\/coolrooms.com\\\/palacioduarte\\\/suite\\\/\"]}]},{\"@type\":\"ImageObject\",\"inLanguage\":\"es\",\"@id\":\"https:\\\/\\\/coolrooms.com\\\/palacioduarte\\\/suite\\\/#primaryimage\",\"url\":\"https:\\\/\\\/coolrooms.com\\\/palacioduarte\\\/wp-content\\\/uploads\\\/sites\\\/5\\\/2026\\\/04\\\/360.png\",\"contentUrl\":\"https:\\\/\\\/coolrooms.com\\\/palacioduarte\\\/wp-content\\\/uploads\\\/sites\\\/5\\\/2026\\\/04\\\/360.png\",\"width\":60,\"height\":60},{\"@type\":\"BreadcrumbList\",\"@id\":\"https:\\\/\\\/coolrooms.com\\\/palacioduarte\\\/suite\\\/#breadcrumb\",\"itemListElement\":[{\"@type\":\"ListItem\",\"position\":1,\"name\":\"Portada\",\"item\":\"https:\\\/\\\/coolrooms.com\\\/palacioduarte\\\/\"},{\"@type\":\"ListItem\",\"position\":2,\"name\":\"Suite\"}]},{\"@type\":\"WebSite\",\"@id\":\"https:\\\/\\\/coolrooms.com\\\/palacioduarte\\\/#website\",\"url\":\"https:\\\/\\\/coolrooms.com\\\/palacioduarte\\\/\",\"name\":\"Hotel CoolRooms Palacio Duarte\",\"description\":\"Oporto - Pr\u00f3xima apertura 2025\",\"potentialAction\":[{\"@type\":\"SearchAction\",\"target\":{\"@type\":\"EntryPoint\",\"urlTemplate\":\"https:\\\/\\\/coolrooms.com\\\/palacioduarte\\\/?s={search_term_string}\"},\"query-input\":{\"@type\":\"PropertyValueSpecification\",\"valueRequired\":true,\"valueName\":\"search_term_string\"}}],\"inLanguage\":\"es\"}]}<\/script>\n<!-- \/ Yoast SEO plugin. -->","yoast_head_json":{"title":"Suite - Hotel CoolRooms Palacio Duarte","robots":{"index":"index","follow":"follow","max-snippet":"max-snippet:-1","max-image-preview":"max-image-preview:large","max-video-preview":"max-video-preview:-1"},"canonical":"https:\/\/coolrooms.com\/palacioduarte\/suite\/","og_locale":"es_ES","og_type":"article","og_title":"Suite - Hotel CoolRooms Palacio Duarte","og_description":"SUITE RESERVAR HABITACI\u00d3N SUITE Cuidando el detalle ESPECIFICACIONES:\u00a0 TV Loewe Muebles de dise\u00f1o Art\u00edculos de aseo Molton Brown Albornoz Zapatillas Secador de pelo Ducha con 3 tipos de chorro De 25 a 35m2 \u00a0 ADEM\u00c1S SE INCLUYE DE FORMA GRATUITA:\u00a0 Wifi de alta velocidad en todas las zonas del hotel Acceso a nuestro\u00a0Wellness Area Prensa [&hellip;]","og_url":"https:\/\/coolrooms.com\/palacioduarte\/suite\/","og_site_name":"Hotel CoolRooms Palacio Duarte","article_modified_time":"2026-05-04T11:39:05+00:00","og_image":[{"width":60,"height":60,"url":"https:\/\/coolrooms.com\/palacioduarte\/wp-content\/uploads\/sites\/5\/2026\/04\/360.png","type":"image\/png"}],"twitter_card":"summary_large_image","twitter_misc":{"Tiempo de lectura":"1 minuto"},"schema":{"@context":"https:\/\/schema.org","@graph":[{"@type":"WebPage","@id":"https:\/\/coolrooms.com\/palacioduarte\/suite\/","url":"https:\/\/coolrooms.com\/palacioduarte\/suite\/","name":"Suite - Hotel CoolRooms Palacio Duarte","isPartOf":{"@id":"https:\/\/coolrooms.com\/palacioduarte\/#website"},"primaryImageOfPage":{"@id":"https:\/\/coolrooms.com\/palacioduarte\/suite\/#primaryimage"},"image":{"@id":"https:\/\/coolrooms.com\/palacioduarte\/suite\/#primaryimage"},"thumbnailUrl":"https:\/\/coolrooms.com\/palacioduarte\/wp-content\/uploads\/sites\/5\/2026\/04\/360.png","datePublished":"2026-04-28T12:58:05+00:00","dateModified":"2026-05-04T11:39:05+00:00","breadcrumb":{"@id":"https:\/\/coolrooms.com\/palacioduarte\/suite\/#breadcrumb"},"inLanguage":"es","potentialAction":[{"@type":"ReadAction","target":["https:\/\/coolrooms.com\/palacioduarte\/suite\/"]}]},{"@type":"ImageObject","inLanguage":"es","@id":"https:\/\/coolrooms.com\/palacioduarte\/suite\/#primaryimage","url":"https:\/\/coolrooms.com\/palacioduarte\/wp-content\/uploads\/sites\/5\/2026\/04\/360.png","contentUrl":"https:\/\/coolrooms.com\/palacioduarte\/wp-content\/uploads\/sites\/5\/2026\/04\/360.png","width":60,"height":60},{"@type":"BreadcrumbList","@id":"https:\/\/coolrooms.com\/palacioduarte\/suite\/#breadcrumb","itemListElement":[{"@type":"ListItem","position":1,"name":"Portada","item":"https:\/\/coolrooms.com\/palacioduarte\/"},{"@type":"ListItem","position":2,"name":"Suite"}]},{"@type":"WebSite","@id":"https:\/\/coolrooms.com\/palacioduarte\/#website","url":"https:\/\/coolrooms.com\/palacioduarte\/","name":"Hotel CoolRooms Palacio Duarte","description":"Oporto - Pr\u00f3xima apertura 2025","potentialAction":[{"@type":"SearchAction","target":{"@type":"EntryPoint","urlTemplate":"https:\/\/coolrooms.com\/palacioduarte\/?s={search_term_string}"},"query-input":{"@type":"PropertyValueSpecification","valueRequired":true,"valueName":"search_term_string"}}],"inLanguage":"es"}]}},"_links":{"self":[{"href":"https:\/\/coolrooms.com\/palacioduarte\/wp-json\/wp\/v2\/pages\/486","targetHints":{"allow":["GET"]}}],"collection":[{"href":"https:\/\/coolrooms.com\/palacioduarte\/wp-json\/wp\/v2\/pages"}],"about":[{"href":"https:\/\/coolrooms.com\/palacioduarte\/wp-json\/wp\/v2\/types\/page"}],"author":[{"embeddable":true,"href":"https:\/\/coolrooms.com\/palacioduarte\/wp-json\/wp\/v2\/users\/13"}],"replies":[{"embeddable":true,"href":"https:\/\/coolrooms.com\/palacioduarte\/wp-json\/wp\/v2\/comments?post=486"}],"version-history":[{"count":12,"href":"https:\/\/coolrooms.com\/palacioduarte\/wp-json\/wp\/v2\/pages\/486\/revisions"}],"predecessor-version":[{"id":642,"href":"https:\/\/coolrooms.com\/palacioduarte\/wp-json\/wp\/v2\/pages\/486\/revisions\/642"}],"wp:attachment":[{"href":"https:\/\/coolrooms.com\/palacioduarte\/wp-json\/wp\/v2\/media?parent=486"}],"curies":[{"name":"wp","href":"https:\/\/api.w.org\/{rel}","templated":true}]}}