{"id":400,"date":"2026-04-28T08:45:47","date_gmt":"2026-04-28T08:45:47","guid":{"rendered":"https:\/\/coolrooms.com\/palacioduarte\/?page_id=400"},"modified":"2026-05-04T11:39:13","modified_gmt":"2026-05-04T11:39:13","slug":"deluxe","status":"publish","type":"page","link":"https:\/\/coolrooms.com\/palacioduarte\/deluxe\/","title":{"rendered":"Deluxe"},"content":{"rendered":"\t\t<div data-elementor-type=\"wp-page\" data-elementor-id=\"400\" class=\"elementor elementor-400\" data-elementor-post-type=\"page\">\n\t\t\t\t\t\t<section data-dce-background-image-url=\"https:\/\/coolrooms.com\/palacioduarte\/wp-content\/uploads\/sites\/5\/2026\/04\/habitaciones-deluxe.jpg\" class=\"elementor-section elementor-top-section elementor-element elementor-element-8bc0d0f elementor-section-height-min-height elementor-section-boxed elementor-section-height-default elementor-section-items-middle\" data-id=\"8bc0d0f\" data-element_type=\"section\" data-e-type=\"section\" data-settings=\"{&quot;background_background&quot;:&quot;classic&quot;}\">\n\t\t\t\t\t\t\t<div class=\"elementor-background-overlay\"><\/div>\n\t\t\t\t\t\t\t<div class=\"elementor-container elementor-column-gap-default\">\n\t\t\t\t\t<div class=\"elementor-column elementor-col-100 elementor-top-column elementor-element elementor-element-8c59c05\" data-id=\"8c59c05\" data-element_type=\"column\" data-e-type=\"column\">\n\t\t\t<div class=\"elementor-widget-wrap elementor-element-populated\">\n\t\t\t\t\t\t<div class=\"elementor-element elementor-element-99a9333 elementor-widget elementor-widget-heading\" data-id=\"99a9333\" data-element_type=\"widget\" data-e-type=\"widget\" data-widget_type=\"heading.default\">\n\t\t\t\t<div class=\"elementor-widget-container\">\n\t\t\t\t\t<h1 class=\"elementor-heading-title elementor-size-default\">DELUXE<\/h1>\t\t\t\t<\/div>\n\t\t\t\t<\/div>\n\t\t\t\t<div class=\"elementor-element elementor-element-defad2c elementor-align-center elementor-widget elementor-widget-button\" data-id=\"defad2c\" data-element_type=\"widget\" data-e-type=\"widget\" data-widget_type=\"button.default\">\n\t\t\t\t<div class=\"elementor-widget-container\">\n\t\t\t\t\t\t\t\t\t<div class=\"elementor-button-wrapper\">\n\t\t\t\t\t<a class=\"elementor-button elementor-button-link elementor-size-lg\" href=\"\/\" target=\"_blank\">\n\t\t\t\t\t\t<span class=\"elementor-button-content-wrapper\">\n\t\t\t\t\t\t\t\t\t<span class=\"elementor-button-text\">RESERVAR<\/span>\n\t\t\t\t\t<\/span>\n\t\t\t\t\t<\/a>\n\t\t\t\t<\/div>\n\t\t\t\t\t\t\t\t<\/div>\n\t\t\t\t<\/div>\n\t\t\t\t<div class=\"elementor-element elementor-element-a6055bb elementor-widget__width-auto elementor-fixed open-deluxe-360 dce_masking-none elementor-widget elementor-widget-image\" data-id=\"a6055bb\" data-element_type=\"widget\" data-e-type=\"widget\" data-settings=\"{&quot;_position&quot;:&quot;fixed&quot;}\" data-widget_type=\"image.default\">\n\t\t\t\t<div class=\"elementor-widget-container\">\n\t\t\t\t\t\t\t\t\t\t\t\t\t\t\t<img decoding=\"async\" width=\"60\" height=\"60\" src=\"https:\/\/coolrooms.com\/palacioduarte\/wp-content\/uploads\/sites\/5\/2026\/04\/360.png\" class=\"attachment-full size-full wp-image-332\" alt=\"\" \/>\t\t\t\t\t\t\t\t\t\t\t\t\t\t\t<\/div>\n\t\t\t\t<\/div>\n\t\t\t\t\t<\/div>\n\t\t<\/div>\n\t\t\t\t\t<\/div>\n\t\t<\/section>\n\t\t\t\t<section class=\"elementor-section elementor-top-section elementor-element elementor-element-21889fc elementor-section-boxed elementor-section-height-default elementor-section-height-default\" data-id=\"21889fc\" data-element_type=\"section\" data-e-type=\"section\" data-settings=\"{&quot;background_background&quot;:&quot;classic&quot;}\">\n\t\t\t\t\t\t<div class=\"elementor-container elementor-column-gap-default\">\n\t\t\t\t\t<div class=\"elementor-column elementor-col-100 elementor-top-column elementor-element elementor-element-d73d978\" data-id=\"d73d978\" data-element_type=\"column\" data-e-type=\"column\">\n\t\t\t<div class=\"elementor-widget-wrap elementor-element-populated\">\n\t\t\t\t\t\t<div class=\"elementor-element elementor-element-d5aa914 elementor-invisible elementor-widget elementor-widget-heading\" data-id=\"d5aa914\" data-element_type=\"widget\" data-e-type=\"widget\" data-settings=\"{&quot;_animation&quot;:&quot;fadeInUp&quot;}\" data-widget_type=\"heading.default\">\n\t\t\t\t<div class=\"elementor-widget-container\">\n\t\t\t\t\t<h2 class=\"elementor-heading-title elementor-size-default\">HABITACI\u00d3N DELUXE<\/h2>\t\t\t\t<\/div>\n\t\t\t\t<\/div>\n\t\t\t\t<div class=\"elementor-element elementor-element-64e1eeb elementor-invisible elementor-widget elementor-widget-heading\" data-id=\"64e1eeb\" data-element_type=\"widget\" data-e-type=\"widget\" data-settings=\"{&quot;_animation&quot;:&quot;fadeInUp&quot;,&quot;_animation_delay&quot;:300}\" data-widget_type=\"heading.default\">\n\t\t\t\t<div class=\"elementor-widget-container\">\n\t\t\t\t\t<h6 class=\"elementor-heading-title elementor-size-default\">Cuidando el detalle<\/h6>\t\t\t\t<\/div>\n\t\t\t\t<\/div>\n\t\t\t\t<section class=\"elementor-section elementor-inner-section elementor-element elementor-element-28967f6 elementor-section-boxed elementor-section-height-default elementor-section-height-default\" data-id=\"28967f6\" data-element_type=\"section\" data-e-type=\"section\">\n\t\t\t\t\t\t<div class=\"elementor-container elementor-column-gap-default\">\n\t\t\t\t\t<div class=\"elementor-column elementor-col-50 elementor-inner-column elementor-element elementor-element-933f4f8 elementor-invisible\" data-id=\"933f4f8\" data-element_type=\"column\" data-e-type=\"column\" data-settings=\"{&quot;animation&quot;:&quot;fadeInUp&quot;}\">\n\t\t\t<div class=\"elementor-widget-wrap elementor-element-populated\">\n\t\t\t\t\t\t<div class=\"elementor-element elementor-element-98b93c6 elementor-widget elementor-widget-text-editor\" data-id=\"98b93c6\" data-element_type=\"widget\" data-e-type=\"widget\" data-widget_type=\"text-editor.default\">\n\t\t\t\t<div class=\"elementor-widget-container\">\n\t\t\t\t\t\t\t\t\t<ul class=\"av-catalogue-list\"><li><div class=\"av-catalogue-item-inner\"><div class=\"av-catalogue-title-container\"><div class=\"av-catalogue-title\">ESPECIFICACIONES:<\/div><div class=\"av-catalogue-price\">\u00a0<\/div><\/div><div class=\"av-catalogue-content\"><ul><li>TV Loewe<\/li><li>Muebles de dise\u00f1o<\/li><li>Art\u00edculos de aseo Molton Brown<\/li><li>Albornoz<\/li><li>Zapatillas<\/li><li>Secador de pelo<\/li><li>Ducha con 3 tipos de chorro<\/li><li>De 25 a 35m<sup>2<\/sup><\/li><\/ul><p>\u00a0<\/p><\/div><\/div><\/li><li><div class=\"av-catalogue-item\"><div class=\"av-catalogue-item-inner\"><div class=\"av-catalogue-title-container\"><div class=\"av-catalogue-title\">ADEM\u00c1S SE INCLUYE DE FORMA GRATUITA:<\/div><div class=\"av-catalogue-price\">\u00a0<\/div><\/div><div class=\"av-catalogue-content\"><ul><li>Wifi de alta velocidad en todas las zonas del hotel<\/li><li>Acceso a nuestro\u00a0Wellness Area<\/li><li>Prensa diaria nacional e internacional<\/li><li>Limpieza de calzado<\/li><li>Copa de bienvenida<\/li><\/ul><p>\u00a0<\/p><p>No se pueden a\u00f1adir camas supletorias en esta habitaci\u00f3n.<\/p><p>Impuestos incluidos. IVA 10%<\/p><\/div><\/div><\/div><\/li><\/ul>\t\t\t\t\t\t\t\t<\/div>\n\t\t\t\t<\/div>\n\t\t\t\t\t<\/div>\n\t\t<\/div>\n\t\t\t\t<div class=\"elementor-column elementor-col-50 elementor-inner-column elementor-element elementor-element-f3b31a2 elementor-invisible\" data-id=\"f3b31a2\" data-element_type=\"column\" data-e-type=\"column\" data-settings=\"{&quot;animation&quot;:&quot;fadeInUp&quot;,&quot;animation_delay&quot;:300}\">\n\t\t\t<div class=\"elementor-widget-wrap elementor-element-populated\">\n\t\t\t\t\t\t<div class=\"elementor-element elementor-element-656c3fd elementor-widget elementor-widget-heading\" data-id=\"656c3fd\" data-element_type=\"widget\" data-e-type=\"widget\" data-widget_type=\"heading.default\">\n\t\t\t\t<div class=\"elementor-widget-container\">\n\t\t\t\t\t<h3 class=\"elementor-heading-title elementor-size-default\">\u2014 Las habitaciones deluxe suponen un amplio espacio donde los detalles se han cuidado para que su experiencia en nuestro palacio resulte \u00edntima y c\u00f3moda: desde el placer de descansar en su extraordinaria cama, sum\u00e9rjase bajo su ducha \u00ablluvia tropical\u00bb, y disfrute con sus amenities de Molton Brown.<\/h3>\t\t\t\t<\/div>\n\t\t\t\t<\/div>\n\t\t\t\t\t<\/div>\n\t\t<\/div>\n\t\t\t\t\t<\/div>\n\t\t<\/section>\n\t\t\t\t<div class=\"elementor-element elementor-element-b362a18 elementor-align-center elementor-invisible elementor-widget elementor-widget-button\" data-id=\"b362a18\" data-element_type=\"widget\" data-e-type=\"widget\" data-settings=\"{&quot;_animation&quot;:&quot;fadeIn&quot;}\" data-widget_type=\"button.default\">\n\t\t\t\t<div class=\"elementor-widget-container\">\n\t\t\t\t\t\t\t\t\t<div class=\"elementor-button-wrapper\">\n\t\t\t\t\t<a class=\"elementor-button elementor-button-link elementor-size-sm\" href=\"\/palaciovillapanes\/reservas\/?price_group=34\">\n\t\t\t\t\t\t<span class=\"elementor-button-content-wrapper\">\n\t\t\t\t\t\t\t\t\t<span class=\"elementor-button-text\">Reserve esta habitaci\u00f3n<\/span>\n\t\t\t\t\t<\/span>\n\t\t\t\t\t<\/a>\n\t\t\t\t<\/div>\n\t\t\t\t\t\t\t\t<\/div>\n\t\t\t\t<\/div>\n\t\t\t\t<div class=\"elementor-element elementor-element-e56461c elementor-widget elementor-widget-spacer\" data-id=\"e56461c\" data-element_type=\"widget\" data-e-type=\"widget\" data-widget_type=\"spacer.default\">\n\t\t\t\t<div class=\"elementor-widget-container\">\n\t\t\t\t\t\t\t<div class=\"elementor-spacer\">\n\t\t\t<div class=\"elementor-spacer-inner\"><\/div>\n\t\t<\/div>\n\t\t\t\t\t\t<\/div>\n\t\t\t\t<\/div>\n\t\t\t\t\t<\/div>\n\t\t<\/div>\n\t\t\t\t\t<\/div>\n\t\t<\/section>\n\t\t\t\t<section class=\"elementor-section elementor-top-section elementor-element elementor-element-80e0ceb elementor-section-full_width elementor-section-height-default elementor-section-height-default\" data-id=\"80e0ceb\" data-element_type=\"section\" data-e-type=\"section\" data-settings=\"{&quot;background_background&quot;:&quot;classic&quot;}\">\n\t\t\t\t\t\t<div class=\"elementor-container elementor-column-gap-default\">\n\t\t\t\t\t<div class=\"elementor-column elementor-col-100 elementor-top-column elementor-element elementor-element-ceb85d6\" data-id=\"ceb85d6\" data-element_type=\"column\" data-e-type=\"column\">\n\t\t\t<div class=\"elementor-widget-wrap elementor-element-populated\">\n\t\t\t\t\t\t<div class=\"elementor-element elementor-element-3e17d3e elementor-skin-carousel elementor-arrows-yes elementor-widget elementor-widget-media-carousel\" data-id=\"3e17d3e\" data-element_type=\"widget\" data-e-type=\"widget\" data-settings=\"{&quot;slides_per_view&quot;:&quot;3&quot;,&quot;slides_to_scroll&quot;:&quot;1&quot;,&quot;slides_per_view_tablet&quot;:&quot;1&quot;,&quot;slides_to_scroll_tablet&quot;:&quot;1&quot;,&quot;skin&quot;:&quot;carousel&quot;,&quot;effect&quot;:&quot;slide&quot;,&quot;show_arrows&quot;:&quot;yes&quot;,&quot;speed&quot;:500,&quot;autoplay&quot;:&quot;yes&quot;,&quot;autoplay_speed&quot;:5000,&quot;loop&quot;:&quot;yes&quot;,&quot;pause_on_hover&quot;:&quot;yes&quot;,&quot;pause_on_interaction&quot;:&quot;yes&quot;,&quot;space_between&quot;:{&quot;unit&quot;:&quot;px&quot;,&quot;size&quot;:10,&quot;sizes&quot;:[]},&quot;space_between_tablet&quot;:{&quot;unit&quot;:&quot;px&quot;,&quot;size&quot;:10,&quot;sizes&quot;:[]},&quot;space_between_mobile&quot;:{&quot;unit&quot;:&quot;px&quot;,&quot;size&quot;:10,&quot;sizes&quot;:[]}}\" data-widget_type=\"media-carousel.default\">\n\t\t\t\t<div class=\"elementor-widget-container\">\n\t\t\t\t\t\t\t\t\t<div class=\"elementor-swiper\">\n\t\t\t\t\t<div class=\"elementor-main-swiper swiper\" role=\"region\" aria-roledescription=\"carousel\" aria-label=\"Diapositivas\">\n\t\t\t\t<div class=\"swiper-wrapper\">\n\t\t\t\t\t\t\t\t\t\t\t<div class=\"swiper-slide\" role=\"group\" aria-roledescription=\"slide\">\n\t\t\t\t\t\t\t\t\t<div class=\"elementor-carousel-image\" role=\"img\" aria-label=\"Galeria-Home-Palacio-Duarte01\" style=\"background-image: url(&#039;https:\/\/coolrooms.com\/palacioduarte\/wp-content\/uploads\/sites\/5\/2026\/04\/Galeria-Home-Palacio-Duarte01.jpg&#039;)\">\n\n\t\t\t\n\t\t\t\t\t<\/div>\n\t\t\t\t\t<div class=\"elementor-carousel-image-overlay e-overlay-animation-fade\">\n\t\t\t\t\t\t\t<\/div>\n\t\t\t\t\t\t\t\t\t<\/div>\n\t\t\t\t\t\t\t\t\t\t\t<div class=\"swiper-slide\" role=\"group\" aria-roledescription=\"slide\">\n\t\t\t\t\t\t\t\t\t<div class=\"elementor-carousel-image\" role=\"img\" aria-label=\"Galeria-Home-Palacio-Duarte02\" style=\"background-image: url(&#039;https:\/\/coolrooms.com\/palacioduarte\/wp-content\/uploads\/sites\/5\/2026\/04\/Galeria-Home-Palacio-Duarte02.jpg&#039;)\">\n\n\t\t\t\n\t\t\t\t\t<\/div>\n\t\t\t\t\t<div class=\"elementor-carousel-image-overlay e-overlay-animation-fade\">\n\t\t\t\t\t\t\t<\/div>\n\t\t\t\t\t\t\t\t\t<\/div>\n\t\t\t\t\t\t\t\t\t\t\t<div class=\"swiper-slide\" role=\"group\" aria-roledescription=\"slide\">\n\t\t\t\t\t\t\t\t\t<div class=\"elementor-carousel-image\" role=\"img\" aria-label=\"Galeria-Home-Palacio-Duarte03\" style=\"background-image: url(&#039;https:\/\/coolrooms.com\/palacioduarte\/wp-content\/uploads\/sites\/5\/2026\/04\/Galeria-Home-Palacio-Duarte03.jpg&#039;)\">\n\n\t\t\t\n\t\t\t\t\t<\/div>\n\t\t\t\t\t<div class=\"elementor-carousel-image-overlay e-overlay-animation-fade\">\n\t\t\t\t\t\t\t<\/div>\n\t\t\t\t\t\t\t\t\t<\/div>\n\t\t\t\t\t\t\t\t\t\t\t<div class=\"swiper-slide\" role=\"group\" aria-roledescription=\"slide\">\n\t\t\t\t\t\t\t\t\t<div class=\"elementor-carousel-image\" role=\"img\" aria-label=\"Galeria-Home-Palacio-Duarte04\" style=\"background-image: url(&#039;https:\/\/coolrooms.com\/palacioduarte\/wp-content\/uploads\/sites\/5\/2026\/04\/Galeria-Home-Palacio-Duarte04.jpg&#039;)\">\n\n\t\t\t\n\t\t\t\t\t<\/div>\n\t\t\t\t\t<div class=\"elementor-carousel-image-overlay e-overlay-animation-fade\">\n\t\t\t\t\t\t\t<\/div>\n\t\t\t\t\t\t\t\t\t<\/div>\n\t\t\t\t\t\t\t\t\t<\/div>\n\t\t\t\t\t\t\t\t\t\t\t\t\t\t\t<div class=\"elementor-swiper-button elementor-swiper-button-prev\" role=\"button\" tabindex=\"0\" aria-label=\"Anterior\">\n\t\t\t\t\t\t\t<i aria-hidden=\"true\" class=\"eicon-chevron-left\"><\/i>\t\t\t\t\t\t<\/div>\n\t\t\t\t\t\t<div class=\"elementor-swiper-button elementor-swiper-button-next\" role=\"button\" tabindex=\"0\" aria-label=\"Siguiente\">\n\t\t\t\t\t\t\t<i aria-hidden=\"true\" class=\"eicon-chevron-right\"><\/i>\t\t\t\t\t\t<\/div>\n\t\t\t\t\t\t\t\t\t\t\t\t\t\t\t\t\t<\/div>\n\t\t\t\t<\/div>\n\t\t\t\t\t\t\t\t<\/div>\n\t\t\t\t<\/div>\n\t\t\t\t\t<\/div>\n\t\t<\/div>\n\t\t\t\t\t<\/div>\n\t\t<\/section>\n\t\t\t\t<\/div>\n\t\t","protected":false},"excerpt":{"rendered":"<p>DELUXE RESERVAR HABITACI\u00d3N DELUXE Cuidando el detalle ESPECIFICACIONES:\u00a0 TV Loewe Muebles de dise\u00f1o Art\u00edculos de aseo Molton Brown Albornoz Zapatillas Secador de pelo Ducha con 3 tipos de chorro De 25 a 35m2 \u00a0 ADEM\u00c1S SE INCLUYE DE FORMA GRATUITA:\u00a0 Wifi de alta velocidad en todas las zonas del hotel Acceso a nuestro\u00a0Wellness Area Prensa [&hellip;]<\/p>\n","protected":false},"author":13,"featured_media":0,"parent":0,"menu_order":0,"comment_status":"closed","ping_status":"closed","template":"","meta":{"footnotes":""},"class_list":["post-400","page","type-page","status-publish","hentry"],"yoast_head":"<!-- This site is optimized with the Yoast SEO plugin v27.5 - https:\/\/yoast.com\/product\/yoast-seo-wordpress\/ -->\n<title>Deluxe - Hotel CoolRooms Palacio Duarte<\/title>\n<meta name=\"robots\" content=\"index, follow, max-snippet:-1, max-image-preview:large, max-video-preview:-1\" \/>\n<link rel=\"canonical\" href=\"https:\/\/coolrooms.com\/palacioduarte\/deluxe\/\" \/>\n<meta property=\"og:locale\" content=\"es_ES\" \/>\n<meta property=\"og:type\" content=\"article\" \/>\n<meta property=\"og:title\" content=\"Deluxe - Hotel CoolRooms Palacio Duarte\" \/>\n<meta property=\"og:description\" content=\"DELUXE RESERVAR HABITACI\u00d3N DELUXE Cuidando el detalle ESPECIFICACIONES:\u00a0 TV Loewe Muebles de dise\u00f1o Art\u00edculos de aseo Molton Brown Albornoz Zapatillas Secador de pelo Ducha con 3 tipos de chorro De 25 a 35m2 \u00a0 ADEM\u00c1S SE INCLUYE DE FORMA GRATUITA:\u00a0 Wifi de alta velocidad en todas las zonas del hotel Acceso a nuestro\u00a0Wellness Area Prensa [&hellip;]\" \/>\n<meta property=\"og:url\" content=\"https:\/\/coolrooms.com\/palacioduarte\/deluxe\/\" \/>\n<meta property=\"og:site_name\" content=\"Hotel CoolRooms Palacio Duarte\" \/>\n<meta property=\"article:modified_time\" content=\"2026-05-04T11:39:13+00:00\" \/>\n<meta property=\"og:image\" content=\"https:\/\/coolrooms.com\/palacioduarte\/wp-content\/uploads\/sites\/5\/2026\/04\/360.png\" \/>\n\t<meta property=\"og:image:width\" content=\"60\" \/>\n\t<meta property=\"og:image:height\" content=\"60\" \/>\n\t<meta property=\"og:image:type\" content=\"image\/png\" \/>\n<meta name=\"twitter:card\" content=\"summary_large_image\" \/>\n<meta name=\"twitter:label1\" content=\"Tiempo de lectura\" \/>\n\t<meta name=\"twitter:data1\" content=\"1 minuto\" \/>\n<script type=\"application\/ld+json\" class=\"yoast-schema-graph\">{\"@context\":\"https:\\\/\\\/schema.org\",\"@graph\":[{\"@type\":\"WebPage\",\"@id\":\"https:\\\/\\\/coolrooms.com\\\/palacioduarte\\\/deluxe\\\/\",\"url\":\"https:\\\/\\\/coolrooms.com\\\/palacioduarte\\\/deluxe\\\/\",\"name\":\"Deluxe - Hotel CoolRooms Palacio Duarte\",\"isPartOf\":{\"@id\":\"https:\\\/\\\/coolrooms.com\\\/palacioduarte\\\/#website\"},\"primaryImageOfPage\":{\"@id\":\"https:\\\/\\\/coolrooms.com\\\/palacioduarte\\\/deluxe\\\/#primaryimage\"},\"image\":{\"@id\":\"https:\\\/\\\/coolrooms.com\\\/palacioduarte\\\/deluxe\\\/#primaryimage\"},\"thumbnailUrl\":\"https:\\\/\\\/coolrooms.com\\\/palacioduarte\\\/wp-content\\\/uploads\\\/sites\\\/5\\\/2026\\\/04\\\/360.png\",\"datePublished\":\"2026-04-28T08:45:47+00:00\",\"dateModified\":\"2026-05-04T11:39:13+00:00\",\"breadcrumb\":{\"@id\":\"https:\\\/\\\/coolrooms.com\\\/palacioduarte\\\/deluxe\\\/#breadcrumb\"},\"inLanguage\":\"es\",\"potentialAction\":[{\"@type\":\"ReadAction\",\"target\":[\"https:\\\/\\\/coolrooms.com\\\/palacioduarte\\\/deluxe\\\/\"]}]},{\"@type\":\"ImageObject\",\"inLanguage\":\"es\",\"@id\":\"https:\\\/\\\/coolrooms.com\\\/palacioduarte\\\/deluxe\\\/#primaryimage\",\"url\":\"https:\\\/\\\/coolrooms.com\\\/palacioduarte\\\/wp-content\\\/uploads\\\/sites\\\/5\\\/2026\\\/04\\\/360.png\",\"contentUrl\":\"https:\\\/\\\/coolrooms.com\\\/palacioduarte\\\/wp-content\\\/uploads\\\/sites\\\/5\\\/2026\\\/04\\\/360.png\",\"width\":60,\"height\":60},{\"@type\":\"BreadcrumbList\",\"@id\":\"https:\\\/\\\/coolrooms.com\\\/palacioduarte\\\/deluxe\\\/#breadcrumb\",\"itemListElement\":[{\"@type\":\"ListItem\",\"position\":1,\"name\":\"Portada\",\"item\":\"https:\\\/\\\/coolrooms.com\\\/palacioduarte\\\/\"},{\"@type\":\"ListItem\",\"position\":2,\"name\":\"Deluxe\"}]},{\"@type\":\"WebSite\",\"@id\":\"https:\\\/\\\/coolrooms.com\\\/palacioduarte\\\/#website\",\"url\":\"https:\\\/\\\/coolrooms.com\\\/palacioduarte\\\/\",\"name\":\"Hotel CoolRooms Palacio Duarte\",\"description\":\"Oporto - Pr\u00f3xima apertura 2025\",\"potentialAction\":[{\"@type\":\"SearchAction\",\"target\":{\"@type\":\"EntryPoint\",\"urlTemplate\":\"https:\\\/\\\/coolrooms.com\\\/palacioduarte\\\/?s={search_term_string}\"},\"query-input\":{\"@type\":\"PropertyValueSpecification\",\"valueRequired\":true,\"valueName\":\"search_term_string\"}}],\"inLanguage\":\"es\"}]}<\/script>\n<!-- \/ Yoast SEO plugin. -->","yoast_head_json":{"title":"Deluxe - Hotel CoolRooms Palacio Duarte","robots":{"index":"index","follow":"follow","max-snippet":"max-snippet:-1","max-image-preview":"max-image-preview:large","max-video-preview":"max-video-preview:-1"},"canonical":"https:\/\/coolrooms.com\/palacioduarte\/deluxe\/","og_locale":"es_ES","og_type":"article","og_title":"Deluxe - Hotel CoolRooms Palacio Duarte","og_description":"DELUXE RESERVAR HABITACI\u00d3N DELUXE Cuidando el detalle ESPECIFICACIONES:\u00a0 TV Loewe Muebles de dise\u00f1o Art\u00edculos de aseo Molton Brown Albornoz Zapatillas Secador de pelo Ducha con 3 tipos de chorro De 25 a 35m2 \u00a0 ADEM\u00c1S SE INCLUYE DE FORMA GRATUITA:\u00a0 Wifi de alta velocidad en todas las zonas del hotel Acceso a nuestro\u00a0Wellness Area Prensa [&hellip;]","og_url":"https:\/\/coolrooms.com\/palacioduarte\/deluxe\/","og_site_name":"Hotel CoolRooms Palacio Duarte","article_modified_time":"2026-05-04T11:39:13+00:00","og_image":[{"width":60,"height":60,"url":"https:\/\/coolrooms.com\/palacioduarte\/wp-content\/uploads\/sites\/5\/2026\/04\/360.png","type":"image\/png"}],"twitter_card":"summary_large_image","twitter_misc":{"Tiempo de lectura":"1 minuto"},"schema":{"@context":"https:\/\/schema.org","@graph":[{"@type":"WebPage","@id":"https:\/\/coolrooms.com\/palacioduarte\/deluxe\/","url":"https:\/\/coolrooms.com\/palacioduarte\/deluxe\/","name":"Deluxe - Hotel CoolRooms Palacio Duarte","isPartOf":{"@id":"https:\/\/coolrooms.com\/palacioduarte\/#website"},"primaryImageOfPage":{"@id":"https:\/\/coolrooms.com\/palacioduarte\/deluxe\/#primaryimage"},"image":{"@id":"https:\/\/coolrooms.com\/palacioduarte\/deluxe\/#primaryimage"},"thumbnailUrl":"https:\/\/coolrooms.com\/palacioduarte\/wp-content\/uploads\/sites\/5\/2026\/04\/360.png","datePublished":"2026-04-28T08:45:47+00:00","dateModified":"2026-05-04T11:39:13+00:00","breadcrumb":{"@id":"https:\/\/coolrooms.com\/palacioduarte\/deluxe\/#breadcrumb"},"inLanguage":"es","potentialAction":[{"@type":"ReadAction","target":["https:\/\/coolrooms.com\/palacioduarte\/deluxe\/"]}]},{"@type":"ImageObject","inLanguage":"es","@id":"https:\/\/coolrooms.com\/palacioduarte\/deluxe\/#primaryimage","url":"https:\/\/coolrooms.com\/palacioduarte\/wp-content\/uploads\/sites\/5\/2026\/04\/360.png","contentUrl":"https:\/\/coolrooms.com\/palacioduarte\/wp-content\/uploads\/sites\/5\/2026\/04\/360.png","width":60,"height":60},{"@type":"BreadcrumbList","@id":"https:\/\/coolrooms.com\/palacioduarte\/deluxe\/#breadcrumb","itemListElement":[{"@type":"ListItem","position":1,"name":"Portada","item":"https:\/\/coolrooms.com\/palacioduarte\/"},{"@type":"ListItem","position":2,"name":"Deluxe"}]},{"@type":"WebSite","@id":"https:\/\/coolrooms.com\/palacioduarte\/#website","url":"https:\/\/coolrooms.com\/palacioduarte\/","name":"Hotel CoolRooms Palacio Duarte","description":"Oporto - Pr\u00f3xima apertura 2025","potentialAction":[{"@type":"SearchAction","target":{"@type":"EntryPoint","urlTemplate":"https:\/\/coolrooms.com\/palacioduarte\/?s={search_term_string}"},"query-input":{"@type":"PropertyValueSpecification","valueRequired":true,"valueName":"search_term_string"}}],"inLanguage":"es"}]}},"_links":{"self":[{"href":"https:\/\/coolrooms.com\/palacioduarte\/wp-json\/wp\/v2\/pages\/400","targetHints":{"allow":["GET"]}}],"collection":[{"href":"https:\/\/coolrooms.com\/palacioduarte\/wp-json\/wp\/v2\/pages"}],"about":[{"href":"https:\/\/coolrooms.com\/palacioduarte\/wp-json\/wp\/v2\/types\/page"}],"author":[{"embeddable":true,"href":"https:\/\/coolrooms.com\/palacioduarte\/wp-json\/wp\/v2\/users\/13"}],"replies":[{"embeddable":true,"href":"https:\/\/coolrooms.com\/palacioduarte\/wp-json\/wp\/v2\/comments?post=400"}],"version-history":[{"count":27,"href":"https:\/\/coolrooms.com\/palacioduarte\/wp-json\/wp\/v2\/pages\/400\/revisions"}],"predecessor-version":[{"id":645,"href":"https:\/\/coolrooms.com\/palacioduarte\/wp-json\/wp\/v2\/pages\/400\/revisions\/645"}],"wp:attachment":[{"href":"https:\/\/coolrooms.com\/palacioduarte\/wp-json\/wp\/v2\/media?parent=400"}],"curies":[{"name":"wp","href":"https:\/\/api.w.org\/{rel}","templated":true}]}}