{"id":6914,"date":"2023-10-04T13:23:53","date_gmt":"2023-10-04T13:23:53","guid":{"rendered":"https:\/\/coolrooms.com\/palaciodeluces\/?page_id=6914"},"modified":"2023-10-13T16:28:14","modified_gmt":"2023-10-13T16:28:14","slug":"personal-trainer","status":"publish","type":"page","link":"https:\/\/coolrooms.com\/palaciodeluces\/experiencias\/personal-trainer\/","title":{"rendered":"Personal Trainer"},"content":{"rendered":"\t\t<div data-elementor-type=\"wp-page\" data-elementor-id=\"6914\" class=\"elementor elementor-6914\" data-elementor-post-type=\"page\">\n\t\t\t\t\t\t<section data-particle_enable=\"false\" data-particle-mobile-disabled=\"false\" class=\"elementor-section elementor-top-section elementor-element elementor-element-5f1c146f elementor-section-boxed elementor-section-height-default elementor-section-height-default\" data-id=\"5f1c146f\" data-element_type=\"section\" data-e-type=\"section\" data-settings=\"{&quot;background_background&quot;:&quot;classic&quot;}\">\n\t\t\t\t\t\t<div class=\"elementor-container elementor-column-gap-default\">\n\t\t\t\t\t<div class=\"elementor-column elementor-col-100 elementor-top-column elementor-element elementor-element-2a070b2\" data-id=\"2a070b2\" data-element_type=\"column\" data-e-type=\"column\">\n\t\t\t<div class=\"elementor-widget-wrap elementor-element-populated\">\n\t\t\t\t\t\t<div class=\"elementor-element elementor-element-59bfd223 elementor-widget elementor-widget-heading\" data-id=\"59bfd223\" data-element_type=\"widget\" data-e-type=\"widget\" data-widget_type=\"heading.default\">\n\t\t\t\t\t<h2 class=\"elementor-heading-title elementor-size-default\">Personal Trainer<\/h2>\t\t\t\t<\/div>\n\t\t\t\t\t<\/div>\n\t\t<\/div>\n\t\t\t\t\t<\/div>\n\t\t<\/section>\n\t\t\t\t<section data-particle_enable=\"false\" data-particle-mobile-disabled=\"false\" class=\"elementor-section elementor-top-section elementor-element elementor-element-4a7910e8 elementor-section-height-min-height elementor-section-items-stretch elementor-section-boxed elementor-section-height-default\" data-id=\"4a7910e8\" data-element_type=\"section\" data-e-type=\"section\" data-settings=\"{&quot;background_background&quot;:&quot;classic&quot;}\">\n\t\t\t\t\t\t<div class=\"elementor-container elementor-column-gap-default\">\n\t\t\t\t\t<div class=\"elementor-column elementor-col-100 elementor-top-column elementor-element elementor-element-4e80f545\" data-id=\"4e80f545\" data-element_type=\"column\" data-e-type=\"column\">\n\t\t\t<div class=\"elementor-widget-wrap elementor-element-populated\">\n\t\t\t\t\t\t<section data-particle_enable=\"false\" data-particle-mobile-disabled=\"false\" data-dce-background-image-url=\"https:\/\/coolrooms.com\/palaciodeluces\/wp-content\/uploads\/sites\/8\/2023\/10\/personal-trainer-luces.jpeg\" class=\"elementor-section elementor-inner-section elementor-element elementor-element-5be0254d elementor-section-height-min-height elementor-section-boxed elementor-section-height-default\" data-id=\"5be0254d\" data-element_type=\"section\" data-e-type=\"section\" data-settings=\"{&quot;background_background&quot;:&quot;classic&quot;}\">\n\t\t\t\t\t\t<div class=\"elementor-container elementor-column-gap-default\">\n\t\t\t\t\t<div class=\"elementor-column elementor-col-100 elementor-inner-column elementor-element elementor-element-1a2f9b33\" data-id=\"1a2f9b33\" data-element_type=\"column\" data-e-type=\"column\">\n\t\t\t<div class=\"elementor-widget-wrap\">\n\t\t\t\t\t\t\t<\/div>\n\t\t<\/div>\n\t\t\t\t\t<\/div>\n\t\t<\/section>\n\t\t\t\t\t<\/div>\n\t\t<\/div>\n\t\t\t\t\t<\/div>\n\t\t<\/section>\n\t\t\t\t<section data-particle_enable=\"false\" data-particle-mobile-disabled=\"false\" class=\"elementor-section elementor-top-section elementor-element elementor-element-170c1855 elementor-section-boxed elementor-section-height-default elementor-section-height-default\" data-id=\"170c1855\" data-element_type=\"section\" data-e-type=\"section\" data-settings=\"{&quot;background_background&quot;:&quot;classic&quot;}\">\n\t\t\t\t\t\t<div class=\"elementor-container elementor-column-gap-default\">\n\t\t\t\t\t<div class=\"elementor-column elementor-col-100 elementor-top-column elementor-element elementor-element-74d4ec29\" data-id=\"74d4ec29\" data-element_type=\"column\" data-e-type=\"column\">\n\t\t\t<div class=\"elementor-widget-wrap elementor-element-populated\">\n\t\t\t\t\t\t<section data-particle_enable=\"false\" data-particle-mobile-disabled=\"false\" class=\"elementor-section elementor-inner-section elementor-element elementor-element-33296621 elementor-section-boxed elementor-section-height-default elementor-section-height-default\" data-id=\"33296621\" data-element_type=\"section\" data-e-type=\"section\">\n\t\t\t\t\t\t<div class=\"elementor-container elementor-column-gap-default\">\n\t\t\t\t\t<div class=\"elementor-column elementor-col-50 elementor-inner-column elementor-element elementor-element-32d1d7ef\" data-id=\"32d1d7ef\" data-element_type=\"column\" data-e-type=\"column\">\n\t\t\t<div class=\"elementor-widget-wrap elementor-element-populated\">\n\t\t\t\t\t\t<div class=\"elementor-element elementor-element-76b46191 elementor-widget elementor-widget-heading\" data-id=\"76b46191\" data-element_type=\"widget\" data-e-type=\"widget\" data-widget_type=\"heading.default\">\n\t\t\t\t\t<h4 class=\"elementor-heading-title elementor-size-default\">Desde 134\u20ac<\/h4>\t\t\t\t<\/div>\n\t\t\t\t\t<\/div>\n\t\t<\/div>\n\t\t\t\t<div class=\"elementor-column elementor-col-50 elementor-inner-column elementor-element elementor-element-10c96a5a\" data-id=\"10c96a5a\" data-element_type=\"column\" data-e-type=\"column\">\n\t\t\t<div class=\"elementor-widget-wrap elementor-element-populated\">\n\t\t\t\t\t\t<div class=\"elementor-element elementor-element-66abdd5e elementor-align-right elementor-mobile-align-center elementor-widget elementor-widget-button\" data-id=\"66abdd5e\" data-element_type=\"widget\" data-e-type=\"widget\" data-widget_type=\"button.default\">\n\t\t\t\t\t\t\t\t\t\t<a class=\"elementor-button elementor-button-link elementor-size-md\" href=\"mailto:concierge@palaciodeluces.com\">\n\t\t\t\t\t\t<span class=\"elementor-button-content-wrapper\">\n\t\t\t\t\t\t\t\t\t<span class=\"elementor-button-text\">Disfrutar experiencia<\/span>\n\t\t\t\t\t<\/span>\n\t\t\t\t\t<\/a>\n\t\t\t\t\t\t\t\t<\/div>\n\t\t\t\t\t<\/div>\n\t\t<\/div>\n\t\t\t\t\t<\/div>\n\t\t<\/section>\n\t\t\t\t\t<\/div>\n\t\t<\/div>\n\t\t\t\t\t<\/div>\n\t\t<\/section>\n\t\t\t\t<section data-particle_enable=\"false\" data-particle-mobile-disabled=\"false\" class=\"elementor-section elementor-top-section elementor-element elementor-element-ff77cef elementor-section-boxed elementor-section-height-default elementor-section-height-default\" data-id=\"ff77cef\" data-element_type=\"section\" data-e-type=\"section\">\n\t\t\t\t\t\t<div class=\"elementor-container elementor-column-gap-default\">\n\t\t\t\t\t<div class=\"elementor-column elementor-col-100 elementor-top-column elementor-element elementor-element-59213158\" data-id=\"59213158\" data-element_type=\"column\" data-e-type=\"column\">\n\t\t\t<div class=\"elementor-widget-wrap elementor-element-populated\">\n\t\t\t\t\t\t<section data-particle_enable=\"false\" data-particle-mobile-disabled=\"false\" class=\"elementor-section elementor-inner-section elementor-element elementor-element-384e8bd5 elementor-section-boxed elementor-section-height-default elementor-section-height-default\" data-id=\"384e8bd5\" data-element_type=\"section\" data-e-type=\"section\">\n\t\t\t\t\t\t<div class=\"elementor-container elementor-column-gap-default\">\n\t\t\t\t\t<div class=\"elementor-column elementor-col-100 elementor-inner-column elementor-element elementor-element-7981bc22\" data-id=\"7981bc22\" data-element_type=\"column\" data-e-type=\"column\">\n\t\t\t<div class=\"elementor-widget-wrap elementor-element-populated\">\n\t\t\t\t\t\t<div class=\"elementor-element elementor-element-4263bc06 elementor-widget elementor-widget-heading\" data-id=\"4263bc06\" data-element_type=\"widget\" data-e-type=\"widget\" data-widget_type=\"heading.default\">\n\t\t\t\t\t<h3 class=\"elementor-heading-title elementor-size-default\">\u00bfQu\u00e9 har\u00e1s?<\/h3>\t\t\t\t<\/div>\n\t\t\t\t<div class=\"elementor-element elementor-element-3c9c5a8 elementor-widget elementor-widget-text-editor\" data-id=\"3c9c5a8\" data-element_type=\"widget\" data-e-type=\"widget\" data-widget_type=\"text-editor.default\">\n\t\t\t\t\t\t\t\t\t<p>Descubre el mundo del fitness de la mano de Ruth G\u00f3mez \u00c1lvarez, triatleta de larga distancia, con m\u00e1s de 11 ironman hechos por todo el mundo. Actualmente es entrenadora personal y entrenadora de Club de Triatlon Oviedo.<\/p>\t\t\t\t\t\t\t\t<\/div>\n\t\t\t\t\t<\/div>\n\t\t<\/div>\n\t\t\t\t\t<\/div>\n\t\t<\/section>\n\t\t\t\t<section data-particle_enable=\"false\" data-particle-mobile-disabled=\"false\" class=\"elementor-section elementor-inner-section elementor-element elementor-element-33e90d17 elementor-section-boxed elementor-section-height-default elementor-section-height-default\" data-id=\"33e90d17\" data-element_type=\"section\" data-e-type=\"section\">\n\t\t\t\t\t\t<div class=\"elementor-container elementor-column-gap-default\">\n\t\t\t\t\t<div class=\"elementor-column elementor-col-100 elementor-inner-column elementor-element elementor-element-7cd8e9a3\" data-id=\"7cd8e9a3\" data-element_type=\"column\" data-e-type=\"column\">\n\t\t\t<div class=\"elementor-widget-wrap elementor-element-populated\">\n\t\t\t\t\t\t<div class=\"elementor-element elementor-element-5ec34946 elementor-widget elementor-widget-heading\" data-id=\"5ec34946\" data-element_type=\"widget\" data-e-type=\"widget\" data-widget_type=\"heading.default\">\n\t\t\t\t\t<h3 class=\"elementor-heading-title elementor-size-default\">Tarifas<\/h3>\t\t\t\t<\/div>\n\t\t\t\t<div class=\"elementor-element elementor-element-404164df elementor-widget elementor-widget-text-editor\" data-id=\"404164df\" data-element_type=\"widget\" data-e-type=\"widget\" data-widget_type=\"text-editor.default\">\n\t\t\t\t\t\t\t\t\t<p>Desde 134\u20ac por persona. Precio especial para grupos a consultar.<\/p><p><strong>Precios con IVA incluido<\/strong><\/p>\t\t\t\t\t\t\t\t<\/div>\n\t\t\t\t\t<\/div>\n\t\t<\/div>\n\t\t\t\t\t<\/div>\n\t\t<\/section>\n\t\t\t\t<section data-particle_enable=\"false\" data-particle-mobile-disabled=\"false\" class=\"elementor-section elementor-inner-section elementor-element elementor-element-7585d3c4 elementor-section-boxed elementor-section-height-default elementor-section-height-default\" data-id=\"7585d3c4\" data-element_type=\"section\" data-e-type=\"section\">\n\t\t\t\t\t\t<div class=\"elementor-container elementor-column-gap-default\">\n\t\t\t\t\t<div class=\"elementor-column elementor-col-100 elementor-inner-column elementor-element elementor-element-4c359eaf\" data-id=\"4c359eaf\" data-element_type=\"column\" data-e-type=\"column\">\n\t\t\t<div class=\"elementor-widget-wrap elementor-element-populated\">\n\t\t\t\t\t\t<div class=\"elementor-element elementor-element-4f6f175a elementor-widget elementor-widget-heading\" data-id=\"4f6f175a\" data-element_type=\"widget\" data-e-type=\"widget\" data-widget_type=\"heading.default\">\n\t\t\t\t\t<h3 class=\"elementor-heading-title elementor-size-default\">Disponibilidad<\/h3>\t\t\t\t<\/div>\n\t\t\t\t<div class=\"elementor-element elementor-element-21d416e4 elementor-widget elementor-widget-text-editor\" data-id=\"21d416e4\" data-element_type=\"widget\" data-e-type=\"widget\" data-widget_type=\"text-editor.default\">\n\t\t\t\t\t\t\t\t\t<p>Reservar al menos con 72\u202fh de antelaci\u00f3n.<\/p>\t\t\t\t\t\t\t\t<\/div>\n\t\t\t\t\t<\/div>\n\t\t<\/div>\n\t\t\t\t\t<\/div>\n\t\t<\/section>\n\t\t\t\t<section data-particle_enable=\"false\" data-particle-mobile-disabled=\"false\" class=\"elementor-section elementor-inner-section elementor-element elementor-element-78f3e0cf elementor-section-boxed elementor-section-height-default elementor-section-height-default\" data-id=\"78f3e0cf\" data-element_type=\"section\" data-e-type=\"section\">\n\t\t\t\t\t\t<div class=\"elementor-container elementor-column-gap-default\">\n\t\t\t\t\t<div class=\"elementor-column elementor-col-100 elementor-inner-column elementor-element elementor-element-5c9163fa\" data-id=\"5c9163fa\" data-element_type=\"column\" data-e-type=\"column\">\n\t\t\t<div class=\"elementor-widget-wrap elementor-element-populated\">\n\t\t\t\t\t\t<div class=\"elementor-element elementor-element-4e5af0ea elementor-widget elementor-widget-heading\" data-id=\"4e5af0ea\" data-element_type=\"widget\" data-e-type=\"widget\" data-widget_type=\"heading.default\">\n\t\t\t\t\t<h3 class=\"elementor-heading-title elementor-size-default\">Lugar de partida<\/h3>\t\t\t\t<\/div>\n\t\t\t\t<div class=\"elementor-element elementor-element-674cfb0c elementor-widget elementor-widget-eael-google-map\" data-id=\"674cfb0c\" data-element_type=\"widget\" data-e-type=\"widget\" data-widget_type=\"eael-google-map.default\">\n\t\t\t\t<div class=\"elementor-widget-container\">\n\t\t\t\t\t\n\t\t\t\t\t<div class=\"eael-google-map eael-google-map-basic\" id=\"eael-google-map-674cfb0c\" data-id=\"674cfb0c\" data-map-center-lat=\"\" data-map-center-lng=\"\" data-map_type=\"basic\" data-map_address_type=\"address\" data-map_lat=\"28.948790\" data-map_lng=\"-81.298843\" data-map_addr=\" Palacio de luces\" data-map_basic_marker_title=\" Carretera AS-257, s\/n \u2014 33328 Luces Asturias\" data-map_basic_marker_content=\"Carretera AS-257, s\/n \u2014 33328 Luces\nAsturias\" data-map_basic_marker_icon_enable=\"yes\" data-map_basic_marker_icon=\"https:\/\/coolrooms.com\/palaciodeluces\/wp-content\/uploads\/sites\/8\/2023\/09\/maker-luces.png\" data-map_basic_marker_icon_width=\"40\" data-map_basic_marker_icon_height=\"49\" data-map_zoom=\"14\" data-map_markers=\"%5B%7B%22eael_google_map_marker_title%22%3A%22Map+Marker+1%22%2C%22_id%22%3A%22583378b%22%2C%22eael_google_map_marker_lat%22%3A%2228.948790%22%2C%22eael_google_map_marker_lng%22%3A%22-81.298843%22%2C%22eael_google_map_marker_content%22%3A%22Marker+Content.+You+can+put+html+here.%22%2C%22eael_google_map_marker_icon_color%22%3A%22%23e23a47%22%2C%22eael_google_map_marker_icon_enable%22%3A%22no%22%2C%22eael_google_map_marker_icon%22%3A%7B%22url%22%3A%22%22%2C%22id%22%3A%22%22%2C%22size%22%3A%22%22%7D%2C%22eael_google_map_marker_icon_width%22%3A%2232%22%2C%22eael_google_map_marker_icon_height%22%3A%2232%22%7D%5D\" data-map_static_width=\"610\" data-map_static_height=\"300\" data-map_polylines=\"null\" data-map_stroke_color=\"#e23a47\" data-map_stroke_opacity=\"0.8\" data-map_stroke_weight=\"4\" data-map_stroke_fill_color=\"#e23a47\" data-map_stroke_fill_opacity=\"0.4\" data-map_theme=\"%22%5B%7B%5C%22elementType%5C%22%3A%5C%22geometry%5C%22%2C%5C%22stylers%5C%22%3A%5B%7B%5C%22color%5C%22%3A%5C%22%23f5f5f5%5C%22%7D%5D%7D%2C%7B%5C%22elementType%5C%22%3A%5C%22labels.icon%5C%22%2C%5C%22stylers%5C%22%3A%5B%7B%5C%22visibility%5C%22%3A%5C%22off%5C%22%7D%5D%7D%2C%7B%5C%22elementType%5C%22%3A%5C%22labels.text.fill%5C%22%2C%5C%22stylers%5C%22%3A%5B%7B%5C%22color%5C%22%3A%5C%22%23616161%5C%22%7D%5D%7D%2C%7B%5C%22elementType%5C%22%3A%5C%22labels.text.stroke%5C%22%2C%5C%22stylers%5C%22%3A%5B%7B%5C%22color%5C%22%3A%5C%22%23f5f5f5%5C%22%7D%5D%7D%2C%7B%5C%22featureType%5C%22%3A%5C%22administrative.land_parcel%5C%22%2C%5C%22elementType%5C%22%3A%5C%22labels.text.fill%5C%22%2C%5C%22stylers%5C%22%3A%5B%7B%5C%22color%5C%22%3A%5C%22%23bdbdbd%5C%22%7D%5D%7D%2C%7B%5C%22featureType%5C%22%3A%5C%22poi%5C%22%2C%5C%22elementType%5C%22%3A%5C%22geometry%5C%22%2C%5C%22stylers%5C%22%3A%5B%7B%5C%22color%5C%22%3A%5C%22%23eeeeee%5C%22%7D%5D%7D%2C%7B%5C%22featureType%5C%22%3A%5C%22poi%5C%22%2C%5C%22elementType%5C%22%3A%5C%22labels.text.fill%5C%22%2C%5C%22stylers%5C%22%3A%5B%7B%5C%22color%5C%22%3A%5C%22%23757575%5C%22%7D%5D%7D%2C%7B%5C%22featureType%5C%22%3A%5C%22poi.park%5C%22%2C%5C%22elementType%5C%22%3A%5C%22geometry%5C%22%2C%5C%22stylers%5C%22%3A%5B%7B%5C%22color%5C%22%3A%5C%22%23e5e5e5%5C%22%7D%5D%7D%2C%7B%5C%22featureType%5C%22%3A%5C%22poi.park%5C%22%2C%5C%22elementType%5C%22%3A%5C%22labels.text.fill%5C%22%2C%5C%22stylers%5C%22%3A%5B%7B%5C%22color%5C%22%3A%5C%22%239e9e9e%5C%22%7D%5D%7D%2C%7B%5C%22featureType%5C%22%3A%5C%22road%5C%22%2C%5C%22elementType%5C%22%3A%5C%22geometry%5C%22%2C%5C%22stylers%5C%22%3A%5B%7B%5C%22color%5C%22%3A%5C%22%23ffffff%5C%22%7D%5D%7D%2C%7B%5C%22featureType%5C%22%3A%5C%22road.arterial%5C%22%2C%5C%22elementType%5C%22%3A%5C%22labels.text.fill%5C%22%2C%5C%22stylers%5C%22%3A%5B%7B%5C%22color%5C%22%3A%5C%22%23757575%5C%22%7D%5D%7D%2C%7B%5C%22featureType%5C%22%3A%5C%22road.highway%5C%22%2C%5C%22elementType%5C%22%3A%5C%22geometry%5C%22%2C%5C%22stylers%5C%22%3A%5B%7B%5C%22color%5C%22%3A%5C%22%23dadada%5C%22%7D%5D%7D%2C%7B%5C%22featureType%5C%22%3A%5C%22road.highway%5C%22%2C%5C%22elementType%5C%22%3A%5C%22labels.text.fill%5C%22%2C%5C%22stylers%5C%22%3A%5B%7B%5C%22color%5C%22%3A%5C%22%23616161%5C%22%7D%5D%7D%2C%7B%5C%22featureType%5C%22%3A%5C%22road.local%5C%22%2C%5C%22elementType%5C%22%3A%5C%22labels.text.fill%5C%22%2C%5C%22stylers%5C%22%3A%5B%7B%5C%22color%5C%22%3A%5C%22%239e9e9e%5C%22%7D%5D%7D%2C%7B%5C%22featureType%5C%22%3A%5C%22transit.line%5C%22%2C%5C%22elementType%5C%22%3A%5C%22geometry%5C%22%2C%5C%22stylers%5C%22%3A%5B%7B%5C%22color%5C%22%3A%5C%22%23e5e5e5%5C%22%7D%5D%7D%2C%7B%5C%22featureType%5C%22%3A%5C%22transit.station%5C%22%2C%5C%22elementType%5C%22%3A%5C%22geometry%5C%22%2C%5C%22stylers%5C%22%3A%5B%7B%5C%22color%5C%22%3A%5C%22%23eeeeee%5C%22%7D%5D%7D%2C%7B%5C%22featureType%5C%22%3A%5C%22water%5C%22%2C%5C%22elementType%5C%22%3A%5C%22geometry%5C%22%2C%5C%22stylers%5C%22%3A%5B%7B%5C%22color%5C%22%3A%5C%22%23c9c9c9%5C%22%7D%5D%7D%2C%7B%5C%22featureType%5C%22%3A%5C%22water%5C%22%2C%5C%22elementType%5C%22%3A%5C%22labels.text.fill%5C%22%2C%5C%22stylers%5C%22%3A%5B%7B%5C%22color%5C%22%3A%5C%22%239e9e9e%5C%22%7D%5D%7D%5D%22\" data-map_streeview_control=\"false\" data-map_type_control=\"false\" data-map_zoom_control=\"true\" data-map_fullscreen_control=\"true\" data-map_scroll_zoom=\"false\"><\/div>\n\t\t\t\t<div class=\"google-map-notice\"><\/div>\n\t\t\t\t<\/div>\n\t\t\t\t<\/div>\n\t\t\t\t\t<\/div>\n\t\t<\/div>\n\t\t\t\t\t<\/div>\n\t\t<\/section>\n\t\t\t\t\t<\/div>\n\t\t<\/div>\n\t\t\t\t\t<\/div>\n\t\t<\/section>\n\t\t\t\t<\/div>\n\t\t","protected":false},"excerpt":{"rendered":"<p>Personal Trainer Desde 134\u20ac Disfrutar experiencia \u00bfQu\u00e9 har\u00e1s? Descubre el mundo del fitness de la mano de Ruth G\u00f3mez \u00c1lvarez, triatleta de larga distancia, con m\u00e1s de 11 ironman hechos por todo el mundo. Actualmente es entrenadora personal y entrenadora de Club de Triatlon Oviedo. Tarifas Desde 134\u20ac por persona. Precio especial para grupos a [&hellip;]<\/p>\n","protected":false},"author":19,"featured_media":0,"parent":55,"menu_order":0,"comment_status":"closed","ping_status":"closed","template":"elementor_header_footer","meta":{"_acf_changed":false,"footnotes":""},"class_list":["post-6914","page","type-page","status-publish","hentry"],"yoast_head":"<!-- This site is optimized with the Yoast SEO plugin v27.4 - https:\/\/yoast.com\/product\/yoast-seo-wordpress\/ -->\n<title>Personal Trainer - Hotel CoolRooms Palacio de Luces<\/title>\n<meta name=\"robots\" content=\"index, follow, max-snippet:-1, max-image-preview:large, max-video-preview:-1\" \/>\n<link rel=\"canonical\" href=\"https:\/\/coolrooms.com\/palaciodeluces\/experiencias\/personal-trainer\/\" \/>\n<meta property=\"og:locale\" content=\"es_ES\" \/>\n<meta property=\"og:type\" content=\"article\" \/>\n<meta property=\"og:title\" content=\"Personal Trainer - Hotel CoolRooms Palacio de Luces\" \/>\n<meta property=\"og:description\" content=\"Personal Trainer Desde 134\u20ac Disfrutar experiencia \u00bfQu\u00e9 har\u00e1s? Descubre el mundo del fitness de la mano de Ruth G\u00f3mez \u00c1lvarez, triatleta de larga distancia, con m\u00e1s de 11 ironman hechos por todo el mundo. Actualmente es entrenadora personal y entrenadora de Club de Triatlon Oviedo. Tarifas Desde 134\u20ac por persona. Precio especial para grupos a [&hellip;]\" \/>\n<meta property=\"og:url\" content=\"https:\/\/coolrooms.com\/palaciodeluces\/experiencias\/personal-trainer\/\" \/>\n<meta property=\"og:site_name\" content=\"Hotel CoolRooms Palacio de Luces\" \/>\n<meta property=\"article:modified_time\" content=\"2023-10-13T16:28:14+00:00\" \/>\n<meta name=\"twitter:card\" content=\"summary_large_image\" \/>\n<meta name=\"twitter:label1\" content=\"Tiempo de lectura\" \/>\n\t<meta name=\"twitter:data1\" content=\"1 minuto\" \/>\n<script type=\"application\/ld+json\" class=\"yoast-schema-graph\">{\"@context\":\"https:\\\/\\\/schema.org\",\"@graph\":[{\"@type\":\"WebPage\",\"@id\":\"https:\\\/\\\/coolrooms.com\\\/palaciodeluces\\\/experiencias\\\/personal-trainer\\\/\",\"url\":\"https:\\\/\\\/coolrooms.com\\\/palaciodeluces\\\/experiencias\\\/personal-trainer\\\/\",\"name\":\"Personal Trainer - Hotel CoolRooms Palacio de Luces\",\"isPartOf\":{\"@id\":\"https:\\\/\\\/coolrooms.com\\\/palaciodeluces\\\/#website\"},\"datePublished\":\"2023-10-04T13:23:53+00:00\",\"dateModified\":\"2023-10-13T16:28:14+00:00\",\"breadcrumb\":{\"@id\":\"https:\\\/\\\/coolrooms.com\\\/palaciodeluces\\\/experiencias\\\/personal-trainer\\\/#breadcrumb\"},\"inLanguage\":\"es\",\"potentialAction\":[{\"@type\":\"ReadAction\",\"target\":[\"https:\\\/\\\/coolrooms.com\\\/palaciodeluces\\\/experiencias\\\/personal-trainer\\\/\"]}]},{\"@type\":\"BreadcrumbList\",\"@id\":\"https:\\\/\\\/coolrooms.com\\\/palaciodeluces\\\/experiencias\\\/personal-trainer\\\/#breadcrumb\",\"itemListElement\":[{\"@type\":\"ListItem\",\"position\":1,\"name\":\"Portada\",\"item\":\"https:\\\/\\\/coolrooms.com\\\/palaciodeluces\\\/\"},{\"@type\":\"ListItem\",\"position\":2,\"name\":\"Experiencias\",\"item\":\"https:\\\/\\\/coolrooms.com\\\/palaciodeluces\\\/experiencias\\\/\"},{\"@type\":\"ListItem\",\"position\":3,\"name\":\"Personal Trainer\"}]},{\"@type\":\"WebSite\",\"@id\":\"https:\\\/\\\/coolrooms.com\\\/palaciodeluces\\\/#website\",\"url\":\"https:\\\/\\\/coolrooms.com\\\/palaciodeluces\\\/\",\"name\":\"Hotel CoolRooms Palacio de Luces\",\"description\":\"Hotel de lujo Asturias\",\"potentialAction\":[{\"@type\":\"SearchAction\",\"target\":{\"@type\":\"EntryPoint\",\"urlTemplate\":\"https:\\\/\\\/coolrooms.com\\\/palaciodeluces\\\/?s={search_term_string}\"},\"query-input\":{\"@type\":\"PropertyValueSpecification\",\"valueRequired\":true,\"valueName\":\"search_term_string\"}}],\"inLanguage\":\"es\"}]}<\/script>\n<!-- \/ Yoast SEO plugin. -->","yoast_head_json":{"title":"Personal Trainer - Hotel CoolRooms Palacio de Luces","robots":{"index":"index","follow":"follow","max-snippet":"max-snippet:-1","max-image-preview":"max-image-preview:large","max-video-preview":"max-video-preview:-1"},"canonical":"https:\/\/coolrooms.com\/palaciodeluces\/experiencias\/personal-trainer\/","og_locale":"es_ES","og_type":"article","og_title":"Personal Trainer - Hotel CoolRooms Palacio de Luces","og_description":"Personal Trainer Desde 134\u20ac Disfrutar experiencia \u00bfQu\u00e9 har\u00e1s? Descubre el mundo del fitness de la mano de Ruth G\u00f3mez \u00c1lvarez, triatleta de larga distancia, con m\u00e1s de 11 ironman hechos por todo el mundo. Actualmente es entrenadora personal y entrenadora de Club de Triatlon Oviedo. Tarifas Desde 134\u20ac por persona. Precio especial para grupos a [&hellip;]","og_url":"https:\/\/coolrooms.com\/palaciodeluces\/experiencias\/personal-trainer\/","og_site_name":"Hotel CoolRooms Palacio de Luces","article_modified_time":"2023-10-13T16:28:14+00:00","twitter_card":"summary_large_image","twitter_misc":{"Tiempo de lectura":"1 minuto"},"schema":{"@context":"https:\/\/schema.org","@graph":[{"@type":"WebPage","@id":"https:\/\/coolrooms.com\/palaciodeluces\/experiencias\/personal-trainer\/","url":"https:\/\/coolrooms.com\/palaciodeluces\/experiencias\/personal-trainer\/","name":"Personal Trainer - Hotel CoolRooms Palacio de Luces","isPartOf":{"@id":"https:\/\/coolrooms.com\/palaciodeluces\/#website"},"datePublished":"2023-10-04T13:23:53+00:00","dateModified":"2023-10-13T16:28:14+00:00","breadcrumb":{"@id":"https:\/\/coolrooms.com\/palaciodeluces\/experiencias\/personal-trainer\/#breadcrumb"},"inLanguage":"es","potentialAction":[{"@type":"ReadAction","target":["https:\/\/coolrooms.com\/palaciodeluces\/experiencias\/personal-trainer\/"]}]},{"@type":"BreadcrumbList","@id":"https:\/\/coolrooms.com\/palaciodeluces\/experiencias\/personal-trainer\/#breadcrumb","itemListElement":[{"@type":"ListItem","position":1,"name":"Portada","item":"https:\/\/coolrooms.com\/palaciodeluces\/"},{"@type":"ListItem","position":2,"name":"Experiencias","item":"https:\/\/coolrooms.com\/palaciodeluces\/experiencias\/"},{"@type":"ListItem","position":3,"name":"Personal Trainer"}]},{"@type":"WebSite","@id":"https:\/\/coolrooms.com\/palaciodeluces\/#website","url":"https:\/\/coolrooms.com\/palaciodeluces\/","name":"Hotel CoolRooms Palacio de Luces","description":"Hotel de lujo Asturias","potentialAction":[{"@type":"SearchAction","target":{"@type":"EntryPoint","urlTemplate":"https:\/\/coolrooms.com\/palaciodeluces\/?s={search_term_string}"},"query-input":{"@type":"PropertyValueSpecification","valueRequired":true,"valueName":"search_term_string"}}],"inLanguage":"es"}]}},"acf":[],"_links":{"self":[{"href":"https:\/\/coolrooms.com\/palaciodeluces\/wp-json\/wp\/v2\/pages\/6914","targetHints":{"allow":["GET"]}}],"collection":[{"href":"https:\/\/coolrooms.com\/palaciodeluces\/wp-json\/wp\/v2\/pages"}],"about":[{"href":"https:\/\/coolrooms.com\/palaciodeluces\/wp-json\/wp\/v2\/types\/page"}],"author":[{"embeddable":true,"href":"https:\/\/coolrooms.com\/palaciodeluces\/wp-json\/wp\/v2\/users\/19"}],"replies":[{"embeddable":true,"href":"https:\/\/coolrooms.com\/palaciodeluces\/wp-json\/wp\/v2\/comments?post=6914"}],"version-history":[{"count":0,"href":"https:\/\/coolrooms.com\/palaciodeluces\/wp-json\/wp\/v2\/pages\/6914\/revisions"}],"up":[{"embeddable":true,"href":"https:\/\/coolrooms.com\/palaciodeluces\/wp-json\/wp\/v2\/pages\/55"}],"wp:attachment":[{"href":"https:\/\/coolrooms.com\/palaciodeluces\/wp-json\/wp\/v2\/media?parent=6914"}],"curies":[{"name":"wp","href":"https:\/\/api.w.org\/{rel}","templated":true}]}}