{"id":1088,"date":"2022-07-27T11:19:27","date_gmt":"2022-07-27T11:19:27","guid":{"rendered":"https:\/\/coolrooms.com\/palaciodeluces\/?page_id=1088"},"modified":"2023-02-14T15:19:04","modified_gmt":"2023-02-14T15:19:04","slug":"asturias","status":"publish","type":"page","link":"https:\/\/coolrooms.com\/palaciodeluces\/directory\/asturias\/","title":{"rendered":"Asturias"},"content":{"rendered":"\t\t<div data-elementor-type=\"wp-page\" data-elementor-id=\"1088\" class=\"elementor elementor-1088\" data-elementor-post-type=\"page\">\n\t\t\t\t\t\t<section data-particle_enable=\"false\" data-particle-mobile-disabled=\"false\" class=\"elementor-section elementor-top-section elementor-element elementor-element-77cb4cea elementor-section-height-min-height elementor-section-boxed elementor-section-height-default elementor-section-items-middle\" data-id=\"77cb4cea\" data-element_type=\"section\" data-e-type=\"section\" data-settings=\"{&quot;background_background&quot;:&quot;slideshow&quot;,&quot;background_slideshow_gallery&quot;:[{&quot;id&quot;:1177,&quot;url&quot;:&quot;https:\\\/\\\/coolrooms.com\\\/palaciodeluces\\\/wp-content\\\/uploads\\\/sites\\\/8\\\/2022\\\/07\\\/lastres-1.jpg&quot;},{&quot;id&quot;:1180,&quot;url&quot;:&quot;https:\\\/\\\/coolrooms.com\\\/palaciodeluces\\\/wp-content\\\/uploads\\\/sites\\\/8\\\/2022\\\/07\\\/Faro-Luces-Ma\\u0301s-alla-de-Orion-min-scaled-1.jpg&quot;}],&quot;background_slideshow_loop&quot;:&quot;yes&quot;,&quot;background_slideshow_slide_duration&quot;:5000,&quot;background_slideshow_slide_transition&quot;:&quot;fade&quot;,&quot;background_slideshow_transition_duration&quot;:500}\">\n\t\t\t\t\t\t\t<div class=\"elementor-background-overlay\"><\/div>\n\t\t\t\t\t\t\t<div class=\"elementor-container elementor-column-gap-default\">\n\t\t\t\t\t<div class=\"elementor-column elementor-col-100 elementor-top-column elementor-element elementor-element-66a7c5a6\" data-id=\"66a7c5a6\" data-element_type=\"column\" data-e-type=\"column\">\n\t\t\t<div class=\"elementor-widget-wrap elementor-element-populated\">\n\t\t\t\t\t\t<div class=\"elementor-element elementor-element-552079e7 elementor-widget elementor-widget-heading\" data-id=\"552079e7\" data-element_type=\"widget\" data-e-type=\"widget\" data-widget_type=\"heading.default\">\n\t\t\t\t\t<h1 class=\"elementor-heading-title elementor-size-default\">Descubre Asturias<\/h1>\t\t\t\t<\/div>\n\t\t\t\t\t<\/div>\n\t\t<\/div>\n\t\t\t\t\t<\/div>\n\t\t<\/section>\n\t\t\t\t<section data-particle_enable=\"false\" data-particle-mobile-disabled=\"false\" class=\"elementor-section elementor-top-section elementor-element elementor-element-2cf34ba4 elementor-section-boxed elementor-section-height-default elementor-section-height-default\" data-id=\"2cf34ba4\" data-element_type=\"section\" data-e-type=\"section\">\n\t\t\t\t\t\t<div class=\"elementor-container elementor-column-gap-default\">\n\t\t\t\t\t<div class=\"elementor-column elementor-col-100 elementor-top-column elementor-element elementor-element-52711f99\" data-id=\"52711f99\" data-element_type=\"column\" data-e-type=\"column\">\n\t\t\t<div class=\"elementor-widget-wrap elementor-element-populated\">\n\t\t\t\t\t\t<div class=\"elementor-element elementor-element-791dd0e elementor-widget elementor-widget-heading\" data-id=\"791dd0e\" data-element_type=\"widget\" data-e-type=\"widget\" data-widget_type=\"heading.default\">\n\t\t\t\t\t<h2 class=\"elementor-heading-title elementor-size-default\">Asturias, el secreto mejor guardado de Espa\u00f1a<\/h2>\t\t\t\t<\/div>\n\t\t\t\t<div class=\"elementor-element elementor-element-1785a1e9 elementor-widget elementor-widget-text-editor\" data-id=\"1785a1e9\" data-element_type=\"widget\" data-e-type=\"widget\" data-widget_type=\"text-editor.default\">\n\t\t\t\t\t\t\t\t\t<p class=\"text-destacado\">Viajar a Asturias permite recordar sensaciones que con frecuencia se olvidan, como la calma de encontrarse en amplios valles verdes y pisar la hierba, el aroma del mar durante un amanecer o el roce del aire fresco mientras disfrutas de las vistas en los impresionantes miradores naturales.<\/p><p class=\"text-secundario\">Y no son las \u00fanicas sensaciones que te esperan: la cocina de Asturias es popular en Espa\u00f1a por su sabor; la regi\u00f3n posee ejemplos de arte prerrom\u00e1nico \u00fanicos y sus ciudades se han reinventado a trav\u00e9s de la cultura y la arquitectura dejando atr\u00e1s su pasado m\u00e1s industrial.<\/p>\t\t\t\t\t\t\t\t<\/div>\n\t\t\t\t\t<\/div>\n\t\t<\/div>\n\t\t\t\t\t<\/div>\n\t\t<\/section>\n\t\t\t\t<section data-particle_enable=\"false\" data-particle-mobile-disabled=\"false\" class=\"elementor-section elementor-top-section elementor-element elementor-element-1458ced4 elementor-section-boxed elementor-section-height-default elementor-section-height-default\" data-id=\"1458ced4\" data-element_type=\"section\" data-e-type=\"section\">\n\t\t\t\t\t\t<div class=\"elementor-container elementor-column-gap-default\">\n\t\t\t\t\t<div class=\"elementor-column elementor-col-100 elementor-top-column elementor-element elementor-element-6d31f881\" data-id=\"6d31f881\" data-element_type=\"column\" data-e-type=\"column\">\n\t\t\t<div class=\"elementor-widget-wrap elementor-element-populated\">\n\t\t\t\t\t\t<div class=\"elementor-element elementor-element-4a4f7633 elementor-widget elementor-widget-heading\" data-id=\"4a4f7633\" data-element_type=\"widget\" data-e-type=\"widget\" data-widget_type=\"heading.default\">\n\t\t\t\t\t<h2 class=\"elementor-heading-title elementor-size-default\">Para\u00edso Natural<\/h2>\t\t\t\t<\/div>\n\t\t\t\t<div class=\"elementor-element elementor-element-7d5c3706 elementor-widget elementor-widget-text-editor\" data-id=\"7d5c3706\" data-element_type=\"widget\" data-e-type=\"widget\" data-widget_type=\"text-editor.default\">\n\t\t\t\t\t\t\t\t\t<p>Esta regi\u00f3n del norte de Espa\u00f1a es una invitaci\u00f3n a encontrarte con la naturaleza, a dedicarte el tiempo que te mereces y a practicar el placer de cuidarse a uno mismo. Asturias es buen destino para hacerlo de forma pausada, con sabrosas comidas y toda la naturaleza a tu alcance. Por algo se la conoce como para\u00edso natural.Asturias es, en esencia, naturaleza y bienestar, unas vacaciones en las que comer bien, descansar y dejarte llevar por el ambiente rural de su interior, la vida de sus ciudades y el encanto de sus villas marineras.\u00a0<\/p>\t\t\t\t\t\t\t\t<\/div>\n\t\t\t\t\t<\/div>\n\t\t<\/div>\n\t\t\t\t\t<\/div>\n\t\t<\/section>\n\t\t\t\t<section data-particle_enable=\"false\" data-particle-mobile-disabled=\"false\" class=\"elementor-section elementor-top-section elementor-element elementor-element-2ffb72fe elementor-section-boxed elementor-section-height-default elementor-section-height-default\" data-id=\"2ffb72fe\" data-element_type=\"section\" data-e-type=\"section\">\n\t\t\t\t\t\t<div class=\"elementor-container elementor-column-gap-default\">\n\t\t\t\t\t<div class=\"elementor-column elementor-col-100 elementor-top-column elementor-element elementor-element-30bfe1e9\" data-id=\"30bfe1e9\" data-element_type=\"column\" data-e-type=\"column\">\n\t\t\t<div class=\"elementor-widget-wrap elementor-element-populated\">\n\t\t\t\t\t\t<div class=\"elementor-element elementor-element-242a6bac elementor-widget elementor-widget-heading\" data-id=\"242a6bac\" data-element_type=\"widget\" data-e-type=\"widget\" data-widget_type=\"heading.default\">\n\t\t\t\t\t<h2 class=\"elementor-heading-title elementor-size-default\">Patrimonio y modernidad<\/h2>\t\t\t\t<\/div>\n\t\t\t\t<div class=\"elementor-element elementor-element-3f8440c0 elementor-widget elementor-widget-text-editor\" data-id=\"3f8440c0\" data-element_type=\"widget\" data-e-type=\"widget\" data-widget_type=\"text-editor.default\">\n\t\t\t\t\t\t\t\t\t<p>Asturias posee varias localizaciones Patrimonio Mundial que puedes visitar: las iglesias prerrom\u00e1nicas de los alrededores de Oviedo, los tramos del Camino de Santiago que pasan por la regi\u00f3n, varias cuevas prehist\u00f3ricas con arte rupestre, la C\u00e1mara Santa de la Catedral de Oviedo y la fuente de la Foncalada (los dos \u00faltimos, en Oviedo).Las tres ciudades principales de la regi\u00f3n son Oviedo, Gij\u00f3n y Avil\u00e9s. La primera ha sido escenario de pel\u00edcula para Woody Allen e inspiraci\u00f3n para escritores como Clar\u00edn. Un paseo por su casco hist\u00f3rico descubre, por ejemplo, el Teatro Campoamor, sede de la entrega de los prestigiosos premios Pr\u00edncipe de Asturias. Gij\u00f3n, es una ciudad abierta al mar, con un agradable paseo mar\u00edtimo junto a su playa urbana, un antiguo barrio de pescadores con vistas espectaculares y la moderna Laboral Ciudad de la Cultura, centro cultural que ha revitalizado la antigua universidad. Por su parte, Avil\u00e9s acoge uno de los cascos antiguos mejor conservados de Asturias y el moderno Centro Niemeyer, la \u00faltima creaci\u00f3n en Europa del arquitecto Oscar Niemeyer.<\/p>\t\t\t\t\t\t\t\t<\/div>\n\t\t\t\t\t<\/div>\n\t\t<\/div>\n\t\t\t\t\t<\/div>\n\t\t<\/section>\n\t\t\t\t<\/div>\n\t\t","protected":false},"excerpt":{"rendered":"<p>Descubre Asturias Asturias, el secreto mejor guardado de Espa\u00f1a Viajar a Asturias permite recordar sensaciones que con frecuencia se olvidan, como la calma de encontrarse en amplios valles verdes y pisar la hierba, el aroma del mar durante un amanecer o el roce del aire fresco mientras disfrutas de las vistas en los impresionantes miradores [&hellip;]<\/p>\n","protected":false},"author":13,"featured_media":0,"parent":1082,"menu_order":0,"comment_status":"closed","ping_status":"closed","template":"elementor_header_footer","meta":{"_acf_changed":false,"footnotes":""},"class_list":["post-1088","page","type-page","status-publish","hentry"],"yoast_head":"<!-- This site is optimized with the Yoast SEO plugin v27.3 - https:\/\/yoast.com\/product\/yoast-seo-wordpress\/ -->\n<title>Asturias - Hotel CoolRooms Palacio de Luces<\/title>\n<meta name=\"robots\" content=\"index, follow, max-snippet:-1, max-image-preview:large, max-video-preview:-1\" \/>\n<link rel=\"canonical\" href=\"https:\/\/coolrooms.com\/palaciodeluces\/directory\/asturias\/\" \/>\n<meta property=\"og:locale\" content=\"es_ES\" \/>\n<meta property=\"og:type\" content=\"article\" \/>\n<meta property=\"og:title\" content=\"Asturias - Hotel CoolRooms Palacio de Luces\" \/>\n<meta property=\"og:description\" content=\"Descubre Asturias Asturias, el secreto mejor guardado de Espa\u00f1a Viajar a Asturias permite recordar sensaciones que con frecuencia se olvidan, como la calma de encontrarse en amplios valles verdes y pisar la hierba, el aroma del mar durante un amanecer o el roce del aire fresco mientras disfrutas de las vistas en los impresionantes miradores [&hellip;]\" \/>\n<meta property=\"og:url\" content=\"https:\/\/coolrooms.com\/palaciodeluces\/directory\/asturias\/\" \/>\n<meta property=\"og:site_name\" content=\"Hotel CoolRooms Palacio de Luces\" \/>\n<meta property=\"article:modified_time\" content=\"2023-02-14T15:19:04+00:00\" \/>\n<meta name=\"twitter:card\" content=\"summary_large_image\" \/>\n<meta name=\"twitter:label1\" content=\"Tiempo de lectura\" \/>\n\t<meta name=\"twitter:data1\" content=\"2 minutos\" \/>\n<script type=\"application\/ld+json\" class=\"yoast-schema-graph\">{\"@context\":\"https:\\\/\\\/schema.org\",\"@graph\":[{\"@type\":\"WebPage\",\"@id\":\"https:\\\/\\\/coolrooms.com\\\/palaciodeluces\\\/directory\\\/asturias\\\/\",\"url\":\"https:\\\/\\\/coolrooms.com\\\/palaciodeluces\\\/directory\\\/asturias\\\/\",\"name\":\"Asturias - Hotel CoolRooms Palacio de Luces\",\"isPartOf\":{\"@id\":\"https:\\\/\\\/coolrooms.com\\\/palaciodeluces\\\/#website\"},\"datePublished\":\"2022-07-27T11:19:27+00:00\",\"dateModified\":\"2023-02-14T15:19:04+00:00\",\"breadcrumb\":{\"@id\":\"https:\\\/\\\/coolrooms.com\\\/palaciodeluces\\\/directory\\\/asturias\\\/#breadcrumb\"},\"inLanguage\":\"es\",\"potentialAction\":[{\"@type\":\"ReadAction\",\"target\":[\"https:\\\/\\\/coolrooms.com\\\/palaciodeluces\\\/directory\\\/asturias\\\/\"]}]},{\"@type\":\"BreadcrumbList\",\"@id\":\"https:\\\/\\\/coolrooms.com\\\/palaciodeluces\\\/directory\\\/asturias\\\/#breadcrumb\",\"itemListElement\":[{\"@type\":\"ListItem\",\"position\":1,\"name\":\"Portada\",\"item\":\"https:\\\/\\\/coolrooms.com\\\/palaciodeluces\\\/\"},{\"@type\":\"ListItem\",\"position\":2,\"name\":\"Directory\",\"item\":\"https:\\\/\\\/coolrooms.com\\\/palaciodeluces\\\/?page_id=1082\"},{\"@type\":\"ListItem\",\"position\":3,\"name\":\"Asturias\"}]},{\"@type\":\"WebSite\",\"@id\":\"https:\\\/\\\/coolrooms.com\\\/palaciodeluces\\\/#website\",\"url\":\"https:\\\/\\\/coolrooms.com\\\/palaciodeluces\\\/\",\"name\":\"Hotel CoolRooms Palacio de Luces\",\"description\":\"Hotel de lujo Asturias\",\"potentialAction\":[{\"@type\":\"SearchAction\",\"target\":{\"@type\":\"EntryPoint\",\"urlTemplate\":\"https:\\\/\\\/coolrooms.com\\\/palaciodeluces\\\/?s={search_term_string}\"},\"query-input\":{\"@type\":\"PropertyValueSpecification\",\"valueRequired\":true,\"valueName\":\"search_term_string\"}}],\"inLanguage\":\"es\"}]}<\/script>\n<!-- \/ Yoast SEO plugin. -->","yoast_head_json":{"title":"Asturias - Hotel CoolRooms Palacio de Luces","robots":{"index":"index","follow":"follow","max-snippet":"max-snippet:-1","max-image-preview":"max-image-preview:large","max-video-preview":"max-video-preview:-1"},"canonical":"https:\/\/coolrooms.com\/palaciodeluces\/directory\/asturias\/","og_locale":"es_ES","og_type":"article","og_title":"Asturias - Hotel CoolRooms Palacio de Luces","og_description":"Descubre Asturias Asturias, el secreto mejor guardado de Espa\u00f1a Viajar a Asturias permite recordar sensaciones que con frecuencia se olvidan, como la calma de encontrarse en amplios valles verdes y pisar la hierba, el aroma del mar durante un amanecer o el roce del aire fresco mientras disfrutas de las vistas en los impresionantes miradores [&hellip;]","og_url":"https:\/\/coolrooms.com\/palaciodeluces\/directory\/asturias\/","og_site_name":"Hotel CoolRooms Palacio de Luces","article_modified_time":"2023-02-14T15:19:04+00:00","twitter_card":"summary_large_image","twitter_misc":{"Tiempo de lectura":"2 minutos"},"schema":{"@context":"https:\/\/schema.org","@graph":[{"@type":"WebPage","@id":"https:\/\/coolrooms.com\/palaciodeluces\/directory\/asturias\/","url":"https:\/\/coolrooms.com\/palaciodeluces\/directory\/asturias\/","name":"Asturias - Hotel CoolRooms Palacio de Luces","isPartOf":{"@id":"https:\/\/coolrooms.com\/palaciodeluces\/#website"},"datePublished":"2022-07-27T11:19:27+00:00","dateModified":"2023-02-14T15:19:04+00:00","breadcrumb":{"@id":"https:\/\/coolrooms.com\/palaciodeluces\/directory\/asturias\/#breadcrumb"},"inLanguage":"es","potentialAction":[{"@type":"ReadAction","target":["https:\/\/coolrooms.com\/palaciodeluces\/directory\/asturias\/"]}]},{"@type":"BreadcrumbList","@id":"https:\/\/coolrooms.com\/palaciodeluces\/directory\/asturias\/#breadcrumb","itemListElement":[{"@type":"ListItem","position":1,"name":"Portada","item":"https:\/\/coolrooms.com\/palaciodeluces\/"},{"@type":"ListItem","position":2,"name":"Directory","item":"https:\/\/coolrooms.com\/palaciodeluces\/?page_id=1082"},{"@type":"ListItem","position":3,"name":"Asturias"}]},{"@type":"WebSite","@id":"https:\/\/coolrooms.com\/palaciodeluces\/#website","url":"https:\/\/coolrooms.com\/palaciodeluces\/","name":"Hotel CoolRooms Palacio de Luces","description":"Hotel de lujo Asturias","potentialAction":[{"@type":"SearchAction","target":{"@type":"EntryPoint","urlTemplate":"https:\/\/coolrooms.com\/palaciodeluces\/?s={search_term_string}"},"query-input":{"@type":"PropertyValueSpecification","valueRequired":true,"valueName":"search_term_string"}}],"inLanguage":"es"}]}},"acf":[],"_links":{"self":[{"href":"https:\/\/coolrooms.com\/palaciodeluces\/wp-json\/wp\/v2\/pages\/1088","targetHints":{"allow":["GET"]}}],"collection":[{"href":"https:\/\/coolrooms.com\/palaciodeluces\/wp-json\/wp\/v2\/pages"}],"about":[{"href":"https:\/\/coolrooms.com\/palaciodeluces\/wp-json\/wp\/v2\/types\/page"}],"author":[{"embeddable":true,"href":"https:\/\/coolrooms.com\/palaciodeluces\/wp-json\/wp\/v2\/users\/13"}],"replies":[{"embeddable":true,"href":"https:\/\/coolrooms.com\/palaciodeluces\/wp-json\/wp\/v2\/comments?post=1088"}],"version-history":[{"count":0,"href":"https:\/\/coolrooms.com\/palaciodeluces\/wp-json\/wp\/v2\/pages\/1088\/revisions"}],"up":[{"embeddable":true,"href":"https:\/\/coolrooms.com\/palaciodeluces\/wp-json\/wp\/v2\/pages\/1082"}],"wp:attachment":[{"href":"https:\/\/coolrooms.com\/palaciodeluces\/wp-json\/wp\/v2\/media?parent=1088"}],"curies":[{"name":"wp","href":"https:\/\/api.w.org\/{rel}","templated":true}]}}