{"id":8671,"date":"2022-07-19T08:05:32","date_gmt":"2022-07-19T08:05:32","guid":{"rendered":"https:\/\/coolrooms.com\/palaciodeluces\/blog\/"},"modified":"2024-02-02T11:14:51","modified_gmt":"2024-02-02T11:14:51","slug":"blog","status":"publish","type":"page","link":"https:\/\/coolrooms.com\/palaciodeluces\/pt-pt\/blog\/","title":{"rendered":"Blog"},"content":{"rendered":"\t\t<div data-elementor-type=\"wp-page\" data-elementor-id=\"8671\" class=\"elementor elementor-8671 elementor-59\" data-elementor-post-type=\"page\">\n\t\t\t\t\t\t<section data-particle_enable=\"false\" data-particle-mobile-disabled=\"false\" data-dce-background-image-url=\"https:\/\/coolrooms.com\/palaciodeluces\/wp-content\/uploads\/sites\/8\/2022\/07\/Fotografo_de_bodas_en_Asturias_con_sede_en_Gijon_Reportaje_de_boda_en_el_Palacio_de_Luces_Lastres_11.jpg\" class=\"elementor-section elementor-top-section elementor-element elementor-element-aa2961c elementor-section-height-min-height elementor-section-boxed elementor-section-height-default elementor-section-items-middle\" data-id=\"aa2961c\" data-element_type=\"section\" data-e-type=\"section\" data-settings=\"{&quot;background_background&quot;:&quot;classic&quot;}\">\n\t\t\t\t\t\t\t<div class=\"elementor-background-overlay\"><\/div>\n\t\t\t\t\t\t\t<div class=\"elementor-container elementor-column-gap-default\">\n\t\t\t\t\t<div class=\"elementor-column elementor-col-100 elementor-top-column elementor-element elementor-element-528705d3\" data-id=\"528705d3\" data-element_type=\"column\" data-e-type=\"column\">\n\t\t\t<div class=\"elementor-widget-wrap elementor-element-populated\">\n\t\t\t\t\t\t<div class=\"elementor-element elementor-element-999ad28 elementor-widget elementor-widget-heading\" data-id=\"999ad28\" data-element_type=\"widget\" data-e-type=\"widget\" data-widget_type=\"heading.default\">\n\t\t\t\t\t<h1 class=\"elementor-heading-title elementor-size-default\">Blog<\/h1>\t\t\t\t<\/div>\n\t\t\t\t<div class=\"elementor-element elementor-element-1878597 elementor-widget elementor-widget-heading\" data-id=\"1878597\" data-element_type=\"widget\" data-e-type=\"widget\" data-widget_type=\"heading.default\">\n\t\t\t\t\t<h6 class=\"elementor-heading-title elementor-size-default\">AS \u00daLTIMAS NOT\u00cdCIAS SOBRE O PAL\u00c1CIO DAS LUZES<\/h6>\t\t\t\t<\/div>\n\t\t\t\t\t<\/div>\n\t\t<\/div>\n\t\t\t\t\t<\/div>\n\t\t<\/section>\n\t\t\t\t<section data-particle_enable=\"false\" data-particle-mobile-disabled=\"false\" class=\"elementor-section elementor-top-section elementor-element elementor-element-ff8788d elementor-section-boxed elementor-section-height-default elementor-section-height-default\" data-id=\"ff8788d\" data-element_type=\"section\" data-e-type=\"section\">\n\t\t\t\t\t\t<div class=\"elementor-container elementor-column-gap-default\">\n\t\t\t\t\t<div class=\"elementor-column elementor-col-100 elementor-top-column elementor-element elementor-element-dd2ec14\" data-id=\"dd2ec14\" data-element_type=\"column\" data-e-type=\"column\">\n\t\t\t<div class=\"elementor-widget-wrap elementor-element-populated\">\n\t\t\t\t\t\t<div class=\"elementor-element elementor-element-b42e4c5 elementor-grid-eael-col-3 elementor-grid-tablet-eael-col-2 elementor-grid-mobile-eael-col-1 elementor-widget elementor-widget-eael-post-grid\" data-id=\"b42e4c5\" data-element_type=\"widget\" data-e-type=\"widget\" data-settings=\"{&quot;eael_post_grid_columns&quot;:&quot;eael-col-3&quot;,&quot;eael_post_grid_columns_tablet&quot;:&quot;eael-col-2&quot;,&quot;eael_post_grid_columns_mobile&quot;:&quot;eael-col-1&quot;}\" data-widget_type=\"eael-post-grid.default\">\n\t\t\t\t\t<div id=\"eael-post-grid-b42e4c5\" class=\"eael-post-grid-container\">\n            <div class=\"eael-post-grid eael-post-appender eael-post-appender-b42e4c5 eael-post-grid-style-one\" data-layout-mode=\"grid\"><article class=\"eael-grid-post  eael-post-grid-column eael-pg-post-9360 category-sem-categoria\" data-id=\"9360\">\n        <div class=\"eael-grid-post-holder\">\n            <div class=\"eael-grid-post-holder-inner\"><div class=\"eael-entry-media\"><div class=\"eael-entry-overlay fade-in\"><i class=\"fas fa-long-arrow-alt-right\" aria-hidden=\"true\"><\/i><a href=\"https:\/\/coolrooms.com\/palaciodeluces\/pt-pt\/semana-santa-2024-asturias\/\"><\/a><\/div><div class=\"eael-entry-thumbnail eael-image-ratio\">\n                <img fetchpriority=\"high\" decoding=\"async\" width=\"695\" height=\"521\" src=\"https:\/\/coolrooms.com\/palaciodeluces\/wp-content\/uploads\/sites\/8\/2024\/03\/Imagen5.jpg\" class=\"attachment-full size-full wp-image-9142\" alt=\"\" srcset=\"https:\/\/coolrooms.com\/palaciodeluces\/wp-content\/uploads\/sites\/8\/2024\/03\/Imagen5.jpg 695w, https:\/\/coolrooms.com\/palaciodeluces\/wp-content\/uploads\/sites\/8\/2024\/03\/Imagen5-300x225.jpg 300w, https:\/\/coolrooms.com\/palaciodeluces\/wp-content\/uploads\/sites\/8\/2024\/03\/Imagen5-600x450.jpg 600w\" sizes=\"(max-width: 695px) 100vw, 695px\" \/>\n            <\/div>\n        <\/div><div class=\"eael-entry-wrapper\"><header class=\"eael-entry-header\"><h2 class=\"eael-entry-title\"><a class=\"eael-grid-post-link\" href=\"https:\/\/coolrooms.com\/palaciodeluces\/pt-pt\/semana-santa-2024-asturias\/\" title=\"Semana Santa de 2024 nas Ast\u00farias: entre o mar e a montanha\">Semana Santa de 2024 nas Ast\u00farias: entre o mar e a montanha<\/a><\/h2><\/header><div class=\"eael-entry-content\">\n                        <div class=\"eael-grid-post-excerpt\"><p>Est\u00e1 \u00e0 procura do destino perfeito para desfrutar da Semana Santa de 2024? CoolRooms Hotels, que disp\u00f5e de hot\u00e9is em ambientes hist\u00f3ricos, urbanos e naturais, oferece-lhe alternativas para a Semana...<\/p><a href=\"https:\/\/coolrooms.com\/palaciodeluces\/pt-pt\/semana-santa-2024-asturias\/\" class=\"eael-post-elements-readmore-btn\">M\u00e1s<\/a><\/div>\n                    <\/div><\/div><\/div>\n        <\/div>\n    <\/article><article class=\"eael-grid-post  eael-post-grid-column eael-pg-post-8660 category-sem-categoria\" data-id=\"8660\">\n        <div class=\"eael-grid-post-holder\">\n            <div class=\"eael-grid-post-holder-inner\"><div class=\"eael-entry-media\"><div class=\"eael-entry-overlay fade-in\"><i class=\"fas fa-long-arrow-alt-right\" aria-hidden=\"true\"><\/i><a href=\"https:\/\/coolrooms.com\/palaciodeluces\/pt-pt\/saovalentim\/\"><\/a><\/div><div class=\"eael-entry-thumbnail eael-image-ratio\">\n                <img decoding=\"async\" width=\"2560\" height=\"1439\" src=\"https:\/\/coolrooms.com\/palaciodeluces\/wp-content\/uploads\/sites\/8\/2024\/01\/5982f3b6-889f-4842-898f-394e0d2d5842-scaled.jpg\" class=\"attachment-full size-full wp-image-8636\" alt=\"\" srcset=\"https:\/\/coolrooms.com\/palaciodeluces\/wp-content\/uploads\/sites\/8\/2024\/01\/5982f3b6-889f-4842-898f-394e0d2d5842-scaled.jpg 2560w, https:\/\/coolrooms.com\/palaciodeluces\/wp-content\/uploads\/sites\/8\/2024\/01\/5982f3b6-889f-4842-898f-394e0d2d5842-300x169.jpg 300w, https:\/\/coolrooms.com\/palaciodeluces\/wp-content\/uploads\/sites\/8\/2024\/01\/5982f3b6-889f-4842-898f-394e0d2d5842-1024x576.jpg 1024w, https:\/\/coolrooms.com\/palaciodeluces\/wp-content\/uploads\/sites\/8\/2024\/01\/5982f3b6-889f-4842-898f-394e0d2d5842-768x432.jpg 768w, https:\/\/coolrooms.com\/palaciodeluces\/wp-content\/uploads\/sites\/8\/2024\/01\/5982f3b6-889f-4842-898f-394e0d2d5842-1536x863.jpg 1536w, https:\/\/coolrooms.com\/palaciodeluces\/wp-content\/uploads\/sites\/8\/2024\/01\/5982f3b6-889f-4842-898f-394e0d2d5842-2048x1151.jpg 2048w\" sizes=\"(max-width: 2560px) 100vw, 2560px\" \/>\n            <\/div>\n        <\/div><div class=\"eael-entry-wrapper\"><header class=\"eael-entry-header\"><h2 class=\"eael-entry-title\"><a class=\"eael-grid-post-link\" href=\"https:\/\/coolrooms.com\/palaciodeluces\/pt-pt\/saovalentim\/\" title=\"Queridos h\u00f3spedes,\">Queridos h\u00f3spedes,<\/a><\/h2><\/header><div class=\"eael-entry-content\">\n                        <div class=\"eael-grid-post-excerpt\"><p>O emocionante Dia do Amor est\u00e1 a chegar, e o CoolRooms Palacio de Luces quer convid\u00e1-lo a expressar o seu amor ou amizade atrav\u00e9s de aten\u00e7\u00f5es inesquec\u00edveis, cheias de detalhes...<\/p><a href=\"https:\/\/coolrooms.com\/palaciodeluces\/pt-pt\/saovalentim\/\" class=\"eael-post-elements-readmore-btn\">M\u00e1s<\/a><\/div>\n                    <\/div><\/div><\/div>\n        <\/div>\n    <\/article><article class=\"eael-grid-post  eael-post-grid-column eael-pg-post-7359 category-sem-categoria\" data-id=\"7359\">\n        <div class=\"eael-grid-post-holder\">\n            <div class=\"eael-grid-post-holder-inner\"><div class=\"eael-entry-media\"><div class=\"eael-entry-overlay fade-in\"><i class=\"fas fa-long-arrow-alt-right\" aria-hidden=\"true\"><\/i><a href=\"https:\/\/coolrooms.com\/palaciodeluces\/pt-pt\/mergulhe-na-magia-do-outono-falling-for-coolrooms-palacio-de-luces-o-seu-destino-de-luxo-nas-asturias\/\"><\/a><\/div><div class=\"eael-entry-thumbnail eael-image-ratio\">\n                <img decoding=\"async\" width=\"1296\" height=\"729\" src=\"https:\/\/coolrooms.com\/palaciodeluces\/wp-content\/uploads\/sites\/8\/2023\/10\/Portada-Blog-Falling-for-CoolRooms-Palacio-deLuces.jpg\" class=\"attachment-full size-full wp-image-7350\" alt=\"\" srcset=\"https:\/\/coolrooms.com\/palaciodeluces\/wp-content\/uploads\/sites\/8\/2023\/10\/Portada-Blog-Falling-for-CoolRooms-Palacio-deLuces.jpg 1296w, https:\/\/coolrooms.com\/palaciodeluces\/wp-content\/uploads\/sites\/8\/2023\/10\/Portada-Blog-Falling-for-CoolRooms-Palacio-deLuces-300x169.jpg 300w, https:\/\/coolrooms.com\/palaciodeluces\/wp-content\/uploads\/sites\/8\/2023\/10\/Portada-Blog-Falling-for-CoolRooms-Palacio-deLuces-1024x576.jpg 1024w, https:\/\/coolrooms.com\/palaciodeluces\/wp-content\/uploads\/sites\/8\/2023\/10\/Portada-Blog-Falling-for-CoolRooms-Palacio-deLuces-768x432.jpg 768w\" sizes=\"(max-width: 1296px) 100vw, 1296px\" \/>\n            <\/div>\n        <\/div><div class=\"eael-entry-wrapper\"><header class=\"eael-entry-header\"><h2 class=\"eael-entry-title\"><a class=\"eael-grid-post-link\" href=\"https:\/\/coolrooms.com\/palaciodeluces\/pt-pt\/mergulhe-na-magia-do-outono-falling-for-coolrooms-palacio-de-luces-o-seu-destino-de-luxo-nas-asturias\/\" title=\"Mergulhe na magia do outono: &#8221; Fall(ing) for CoolRooms Palacio de Luces &#8221; &#8211; O seu destino de luxo nas Ast\u00farias\">Mergulhe na magia do outono: &#8221; Fall(ing) for CoolRooms Palacio de Luces &#8221; &#8211; O seu destino de luxo nas Ast\u00farias<\/a><\/h2><\/header><div class=\"eael-entry-content\">\n                        <div class=\"eael-grid-post-excerpt\"><p>O outono (la seronda, em asturiano) chegou \u00e0s Ast\u00farias e, com ele, uma explos\u00e3o de cores ocres e avermelhadas das florestas asturianas, o ar &#8220;de les casta\u00f1es&#8221; e a promessa...<\/p><a href=\"https:\/\/coolrooms.com\/palaciodeluces\/pt-pt\/mergulhe-na-magia-do-outono-falling-for-coolrooms-palacio-de-luces-o-seu-destino-de-luxo-nas-asturias\/\" class=\"eael-post-elements-readmore-btn\">M\u00e1s<\/a><\/div>\n                    <\/div><\/div><\/div>\n        <\/div>\n    <\/article><article class=\"eael-grid-post  eael-post-grid-column eael-pg-post-5905 category-sem-categoria\" data-id=\"5905\">\n        <div class=\"eael-grid-post-holder\">\n            <div class=\"eael-grid-post-holder-inner\"><div class=\"eael-entry-media\"><div class=\"eael-entry-overlay fade-in\"><i class=\"fas fa-long-arrow-alt-right\" aria-hidden=\"true\"><\/i><a href=\"https:\/\/coolrooms.com\/palaciodeluces\/pt-pt\/hola-verano-by-coolrooms-palacio-de-luces\/\"><\/a><\/div><div class=\"eael-entry-thumbnail eael-image-ratio\">\n                <img loading=\"lazy\" decoding=\"async\" width=\"1280\" height=\"853\" src=\"https:\/\/coolrooms.com\/palaciodeluces\/wp-content\/uploads\/sites\/8\/2023\/07\/Palacio-de-Luces-CoolRooms-Town.jpg\" class=\"attachment-full size-full wp-image-5805\" alt=\"Lastres CoolRooms Palacio de Luces\" srcset=\"https:\/\/coolrooms.com\/palaciodeluces\/wp-content\/uploads\/sites\/8\/2023\/07\/Palacio-de-Luces-CoolRooms-Town.jpg 1280w, https:\/\/coolrooms.com\/palaciodeluces\/wp-content\/uploads\/sites\/8\/2023\/07\/Palacio-de-Luces-CoolRooms-Town-300x200.jpg 300w, https:\/\/coolrooms.com\/palaciodeluces\/wp-content\/uploads\/sites\/8\/2023\/07\/Palacio-de-Luces-CoolRooms-Town-1024x682.jpg 1024w, https:\/\/coolrooms.com\/palaciodeluces\/wp-content\/uploads\/sites\/8\/2023\/07\/Palacio-de-Luces-CoolRooms-Town-768x512.jpg 768w\" sizes=\"(max-width: 1280px) 100vw, 1280px\" \/>\n            <\/div>\n        <\/div><div class=\"eael-entry-wrapper\"><header class=\"eael-entry-header\"><h2 class=\"eael-entry-title\"><a class=\"eael-grid-post-link\" href=\"https:\/\/coolrooms.com\/palaciodeluces\/pt-pt\/hola-verano-by-coolrooms-palacio-de-luces\/\" title=\"HOLA VERANO by CoolRooms Palacio de Luces\">HOLA VERANO by CoolRooms Palacio de Luces<\/a><\/h2><\/header><div class=\"eael-entry-content\">\n                        <div class=\"eael-grid-post-excerpt\"><p>Este ver\u00e3o, o CoolRooms Palacio de Luces preparou alguns dos planos mais atractivos. Ofertas muito especiais para que possa desfrutar de uns dias de divers\u00e3o e prazer com a sua...<\/p><a href=\"https:\/\/coolrooms.com\/palaciodeluces\/pt-pt\/hola-verano-by-coolrooms-palacio-de-luces\/\" class=\"eael-post-elements-readmore-btn\">M\u00e1s<\/a><\/div>\n                    <\/div><\/div><\/div>\n        <\/div>\n    <\/article><article class=\"eael-grid-post  eael-post-grid-column eael-pg-post-5745 category-sem-categoria\" data-id=\"5745\">\n        <div class=\"eael-grid-post-holder\">\n            <div class=\"eael-grid-post-holder-inner\"><div class=\"eael-entry-media\"><div class=\"eael-entry-overlay fade-in\"><i class=\"fas fa-long-arrow-alt-right\" aria-hidden=\"true\"><\/i><a href=\"https:\/\/coolrooms.com\/palaciodeluces\/pt-pt\/uma-nova-experiencia-holistica-de-bem-estar-e-beleza-no-coracao-das-asturias\/\"><\/a><\/div><div class=\"eael-entry-thumbnail eael-image-ratio\">\n                <img loading=\"lazy\" decoding=\"async\" width=\"1300\" height=\"731\" src=\"https:\/\/coolrooms.com\/palaciodeluces\/wp-content\/uploads\/sites\/8\/2023\/07\/portada-luces.jpg\" class=\"attachment-full size-full wp-image-5724\" alt=\"\" srcset=\"https:\/\/coolrooms.com\/palaciodeluces\/wp-content\/uploads\/sites\/8\/2023\/07\/portada-luces.jpg 1300w, https:\/\/coolrooms.com\/palaciodeluces\/wp-content\/uploads\/sites\/8\/2023\/07\/portada-luces-300x169.jpg 300w, https:\/\/coolrooms.com\/palaciodeluces\/wp-content\/uploads\/sites\/8\/2023\/07\/portada-luces-1024x576.jpg 1024w, https:\/\/coolrooms.com\/palaciodeluces\/wp-content\/uploads\/sites\/8\/2023\/07\/portada-luces-768x432.jpg 768w\" sizes=\"(max-width: 1300px) 100vw, 1300px\" \/>\n            <\/div>\n        <\/div><div class=\"eael-entry-wrapper\"><header class=\"eael-entry-header\"><h2 class=\"eael-entry-title\"><a class=\"eael-grid-post-link\" href=\"https:\/\/coolrooms.com\/palaciodeluces\/pt-pt\/uma-nova-experiencia-holistica-de-bem-estar-e-beleza-no-coracao-das-asturias\/\" title=\"Uma nova experi\u00eancia hol\u00edstica de bem-estar e beleza no cora\u00e7\u00e3o das Ast\u00farias\">Uma nova experi\u00eancia hol\u00edstica de bem-estar e beleza no cora\u00e7\u00e3o das Ast\u00farias<\/a><\/h2><\/header><div class=\"eael-entry-content\">\n                        <div class=\"eael-grid-post-excerpt\"><p>Sempre fiel ao cuidado dos nossos h\u00f3spedes, o CoolRooms Palacio de Luces combina no seu novo Spa os produtos mais exclusivos da empresa espanhola de alta cosm\u00e9tica natural e hol\u00edstica...<\/p><a href=\"https:\/\/coolrooms.com\/palaciodeluces\/pt-pt\/uma-nova-experiencia-holistica-de-bem-estar-e-beleza-no-coracao-das-asturias\/\" class=\"eael-post-elements-readmore-btn\">M\u00e1s<\/a><\/div>\n                    <\/div><\/div><\/div>\n        <\/div>\n    <\/article><\/div>\n            <div class=\"clearfix\"><\/div>\n        <\/div>\t\t\t\t<\/div>\n\t\t\t\t\t<\/div>\n\t\t<\/div>\n\t\t\t\t\t<\/div>\n\t\t<\/section>\n\t\t\t\t<\/div>\n\t\t","protected":false},"excerpt":{"rendered":"<p>Blog AS \u00daLTIMAS NOT\u00cdCIAS SOBRE O PAL\u00c1CIO DAS LUZES Queridos h\u00f3spedes, O emocionante Dia do Amor est\u00e1 a chegar, e o CoolRooms Palacio de Luces quer convid\u00e1-lo a expressar o seu amor ou amizade atrav\u00e9s de aten\u00e7\u00f5es inesquec\u00edveis, cheias de detalhes&#8230; M\u00e1s Mergulhe na magia do outono: \u00bb Fall(ing) for CoolRooms Palacio de Luces \u00bb [&hellip;]<\/p>\n","protected":false},"author":13,"featured_media":0,"parent":0,"menu_order":0,"comment_status":"closed","ping_status":"closed","template":"elementor_header_footer","meta":{"_acf_changed":false,"footnotes":""},"class_list":["post-8671","page","type-page","status-publish","hentry"],"yoast_head":"<!-- This site is optimized with the Yoast SEO plugin v27.4 - https:\/\/yoast.com\/product\/yoast-seo-wordpress\/ -->\n<title>Blog - Hotel CoolRooms Palacio de Luces<\/title>\n<meta name=\"robots\" content=\"index, follow, max-snippet:-1, max-image-preview:large, max-video-preview:-1\" \/>\n<link rel=\"canonical\" href=\"https:\/\/coolrooms.com\/palaciodeluces\/pt-pt\/blog\/\" \/>\n<meta property=\"og:locale\" content=\"pt_PT\" \/>\n<meta property=\"og:type\" content=\"article\" \/>\n<meta property=\"og:title\" content=\"Blog - Hotel CoolRooms Palacio de Luces\" \/>\n<meta property=\"og:description\" content=\"Blog AS \u00daLTIMAS NOT\u00cdCIAS SOBRE O PAL\u00c1CIO DAS LUZES Queridos h\u00f3spedes, O emocionante Dia do Amor est\u00e1 a chegar, e o CoolRooms Palacio de Luces quer convid\u00e1-lo a expressar o seu amor ou amizade atrav\u00e9s de aten\u00e7\u00f5es inesquec\u00edveis, cheias de detalhes&#8230; M\u00e1s Mergulhe na magia do outono: \u00bb Fall(ing) for CoolRooms Palacio de Luces \u00bb [&hellip;]\" \/>\n<meta property=\"og:url\" content=\"https:\/\/coolrooms.com\/palaciodeluces\/pt-pt\/blog\/\" \/>\n<meta property=\"og:site_name\" content=\"Hotel CoolRooms Palacio de Luces\" \/>\n<meta property=\"article:modified_time\" content=\"2024-02-02T11:14:51+00:00\" \/>\n<meta property=\"og:image\" content=\"https:\/\/coolrooms.com\/palaciodeluces\/wp-content\/uploads\/sites\/8\/2024\/01\/5982f3b6-889f-4842-898f-394e0d2d5842-scaled.jpg\" \/>\n<meta name=\"twitter:card\" content=\"summary_large_image\" \/>\n<meta name=\"twitter:label1\" content=\"Tempo estimado de leitura\" \/>\n\t<meta name=\"twitter:data1\" content=\"2 minutos\" \/>\n<script type=\"application\/ld+json\" class=\"yoast-schema-graph\">{\"@context\":\"https:\\\/\\\/schema.org\",\"@graph\":[{\"@type\":\"WebPage\",\"@id\":\"https:\\\/\\\/coolrooms.com\\\/palaciodeluces\\\/pt-pt\\\/blog\\\/\",\"url\":\"https:\\\/\\\/coolrooms.com\\\/palaciodeluces\\\/pt-pt\\\/blog\\\/\",\"name\":\"Blog - Hotel CoolRooms Palacio de Luces\",\"isPartOf\":{\"@id\":\"https:\\\/\\\/coolrooms.com\\\/palaciodeluces\\\/#website\"},\"primaryImageOfPage\":{\"@id\":\"https:\\\/\\\/coolrooms.com\\\/palaciodeluces\\\/pt-pt\\\/blog\\\/#primaryimage\"},\"image\":{\"@id\":\"https:\\\/\\\/coolrooms.com\\\/palaciodeluces\\\/pt-pt\\\/blog\\\/#primaryimage\"},\"thumbnailUrl\":\"https:\\\/\\\/coolrooms.com\\\/palaciodeluces\\\/wp-content\\\/uploads\\\/sites\\\/8\\\/2024\\\/01\\\/5982f3b6-889f-4842-898f-394e0d2d5842-scaled.jpg\",\"datePublished\":\"2022-07-19T08:05:32+00:00\",\"dateModified\":\"2024-02-02T11:14:51+00:00\",\"breadcrumb\":{\"@id\":\"https:\\\/\\\/coolrooms.com\\\/palaciodeluces\\\/pt-pt\\\/blog\\\/#breadcrumb\"},\"inLanguage\":\"pt-PT\",\"potentialAction\":[{\"@type\":\"ReadAction\",\"target\":[\"https:\\\/\\\/coolrooms.com\\\/palaciodeluces\\\/pt-pt\\\/blog\\\/\"]}]},{\"@type\":\"ImageObject\",\"inLanguage\":\"pt-PT\",\"@id\":\"https:\\\/\\\/coolrooms.com\\\/palaciodeluces\\\/pt-pt\\\/blog\\\/#primaryimage\",\"url\":\"https:\\\/\\\/coolrooms.com\\\/palaciodeluces\\\/wp-content\\\/uploads\\\/sites\\\/8\\\/2024\\\/01\\\/5982f3b6-889f-4842-898f-394e0d2d5842-scaled.jpg\",\"contentUrl\":\"https:\\\/\\\/coolrooms.com\\\/palaciodeluces\\\/wp-content\\\/uploads\\\/sites\\\/8\\\/2024\\\/01\\\/5982f3b6-889f-4842-898f-394e0d2d5842-scaled.jpg\"},{\"@type\":\"BreadcrumbList\",\"@id\":\"https:\\\/\\\/coolrooms.com\\\/palaciodeluces\\\/pt-pt\\\/blog\\\/#breadcrumb\",\"itemListElement\":[{\"@type\":\"ListItem\",\"position\":1,\"name\":\"Portada\",\"item\":\"https:\\\/\\\/coolrooms.com\\\/palaciodeluces\\\/fr\\\/\"},{\"@type\":\"ListItem\",\"position\":2,\"name\":\"Blog\"}]},{\"@type\":\"WebSite\",\"@id\":\"https:\\\/\\\/coolrooms.com\\\/palaciodeluces\\\/#website\",\"url\":\"https:\\\/\\\/coolrooms.com\\\/palaciodeluces\\\/\",\"name\":\"Hotel CoolRooms Palacio de Luces\",\"description\":\"Hotel de lujo Asturias\",\"potentialAction\":[{\"@type\":\"SearchAction\",\"target\":{\"@type\":\"EntryPoint\",\"urlTemplate\":\"https:\\\/\\\/coolrooms.com\\\/palaciodeluces\\\/?s={search_term_string}\"},\"query-input\":{\"@type\":\"PropertyValueSpecification\",\"valueRequired\":true,\"valueName\":\"search_term_string\"}}],\"inLanguage\":\"pt-PT\"}]}<\/script>\n<!-- \/ Yoast SEO plugin. -->","yoast_head_json":{"title":"Blog - Hotel CoolRooms Palacio de Luces","robots":{"index":"index","follow":"follow","max-snippet":"max-snippet:-1","max-image-preview":"max-image-preview:large","max-video-preview":"max-video-preview:-1"},"canonical":"https:\/\/coolrooms.com\/palaciodeluces\/pt-pt\/blog\/","og_locale":"pt_PT","og_type":"article","og_title":"Blog - Hotel CoolRooms Palacio de Luces","og_description":"Blog AS \u00daLTIMAS NOT\u00cdCIAS SOBRE O PAL\u00c1CIO DAS LUZES Queridos h\u00f3spedes, O emocionante Dia do Amor est\u00e1 a chegar, e o CoolRooms Palacio de Luces quer convid\u00e1-lo a expressar o seu amor ou amizade atrav\u00e9s de aten\u00e7\u00f5es inesquec\u00edveis, cheias de detalhes&#8230; M\u00e1s Mergulhe na magia do outono: \u00bb Fall(ing) for CoolRooms Palacio de Luces \u00bb [&hellip;]","og_url":"https:\/\/coolrooms.com\/palaciodeluces\/pt-pt\/blog\/","og_site_name":"Hotel CoolRooms Palacio de Luces","article_modified_time":"2024-02-02T11:14:51+00:00","og_image":[{"url":"https:\/\/coolrooms.com\/palaciodeluces\/wp-content\/uploads\/sites\/8\/2024\/01\/5982f3b6-889f-4842-898f-394e0d2d5842-scaled.jpg","type":"","width":"","height":""}],"twitter_card":"summary_large_image","twitter_misc":{"Tempo estimado de leitura":"2 minutos"},"schema":{"@context":"https:\/\/schema.org","@graph":[{"@type":"WebPage","@id":"https:\/\/coolrooms.com\/palaciodeluces\/pt-pt\/blog\/","url":"https:\/\/coolrooms.com\/palaciodeluces\/pt-pt\/blog\/","name":"Blog - Hotel CoolRooms Palacio de Luces","isPartOf":{"@id":"https:\/\/coolrooms.com\/palaciodeluces\/#website"},"primaryImageOfPage":{"@id":"https:\/\/coolrooms.com\/palaciodeluces\/pt-pt\/blog\/#primaryimage"},"image":{"@id":"https:\/\/coolrooms.com\/palaciodeluces\/pt-pt\/blog\/#primaryimage"},"thumbnailUrl":"https:\/\/coolrooms.com\/palaciodeluces\/wp-content\/uploads\/sites\/8\/2024\/01\/5982f3b6-889f-4842-898f-394e0d2d5842-scaled.jpg","datePublished":"2022-07-19T08:05:32+00:00","dateModified":"2024-02-02T11:14:51+00:00","breadcrumb":{"@id":"https:\/\/coolrooms.com\/palaciodeluces\/pt-pt\/blog\/#breadcrumb"},"inLanguage":"pt-PT","potentialAction":[{"@type":"ReadAction","target":["https:\/\/coolrooms.com\/palaciodeluces\/pt-pt\/blog\/"]}]},{"@type":"ImageObject","inLanguage":"pt-PT","@id":"https:\/\/coolrooms.com\/palaciodeluces\/pt-pt\/blog\/#primaryimage","url":"https:\/\/coolrooms.com\/palaciodeluces\/wp-content\/uploads\/sites\/8\/2024\/01\/5982f3b6-889f-4842-898f-394e0d2d5842-scaled.jpg","contentUrl":"https:\/\/coolrooms.com\/palaciodeluces\/wp-content\/uploads\/sites\/8\/2024\/01\/5982f3b6-889f-4842-898f-394e0d2d5842-scaled.jpg"},{"@type":"BreadcrumbList","@id":"https:\/\/coolrooms.com\/palaciodeluces\/pt-pt\/blog\/#breadcrumb","itemListElement":[{"@type":"ListItem","position":1,"name":"Portada","item":"https:\/\/coolrooms.com\/palaciodeluces\/fr\/"},{"@type":"ListItem","position":2,"name":"Blog"}]},{"@type":"WebSite","@id":"https:\/\/coolrooms.com\/palaciodeluces\/#website","url":"https:\/\/coolrooms.com\/palaciodeluces\/","name":"Hotel CoolRooms Palacio de Luces","description":"Hotel de lujo Asturias","potentialAction":[{"@type":"SearchAction","target":{"@type":"EntryPoint","urlTemplate":"https:\/\/coolrooms.com\/palaciodeluces\/?s={search_term_string}"},"query-input":{"@type":"PropertyValueSpecification","valueRequired":true,"valueName":"search_term_string"}}],"inLanguage":"pt-PT"}]}},"acf":[],"_links":{"self":[{"href":"https:\/\/coolrooms.com\/palaciodeluces\/pt-pt\/wp-json\/wp\/v2\/pages\/8671","targetHints":{"allow":["GET"]}}],"collection":[{"href":"https:\/\/coolrooms.com\/palaciodeluces\/pt-pt\/wp-json\/wp\/v2\/pages"}],"about":[{"href":"https:\/\/coolrooms.com\/palaciodeluces\/pt-pt\/wp-json\/wp\/v2\/types\/page"}],"author":[{"embeddable":true,"href":"https:\/\/coolrooms.com\/palaciodeluces\/pt-pt\/wp-json\/wp\/v2\/users\/13"}],"replies":[{"embeddable":true,"href":"https:\/\/coolrooms.com\/palaciodeluces\/pt-pt\/wp-json\/wp\/v2\/comments?post=8671"}],"version-history":[{"count":0,"href":"https:\/\/coolrooms.com\/palaciodeluces\/pt-pt\/wp-json\/wp\/v2\/pages\/8671\/revisions"}],"wp:attachment":[{"href":"https:\/\/coolrooms.com\/palaciodeluces\/pt-pt\/wp-json\/wp\/v2\/media?parent=8671"}],"curies":[{"name":"wp","href":"https:\/\/api.w.org\/{rel}","templated":true}]}}