{"id":5013,"date":"2019-12-12T13:18:25","date_gmt":"2019-12-12T13:18:25","guid":{"rendered":"https:\/\/coolrooms.com\/palaciodeatocha\/?page_id=5013"},"modified":"2024-09-20T13:56:00","modified_gmt":"2024-09-20T13:56:00","slug":"experiencia-personal-image-advisor","status":"publish","type":"page","link":"https:\/\/coolrooms.com\/palaciodeatocha\/experiencias\/experiencia-personal-image-advisor\/","title":{"rendered":"#Experiencia: Personal Image Advisor"},"content":{"rendered":"<div class=\"wpb-content-wrapper\"><p>[vc_row css_animation=\u00bb\u00bb row_type=\u00bbrow\u00bb use_row_as_full_screen_section=\u00bbno\u00bb type=\u00bbfull_width\u00bb angled_section=\u00bbno\u00bb text_align=\u00bbleft\u00bb background_image_as_pattern=\u00bbwithout_pattern\u00bb css=\u00bb.vc_custom_1726840556569{padding-top: 120px !important;padding-bottom: 100px !important;background-color: #000000 !important;}\u00bb z_index=\u00bb\u00bb background_color=\u00bb#000000&#8243;][vc_column][vc_row_inner row_type=\u00bbrow\u00bb type=\u00bbgrid\u00bb text_align=\u00bbcenter\u00bb css_animation=\u00bb\u00bb][vc_column_inner css=\u00bb.vc_custom_1718296838544{background-image: url(https:\/\/coolrooms.com\/palaciodeatocha\/wp-content\/uploads\/sites\/3\/2024\/06\/Colorimetria-interior.jpg?id=16895) !important;background-position: center !important;background-repeat: no-repeat !important;background-size: cover !important;}\u00bb][vc_empty_space height=\u00bb600px\u00bb][\/vc_column_inner][\/vc_row_inner][\/vc_column][\/vc_row][vc_row css_animation=\u00bb\u00bb row_type=\u00bbrow\u00bb use_row_as_full_screen_section=\u00bbno\u00bb type=\u00bbgrid\u00bb angled_section=\u00bbno\u00bb text_align=\u00bbleft\u00bb background_image_as_pattern=\u00bbwithout_pattern\u00bb css=\u00bb.vc_custom_1574946839430{margin-top: 32px !important;padding-top: 0px !important;padding-right: 8px !important;padding-bottom: 20px !important;padding-left: 8px !important;}\u00bb z_index=\u00bb\u00bb padding_top=\u00bb100px\u00bb][vc_column][qode_elements_holder number_of_columns=\u00bbtwo_columns\u00bb columns_proportion=\u00bb75_25&#8243; switch_to_one_column=\u00bbnever\u00bb][qode_elements_holder_item advanced_animations=\u00bbno\u00bb][vc_column_text]<\/p>\n<h1 style=\"color: #000;\">Personal Image Advisor<\/h1>\n<p>[\/vc_column_text][vc_column_text css=\u00bb.vc_custom_1718296725164{margin-top: 8px !important;}\u00bb]<\/p>\n<h4 style=\"color: #000;\">Desde 130\u20ac<\/h4>\n<p>[\/vc_column_text][vc_raw_html css=\u00bb.vc_custom_1580116420843{margin-top: 32px !important;margin-bottom: 32px !important;}\u00bb]JTNDZGl2JTIwc3R5bGUlM0QlMjJkaXNwbGF5JTNBJTIwZmxleCUzQiUyMGZsZXgtZmxvdyUzQSUyMHJvdyUyMHdyYXAlM0IlMjBqdXN0aWZ5LWNvbnRlbnQlM0ElMjBmbGV4LXN0YXJ0JTNCJTIyJTNFJTBBJTNDZGl2JTNFJTNDaW1nJTIwc3JjJTNEJTIyaHR0cHMlM0ElMkYlMkZjb29scm9vbXMuY29tJTJGYXRvY2hhJTJGd3AtY29udGVudCUyRnVwbG9hZHMlMkZzaXRlcyUyRjMlMkYyMDE5JTJGMTElMkZhdmF0YXIucG5nJTIyJTIwYWx0JTNEJTIyTiVDMyVCQW1lcm8lMjBkZSUyMHBlcnNvbmFzJTIyJTIwc3R5bGUlM0QlMjJ3aWR0aCUzQTMycHglM0IlMjIlMkYlM0UlM0MlMkZkaXYlM0UlMEElM0NkaXYlMjBzdHlsZSUzRCUyMm1hcmdpbi1sZWZ0JTNBMTZweCUzQiUyMHdpZHRoJTNBJTIwY2FsYyUyODEwMCUyNSUyMC0lMjA1MHB4JTI5JTNCJTIyJTNFJTNDcCUzRTElMjBwZXJzb25hJTIwJTI4YW1wbGlhYmxlJTI5LiUzQyUyRnAlM0UlM0MlMkZkaXYlM0UlMEElM0MlMkZkaXYlM0UlMEElM0NkaXYlMjBzdHlsZSUzRCUyMmRpc3BsYXklM0ElMjBmbGV4JTNCJTIwZmxleC1mbG93JTNBJTIwcm93JTIwd3JhcCUzQiUyMGp1c3RpZnktY29udGVudCUzQSUyMGZsZXgtc3RhcnQlM0IlMjBtYXJnaW4tdG9wJTNBMTZweCUzQiUyMiUzRSUwQSUzQ2RpdiUzRSUzQ2ltZyUyMHNyYyUzRCUyMmh0dHBzJTNBJTJGJTJGY29vbHJvb21zLmNvbSUyRmF0b2NoYSUyRndwLWNvbnRlbnQlMkZ1cGxvYWRzJTJGc2l0ZXMlMkYzJTJGMjAxOSUyRjExJTJGdGlja2V0cy5wbmclMjIlMjBhbHQlM0QlMjJRdSVDMyVBOSUyMGluY2x1eWUlMjIlMjBzdHlsZSUzRCUyMndpZHRoJTNBMzJweCUzQiUyMiUyRiUzRSUzQyUyRmRpdiUzRSUwQSUzQ2RpdiUyMHN0eWxlJTNEJTIybWFyZ2luLWxlZnQlM0ExNnB4JTNCJTIwd2lkdGglM0ElMjBjYWxjJTI4MTAwJTI1JTIwLSUyMDUwcHglMjklM0IlMjIlM0UlM0NwJTNFSW5jbHVpZG8lMjBhY29tcGElQzMlQjFhbWllbnRvJTIweSUyMGFzZXNvcmFtaWVudG8lMjBkZSUyMHVuJTIwZXN0aWxpc3RhJTIwcHJvZmVzaW9uYWwuJTNDJTJGcCUzRSUzQyUyRmRpdiUzRSUwQSUzQyUyRmRpdiUzRQ==[\/vc_raw_html][\/qode_elements_holder_item][qode_elements_holder_item advanced_animations=\u00bbno\u00bb][\/qode_elements_holder_item][\/qode_elements_holder][\/vc_column][\/vc_row][vc_row css_animation=\u00bb\u00bb row_type=\u00bbrow\u00bb use_row_as_full_screen_section=\u00bbno\u00bb type=\u00bbgrid\u00bb angled_section=\u00bbno\u00bb text_align=\u00bbleft\u00bb background_image_as_pattern=\u00bbwithout_pattern\u00bb z_index=\u00bb\u00bb css=\u00bb.vc_custom_1574687181791{padding-top: 20px !important;padding-right: 8px !important;padding-bottom: 20px !important;padding-left: 8px !important;}\u00bb el_class=\u00bbinfo-exp\u00bb][vc_column][vc_column_text]<\/p>\n<h3>\u00bfQu\u00e9 haras?<\/h3>\n<p>[\/vc_column_text][vc_column_text]<strong>Estudio personalizado de Colorimetr\u00eda.<\/strong><\/p>\n<p>&nbsp;<\/p>\n<p><strong>\u00bfQU\u00c9 ES LA COLORIMETR\u00cdA?<\/strong><br \/>\nLa colorimetr\u00eda es un estudio basado en el color de la piel, cabello, ojos, a partir del cual se extrae una paleta de colores personalizada que resalta la belleza natural de la persona y aten\u00faa las imperfecciones. Adem\u00e1s, se tiene en cuenta la simbolog\u00eda del color, es decir, qu\u00e9 transmite cada individuo con el color elegido.<\/p>\n<p>Esta paleta debe usarse tanto en las prendas de la parte superior del cuerpo, en accesorios como bufandas, pendientes, en bases de maquillaje, sombras, rubor\u2026 es decir, en todo aquello que enmarque el rostro.[\/vc_column_text][\/vc_column][\/vc_row][vc_row css_animation=\u00bb\u00bb row_type=\u00bbrow\u00bb use_row_as_full_screen_section=\u00bbno\u00bb type=\u00bbgrid\u00bb angled_section=\u00bbno\u00bb text_align=\u00bbleft\u00bb background_image_as_pattern=\u00bbwithout_pattern\u00bb z_index=\u00bb\u00bb css=\u00bb.vc_custom_1574687188190{padding-top: 20px !important;padding-right: 8px !important;padding-bottom: 20px !important;padding-left: 8px !important;}\u00bb el_class=\u00bbinfo-exp\u00bb][vc_column][vc_column_text]<\/p>\n<h3>Tarifas<\/h3>\n<p>[\/vc_column_text][vc_column_text]Colorimetr\u00eda basica 45 minutos: 130\u20ac<br \/>\nColorimetria + Personal styling 150 minutos: 330\u20ac<br \/>\nPersonal styling + personal shopping: a partir de 430\u20ac (a convenir, depender\u00e1 de cantidad de hora)<\/p>\n<p><strong>Precios con IVA incluido.<\/strong>[\/vc_column_text][\/vc_column][\/vc_row][vc_row css_animation=\u00bb\u00bb row_type=\u00bbrow\u00bb use_row_as_full_screen_section=\u00bbno\u00bb type=\u00bbgrid\u00bb angled_section=\u00bbno\u00bb text_align=\u00bbleft\u00bb background_image_as_pattern=\u00bbwithout_pattern\u00bb z_index=\u00bb\u00bb css=\u00bb.vc_custom_1574687196110{padding-top: 20px !important;padding-right: 8px !important;padding-bottom: 20px !important;padding-left: 8px !important;}\u00bb el_class=\u00bbinfo-exp\u00bb][vc_column][vc_column_text]<\/p>\n<h3>Disponibilidad<\/h3>\n<p>[\/vc_column_text][vc_column_text]Reservar al menos con 48h. de antelaci\u00f3n.[\/vc_column_text][\/vc_column][\/vc_row][vc_row css_animation=\u00bb\u00bb row_type=\u00bbrow\u00bb use_row_as_full_screen_section=\u00bbno\u00bb type=\u00bbgrid\u00bb angled_section=\u00bbno\u00bb text_align=\u00bbleft\u00bb background_image_as_pattern=\u00bbwithout_pattern\u00bb z_index=\u00bb\u00bb css=\u00bb.vc_custom_1574687196110{padding-top: 20px !important;padding-right: 8px !important;padding-bottom: 20px !important;padding-left: 8px !important;}\u00bb el_class=\u00bbinfo-exp\u00bb][vc_column][vc_column_text]<\/p>\n<h3>Condiciones<\/h3>\n<p>[\/vc_column_text][vc_column_text]<\/p>\n<div>Indicaremos su contacto al profesional para que se ponga en contacto con Usted.<\/div>\n<div>Informar de las preferencias y necesidades para la\u00a0experiencia.<\/div>\n<p>[\/vc_column_text][\/vc_column][\/vc_row][vc_row css_animation=\u00bb\u00bb row_type=\u00bbrow\u00bb use_row_as_full_screen_section=\u00bbno\u00bb type=\u00bbgrid\u00bb angled_section=\u00bbno\u00bb text_align=\u00bbleft\u00bb background_image_as_pattern=\u00bbwithout_pattern\u00bb z_index=\u00bb\u00bb css=\u00bb.vc_custom_1574686895295{padding-top: 20px !important;padding-right: 8px !important;padding-bottom: 20px !important;padding-left: 8px !important;}\u00bb][vc_column][vc_raw_html]JTNDZGl2JTIwY2xhc3MlM0QlMjJidG4tZXhwLXBhZHJlJTIyJTNFJTNDYSUyMGhyZWYlM0QlMjJodHRwcyUzQSUyRiUyRmFwaS53aGF0c2FwcC5jb20lMkZzZW5kJTNGcGhvbmUlM0QzNDY1MDg2ODI2OSUyMiUyMGNsYXNzJTNEJTIyYnRuLWV4cCUyMiUzRSUzQ2klMjBjbGFzcyUzRCUyMnFvZGVfaWNvbl9mb250X2F3ZXNvbWUlMjBmYSUyMGZhLXdoYXRzYXBwJTIwcW9kZV9idXR0b25faWNvbl9lbGVtZW50JTIyJTIwc3R5bGUlM0QlMjIlMjIlM0UlM0MlMkZpJTNFV2hhdHNhcHAlM0MlMkZhJTNFJTBBJTNDYSUyMGhyZWYlM0QlMjJtYWlsdG8lM0FyZXNlcnZhdGlvbnMlNDBwYWxhY2lvZGVhdG9jaGEuY29tJTIyJTIwY2xhc3MlM0QlMjJidG4tZXhwJTIyJTNFJTNDaSUyMGNsYXNzJTNEJTIycW9kZV9pY29uX2ZvbnRfYXdlc29tZSUyMGZhJTIwZmEtZW52ZWxvcGUlMjBxb2RlX2J1dHRvbl9pY29uX2VsZW1lbnQlMjIlMjBzdHlsZSUzRCUyMiUyMiUzRSUzQyUyRmklM0VFLW1haWwlM0MlMkZhJTNFJTBBJTNDYSUyMGhyZWYlM0QlMjJ0ZWwlM0ElMkIzNDkxMDg4Nzc4MCUyMiUyMGNsYXNzJTNEJTIyYnRuLWV4cCUyMiUzRSUzQ2klMjBjbGFzcyUzRCUyMnFvZGVfaWNvbl9mb250X2F3ZXNvbWUlMjBmYSUyMGZhLXBob25lJTIwcW9kZV9idXR0b25faWNvbl9lbGVtZW50JTIyJTIwc3R5bGUlM0QlMjIlMjIlM0UlM0MlMkZpJTNFVGVsJUMzJUE5Zm9ubyUzQyUyRmElM0UlM0MlMkZkaXYlM0U=[\/vc_raw_html][\/vc_column][\/vc_row][vc_row css_animation=\u00bb\u00bb row_type=\u00bbrow\u00bb use_row_as_full_screen_section=\u00bbno\u00bb type=\u00bbfull_width\u00bb angled_section=\u00bbno\u00bb text_align=\u00bbleft\u00bb background_image_as_pattern=\u00bbwithout_pattern\u00bb][vc_column][vc_empty_space height=\u00bb64px\u00bb][\/vc_column][\/vc_row]<\/p>\n<\/div>","protected":false},"excerpt":{"rendered":"<p>[vc_row css_animation=\u00bb\u00bb row_type=\u00bbrow\u00bb use_row_as_full_screen_section=\u00bbno\u00bb type=\u00bbfull_width\u00bb angled_section=\u00bbno\u00bb text_align=\u00bbleft\u00bb background_image_as_pattern=\u00bbwithout_pattern\u00bb css=\u00bb.vc_custom_1726840556569{padding-top: 120px !important;padding-bottom: 100px !important;background-color: #000000 !important;}\u00bb z_index=\u00bb\u00bb background_color=\u00bb#000000&#8243;][vc_column][vc_row_inner row_type=\u00bbrow\u00bb type=\u00bbgrid\u00bb text_align=\u00bbcenter\u00bb css_animation=\u00bb\u00bb][vc_column_inner css=\u00bb.vc_custom_1718296838544{background-image: url(https:\/\/coolrooms.com\/palaciodeatocha\/wp-content\/uploads\/sites\/3\/2024\/06\/Colorimetria-interior.jpg?id=16895) !important;background-position: center !important;background-repeat: no-repeat !important;background-size: cover !important;}\u00bb][vc_empty_space height=\u00bb600px\u00bb][\/vc_column_inner][\/vc_row_inner][\/vc_column][\/vc_row][vc_row css_animation=\u00bb\u00bb row_type=\u00bbrow\u00bb use_row_as_full_screen_section=\u00bbno\u00bb type=\u00bbgrid\u00bb angled_section=\u00bbno\u00bb text_align=\u00bbleft\u00bb background_image_as_pattern=\u00bbwithout_pattern\u00bb css=\u00bb.vc_custom_1574946839430{margin-top: 32px !important;padding-top: 0px !important;padding-right: 8px !important;padding-bottom:&#8230;<\/p>\n","protected":false},"author":7,"featured_media":0,"parent":4009,"menu_order":0,"comment_status":"open","ping_status":"closed","template":"full_width.php","meta":{"_acf_changed":false,"footnotes":""},"class_list":["post-5013","page","type-page","status-publish","hentry"],"yoast_head":"<!-- This site is optimized with the Yoast SEO plugin v27.4 - https:\/\/yoast.com\/product\/yoast-seo-wordpress\/ -->\n<title>#Experiencia: Personal Image Advisor | CoolRooms Atocha<\/title>\n<meta name=\"description\" content=\"Un d\u00eda de compras por Madrid visitando los mejores showrooms o Ateliers y las tiendas m\u00e1s exclusivas con asesoramiento profesional. Personal image advisor.\" \/>\n<meta name=\"robots\" content=\"index, follow, max-snippet:-1, max-image-preview:large, max-video-preview:-1\" \/>\n<link rel=\"canonical\" href=\"https:\/\/coolrooms.com\/palaciodeatocha\/experiencias\/experiencia-personal-image-advisor\/\" \/>\n<meta property=\"og:locale\" content=\"es_ES\" \/>\n<meta property=\"og:type\" content=\"article\" \/>\n<meta property=\"og:title\" content=\"#Experiencia: Personal Image Advisor | CoolRooms Atocha\" \/>\n<meta property=\"og:description\" content=\"Un d\u00eda de compras por Madrid visitando los mejores showrooms o Ateliers y las tiendas m\u00e1s exclusivas con asesoramiento profesional. Personal image advisor.\" \/>\n<meta property=\"og:url\" content=\"https:\/\/coolrooms.com\/palaciodeatocha\/experiencias\/experiencia-personal-image-advisor\/\" \/>\n<meta property=\"og:site_name\" content=\"Hotel CoolRooms Palacio de Atocha Madrid\" \/>\n<meta property=\"article:modified_time\" content=\"2024-09-20T13:56:00+00:00\" \/>\n<meta name=\"twitter:card\" content=\"summary_large_image\" \/>\n<meta name=\"twitter:label1\" content=\"Tiempo de lectura\" \/>\n\t<meta name=\"twitter:data1\" content=\"2 minutos\" \/>\n<script type=\"application\/ld+json\" class=\"yoast-schema-graph\">{\"@context\":\"https:\\\/\\\/schema.org\",\"@graph\":[{\"@type\":\"WebPage\",\"@id\":\"https:\\\/\\\/coolrooms.com\\\/palaciodeatocha\\\/experiencias\\\/experiencia-personal-image-advisor\\\/\",\"url\":\"https:\\\/\\\/coolrooms.com\\\/palaciodeatocha\\\/experiencias\\\/experiencia-personal-image-advisor\\\/\",\"name\":\"#Experiencia: Personal Image Advisor | CoolRooms Atocha\",\"isPartOf\":{\"@id\":\"https:\\\/\\\/coolrooms.com\\\/palaciodeatocha\\\/#website\"},\"datePublished\":\"2019-12-12T13:18:25+00:00\",\"dateModified\":\"2024-09-20T13:56:00+00:00\",\"description\":\"Un d\u00eda de compras por Madrid visitando los mejores showrooms o Ateliers y las tiendas m\u00e1s exclusivas con asesoramiento profesional. Personal image advisor.\",\"breadcrumb\":{\"@id\":\"https:\\\/\\\/coolrooms.com\\\/palaciodeatocha\\\/experiencias\\\/experiencia-personal-image-advisor\\\/#breadcrumb\"},\"inLanguage\":\"es\",\"potentialAction\":[{\"@type\":\"ReadAction\",\"target\":[\"https:\\\/\\\/coolrooms.com\\\/palaciodeatocha\\\/experiencias\\\/experiencia-personal-image-advisor\\\/\"]}]},{\"@type\":\"BreadcrumbList\",\"@id\":\"https:\\\/\\\/coolrooms.com\\\/palaciodeatocha\\\/experiencias\\\/experiencia-personal-image-advisor\\\/#breadcrumb\",\"itemListElement\":[{\"@type\":\"ListItem\",\"position\":1,\"name\":\"Home\",\"item\":\"https:\\\/\\\/coolrooms.com\\\/palaciodeatocha\\\/\"},{\"@type\":\"ListItem\",\"position\":2,\"name\":\"Experiencias\",\"item\":\"https:\\\/\\\/coolrooms.com\\\/palaciodeatocha\\\/experiencias\\\/\"},{\"@type\":\"ListItem\",\"position\":3,\"name\":\"#Experiencia: Personal Image Advisor\"}]},{\"@type\":\"WebSite\",\"@id\":\"https:\\\/\\\/coolrooms.com\\\/palaciodeatocha\\\/#website\",\"url\":\"https:\\\/\\\/coolrooms.com\\\/palaciodeatocha\\\/\",\"name\":\"Hotel CoolRooms Palacio de Atocha Madrid\",\"description\":\"Hotel de lujo en Atocha Madrid\",\"publisher\":{\"@id\":\"https:\\\/\\\/coolrooms.com\\\/palaciodeatocha\\\/#organization\"},\"potentialAction\":[{\"@type\":\"SearchAction\",\"target\":{\"@type\":\"EntryPoint\",\"urlTemplate\":\"https:\\\/\\\/coolrooms.com\\\/palaciodeatocha\\\/?s={search_term_string}\"},\"query-input\":{\"@type\":\"PropertyValueSpecification\",\"valueRequired\":true,\"valueName\":\"search_term_string\"}}],\"inLanguage\":\"es\"},{\"@type\":\"Organization\",\"@id\":\"https:\\\/\\\/coolrooms.com\\\/palaciodeatocha\\\/#organization\",\"name\":\"CoolRooms Palacio de Atocha\",\"url\":\"https:\\\/\\\/coolrooms.com\\\/palaciodeatocha\\\/\",\"logo\":{\"@type\":\"ImageObject\",\"inLanguage\":\"es\",\"@id\":\"https:\\\/\\\/coolrooms.com\\\/palaciodeatocha\\\/#\\\/schema\\\/logo\\\/image\\\/\",\"url\":\"https:\\\/\\\/coolrooms.com\\\/palaciodeatocha\\\/wp-content\\\/uploads\\\/sites\\\/3\\\/2018\\\/06\\\/coolrooms-logotipo-1.png\",\"contentUrl\":\"https:\\\/\\\/coolrooms.com\\\/palaciodeatocha\\\/wp-content\\\/uploads\\\/sites\\\/3\\\/2018\\\/06\\\/coolrooms-logotipo-1.png\",\"width\":591,\"height\":382,\"caption\":\"CoolRooms Palacio de Atocha\"},\"image\":{\"@id\":\"https:\\\/\\\/coolrooms.com\\\/palaciodeatocha\\\/#\\\/schema\\\/logo\\\/image\\\/\"}}]}<\/script>\n<!-- \/ Yoast SEO plugin. -->","yoast_head_json":{"title":"#Experiencia: Personal Image Advisor | CoolRooms Atocha","description":"Un d\u00eda de compras por Madrid visitando los mejores showrooms o Ateliers y las tiendas m\u00e1s exclusivas con asesoramiento profesional. Personal image advisor.","robots":{"index":"index","follow":"follow","max-snippet":"max-snippet:-1","max-image-preview":"max-image-preview:large","max-video-preview":"max-video-preview:-1"},"canonical":"https:\/\/coolrooms.com\/palaciodeatocha\/experiencias\/experiencia-personal-image-advisor\/","og_locale":"es_ES","og_type":"article","og_title":"#Experiencia: Personal Image Advisor | CoolRooms Atocha","og_description":"Un d\u00eda de compras por Madrid visitando los mejores showrooms o Ateliers y las tiendas m\u00e1s exclusivas con asesoramiento profesional. Personal image advisor.","og_url":"https:\/\/coolrooms.com\/palaciodeatocha\/experiencias\/experiencia-personal-image-advisor\/","og_site_name":"Hotel CoolRooms Palacio de Atocha Madrid","article_modified_time":"2024-09-20T13:56:00+00:00","twitter_card":"summary_large_image","twitter_misc":{"Tiempo de lectura":"2 minutos"},"schema":{"@context":"https:\/\/schema.org","@graph":[{"@type":"WebPage","@id":"https:\/\/coolrooms.com\/palaciodeatocha\/experiencias\/experiencia-personal-image-advisor\/","url":"https:\/\/coolrooms.com\/palaciodeatocha\/experiencias\/experiencia-personal-image-advisor\/","name":"#Experiencia: Personal Image Advisor | CoolRooms Atocha","isPartOf":{"@id":"https:\/\/coolrooms.com\/palaciodeatocha\/#website"},"datePublished":"2019-12-12T13:18:25+00:00","dateModified":"2024-09-20T13:56:00+00:00","description":"Un d\u00eda de compras por Madrid visitando los mejores showrooms o Ateliers y las tiendas m\u00e1s exclusivas con asesoramiento profesional. Personal image advisor.","breadcrumb":{"@id":"https:\/\/coolrooms.com\/palaciodeatocha\/experiencias\/experiencia-personal-image-advisor\/#breadcrumb"},"inLanguage":"es","potentialAction":[{"@type":"ReadAction","target":["https:\/\/coolrooms.com\/palaciodeatocha\/experiencias\/experiencia-personal-image-advisor\/"]}]},{"@type":"BreadcrumbList","@id":"https:\/\/coolrooms.com\/palaciodeatocha\/experiencias\/experiencia-personal-image-advisor\/#breadcrumb","itemListElement":[{"@type":"ListItem","position":1,"name":"Home","item":"https:\/\/coolrooms.com\/palaciodeatocha\/"},{"@type":"ListItem","position":2,"name":"Experiencias","item":"https:\/\/coolrooms.com\/palaciodeatocha\/experiencias\/"},{"@type":"ListItem","position":3,"name":"#Experiencia: Personal Image Advisor"}]},{"@type":"WebSite","@id":"https:\/\/coolrooms.com\/palaciodeatocha\/#website","url":"https:\/\/coolrooms.com\/palaciodeatocha\/","name":"Hotel CoolRooms Palacio de Atocha Madrid","description":"Hotel de lujo en Atocha Madrid","publisher":{"@id":"https:\/\/coolrooms.com\/palaciodeatocha\/#organization"},"potentialAction":[{"@type":"SearchAction","target":{"@type":"EntryPoint","urlTemplate":"https:\/\/coolrooms.com\/palaciodeatocha\/?s={search_term_string}"},"query-input":{"@type":"PropertyValueSpecification","valueRequired":true,"valueName":"search_term_string"}}],"inLanguage":"es"},{"@type":"Organization","@id":"https:\/\/coolrooms.com\/palaciodeatocha\/#organization","name":"CoolRooms Palacio de Atocha","url":"https:\/\/coolrooms.com\/palaciodeatocha\/","logo":{"@type":"ImageObject","inLanguage":"es","@id":"https:\/\/coolrooms.com\/palaciodeatocha\/#\/schema\/logo\/image\/","url":"https:\/\/coolrooms.com\/palaciodeatocha\/wp-content\/uploads\/sites\/3\/2018\/06\/coolrooms-logotipo-1.png","contentUrl":"https:\/\/coolrooms.com\/palaciodeatocha\/wp-content\/uploads\/sites\/3\/2018\/06\/coolrooms-logotipo-1.png","width":591,"height":382,"caption":"CoolRooms Palacio de Atocha"},"image":{"@id":"https:\/\/coolrooms.com\/palaciodeatocha\/#\/schema\/logo\/image\/"}}]}},"acf":[],"_links":{"self":[{"href":"https:\/\/coolrooms.com\/palaciodeatocha\/wp-json\/wp\/v2\/pages\/5013","targetHints":{"allow":["GET"]}}],"collection":[{"href":"https:\/\/coolrooms.com\/palaciodeatocha\/wp-json\/wp\/v2\/pages"}],"about":[{"href":"https:\/\/coolrooms.com\/palaciodeatocha\/wp-json\/wp\/v2\/types\/page"}],"author":[{"embeddable":true,"href":"https:\/\/coolrooms.com\/palaciodeatocha\/wp-json\/wp\/v2\/users\/7"}],"replies":[{"embeddable":true,"href":"https:\/\/coolrooms.com\/palaciodeatocha\/wp-json\/wp\/v2\/comments?post=5013"}],"version-history":[{"count":1,"href":"https:\/\/coolrooms.com\/palaciodeatocha\/wp-json\/wp\/v2\/pages\/5013\/revisions"}],"predecessor-version":[{"id":17175,"href":"https:\/\/coolrooms.com\/palaciodeatocha\/wp-json\/wp\/v2\/pages\/5013\/revisions\/17175"}],"up":[{"embeddable":true,"href":"https:\/\/coolrooms.com\/palaciodeatocha\/wp-json\/wp\/v2\/pages\/4009"}],"wp:attachment":[{"href":"https:\/\/coolrooms.com\/palaciodeatocha\/wp-json\/wp\/v2\/media?parent=5013"}],"curies":[{"name":"wp","href":"https:\/\/api.w.org\/{rel}","templated":true}]}}