{"id":4763,"date":"2019-11-25T13:26:43","date_gmt":"2019-11-25T13:26:43","guid":{"rendered":"https:\/\/coolrooms.com\/palaciodeatocha\/?page_id=4763"},"modified":"2024-09-25T06:06:51","modified_gmt":"2024-09-25T06:06:51","slug":"experiencia-madrid-cool-fotografo","status":"publish","type":"page","link":"https:\/\/coolrooms.com\/palaciodeatocha\/experiencias\/experiencia-madrid-cool-fotografo\/","title":{"rendered":"#Experiencia: Madrid Cool Photografer"},"content":{"rendered":"<div class=\"wpb-content-wrapper\"><p>[vc_row css_animation=\u00bb\u00bb row_type=\u00bbrow\u00bb use_row_as_full_screen_section=\u00bbno\u00bb type=\u00bbfull_width\u00bb angled_section=\u00bbno\u00bb text_align=\u00bbleft\u00bb background_image_as_pattern=\u00bbwithout_pattern\u00bb css=\u00bb.vc_custom_1727244407708{padding-top: 120px !important;padding-bottom: 100px !important;background-color: #000000 !important;}\u00bb z_index=\u00bb\u00bb background_color=\u00bb#000000&#8243;][vc_column][vc_row_inner row_type=\u00bbrow\u00bb type=\u00bbgrid\u00bb text_align=\u00bbleft\u00bb css_animation=\u00bb\u00bb][vc_column_inner]<div class=\"qode-advanced-image-gallery  qode-aig-masonry-type qode-tiny-space  qode-image-behavior-lightbox \">\n\t<div class=\"qode-aig-inner qode-outer-space qode-aig-masonry qode-aig-two-columns\">\n\t\t<div class=\"qode-aig-grid-sizer\"><\/div>\n\t\t<div class=\"qode-aig-grid-gutter\"><\/div>\n\t\t\t\t\t\t\t\t<div class=\"qode-aig-image qode-item-space qode-aig-default-masonry-item\">\n\t\t\t\t<div class=\"qode-aig-image-inner\">\n\t\t\t\t\t\t\t\t\t\t\t<a itemprop=\"image\" class=\"qode-aig-lightbox\" href=\"https:\/\/coolrooms.com\/palaciodeatocha\/wp-content\/uploads\/sites\/3\/2024\/09\/coolrooms-atocha-cool-fotografo.jpg\" data-rel=\"prettyPhoto[image_gallery_pretty_photo-467]\" title=\"coolrooms-atocha-cool-fotografo\">\n\t\t\t\t\t\t\t\t\t\t\t<img loading=\"lazy\" decoding=\"async\" width=\"1500\" height=\"1000\" src=\"https:\/\/coolrooms.com\/palaciodeatocha\/wp-content\/uploads\/sites\/3\/2024\/09\/coolrooms-atocha-cool-fotografo.jpg\" class=\"attachment-full size-full\" alt=\"\" srcset=\"https:\/\/coolrooms.com\/palaciodeatocha\/wp-content\/uploads\/sites\/3\/2024\/09\/coolrooms-atocha-cool-fotografo.jpg 1500w, https:\/\/coolrooms.com\/palaciodeatocha\/wp-content\/uploads\/sites\/3\/2024\/09\/coolrooms-atocha-cool-fotografo-300x200.jpg 300w, https:\/\/coolrooms.com\/palaciodeatocha\/wp-content\/uploads\/sites\/3\/2024\/09\/coolrooms-atocha-cool-fotografo-1024x683.jpg 1024w, https:\/\/coolrooms.com\/palaciodeatocha\/wp-content\/uploads\/sites\/3\/2024\/09\/coolrooms-atocha-cool-fotografo-768x512.jpg 768w, https:\/\/coolrooms.com\/palaciodeatocha\/wp-content\/uploads\/sites\/3\/2024\/09\/coolrooms-atocha-cool-fotografo-700x467.jpg 700w, https:\/\/coolrooms.com\/palaciodeatocha\/wp-content\/uploads\/sites\/3\/2024\/09\/coolrooms-atocha-cool-fotografo-600x400.jpg 600w\" sizes=\"auto, (max-width: 1500px) 100vw, 1500px\" \/>\t\t\t\t\t\t<span class=\"aig-gallery-hover\">\n\t\t\t\t\t\t\t\t\t\t\t\t\t<\/span>\n\t\t\t\t\t\t\t\t\t\t\t<\/a>\n\t\t\t\t\t\t\t\t\t<\/div>\n\t\t\t<\/div>\n\t\t\t\t\t\t\t\t<div class=\"qode-aig-image qode-item-space qode-aig-default-masonry-item\">\n\t\t\t\t<div class=\"qode-aig-image-inner\">\n\t\t\t\t\t\t\t\t\t\t\t<a itemprop=\"image\" class=\"qode-aig-lightbox\" href=\"https:\/\/coolrooms.com\/palaciodeatocha\/wp-content\/uploads\/sites\/3\/2024\/09\/coolrooms-atocha-cool-fotografo-2-e1727244312788.jpg\" data-rel=\"prettyPhoto[image_gallery_pretty_photo-467]\" title=\"coolrooms-atocha-cool-fotografo-2\">\n\t\t\t\t\t\t\t\t\t\t\t<img loading=\"lazy\" decoding=\"async\" width=\"1000\" height=\"1340\" src=\"https:\/\/coolrooms.com\/palaciodeatocha\/wp-content\/uploads\/sites\/3\/2024\/09\/coolrooms-atocha-cool-fotografo-2-e1727244312788.jpg\" class=\"attachment-full size-full\" alt=\"\" srcset=\"https:\/\/coolrooms.com\/palaciodeatocha\/wp-content\/uploads\/sites\/3\/2024\/09\/coolrooms-atocha-cool-fotografo-2-e1727244312788.jpg 1000w, https:\/\/coolrooms.com\/palaciodeatocha\/wp-content\/uploads\/sites\/3\/2024\/09\/coolrooms-atocha-cool-fotografo-2-e1727244312788-224x300.jpg 224w, https:\/\/coolrooms.com\/palaciodeatocha\/wp-content\/uploads\/sites\/3\/2024\/09\/coolrooms-atocha-cool-fotografo-2-e1727244312788-764x1024.jpg 764w, https:\/\/coolrooms.com\/palaciodeatocha\/wp-content\/uploads\/sites\/3\/2024\/09\/coolrooms-atocha-cool-fotografo-2-e1727244312788-768x1029.jpg 768w, https:\/\/coolrooms.com\/palaciodeatocha\/wp-content\/uploads\/sites\/3\/2024\/09\/coolrooms-atocha-cool-fotografo-2-e1727244312788-700x938.jpg 700w, https:\/\/coolrooms.com\/palaciodeatocha\/wp-content\/uploads\/sites\/3\/2024\/09\/coolrooms-atocha-cool-fotografo-2-e1727244312788-600x804.jpg 600w\" sizes=\"auto, (max-width: 1000px) 100vw, 1000px\" \/>\t\t\t\t\t\t<span class=\"aig-gallery-hover\">\n\t\t\t\t\t\t\t\t\t\t\t\t\t<\/span>\n\t\t\t\t\t\t\t\t\t\t\t<\/a>\n\t\t\t\t\t\t\t\t\t<\/div>\n\t\t\t<\/div>\n\t\t\t\t\t\t\t\t<div class=\"qode-aig-image qode-item-space qode-aig-default-masonry-item\">\n\t\t\t\t<div class=\"qode-aig-image-inner\">\n\t\t\t\t\t\t\t\t\t\t\t<a itemprop=\"image\" class=\"qode-aig-lightbox\" href=\"https:\/\/coolrooms.com\/palaciodeatocha\/wp-content\/uploads\/sites\/3\/2024\/09\/coolrooms-atocha-cool-fotografo-1.jpg\" data-rel=\"prettyPhoto[image_gallery_pretty_photo-467]\" title=\"coolrooms-atocha-cool-fotografo-1\">\n\t\t\t\t\t\t\t\t\t\t\t<img loading=\"lazy\" decoding=\"async\" width=\"1500\" height=\"1000\" src=\"https:\/\/coolrooms.com\/palaciodeatocha\/wp-content\/uploads\/sites\/3\/2024\/09\/coolrooms-atocha-cool-fotografo-1.jpg\" class=\"attachment-full size-full\" alt=\"\" srcset=\"https:\/\/coolrooms.com\/palaciodeatocha\/wp-content\/uploads\/sites\/3\/2024\/09\/coolrooms-atocha-cool-fotografo-1.jpg 1500w, https:\/\/coolrooms.com\/palaciodeatocha\/wp-content\/uploads\/sites\/3\/2024\/09\/coolrooms-atocha-cool-fotografo-1-300x200.jpg 300w, https:\/\/coolrooms.com\/palaciodeatocha\/wp-content\/uploads\/sites\/3\/2024\/09\/coolrooms-atocha-cool-fotografo-1-1024x683.jpg 1024w, https:\/\/coolrooms.com\/palaciodeatocha\/wp-content\/uploads\/sites\/3\/2024\/09\/coolrooms-atocha-cool-fotografo-1-768x512.jpg 768w, https:\/\/coolrooms.com\/palaciodeatocha\/wp-content\/uploads\/sites\/3\/2024\/09\/coolrooms-atocha-cool-fotografo-1-700x467.jpg 700w, https:\/\/coolrooms.com\/palaciodeatocha\/wp-content\/uploads\/sites\/3\/2024\/09\/coolrooms-atocha-cool-fotografo-1-600x400.jpg 600w\" sizes=\"auto, (max-width: 1500px) 100vw, 1500px\" \/>\t\t\t\t\t\t<span class=\"aig-gallery-hover\">\n\t\t\t\t\t\t\t\t\t\t\t\t\t<\/span>\n\t\t\t\t\t\t\t\t\t\t\t<\/a>\n\t\t\t\t\t\t\t\t\t<\/div>\n\t\t\t<\/div>\n\t\t\t<\/div>\n<\/div>[\/vc_column_inner][\/vc_row_inner][\/vc_column][\/vc_row][vc_row css_animation=\u00bb\u00bb row_type=\u00bbrow\u00bb use_row_as_full_screen_section=\u00bbno\u00bb type=\u00bbgrid\u00bb angled_section=\u00bbno\u00bb text_align=\u00bbleft\u00bb background_image_as_pattern=\u00bbwithout_pattern\u00bb css=\u00bb.vc_custom_1574946839430{margin-top: 32px !important;padding-top: 0px !important;padding-right: 8px !important;padding-bottom: 20px !important;padding-left: 8px !important;}\u00bb z_index=\u00bb\u00bb padding_top=\u00bb100px\u00bb][vc_column][qode_elements_holder number_of_columns=\u00bbtwo_columns\u00bb columns_proportion=\u00bb75_25&#8243; switch_to_one_column=\u00bbnever\u00bb][qode_elements_holder_item advanced_animations=\u00bbno\u00bb][vc_column_text]<\/p>\n<h1 style=\"color: #000;\">Madrid Cool Fot\u00f3grafo<\/h1>\n<p>[\/vc_column_text][vc_column_text css=\u00bb.vc_custom_1727082537201{margin-top: 8px !important;}\u00bb]<\/p>\n<h4 style=\"color: #000;\">Desde 330\u20ac<\/h4>\n<p>[\/vc_column_text][vc_raw_html css=\u00bb.vc_custom_1727082845003{margin-top: 32px !important;margin-bottom: 32px !important;}\u00bb]JTNDZGl2JTIwc3R5bGUlM0QlMjJkaXNwbGF5JTNBJTIwZmxleCUzQiUyMGZsZXgtZmxvdyUzQSUyMHJvdyUyMHdyYXAlM0IlMjBqdXN0aWZ5LWNvbnRlbnQlM0ElMjBmbGV4LXN0YXJ0JTNCJTIyJTNFJTBBJTNDZGl2JTNFJTNDaW1nJTIwc3JjJTNEJTIyaHR0cHMlM0ElMkYlMkZjb29scm9vbXMuY29tJTJGYXRvY2hhJTJGd3AtY29udGVudCUyRnVwbG9hZHMlMkZzaXRlcyUyRjMlMkYyMDE5JTJGMTElMkZhdmF0YXIucG5nJTIyJTIwYWx0JTNEJTIyTiVDMyVCQW1lcm8lMjBkZSUyMHBlcnNvbmFzJTIyJTIwc3R5bGUlM0QlMjJ3aWR0aCUzQTMycHglM0IlMjIlMkYlM0UlM0MlMkZkaXYlM0UlMEElM0NkaXYlMjBzdHlsZSUzRCUyMm1hcmdpbi1sZWZ0JTNBMTZweCUzQiUyMHdpZHRoJTNBJTIwY2FsYyUyODEwMCUyNSUyMC0lMjA1MHB4JTI5JTNCJTIyJTNFJTNDcCUzRURlJTIwMSUyMGElMjA0JTIwcGVyc29uYXMlMjAlMjhhbXBsaWFibGUlMjkuJTNDJTJGcCUzRSUzQyUyRmRpdiUzRSUwQSUzQyUyRmRpdiUzRSUwQSUzQ2RpdiUyMHN0eWxlJTNEJTIyZGlzcGxheSUzQSUyMGZsZXglM0IlMjBmbGV4LWZsb3clM0ElMjByb3clMjB3cmFwJTNCJTIwanVzdGlmeS1jb250ZW50JTNBJTIwZmxleC1zdGFydCUzQiUyMG1hcmdpbi10b3AlM0ExNnB4JTNCJTIyJTNFJTBBJTNDZGl2JTNFJTNDaW1nJTIwc3JjJTNEJTIyaHR0cHMlM0ElMkYlMkZjb29scm9vbXMuY29tJTJGYXRvY2hhJTJGd3AtY29udGVudCUyRnVwbG9hZHMlMkZzaXRlcyUyRjMlMkYyMDE5JTJGMTElMkZ0aWNrZXRzLnBuZyUyMiUyMGFsdCUzRCUyMlF1JUMzJUE5JTIwaW5jbHV5ZSUyMiUyMHN0eWxlJTNEJTIyd2lkdGglM0EzMnB4JTNCJTIyJTJGJTNFJTNDJTJGZGl2JTNFJTBBJTNDZGl2JTIwc3R5bGUlM0QlMjJtYXJnaW4tbGVmdCUzQTE2cHglM0IlMjB3aWR0aCUzQSUyMGNhbGMlMjgxMDAlMjUlMjAtJTIwNTBweCUyOSUzQiUyMiUzRSUzQ3AlM0VJbmNsdXllJTIwdW4lMjByZXBvcnRhamUlMjBmb3RvZ3IlQzMlQTFmaWNvJTIwZGUlMjAxJTJDNSUyMGElMjAyJTIwaG9yYXMlMjByZWFsaXphZG8lMjBwb3IlMjB1biUyMGZvdCVDMyVCM2dyYWZvJTIwcHJvZmVzaW9uYWwuJTNDJTJGcCUzRSUzQyUyRmRpdiUzRSUwQSUzQyUyRmRpdiUzRQ==[\/vc_raw_html][\/qode_elements_holder_item][qode_elements_holder_item advanced_animations=\u00bbno\u00bb][\/qode_elements_holder_item][\/qode_elements_holder][\/vc_column][\/vc_row][vc_row css_animation=\u00bb\u00bb row_type=\u00bbrow\u00bb use_row_as_full_screen_section=\u00bbno\u00bb type=\u00bbgrid\u00bb angled_section=\u00bbno\u00bb text_align=\u00bbleft\u00bb background_image_as_pattern=\u00bbwithout_pattern\u00bb z_index=\u00bb\u00bb css=\u00bb.vc_custom_1574687181791{padding-top: 20px !important;padding-right: 8px !important;padding-bottom: 20px !important;padding-left: 8px !important;}\u00bb el_class=\u00bbinfo-exp\u00bb][vc_column][vc_column_text]<\/p>\n<h3>\u00bfQu\u00e9 har\u00e1s?<\/h3>\n<p>[\/vc_column_text][vc_column_text css=\u00bb\u00bb]Paseo de 1,5 a 2 horas por el Barrio de los Austrias acompa\u00f1ado de un fot\u00f3grafo profesional que inmortalizar\u00e1 los mejores momentos.<\/p>\n<p>Se utilizar\u00e1 luz natural en la medida de lo posible.<\/p>\n<ul>\n<li>El fot\u00f3grafo recoge a los clientes en el hotel y termina el servicio en la zona de los Jardines de Sabatini.<\/li>\n<li>El recorrido dura entre 1,5 y 2 horas y es a pie, por lo que se realiza solo en el Barrio de los Austrias<\/li>\n<li>Es necesario avisar de antemano si los clientes tienen alg\u00fan problema de movilidad o si llevan carrito de beb\u00e9 para modificar el itinerario acorde<\/li>\n<li>Se recomienda evitar las horas del mediod\u00eda por la incidencia del sol<\/li>\n<li>La entrega de las fotograf\u00edas se hace mediante un enlace de wetransfer en alta calidad unos d\u00edas despu\u00e9s de la experiencia<\/li>\n<li>Tambi\u00e9n incluye fotos en las zonas comunes del hotel si el cliente lo desea<\/li>\n<\/ul>\n<p>&nbsp;<\/p>\n<p><strong>Mejores horas<\/strong>: A primera hora de la ma\u00f1ana (9:00 a 11:00) o al atardecer (los horarios var\u00edan en verano\/invierno).<\/p>\n<p><strong>Recomendaciones<\/strong>: No olvides hacerte una foto en la entrada de Coolrooms Atocha.[\/vc_column_text][\/vc_column][\/vc_row][vc_row css_animation=\u00bb\u00bb row_type=\u00bbrow\u00bb use_row_as_full_screen_section=\u00bbno\u00bb type=\u00bbgrid\u00bb angled_section=\u00bbno\u00bb text_align=\u00bbleft\u00bb background_image_as_pattern=\u00bbwithout_pattern\u00bb z_index=\u00bb\u00bb css=\u00bb.vc_custom_1574687188190{padding-top: 20px !important;padding-right: 8px !important;padding-bottom: 20px !important;padding-left: 8px !important;}\u00bb el_class=\u00bbinfo-exp\u00bb][vc_column][vc_column_text]<\/p>\n<h3>Tarifas<\/h3>\n<p>[\/vc_column_text][vc_column_text css=\u00bb\u00bb]330\u20ac reportaje fotogr\u00e1fico de 1,5 a 2 horas (de 1 a 4 personas).<\/p>\n<p><strong>Precios con IVA incluido.<\/strong>[\/vc_column_text][\/vc_column][\/vc_row][vc_row css_animation=\u00bb\u00bb row_type=\u00bbrow\u00bb use_row_as_full_screen_section=\u00bbno\u00bb type=\u00bbgrid\u00bb angled_section=\u00bbno\u00bb text_align=\u00bbleft\u00bb background_image_as_pattern=\u00bbwithout_pattern\u00bb z_index=\u00bb\u00bb css=\u00bb.vc_custom_1574687188190{padding-top: 20px !important;padding-right: 8px !important;padding-bottom: 20px !important;padding-left: 8px !important;}\u00bb el_class=\u00bbinfo-exp\u00bb][vc_column][vc_column_text]<\/p>\n<h3>Extras<\/h3>\n<p>[\/vc_column_text][vc_column_text css=\u00bb\u00bb]Para cualquier servicio personalizado que se salga de estas pautas, se puede pedir disponibilidad y presupuesto directamente al fot\u00f3grafo. Por ejemplo, clientes que quieran una sesi\u00f3n en otra zona de Madrid o clientes que quieran una duraci\u00f3n superior.[\/vc_column_text][\/vc_column][\/vc_row][vc_row css_animation=\u00bb\u00bb row_type=\u00bbrow\u00bb use_row_as_full_screen_section=\u00bbno\u00bb type=\u00bbgrid\u00bb angled_section=\u00bbno\u00bb text_align=\u00bbleft\u00bb background_image_as_pattern=\u00bbwithout_pattern\u00bb z_index=\u00bb\u00bb css=\u00bb.vc_custom_1574687196110{padding-top: 20px !important;padding-right: 8px !important;padding-bottom: 20px !important;padding-left: 8px !important;}\u00bb el_class=\u00bbinfo-exp\u00bb][vc_column][vc_column_text]<\/p>\n<h3>Disponibilidad<\/h3>\n<p>[\/vc_column_text][vc_column_text]Reservar con 24 horas de antelaci\u00f3n.[\/vc_column_text][\/vc_column][\/vc_row][vc_row css_animation=\u00bb\u00bb row_type=\u00bbrow\u00bb use_row_as_full_screen_section=\u00bbno\u00bb type=\u00bbgrid\u00bb angled_section=\u00bbno\u00bb text_align=\u00bbleft\u00bb background_image_as_pattern=\u00bbwithout_pattern\u00bb z_index=\u00bb\u00bb css=\u00bb.vc_custom_1574687196110{padding-top: 20px !important;padding-right: 8px !important;padding-bottom: 20px !important;padding-left: 8px !important;}\u00bb el_class=\u00bbinfo-exp\u00bb][vc_column][vc_column_text]<\/p>\n<h3>Condiciones<\/h3>\n<p>[\/vc_column_text][vc_column_text]Indicaremos al profesional tus datos de contacto para que pueda ponerse en contacto contigo.<br \/>\nInd\u00edcanos el tipo de fotograf\u00eda y los lugares que prefieres inmortalizar.[\/vc_column_text][\/vc_column][\/vc_row][vc_row css_animation=\u00bb\u00bb row_type=\u00bbrow\u00bb use_row_as_full_screen_section=\u00bbno\u00bb type=\u00bbgrid\u00bb angled_section=\u00bbno\u00bb text_align=\u00bbleft\u00bb background_image_as_pattern=\u00bbwithout_pattern\u00bb z_index=\u00bb\u00bb css=\u00bb.vc_custom_1574686895295{padding-top: 20px !important;padding-right: 8px !important;padding-bottom: 20px !important;padding-left: 8px !important;}\u00bb][vc_column][vc_raw_html]JTNDZGl2JTIwY2xhc3MlM0QlMjJidG4tZXhwLXBhZHJlJTIyJTNFJTNDYSUyMGhyZWYlM0QlMjJodHRwcyUzQSUyRiUyRmFwaS53aGF0c2FwcC5jb20lMkZzZW5kJTNGcGhvbmUlM0QzNDY1MDg2ODI2OSUyMiUyMGNsYXNzJTNEJTIyYnRuLWV4cCUyMiUzRSUzQ2klMjBjbGFzcyUzRCUyMnFvZGVfaWNvbl9mb250X2F3ZXNvbWUlMjBmYSUyMGZhLXdoYXRzYXBwJTIwcW9kZV9idXR0b25faWNvbl9lbGVtZW50JTIyJTIwc3R5bGUlM0QlMjIlMjIlM0UlM0MlMkZpJTNFV2hhdHNhcHAlM0MlMkZhJTNFJTBBJTNDYSUyMGhyZWYlM0QlMjJtYWlsdG8lM0FyZXNlcnZhdGlvbnMlNDBwYWxhY2lvZGVhdG9jaGEuY29tJTIyJTIwY2xhc3MlM0QlMjJidG4tZXhwJTIyJTNFJTNDaSUyMGNsYXNzJTNEJTIycW9kZV9pY29uX2ZvbnRfYXdlc29tZSUyMGZhJTIwZmEtZW52ZWxvcGUlMjBxb2RlX2J1dHRvbl9pY29uX2VsZW1lbnQlMjIlMjBzdHlsZSUzRCUyMiUyMiUzRSUzQyUyRmklM0VFLW1haWwlM0MlMkZhJTNFJTBBJTNDYSUyMGhyZWYlM0QlMjJ0ZWwlM0ElMkIzNDkxMDg4Nzc4MCUyMiUyMGNsYXNzJTNEJTIyYnRuLWV4cCUyMiUzRSUzQ2klMjBjbGFzcyUzRCUyMnFvZGVfaWNvbl9mb250X2F3ZXNvbWUlMjBmYSUyMGZhLXBob25lJTIwcW9kZV9idXR0b25faWNvbl9lbGVtZW50JTIyJTIwc3R5bGUlM0QlMjIlMjIlM0UlM0MlMkZpJTNFVGVsJUMzJUE5Zm9ubyUzQyUyRmElM0UlM0MlMkZkaXYlM0U=[\/vc_raw_html][\/vc_column][\/vc_row][vc_row css_animation=\u00bb\u00bb row_type=\u00bbrow\u00bb use_row_as_full_screen_section=\u00bbno\u00bb type=\u00bbfull_width\u00bb angled_section=\u00bbno\u00bb text_align=\u00bbleft\u00bb background_image_as_pattern=\u00bbwithout_pattern\u00bb][vc_column][vc_empty_space height=\u00bb64px\u00bb][\/vc_column][\/vc_row]<\/p>\n<\/div>","protected":false},"excerpt":{"rendered":"<p>[vc_row css_animation=\u00bb\u00bb row_type=\u00bbrow\u00bb use_row_as_full_screen_section=\u00bbno\u00bb type=\u00bbfull_width\u00bb angled_section=\u00bbno\u00bb text_align=\u00bbleft\u00bb background_image_as_pattern=\u00bbwithout_pattern\u00bb css=\u00bb.vc_custom_1727244407708{padding-top: 120px !important;padding-bottom: 100px !important;background-color: #000000 !important;}\u00bb z_index=\u00bb\u00bb background_color=\u00bb#000000&#8243;][vc_column][vc_row_inner row_type=\u00bbrow\u00bb type=\u00bbgrid\u00bb text_align=\u00bbleft\u00bb css_animation=\u00bb\u00bb][vc_column_inner][\/vc_column_inner][\/vc_row_inner][\/vc_column][\/vc_row][vc_row css_animation=\u00bb\u00bb row_type=\u00bbrow\u00bb use_row_as_full_screen_section=\u00bbno\u00bb type=\u00bbgrid\u00bb angled_section=\u00bbno\u00bb text_align=\u00bbleft\u00bb background_image_as_pattern=\u00bbwithout_pattern\u00bb css=\u00bb.vc_custom_1574946839430{margin-top: 32px !important;padding-top: 0px !important;padding-right: 8px !important;padding-bottom: 20px !important;padding-left: 8px !important;}\u00bb z_index=\u00bb\u00bb padding_top=\u00bb100px\u00bb][vc_column][qode_elements_holder number_of_columns=\u00bbtwo_columns\u00bb columns_proportion=\u00bb75_25&#8243; switch_to_one_column=\u00bbnever\u00bb][qode_elements_holder_item advanced_animations=\u00bbno\u00bb][vc_column_text]&#8230;<\/p>\n","protected":false},"author":7,"featured_media":0,"parent":4009,"menu_order":0,"comment_status":"open","ping_status":"closed","template":"full_width.php","meta":{"_acf_changed":false,"footnotes":""},"class_list":["post-4763","page","type-page","status-publish","hentry"],"yoast_head":"<!-- This site is optimized with the Yoast SEO plugin v27.4 - https:\/\/yoast.com\/product\/yoast-seo-wordpress\/ -->\n<title>#Experiencia: Madrid Cool Fot\u00f3grafo | CoolRooms Atocha<\/title>\n<meta name=\"description\" content=\"Paseo de 2 horas por el Barrio de los Austrias (Madrid) acompa\u00f1ado de un fot\u00f3grafo profesional que inmortalizar\u00e1 los mejores momentos. Madrid Cool Photografer.\" \/>\n<meta name=\"robots\" content=\"index, follow, max-snippet:-1, max-image-preview:large, max-video-preview:-1\" \/>\n<link rel=\"canonical\" href=\"https:\/\/coolrooms.com\/palaciodeatocha\/experiencias\/experiencia-madrid-cool-fotografo\/\" \/>\n<meta property=\"og:locale\" content=\"es_ES\" \/>\n<meta property=\"og:type\" content=\"article\" \/>\n<meta property=\"og:title\" content=\"#Experiencia: Madrid Cool Fot\u00f3grafo | CoolRooms Atocha\" \/>\n<meta property=\"og:description\" content=\"Paseo de 2 horas por el Barrio de los Austrias (Madrid) acompa\u00f1ado de un fot\u00f3grafo profesional que inmortalizar\u00e1 los mejores momentos. Madrid Cool Photografer.\" \/>\n<meta property=\"og:url\" content=\"https:\/\/coolrooms.com\/palaciodeatocha\/experiencias\/experiencia-madrid-cool-fotografo\/\" \/>\n<meta property=\"og:site_name\" content=\"Hotel CoolRooms Palacio de Atocha Madrid\" \/>\n<meta property=\"article:modified_time\" content=\"2024-09-25T06:06:51+00:00\" \/>\n<meta name=\"twitter:card\" content=\"summary_large_image\" \/>\n<meta name=\"twitter:label1\" content=\"Tiempo de lectura\" \/>\n\t<meta name=\"twitter:data1\" content=\"3 minutos\" \/>\n<script type=\"application\/ld+json\" class=\"yoast-schema-graph\">{\"@context\":\"https:\\\/\\\/schema.org\",\"@graph\":[{\"@type\":\"WebPage\",\"@id\":\"https:\\\/\\\/coolrooms.com\\\/palaciodeatocha\\\/experiencias\\\/experiencia-madrid-cool-fotografo\\\/\",\"url\":\"https:\\\/\\\/coolrooms.com\\\/palaciodeatocha\\\/experiencias\\\/experiencia-madrid-cool-fotografo\\\/\",\"name\":\"#Experiencia: Madrid Cool Fot\u00f3grafo | CoolRooms Atocha\",\"isPartOf\":{\"@id\":\"https:\\\/\\\/coolrooms.com\\\/palaciodeatocha\\\/#website\"},\"datePublished\":\"2019-11-25T13:26:43+00:00\",\"dateModified\":\"2024-09-25T06:06:51+00:00\",\"description\":\"Paseo de 2 horas por el Barrio de los Austrias (Madrid) acompa\u00f1ado de un fot\u00f3grafo profesional que inmortalizar\u00e1 los mejores momentos. Madrid Cool Photografer.\",\"breadcrumb\":{\"@id\":\"https:\\\/\\\/coolrooms.com\\\/palaciodeatocha\\\/experiencias\\\/experiencia-madrid-cool-fotografo\\\/#breadcrumb\"},\"inLanguage\":\"es\",\"potentialAction\":[{\"@type\":\"ReadAction\",\"target\":[\"https:\\\/\\\/coolrooms.com\\\/palaciodeatocha\\\/experiencias\\\/experiencia-madrid-cool-fotografo\\\/\"]}]},{\"@type\":\"BreadcrumbList\",\"@id\":\"https:\\\/\\\/coolrooms.com\\\/palaciodeatocha\\\/experiencias\\\/experiencia-madrid-cool-fotografo\\\/#breadcrumb\",\"itemListElement\":[{\"@type\":\"ListItem\",\"position\":1,\"name\":\"Home\",\"item\":\"https:\\\/\\\/coolrooms.com\\\/palaciodeatocha\\\/\"},{\"@type\":\"ListItem\",\"position\":2,\"name\":\"Experiencias\",\"item\":\"https:\\\/\\\/coolrooms.com\\\/palaciodeatocha\\\/experiencias\\\/\"},{\"@type\":\"ListItem\",\"position\":3,\"name\":\"#Experiencia: Madrid Cool Photografer\"}]},{\"@type\":\"WebSite\",\"@id\":\"https:\\\/\\\/coolrooms.com\\\/palaciodeatocha\\\/#website\",\"url\":\"https:\\\/\\\/coolrooms.com\\\/palaciodeatocha\\\/\",\"name\":\"Hotel CoolRooms Palacio de Atocha Madrid\",\"description\":\"Hotel de lujo en Atocha Madrid\",\"publisher\":{\"@id\":\"https:\\\/\\\/coolrooms.com\\\/palaciodeatocha\\\/#organization\"},\"potentialAction\":[{\"@type\":\"SearchAction\",\"target\":{\"@type\":\"EntryPoint\",\"urlTemplate\":\"https:\\\/\\\/coolrooms.com\\\/palaciodeatocha\\\/?s={search_term_string}\"},\"query-input\":{\"@type\":\"PropertyValueSpecification\",\"valueRequired\":true,\"valueName\":\"search_term_string\"}}],\"inLanguage\":\"es\"},{\"@type\":\"Organization\",\"@id\":\"https:\\\/\\\/coolrooms.com\\\/palaciodeatocha\\\/#organization\",\"name\":\"CoolRooms Palacio de Atocha\",\"url\":\"https:\\\/\\\/coolrooms.com\\\/palaciodeatocha\\\/\",\"logo\":{\"@type\":\"ImageObject\",\"inLanguage\":\"es\",\"@id\":\"https:\\\/\\\/coolrooms.com\\\/palaciodeatocha\\\/#\\\/schema\\\/logo\\\/image\\\/\",\"url\":\"https:\\\/\\\/coolrooms.com\\\/palaciodeatocha\\\/wp-content\\\/uploads\\\/sites\\\/3\\\/2018\\\/06\\\/coolrooms-logotipo-1.png\",\"contentUrl\":\"https:\\\/\\\/coolrooms.com\\\/palaciodeatocha\\\/wp-content\\\/uploads\\\/sites\\\/3\\\/2018\\\/06\\\/coolrooms-logotipo-1.png\",\"width\":591,\"height\":382,\"caption\":\"CoolRooms Palacio de Atocha\"},\"image\":{\"@id\":\"https:\\\/\\\/coolrooms.com\\\/palaciodeatocha\\\/#\\\/schema\\\/logo\\\/image\\\/\"}}]}<\/script>\n<!-- \/ Yoast SEO plugin. -->","yoast_head_json":{"title":"#Experiencia: Madrid Cool Fot\u00f3grafo | CoolRooms Atocha","description":"Paseo de 2 horas por el Barrio de los Austrias (Madrid) acompa\u00f1ado de un fot\u00f3grafo profesional que inmortalizar\u00e1 los mejores momentos. Madrid Cool Photografer.","robots":{"index":"index","follow":"follow","max-snippet":"max-snippet:-1","max-image-preview":"max-image-preview:large","max-video-preview":"max-video-preview:-1"},"canonical":"https:\/\/coolrooms.com\/palaciodeatocha\/experiencias\/experiencia-madrid-cool-fotografo\/","og_locale":"es_ES","og_type":"article","og_title":"#Experiencia: Madrid Cool Fot\u00f3grafo | CoolRooms Atocha","og_description":"Paseo de 2 horas por el Barrio de los Austrias (Madrid) acompa\u00f1ado de un fot\u00f3grafo profesional que inmortalizar\u00e1 los mejores momentos. Madrid Cool Photografer.","og_url":"https:\/\/coolrooms.com\/palaciodeatocha\/experiencias\/experiencia-madrid-cool-fotografo\/","og_site_name":"Hotel CoolRooms Palacio de Atocha Madrid","article_modified_time":"2024-09-25T06:06:51+00:00","twitter_card":"summary_large_image","twitter_misc":{"Tiempo de lectura":"3 minutos"},"schema":{"@context":"https:\/\/schema.org","@graph":[{"@type":"WebPage","@id":"https:\/\/coolrooms.com\/palaciodeatocha\/experiencias\/experiencia-madrid-cool-fotografo\/","url":"https:\/\/coolrooms.com\/palaciodeatocha\/experiencias\/experiencia-madrid-cool-fotografo\/","name":"#Experiencia: Madrid Cool Fot\u00f3grafo | CoolRooms Atocha","isPartOf":{"@id":"https:\/\/coolrooms.com\/palaciodeatocha\/#website"},"datePublished":"2019-11-25T13:26:43+00:00","dateModified":"2024-09-25T06:06:51+00:00","description":"Paseo de 2 horas por el Barrio de los Austrias (Madrid) acompa\u00f1ado de un fot\u00f3grafo profesional que inmortalizar\u00e1 los mejores momentos. Madrid Cool Photografer.","breadcrumb":{"@id":"https:\/\/coolrooms.com\/palaciodeatocha\/experiencias\/experiencia-madrid-cool-fotografo\/#breadcrumb"},"inLanguage":"es","potentialAction":[{"@type":"ReadAction","target":["https:\/\/coolrooms.com\/palaciodeatocha\/experiencias\/experiencia-madrid-cool-fotografo\/"]}]},{"@type":"BreadcrumbList","@id":"https:\/\/coolrooms.com\/palaciodeatocha\/experiencias\/experiencia-madrid-cool-fotografo\/#breadcrumb","itemListElement":[{"@type":"ListItem","position":1,"name":"Home","item":"https:\/\/coolrooms.com\/palaciodeatocha\/"},{"@type":"ListItem","position":2,"name":"Experiencias","item":"https:\/\/coolrooms.com\/palaciodeatocha\/experiencias\/"},{"@type":"ListItem","position":3,"name":"#Experiencia: Madrid Cool Photografer"}]},{"@type":"WebSite","@id":"https:\/\/coolrooms.com\/palaciodeatocha\/#website","url":"https:\/\/coolrooms.com\/palaciodeatocha\/","name":"Hotel CoolRooms Palacio de Atocha Madrid","description":"Hotel de lujo en Atocha Madrid","publisher":{"@id":"https:\/\/coolrooms.com\/palaciodeatocha\/#organization"},"potentialAction":[{"@type":"SearchAction","target":{"@type":"EntryPoint","urlTemplate":"https:\/\/coolrooms.com\/palaciodeatocha\/?s={search_term_string}"},"query-input":{"@type":"PropertyValueSpecification","valueRequired":true,"valueName":"search_term_string"}}],"inLanguage":"es"},{"@type":"Organization","@id":"https:\/\/coolrooms.com\/palaciodeatocha\/#organization","name":"CoolRooms Palacio de Atocha","url":"https:\/\/coolrooms.com\/palaciodeatocha\/","logo":{"@type":"ImageObject","inLanguage":"es","@id":"https:\/\/coolrooms.com\/palaciodeatocha\/#\/schema\/logo\/image\/","url":"https:\/\/coolrooms.com\/palaciodeatocha\/wp-content\/uploads\/sites\/3\/2018\/06\/coolrooms-logotipo-1.png","contentUrl":"https:\/\/coolrooms.com\/palaciodeatocha\/wp-content\/uploads\/sites\/3\/2018\/06\/coolrooms-logotipo-1.png","width":591,"height":382,"caption":"CoolRooms Palacio de Atocha"},"image":{"@id":"https:\/\/coolrooms.com\/palaciodeatocha\/#\/schema\/logo\/image\/"}}]}},"acf":[],"_links":{"self":[{"href":"https:\/\/coolrooms.com\/palaciodeatocha\/wp-json\/wp\/v2\/pages\/4763","targetHints":{"allow":["GET"]}}],"collection":[{"href":"https:\/\/coolrooms.com\/palaciodeatocha\/wp-json\/wp\/v2\/pages"}],"about":[{"href":"https:\/\/coolrooms.com\/palaciodeatocha\/wp-json\/wp\/v2\/types\/page"}],"author":[{"embeddable":true,"href":"https:\/\/coolrooms.com\/palaciodeatocha\/wp-json\/wp\/v2\/users\/7"}],"replies":[{"embeddable":true,"href":"https:\/\/coolrooms.com\/palaciodeatocha\/wp-json\/wp\/v2\/comments?post=4763"}],"version-history":[{"count":11,"href":"https:\/\/coolrooms.com\/palaciodeatocha\/wp-json\/wp\/v2\/pages\/4763\/revisions"}],"predecessor-version":[{"id":17228,"href":"https:\/\/coolrooms.com\/palaciodeatocha\/wp-json\/wp\/v2\/pages\/4763\/revisions\/17228"}],"up":[{"embeddable":true,"href":"https:\/\/coolrooms.com\/palaciodeatocha\/wp-json\/wp\/v2\/pages\/4009"}],"wp:attachment":[{"href":"https:\/\/coolrooms.com\/palaciodeatocha\/wp-json\/wp\/v2\/media?parent=4763"}],"curies":[{"name":"wp","href":"https:\/\/api.w.org\/{rel}","templated":true}]}}