{"id":297,"date":"2018-06-11T12:15:39","date_gmt":"2018-06-11T12:15:39","guid":{"rendered":"https:\/\/coolrooms.com\/palaciodeatocha\/?page_id=297"},"modified":"2025-09-08T14:46:06","modified_gmt":"2025-09-08T14:46:06","slug":"deluxe-room","status":"publish","type":"page","link":"https:\/\/coolrooms.com\/palaciodeatocha\/habitaciones\/deluxe-room\/","title":{"rendered":"Deluxe Room"},"content":{"rendered":"<div class=\"wpb-content-wrapper\"><p>[vc_row css_animation=\u00bb\u00bb row_type=\u00bbrow\u00bb use_row_as_full_screen_section=\u00bbno\u00bb type=\u00bbgrid\u00bb angled_section=\u00bbno\u00bb text_align=\u00bbleft\u00bb background_image_as_pattern=\u00bbwithout_pattern\u00bb el_id=\u00bbdescription\u00bb z_index=\u00bb\u00bb css=\u00bb.vc_custom_1528453076681{padding-bottom: 180px !important;}\u00bb][vc_column width=\u00bb2\/3&#8243; css=\u00bb.vc_custom_1528448395288{background-color: #ffffff !important;}\u00bb][vc_column_text]<\/p>\n<h2 class=\"subtitulo\">Deluxe Room<\/h2>\n<p>[\/vc_column_text][vc_separator css_animation=\u00bbfadeInLeft\u00bb type=\u00bbsmall\u00bb position=\u00bbleft\u00bb color=\u00bb#ad0032&#8243; thickness=\u00bb2&#8243; width=\u00bb50&#8243;][vc_column_text]<\/p>\n<h3><strong>Desde 30 hasta 34\u00a0<\/strong><strong>m<sup>2<\/sup><\/strong><\/h3>\n<p>[\/vc_column_text][vc_separator css_animation=\u00bbnone\u00bb type=\u00bbtransparent\u00bb thickness=\u00bb2&#8243; up=\u00bb30&#8243;][vc_column_text]Disfruta nuestras habitaciones Deluxe. Son la combinaci\u00f3n perfecta para los viajeros que buscan una experiencia agradable y perfecta. Cada habitaci\u00f3n est\u00e1 decorada individualmente para proporcionar una estancia confortable con la \u00faltima tecnolog\u00eda. Despu\u00e9s de un d\u00eda de compras, turismo o negocios en Madrid, ret\u00edrese a su habitaci\u00f3n para disfrutar de un ambiente tranquilo con un estilo cl\u00e1sico redefinido.[\/vc_column_text][vc_raw_html]JTNDYSUyMGhyZWYlM0QlMjIlMjMlMjIlMjBjbGFzcyUzRCUyMmxpbmstMzYwJTIwb3Blbi1kZWx1eGUtcm9vbS0zNjAlMjIlMjB0aXRsZSUzRCUyMkRlbHV4ZSUyMFJvb20lMjIlMjBzdHlsZSUzRCUyMmN1cnNvciUzQSUyMHBvaW50ZXIlM0IlMjIlM0UlMEElMDklM0NpbWclMjBzcmMlM0QlMjIlMkZ3cC1jb250ZW50JTJGdXBsb2FkcyUyRnNpdGVzJTJGMyUyRjIwMjIlMkYxMiUyRjM2MC5wbmclMjIlMjB3aWR0aCUzRCUyMjUwJTIyJTIwaGVpZ2h0JTNEJTIyNTAlMjIlMjBhbHQlM0QlMjIzNjAlMjIlMjBzdHlsZSUzRCUyMndpZHRoJTNBMzVweCUzQmhlaWdodCUzQTM1cHglM0IlMjIlM0UlMEElM0MlMkZhJTNF[\/vc_raw_html][\/vc_column][vc_column width=\u00bb1\/3&#8243;][\/vc_column][\/vc_row][vc_row css_animation=\u00bb\u00bb row_type=\u00bbrow\u00bb use_row_as_full_screen_section=\u00bbno\u00bb type=\u00bbgrid\u00bb angled_section=\u00bbno\u00bb text_align=\u00bbleft\u00bb background_image_as_pattern=\u00bbwithout_pattern\u00bb background_color=\u00bb#f8f3e9&#8243; css=\u00bb.vc_custom_1528453789317{padding-top: 60px !important;padding-right: 60px !important;padding-left: 60px !important;background-color: #f8f3e9 !important;}\u00bb z_index=\u00bb\u00bb el_id=\u00bbgaleria\u00bb][vc_column][vc_gallery type=\u00bbflexslider_slide\u00bb interval=\u00bb3&#8243; images=\u00bb17854,17859,2401&#8243; img_size=\u00bbfull\u00bb onclick=\u00bb\u00bb css_animation=\u00bbtop-to-bottom\u00bb css=\u00bb.vc_custom_1741265821305{padding-right: 40px !important;padding-left: 40px !important;}\u00bb][\/vc_column][\/vc_row][vc_row css_animation=\u00bb\u00bb row_type=\u00bbrow\u00bb use_row_as_full_screen_section=\u00bbno\u00bb type=\u00bbgrid\u00bb angled_section=\u00bbno\u00bb text_align=\u00bbleft\u00bb background_image_as_pattern=\u00bbwithout_pattern\u00bb z_index=\u00bb\u00bb][vc_column][vc_row_inner row_type=\u00bbrow\u00bb type=\u00bbfull_width\u00bb text_align=\u00bbleft\u00bb css_animation=\u00bb\u00bb css=\u00bb.vc_custom_1757342764297{padding-top: 30px !important;padding-right: 30px !important;padding-bottom: 30px !important;padding-left: 30px !important;background-color: #ffffff !important;background-position: center !important;background-repeat: no-repeat !important;background-size: contain !important;}\u00bb el_id=\u00bbfacilities\u00bb][vc_column_inner width=\u00bb1\/2&#8243;][vc_column_text]<\/p>\n<h2>Servicios<\/h2>\n<p>[\/vc_column_text]<div class='q_list circle normal animate_list'><\/p>\n<ul>\n<li>Colch\u00f3n \u00fanico hecho a medida 2&#215;2<\/li>\n<li>Smart TV 43 \u00ab<\/li>\n<li>Altavoz Bang &amp; Olufsen inal\u00e1mbrico Beoplay M3<\/li>\n<li>Cafetera Nespresso<\/li>\n<li>Steamer (plancha de vapor)\u00a0y tabla de planchar<\/li>\n<\/ul>\n<p><\/div>[\/vc_column_inner][vc_column_inner width=\u00bb1\/2&#8243;][vc_empty_space height=\u00bb40px\u00bb]<div class='q_list circle normal animate_list'><\/p>\n<ul>\n<li>Bar privado refrigerado<\/li>\n<li>Russell Hobbs Kettle<\/li>\n<li>Lujosos art\u00edculos de tocador Molton Brown<\/li>\n<li>Secador de pelo GHD y plancha<\/li>\n<li>Albornoz y zapatillas de m\u00e1xima suavidad<\/li>\n<li>Caja de seguridad en la habitaci\u00f3n con cargador de dispositivos<\/li>\n<\/ul>\n<p><\/div>[\/vc_column_inner][\/vc_row_inner][\/vc_column][\/vc_row][vc_row css_animation=\u00bb\u00bb row_type=\u00bbrow\u00bb use_row_as_full_screen_section=\u00bbno\u00bb type=\u00bbfull_width\u00bb angled_section=\u00bbno\u00bb text_align=\u00bbleft\u00bb background_image_as_pattern=\u00bbwithout_pattern\u00bb][vc_column][vc_empty_space height=\u00bb40px\u00bb][\/vc_column][\/vc_row]<\/p>\n<\/div>","protected":false},"excerpt":{"rendered":"<p>[vc_row css_animation=\u00bb\u00bb row_type=\u00bbrow\u00bb use_row_as_full_screen_section=\u00bbno\u00bb type=\u00bbgrid\u00bb angled_section=\u00bbno\u00bb text_align=\u00bbleft\u00bb background_image_as_pattern=\u00bbwithout_pattern\u00bb el_id=\u00bbdescription\u00bb z_index=\u00bb\u00bb css=\u00bb.vc_custom_1528453076681{padding-bottom: 180px !important;}\u00bb][vc_column width=\u00bb2\/3&#8243; css=\u00bb.vc_custom_1528448395288{background-color: #ffffff !important;}\u00bb][vc_column_text] Deluxe Room [\/vc_column_text][vc_separator css_animation=\u00bbfadeInLeft\u00bb type=\u00bbsmall\u00bb position=\u00bbleft\u00bb color=\u00bb#ad0032&#8243; thickness=\u00bb2&#8243; width=\u00bb50&#8243;][vc_column_text] Desde 30 hasta 34\u00a0m2 [\/vc_column_text][vc_separator css_animation=\u00bbnone\u00bb type=\u00bbtransparent\u00bb thickness=\u00bb2&#8243; up=\u00bb30&#8243;][vc_column_text]Disfruta nuestras habitaciones Deluxe. Son la combinaci\u00f3n perfecta para los viajeros&#8230;<\/p>\n","protected":false},"author":2,"featured_media":18036,"parent":11,"menu_order":0,"comment_status":"closed","ping_status":"closed","template":"full_width.php","meta":{"_acf_changed":false,"footnotes":""},"class_list":["post-297","page","type-page","status-publish","has-post-thumbnail","hentry"],"yoast_head":"<!-- This site is optimized with the Yoast SEO plugin v27.3 - https:\/\/yoast.com\/product\/yoast-seo-wordpress\/ -->\n<title>Deluxe Room | Hotel CoolRooms Atocha Madrid<\/title>\n<meta name=\"description\" content=\"Nuestras habitaciones Deluxe son la combinaci\u00f3n perfecta para los viajeros que buscan una experiencia agradable y perfecta en Madrid. \u00a1Haz tu reserva!\" \/>\n<meta name=\"robots\" content=\"index, follow, max-snippet:-1, max-image-preview:large, max-video-preview:-1\" \/>\n<link rel=\"canonical\" href=\"https:\/\/coolrooms.com\/palaciodeatocha\/habitaciones\/deluxe-room\/\" \/>\n<meta property=\"og:locale\" content=\"es_ES\" \/>\n<meta property=\"og:type\" content=\"article\" \/>\n<meta property=\"og:title\" content=\"Deluxe Room | Hotel CoolRooms Atocha Madrid\" \/>\n<meta property=\"og:description\" content=\"Nuestras habitaciones Deluxe son la combinaci\u00f3n perfecta para los viajeros que buscan una experiencia agradable y perfecta en Madrid. \u00a1Haz tu reserva!\" \/>\n<meta property=\"og:url\" content=\"https:\/\/coolrooms.com\/palaciodeatocha\/habitaciones\/deluxe-room\/\" \/>\n<meta property=\"og:site_name\" content=\"Hotel CoolRooms Palacio de Atocha Madrid\" \/>\n<meta property=\"article:modified_time\" content=\"2025-09-08T14:46:06+00:00\" \/>\n<meta property=\"og:image\" content=\"https:\/\/coolrooms.com\/palaciodeatocha\/wp-content\/uploads\/sites\/3\/2025\/03\/Portada-_.jpg\" \/>\n\t<meta property=\"og:image:width\" content=\"1080\" \/>\n\t<meta property=\"og:image:height\" content=\"1080\" \/>\n\t<meta property=\"og:image:type\" content=\"image\/jpeg\" \/>\n<meta name=\"twitter:card\" content=\"summary_large_image\" \/>\n<meta name=\"twitter:label1\" content=\"Tiempo de lectura\" \/>\n\t<meta name=\"twitter:data1\" content=\"2 minutos\" \/>\n<script type=\"application\/ld+json\" class=\"yoast-schema-graph\">{\"@context\":\"https:\\\/\\\/schema.org\",\"@graph\":[{\"@type\":\"WebPage\",\"@id\":\"https:\\\/\\\/coolrooms.com\\\/palaciodeatocha\\\/habitaciones\\\/deluxe-room\\\/\",\"url\":\"https:\\\/\\\/coolrooms.com\\\/palaciodeatocha\\\/habitaciones\\\/deluxe-room\\\/\",\"name\":\"Deluxe Room | Hotel CoolRooms Atocha Madrid\",\"isPartOf\":{\"@id\":\"https:\\\/\\\/coolrooms.com\\\/palaciodeatocha\\\/#website\"},\"primaryImageOfPage\":{\"@id\":\"https:\\\/\\\/coolrooms.com\\\/palaciodeatocha\\\/habitaciones\\\/deluxe-room\\\/#primaryimage\"},\"image\":{\"@id\":\"https:\\\/\\\/coolrooms.com\\\/palaciodeatocha\\\/habitaciones\\\/deluxe-room\\\/#primaryimage\"},\"thumbnailUrl\":\"https:\\\/\\\/coolrooms.com\\\/palaciodeatocha\\\/wp-content\\\/uploads\\\/sites\\\/3\\\/2025\\\/03\\\/Portada-_.jpg\",\"datePublished\":\"2018-06-11T12:15:39+00:00\",\"dateModified\":\"2025-09-08T14:46:06+00:00\",\"description\":\"Nuestras habitaciones Deluxe son la combinaci\u00f3n perfecta para los viajeros que buscan una experiencia agradable y perfecta en Madrid. \u00a1Haz tu reserva!\",\"breadcrumb\":{\"@id\":\"https:\\\/\\\/coolrooms.com\\\/palaciodeatocha\\\/habitaciones\\\/deluxe-room\\\/#breadcrumb\"},\"inLanguage\":\"es\",\"potentialAction\":[{\"@type\":\"ReadAction\",\"target\":[\"https:\\\/\\\/coolrooms.com\\\/palaciodeatocha\\\/habitaciones\\\/deluxe-room\\\/\"]}]},{\"@type\":\"ImageObject\",\"inLanguage\":\"es\",\"@id\":\"https:\\\/\\\/coolrooms.com\\\/palaciodeatocha\\\/habitaciones\\\/deluxe-room\\\/#primaryimage\",\"url\":\"https:\\\/\\\/coolrooms.com\\\/palaciodeatocha\\\/wp-content\\\/uploads\\\/sites\\\/3\\\/2025\\\/03\\\/Portada-_.jpg\",\"contentUrl\":\"https:\\\/\\\/coolrooms.com\\\/palaciodeatocha\\\/wp-content\\\/uploads\\\/sites\\\/3\\\/2025\\\/03\\\/Portada-_.jpg\",\"width\":1080,\"height\":1080},{\"@type\":\"BreadcrumbList\",\"@id\":\"https:\\\/\\\/coolrooms.com\\\/palaciodeatocha\\\/habitaciones\\\/deluxe-room\\\/#breadcrumb\",\"itemListElement\":[{\"@type\":\"ListItem\",\"position\":1,\"name\":\"Home\",\"item\":\"https:\\\/\\\/coolrooms.com\\\/palaciodeatocha\\\/\"},{\"@type\":\"ListItem\",\"position\":2,\"name\":\"Habitaciones\",\"item\":\"https:\\\/\\\/coolrooms.com\\\/palaciodeatocha\\\/habitaciones\\\/\"},{\"@type\":\"ListItem\",\"position\":3,\"name\":\"Deluxe Room\"}]},{\"@type\":\"WebSite\",\"@id\":\"https:\\\/\\\/coolrooms.com\\\/palaciodeatocha\\\/#website\",\"url\":\"https:\\\/\\\/coolrooms.com\\\/palaciodeatocha\\\/\",\"name\":\"Hotel CoolRooms Palacio de Atocha Madrid\",\"description\":\"Hotel de lujo en Atocha Madrid\",\"publisher\":{\"@id\":\"https:\\\/\\\/coolrooms.com\\\/palaciodeatocha\\\/#organization\"},\"potentialAction\":[{\"@type\":\"SearchAction\",\"target\":{\"@type\":\"EntryPoint\",\"urlTemplate\":\"https:\\\/\\\/coolrooms.com\\\/palaciodeatocha\\\/?s={search_term_string}\"},\"query-input\":{\"@type\":\"PropertyValueSpecification\",\"valueRequired\":true,\"valueName\":\"search_term_string\"}}],\"inLanguage\":\"es\"},{\"@type\":\"Organization\",\"@id\":\"https:\\\/\\\/coolrooms.com\\\/palaciodeatocha\\\/#organization\",\"name\":\"CoolRooms Palacio de Atocha\",\"url\":\"https:\\\/\\\/coolrooms.com\\\/palaciodeatocha\\\/\",\"logo\":{\"@type\":\"ImageObject\",\"inLanguage\":\"es\",\"@id\":\"https:\\\/\\\/coolrooms.com\\\/palaciodeatocha\\\/#\\\/schema\\\/logo\\\/image\\\/\",\"url\":\"https:\\\/\\\/coolrooms.com\\\/palaciodeatocha\\\/wp-content\\\/uploads\\\/sites\\\/3\\\/2018\\\/06\\\/coolrooms-logotipo-1.png\",\"contentUrl\":\"https:\\\/\\\/coolrooms.com\\\/palaciodeatocha\\\/wp-content\\\/uploads\\\/sites\\\/3\\\/2018\\\/06\\\/coolrooms-logotipo-1.png\",\"width\":591,\"height\":382,\"caption\":\"CoolRooms Palacio de Atocha\"},\"image\":{\"@id\":\"https:\\\/\\\/coolrooms.com\\\/palaciodeatocha\\\/#\\\/schema\\\/logo\\\/image\\\/\"}}]}<\/script>\n<!-- \/ Yoast SEO plugin. -->","yoast_head_json":{"title":"Deluxe Room | Hotel CoolRooms Atocha Madrid","description":"Nuestras habitaciones Deluxe son la combinaci\u00f3n perfecta para los viajeros que buscan una experiencia agradable y perfecta en Madrid. \u00a1Haz tu reserva!","robots":{"index":"index","follow":"follow","max-snippet":"max-snippet:-1","max-image-preview":"max-image-preview:large","max-video-preview":"max-video-preview:-1"},"canonical":"https:\/\/coolrooms.com\/palaciodeatocha\/habitaciones\/deluxe-room\/","og_locale":"es_ES","og_type":"article","og_title":"Deluxe Room | Hotel CoolRooms Atocha Madrid","og_description":"Nuestras habitaciones Deluxe son la combinaci\u00f3n perfecta para los viajeros que buscan una experiencia agradable y perfecta en Madrid. \u00a1Haz tu reserva!","og_url":"https:\/\/coolrooms.com\/palaciodeatocha\/habitaciones\/deluxe-room\/","og_site_name":"Hotel CoolRooms Palacio de Atocha Madrid","article_modified_time":"2025-09-08T14:46:06+00:00","og_image":[{"width":1080,"height":1080,"url":"https:\/\/coolrooms.com\/palaciodeatocha\/wp-content\/uploads\/sites\/3\/2025\/03\/Portada-_.jpg","type":"image\/jpeg"}],"twitter_card":"summary_large_image","twitter_misc":{"Tiempo de lectura":"2 minutos"},"schema":{"@context":"https:\/\/schema.org","@graph":[{"@type":"WebPage","@id":"https:\/\/coolrooms.com\/palaciodeatocha\/habitaciones\/deluxe-room\/","url":"https:\/\/coolrooms.com\/palaciodeatocha\/habitaciones\/deluxe-room\/","name":"Deluxe Room | Hotel CoolRooms Atocha Madrid","isPartOf":{"@id":"https:\/\/coolrooms.com\/palaciodeatocha\/#website"},"primaryImageOfPage":{"@id":"https:\/\/coolrooms.com\/palaciodeatocha\/habitaciones\/deluxe-room\/#primaryimage"},"image":{"@id":"https:\/\/coolrooms.com\/palaciodeatocha\/habitaciones\/deluxe-room\/#primaryimage"},"thumbnailUrl":"https:\/\/coolrooms.com\/palaciodeatocha\/wp-content\/uploads\/sites\/3\/2025\/03\/Portada-_.jpg","datePublished":"2018-06-11T12:15:39+00:00","dateModified":"2025-09-08T14:46:06+00:00","description":"Nuestras habitaciones Deluxe son la combinaci\u00f3n perfecta para los viajeros que buscan una experiencia agradable y perfecta en Madrid. \u00a1Haz tu reserva!","breadcrumb":{"@id":"https:\/\/coolrooms.com\/palaciodeatocha\/habitaciones\/deluxe-room\/#breadcrumb"},"inLanguage":"es","potentialAction":[{"@type":"ReadAction","target":["https:\/\/coolrooms.com\/palaciodeatocha\/habitaciones\/deluxe-room\/"]}]},{"@type":"ImageObject","inLanguage":"es","@id":"https:\/\/coolrooms.com\/palaciodeatocha\/habitaciones\/deluxe-room\/#primaryimage","url":"https:\/\/coolrooms.com\/palaciodeatocha\/wp-content\/uploads\/sites\/3\/2025\/03\/Portada-_.jpg","contentUrl":"https:\/\/coolrooms.com\/palaciodeatocha\/wp-content\/uploads\/sites\/3\/2025\/03\/Portada-_.jpg","width":1080,"height":1080},{"@type":"BreadcrumbList","@id":"https:\/\/coolrooms.com\/palaciodeatocha\/habitaciones\/deluxe-room\/#breadcrumb","itemListElement":[{"@type":"ListItem","position":1,"name":"Home","item":"https:\/\/coolrooms.com\/palaciodeatocha\/"},{"@type":"ListItem","position":2,"name":"Habitaciones","item":"https:\/\/coolrooms.com\/palaciodeatocha\/habitaciones\/"},{"@type":"ListItem","position":3,"name":"Deluxe Room"}]},{"@type":"WebSite","@id":"https:\/\/coolrooms.com\/palaciodeatocha\/#website","url":"https:\/\/coolrooms.com\/palaciodeatocha\/","name":"Hotel CoolRooms Palacio de Atocha Madrid","description":"Hotel de lujo en Atocha Madrid","publisher":{"@id":"https:\/\/coolrooms.com\/palaciodeatocha\/#organization"},"potentialAction":[{"@type":"SearchAction","target":{"@type":"EntryPoint","urlTemplate":"https:\/\/coolrooms.com\/palaciodeatocha\/?s={search_term_string}"},"query-input":{"@type":"PropertyValueSpecification","valueRequired":true,"valueName":"search_term_string"}}],"inLanguage":"es"},{"@type":"Organization","@id":"https:\/\/coolrooms.com\/palaciodeatocha\/#organization","name":"CoolRooms Palacio de Atocha","url":"https:\/\/coolrooms.com\/palaciodeatocha\/","logo":{"@type":"ImageObject","inLanguage":"es","@id":"https:\/\/coolrooms.com\/palaciodeatocha\/#\/schema\/logo\/image\/","url":"https:\/\/coolrooms.com\/palaciodeatocha\/wp-content\/uploads\/sites\/3\/2018\/06\/coolrooms-logotipo-1.png","contentUrl":"https:\/\/coolrooms.com\/palaciodeatocha\/wp-content\/uploads\/sites\/3\/2018\/06\/coolrooms-logotipo-1.png","width":591,"height":382,"caption":"CoolRooms Palacio de Atocha"},"image":{"@id":"https:\/\/coolrooms.com\/palaciodeatocha\/#\/schema\/logo\/image\/"}}]}},"acf":[],"_links":{"self":[{"href":"https:\/\/coolrooms.com\/palaciodeatocha\/wp-json\/wp\/v2\/pages\/297","targetHints":{"allow":["GET"]}}],"collection":[{"href":"https:\/\/coolrooms.com\/palaciodeatocha\/wp-json\/wp\/v2\/pages"}],"about":[{"href":"https:\/\/coolrooms.com\/palaciodeatocha\/wp-json\/wp\/v2\/types\/page"}],"author":[{"embeddable":true,"href":"https:\/\/coolrooms.com\/palaciodeatocha\/wp-json\/wp\/v2\/users\/2"}],"replies":[{"embeddable":true,"href":"https:\/\/coolrooms.com\/palaciodeatocha\/wp-json\/wp\/v2\/comments?post=297"}],"version-history":[{"count":6,"href":"https:\/\/coolrooms.com\/palaciodeatocha\/wp-json\/wp\/v2\/pages\/297\/revisions"}],"predecessor-version":[{"id":19288,"href":"https:\/\/coolrooms.com\/palaciodeatocha\/wp-json\/wp\/v2\/pages\/297\/revisions\/19288"}],"up":[{"embeddable":true,"href":"https:\/\/coolrooms.com\/palaciodeatocha\/wp-json\/wp\/v2\/pages\/11"}],"wp:featuredmedia":[{"embeddable":true,"href":"https:\/\/coolrooms.com\/palaciodeatocha\/wp-json\/wp\/v2\/media\/18036"}],"wp:attachment":[{"href":"https:\/\/coolrooms.com\/palaciodeatocha\/wp-json\/wp\/v2\/media?parent=297"}],"curies":[{"name":"wp","href":"https:\/\/api.w.org\/{rel}","templated":true}]}}