{"id":1207,"date":"2018-07-18T06:58:07","date_gmt":"2018-07-18T06:58:07","guid":{"rendered":"https:\/\/coolrooms.com\/palaciodeatocha\/?page_id=1207"},"modified":"2024-01-30T15:22:25","modified_gmt":"2024-01-30T15:22:25","slug":"blog","status":"publish","type":"page","link":"https:\/\/coolrooms.com\/palaciodeatocha\/blog\/","title":{"rendered":"Blog"},"content":{"rendered":"<div class=\"wpb-content-wrapper\"><p>[vc_row css_animation=\u00bb\u00bb row_type=\u00bbrow\u00bb use_row_as_full_screen_section=\u00bbno\u00bb type=\u00bbfull_width\u00bb angled_section=\u00bbno\u00bb text_align=\u00bbleft\u00bb background_image_as_pattern=\u00bbwithout_pattern\u00bb][vc_column][vc_column_text]<\/p>\n<h1 style=\"text-align: center;\">Blog<\/h1>\n<p>[\/vc_column_text][vc_separator type=\u00bbsmall\u00bb position=\u00bbcenter\u00bb thickness=\u00bb2&#8243; width=\u00bb100&#8243;][vc_row_inner row_type=\u00bbrow\u00bb type=\u00bbfull_width\u00bb text_align=\u00bbleft\u00bb css_animation=\u00bb\u00bb][vc_column_inner]<div class='q_masonry_blog'><div class=\"q_masonry_blog_grid_sizer\"><\/div><div class=\"q_masonry_blog_grid_gutter\"><\/div><article  class='post-18388 post type-post status-publish format-standard has-post-thumbnail hentry category-sin-categorizar '><div class=\"q_masonry_blog_post_image\"><a itemprop=\"url\" href=\"https:\/\/coolrooms.com\/palaciodeatocha\/jardinesmadrid\/\" target=\"_self\"><img decoding=\"async\" itemprop=\"image\" src=\"https:\/\/coolrooms.com\/palaciodeatocha\/wp-content\/uploads\/sites\/3\/2025\/03\/4-1.png\" \/><\/a><\/div><div class=\"q_masonry_blog_post_text\"><h5 itemprop=\"name\" class=\"q_masonry_blog_title entry_title\"><a itemprop=\"url\" href=\"https:\/\/coolrooms.com\/palaciodeatocha\/jardinesmadrid\/\">Un paseo por los jardines y parques m\u00e1s emblem\u00e1ticos de Madrid<\/a><\/h5><p itemprop=\"description\" class=\"q_masonry_blog_excerpt\">[vc_row css_animation=\u00bb\u00bb row_type=\u00bbrow\u00bb use_row_as_full_screen_section=\u00bbno\u00bb type=\u00bbfull_width\u00bb angled_section=\u00bbno\u00bb text_align=\u00bbleft\u00bb background_image_as_pattern=\u00bbwithout_pattern\u00bb][vc_column][vc_column_text css=\u00bb\u00bb] La primavera llega poco a poco a Madrid, trayendo consigo colores y aromas que transforman la ciudad. Con las lluvias de marzo, los parques y jardines comienzan a cobrar vida, ofreciendo espacios de calma repletos de......<\/p><div class=\"q_masonry_blog_post_info\"><span itemprop=\"dateCreated\" class=\"time entry_date updated\">26 marzo, 2026<meta itemprop=\"interactionCount\" content=\"UserComments: <?php echo get_comments_number(qode_get_page_id()); ?>\"\/><\/span><\/div><\/div><\/article><article  class='post-14014 post type-post status-publish format-standard has-post-thumbnail hentry category-coolrooms category-madrid '><div class=\"q_masonry_blog_post_image\"><a itemprop=\"url\" href=\"https:\/\/coolrooms.com\/palaciodeatocha\/madridacieloabierto\/\" target=\"_self\"><img decoding=\"async\" itemprop=\"image\" src=\"https:\/\/coolrooms.com\/palaciodeatocha\/wp-content\/uploads\/sites\/3\/2021\/06\/Madrid-a-cielo-abierto-scaled-1.jpeg\" \/><\/a><\/div><div class=\"q_masonry_blog_post_text\"><h5 itemprop=\"name\" class=\"q_masonry_blog_title entry_title\"><a itemprop=\"url\" href=\"https:\/\/coolrooms.com\/palaciodeatocha\/madridacieloabierto\/\">#MadridACieloAbierto: cuatro actividades m\u00e1s Cool que s\u00f3lo pueden vivir en CoolRooms Palacio de Atocha<\/a><\/h5><p itemprop=\"description\" class=\"q_masonry_blog_excerpt\">CoolRooms Palacio de Atocha se une a la Sexta Edici\u00f3n de #MadridACieloAbierto, organizada por la Asociaci\u00f3n Empresarial Hotelera de Madrid (AEHM). Del 30 de mayo al 9 de junio de 2024, disfrute de las actividades m\u00e1s exclusivas que ofrece nuestro hotel: pase de piscina con......<\/p><div class=\"q_masonry_blog_post_info\"><span itemprop=\"dateCreated\" class=\"time entry_date updated\">27 mayo, 2024<meta itemprop=\"interactionCount\" content=\"UserComments: <?php echo get_comments_number(qode_get_page_id()); ?>\"\/><\/span><\/div><\/div><\/article><article  class='post-16739 post type-post status-publish format-standard has-post-thumbnail hentry category-sin-categorizar '><div class=\"q_masonry_blog_post_image\"><a itemprop=\"url\" href=\"https:\/\/coolrooms.com\/palaciodeatocha\/que-hacer-en-madrid-en-las-fiestas-de-san-isidro-2024\/\" target=\"_self\"><img decoding=\"async\" itemprop=\"image\" src=\"https:\/\/coolrooms.com\/palaciodeatocha\/wp-content\/uploads\/sites\/3\/2024\/05\/Diseno-sin-titulo-58.png\" \/><\/a><\/div><div class=\"q_masonry_blog_post_text\"><h5 itemprop=\"name\" class=\"q_masonry_blog_title entry_title\"><a itemprop=\"url\" href=\"https:\/\/coolrooms.com\/palaciodeatocha\/que-hacer-en-madrid-en-las-fiestas-de-san-isidro-2024\/\">\u00bfQu\u00e9 hacer en Madrid en las fiestas de San Isidro 2024?<\/a><\/h5><p itemprop=\"description\" class=\"q_masonry_blog_excerpt\">Madrid celebra con entusiasmo las fiestas de San Isidro del 3 al 15 de mayo de 2024, uno de los eventos m\u00e1s ic\u00f3nicos de la ciudad que honra a su patr\u00f3n, San Isidro Labrador. Durante estos d\u00edas, las calles se llenan de m\u00fasica, alegr\u00eda y......<\/p><div class=\"q_masonry_blog_post_info\"><span itemprop=\"dateCreated\" class=\"time entry_date updated\">08 mayo, 2024<meta itemprop=\"interactionCount\" content=\"UserComments: <?php echo get_comments_number(qode_get_page_id()); ?>\"\/><\/span><\/div><\/div><\/article><article  class='post-16154 post type-post status-publish format-standard has-post-thumbnail hentry category-sin-categorizar '><div class=\"q_masonry_blog_post_image\"><a itemprop=\"url\" href=\"https:\/\/coolrooms.com\/palaciodeatocha\/semana-santa-2024-madrid\/\" target=\"_self\"><img decoding=\"async\" itemprop=\"image\" src=\"https:\/\/coolrooms.com\/palaciodeatocha\/wp-content\/uploads\/sites\/3\/2024\/03\/Imagen9.jpg\" \/><\/a><\/div><div class=\"q_masonry_blog_post_text\"><h5 itemprop=\"name\" class=\"q_masonry_blog_title entry_title\"><a itemprop=\"url\" href=\"https:\/\/coolrooms.com\/palaciodeatocha\/semana-santa-2024-madrid\/\">Semana Santa 2024 en Madrid: Planes imprescindibles<\/a><\/h5><p itemprop=\"description\" class=\"q_masonry_blog_excerpt\">\u00bfBuscas el destino perfecto para disfrutar de la Semana Santa 2024? CoolRooms Hotels, que cuenta con hoteles en entornos hist\u00f3ricos, urbanos y naturales, les propone alternativas para Semana Santa, adaptadas a todas sus necesidades. Cada a\u00f1o, entre marzo y abril, se celebra con gran emoci\u00f3n,......<\/p><div class=\"q_masonry_blog_post_info\"><span itemprop=\"dateCreated\" class=\"time entry_date updated\">15 marzo, 2024<meta itemprop=\"interactionCount\" content=\"UserComments: <?php echo get_comments_number(qode_get_page_id()); ?>\"\/><\/span><\/div><\/div><\/article><article  class='post-16046 post type-post status-publish format-standard has-post-thumbnail hentry category-sin-categorizar '><div class=\"q_masonry_blog_post_image\"><a itemprop=\"url\" href=\"https:\/\/coolrooms.com\/palaciodeatocha\/exposicion-rue-de-seine-del-fotografo-antonio-bellido\/\" target=\"_self\"><img decoding=\"async\" itemprop=\"image\" src=\"https:\/\/coolrooms.com\/palaciodeatocha\/wp-content\/uploads\/sites\/3\/2024\/03\/Diseno-sin-titulo-37.png\" \/><\/a><\/div><div class=\"q_masonry_blog_post_text\"><h5 itemprop=\"name\" class=\"q_masonry_blog_title entry_title\"><a itemprop=\"url\" href=\"https:\/\/coolrooms.com\/palaciodeatocha\/exposicion-rue-de-seine-del-fotografo-antonio-bellido\/\">CoolRooms Palacio de Atocha acoge la exposici\u00f3n \u201cRue de Seine\u201d del fot\u00f3grafo Antonio Bellido<\/a><\/h5><p itemprop=\"description\" class=\"q_masonry_blog_excerpt\">Del 7 al 31 de marzo, CoolRooms Palacio de Atocha, celebra una inmersi\u00f3n art\u00edstica con la exposici\u00f3n \u201cRue de Seine\u201d del fot\u00f3grafo Antonio Bellido, que muestra en im\u00e1genes, realizadas en su totalidad con Leica, \u00abun paseo por Par\u00eds, la ciudad de la luz\u00bb y por......<\/p><div class=\"q_masonry_blog_post_info\"><span itemprop=\"dateCreated\" class=\"time entry_date updated\">05 marzo, 2024<meta itemprop=\"interactionCount\" content=\"UserComments: <?php echo get_comments_number(qode_get_page_id()); ?>\"\/><\/span><\/div><\/div><\/article><article  class='post-15853 post type-post status-publish format-standard has-post-thumbnail hentry category-sin-categorizar '><div class=\"q_masonry_blog_post_image\"><a itemprop=\"url\" href=\"https:\/\/coolrooms.com\/palaciodeatocha\/sanvalentin\/\" target=\"_self\"><img decoding=\"async\" itemprop=\"image\" src=\"https:\/\/coolrooms.com\/palaciodeatocha\/wp-content\/uploads\/sites\/3\/2024\/01\/CR-Palacio-de-Atocha_Suite2-2-scaled.jpg\" \/><\/a><\/div><div class=\"q_masonry_blog_post_text\"><h5 itemprop=\"name\" class=\"q_masonry_blog_title entry_title\"><a itemprop=\"url\" href=\"https:\/\/coolrooms.com\/palaciodeatocha\/sanvalentin\/\">Queridos hu\u00e9spedes,<\/a><\/h5><p itemprop=\"description\" class=\"q_masonry_blog_excerpt\">Se acerca el 14 de febrero, D\u00eda de San Valent\u00edn, y CoolRooms Palacio de Atocha quiere invitarles a manifestar su amor o amistad a trav\u00e9s de atenciones inolvidables, llenas de detalles rom\u00e1nticos: Bonos regalo de estancias con carta personalizada, cenas rom\u00e1nticas, playlist para so\u00f1ar. Coga......<\/p><div class=\"q_masonry_blog_post_info\"><span itemprop=\"dateCreated\" class=\"time entry_date updated\">30 enero, 2024<meta itemprop=\"interactionCount\" content=\"UserComments: <?php echo get_comments_number(qode_get_page_id()); ?>\"\/><\/span><\/div><\/div><\/article><article  class='post-15350 post type-post status-publish format-standard has-post-thumbnail hentry category-sin-categorizar '><div class=\"q_masonry_blog_post_image\"><a itemprop=\"url\" href=\"https:\/\/coolrooms.com\/palaciodeatocha\/madrid-hotel-week-2023\/\" target=\"_self\"><img decoding=\"async\" itemprop=\"image\" src=\"https:\/\/coolrooms.com\/palaciodeatocha\/wp-content\/uploads\/sites\/3\/2023\/10\/PATIO-COOLROOMS-19-1-scaled.jpg\" \/><\/a><\/div><div class=\"q_masonry_blog_post_text\"><h5 itemprop=\"name\" class=\"q_masonry_blog_title entry_title\"><a itemprop=\"url\" href=\"https:\/\/coolrooms.com\/palaciodeatocha\/madrid-hotel-week-2023\/\">Madrid Hotel Week 2023<\/a><\/h5><p itemprop=\"description\" class=\"q_masonry_blog_excerpt\">\u00a1La S\u00e9ptima Edici\u00f3n de Madrid Hotel Week est\u00e1 a la vuelta de la esquina y en CoolRooms Palacio de Atocha estamos listos para ofrecerte una semana llena de experiencias inolvidables! Del 3 al 12 de noviembre, te invitamos a un viajE \u00fanico a trav\u00e9s de......<\/p><div class=\"q_masonry_blog_post_info\"><span itemprop=\"dateCreated\" class=\"time entry_date updated\">31 octubre, 2023<meta itemprop=\"interactionCount\" content=\"UserComments: <?php echo get_comments_number(qode_get_page_id()); ?>\"\/><\/span><\/div><\/div><\/article><article  class='post-14986 post type-post status-publish format-standard has-post-thumbnail hentry category-sin-categorizar '><div class=\"q_masonry_blog_post_image\"><a itemprop=\"url\" href=\"https:\/\/coolrooms.com\/palaciodeatocha\/sumergete-en-la-magia-del-otono-falling-for-coolrooms-palacio-de-atocha-tu-destino-de-lujo-en-madrid\/\" target=\"_self\"><img decoding=\"async\" itemprop=\"image\" src=\"https:\/\/coolrooms.com\/palaciodeatocha\/wp-content\/uploads\/sites\/3\/2023\/09\/Falling-for-CoolRooms-Palacio-de-Atocha-.jpg\" \/><\/a><\/div><div class=\"q_masonry_blog_post_text\"><h5 itemprop=\"name\" class=\"q_masonry_blog_title entry_title\"><a itemprop=\"url\" href=\"https:\/\/coolrooms.com\/palaciodeatocha\/sumergete-en-la-magia-del-otono-falling-for-coolrooms-palacio-de-atocha-tu-destino-de-lujo-en-madrid\/\">Sum\u00e9rgete en la Magia del Oto\u00f1o: \u00abFall(ing) for CoolRooms Palacio de Atocha\u00bb &#8211; Tu Destino de Lujo en Madrid<\/a><\/h5><p itemprop=\"description\" class=\"q_masonry_blog_excerpt\">El oto\u00f1o ha llegado a Madrid y con \u00e9l, una explosi\u00f3n de colores c\u00e1lidos, aromas de casta\u00f1as asadas y la promesa de noches acogedoras. En el coraz\u00f3n de esta vibrante ciudad, CoolRooms Palacio de Atocha se viste con los tonos dorados del oto\u00f1o para dar......<\/p><div class=\"q_masonry_blog_post_info\"><span itemprop=\"dateCreated\" class=\"time entry_date updated\">29 septiembre, 2023<meta itemprop=\"interactionCount\" content=\"UserComments: <?php echo get_comments_number(qode_get_page_id()); ?>\"\/><\/span><\/div><\/div><\/article><article  class='post-14461 post type-post status-publish format-standard has-post-thumbnail hentry category-sin-categorizar '><div class=\"q_masonry_blog_post_image\"><a itemprop=\"url\" href=\"https:\/\/coolrooms.com\/palaciodeatocha\/hola-verano-by-coolrooms-palacio-de-atocha\/\" target=\"_self\"><img decoding=\"async\" itemprop=\"image\" src=\"https:\/\/coolrooms.com\/palaciodeatocha\/wp-content\/uploads\/sites\/3\/2023\/07\/Coolrooms-30-IMG_0675.jpg\" \/><\/a><\/div><div class=\"q_masonry_blog_post_text\"><h5 itemprop=\"name\" class=\"q_masonry_blog_title entry_title\"><a itemprop=\"url\" href=\"https:\/\/coolrooms.com\/palaciodeatocha\/hola-verano-by-coolrooms-palacio-de-atocha\/\">HOLA VERANO by CoolRooms Palacio de Atocha<\/a><\/h5><p itemprop=\"description\" class=\"q_masonry_blog_excerpt\">Se acerca el momento. Sol, buen tiempo, vacaciones\u2026 verano. Cada vez apetece m\u00e1s disfrutar de estos d\u00edas que, como de costumbre, te dedicas a ti o a los tuyos. Pero, \u00bftodav\u00eda no sabes qu\u00e9 vas a hacer? Este verano en CoolRooms Palacio de Atocha promete,......<\/p><div class=\"q_masonry_blog_post_info\"><span itemprop=\"dateCreated\" class=\"time entry_date updated\">25 julio, 2023<meta itemprop=\"interactionCount\" content=\"UserComments: <?php echo get_comments_number(qode_get_page_id()); ?>\"\/><\/span><\/div><\/div><\/article><article  class='post-14403 post type-post status-publish format-standard has-post-thumbnail hentry category-sin-categorizar '><div class=\"q_masonry_blog_post_image\"><a itemprop=\"url\" href=\"https:\/\/coolrooms.com\/palaciodeatocha\/una-nueva-experiencia-holistica-de-bienestar-y-bellez-coolrooms-palacio-de-atocha\/\" target=\"_self\"><img decoding=\"async\" itemprop=\"image\" src=\"https:\/\/coolrooms.com\/palaciodeatocha\/wp-content\/uploads\/sites\/3\/2023\/07\/Tratamientos-Alquimia-14-scaled.jpg\" \/><\/a><\/div><div class=\"q_masonry_blog_post_text\"><h5 itemprop=\"name\" class=\"q_masonry_blog_title entry_title\"><a itemprop=\"url\" href=\"https:\/\/coolrooms.com\/palaciodeatocha\/una-nueva-experiencia-holistica-de-bienestar-y-bellez-coolrooms-palacio-de-atocha\/\">Una nueva experiencia hol\u00edstica de bienestar y belleza en una majestuosa Casa Palacio del siglo XIX<\/a><\/h5><p itemprop=\"description\" class=\"q_masonry_blog_excerpt\">Con el objetivo de seguir ofreciendo una experiencia completa e inolvidable a sus hu\u00e9spedes, CoolRooms Palacio de Atocha para potencia su oferta de bienestar ha firmado un acuerdo con la firma espa\u00f1ola de alta cosm\u00e9tica natural y hol\u00edstica ALQVIMIA incorporando sus exclusivos productos, elaborados con......<\/p><div class=\"q_masonry_blog_post_info\"><span itemprop=\"dateCreated\" class=\"time entry_date updated\">21 julio, 2023<meta itemprop=\"interactionCount\" content=\"UserComments: <?php echo get_comments_number(qode_get_page_id()); ?>\"\/><\/span><\/div><\/div><\/article><\/div>[\/vc_column_inner][\/vc_row_inner][\/vc_column][\/vc_row]<\/p>\n<\/div>","protected":false},"excerpt":{"rendered":"<p>[vc_row css_animation=\u00bb\u00bb row_type=\u00bbrow\u00bb use_row_as_full_screen_section=\u00bbno\u00bb type=\u00bbfull_width\u00bb angled_section=\u00bbno\u00bb text_align=\u00bbleft\u00bb background_image_as_pattern=\u00bbwithout_pattern\u00bb][vc_column][vc_column_text] Blog [\/vc_column_text][vc_separator type=\u00bbsmall\u00bb position=\u00bbcenter\u00bb thickness=\u00bb2&#8243; width=\u00bb100&#8243;][vc_row_inner row_type=\u00bbrow\u00bb type=\u00bbfull_width\u00bb text_align=\u00bbleft\u00bb css_animation=\u00bb\u00bb][vc_column_inner][\/vc_column_inner][\/vc_row_inner][\/vc_column][\/vc_row]<\/p>\n","protected":false},"author":2,"featured_media":13812,"parent":0,"menu_order":0,"comment_status":"closed","ping_status":"closed","template":"","meta":{"_acf_changed":false,"footnotes":""},"class_list":["post-1207","page","type-page","status-publish","has-post-thumbnail","hentry"],"yoast_head":"<!-- This site is optimized with the Yoast SEO plugin v27.3 - https:\/\/yoast.com\/product\/yoast-seo-wordpress\/ -->\n<title>Actualidad | Hotel CoolRooms Palacio de Atocha Madrid<\/title>\n<meta name=\"description\" content=\"En Hotel CoolRooms Palacio de Atocha te contamos la \u00faltima actualidad de Madrid para que disfrutes de una experiencia \u00fanica en la ciudad.\" \/>\n<meta name=\"robots\" content=\"index, follow, max-snippet:-1, max-image-preview:large, max-video-preview:-1\" \/>\n<link rel=\"canonical\" href=\"https:\/\/coolrooms.com\/palaciodeatocha\/blog\/\" \/>\n<meta property=\"og:locale\" content=\"es_ES\" \/>\n<meta property=\"og:type\" content=\"article\" \/>\n<meta property=\"og:title\" content=\"Actualidad | Hotel CoolRooms Palacio de Atocha Madrid\" \/>\n<meta property=\"og:description\" content=\"En Hotel CoolRooms Palacio de Atocha te contamos la \u00faltima actualidad de Madrid para que disfrutes de una experiencia \u00fanica en la ciudad.\" \/>\n<meta property=\"og:url\" content=\"https:\/\/coolrooms.com\/palaciodeatocha\/blog\/\" \/>\n<meta property=\"og:site_name\" content=\"Hotel CoolRooms Palacio de Atocha Madrid\" \/>\n<meta property=\"article:modified_time\" content=\"2024-01-30T15:22:25+00:00\" \/>\n<meta property=\"og:image\" content=\"https:\/\/coolrooms.com\/palaciodeatocha\/wp-content\/uploads\/sites\/3\/2023\/04\/Dia-de-la-madre-Atocha.jpg\" \/>\n\t<meta property=\"og:image:width\" content=\"1920\" \/>\n\t<meta property=\"og:image:height\" content=\"1080\" \/>\n\t<meta property=\"og:image:type\" content=\"image\/jpeg\" \/>\n<meta name=\"twitter:card\" content=\"summary_large_image\" \/>\n<meta name=\"twitter:label1\" content=\"Tiempo de lectura\" \/>\n\t<meta name=\"twitter:data1\" content=\"1 minuto\" \/>\n<script type=\"application\/ld+json\" class=\"yoast-schema-graph\">{\"@context\":\"https:\\\/\\\/schema.org\",\"@graph\":[{\"@type\":\"WebPage\",\"@id\":\"https:\\\/\\\/coolrooms.com\\\/palaciodeatocha\\\/blog\\\/\",\"url\":\"https:\\\/\\\/coolrooms.com\\\/palaciodeatocha\\\/blog\\\/\",\"name\":\"Actualidad | Hotel CoolRooms Palacio de Atocha Madrid\",\"isPartOf\":{\"@id\":\"https:\\\/\\\/coolrooms.com\\\/palaciodeatocha\\\/#website\"},\"primaryImageOfPage\":{\"@id\":\"https:\\\/\\\/coolrooms.com\\\/palaciodeatocha\\\/blog\\\/#primaryimage\"},\"image\":{\"@id\":\"https:\\\/\\\/coolrooms.com\\\/palaciodeatocha\\\/blog\\\/#primaryimage\"},\"thumbnailUrl\":\"https:\\\/\\\/coolrooms.com\\\/palaciodeatocha\\\/wp-content\\\/uploads\\\/sites\\\/3\\\/2023\\\/04\\\/Dia-de-la-madre-Atocha.jpg\",\"datePublished\":\"2018-07-18T06:58:07+00:00\",\"dateModified\":\"2024-01-30T15:22:25+00:00\",\"description\":\"En Hotel CoolRooms Palacio de Atocha te contamos la \u00faltima actualidad de Madrid para que disfrutes de una experiencia \u00fanica en la ciudad.\",\"breadcrumb\":{\"@id\":\"https:\\\/\\\/coolrooms.com\\\/palaciodeatocha\\\/blog\\\/#breadcrumb\"},\"inLanguage\":\"es\",\"potentialAction\":[{\"@type\":\"ReadAction\",\"target\":[\"https:\\\/\\\/coolrooms.com\\\/palaciodeatocha\\\/blog\\\/\"]}]},{\"@type\":\"ImageObject\",\"inLanguage\":\"es\",\"@id\":\"https:\\\/\\\/coolrooms.com\\\/palaciodeatocha\\\/blog\\\/#primaryimage\",\"url\":\"https:\\\/\\\/coolrooms.com\\\/palaciodeatocha\\\/wp-content\\\/uploads\\\/sites\\\/3\\\/2023\\\/04\\\/Dia-de-la-madre-Atocha.jpg\",\"contentUrl\":\"https:\\\/\\\/coolrooms.com\\\/palaciodeatocha\\\/wp-content\\\/uploads\\\/sites\\\/3\\\/2023\\\/04\\\/Dia-de-la-madre-Atocha.jpg\",\"width\":1920,\"height\":1080,\"caption\":\"dia Madres hotel CoolRooms Palacio de Atocha Madrid\"},{\"@type\":\"BreadcrumbList\",\"@id\":\"https:\\\/\\\/coolrooms.com\\\/palaciodeatocha\\\/blog\\\/#breadcrumb\",\"itemListElement\":[{\"@type\":\"ListItem\",\"position\":1,\"name\":\"Home\",\"item\":\"https:\\\/\\\/coolrooms.com\\\/palaciodeatocha\\\/\"},{\"@type\":\"ListItem\",\"position\":2,\"name\":\"Blog\"}]},{\"@type\":\"WebSite\",\"@id\":\"https:\\\/\\\/coolrooms.com\\\/palaciodeatocha\\\/#website\",\"url\":\"https:\\\/\\\/coolrooms.com\\\/palaciodeatocha\\\/\",\"name\":\"Hotel CoolRooms Palacio de Atocha Madrid\",\"description\":\"Hotel de lujo en Atocha Madrid\",\"publisher\":{\"@id\":\"https:\\\/\\\/coolrooms.com\\\/palaciodeatocha\\\/#organization\"},\"potentialAction\":[{\"@type\":\"SearchAction\",\"target\":{\"@type\":\"EntryPoint\",\"urlTemplate\":\"https:\\\/\\\/coolrooms.com\\\/palaciodeatocha\\\/?s={search_term_string}\"},\"query-input\":{\"@type\":\"PropertyValueSpecification\",\"valueRequired\":true,\"valueName\":\"search_term_string\"}}],\"inLanguage\":\"es\"},{\"@type\":\"Organization\",\"@id\":\"https:\\\/\\\/coolrooms.com\\\/palaciodeatocha\\\/#organization\",\"name\":\"CoolRooms Palacio de Atocha\",\"url\":\"https:\\\/\\\/coolrooms.com\\\/palaciodeatocha\\\/\",\"logo\":{\"@type\":\"ImageObject\",\"inLanguage\":\"es\",\"@id\":\"https:\\\/\\\/coolrooms.com\\\/palaciodeatocha\\\/#\\\/schema\\\/logo\\\/image\\\/\",\"url\":\"https:\\\/\\\/coolrooms.com\\\/palaciodeatocha\\\/wp-content\\\/uploads\\\/sites\\\/3\\\/2018\\\/06\\\/coolrooms-logotipo-1.png\",\"contentUrl\":\"https:\\\/\\\/coolrooms.com\\\/palaciodeatocha\\\/wp-content\\\/uploads\\\/sites\\\/3\\\/2018\\\/06\\\/coolrooms-logotipo-1.png\",\"width\":591,\"height\":382,\"caption\":\"CoolRooms Palacio de Atocha\"},\"image\":{\"@id\":\"https:\\\/\\\/coolrooms.com\\\/palaciodeatocha\\\/#\\\/schema\\\/logo\\\/image\\\/\"}}]}<\/script>\n<!-- \/ Yoast SEO plugin. -->","yoast_head_json":{"title":"Actualidad | Hotel CoolRooms Palacio de Atocha Madrid","description":"En Hotel CoolRooms Palacio de Atocha te contamos la \u00faltima actualidad de Madrid para que disfrutes de una experiencia \u00fanica en la ciudad.","robots":{"index":"index","follow":"follow","max-snippet":"max-snippet:-1","max-image-preview":"max-image-preview:large","max-video-preview":"max-video-preview:-1"},"canonical":"https:\/\/coolrooms.com\/palaciodeatocha\/blog\/","og_locale":"es_ES","og_type":"article","og_title":"Actualidad | Hotel CoolRooms Palacio de Atocha Madrid","og_description":"En Hotel CoolRooms Palacio de Atocha te contamos la \u00faltima actualidad de Madrid para que disfrutes de una experiencia \u00fanica en la ciudad.","og_url":"https:\/\/coolrooms.com\/palaciodeatocha\/blog\/","og_site_name":"Hotel CoolRooms Palacio de Atocha Madrid","article_modified_time":"2024-01-30T15:22:25+00:00","og_image":[{"width":1920,"height":1080,"url":"https:\/\/coolrooms.com\/palaciodeatocha\/wp-content\/uploads\/sites\/3\/2023\/04\/Dia-de-la-madre-Atocha.jpg","type":"image\/jpeg"}],"twitter_card":"summary_large_image","twitter_misc":{"Tiempo de lectura":"1 minuto"},"schema":{"@context":"https:\/\/schema.org","@graph":[{"@type":"WebPage","@id":"https:\/\/coolrooms.com\/palaciodeatocha\/blog\/","url":"https:\/\/coolrooms.com\/palaciodeatocha\/blog\/","name":"Actualidad | Hotel CoolRooms Palacio de Atocha Madrid","isPartOf":{"@id":"https:\/\/coolrooms.com\/palaciodeatocha\/#website"},"primaryImageOfPage":{"@id":"https:\/\/coolrooms.com\/palaciodeatocha\/blog\/#primaryimage"},"image":{"@id":"https:\/\/coolrooms.com\/palaciodeatocha\/blog\/#primaryimage"},"thumbnailUrl":"https:\/\/coolrooms.com\/palaciodeatocha\/wp-content\/uploads\/sites\/3\/2023\/04\/Dia-de-la-madre-Atocha.jpg","datePublished":"2018-07-18T06:58:07+00:00","dateModified":"2024-01-30T15:22:25+00:00","description":"En Hotel CoolRooms Palacio de Atocha te contamos la \u00faltima actualidad de Madrid para que disfrutes de una experiencia \u00fanica en la ciudad.","breadcrumb":{"@id":"https:\/\/coolrooms.com\/palaciodeatocha\/blog\/#breadcrumb"},"inLanguage":"es","potentialAction":[{"@type":"ReadAction","target":["https:\/\/coolrooms.com\/palaciodeatocha\/blog\/"]}]},{"@type":"ImageObject","inLanguage":"es","@id":"https:\/\/coolrooms.com\/palaciodeatocha\/blog\/#primaryimage","url":"https:\/\/coolrooms.com\/palaciodeatocha\/wp-content\/uploads\/sites\/3\/2023\/04\/Dia-de-la-madre-Atocha.jpg","contentUrl":"https:\/\/coolrooms.com\/palaciodeatocha\/wp-content\/uploads\/sites\/3\/2023\/04\/Dia-de-la-madre-Atocha.jpg","width":1920,"height":1080,"caption":"dia Madres hotel CoolRooms Palacio de Atocha Madrid"},{"@type":"BreadcrumbList","@id":"https:\/\/coolrooms.com\/palaciodeatocha\/blog\/#breadcrumb","itemListElement":[{"@type":"ListItem","position":1,"name":"Home","item":"https:\/\/coolrooms.com\/palaciodeatocha\/"},{"@type":"ListItem","position":2,"name":"Blog"}]},{"@type":"WebSite","@id":"https:\/\/coolrooms.com\/palaciodeatocha\/#website","url":"https:\/\/coolrooms.com\/palaciodeatocha\/","name":"Hotel CoolRooms Palacio de Atocha Madrid","description":"Hotel de lujo en Atocha Madrid","publisher":{"@id":"https:\/\/coolrooms.com\/palaciodeatocha\/#organization"},"potentialAction":[{"@type":"SearchAction","target":{"@type":"EntryPoint","urlTemplate":"https:\/\/coolrooms.com\/palaciodeatocha\/?s={search_term_string}"},"query-input":{"@type":"PropertyValueSpecification","valueRequired":true,"valueName":"search_term_string"}}],"inLanguage":"es"},{"@type":"Organization","@id":"https:\/\/coolrooms.com\/palaciodeatocha\/#organization","name":"CoolRooms Palacio de Atocha","url":"https:\/\/coolrooms.com\/palaciodeatocha\/","logo":{"@type":"ImageObject","inLanguage":"es","@id":"https:\/\/coolrooms.com\/palaciodeatocha\/#\/schema\/logo\/image\/","url":"https:\/\/coolrooms.com\/palaciodeatocha\/wp-content\/uploads\/sites\/3\/2018\/06\/coolrooms-logotipo-1.png","contentUrl":"https:\/\/coolrooms.com\/palaciodeatocha\/wp-content\/uploads\/sites\/3\/2018\/06\/coolrooms-logotipo-1.png","width":591,"height":382,"caption":"CoolRooms Palacio de Atocha"},"image":{"@id":"https:\/\/coolrooms.com\/palaciodeatocha\/#\/schema\/logo\/image\/"}}]}},"acf":[],"_links":{"self":[{"href":"https:\/\/coolrooms.com\/palaciodeatocha\/wp-json\/wp\/v2\/pages\/1207","targetHints":{"allow":["GET"]}}],"collection":[{"href":"https:\/\/coolrooms.com\/palaciodeatocha\/wp-json\/wp\/v2\/pages"}],"about":[{"href":"https:\/\/coolrooms.com\/palaciodeatocha\/wp-json\/wp\/v2\/types\/page"}],"author":[{"embeddable":true,"href":"https:\/\/coolrooms.com\/palaciodeatocha\/wp-json\/wp\/v2\/users\/2"}],"replies":[{"embeddable":true,"href":"https:\/\/coolrooms.com\/palaciodeatocha\/wp-json\/wp\/v2\/comments?post=1207"}],"version-history":[{"count":0,"href":"https:\/\/coolrooms.com\/palaciodeatocha\/wp-json\/wp\/v2\/pages\/1207\/revisions"}],"wp:featuredmedia":[{"embeddable":true,"href":"https:\/\/coolrooms.com\/palaciodeatocha\/wp-json\/wp\/v2\/media\/13812"}],"wp:attachment":[{"href":"https:\/\/coolrooms.com\/palaciodeatocha\/wp-json\/wp\/v2\/media?parent=1207"}],"curies":[{"name":"wp","href":"https:\/\/api.w.org\/{rel}","templated":true}]}}