{"id":1138,"date":"2018-06-29T12:54:25","date_gmt":"2018-06-29T12:54:25","guid":{"rendered":"https:\/\/coolrooms.com\/palaciodeatocha\/?page_id=1138"},"modified":"2025-09-05T12:29:01","modified_gmt":"2025-09-05T12:29:01","slug":"pool-garden","status":"publish","type":"page","link":"https:\/\/coolrooms.com\/palaciodeatocha\/pool-garden\/","title":{"rendered":"Pool garden"},"content":{"rendered":"<div class=\"wpb-content-wrapper\"><p>[vc_row css_animation=\u00bb\u00bb row_type=\u00bbrow\u00bb use_row_as_full_screen_section=\u00bbno\u00bb type=\u00bbgrid\u00bb angled_section=\u00bbno\u00bb text_align=\u00bbleft\u00bb background_image_as_pattern=\u00bbwithout_pattern\u00bb css=\u00bb.vc_custom_1530277627163{padding-top: 50px !important;padding-bottom: 50px !important;}\u00bb z_index=\u00bb\u00bb][vc_column width=\u00bb2\/3&#8243;][vc_column_text]<\/p>\n<h2 class=\"subtitulo\">Pool Garden<\/h2>\n<p>[\/vc_column_text][vc_separator css_animation=\u00bbfadeInLeft\u00bb type=\u00bbsmall\u00bb position=\u00bbleft\u00bb color=\u00bb#ad0032&#8243; thickness=\u00bb2&#8243; width=\u00bb50&#8243;][vc_column_text css=\u00bb\u00bb]Despu\u00e9s de una larga jornada visitando la ciudad, nada mejor que refugiarse en nuestro oasis urbano, nuestro jard\u00edn con piscina consigue una encantadora atm\u00f3sfera donde el relax esta garantizado. \u00bfQu\u00e9 m\u00e1s se puede pedir?<\/p>\n<p>Nuestra zona de Pool-Garden es el mejor lugar donde poder saborear incre\u00edbles c\u00f3cteles de autor, exquisitos vinos y una cuidada selecci\u00f3n de destilados premium. Todo ello acompa\u00f1ado de una carta de platos ligeros para compartir durante el atardecer.<\/p>\n<p><strong>La piscina est\u00e1 abierta todo el a\u00f1o.<\/strong>[\/vc_column_text][\/vc_column][vc_column width=\u00bb1\/3&#8243;][\/vc_column][\/vc_row][vc_row css_animation=\u00bb\u00bb row_type=\u00bbrow\u00bb use_row_as_full_screen_section=\u00bbno\u00bb type=\u00bbgrid\u00bb angled_section=\u00bbno\u00bb text_align=\u00bbleft\u00bb background_image_as_pattern=\u00bbwithout_pattern\u00bb css=\u00bb.vc_custom_1530277567366{padding-top: 60px !important;padding-bottom: 60px !important;background-color: #f8f3e9 !important;}\u00bb z_index=\u00bb\u00bb el_class=\u00bbrestaurante-txt\u00bb][vc_column][qode_elements_holder number_of_columns=\u00bbtwo_columns\u00bb columns_proportion=\u00bb66_33&#8243;][qode_elements_holder_item vertical_alignment=\u00bbmiddle\u00bb advanced_animations=\u00bbno\u00bb][vc_gallery interval=\u00bb3&#8243; images=\u00bb2823,2821,2828,2830,2622,2620,7627,7920&#8243; img_size=\u00bbfull\u00bb][\/qode_elements_holder_item][qode_elements_holder_item vertical_alignment=\u00bbmiddle\u00bb advanced_animations=\u00bbno\u00bb][vc_column_text css=\u00bb.vc_custom_1658834275414{padding-right: 40px !important;padding-left: 40px !important;}\u00bb]<\/p>\n<h1>SUM\u00c9RGETE EN NUESTRO<br \/>\nOASIS URBANO<\/h1>\n<p>Recu\u00e9stese en nuestra tumbona con una refrescante bebida en la mano y transforme una tarde ordinaria en una elegante experiencia gastron\u00f3mica al borde de nuestra espectacular piscina.<\/p>\n<p>Con la puesta de sol nuestra Pool-Garden se transforma para celebrar las fiestas m\u00e1s cool de la capital donde cualquier persona que lo desee (est\u00e9 hospedada o no en el hotel) podr\u00e1 disfrutar de una velada memorable con la que construir el recuerdo de una noche \u00fanica.[\/vc_column_text][\/qode_elements_holder_item][\/qode_elements_holder][\/vc_column][\/vc_row][vc_row css_animation=\u00bb\u00bb row_type=\u00bbrow\u00bb use_row_as_full_screen_section=\u00bbno\u00bb type=\u00bbfull_width\u00bb angled_section=\u00bbno\u00bb text_align=\u00bbleft\u00bb background_image_as_pattern=\u00bbwithout_pattern\u00bb][vc_column][vc_empty_space height=\u00bb62px\u00bb][\/vc_column][\/vc_row][vc_row css_animation=\u00bb\u00bb row_type=\u00bbrow\u00bb use_row_as_full_screen_section=\u00bbno\u00bb type=\u00bbfull_width\u00bb angled_section=\u00bbno\u00bb text_align=\u00bbleft\u00bb background_image_as_pattern=\u00bbwithout_pattern\u00bb][vc_column][\/vc_column][\/vc_row]<\/p>\n<\/div>","protected":false},"excerpt":{"rendered":"<p>[vc_row css_animation=\u00bb\u00bb row_type=\u00bbrow\u00bb use_row_as_full_screen_section=\u00bbno\u00bb type=\u00bbgrid\u00bb angled_section=\u00bbno\u00bb text_align=\u00bbleft\u00bb background_image_as_pattern=\u00bbwithout_pattern\u00bb css=\u00bb.vc_custom_1530277627163{padding-top: 50px !important;padding-bottom: 50px !important;}\u00bb z_index=\u00bb\u00bb][vc_column width=\u00bb2\/3&#8243;][vc_column_text] Pool Garden [\/vc_column_text][vc_separator css_animation=\u00bbfadeInLeft\u00bb type=\u00bbsmall\u00bb position=\u00bbleft\u00bb color=\u00bb#ad0032&#8243; thickness=\u00bb2&#8243; width=\u00bb50&#8243;][vc_column_text css=\u00bb\u00bb]Despu\u00e9s de una larga jornada visitando la ciudad, nada mejor que refugiarse en nuestro oasis urbano, nuestro jard\u00edn con piscina consigue&#8230;<\/p>\n","protected":false},"author":13,"featured_media":0,"parent":0,"menu_order":0,"comment_status":"closed","ping_status":"closed","template":"","meta":{"_acf_changed":false,"footnotes":""},"class_list":["post-1138","page","type-page","status-publish","hentry"],"yoast_head":"<!-- This site is optimized with the Yoast SEO plugin v27.4 - https:\/\/yoast.com\/product\/yoast-seo-wordpress\/ -->\n<title>Pool Garden | Hotel CoolRooms Atocha Madrid<\/title>\n<meta name=\"description\" content=\"Nuestro patio con piscina es el mejor lugar para saborear c\u00f3cteles de autor, exquisitos vinos y una cuidada selecci\u00f3n de destilados premium.\" \/>\n<meta name=\"robots\" content=\"index, follow, max-snippet:-1, max-image-preview:large, max-video-preview:-1\" \/>\n<link rel=\"canonical\" href=\"https:\/\/coolrooms.com\/palaciodeatocha\/pool-garden\/\" \/>\n<meta property=\"og:locale\" content=\"es_ES\" \/>\n<meta property=\"og:type\" content=\"article\" \/>\n<meta property=\"og:title\" content=\"Pool Garden | Hotel CoolRooms Atocha Madrid\" \/>\n<meta property=\"og:description\" content=\"Nuestro patio con piscina es el mejor lugar para saborear c\u00f3cteles de autor, exquisitos vinos y una cuidada selecci\u00f3n de destilados premium.\" \/>\n<meta property=\"og:url\" content=\"https:\/\/coolrooms.com\/palaciodeatocha\/pool-garden\/\" \/>\n<meta property=\"og:site_name\" content=\"Hotel CoolRooms Palacio de Atocha Madrid\" \/>\n<meta property=\"article:modified_time\" content=\"2025-09-05T12:29:01+00:00\" \/>\n<meta name=\"twitter:card\" content=\"summary_large_image\" \/>\n<meta name=\"twitter:label1\" content=\"Tiempo de lectura\" \/>\n\t<meta name=\"twitter:data1\" content=\"3 minutos\" \/>\n<script type=\"application\/ld+json\" class=\"yoast-schema-graph\">{\"@context\":\"https:\\\/\\\/schema.org\",\"@graph\":[{\"@type\":\"WebPage\",\"@id\":\"https:\\\/\\\/coolrooms.com\\\/palaciodeatocha\\\/pool-garden\\\/\",\"url\":\"https:\\\/\\\/coolrooms.com\\\/palaciodeatocha\\\/pool-garden\\\/\",\"name\":\"Pool Garden | Hotel CoolRooms Atocha Madrid\",\"isPartOf\":{\"@id\":\"https:\\\/\\\/coolrooms.com\\\/palaciodeatocha\\\/#website\"},\"datePublished\":\"2018-06-29T12:54:25+00:00\",\"dateModified\":\"2025-09-05T12:29:01+00:00\",\"description\":\"Nuestro patio con piscina es el mejor lugar para saborear c\u00f3cteles de autor, exquisitos vinos y una cuidada selecci\u00f3n de destilados premium.\",\"breadcrumb\":{\"@id\":\"https:\\\/\\\/coolrooms.com\\\/palaciodeatocha\\\/pool-garden\\\/#breadcrumb\"},\"inLanguage\":\"es\",\"potentialAction\":[{\"@type\":\"ReadAction\",\"target\":[\"https:\\\/\\\/coolrooms.com\\\/palaciodeatocha\\\/pool-garden\\\/\"]}]},{\"@type\":\"BreadcrumbList\",\"@id\":\"https:\\\/\\\/coolrooms.com\\\/palaciodeatocha\\\/pool-garden\\\/#breadcrumb\",\"itemListElement\":[{\"@type\":\"ListItem\",\"position\":1,\"name\":\"Home\",\"item\":\"https:\\\/\\\/coolrooms.com\\\/palaciodeatocha\\\/\"},{\"@type\":\"ListItem\",\"position\":2,\"name\":\"Pool garden\"}]},{\"@type\":\"WebSite\",\"@id\":\"https:\\\/\\\/coolrooms.com\\\/palaciodeatocha\\\/#website\",\"url\":\"https:\\\/\\\/coolrooms.com\\\/palaciodeatocha\\\/\",\"name\":\"Hotel CoolRooms Palacio de Atocha Madrid\",\"description\":\"Hotel de lujo en Atocha Madrid\",\"publisher\":{\"@id\":\"https:\\\/\\\/coolrooms.com\\\/palaciodeatocha\\\/#organization\"},\"potentialAction\":[{\"@type\":\"SearchAction\",\"target\":{\"@type\":\"EntryPoint\",\"urlTemplate\":\"https:\\\/\\\/coolrooms.com\\\/palaciodeatocha\\\/?s={search_term_string}\"},\"query-input\":{\"@type\":\"PropertyValueSpecification\",\"valueRequired\":true,\"valueName\":\"search_term_string\"}}],\"inLanguage\":\"es\"},{\"@type\":\"Organization\",\"@id\":\"https:\\\/\\\/coolrooms.com\\\/palaciodeatocha\\\/#organization\",\"name\":\"CoolRooms Palacio de Atocha\",\"url\":\"https:\\\/\\\/coolrooms.com\\\/palaciodeatocha\\\/\",\"logo\":{\"@type\":\"ImageObject\",\"inLanguage\":\"es\",\"@id\":\"https:\\\/\\\/coolrooms.com\\\/palaciodeatocha\\\/#\\\/schema\\\/logo\\\/image\\\/\",\"url\":\"https:\\\/\\\/coolrooms.com\\\/palaciodeatocha\\\/wp-content\\\/uploads\\\/sites\\\/3\\\/2018\\\/06\\\/coolrooms-logotipo-1.png\",\"contentUrl\":\"https:\\\/\\\/coolrooms.com\\\/palaciodeatocha\\\/wp-content\\\/uploads\\\/sites\\\/3\\\/2018\\\/06\\\/coolrooms-logotipo-1.png\",\"width\":591,\"height\":382,\"caption\":\"CoolRooms Palacio de Atocha\"},\"image\":{\"@id\":\"https:\\\/\\\/coolrooms.com\\\/palaciodeatocha\\\/#\\\/schema\\\/logo\\\/image\\\/\"}}]}<\/script>\n<!-- \/ Yoast SEO plugin. -->","yoast_head_json":{"title":"Pool Garden | Hotel CoolRooms Atocha Madrid","description":"Nuestro patio con piscina es el mejor lugar para saborear c\u00f3cteles de autor, exquisitos vinos y una cuidada selecci\u00f3n de destilados premium.","robots":{"index":"index","follow":"follow","max-snippet":"max-snippet:-1","max-image-preview":"max-image-preview:large","max-video-preview":"max-video-preview:-1"},"canonical":"https:\/\/coolrooms.com\/palaciodeatocha\/pool-garden\/","og_locale":"es_ES","og_type":"article","og_title":"Pool Garden | Hotel CoolRooms Atocha Madrid","og_description":"Nuestro patio con piscina es el mejor lugar para saborear c\u00f3cteles de autor, exquisitos vinos y una cuidada selecci\u00f3n de destilados premium.","og_url":"https:\/\/coolrooms.com\/palaciodeatocha\/pool-garden\/","og_site_name":"Hotel CoolRooms Palacio de Atocha Madrid","article_modified_time":"2025-09-05T12:29:01+00:00","twitter_card":"summary_large_image","twitter_misc":{"Tiempo de lectura":"3 minutos"},"schema":{"@context":"https:\/\/schema.org","@graph":[{"@type":"WebPage","@id":"https:\/\/coolrooms.com\/palaciodeatocha\/pool-garden\/","url":"https:\/\/coolrooms.com\/palaciodeatocha\/pool-garden\/","name":"Pool Garden | Hotel CoolRooms Atocha Madrid","isPartOf":{"@id":"https:\/\/coolrooms.com\/palaciodeatocha\/#website"},"datePublished":"2018-06-29T12:54:25+00:00","dateModified":"2025-09-05T12:29:01+00:00","description":"Nuestro patio con piscina es el mejor lugar para saborear c\u00f3cteles de autor, exquisitos vinos y una cuidada selecci\u00f3n de destilados premium.","breadcrumb":{"@id":"https:\/\/coolrooms.com\/palaciodeatocha\/pool-garden\/#breadcrumb"},"inLanguage":"es","potentialAction":[{"@type":"ReadAction","target":["https:\/\/coolrooms.com\/palaciodeatocha\/pool-garden\/"]}]},{"@type":"BreadcrumbList","@id":"https:\/\/coolrooms.com\/palaciodeatocha\/pool-garden\/#breadcrumb","itemListElement":[{"@type":"ListItem","position":1,"name":"Home","item":"https:\/\/coolrooms.com\/palaciodeatocha\/"},{"@type":"ListItem","position":2,"name":"Pool garden"}]},{"@type":"WebSite","@id":"https:\/\/coolrooms.com\/palaciodeatocha\/#website","url":"https:\/\/coolrooms.com\/palaciodeatocha\/","name":"Hotel CoolRooms Palacio de Atocha Madrid","description":"Hotel de lujo en Atocha Madrid","publisher":{"@id":"https:\/\/coolrooms.com\/palaciodeatocha\/#organization"},"potentialAction":[{"@type":"SearchAction","target":{"@type":"EntryPoint","urlTemplate":"https:\/\/coolrooms.com\/palaciodeatocha\/?s={search_term_string}"},"query-input":{"@type":"PropertyValueSpecification","valueRequired":true,"valueName":"search_term_string"}}],"inLanguage":"es"},{"@type":"Organization","@id":"https:\/\/coolrooms.com\/palaciodeatocha\/#organization","name":"CoolRooms Palacio de Atocha","url":"https:\/\/coolrooms.com\/palaciodeatocha\/","logo":{"@type":"ImageObject","inLanguage":"es","@id":"https:\/\/coolrooms.com\/palaciodeatocha\/#\/schema\/logo\/image\/","url":"https:\/\/coolrooms.com\/palaciodeatocha\/wp-content\/uploads\/sites\/3\/2018\/06\/coolrooms-logotipo-1.png","contentUrl":"https:\/\/coolrooms.com\/palaciodeatocha\/wp-content\/uploads\/sites\/3\/2018\/06\/coolrooms-logotipo-1.png","width":591,"height":382,"caption":"CoolRooms Palacio de Atocha"},"image":{"@id":"https:\/\/coolrooms.com\/palaciodeatocha\/#\/schema\/logo\/image\/"}}]}},"acf":[],"_links":{"self":[{"href":"https:\/\/coolrooms.com\/palaciodeatocha\/wp-json\/wp\/v2\/pages\/1138","targetHints":{"allow":["GET"]}}],"collection":[{"href":"https:\/\/coolrooms.com\/palaciodeatocha\/wp-json\/wp\/v2\/pages"}],"about":[{"href":"https:\/\/coolrooms.com\/palaciodeatocha\/wp-json\/wp\/v2\/types\/page"}],"author":[{"embeddable":true,"href":"https:\/\/coolrooms.com\/palaciodeatocha\/wp-json\/wp\/v2\/users\/13"}],"replies":[{"embeddable":true,"href":"https:\/\/coolrooms.com\/palaciodeatocha\/wp-json\/wp\/v2\/comments?post=1138"}],"version-history":[{"count":1,"href":"https:\/\/coolrooms.com\/palaciodeatocha\/wp-json\/wp\/v2\/pages\/1138\/revisions"}],"predecessor-version":[{"id":19270,"href":"https:\/\/coolrooms.com\/palaciodeatocha\/wp-json\/wp\/v2\/pages\/1138\/revisions\/19270"}],"wp:attachment":[{"href":"https:\/\/coolrooms.com\/palaciodeatocha\/wp-json\/wp\/v2\/media?parent=1138"}],"curies":[{"name":"wp","href":"https:\/\/api.w.org\/{rel}","templated":true}]}}