{"id":21131,"date":"2026-03-13T09:54:34","date_gmt":"2026-03-13T09:54:34","guid":{"rendered":"https:\/\/coolrooms.com\/palaciodeatocha\/?page_id=21131"},"modified":"2026-04-07T09:42:33","modified_gmt":"2026-04-07T09:42:33","slug":"winetipodes","status":"publish","type":"page","link":"https:\/\/coolrooms.com\/palaciodeatocha\/pt-pt\/experiencias\/winetipodes\/","title":{"rendered":"Winetipodes"},"content":{"rendered":"<h2>Winetipodes<\/h2>\n<h4>Desde 230\u20ac<br \/>\n<\/h4>\n<ul>\n<li>\n\t\t\t\t\t\t\t\t\t\t1 pessoa (extens\u00edvel).\n\t\t\t\t\t\t\t\t\t<\/li>\n<li>\n\t\t\t\t\t\t\t\t\t\tIncluindo experi\u00eancia gastron\u00f3mica em locais emblem\u00e1ticos de Madrid.\n\t\t\t\t\t\t\t\t\t<\/li>\n<\/ul>\n<h3>O que esperar da sua experi\u00eancia :<br \/>\n<\/h3>\n<p>Experimentar Madrid atrav\u00e9s da sua gastronomia \u00e9 um bom ponto de partida para conhecer a cultura e a hist\u00f3ria de Madrid. Uma forma diferente de conhecer os recantos de Madrid e o seu sabor. Oferecemos diferentes experi\u00eancias gastron\u00f3micas \u00e0 escolha:<\/p>\n<ul>\n<li><strong>Vinhos &amp; Tapa<\/strong>s: um passeio que permitir\u00e1 descobrir o sabor de pequenos bares e restaurantes gourmet. Uma lista de vinhos locais e nacionais para comparar. Uma experi\u00eancia de tapas e vinhos para desfrutar, aprender e compreender a cultura de Madrid. Dura\u00e7\u00e3o de 3 a 4 horas.<\/li>\n<li><strong>Mercado &amp; Cozinha<\/strong>: um especialista ir\u00e1 busc\u00e1-lo ao hotel para ir ao mercado e comprar uma lista de produtos Premium para cozinhar 4 pratos t\u00edpicos espanh\u00f3is numa cozinha privada. Uma viagem gastron\u00f3mica com especialistas que o guiar\u00e3o pela cozinha e receitas locais. M\u00ednimo 2 pessoas. Dura\u00e7\u00e3o de 4 a 5 horas.<\/li>\n<li><strong>Visita a uma adega da Comunidade de Madrid<\/strong>: conhe\u00e7a o processo do vinho, as vinhas, as adegas e desfrute de uma prova de vinhos acompanhada. Visita a 2 ou 3 adegas da Comunidade de Madrid. M\u00ednimo 2 pessoas.<\/li>\n<\/ul>\n<p>\u00a0<\/p>\n<p>Qualquer alternativa \u00e9 boa se gostar de comer e beber.<\/p>\n<p><strong>Recomenda\u00e7\u00f5es<\/strong>: desfrutar da experi\u00eancia Vinos&amp; Tapas com um passeio a p\u00e9 pelos lugares gastron\u00f3micos mais emblem\u00e1ticos de Madrid.<\/p>\n<h3>Tarifas<\/h3>\n<p>Tour Vinho &amp; Tapas: 230 \u20ac por pessoa<br \/>Vinho &amp; Tapas \u2013 Edi\u00e7\u00e3o de luxo: 267 \u20ac por pessoa<br \/>Mercado &amp; Culin\u00e1ria \u2013 A partir de 460 \u20ac por pessoa<br \/>Visita a adega: 472 \u20ac por pessoa. Transporte n\u00e3o inclu\u00eddo.<\/p>\n<p><strong>Pre\u00e7os com IVA inclu\u00eddo.<\/strong><\/p>\n<p>\u00a0\t\t<\/p>\n<h3>Disponibilidade<br \/>\n<\/h3>\n<p>\t\tReservar com um m\u00ednimo de 48 horas de anteced\u00eancia.<\/p>\n<h3>Condi\u00e7\u00f5es<\/h3>\n<p>Daremos os seus dados de contacto ao especialista gastron\u00f3mico para que este possa entrar em contacto consigo.<br \/>Por favor, informe-nos sobre alergias e intoler\u00e2ncias.<br \/>O transporte n\u00e3o est\u00e1 inclu\u00eddo. Consulte-nos para op\u00e7\u00f5es de custos adicionais.<\/p>\n<p>\t\t\t\t\t<a href=\"https:\/\/wa.me\/34650868269\"><br \/>\n\t\t\t\t\t\t\t\t\tWHATSAPP<br \/>\n\t\t\t\t\t<\/a><br \/>\n\t\t\t\t\t<a href=\"tel:+34910887780\"><br \/>\n\t\t\t\t\t\t\t\t\tTELEFONE<br \/>\n\t\t\t\t\t<\/a><br \/>\n\t\t\t\t\t<a href=\"mailto:reservations@palaciodeatocha.com\"><br \/>\n\t\t\t\t\t\t\t\t\tE-MAIL<br \/>\n\t\t\t\t\t<\/a><\/p>\n","protected":false},"excerpt":{"rendered":"<p>Winetipodes Desde 230\u20ac 1 pessoa (extens\u00edvel). Incluindo experi\u00eancia gastron\u00f3mica em locais emblem\u00e1ticos de Madrid. O que esperar da sua experi\u00eancia : Experimentar Madrid atrav\u00e9s da sua gastronomia \u00e9 um bom ponto de partida para conhecer a cultura e a hist\u00f3ria de Madrid. Uma forma diferente de conhecer os recantos de Madrid e o seu sabor. [&hellip;]<\/p>\n","protected":false},"author":13,"featured_media":0,"parent":19404,"menu_order":0,"comment_status":"closed","ping_status":"closed","template":"","meta":{"_acf_changed":false,"footnotes":""},"class_list":["post-21131","page","type-page","status-publish","hentry"],"yoast_head":"<!-- This site is optimized with the Yoast SEO plugin v27.5 - https:\/\/yoast.com\/product\/yoast-seo-wordpress\/ -->\n<title>Winetipodes | Hotel CoolRooms Palacio de Atocha Madrid<\/title>\n<meta name=\"robots\" content=\"index, follow, max-snippet:-1, max-image-preview:large, max-video-preview:-1\" \/>\n<link rel=\"canonical\" href=\"https:\/\/coolrooms.com\/palaciodeatocha\/pt-pt\/experiencias\/winetipodes\/\" \/>\n<meta property=\"og:locale\" content=\"pt_PT\" \/>\n<meta property=\"og:type\" content=\"article\" \/>\n<meta property=\"og:title\" content=\"Winetipodes | Hotel CoolRooms Palacio de Atocha Madrid\" \/>\n<meta property=\"og:description\" content=\"Winetipodes Desde 230\u20ac 1 pessoa (extens\u00edvel). Incluindo experi\u00eancia gastron\u00f3mica em locais emblem\u00e1ticos de Madrid. O que esperar da sua experi\u00eancia : Experimentar Madrid atrav\u00e9s da sua gastronomia \u00e9 um bom ponto de partida para conhecer a cultura e a hist\u00f3ria de Madrid. Uma forma diferente de conhecer os recantos de Madrid e o seu sabor. [&hellip;]\" \/>\n<meta property=\"og:url\" content=\"https:\/\/coolrooms.com\/palaciodeatocha\/pt-pt\/experiencias\/winetipodes\/\" \/>\n<meta property=\"og:site_name\" content=\"Hotel CoolRooms Palacio de Atocha Madrid\" \/>\n<meta property=\"article:modified_time\" content=\"2026-04-07T09:42:33+00:00\" \/>\n<meta name=\"twitter:card\" content=\"summary_large_image\" \/>\n<meta name=\"twitter:label1\" content=\"Tempo estimado de leitura\" \/>\n\t<meta name=\"twitter:data1\" content=\"2 minutos\" \/>\n<script type=\"application\/ld+json\" class=\"yoast-schema-graph\">{\"@context\":\"https:\\\/\\\/schema.org\",\"@graph\":[{\"@type\":\"WebPage\",\"@id\":\"https:\\\/\\\/coolrooms.com\\\/palaciodeatocha\\\/pt-pt\\\/experiencias\\\/winetipodes\\\/\",\"url\":\"https:\\\/\\\/coolrooms.com\\\/palaciodeatocha\\\/pt-pt\\\/experiencias\\\/winetipodes\\\/\",\"name\":\"Winetipodes | Hotel CoolRooms Palacio de Atocha Madrid\",\"isPartOf\":{\"@id\":\"https:\\\/\\\/coolrooms.com\\\/palaciodeatocha\\\/#website\"},\"datePublished\":\"2026-03-13T09:54:34+00:00\",\"dateModified\":\"2026-04-07T09:42:33+00:00\",\"breadcrumb\":{\"@id\":\"https:\\\/\\\/coolrooms.com\\\/palaciodeatocha\\\/pt-pt\\\/experiencias\\\/winetipodes\\\/#breadcrumb\"},\"inLanguage\":\"pt-PT\",\"potentialAction\":[{\"@type\":\"ReadAction\",\"target\":[\"https:\\\/\\\/coolrooms.com\\\/palaciodeatocha\\\/pt-pt\\\/experiencias\\\/winetipodes\\\/\"]}]},{\"@type\":\"BreadcrumbList\",\"@id\":\"https:\\\/\\\/coolrooms.com\\\/palaciodeatocha\\\/pt-pt\\\/experiencias\\\/winetipodes\\\/#breadcrumb\",\"itemListElement\":[{\"@type\":\"ListItem\",\"position\":1,\"name\":\"Home\",\"item\":\"https:\\\/\\\/coolrooms.com\\\/palaciodeatocha\\\/pt-pt\\\/\"},{\"@type\":\"ListItem\",\"position\":2,\"name\":\"Experi\u00eancias\",\"item\":\"https:\\\/\\\/coolrooms.com\\\/palaciodeatocha\\\/pt-pt\\\/experiencias\\\/\"},{\"@type\":\"ListItem\",\"position\":3,\"name\":\"Winetipodes\"}]},{\"@type\":\"WebSite\",\"@id\":\"https:\\\/\\\/coolrooms.com\\\/palaciodeatocha\\\/#website\",\"url\":\"https:\\\/\\\/coolrooms.com\\\/palaciodeatocha\\\/\",\"name\":\"Hotel CoolRooms Palacio de Atocha Madrid\",\"description\":\"Hotel de lujo en Atocha Madrid\",\"publisher\":{\"@id\":\"https:\\\/\\\/coolrooms.com\\\/palaciodeatocha\\\/#organization\"},\"potentialAction\":[{\"@type\":\"SearchAction\",\"target\":{\"@type\":\"EntryPoint\",\"urlTemplate\":\"https:\\\/\\\/coolrooms.com\\\/palaciodeatocha\\\/?s={search_term_string}\"},\"query-input\":{\"@type\":\"PropertyValueSpecification\",\"valueRequired\":true,\"valueName\":\"search_term_string\"}}],\"inLanguage\":\"pt-PT\"},{\"@type\":\"Organization\",\"@id\":\"https:\\\/\\\/coolrooms.com\\\/palaciodeatocha\\\/#organization\",\"name\":\"CoolRooms Palacio de Atocha\",\"url\":\"https:\\\/\\\/coolrooms.com\\\/palaciodeatocha\\\/\",\"logo\":{\"@type\":\"ImageObject\",\"inLanguage\":\"pt-PT\",\"@id\":\"https:\\\/\\\/coolrooms.com\\\/palaciodeatocha\\\/#\\\/schema\\\/logo\\\/image\\\/\",\"url\":\"https:\\\/\\\/coolrooms.com\\\/palaciodeatocha\\\/wp-content\\\/uploads\\\/sites\\\/3\\\/2018\\\/06\\\/coolrooms-logotipo-1.png\",\"contentUrl\":\"https:\\\/\\\/coolrooms.com\\\/palaciodeatocha\\\/wp-content\\\/uploads\\\/sites\\\/3\\\/2018\\\/06\\\/coolrooms-logotipo-1.png\",\"width\":591,\"height\":382,\"caption\":\"CoolRooms Palacio de Atocha\"},\"image\":{\"@id\":\"https:\\\/\\\/coolrooms.com\\\/palaciodeatocha\\\/#\\\/schema\\\/logo\\\/image\\\/\"}}]}<\/script>\n<!-- \/ Yoast SEO plugin. -->","yoast_head_json":{"title":"Winetipodes | Hotel CoolRooms Palacio de Atocha Madrid","robots":{"index":"index","follow":"follow","max-snippet":"max-snippet:-1","max-image-preview":"max-image-preview:large","max-video-preview":"max-video-preview:-1"},"canonical":"https:\/\/coolrooms.com\/palaciodeatocha\/pt-pt\/experiencias\/winetipodes\/","og_locale":"pt_PT","og_type":"article","og_title":"Winetipodes | Hotel CoolRooms Palacio de Atocha Madrid","og_description":"Winetipodes Desde 230\u20ac 1 pessoa (extens\u00edvel). Incluindo experi\u00eancia gastron\u00f3mica em locais emblem\u00e1ticos de Madrid. O que esperar da sua experi\u00eancia : Experimentar Madrid atrav\u00e9s da sua gastronomia \u00e9 um bom ponto de partida para conhecer a cultura e a hist\u00f3ria de Madrid. Uma forma diferente de conhecer os recantos de Madrid e o seu sabor. [&hellip;]","og_url":"https:\/\/coolrooms.com\/palaciodeatocha\/pt-pt\/experiencias\/winetipodes\/","og_site_name":"Hotel CoolRooms Palacio de Atocha Madrid","article_modified_time":"2026-04-07T09:42:33+00:00","twitter_card":"summary_large_image","twitter_misc":{"Tempo estimado de leitura":"2 minutos"},"schema":{"@context":"https:\/\/schema.org","@graph":[{"@type":"WebPage","@id":"https:\/\/coolrooms.com\/palaciodeatocha\/pt-pt\/experiencias\/winetipodes\/","url":"https:\/\/coolrooms.com\/palaciodeatocha\/pt-pt\/experiencias\/winetipodes\/","name":"Winetipodes | Hotel CoolRooms Palacio de Atocha Madrid","isPartOf":{"@id":"https:\/\/coolrooms.com\/palaciodeatocha\/#website"},"datePublished":"2026-03-13T09:54:34+00:00","dateModified":"2026-04-07T09:42:33+00:00","breadcrumb":{"@id":"https:\/\/coolrooms.com\/palaciodeatocha\/pt-pt\/experiencias\/winetipodes\/#breadcrumb"},"inLanguage":"pt-PT","potentialAction":[{"@type":"ReadAction","target":["https:\/\/coolrooms.com\/palaciodeatocha\/pt-pt\/experiencias\/winetipodes\/"]}]},{"@type":"BreadcrumbList","@id":"https:\/\/coolrooms.com\/palaciodeatocha\/pt-pt\/experiencias\/winetipodes\/#breadcrumb","itemListElement":[{"@type":"ListItem","position":1,"name":"Home","item":"https:\/\/coolrooms.com\/palaciodeatocha\/pt-pt\/"},{"@type":"ListItem","position":2,"name":"Experi\u00eancias","item":"https:\/\/coolrooms.com\/palaciodeatocha\/pt-pt\/experiencias\/"},{"@type":"ListItem","position":3,"name":"Winetipodes"}]},{"@type":"WebSite","@id":"https:\/\/coolrooms.com\/palaciodeatocha\/#website","url":"https:\/\/coolrooms.com\/palaciodeatocha\/","name":"Hotel CoolRooms Palacio de Atocha Madrid","description":"Hotel de lujo en Atocha Madrid","publisher":{"@id":"https:\/\/coolrooms.com\/palaciodeatocha\/#organization"},"potentialAction":[{"@type":"SearchAction","target":{"@type":"EntryPoint","urlTemplate":"https:\/\/coolrooms.com\/palaciodeatocha\/?s={search_term_string}"},"query-input":{"@type":"PropertyValueSpecification","valueRequired":true,"valueName":"search_term_string"}}],"inLanguage":"pt-PT"},{"@type":"Organization","@id":"https:\/\/coolrooms.com\/palaciodeatocha\/#organization","name":"CoolRooms Palacio de Atocha","url":"https:\/\/coolrooms.com\/palaciodeatocha\/","logo":{"@type":"ImageObject","inLanguage":"pt-PT","@id":"https:\/\/coolrooms.com\/palaciodeatocha\/#\/schema\/logo\/image\/","url":"https:\/\/coolrooms.com\/palaciodeatocha\/wp-content\/uploads\/sites\/3\/2018\/06\/coolrooms-logotipo-1.png","contentUrl":"https:\/\/coolrooms.com\/palaciodeatocha\/wp-content\/uploads\/sites\/3\/2018\/06\/coolrooms-logotipo-1.png","width":591,"height":382,"caption":"CoolRooms Palacio de Atocha"},"image":{"@id":"https:\/\/coolrooms.com\/palaciodeatocha\/#\/schema\/logo\/image\/"}}]}},"acf":[],"_links":{"self":[{"href":"https:\/\/coolrooms.com\/palaciodeatocha\/pt-pt\/wp-json\/wp\/v2\/pages\/21131","targetHints":{"allow":["GET"]}}],"collection":[{"href":"https:\/\/coolrooms.com\/palaciodeatocha\/pt-pt\/wp-json\/wp\/v2\/pages"}],"about":[{"href":"https:\/\/coolrooms.com\/palaciodeatocha\/pt-pt\/wp-json\/wp\/v2\/types\/page"}],"author":[{"embeddable":true,"href":"https:\/\/coolrooms.com\/palaciodeatocha\/pt-pt\/wp-json\/wp\/v2\/users\/13"}],"replies":[{"embeddable":true,"href":"https:\/\/coolrooms.com\/palaciodeatocha\/pt-pt\/wp-json\/wp\/v2\/comments?post=21131"}],"version-history":[{"count":9,"href":"https:\/\/coolrooms.com\/palaciodeatocha\/pt-pt\/wp-json\/wp\/v2\/pages\/21131\/revisions"}],"predecessor-version":[{"id":22201,"href":"https:\/\/coolrooms.com\/palaciodeatocha\/pt-pt\/wp-json\/wp\/v2\/pages\/21131\/revisions\/22201"}],"up":[{"embeddable":true,"href":"https:\/\/coolrooms.com\/palaciodeatocha\/pt-pt\/wp-json\/wp\/v2\/pages\/19404"}],"wp:attachment":[{"href":"https:\/\/coolrooms.com\/palaciodeatocha\/pt-pt\/wp-json\/wp\/v2\/media?parent=21131"}],"curies":[{"name":"wp","href":"https:\/\/api.w.org\/{rel}","templated":true}]}}