{"id":13431,"date":"2023-02-16T14:00:48","date_gmt":"2023-02-16T14:00:48","guid":{"rendered":"https:\/\/coolrooms.com\/palaciodeatocha\/quartos\/deluxe-room\/"},"modified":"2025-09-09T10:20:46","modified_gmt":"2025-09-09T10:20:46","slug":"deluxe-room","status":"publish","type":"page","link":"https:\/\/coolrooms.com\/palaciodeatocha\/pt-pt\/quartos\/deluxe-room\/","title":{"rendered":"Deluxe Room"},"content":{"rendered":"<div class=\"wpb-content-wrapper\"><p>[vc_row css_animation=&#8221;&#8221; row_type=&#8221;row&#8221; use_row_as_full_screen_section=&#8221;no&#8221; type=&#8221;grid&#8221; angled_section=&#8221;no&#8221; text_align=&#8221;left&#8221; background_image_as_pattern=&#8221;without_pattern&#8221; el_id=&#8221;description&#8221; z_index=&#8221;&#8221; css=&#8221;.vc_custom_1528453076681{padding-bottom: 180px !important;}&#8221;][vc_column width=&#8221;2\/3&#8243; css=&#8221;.vc_custom_1528448395288{background-color: #ffffff !important;}&#8221;][vc_column_text]<\/p>\n<h2 class=\"subtitulo\">Deluxe Room<\/h2>\n<p>[\/vc_column_text][vc_separator css_animation=&#8221;fadeInLeft&#8221; type=&#8221;small&#8221; position=&#8221;left&#8221; color=&#8221;#ad0032&#8243; thickness=&#8221;2&#8243; width=&#8221;50&#8243;][vc_column_text]<\/p>\n<h3><strong>De 30 a 34 <\/strong><strong>m<sup>2<\/sup><\/strong><\/h3>\n<p>[\/vc_column_text][vc_separator css_animation=&#8221;none&#8221; type=&#8221;transparent&#8221; thickness=&#8221;2&#8243; up=&#8221;30&#8243;][vc_column_text]Desfrute dos nossos quartos Deluxe. S\u00e3o a combina\u00e7\u00e3o perfeita para os viajantes que procuram uma experi\u00eancia agrad\u00e1vel e perfeita. Cada quarto \u00e9 decorado individualmente para proporcionar uma estadia confort\u00e1vel com a mais recente tecnologia. Ap\u00f3s um dia de compras, turismo ou neg\u00f3cios em Madrid, retire para o seu quarto para desfrutar de um ambiente tranquilo com um estilo cl\u00e1ssico redefinido.[\/vc_column_text][vc_raw_html]PGEgaHJlZj0iIyIgY2xhc3M9ImxpbmstMzYwIG9wZW4tZGVsdXhlLXJvb20tMzYwIiB0aXRsZT0iRGVsdXhlIFJvb20iIHN0eWxlPSJjdXJzb3I6IHBvaW50ZXI7Ij4KCTxpbWcgc3JjPSIvd3AtY29udGVudC91cGxvYWRzL3NpdGVzLzMvMjAyMi8xMi8zNjAucG5nIiB3aWR0aD0iNTAiIGhlaWdodD0iNTAiIGFsdD0iMzYwIiBzdHlsZT0id2lkdGg6MzVweDtoZWlnaHQ6MzVweDsiPgo8L2E+[\/vc_raw_html][\/vc_column][vc_column width=&#8221;1\/3&#8243;][\/vc_column][\/vc_row][vc_row css_animation=&#8221;&#8221; row_type=&#8221;row&#8221; use_row_as_full_screen_section=&#8221;no&#8221; type=&#8221;grid&#8221; angled_section=&#8221;no&#8221; text_align=&#8221;left&#8221; background_image_as_pattern=&#8221;without_pattern&#8221; background_color=&#8221;#f8f3e9&#8243; css=&#8221;.vc_custom_1528453789317{padding-top: 60px !important;padding-right: 60px !important;padding-left: 60px !important;background-color: #f8f3e9 !important;}&#8221; z_index=&#8221;&#8221; el_id=&#8221;galeria&#8221;][vc_column][vc_gallery type=&#8221;flexslider_slide&#8221; interval=&#8221;3&#8243; images=&#8221;17858,17863,9268&#8243; img_size=&#8221;full&#8221; onclick=&#8221;&#8221; css_animation=&#8221;top-to-bottom&#8221; css=&#8221;.vc_custom_1741265825626{padding-right: 40px !important;padding-left: 40px !important;}&#8221;][\/vc_column][\/vc_row][vc_row css_animation=&#8221;&#8221; row_type=&#8221;row&#8221; use_row_as_full_screen_section=&#8221;no&#8221; type=&#8221;grid&#8221; angled_section=&#8221;no&#8221; text_align=&#8221;left&#8221; background_image_as_pattern=&#8221;without_pattern&#8221; z_index=&#8221;&#8221;][vc_column][vc_row_inner row_type=&#8221;row&#8221; type=&#8221;full_width&#8221; text_align=&#8221;left&#8221; css_animation=&#8221;&#8221; css=&#8221;.vc_custom_1757405547835{padding-top: 30px !important;padding-right: 30px !important;padding-bottom: 30px !important;padding-left: 30px !important;background-color: #ffffff !important;background-position: center !important;background-repeat: no-repeat !important;background-size: contain !important;}&#8221; el_id=&#8221;facilities&#8221;][vc_column_inner width=&#8221;1\/2&#8243;][vc_column_text]<\/p>\n<h2>Servi\u00e7os<\/h2>\n<p>[\/vc_column_text]<div class='q_list circle normal animate_list'><\/p>\n<ul>\n<li>Colch\u00e3o \u00fanico feito \u00e0 medida 2&#215;2<\/li>\n<li>Smart TV 43 &#8220;<\/li>\n<li>Bang &amp; Olufsen Wireless Speaker Beoplay M3<\/li>\n<li>Cafetera Nespresso<\/li>\n<li>Steamer (prancha a vapor) e t\u00e1bua de engomar<\/li>\n<\/ul>\n<p><\/div>[\/vc_column_inner][vc_column_inner width=&#8221;1\/2&#8243;][vc_empty_space height=&#8221;40px&#8221;]<div class='q_list circle normal animate_list'><\/p>\n<ul>\n<li>Bar privado refrigerado<\/li>\n<li>Russell Hobbs Kettle<\/li>\n<li>Produtos de higiene de luxo Molton Brown<\/li>\n<li>Secador e alisador de cabelo GHD<\/li>\n<li>Roupa de banho e chinelos de m\u00e1xima suavidade<\/li>\n<li>Cofre na sala com carregador de dispositivos<\/li>\n<\/ul>\n<p><\/div>[\/vc_column_inner][\/vc_row_inner][\/vc_column][\/vc_row][vc_row css_animation=&#8221;&#8221; row_type=&#8221;row&#8221; use_row_as_full_screen_section=&#8221;no&#8221; type=&#8221;full_width&#8221; angled_section=&#8221;no&#8221; text_align=&#8221;left&#8221; background_image_as_pattern=&#8221;without_pattern&#8221;][vc_column][vc_empty_space height=&#8221;40px&#8221;][\/vc_column][\/vc_row]<\/p>\n<\/div>","protected":false},"excerpt":{"rendered":"<p>[vc_row css_animation=&#8221;&#8221; row_type=&#8221;row&#8221; use_row_as_full_screen_section=&#8221;no&#8221; type=&#8221;grid&#8221; angled_section=&#8221;no&#8221; text_align=&#8221;left&#8221; background_image_as_pattern=&#8221;without_pattern&#8221; el_id=&#8221;description&#8221; z_index=&#8221;&#8221; css=&#8221;.vc_custom_1528453076681{padding-bottom: 180px !important;}&#8221;][vc_column width=&#8221;2\/3&#8243; css=&#8221;.vc_custom_1528448395288{background-color: #ffffff !important;}&#8221;][vc_column_text] Deluxe Room [\/vc_column_text][vc_separator css_animation=&#8221;fadeInLeft&#8221; type=&#8221;small&#8221; position=&#8221;left&#8221; color=&#8221;#ad0032&#8243; thickness=&#8221;2&#8243; width=&#8221;50&#8243;][vc_column_text] De 30 a 34 m2 [\/vc_column_text][vc_separator css_animation=&#8221;none&#8221; type=&#8221;transparent&#8221; thickness=&#8221;2&#8243; up=&#8221;30&#8243;][vc_column_text]Desfrute dos nossos quartos Deluxe. S\u00e3o a combina\u00e7\u00e3o perfeita para&#8230;<\/p>\n","protected":false},"author":2,"featured_media":18040,"parent":13085,"menu_order":0,"comment_status":"closed","ping_status":"closed","template":"full_width.php","meta":{"_acf_changed":false,"footnotes":""},"class_list":["post-13431","page","type-page","status-publish","has-post-thumbnail","hentry"],"yoast_head":"<!-- This site is optimized with the Yoast SEO plugin v27.3 - https:\/\/yoast.com\/product\/yoast-seo-wordpress\/ -->\n<title>Deluxe Room | Hotel CoolRooms Atocha Madrid<\/title>\n<meta name=\"description\" content=\"Os nossos quartos Deluxe s\u00e3o a combina\u00e7\u00e3o perfeita para os viajantes que procuram uma experi\u00eancia agrad\u00e1vel e perfeita em Madrid. Fa\u00e7a a sua reserva!\" \/>\n<meta name=\"robots\" content=\"index, follow, max-snippet:-1, max-image-preview:large, max-video-preview:-1\" \/>\n<link rel=\"canonical\" href=\"https:\/\/coolrooms.com\/palaciodeatocha\/pt-pt\/quartos\/deluxe-room\/\" \/>\n<meta property=\"og:locale\" content=\"pt_PT\" \/>\n<meta property=\"og:type\" content=\"article\" \/>\n<meta property=\"og:title\" content=\"Deluxe Room | Hotel CoolRooms Atocha Madrid\" \/>\n<meta property=\"og:description\" content=\"Os nossos quartos Deluxe s\u00e3o a combina\u00e7\u00e3o perfeita para os viajantes que procuram uma experi\u00eancia agrad\u00e1vel e perfeita em Madrid. Fa\u00e7a a sua reserva!\" \/>\n<meta property=\"og:url\" content=\"https:\/\/coolrooms.com\/palaciodeatocha\/pt-pt\/quartos\/deluxe-room\/\" \/>\n<meta property=\"og:site_name\" content=\"Hotel CoolRooms Palacio de Atocha Madrid\" \/>\n<meta property=\"article:modified_time\" content=\"2025-09-09T10:20:46+00:00\" \/>\n<meta property=\"og:image\" content=\"https:\/\/coolrooms.com\/palaciodeatocha\/wp-content\/uploads\/sites\/3\/2025\/03\/Portada-_.jpg\" \/>\n\t<meta property=\"og:image:width\" content=\"1080\" \/>\n\t<meta property=\"og:image:height\" content=\"1080\" \/>\n\t<meta property=\"og:image:type\" content=\"image\/jpeg\" \/>\n<meta name=\"twitter:card\" content=\"summary_large_image\" \/>\n<meta name=\"twitter:label1\" content=\"Tempo estimado de leitura\" \/>\n\t<meta name=\"twitter:data1\" content=\"2 minutos\" \/>\n<script type=\"application\/ld+json\" class=\"yoast-schema-graph\">{\"@context\":\"https:\\\/\\\/schema.org\",\"@graph\":[{\"@type\":\"WebPage\",\"@id\":\"https:\\\/\\\/coolrooms.com\\\/palaciodeatocha\\\/pt-pt\\\/quartos\\\/deluxe-room\\\/\",\"url\":\"https:\\\/\\\/coolrooms.com\\\/palaciodeatocha\\\/pt-pt\\\/quartos\\\/deluxe-room\\\/\",\"name\":\"Deluxe Room | Hotel CoolRooms Atocha Madrid\",\"isPartOf\":{\"@id\":\"https:\\\/\\\/coolrooms.com\\\/palaciodeatocha\\\/#website\"},\"primaryImageOfPage\":{\"@id\":\"https:\\\/\\\/coolrooms.com\\\/palaciodeatocha\\\/pt-pt\\\/quartos\\\/deluxe-room\\\/#primaryimage\"},\"image\":{\"@id\":\"https:\\\/\\\/coolrooms.com\\\/palaciodeatocha\\\/pt-pt\\\/quartos\\\/deluxe-room\\\/#primaryimage\"},\"thumbnailUrl\":\"https:\\\/\\\/coolrooms.com\\\/palaciodeatocha\\\/wp-content\\\/uploads\\\/sites\\\/3\\\/2025\\\/03\\\/Portada-_.jpg\",\"datePublished\":\"2023-02-16T14:00:48+00:00\",\"dateModified\":\"2025-09-09T10:20:46+00:00\",\"description\":\"Os nossos quartos Deluxe s\u00e3o a combina\u00e7\u00e3o perfeita para os viajantes que procuram uma experi\u00eancia agrad\u00e1vel e perfeita em Madrid. Fa\u00e7a a sua reserva!\",\"breadcrumb\":{\"@id\":\"https:\\\/\\\/coolrooms.com\\\/palaciodeatocha\\\/pt-pt\\\/quartos\\\/deluxe-room\\\/#breadcrumb\"},\"inLanguage\":\"pt-PT\",\"potentialAction\":[{\"@type\":\"ReadAction\",\"target\":[\"https:\\\/\\\/coolrooms.com\\\/palaciodeatocha\\\/pt-pt\\\/quartos\\\/deluxe-room\\\/\"]}]},{\"@type\":\"ImageObject\",\"inLanguage\":\"pt-PT\",\"@id\":\"https:\\\/\\\/coolrooms.com\\\/palaciodeatocha\\\/pt-pt\\\/quartos\\\/deluxe-room\\\/#primaryimage\",\"url\":\"https:\\\/\\\/coolrooms.com\\\/palaciodeatocha\\\/wp-content\\\/uploads\\\/sites\\\/3\\\/2025\\\/03\\\/Portada-_.jpg\",\"contentUrl\":\"https:\\\/\\\/coolrooms.com\\\/palaciodeatocha\\\/wp-content\\\/uploads\\\/sites\\\/3\\\/2025\\\/03\\\/Portada-_.jpg\",\"width\":1080,\"height\":1080},{\"@type\":\"BreadcrumbList\",\"@id\":\"https:\\\/\\\/coolrooms.com\\\/palaciodeatocha\\\/pt-pt\\\/quartos\\\/deluxe-room\\\/#breadcrumb\",\"itemListElement\":[{\"@type\":\"ListItem\",\"position\":1,\"name\":\"Home\",\"item\":\"https:\\\/\\\/coolrooms.com\\\/palaciodeatocha\\\/pt-pt\\\/\"},{\"@type\":\"ListItem\",\"position\":2,\"name\":\"Quartos\",\"item\":\"https:\\\/\\\/coolrooms.com\\\/palaciodeatocha\\\/pt-pt\\\/quartos\\\/\"},{\"@type\":\"ListItem\",\"position\":3,\"name\":\"Deluxe Room\"}]},{\"@type\":\"WebSite\",\"@id\":\"https:\\\/\\\/coolrooms.com\\\/palaciodeatocha\\\/#website\",\"url\":\"https:\\\/\\\/coolrooms.com\\\/palaciodeatocha\\\/\",\"name\":\"Hotel CoolRooms Palacio de Atocha Madrid\",\"description\":\"Hotel de lujo en Atocha Madrid\",\"publisher\":{\"@id\":\"https:\\\/\\\/coolrooms.com\\\/palaciodeatocha\\\/#organization\"},\"potentialAction\":[{\"@type\":\"SearchAction\",\"target\":{\"@type\":\"EntryPoint\",\"urlTemplate\":\"https:\\\/\\\/coolrooms.com\\\/palaciodeatocha\\\/?s={search_term_string}\"},\"query-input\":{\"@type\":\"PropertyValueSpecification\",\"valueRequired\":true,\"valueName\":\"search_term_string\"}}],\"inLanguage\":\"pt-PT\"},{\"@type\":\"Organization\",\"@id\":\"https:\\\/\\\/coolrooms.com\\\/palaciodeatocha\\\/#organization\",\"name\":\"CoolRooms Palacio de Atocha\",\"url\":\"https:\\\/\\\/coolrooms.com\\\/palaciodeatocha\\\/\",\"logo\":{\"@type\":\"ImageObject\",\"inLanguage\":\"pt-PT\",\"@id\":\"https:\\\/\\\/coolrooms.com\\\/palaciodeatocha\\\/#\\\/schema\\\/logo\\\/image\\\/\",\"url\":\"https:\\\/\\\/coolrooms.com\\\/palaciodeatocha\\\/wp-content\\\/uploads\\\/sites\\\/3\\\/2018\\\/06\\\/coolrooms-logotipo-1.png\",\"contentUrl\":\"https:\\\/\\\/coolrooms.com\\\/palaciodeatocha\\\/wp-content\\\/uploads\\\/sites\\\/3\\\/2018\\\/06\\\/coolrooms-logotipo-1.png\",\"width\":591,\"height\":382,\"caption\":\"CoolRooms Palacio de Atocha\"},\"image\":{\"@id\":\"https:\\\/\\\/coolrooms.com\\\/palaciodeatocha\\\/#\\\/schema\\\/logo\\\/image\\\/\"}}]}<\/script>\n<!-- \/ Yoast SEO plugin. -->","yoast_head_json":{"title":"Deluxe Room | Hotel CoolRooms Atocha Madrid","description":"Os nossos quartos Deluxe s\u00e3o a combina\u00e7\u00e3o perfeita para os viajantes que procuram uma experi\u00eancia agrad\u00e1vel e perfeita em Madrid. Fa\u00e7a a sua reserva!","robots":{"index":"index","follow":"follow","max-snippet":"max-snippet:-1","max-image-preview":"max-image-preview:large","max-video-preview":"max-video-preview:-1"},"canonical":"https:\/\/coolrooms.com\/palaciodeatocha\/pt-pt\/quartos\/deluxe-room\/","og_locale":"pt_PT","og_type":"article","og_title":"Deluxe Room | Hotel CoolRooms Atocha Madrid","og_description":"Os nossos quartos Deluxe s\u00e3o a combina\u00e7\u00e3o perfeita para os viajantes que procuram uma experi\u00eancia agrad\u00e1vel e perfeita em Madrid. Fa\u00e7a a sua reserva!","og_url":"https:\/\/coolrooms.com\/palaciodeatocha\/pt-pt\/quartos\/deluxe-room\/","og_site_name":"Hotel CoolRooms Palacio de Atocha Madrid","article_modified_time":"2025-09-09T10:20:46+00:00","og_image":[{"width":1080,"height":1080,"url":"https:\/\/coolrooms.com\/palaciodeatocha\/wp-content\/uploads\/sites\/3\/2025\/03\/Portada-_.jpg","type":"image\/jpeg"}],"twitter_card":"summary_large_image","twitter_misc":{"Tempo estimado de leitura":"2 minutos"},"schema":{"@context":"https:\/\/schema.org","@graph":[{"@type":"WebPage","@id":"https:\/\/coolrooms.com\/palaciodeatocha\/pt-pt\/quartos\/deluxe-room\/","url":"https:\/\/coolrooms.com\/palaciodeatocha\/pt-pt\/quartos\/deluxe-room\/","name":"Deluxe Room | Hotel CoolRooms Atocha Madrid","isPartOf":{"@id":"https:\/\/coolrooms.com\/palaciodeatocha\/#website"},"primaryImageOfPage":{"@id":"https:\/\/coolrooms.com\/palaciodeatocha\/pt-pt\/quartos\/deluxe-room\/#primaryimage"},"image":{"@id":"https:\/\/coolrooms.com\/palaciodeatocha\/pt-pt\/quartos\/deluxe-room\/#primaryimage"},"thumbnailUrl":"https:\/\/coolrooms.com\/palaciodeatocha\/wp-content\/uploads\/sites\/3\/2025\/03\/Portada-_.jpg","datePublished":"2023-02-16T14:00:48+00:00","dateModified":"2025-09-09T10:20:46+00:00","description":"Os nossos quartos Deluxe s\u00e3o a combina\u00e7\u00e3o perfeita para os viajantes que procuram uma experi\u00eancia agrad\u00e1vel e perfeita em Madrid. Fa\u00e7a a sua reserva!","breadcrumb":{"@id":"https:\/\/coolrooms.com\/palaciodeatocha\/pt-pt\/quartos\/deluxe-room\/#breadcrumb"},"inLanguage":"pt-PT","potentialAction":[{"@type":"ReadAction","target":["https:\/\/coolrooms.com\/palaciodeatocha\/pt-pt\/quartos\/deluxe-room\/"]}]},{"@type":"ImageObject","inLanguage":"pt-PT","@id":"https:\/\/coolrooms.com\/palaciodeatocha\/pt-pt\/quartos\/deluxe-room\/#primaryimage","url":"https:\/\/coolrooms.com\/palaciodeatocha\/wp-content\/uploads\/sites\/3\/2025\/03\/Portada-_.jpg","contentUrl":"https:\/\/coolrooms.com\/palaciodeatocha\/wp-content\/uploads\/sites\/3\/2025\/03\/Portada-_.jpg","width":1080,"height":1080},{"@type":"BreadcrumbList","@id":"https:\/\/coolrooms.com\/palaciodeatocha\/pt-pt\/quartos\/deluxe-room\/#breadcrumb","itemListElement":[{"@type":"ListItem","position":1,"name":"Home","item":"https:\/\/coolrooms.com\/palaciodeatocha\/pt-pt\/"},{"@type":"ListItem","position":2,"name":"Quartos","item":"https:\/\/coolrooms.com\/palaciodeatocha\/pt-pt\/quartos\/"},{"@type":"ListItem","position":3,"name":"Deluxe Room"}]},{"@type":"WebSite","@id":"https:\/\/coolrooms.com\/palaciodeatocha\/#website","url":"https:\/\/coolrooms.com\/palaciodeatocha\/","name":"Hotel CoolRooms Palacio de Atocha Madrid","description":"Hotel de lujo en Atocha Madrid","publisher":{"@id":"https:\/\/coolrooms.com\/palaciodeatocha\/#organization"},"potentialAction":[{"@type":"SearchAction","target":{"@type":"EntryPoint","urlTemplate":"https:\/\/coolrooms.com\/palaciodeatocha\/?s={search_term_string}"},"query-input":{"@type":"PropertyValueSpecification","valueRequired":true,"valueName":"search_term_string"}}],"inLanguage":"pt-PT"},{"@type":"Organization","@id":"https:\/\/coolrooms.com\/palaciodeatocha\/#organization","name":"CoolRooms Palacio de Atocha","url":"https:\/\/coolrooms.com\/palaciodeatocha\/","logo":{"@type":"ImageObject","inLanguage":"pt-PT","@id":"https:\/\/coolrooms.com\/palaciodeatocha\/#\/schema\/logo\/image\/","url":"https:\/\/coolrooms.com\/palaciodeatocha\/wp-content\/uploads\/sites\/3\/2018\/06\/coolrooms-logotipo-1.png","contentUrl":"https:\/\/coolrooms.com\/palaciodeatocha\/wp-content\/uploads\/sites\/3\/2018\/06\/coolrooms-logotipo-1.png","width":591,"height":382,"caption":"CoolRooms Palacio de Atocha"},"image":{"@id":"https:\/\/coolrooms.com\/palaciodeatocha\/#\/schema\/logo\/image\/"}}]}},"acf":[],"_links":{"self":[{"href":"https:\/\/coolrooms.com\/palaciodeatocha\/pt-pt\/wp-json\/wp\/v2\/pages\/13431","targetHints":{"allow":["GET"]}}],"collection":[{"href":"https:\/\/coolrooms.com\/palaciodeatocha\/pt-pt\/wp-json\/wp\/v2\/pages"}],"about":[{"href":"https:\/\/coolrooms.com\/palaciodeatocha\/pt-pt\/wp-json\/wp\/v2\/types\/page"}],"author":[{"embeddable":true,"href":"https:\/\/coolrooms.com\/palaciodeatocha\/pt-pt\/wp-json\/wp\/v2\/users\/2"}],"replies":[{"embeddable":true,"href":"https:\/\/coolrooms.com\/palaciodeatocha\/pt-pt\/wp-json\/wp\/v2\/comments?post=13431"}],"version-history":[{"count":8,"href":"https:\/\/coolrooms.com\/palaciodeatocha\/pt-pt\/wp-json\/wp\/v2\/pages\/13431\/revisions"}],"predecessor-version":[{"id":19306,"href":"https:\/\/coolrooms.com\/palaciodeatocha\/pt-pt\/wp-json\/wp\/v2\/pages\/13431\/revisions\/19306"}],"up":[{"embeddable":true,"href":"https:\/\/coolrooms.com\/palaciodeatocha\/pt-pt\/wp-json\/wp\/v2\/pages\/13085"}],"wp:featuredmedia":[{"embeddable":true,"href":"https:\/\/coolrooms.com\/palaciodeatocha\/pt-pt\/wp-json\/wp\/v2\/media\/18040"}],"wp:attachment":[{"href":"https:\/\/coolrooms.com\/palaciodeatocha\/pt-pt\/wp-json\/wp\/v2\/media?parent=13431"}],"curies":[{"name":"wp","href":"https:\/\/api.w.org\/{rel}","templated":true}]}}