{"id":13112,"date":"2023-01-23T15:52:44","date_gmt":"2023-01-23T15:52:44","guid":{"rendered":"https:\/\/coolrooms.com\/palaciodeatocha\/experiencias\/"},"modified":"2025-10-24T14:04:19","modified_gmt":"2025-10-24T14:04:19","slug":"experiencias","status":"publish","type":"page","link":"https:\/\/coolrooms.com\/palaciodeatocha\/pt-pt\/experiencias\/","title":{"rendered":"Experi\u00eancias"},"content":{"rendered":"<div class=\"wpb-content-wrapper\"><p>[vc_row css_animation=&#8221;&#8221; row_type=&#8221;row&#8221; use_row_as_full_screen_section=&#8221;no&#8221; type=&#8221;full_width&#8221; angled_section=&#8221;no&#8221; text_align=&#8221;left&#8221; background_image_as_pattern=&#8221;without_pattern&#8221; css=&#8221;.vc_custom_1572251665910{margin-top: 0px !important;}&#8221; z_index=&#8221;&#8221;][vc_column]\n\t\t\t<!-- START Slider 2 11 1 REVOLUTION SLIDER 6.7.38 --><p class=\"rs-p-wp-fix\"><\/p>\n\t\t\t<rs-module-wrap id=\"rev_slider_39_1_wrapper\" data-source=\"gallery\" style=\"visibility:hidden;background:transparent;padding:0;margin:0px auto;margin-top:0;margin-bottom:0;\">\n\t\t\t\t<rs-module id=\"rev_slider_39_1\" style=\"\" data-version=\"6.7.38\">\n\t\t\t\t\t<rs-slides style=\"overflow: hidden; position: absolute;\">\n\t\t\t\t\t\t<rs-slide style=\"position: absolute;\" data-key=\"rs-170\" data-title=\"CoolRooms\" data-in=\"o:0;\" data-out=\"a:false;\" data-sloop=\"s:2500;e:4500;\">\n\t\t\t\t\t\t\t<img decoding=\"async\" src=\"\/\/coolrooms.com\/palaciodeatocha\/wp-content\/plugins\/revslider\/sr6\/assets\/assets\/dummy.png\" alt=\"\" title=\"Experi\u00eancias\" class=\"rev-slidebg tp-rs-img rs-lazyload\" data-lazyload=\"\/\/coolrooms.com\/palaciodeatocha\/wp-content\/plugins\/revslider\/sr6\/assets\/assets\/transparent.png\" data-no-retina>\n\t\t\t\t\t\t\t<rs-bgvideo \n\t\t\t\t\t\t\t\tdata-video=\"w:100%;h:100%;l:loop;ptimer:true;vfc:true;\"\n\t\t\t\t\t\t\t\tdata-mp4=\"\/\/storage.googleapis.com\/media-coolrooms-com\/atocha\/COOLROOMS-YOGA-SPIRIT.mp4\"\n\t\t\t\t\t\t\t><\/rs-bgvideo>\n<!--\n\t\t\t\t\t\t\t--><rs-layer\n\t\t\t\t\t\t\t\tid=\"slider-39-slide-170-layer-2\" \n\t\t\t\t\t\t\t\tdata-type=\"text\"\n\t\t\t\t\t\t\t\tdata-color=\"#fff\"\n\t\t\t\t\t\t\t\tdata-rsp_ch=\"on\"\n\t\t\t\t\t\t\t\tdata-xy=\"x:c;y:c;\"\n\t\t\t\t\t\t\t\tdata-text=\"w:normal;s:127;l:51;ls:2;a:center;\"\n\t\t\t\t\t\t\t\tdata-dim=\"minh:0;\"\n\t\t\t\t\t\t\t\tdata-frame_999=\"o:0;st:w;\"\n\t\t\t\t\t\t\t\tstyle=\"z-index:9;font-family:'Allerta Stencil';\"\n\t\t\t\t\t\t\t>BE COOL \n\t\t\t\t\t\t\t<\/rs-layer><!--\n\n\t\t\t\t\t\t\t--><rs-layer\n\t\t\t\t\t\t\t\tid=\"slider-39-slide-170-layer-3\" \n\t\t\t\t\t\t\t\tdata-type=\"text\"\n\t\t\t\t\t\t\t\tdata-color=\"#fff\"\n\t\t\t\t\t\t\t\tdata-rsp_ch=\"on\"\n\t\t\t\t\t\t\t\tdata-xy=\"x:c;y:509px;\"\n\t\t\t\t\t\t\t\tdata-text=\"w:normal;s:57;l:74;ls:3;fw:300;\"\n\t\t\t\t\t\t\t\tdata-dim=\"minh:0;\"\n\t\t\t\t\t\t\t\tdata-frame_999=\"o:0;st:w;\"\n\t\t\t\t\t\t\t\tstyle=\"z-index:10;font-family:'Raleway';\"\n\t\t\t\t\t\t\t>Experi\u00eancias \n\t\t\t\t\t\t\t<\/rs-layer><!--\n\n\t\t\t\t\t\t\t--><rs-layer\n\t\t\t\t\t\t\t\tid=\"slider-39-slide-170-layer-4\" \n\t\t\t\t\t\t\t\tdata-type=\"shape\"\n\t\t\t\t\t\t\t\tdata-rsp_ch=\"on\"\n\t\t\t\t\t\t\t\tdata-text=\"w:normal;\"\n\t\t\t\t\t\t\t\tdata-dim=\"w:100%;h:100%;\"\n\t\t\t\t\t\t\t\tdata-basealign=\"slide\"\n\t\t\t\t\t\t\t\tdata-frame_999=\"o:0;st:w;\"\n\t\t\t\t\t\t\t\tstyle=\"z-index:8;background-color:rgba(0,0,0,0.5);\"\n\t\t\t\t\t\t\t> \n\t\t\t\t\t\t\t<\/rs-layer><!--\n-->\t\t\t\t\t<\/rs-slide>\n\t\t\t\t\t<\/rs-slides>\n\t\t\t\t<\/rs-module>\n\t\t\t\t<script>\n\t\t\t\t\tsetREVStartSize({c: 'rev_slider_39_1',rl:[1240,1024,768,480],el:[900],gw:[1240],gh:[900],type:'hero',justify:'',layout:'fullwidth',mh:\"0\"});if (window.RS_MODULES!==undefined && window.RS_MODULES.modules!==undefined && window.RS_MODULES.modules[\"revslider391\"]!==undefined) {window.RS_MODULES.modules[\"revslider391\"].once = false;window.revapi39 = undefined;if (window.RS_MODULES.checkMinimal!==undefined) window.RS_MODULES.checkMinimal()}\n\t\t\t\t<\/script>\n\t\t\t<\/rs-module-wrap>\n\t\t\t<!-- END REVOLUTION SLIDER -->\n[\/vc_column][\/vc_row][vc_row css_animation=&#8221;&#8221; row_type=&#8221;row&#8221; use_row_as_full_screen_section=&#8221;no&#8221; type=&#8221;grid&#8221; angled_section=&#8221;no&#8221; text_align=&#8221;left&#8221; background_image_as_pattern=&#8221;without_pattern&#8221; css=&#8221;.vc_custom_1574669748098{padding-top: 80px !important;padding-bottom: 40px !important;}&#8221; z_index=&#8221;&#8221; el_class=&#8221;w960&#8243;][vc_column][vc_column_text]<\/p>\n<h2 style=\"text-align: center;\">Desfrute do luxo de ser COOL<\/h2>\n<p>[\/vc_column_text][vc_empty_space height=&#8221;16px&#8221;][vc_column_text]<\/p>\n<p style=\"text-align: left;\">CoolRooms \u00e9 a fus\u00e3o perfeita de hist\u00f3ria, cultura e inova\u00e7\u00e3o, oferecendo, al\u00e9m disso, um servi\u00e7o de luxo e qualidade e um leque de experi\u00eancias criadas em exclusivo para os nossos h\u00f3spedes. Queremos ser os melhores anfitri\u00f5es nos melhores locais.<\/p>\n<p style=\"text-align: left;\">As experi\u00eancias criadas exclusivamente para os nossos h\u00f3spedes s\u00e3o elaboradas com partners de prest\u00edgio para oferecer viv\u00eancias memor\u00e1veis.<\/p>\n<p>[\/vc_column_text][vc_empty_space][vc_column_text]<\/p>\n<p style=\"text-align: center;\"><strong>Reservas<\/strong><\/p>\n<p>[\/vc_column_text][vc_raw_html]PGRpdiBjbGFzcz0iYnRuLWV4cC1wYWRyZSI+PGEgaHJlZj0iaHR0cHM6Ly9hcGkud2hhdHNhcHAuY29tL3NlbmQ\/cGhvbmU9MzQ2NTA4NjgyNjkiIGNsYXNzPSJidG4tZXhwIj48aSBjbGFzcz0icW9kZV9pY29uX2ZvbnRfYXdlc29tZSBmYSBmYS13aGF0c2FwcCBxb2RlX2J1dHRvbl9pY29uX2VsZW1lbnQiIHN0eWxlPSIiPjwvaT5XaGF0c2FwcDwvYT4KPGEgaHJlZj0ibWFpbHRvOnJlc2VydmF0aW9uc0BwYWxhY2lvZGVhdG9jaGEuY29tIiBjbGFzcz0iYnRuLWV4cCI+PGkgY2xhc3M9InFvZGVfaWNvbl9mb250X2F3ZXNvbWUgZmEgZmEtZW52ZWxvcGUgcW9kZV9idXR0b25faWNvbl9lbGVtZW50IiBzdHlsZT0iIj48L2k+RS1tYWlsPC9hPgo8YSBocmVmPSJ0ZWw6KzM0OTEwODg3NzgwIiBjbGFzcz0iYnRuLWV4cCI+PGkgY2xhc3M9InFvZGVfaWNvbl9mb250X2F3ZXNvbWUgZmEgZmEtcGhvbmUgcW9kZV9idXR0b25faWNvbl9lbGVtZW50IiBzdHlsZT0iIj48L2k+VGVsZWZvbmU8L2E+PC9kaXY+[\/vc_raw_html][\/vc_column][\/vc_row][vc_row css_animation=&#8221;&#8221; row_type=&#8221;row&#8221; use_row_as_full_screen_section=&#8221;no&#8221; type=&#8221;full_width&#8221; angled_section=&#8221;no&#8221; text_align=&#8221;left&#8221; background_image_as_pattern=&#8221;without_pattern&#8221; el_class=&#8221;exp-list&#8221; z_index=&#8221;&#8221;][vc_column][qode_elements_holder number_of_columns=&#8221;two_columns&#8221;][qode_elements_holder_item vertical_alignment=&#8221;top&#8221; advanced_animations=&#8221;no&#8221;][vc_row_inner row_type=&#8221;row&#8221; type=&#8221;full_width&#8221; text_align=&#8221;left&#8221; css_animation=&#8221;&#8221;][vc_column_inner el_class=&#8221;img-exp&#8221; css=&#8221;.vc_custom_1697551291649{background-image: url(https:\/\/coolrooms.com\/palaciodeatocha\/wp-content\/uploads\/sites\/3\/2023\/10\/casa-loewe-madrid-atocha.jpg?id=15063) !important;}&#8221;][\/vc_column_inner][\/vc_row_inner][vc_column_text css=&#8221;.vc_custom_1699017192852{margin-top: 16px !important;margin-right: 8px !important;margin-bottom: 8px !important;margin-left: 8px !important;}&#8221;]<strong>Experi\u00eancia Loewe<\/strong>[\/vc_column_text][vc_column_text css=&#8221;.vc_custom_1697551245568{margin-right: 8px !important;margin-bottom: 8px !important;margin-left: 8px !important;}&#8221;]Gratuito[\/vc_column_text][vc_raw_html]JTNDZGl2JTIwY2xhc3MlM0QlMjJidG4taW5mby1wYWRyZSUyMiUzRSUwQSUzQ2ElMjBocmVmJTNEJTIyaHR0cHMlM0ElMkYlMkZjb29scm9vbXMuY29tJTJGcGFsYWNpb2RlYXRvY2hhJTJGcHQtcHQlMkZleHBlcmllbmNpYXMlMkZleHBlcmllbmNlLWxvZXdlJTJGJTIyJTIwY2xhc3MlM0QlMjJidG4tZXhwJTIyJTNFTWFpcyUyMGluZm9ybWElQzMlQTclQzMlQjVlcyUzQyUyRmElM0UlM0MlMkZkaXYlM0U=[\/vc_raw_html][vc_empty_space][\/qode_elements_holder_item][qode_elements_holder_item vertical_alignment=&#8221;top&#8221; advanced_animations=&#8221;no&#8221;][vc_row_inner row_type=&#8221;row&#8221; type=&#8221;full_width&#8221; text_align=&#8221;left&#8221; css_animation=&#8221;&#8221;][vc_column_inner el_class=&#8221;img-exp&#8221; css=&#8221;.vc_custom_1727243955215{background-image: url(https:\/\/coolrooms.com\/palaciodeatocha\/wp-content\/uploads\/sites\/3\/2024\/09\/coolrooms-atocha-cool-fotografo.jpg?id=17216) !important;}&#8221;][\/vc_column_inner][\/vc_row_inner][vc_column_text css=&#8221;.vc_custom_1707411348823{margin-top: 16px !important;margin-right: 8px !important;margin-bottom: 8px !important;margin-left: 8px !important;}&#8221;]<strong>Experi\u00eancia <span class=\"ui-provider azw azx azy azz baa bab bac bae baf bag bah bai baj bak bal bam ban bao bap baq bar bas bat bau bav baw bax bay baz bba bbb bbc bbd bbe bbf\" dir=\"ltr\">Madrid Fot\u00f3grafo Cool<\/span><\/strong>[\/vc_column_text][vc_column_text css=&#8221;.vc_custom_1727084221150{margin-right: 8px !important;margin-bottom: 8px !important;margin-left: 8px !important;}&#8221;]Desde 330\u20ac[\/vc_column_text][vc_raw_html]JTNDZGl2JTIwY2xhc3MlM0QlMjJidG4taW5mby1wYWRyZSUyMiUzRSUwQSUzQ2ElMjBocmVmJTNEJTIyaHR0cHMlM0ElMkYlMkZjb29scm9vbXMuY29tJTJGcGFsYWNpb2RlYXRvY2hhJTJGcHQtcHQlMkZleHBlcmllbmNpYXMlMkZleHBlcmllbmNpYS1tYWRyaWQtZm90b2dyYWZvLWNvb2wlMkYlMjIlMjBjbGFzcyUzRCUyMmJ0bi1leHAlMjIlM0VNYWlzJTIwaW5mb3JtYSVDMyVBNyVDMyVCNWVzJTNDJTJGYSUzRSUzQyUyRmRpdiUzRQ==[\/vc_raw_html][\/qode_elements_holder_item][\/qode_elements_holder][vc_empty_space][\/vc_column][\/vc_row][vc_row css_animation=&#8221;&#8221; row_type=&#8221;row&#8221; use_row_as_full_screen_section=&#8221;no&#8221; type=&#8221;full_width&#8221; angled_section=&#8221;no&#8221; text_align=&#8221;left&#8221; background_image_as_pattern=&#8221;without_pattern&#8221; el_class=&#8221;exp-list&#8221; z_index=&#8221;&#8221;][vc_column][qode_elements_holder number_of_columns=&#8221;two_columns&#8221; switch_to_one_column=&#8221;never&#8221;][qode_elements_holder_item vertical_alignment=&#8221;top&#8221; advanced_animations=&#8221;no&#8221;][vc_row_inner row_type=&#8221;row&#8221; type=&#8221;full_width&#8221; text_align=&#8221;left&#8221; css_animation=&#8221;&#8221;][vc_column_inner el_class=&#8221;img-exp&#8221; css=&#8221;.vc_custom_1715614384928{background-image: url(https:\/\/coolrooms.com\/palaciodeatocha\/wp-content\/uploads\/sites\/3\/2024\/05\/Fitness.jpg?id=16791) !important;}&#8221;][\/vc_column_inner][\/vc_row_inner][vc_column_text css=&#8221;.vc_custom_1715614428661{margin-top: 16px !important;margin-right: 8px !important;margin-bottom: 8px !important;margin-left: 8px !important;}&#8221;]<strong>Treinador privado de fitness<\/strong>[\/vc_column_text][vc_column_text css=&#8221;.vc_custom_1715614332107{margin-right: 8px !important;margin-bottom: 8px !important;margin-left: 8px !important;}&#8221;]Desde 70\u20ac[\/vc_column_text][vc_raw_html]JTNDZGl2JTIwY2xhc3MlM0QlMjJidG4taW5mby1wYWRyZSUyMiUzRSUwQSUzQ2ElMjBocmVmJTNEJTIyaHR0cHMlM0ElMkYlMkZjb29scm9vbXMuY29tJTJGcGFsYWNpb2RlYXRvY2hhJTJGcHQtcHQlMkZleHBlcmllbmNpYXMlMkZleHBlcmllbmNpYS10cmVpbmFkb3ItcHJpdmFkby1kZS1maXRuZXNzJTJGJTIyJTIwY2xhc3MlM0QlMjJidG4tZXhwJTIyJTNFTWFpcyUyMGluZm9ybWElQzMlQTclQzMlQjVlcyUzQyUyRmElM0UlM0MlMkZkaXYlM0U=[\/vc_raw_html][vc_empty_space][\/qode_elements_holder_item][qode_elements_holder_item vertical_alignment=&#8221;top&#8221; advanced_animations=&#8221;no&#8221;][vc_row_inner row_type=&#8221;row&#8221; type=&#8221;full_width&#8221; text_align=&#8221;left&#8221; css_animation=&#8221;&#8221;][vc_column_inner el_class=&#8221;img-exp&#8221; css=&#8221;.vc_custom_1715614459733{background-image: url(https:\/\/coolrooms.com\/palaciodeatocha\/wp-content\/uploads\/sites\/3\/2024\/05\/Portada-yoga.jpg?id=16796) !important;}&#8221;][\/vc_column_inner][\/vc_row_inner][vc_column_text css=&#8221;.vc_custom_1699017210850{margin-top: 16px !important;margin-right: 8px !important;margin-bottom: 8px !important;margin-left: 8px !important;}&#8221;]<strong>Experi\u00eancia Yoga Sessions<\/strong>[\/vc_column_text][vc_column_text css=&#8221;.vc_custom_1697551327606{margin-right: 8px !important;margin-bottom: 8px !important;margin-left: 8px !important;}&#8221;]Desde 108\u20ac[\/vc_column_text][vc_raw_html]JTNDZGl2JTIwY2xhc3MlM0QlMjJidG4taW5mby1wYWRyZSUyMiUzRSUwQSUzQ2ElMjBocmVmJTNEJTIyaHR0cHMlM0ElMkYlMkZjb29scm9vbXMuY29tJTJGcGFsYWNpb2RlYXRvY2hhJTJGcHQtcHQlMkZleHBlcmllbmNpYXMlMkZ5b2dhLXNlc3Npb25zJTJGJTIyJTIwY2xhc3MlM0QlMjJidG4tZXhwJTIyJTNFTWFpcyUyMGluZm9ybWElQzMlQTclQzMlQjVlcyUzQyUyRmElM0UlM0MlMkZkaXYlM0U=[\/vc_raw_html][\/qode_elements_holder_item][\/qode_elements_holder][vc_empty_space][\/vc_column][\/vc_row][vc_row css_animation=&#8221;&#8221; row_type=&#8221;row&#8221; use_row_as_full_screen_section=&#8221;no&#8221; type=&#8221;full_width&#8221; angled_section=&#8221;no&#8221; text_align=&#8221;left&#8221; background_image_as_pattern=&#8221;without_pattern&#8221; el_class=&#8221;exp-list&#8221; z_index=&#8221;&#8221;][vc_column][qode_elements_holder number_of_columns=&#8221;two_columns&#8221; switch_to_one_column=&#8221;never&#8221;][qode_elements_holder_item advanced_animations=&#8221;no&#8221;][vc_row_inner row_type=&#8221;row&#8221; type=&#8221;full_width&#8221; text_align=&#8221;left&#8221; css_animation=&#8221;&#8221;][vc_column_inner el_class=&#8221;img-exp&#8221; css=&#8221;.vc_custom_1574677716951{background-image: url(https:\/\/coolrooms.com\/palaciodeatocha\/wp-content\/uploads\/sites\/3\/2019\/11\/Personal-Image-Advisor.jpeg?id=4750) !important;}&#8221;][\/vc_column_inner][\/vc_row_inner][vc_column_text css=&#8221;.vc_custom_1699017215371{margin-top: 16px !important;margin-right: 8px !important;margin-bottom: 8px !important;margin-left: 8px !important;}&#8221;]<strong>Experi\u00eancia Personal Image Advisor<\/strong>[\/vc_column_text][vc_column_text css=&#8221;.vc_custom_1715614469742{margin-right: 8px !important;margin-bottom: 8px !important;margin-left: 8px !important;}&#8221;]Desde 130\u20ac[\/vc_column_text][vc_raw_html]JTNDZGl2JTIwY2xhc3MlM0QlMjJidG4taW5mby1wYWRyZSUyMiUzRSUwQSUzQ2ElMjBocmVmJTNEJTIyaHR0cHMlM0ElMkYlMkZjb29scm9vbXMuY29tJTJGcGFsYWNpb2RlYXRvY2hhJTJGcHQtcHQlMkZleHBlcmllbmNpYXMlMkZleHBlcmllbmNpYS1wZXJzb25hbC1pbWFnZS1hZHZpc29yJTJGJTIyJTIwY2xhc3MlM0QlMjJidG4tZXhwJTIyJTNFTWFpcyUyMGluZm9ybWElQzMlQTclQzMlQjVlcyUzQyUyRmElM0UlM0MlMkZkaXYlM0U=[\/vc_raw_html][\/qode_elements_holder_item][qode_elements_holder_item advanced_animations=&#8221;no&#8221;][vc_row_inner row_type=&#8221;row&#8221; type=&#8221;full_width&#8221; text_align=&#8221;left&#8221; css_animation=&#8221;&#8221;][vc_column_inner el_class=&#8221;img-exp&#8221; css=&#8221;.vc_custom_1574677844536{background-image: url(https:\/\/coolrooms.com\/palaciodeatocha\/wp-content\/uploads\/sites\/3\/2019\/11\/Catas-y-degustaciones.jpg?id=4752) !important;}&#8221;][\/vc_column_inner][\/vc_row_inner][vc_column_text css=&#8221;.vc_custom_1699017221212{margin-top: 16px !important;margin-right: 8px !important;margin-bottom: 8px !important;margin-left: 8px !important;}&#8221;]<strong>Experi\u00eancia gastron\u00f3mica Winetipodes<\/strong>[\/vc_column_text][vc_column_text css=&#8221;.vc_custom_1761314656893{margin-right: 8px !important;margin-bottom: 8px !important;margin-left: 8px !important;}&#8221;]Desde 230\u20ac[\/vc_column_text][vc_raw_html]JTNDZGl2JTIwY2xhc3MlM0QlMjJidG4taW5mby1wYWRyZSUyMiUzRSUwQSUzQ2ElMjBocmVmJTNEJTIyaHR0cHMlM0ElMkYlMkZjb29scm9vbXMuY29tJTJGcGFsYWNpb2RlYXRvY2hhJTJGcHQtcHQlMkZleHBlcmllbmNpYXMlMkZ3aW5ldGlwb2RlcyUyRiUyMiUyMGNsYXNzJTNEJTIyYnRuLWV4cCUyMiUzRU1haXMlMjBpbmZvcm1hJUMzJUE3JUMzJUI1ZXMlM0MlMkZhJTNFJTNDJTJGZGl2JTNF[\/vc_raw_html][\/qode_elements_holder_item][\/qode_elements_holder][vc_empty_space height=&#8221;92px&#8221;][\/vc_column][\/vc_row]<\/p>\n<\/div>","protected":false},"excerpt":{"rendered":"<p>[vc_row css_animation=&#8221;&#8221; row_type=&#8221;row&#8221; use_row_as_full_screen_section=&#8221;no&#8221; type=&#8221;full_width&#8221; angled_section=&#8221;no&#8221; text_align=&#8221;left&#8221; background_image_as_pattern=&#8221;without_pattern&#8221; css=&#8221;.vc_custom_1572251665910{margin-top: 0px !important;}&#8221; z_index=&#8221;&#8221;][vc_column][\/vc_column][\/vc_row][vc_row css_animation=&#8221;&#8221; row_type=&#8221;row&#8221; use_row_as_full_screen_section=&#8221;no&#8221; type=&#8221;grid&#8221; angled_section=&#8221;no&#8221; text_align=&#8221;left&#8221; background_image_as_pattern=&#8221;without_pattern&#8221; css=&#8221;.vc_custom_1574669748098{padding-top: 80px !important;padding-bottom: 40px !important;}&#8221; z_index=&#8221;&#8221; el_class=&#8221;w960&#8243;][vc_column][vc_column_text] Desfrute do luxo de ser COOL [\/vc_column_text][vc_empty_space height=&#8221;16px&#8221;][vc_column_text] CoolRooms \u00e9 a fus\u00e3o perfeita de hist\u00f3ria, cultura e inova\u00e7\u00e3o, oferecendo,&#8230;<\/p>\n","protected":false},"author":7,"featured_media":0,"parent":0,"menu_order":0,"comment_status":"closed","ping_status":"closed","template":"","meta":{"_acf_changed":false,"footnotes":""},"class_list":["post-13112","page","type-page","status-publish","hentry"],"yoast_head":"<!-- This site is optimized with the Yoast SEO plugin v27.3 - https:\/\/yoast.com\/product\/yoast-seo-wordpress\/ -->\n<title>Experi\u00eancias | Hotel CoolRooms Atocha Madrid<\/title>\n<meta name=\"description\" content=\"CoolRooms \u00e9 a fus\u00e3o perfeita de hist\u00f3ria, cultura e inova\u00e7\u00e3o, com um servi\u00e7o de luxo e qualidade e experi\u00eancias exclusivas para os nossos h\u00f3spedes.\" \/>\n<meta name=\"robots\" content=\"index, follow, max-snippet:-1, max-image-preview:large, max-video-preview:-1\" \/>\n<link rel=\"canonical\" href=\"https:\/\/coolrooms.com\/palaciodeatocha\/pt-pt\/experiencias\/\" \/>\n<meta property=\"og:locale\" content=\"pt_PT\" \/>\n<meta property=\"og:type\" content=\"article\" \/>\n<meta property=\"og:title\" content=\"Experi\u00eancias | Hotel CoolRooms Atocha Madrid\" \/>\n<meta property=\"og:description\" content=\"CoolRooms \u00e9 a fus\u00e3o perfeita de hist\u00f3ria, cultura e inova\u00e7\u00e3o, com um servi\u00e7o de luxo e qualidade e experi\u00eancias exclusivas para os nossos h\u00f3spedes.\" \/>\n<meta property=\"og:url\" content=\"https:\/\/coolrooms.com\/palaciodeatocha\/pt-pt\/experiencias\/\" \/>\n<meta property=\"og:site_name\" content=\"Hotel CoolRooms Palacio de Atocha Madrid\" \/>\n<meta property=\"article:modified_time\" content=\"2025-10-24T14:04:19+00:00\" \/>\n<meta name=\"twitter:card\" content=\"summary_large_image\" \/>\n<meta name=\"twitter:label1\" content=\"Tempo estimado de leitura\" \/>\n\t<meta name=\"twitter:data1\" content=\"2 minutos\" \/>\n<script type=\"application\/ld+json\" class=\"yoast-schema-graph\">{\"@context\":\"https:\\\/\\\/schema.org\",\"@graph\":[{\"@type\":\"WebPage\",\"@id\":\"https:\\\/\\\/coolrooms.com\\\/palaciodeatocha\\\/pt-pt\\\/experiencias\\\/\",\"url\":\"https:\\\/\\\/coolrooms.com\\\/palaciodeatocha\\\/pt-pt\\\/experiencias\\\/\",\"name\":\"Experi\u00eancias | Hotel CoolRooms Atocha Madrid\",\"isPartOf\":{\"@id\":\"https:\\\/\\\/coolrooms.com\\\/palaciodeatocha\\\/#website\"},\"datePublished\":\"2023-01-23T15:52:44+00:00\",\"dateModified\":\"2025-10-24T14:04:19+00:00\",\"description\":\"CoolRooms \u00e9 a fus\u00e3o perfeita de hist\u00f3ria, cultura e inova\u00e7\u00e3o, com um servi\u00e7o de luxo e qualidade e experi\u00eancias exclusivas para os nossos h\u00f3spedes.\",\"breadcrumb\":{\"@id\":\"https:\\\/\\\/coolrooms.com\\\/palaciodeatocha\\\/pt-pt\\\/experiencias\\\/#breadcrumb\"},\"inLanguage\":\"pt-PT\",\"potentialAction\":[{\"@type\":\"ReadAction\",\"target\":[\"https:\\\/\\\/coolrooms.com\\\/palaciodeatocha\\\/pt-pt\\\/experiencias\\\/\"]}]},{\"@type\":\"BreadcrumbList\",\"@id\":\"https:\\\/\\\/coolrooms.com\\\/palaciodeatocha\\\/pt-pt\\\/experiencias\\\/#breadcrumb\",\"itemListElement\":[{\"@type\":\"ListItem\",\"position\":1,\"name\":\"Home\",\"item\":\"https:\\\/\\\/coolrooms.com\\\/palaciodeatocha\\\/pt-pt\\\/\"},{\"@type\":\"ListItem\",\"position\":2,\"name\":\"Experi\u00eancias\"}]},{\"@type\":\"WebSite\",\"@id\":\"https:\\\/\\\/coolrooms.com\\\/palaciodeatocha\\\/#website\",\"url\":\"https:\\\/\\\/coolrooms.com\\\/palaciodeatocha\\\/\",\"name\":\"Hotel CoolRooms Palacio de Atocha Madrid\",\"description\":\"Hotel de lujo en Atocha Madrid\",\"publisher\":{\"@id\":\"https:\\\/\\\/coolrooms.com\\\/palaciodeatocha\\\/#organization\"},\"potentialAction\":[{\"@type\":\"SearchAction\",\"target\":{\"@type\":\"EntryPoint\",\"urlTemplate\":\"https:\\\/\\\/coolrooms.com\\\/palaciodeatocha\\\/?s={search_term_string}\"},\"query-input\":{\"@type\":\"PropertyValueSpecification\",\"valueRequired\":true,\"valueName\":\"search_term_string\"}}],\"inLanguage\":\"pt-PT\"},{\"@type\":\"Organization\",\"@id\":\"https:\\\/\\\/coolrooms.com\\\/palaciodeatocha\\\/#organization\",\"name\":\"CoolRooms Palacio de Atocha\",\"url\":\"https:\\\/\\\/coolrooms.com\\\/palaciodeatocha\\\/\",\"logo\":{\"@type\":\"ImageObject\",\"inLanguage\":\"pt-PT\",\"@id\":\"https:\\\/\\\/coolrooms.com\\\/palaciodeatocha\\\/#\\\/schema\\\/logo\\\/image\\\/\",\"url\":\"https:\\\/\\\/coolrooms.com\\\/palaciodeatocha\\\/wp-content\\\/uploads\\\/sites\\\/3\\\/2018\\\/06\\\/coolrooms-logotipo-1.png\",\"contentUrl\":\"https:\\\/\\\/coolrooms.com\\\/palaciodeatocha\\\/wp-content\\\/uploads\\\/sites\\\/3\\\/2018\\\/06\\\/coolrooms-logotipo-1.png\",\"width\":591,\"height\":382,\"caption\":\"CoolRooms Palacio de Atocha\"},\"image\":{\"@id\":\"https:\\\/\\\/coolrooms.com\\\/palaciodeatocha\\\/#\\\/schema\\\/logo\\\/image\\\/\"}}]}<\/script>\n<!-- \/ Yoast SEO plugin. -->","yoast_head_json":{"title":"Experi\u00eancias | Hotel CoolRooms Atocha Madrid","description":"CoolRooms \u00e9 a fus\u00e3o perfeita de hist\u00f3ria, cultura e inova\u00e7\u00e3o, com um servi\u00e7o de luxo e qualidade e experi\u00eancias exclusivas para os nossos h\u00f3spedes.","robots":{"index":"index","follow":"follow","max-snippet":"max-snippet:-1","max-image-preview":"max-image-preview:large","max-video-preview":"max-video-preview:-1"},"canonical":"https:\/\/coolrooms.com\/palaciodeatocha\/pt-pt\/experiencias\/","og_locale":"pt_PT","og_type":"article","og_title":"Experi\u00eancias | Hotel CoolRooms Atocha Madrid","og_description":"CoolRooms \u00e9 a fus\u00e3o perfeita de hist\u00f3ria, cultura e inova\u00e7\u00e3o, com um servi\u00e7o de luxo e qualidade e experi\u00eancias exclusivas para os nossos h\u00f3spedes.","og_url":"https:\/\/coolrooms.com\/palaciodeatocha\/pt-pt\/experiencias\/","og_site_name":"Hotel CoolRooms Palacio de Atocha Madrid","article_modified_time":"2025-10-24T14:04:19+00:00","twitter_card":"summary_large_image","twitter_misc":{"Tempo estimado de leitura":"2 minutos"},"schema":{"@context":"https:\/\/schema.org","@graph":[{"@type":"WebPage","@id":"https:\/\/coolrooms.com\/palaciodeatocha\/pt-pt\/experiencias\/","url":"https:\/\/coolrooms.com\/palaciodeatocha\/pt-pt\/experiencias\/","name":"Experi\u00eancias | Hotel CoolRooms Atocha Madrid","isPartOf":{"@id":"https:\/\/coolrooms.com\/palaciodeatocha\/#website"},"datePublished":"2023-01-23T15:52:44+00:00","dateModified":"2025-10-24T14:04:19+00:00","description":"CoolRooms \u00e9 a fus\u00e3o perfeita de hist\u00f3ria, cultura e inova\u00e7\u00e3o, com um servi\u00e7o de luxo e qualidade e experi\u00eancias exclusivas para os nossos h\u00f3spedes.","breadcrumb":{"@id":"https:\/\/coolrooms.com\/palaciodeatocha\/pt-pt\/experiencias\/#breadcrumb"},"inLanguage":"pt-PT","potentialAction":[{"@type":"ReadAction","target":["https:\/\/coolrooms.com\/palaciodeatocha\/pt-pt\/experiencias\/"]}]},{"@type":"BreadcrumbList","@id":"https:\/\/coolrooms.com\/palaciodeatocha\/pt-pt\/experiencias\/#breadcrumb","itemListElement":[{"@type":"ListItem","position":1,"name":"Home","item":"https:\/\/coolrooms.com\/palaciodeatocha\/pt-pt\/"},{"@type":"ListItem","position":2,"name":"Experi\u00eancias"}]},{"@type":"WebSite","@id":"https:\/\/coolrooms.com\/palaciodeatocha\/#website","url":"https:\/\/coolrooms.com\/palaciodeatocha\/","name":"Hotel CoolRooms Palacio de Atocha Madrid","description":"Hotel de lujo en Atocha Madrid","publisher":{"@id":"https:\/\/coolrooms.com\/palaciodeatocha\/#organization"},"potentialAction":[{"@type":"SearchAction","target":{"@type":"EntryPoint","urlTemplate":"https:\/\/coolrooms.com\/palaciodeatocha\/?s={search_term_string}"},"query-input":{"@type":"PropertyValueSpecification","valueRequired":true,"valueName":"search_term_string"}}],"inLanguage":"pt-PT"},{"@type":"Organization","@id":"https:\/\/coolrooms.com\/palaciodeatocha\/#organization","name":"CoolRooms Palacio de Atocha","url":"https:\/\/coolrooms.com\/palaciodeatocha\/","logo":{"@type":"ImageObject","inLanguage":"pt-PT","@id":"https:\/\/coolrooms.com\/palaciodeatocha\/#\/schema\/logo\/image\/","url":"https:\/\/coolrooms.com\/palaciodeatocha\/wp-content\/uploads\/sites\/3\/2018\/06\/coolrooms-logotipo-1.png","contentUrl":"https:\/\/coolrooms.com\/palaciodeatocha\/wp-content\/uploads\/sites\/3\/2018\/06\/coolrooms-logotipo-1.png","width":591,"height":382,"caption":"CoolRooms Palacio de Atocha"},"image":{"@id":"https:\/\/coolrooms.com\/palaciodeatocha\/#\/schema\/logo\/image\/"}}]}},"acf":[],"_links":{"self":[{"href":"https:\/\/coolrooms.com\/palaciodeatocha\/pt-pt\/wp-json\/wp\/v2\/pages\/13112","targetHints":{"allow":["GET"]}}],"collection":[{"href":"https:\/\/coolrooms.com\/palaciodeatocha\/pt-pt\/wp-json\/wp\/v2\/pages"}],"about":[{"href":"https:\/\/coolrooms.com\/palaciodeatocha\/pt-pt\/wp-json\/wp\/v2\/types\/page"}],"author":[{"embeddable":true,"href":"https:\/\/coolrooms.com\/palaciodeatocha\/pt-pt\/wp-json\/wp\/v2\/users\/7"}],"replies":[{"embeddable":true,"href":"https:\/\/coolrooms.com\/palaciodeatocha\/pt-pt\/wp-json\/wp\/v2\/comments?post=13112"}],"version-history":[{"count":3,"href":"https:\/\/coolrooms.com\/palaciodeatocha\/pt-pt\/wp-json\/wp\/v2\/pages\/13112\/revisions"}],"predecessor-version":[{"id":19672,"href":"https:\/\/coolrooms.com\/palaciodeatocha\/pt-pt\/wp-json\/wp\/v2\/pages\/13112\/revisions\/19672"}],"wp:attachment":[{"href":"https:\/\/coolrooms.com\/palaciodeatocha\/pt-pt\/wp-json\/wp\/v2\/media?parent=13112"}],"curies":[{"name":"wp","href":"https:\/\/api.w.org\/{rel}","templated":true}]}}