{"id":13103,"date":"2023-01-23T15:52:20","date_gmt":"2023-01-23T15:52:20","guid":{"rendered":"https:\/\/coolrooms.com\/palaciodeatocha\/politica-de-cookies\/"},"modified":"2024-01-19T13:28:26","modified_gmt":"2024-01-19T13:28:26","slug":"politica-de-cookies","status":"publish","type":"page","link":"https:\/\/coolrooms.com\/palaciodeatocha\/pt-pt\/politica-de-cookies\/","title":{"rendered":"Pol\u00edtica de cookies"},"content":{"rendered":"<div class=\"wpb-content-wrapper\"><p>[vc_row css_animation=&#8221;&#8221; row_type=&#8221;row&#8221; use_row_as_full_screen_section=&#8221;no&#8221; type=&#8221;full_width&#8221; angled_section=&#8221;no&#8221; text_align=&#8221;left&#8221; background_image_as_pattern=&#8221;without_pattern&#8221;][vc_column][vc_row_inner row_type=&#8221;row&#8221; type=&#8221;full_width&#8221; text_align=&#8221;left&#8221; css_animation=&#8221;&#8221;][vc_column_inner][vc_column_text]<\/p>\n<h2>Pol\u00edtica de cookies<\/h2>\n<p>No cumprimento do dever de informa\u00e7\u00e3o indicado no ponto 2\u00ba do artigo 22 da Lei 34\/2002, de 11 de julho, de Servi\u00e7os da Sociedade da Informa\u00e7\u00e3o e do Com\u00e9rcio Eletr\u00f3nico, a presente pol\u00edtica de cookies tem por objetivo inform\u00e1-lo(a), de forma clara e precisa, sobre os cookies que se utilizam na p\u00e1gina web da <span class=\"ui-provider baf bag bah bai baj bak bal bam ban bao bap baq bar bas bat bau bav baw bax bay baz bba bbb bbc bbd bbe bbf bbg bbh bbi bbj bbk bbl bbm bbn\" dir=\"ltr\">COOL ROOMS GESTI\u00d3N S.L.<\/span><\/p>\n<h3>O que s\u00e3o os cookies?<\/h3>\n<p>Um cookie \u00e9 um ficheiro de pequeno tamanho que as p\u00e1ginas web enviam ao navegador e s\u00e3o descarregados no seu computador. Os cookies permitem que a p\u00e1gina web armazene e recupere as informa\u00e7\u00f5es sobre a sua visita como, por exemplo, o seu idioma preferido e outras op\u00e7\u00f5es, a fim de melhorar os servi\u00e7os que se oferecem e contribuir para ter uma melhor experi\u00eancia de navega\u00e7\u00e3o para o utilizador.<\/p>\n<h3>Autoriza\u00e7\u00e3o para a utiliza\u00e7\u00e3o de Cookies<\/h3>\n<p>Em conformidade com o aviso de cookies que aparece na p\u00e1gina web, o utilizador aceita que, ao navegar pela mesma, consente de forma expressa a utiliza\u00e7\u00e3o de cookies de acordo com a descri\u00e7\u00e3o que em seguida se detalhe, sem preju\u00edzo de que o utilizador possa modificar a configura\u00e7\u00e3o do seu navegador para recusar a utiliza\u00e7\u00e3o dos cookies.<\/p>\n<h3>Tipos de cookies<\/h3>\n<p>Em fun\u00e7\u00e3o de quem fa\u00e7a a gest\u00e3o do dom\u00ednio a partir do qual se enviam os cookies e se tratem os dados, distinguir-se-\u00e1 entre cookies pr\u00f3prios e cookies de terceiros.<\/p>\n<p>Os cookies tamb\u00e9m se podem classificar de acordo com o prazo de tempo que permane\u00e7am armazenados no navegador do utilizador, distinguindo-se entre cookies de sess\u00e3o ou cookies persistentes.<\/p>\n<p>Finalmente, em fun\u00e7\u00e3o da finalidade para a qual se tratem as informa\u00e7\u00f5es recolhidas, os cookies podem ser classificados nas seguintes categorias:<\/p>\n<ul>\n<li><strong>Cookies t\u00e9cnicos<\/strong>: permitem ao utilizador navegar por uma p\u00e1gina web e utilizar alguns dos servi\u00e7os oferecidos pelo mesmo (como, por exemplo, os que servem para relembrar de elementos integrantes de um carrinho de compras).<\/li>\n<li><strong>Cookies de personaliza\u00e7\u00e3o<\/strong>: permitem que o utilizador aceda \u00e0 p\u00e1gina web com determinadas caracter\u00edsticas como, por exemplo, o idioma.<\/li>\n<li><strong>Cookies de seguran\u00e7a<\/strong>: servem para impedir ou dificultar os ataques contra a p\u00e1gina web.<\/li>\n<li><strong>Cookies de complemento<\/strong> para trocar conte\u00fados sociais: os chamados plugin, que permite partilhar conte\u00fados nas redes sociais.<\/li>\n<li><strong>Cookies de an\u00e1lise<\/strong>: permitem ao respons\u00e1vel o seguimento do comportamento do utilizador.<\/li>\n<li><strong>Cookies publicit\u00e1rios<\/strong>: permitem gerir os espa\u00e7os de publicidade da p\u00e1gina web.<\/li>\n<\/ul>\n<ul>\n<li><strong>Cookies de publicidade comportamental:<\/strong> como os anteriores, servem para gerir os espa\u00e7os de publicidade da p\u00e1gina web em fun\u00e7\u00e3o das informa\u00e7\u00f5es recolhidas sobre o comportamento do utilizador e seus h\u00e1bitos, adaptando a publicidade ao perfil do utilizador.<\/li>\n<li><strong>Cookies de geolocaliza\u00e7\u00e3o<\/strong>: utilizados para averiguar o pa\u00eds onde se encontra o utilizador.<\/li>\n<\/ul>\n<p>&nbsp;<\/p>\n<h3>Como modificar a configura\u00e7\u00e3o dos cookies.<\/h3>\n<p>Pode restringir, bloquear ou eliminar os cookies da <span class=\"ui-provider baf bag bah bai baj bak bal bam ban bao bap baq bar bas bat bau bav baw bax bay baz bba bbb bbc bbd bbe bbf bbg bbh bbi bbj bbk bbl bbm bbn\" dir=\"ltr\">COOL ROOMS GESTI\u00d3N S.L<\/span>. ou qualquer outra p\u00e1gina web utilizando o seu navegador. Em cada navegador a opera\u00e7\u00e3o \u00e9 diferente, pode encontrar como o fazer no menu de ajuda do seu navegador onde se estabelece o procedimento para a sua elimina\u00e7\u00e3o. Para mais informa\u00e7\u00f5es:<\/p>\n<ul>\n<li>Google Chrome:<a href=\"https:\/\/support.google.com\/chrome\/answer\/95647?co=GENIE.Platform%253 DDesktop&amp;hl=es\"> https:\/\/support.google.com\/chrome\/answer\/95647?co=GENIE.Platform%253 DDesktop&amp;hl=es<\/a><\/li>\n<li>Mozilla Firefox: <a href=\"https:\/\/support.mozilla.org\/es\/kb\/habilitar-y-deshabilitar-cookies- sitios-web-rastrear-preferencias\">https:\/\/support.mozilla.org\/es\/kb\/habilitar-y-deshabilitar-cookies- sitios-web-rastrear-preferencias<\/a><\/li>\n<li>Safari: <a href=\"https:\/\/support.apple.com\/es-es\/guide\/safari\/sfri11471\/mac\">https:\/\/support.apple.com\/es-es\/guide\/safari\/sfri11471\/mac<\/a><\/li>\n<li>Internet Explorer:<a href=\"https:\/\/support.microsoft.com\/es-es\/help\/278835\/how-to-delete-cookie-files-in-internet-explorer\"> https:\/\/support.microsoft.com\/es-es\/help\/278835\/how-to-delete-cookie-files-in-internet-explorer <\/a><\/li>\n<li style=\"list-style-type: none;\"><\/li>\n<\/ul>\n<p>\u00c9 poss\u00edvel que ao desativar os cookies, a p\u00e1gina web n\u00e3o funcione corretamente ou n\u00e3o possa aceder a determinadas fun\u00e7\u00f5es da mesma.<\/p>\n<h3>Cookies utilizados na web<\/h3>\n<p>No portal web utilizam-se diferentes tipos de cookies com diferentes finalidades, em seguida, enumeram-se os cookies empregues:<\/p>\n<p>IDE<\/p>\n<p>_fbp<\/p>\n<p>_ga<\/p>\n<p>_gid<\/p>\n<p>_icl_current_language<\/p>\n<p>_icl_visitor_lang_js<\/p>\n<p>fr<\/p>\n<p>gid<\/p>\n<p>wpml_browser_redirect_test<\/p>\n<p>&nbsp;<\/p>\n<h3>Modifica\u00e7\u00e3o das condi\u00e7\u00f5es<\/h3>\n<p><span class=\"ui-provider baf bag bah bai baj bak bal bam ban bao bap baq bar bas bat bau bav baw bax bay baz bba bbb bbc bbd bbe bbf bbg bbh bbi bbj bbk bbl bbm bbn\" dir=\"ltr\">COOL ROOMS GESTI\u00d3N S.L.\u00a0<\/span> reserva-se expressamente o direito a modificar unilateralmente, total ou parcialmente, sem aviso pr\u00e9vio, a presente Pol\u00edtica de Cookies. O utilizador reconhece e aceite que \u00e9 sua responsabilidade rever a presente Pol\u00edtica de Cookies.[\/vc_column_text][\/vc_column_inner][\/vc_row_inner][vc_empty_space height=&#8221;120px&#8221;][\/vc_column][\/vc_row]<\/p>\n<\/div>","protected":false},"excerpt":{"rendered":"<p>[vc_row css_animation=&#8221;&#8221; row_type=&#8221;row&#8221; use_row_as_full_screen_section=&#8221;no&#8221; type=&#8221;full_width&#8221; angled_section=&#8221;no&#8221; text_align=&#8221;left&#8221; background_image_as_pattern=&#8221;without_pattern&#8221;][vc_column][vc_row_inner row_type=&#8221;row&#8221; type=&#8221;full_width&#8221; text_align=&#8221;left&#8221; css_animation=&#8221;&#8221;][vc_column_inner][vc_column_text] Pol\u00edtica de cookies No cumprimento do dever de informa\u00e7\u00e3o indicado no ponto 2\u00ba do artigo 22 da Lei 34\/2002, de 11 de julho, de Servi\u00e7os da Sociedade da Informa\u00e7\u00e3o e do Com\u00e9rcio Eletr\u00f3nico,&#8230;<\/p>\n","protected":false},"author":2,"featured_media":0,"parent":0,"menu_order":0,"comment_status":"closed","ping_status":"closed","template":"","meta":{"_acf_changed":false,"footnotes":""},"class_list":["post-13103","page","type-page","status-publish","hentry"],"yoast_head":"<!-- This site is optimized with the Yoast SEO plugin v27.3 - https:\/\/yoast.com\/product\/yoast-seo-wordpress\/ -->\n<title>Pol\u00edtica de cookies | Hotel CoolRooms Palacio de Atocha Madrid<\/title>\n<meta name=\"robots\" content=\"index, follow, max-snippet:-1, max-image-preview:large, max-video-preview:-1\" \/>\n<link rel=\"canonical\" href=\"https:\/\/coolrooms.com\/palaciodeatocha\/pt-pt\/politica-de-cookies\/\" \/>\n<meta property=\"og:locale\" content=\"pt_PT\" \/>\n<meta property=\"og:type\" content=\"article\" \/>\n<meta property=\"og:title\" content=\"Pol\u00edtica de cookies | Hotel CoolRooms Palacio de Atocha Madrid\" \/>\n<meta property=\"og:description\" content=\"[vc_row css_animation=&#8221;&#8221; row_type=&#8221;row&#8221; use_row_as_full_screen_section=&#8221;no&#8221; type=&#8221;full_width&#8221; angled_section=&#8221;no&#8221; text_align=&#8221;left&#8221; background_image_as_pattern=&#8221;without_pattern&#8221;][vc_column][vc_row_inner row_type=&#8221;row&#8221; type=&#8221;full_width&#8221; text_align=&#8221;left&#8221; css_animation=&#8221;&#8221;][vc_column_inner][vc_column_text] Pol\u00edtica de cookies No cumprimento do dever de informa\u00e7\u00e3o indicado no ponto 2\u00ba do artigo 22 da Lei 34\/2002, de 11 de julho, de Servi\u00e7os da Sociedade da Informa\u00e7\u00e3o e do Com\u00e9rcio Eletr\u00f3nico,...\" \/>\n<meta property=\"og:url\" content=\"https:\/\/coolrooms.com\/palaciodeatocha\/pt-pt\/politica-de-cookies\/\" \/>\n<meta property=\"og:site_name\" content=\"Hotel CoolRooms Palacio de Atocha Madrid\" \/>\n<meta property=\"article:modified_time\" content=\"2024-01-19T13:28:26+00:00\" \/>\n<meta name=\"twitter:card\" content=\"summary_large_image\" \/>\n<meta name=\"twitter:label1\" content=\"Tempo estimado de leitura\" \/>\n\t<meta name=\"twitter:data1\" content=\"3 minutos\" \/>\n<script type=\"application\/ld+json\" class=\"yoast-schema-graph\">{\"@context\":\"https:\\\/\\\/schema.org\",\"@graph\":[{\"@type\":\"WebPage\",\"@id\":\"https:\\\/\\\/coolrooms.com\\\/palaciodeatocha\\\/pt-pt\\\/politica-de-cookies\\\/\",\"url\":\"https:\\\/\\\/coolrooms.com\\\/palaciodeatocha\\\/pt-pt\\\/politica-de-cookies\\\/\",\"name\":\"Pol\u00edtica de cookies | Hotel CoolRooms Palacio de Atocha Madrid\",\"isPartOf\":{\"@id\":\"https:\\\/\\\/coolrooms.com\\\/palaciodeatocha\\\/#website\"},\"datePublished\":\"2023-01-23T15:52:20+00:00\",\"dateModified\":\"2024-01-19T13:28:26+00:00\",\"breadcrumb\":{\"@id\":\"https:\\\/\\\/coolrooms.com\\\/palaciodeatocha\\\/pt-pt\\\/politica-de-cookies\\\/#breadcrumb\"},\"inLanguage\":\"pt-PT\",\"potentialAction\":[{\"@type\":\"ReadAction\",\"target\":[\"https:\\\/\\\/coolrooms.com\\\/palaciodeatocha\\\/pt-pt\\\/politica-de-cookies\\\/\"]}]},{\"@type\":\"BreadcrumbList\",\"@id\":\"https:\\\/\\\/coolrooms.com\\\/palaciodeatocha\\\/pt-pt\\\/politica-de-cookies\\\/#breadcrumb\",\"itemListElement\":[{\"@type\":\"ListItem\",\"position\":1,\"name\":\"Home\",\"item\":\"https:\\\/\\\/coolrooms.com\\\/palaciodeatocha\\\/pt-pt\\\/\"},{\"@type\":\"ListItem\",\"position\":2,\"name\":\"Pol\u00edtica de cookies\"}]},{\"@type\":\"WebSite\",\"@id\":\"https:\\\/\\\/coolrooms.com\\\/palaciodeatocha\\\/#website\",\"url\":\"https:\\\/\\\/coolrooms.com\\\/palaciodeatocha\\\/\",\"name\":\"Hotel CoolRooms Palacio de Atocha Madrid\",\"description\":\"Hotel de lujo en Atocha Madrid\",\"publisher\":{\"@id\":\"https:\\\/\\\/coolrooms.com\\\/palaciodeatocha\\\/#organization\"},\"potentialAction\":[{\"@type\":\"SearchAction\",\"target\":{\"@type\":\"EntryPoint\",\"urlTemplate\":\"https:\\\/\\\/coolrooms.com\\\/palaciodeatocha\\\/?s={search_term_string}\"},\"query-input\":{\"@type\":\"PropertyValueSpecification\",\"valueRequired\":true,\"valueName\":\"search_term_string\"}}],\"inLanguage\":\"pt-PT\"},{\"@type\":\"Organization\",\"@id\":\"https:\\\/\\\/coolrooms.com\\\/palaciodeatocha\\\/#organization\",\"name\":\"CoolRooms Palacio de Atocha\",\"url\":\"https:\\\/\\\/coolrooms.com\\\/palaciodeatocha\\\/\",\"logo\":{\"@type\":\"ImageObject\",\"inLanguage\":\"pt-PT\",\"@id\":\"https:\\\/\\\/coolrooms.com\\\/palaciodeatocha\\\/#\\\/schema\\\/logo\\\/image\\\/\",\"url\":\"https:\\\/\\\/coolrooms.com\\\/palaciodeatocha\\\/wp-content\\\/uploads\\\/sites\\\/3\\\/2018\\\/06\\\/coolrooms-logotipo-1.png\",\"contentUrl\":\"https:\\\/\\\/coolrooms.com\\\/palaciodeatocha\\\/wp-content\\\/uploads\\\/sites\\\/3\\\/2018\\\/06\\\/coolrooms-logotipo-1.png\",\"width\":591,\"height\":382,\"caption\":\"CoolRooms Palacio de Atocha\"},\"image\":{\"@id\":\"https:\\\/\\\/coolrooms.com\\\/palaciodeatocha\\\/#\\\/schema\\\/logo\\\/image\\\/\"}}]}<\/script>\n<!-- \/ Yoast SEO plugin. -->","yoast_head_json":{"title":"Pol\u00edtica de cookies | Hotel CoolRooms Palacio de Atocha Madrid","robots":{"index":"index","follow":"follow","max-snippet":"max-snippet:-1","max-image-preview":"max-image-preview:large","max-video-preview":"max-video-preview:-1"},"canonical":"https:\/\/coolrooms.com\/palaciodeatocha\/pt-pt\/politica-de-cookies\/","og_locale":"pt_PT","og_type":"article","og_title":"Pol\u00edtica de cookies | Hotel CoolRooms Palacio de Atocha Madrid","og_description":"[vc_row css_animation=&#8221;&#8221; row_type=&#8221;row&#8221; use_row_as_full_screen_section=&#8221;no&#8221; type=&#8221;full_width&#8221; angled_section=&#8221;no&#8221; text_align=&#8221;left&#8221; background_image_as_pattern=&#8221;without_pattern&#8221;][vc_column][vc_row_inner row_type=&#8221;row&#8221; type=&#8221;full_width&#8221; text_align=&#8221;left&#8221; css_animation=&#8221;&#8221;][vc_column_inner][vc_column_text] Pol\u00edtica de cookies No cumprimento do dever de informa\u00e7\u00e3o indicado no ponto 2\u00ba do artigo 22 da Lei 34\/2002, de 11 de julho, de Servi\u00e7os da Sociedade da Informa\u00e7\u00e3o e do Com\u00e9rcio Eletr\u00f3nico,...","og_url":"https:\/\/coolrooms.com\/palaciodeatocha\/pt-pt\/politica-de-cookies\/","og_site_name":"Hotel CoolRooms Palacio de Atocha Madrid","article_modified_time":"2024-01-19T13:28:26+00:00","twitter_card":"summary_large_image","twitter_misc":{"Tempo estimado de leitura":"3 minutos"},"schema":{"@context":"https:\/\/schema.org","@graph":[{"@type":"WebPage","@id":"https:\/\/coolrooms.com\/palaciodeatocha\/pt-pt\/politica-de-cookies\/","url":"https:\/\/coolrooms.com\/palaciodeatocha\/pt-pt\/politica-de-cookies\/","name":"Pol\u00edtica de cookies | Hotel CoolRooms Palacio de Atocha Madrid","isPartOf":{"@id":"https:\/\/coolrooms.com\/palaciodeatocha\/#website"},"datePublished":"2023-01-23T15:52:20+00:00","dateModified":"2024-01-19T13:28:26+00:00","breadcrumb":{"@id":"https:\/\/coolrooms.com\/palaciodeatocha\/pt-pt\/politica-de-cookies\/#breadcrumb"},"inLanguage":"pt-PT","potentialAction":[{"@type":"ReadAction","target":["https:\/\/coolrooms.com\/palaciodeatocha\/pt-pt\/politica-de-cookies\/"]}]},{"@type":"BreadcrumbList","@id":"https:\/\/coolrooms.com\/palaciodeatocha\/pt-pt\/politica-de-cookies\/#breadcrumb","itemListElement":[{"@type":"ListItem","position":1,"name":"Home","item":"https:\/\/coolrooms.com\/palaciodeatocha\/pt-pt\/"},{"@type":"ListItem","position":2,"name":"Pol\u00edtica de cookies"}]},{"@type":"WebSite","@id":"https:\/\/coolrooms.com\/palaciodeatocha\/#website","url":"https:\/\/coolrooms.com\/palaciodeatocha\/","name":"Hotel CoolRooms Palacio de Atocha Madrid","description":"Hotel de lujo en Atocha Madrid","publisher":{"@id":"https:\/\/coolrooms.com\/palaciodeatocha\/#organization"},"potentialAction":[{"@type":"SearchAction","target":{"@type":"EntryPoint","urlTemplate":"https:\/\/coolrooms.com\/palaciodeatocha\/?s={search_term_string}"},"query-input":{"@type":"PropertyValueSpecification","valueRequired":true,"valueName":"search_term_string"}}],"inLanguage":"pt-PT"},{"@type":"Organization","@id":"https:\/\/coolrooms.com\/palaciodeatocha\/#organization","name":"CoolRooms Palacio de Atocha","url":"https:\/\/coolrooms.com\/palaciodeatocha\/","logo":{"@type":"ImageObject","inLanguage":"pt-PT","@id":"https:\/\/coolrooms.com\/palaciodeatocha\/#\/schema\/logo\/image\/","url":"https:\/\/coolrooms.com\/palaciodeatocha\/wp-content\/uploads\/sites\/3\/2018\/06\/coolrooms-logotipo-1.png","contentUrl":"https:\/\/coolrooms.com\/palaciodeatocha\/wp-content\/uploads\/sites\/3\/2018\/06\/coolrooms-logotipo-1.png","width":591,"height":382,"caption":"CoolRooms Palacio de Atocha"},"image":{"@id":"https:\/\/coolrooms.com\/palaciodeatocha\/#\/schema\/logo\/image\/"}}]}},"acf":[],"_links":{"self":[{"href":"https:\/\/coolrooms.com\/palaciodeatocha\/pt-pt\/wp-json\/wp\/v2\/pages\/13103","targetHints":{"allow":["GET"]}}],"collection":[{"href":"https:\/\/coolrooms.com\/palaciodeatocha\/pt-pt\/wp-json\/wp\/v2\/pages"}],"about":[{"href":"https:\/\/coolrooms.com\/palaciodeatocha\/pt-pt\/wp-json\/wp\/v2\/types\/page"}],"author":[{"embeddable":true,"href":"https:\/\/coolrooms.com\/palaciodeatocha\/pt-pt\/wp-json\/wp\/v2\/users\/2"}],"replies":[{"embeddable":true,"href":"https:\/\/coolrooms.com\/palaciodeatocha\/pt-pt\/wp-json\/wp\/v2\/comments?post=13103"}],"version-history":[{"count":0,"href":"https:\/\/coolrooms.com\/palaciodeatocha\/pt-pt\/wp-json\/wp\/v2\/pages\/13103\/revisions"}],"wp:attachment":[{"href":"https:\/\/coolrooms.com\/palaciodeatocha\/pt-pt\/wp-json\/wp\/v2\/media?parent=13103"}],"curies":[{"name":"wp","href":"https:\/\/api.w.org\/{rel}","templated":true}]}}