{"id":13097,"date":"2023-01-23T15:51:48","date_gmt":"2023-01-23T15:51:48","guid":{"rendered":"https:\/\/coolrooms.com\/palaciodeatocha\/aviso-legal\/"},"modified":"2024-02-08T11:09:44","modified_gmt":"2024-02-08T11:09:44","slug":"aviso-legal","status":"publish","type":"page","link":"https:\/\/coolrooms.com\/palaciodeatocha\/pt-pt\/aviso-legal\/","title":{"rendered":"Aviso Legal"},"content":{"rendered":"<div class=\"wpb-content-wrapper\"><p>[vc_row css_animation=&#8221;&#8221; row_type=&#8221;row&#8221; use_row_as_full_screen_section=&#8221;no&#8221; type=&#8221;grid&#8221; angled_section=&#8221;no&#8221; text_align=&#8221;left&#8221; background_image_as_pattern=&#8221;without_pattern&#8221; padding_top=&#8221;10%&#8221; padding_bottom=&#8221;10%&#8221; z_index=&#8221;&#8221; css=&#8221;.vc_custom_1553778030181{padding-right: 20px !important;padding-left: 20px !important;}&#8221;][vc_column][vc_column_text]<\/p>\n<h2>Aviso Legal<\/h2>\n<p>No cumprimento do dever de informa\u00e7\u00e3o indicado no artigo 10 da Lei 34\/2002, de 11 de julho, de Servi\u00e7os da Sociedade da Informa\u00e7\u00e3o e do Com\u00e9rcio Eletr\u00f3nico, informamos que a p\u00e1gina web e o portal da internet <a href=\"https:\/\/coolrooms.com\/palaciodeatocha\/pt-pt\/\">www.coolrooms.com\/palaciodeatocha\/pt-pt\/<\/a> (doravante, a \u201cWeb\u201d) \u00e9 titularidade da COOL ROOMS GESTI\u00d3N S.L., com domic\u00edlio social em CALLE PRINCIPE DE VERGARA, 43 \u2013 28001 \u2013 MADRID com NIPC n\u00famero <span class=\"ui-provider a b c d e f g h i j k l m n o p q r s t u v w x y z ab ac ae af ag ah ai aj ak\" dir=\"ltr\">B-83859868<\/span>. O presente aviso legal regula as condi\u00e7\u00f5es de utiliza\u00e7\u00e3o do citado portal da internet.<\/p>\n<h3>Legisla\u00e7\u00e3o aplic\u00e1vel e jurisdi\u00e7\u00e3o<\/h3>\n<p>Com car\u00e1ter geral, as rela\u00e7\u00f5es entre a COOL ROOMS GESTI\u00d3N S.L. e os utilizadores dos seus servi\u00e7os telem\u00e1ticos, presentes na web, encontram-se submetidas \u00e0 legisla\u00e7\u00e3o e jurisdi\u00e7\u00e3o espanholas. As partes renunciam expressamente ao foro que lhes possa corresponder e submetem-se expressamente aos Julgados e Tribunais de MADRID para resolver qualquer controv\u00e9rsia que possa surgir na interpreta\u00e7\u00e3o ou execu\u00e7\u00e3o das presentes condi\u00e7\u00f5es contratuais.<\/p>\n<h3>Aceita\u00e7\u00e3o do utilizador<\/h3>\n<p>Este Aviso Legal regula o acesso e utiliza\u00e7\u00e3o da p\u00e1gina web que a COOL ROOMS GESTI\u00d3N S.L. p\u00f5e \u00e0 disposi\u00e7\u00e3o dos utilizadores da internet. Considera-se utilizador a pessoa que aceda, navegue, utilize ou participe nos servi\u00e7os e atividades da p\u00e1gina web.<br \/>\nO utilizador fica informado e aceite que o acesso \u00e0 presente p\u00e1gina web n\u00e3o pressup\u00f5e, de modo algum, o in\u00edcio de uma rela\u00e7\u00e3o comercial com a COOL ROOMS GESTI\u00d3N S.L.<br \/>\nO acesso e navega\u00e7\u00e3o na p\u00e1gina web por parte do utilizador pressup\u00f5e a aceita\u00e7\u00e3o da totalidade das presentes Condi\u00e7\u00f5es de Utiliza\u00e7\u00e3o. Em caso de desacordo com as condi\u00e7\u00f5es deve abster-se de utilizar a p\u00e1gina web.<\/p>\n<h3>Acesso \u00e0 web<\/h3>\n<p>O acesso \u00e0 p\u00e1gina web por parte dos utilizadores \u00e9 de car\u00e1ter livre e gratuito. Alguns servi\u00e7os podem estar sujeitos a contrata\u00e7\u00e3o pr\u00e9via do servi\u00e7o.<\/p>\n<p>Caso seja necess\u00e1rio que o utilizador transmita dados pessoais para aceder a algum dos servi\u00e7os, a recolha e o tratamento dos dados realizar-se-\u00e1 em conformidade com a normativa vigente, especificamente com o RGPD. Para obter mais informa\u00e7\u00f5es, consulte a nossa Pol\u00edtica de Privacidade <a href=\"https:\/\/coolrooms.com\/palaciodeatocha\/pt-pt\/politica-de-privacidade\/\">https:\/\/coolrooms.com\/palaciodeatocha\/pt-pt\/politica-de-privacidade\/<\/a><\/p>\n<p>A visita \u00e0 p\u00e1gina web por parte do utilizador dever-se-\u00e1 realizar de forma respons\u00e1vel e em conformidade com a legalidade vigente, a boa-f\u00e9, o presente Aviso Legal e respeitando os direitos de propriedade intelectual e industrial titularidade da COOL ROOMS GESTI\u00d3N S.L. ou qualquer outra pessoa f\u00edsica ou jur\u00eddica.<\/p>\n<p>A utiliza\u00e7\u00e3o de qualquer um dos conte\u00fados da p\u00e1gina web com o objetivo de que seja ou possa ser il\u00edcita fica totalmente proibida, bem como a realiza\u00e7\u00e3o de qualquer a\u00e7\u00e3o que cause ou possa causar danos ou altera\u00e7\u00f5es de qualquer tipo n\u00e3o consentidas pela COOL ROOMS GESTI\u00d3N S.L.<\/p>\n<p>O titular da p\u00e1gina web n\u00e3o se identifica com as opini\u00f5es indicadas na mesma pelos seus colaboradores. A empresa reserva-se o direito a efetuar, sem aviso pr\u00e9vio, as modifica\u00e7\u00f5es que considerar oportunas na sua p\u00e1gina web, podendo alterar, suprimir ou adicionar tanto os conte\u00fados e servi\u00e7os que se prestem atrav\u00e9s da mesma como a forma atrav\u00e9s da qual estes apare\u00e7am apresentados ou localizados nos seus servidores.<\/p>\n<h3>Propriedade intelectual e industrial<\/h3>\n<p>Os direitos de propriedade intelectual dos conte\u00fados das p\u00e1ginas web, o seu design gr\u00e1fico e c\u00f3digos s\u00e3o titularidade da COOL ROOMS GESTI\u00d3N S.L. e, portanto, fica proibida a sua reprodu\u00e7\u00e3o, distribui\u00e7\u00e3o, comunica\u00e7\u00e3o p\u00fablica, transforma\u00e7\u00e3o ou qualquer outra atividade que se realize com os conte\u00fados da p\u00e1gina web, nem sequer, ainda que se citem as fontes, salvo se contar com o consentimento pr\u00e9vio, expresso e por escrito da COOL ROOMS GESTI\u00d3N S.L.<\/p>\n<p>Todos os nomes comerciais, marcas ou sinais diferentes de qualquer tipo de conte\u00fados nas p\u00e1ginas web da empresa s\u00e3o propriedade dos seus donos e est\u00e3o protegidos por lei.<\/p>\n<p>A COOL ROOMS GESTI\u00d3N S.L. n\u00e3o concede qualquer licen\u00e7a ou autoriza\u00e7\u00e3o de utiliza\u00e7\u00e3o de nenhum tipo sobre os seus direitos de propriedade intelectual e industrial ou sobre qualquer outra propriedade ou direito relacionado com a p\u00e1gina web e, em caso algum, se entender\u00e1 que o acesso e navega\u00e7\u00e3o dos utilizadores implica uma ren\u00fancia, transmiss\u00e3o, licen\u00e7a ou cess\u00e3o total, ou parcial de ditos direitos por parte da COOL ROOMS GESTI\u00d3N S.L.<\/p>\n<p>Qualquer utiliza\u00e7\u00e3o desses conte\u00fados n\u00e3o autorizada previamente por parte da COOL ROOMS GESTI\u00d3N S.L. ser\u00e1 considerada um incumprimento grave dos direitos de propriedade intelectual ou industrial e dar\u00e1 lugar \u00e0s responsabilidades legalmente estabelecidas. A COOL ROOMS GESTI\u00d3N S.L. reserva-se o direito a exercer, perante o utilizador, as a\u00e7\u00f5es judiciais e extrajudiciais correspondentes.<\/p>\n<h3>Responsabilidade e garantias<\/h3>\n<p>A COOL ROOMS GESTI\u00d3N S.L. declara que adotou as medidas necess\u00e1rias que, dentro das suas possibilidades e o estado da tecnologia, permitam o correto funcionamento da sua p\u00e1gina web, bem como a aus\u00eancia de v\u00edrus e componentes danosos. No entanto, a COOL ROOMS GESTI\u00d3N S.L. n\u00e3o se pode responsabilizar pelas seguintes situa\u00e7\u00f5es que se indicam a t\u00edtulo enunciativo, mas n\u00e3o limitativo:<\/p>\n<ul>\n<li>A continuidade e disponibilidade dos Conte\u00fados.<\/li>\n<li>A aus\u00eancia de erros em ditos Conte\u00fados, nem a corre\u00e7\u00e3o de qualquer defeito que possa ocorrer.<\/li>\n<li>A aus\u00eancia de v\u00edrus e\/ou demais componentes danosos.<\/li>\n<li>Os danos e preju\u00edzos que cause qualquer pessoa que vulnerabilize os sistemas de seguran\u00e7a da COOL ROOMS GESTI\u00d3N S.L.<\/li>\n<li>A utiliza\u00e7\u00e3o que os utilizadores possam fazer dos conte\u00fados inclu\u00eddos na web. Em consequ\u00eancia, a COOL ROOMS GESTI\u00d3N S.L. n\u00e3o garante que a utiliza\u00e7\u00e3o que os utilizadores possam fazer dos conte\u00fados que, em cada caso, se incluam na p\u00e1gina web, se ajustem ao presente aviso legal, nem que a utiliza\u00e7\u00e3o da p\u00e1gina web se realize de forma diligente.<\/li>\n<li>A utiliza\u00e7\u00e3o da p\u00e1gina web ou do envio dos seus dados pessoais por parte de menores sem a autoriza\u00e7\u00e3o dos seus tutores, sendo os tutores respons\u00e1veis pela utiliza\u00e7\u00e3o que fa\u00e7am da Internet.<\/li>\n<li>Os conte\u00fados aos quais o utilizador possa aceder atrav\u00e9s de links n\u00e3o autorizados ou introduzidos por utilizadores mediante coment\u00e1rios ou ferramentas similares.<\/li>\n<\/ul>\n<p>A introdu\u00e7\u00e3o de dados errados por parte do utilizador ou de um terceiro.<\/p>\n<p>A COOL ROOMS GESTI\u00d3N S.L. poder\u00e1 suspender temporariamente e sem aviso pr\u00e9vio, a acessibilidade \u00e0 p\u00e1gina web devido a opera\u00e7\u00f5es de manuten\u00e7\u00e3o, repara\u00e7\u00e3o, atualiza\u00e7\u00e3o ou melhoria. N\u00e3o obstante, sempre que as circunst\u00e2ncias o permitam, a COOL ROOMS GESTI\u00d3N S.L. comunicar\u00e1 ao utilizador, com anteced\u00eancia suficiente, a data prevista para a suspens\u00e3o dos conte\u00fados.<\/p>\n<p>Assim, em conformidade com os artigos 11 e 16 da Lei 34\/2002, de 11 de julho, de servi\u00e7os da sociedade da informa\u00e7\u00e3o e de conte\u00fados eletr\u00f3nicos (LSSICE), a COOL ROOMS GESTI\u00d3N S.L. compromete-se \u00e0 elimina\u00e7\u00e3o ou, em cada caso, bloqueio dos conte\u00fados que possam afetar ou ser contr\u00e1rios \u00e0 legisla\u00e7\u00e3o vigente, aos direitos de terceiros ou a moral e ordem p\u00fablica.<\/p>\n<h3>Cookies<\/h3>\n<p>A COOL ROOMS GESTI\u00d3N S.L. utiliza cookies com o objetivo de otimizar e personalizar a sua navega\u00e7\u00e3o pela p\u00e1gina web. Os cookies s\u00e3o ficheiros f\u00edsicos de informa\u00e7\u00e3o que se alojam no pr\u00f3prio terminal do utilizador, as informa\u00e7\u00f5es recolhidas mediantes os cookies servem para facilitar a navega\u00e7\u00e3o do utilizador pelo portal e para otimizar a experi\u00eancia de navega\u00e7\u00e3o. Os dados recolhidos mediante os cookies podem ser partilhados com os criadores dos mesmos, mas em caso algum as informa\u00e7\u00f5es obtidas pelos mesmos ser\u00e3o associadas a dados pessoais, nem a dados que possam identificar o utilizador.<\/p>\n<p>No entanto, se o utilizador n\u00e3o deseja que se instalem cookies no seu disco r\u00edgido, tem a possibilidade de configurar o navegador de tal modo que impe\u00e7a a instala\u00e7\u00e3o destes ficheiros. Para obter mais informa\u00e7\u00f5es, consulte a nossa Pol\u00edtica de Cookies <a href=\"https:\/\/coolrooms.com\/palaciodeatocha\/pt-pt\/politica-de-cookies\/\">https:\/\/coolrooms.com\/palaciodeatocha\/pt-pt\/politica-de-cookies\/<\/a><\/p>\n<p>A presen\u00e7a de links na p\u00e1gina web da COOL ROOMS GESTI\u00d3N S.L. para outras p\u00e1ginas da Internet tem um objetivo meramente informativo e em caso algum pressup\u00f5em sugest\u00e3o, convite ou recomenda\u00e7\u00e3o sobre os mesmos. A COOL ROOMS GESTI\u00d3N S.L. n\u00e3o assumir\u00e1 responsabilidade pelos conte\u00fados de um link pertencente a uma p\u00e1gina web alheia, nem garantir\u00e1 a fiabilidade, exatid\u00e3o, amplitude, veracidade, validade e disponibilidade t\u00e9cnica.<\/p>\n<p>No caso que em outras p\u00e1ginas web estabele\u00e7am links para a p\u00e1gina web da COOL ROOMS GESTI\u00d3N S.L. n\u00e3o se entender\u00e1 que a COOL ROOMS GESTI\u00d3N S.L. tenha autorizado o link ou os conte\u00fados da p\u00e1gina web na qual existe o link, nem sequer se poder\u00e1 incluir na p\u00e1gina do link conte\u00fados inadequados, difamat\u00f3rios, ilegais, obscenos ou il\u00edcitos, nem outros conte\u00fados que sejam contr\u00e1rios \u00e0 legalidade vigente.<\/p>\n<p>A COOL ROOMS GESTI\u00d3N\u00a0 S.L. reserva-se a possibilidade de contactar com o propriet\u00e1rio da p\u00e1gina web na qual se estabele\u00e7a o link se considerar que se incumpre a normativa, bem como de exercer as correspondentes a\u00e7\u00f5es judiciais e extrajudiciais.<\/p>\n<h3>Modifica\u00e7\u00e3o das condi\u00e7\u00f5es<\/h3>\n<p>A COOL ROOMS GESTI\u00d3N S.L. reserva-se expressamente o direito a modificar unilateralmente, total ou parcialmente, sem aviso pr\u00e9vio, o presente Aviso Legal. O utilizador reconhece e aceite que \u00e9 sua responsabilidade rever periodicamente o presente Aviso Legal.[\/vc_column_text][vc_empty_space height=&#8221;120px&#8221;][\/vc_column][\/vc_row]<\/p>\n<\/div>","protected":false},"excerpt":{"rendered":"<p>[vc_row css_animation=&#8221;&#8221; row_type=&#8221;row&#8221; use_row_as_full_screen_section=&#8221;no&#8221; type=&#8221;grid&#8221; angled_section=&#8221;no&#8221; text_align=&#8221;left&#8221; background_image_as_pattern=&#8221;without_pattern&#8221; padding_top=&#8221;10%&#8221; padding_bottom=&#8221;10%&#8221; z_index=&#8221;&#8221; css=&#8221;.vc_custom_1553778030181{padding-right: 20px !important;padding-left: 20px !important;}&#8221;][vc_column][vc_column_text] Aviso Legal No cumprimento do dever de informa\u00e7\u00e3o indicado no artigo 10 da Lei 34\/2002, de 11 de julho, de Servi\u00e7os da Sociedade da Informa\u00e7\u00e3o e do Com\u00e9rcio Eletr\u00f3nico,&#8230;<\/p>\n","protected":false},"author":2,"featured_media":0,"parent":0,"menu_order":0,"comment_status":"closed","ping_status":"closed","template":"","meta":{"_acf_changed":false,"footnotes":""},"class_list":["post-13097","page","type-page","status-publish","hentry"],"yoast_head":"<!-- This site is optimized with the Yoast SEO plugin v27.4 - https:\/\/yoast.com\/product\/yoast-seo-wordpress\/ -->\n<title>Aviso Legal | Hotel CoolRooms Palacio de Atocha Madrid<\/title>\n<meta name=\"robots\" content=\"index, follow, max-snippet:-1, max-image-preview:large, max-video-preview:-1\" \/>\n<link rel=\"canonical\" href=\"https:\/\/coolrooms.com\/palaciodeatocha\/pt-pt\/aviso-legal\/\" \/>\n<meta property=\"og:locale\" content=\"pt_PT\" \/>\n<meta property=\"og:type\" content=\"article\" \/>\n<meta property=\"og:title\" content=\"Aviso Legal | Hotel CoolRooms Palacio de Atocha Madrid\" \/>\n<meta property=\"og:description\" content=\"[vc_row css_animation=&#8221;&#8221; row_type=&#8221;row&#8221; use_row_as_full_screen_section=&#8221;no&#8221; type=&#8221;grid&#8221; angled_section=&#8221;no&#8221; text_align=&#8221;left&#8221; background_image_as_pattern=&#8221;without_pattern&#8221; padding_top=&#8221;10%&#8221; padding_bottom=&#8221;10%&#8221; z_index=&#8221;&#8221; css=&#8221;.vc_custom_1553778030181{padding-right: 20px !important;padding-left: 20px !important;}&#8221;][vc_column][vc_column_text] Aviso Legal No cumprimento do dever de informa\u00e7\u00e3o indicado no artigo 10 da Lei 34\/2002, de 11 de julho, de Servi\u00e7os da Sociedade da Informa\u00e7\u00e3o e do Com\u00e9rcio Eletr\u00f3nico,...\" \/>\n<meta property=\"og:url\" content=\"https:\/\/coolrooms.com\/palaciodeatocha\/pt-pt\/aviso-legal\/\" \/>\n<meta property=\"og:site_name\" content=\"Hotel CoolRooms Palacio de Atocha Madrid\" \/>\n<meta property=\"article:modified_time\" content=\"2024-02-08T11:09:44+00:00\" \/>\n<meta name=\"twitter:card\" content=\"summary_large_image\" \/>\n<meta name=\"twitter:label1\" content=\"Tempo estimado de leitura\" \/>\n\t<meta name=\"twitter:data1\" content=\"7 minutos\" \/>\n<script type=\"application\/ld+json\" class=\"yoast-schema-graph\">{\"@context\":\"https:\\\/\\\/schema.org\",\"@graph\":[{\"@type\":\"WebPage\",\"@id\":\"https:\\\/\\\/coolrooms.com\\\/palaciodeatocha\\\/pt-pt\\\/aviso-legal\\\/\",\"url\":\"https:\\\/\\\/coolrooms.com\\\/palaciodeatocha\\\/pt-pt\\\/aviso-legal\\\/\",\"name\":\"Aviso Legal | Hotel CoolRooms Palacio de Atocha Madrid\",\"isPartOf\":{\"@id\":\"https:\\\/\\\/coolrooms.com\\\/palaciodeatocha\\\/#website\"},\"datePublished\":\"2023-01-23T15:51:48+00:00\",\"dateModified\":\"2024-02-08T11:09:44+00:00\",\"breadcrumb\":{\"@id\":\"https:\\\/\\\/coolrooms.com\\\/palaciodeatocha\\\/pt-pt\\\/aviso-legal\\\/#breadcrumb\"},\"inLanguage\":\"pt-PT\",\"potentialAction\":[{\"@type\":\"ReadAction\",\"target\":[\"https:\\\/\\\/coolrooms.com\\\/palaciodeatocha\\\/pt-pt\\\/aviso-legal\\\/\"]}]},{\"@type\":\"BreadcrumbList\",\"@id\":\"https:\\\/\\\/coolrooms.com\\\/palaciodeatocha\\\/pt-pt\\\/aviso-legal\\\/#breadcrumb\",\"itemListElement\":[{\"@type\":\"ListItem\",\"position\":1,\"name\":\"Home\",\"item\":\"https:\\\/\\\/coolrooms.com\\\/palaciodeatocha\\\/pt-pt\\\/\"},{\"@type\":\"ListItem\",\"position\":2,\"name\":\"Aviso Legal\"}]},{\"@type\":\"WebSite\",\"@id\":\"https:\\\/\\\/coolrooms.com\\\/palaciodeatocha\\\/#website\",\"url\":\"https:\\\/\\\/coolrooms.com\\\/palaciodeatocha\\\/\",\"name\":\"Hotel CoolRooms Palacio de Atocha Madrid\",\"description\":\"Hotel de lujo en Atocha Madrid\",\"publisher\":{\"@id\":\"https:\\\/\\\/coolrooms.com\\\/palaciodeatocha\\\/#organization\"},\"potentialAction\":[{\"@type\":\"SearchAction\",\"target\":{\"@type\":\"EntryPoint\",\"urlTemplate\":\"https:\\\/\\\/coolrooms.com\\\/palaciodeatocha\\\/?s={search_term_string}\"},\"query-input\":{\"@type\":\"PropertyValueSpecification\",\"valueRequired\":true,\"valueName\":\"search_term_string\"}}],\"inLanguage\":\"pt-PT\"},{\"@type\":\"Organization\",\"@id\":\"https:\\\/\\\/coolrooms.com\\\/palaciodeatocha\\\/#organization\",\"name\":\"CoolRooms Palacio de Atocha\",\"url\":\"https:\\\/\\\/coolrooms.com\\\/palaciodeatocha\\\/\",\"logo\":{\"@type\":\"ImageObject\",\"inLanguage\":\"pt-PT\",\"@id\":\"https:\\\/\\\/coolrooms.com\\\/palaciodeatocha\\\/#\\\/schema\\\/logo\\\/image\\\/\",\"url\":\"https:\\\/\\\/coolrooms.com\\\/palaciodeatocha\\\/wp-content\\\/uploads\\\/sites\\\/3\\\/2018\\\/06\\\/coolrooms-logotipo-1.png\",\"contentUrl\":\"https:\\\/\\\/coolrooms.com\\\/palaciodeatocha\\\/wp-content\\\/uploads\\\/sites\\\/3\\\/2018\\\/06\\\/coolrooms-logotipo-1.png\",\"width\":591,\"height\":382,\"caption\":\"CoolRooms Palacio de Atocha\"},\"image\":{\"@id\":\"https:\\\/\\\/coolrooms.com\\\/palaciodeatocha\\\/#\\\/schema\\\/logo\\\/image\\\/\"}}]}<\/script>\n<!-- \/ Yoast SEO plugin. -->","yoast_head_json":{"title":"Aviso Legal | Hotel CoolRooms Palacio de Atocha Madrid","robots":{"index":"index","follow":"follow","max-snippet":"max-snippet:-1","max-image-preview":"max-image-preview:large","max-video-preview":"max-video-preview:-1"},"canonical":"https:\/\/coolrooms.com\/palaciodeatocha\/pt-pt\/aviso-legal\/","og_locale":"pt_PT","og_type":"article","og_title":"Aviso Legal | Hotel CoolRooms Palacio de Atocha Madrid","og_description":"[vc_row css_animation=&#8221;&#8221; row_type=&#8221;row&#8221; use_row_as_full_screen_section=&#8221;no&#8221; type=&#8221;grid&#8221; angled_section=&#8221;no&#8221; text_align=&#8221;left&#8221; background_image_as_pattern=&#8221;without_pattern&#8221; padding_top=&#8221;10%&#8221; padding_bottom=&#8221;10%&#8221; z_index=&#8221;&#8221; css=&#8221;.vc_custom_1553778030181{padding-right: 20px !important;padding-left: 20px !important;}&#8221;][vc_column][vc_column_text] Aviso Legal No cumprimento do dever de informa\u00e7\u00e3o indicado no artigo 10 da Lei 34\/2002, de 11 de julho, de Servi\u00e7os da Sociedade da Informa\u00e7\u00e3o e do Com\u00e9rcio Eletr\u00f3nico,...","og_url":"https:\/\/coolrooms.com\/palaciodeatocha\/pt-pt\/aviso-legal\/","og_site_name":"Hotel CoolRooms Palacio de Atocha Madrid","article_modified_time":"2024-02-08T11:09:44+00:00","twitter_card":"summary_large_image","twitter_misc":{"Tempo estimado de leitura":"7 minutos"},"schema":{"@context":"https:\/\/schema.org","@graph":[{"@type":"WebPage","@id":"https:\/\/coolrooms.com\/palaciodeatocha\/pt-pt\/aviso-legal\/","url":"https:\/\/coolrooms.com\/palaciodeatocha\/pt-pt\/aviso-legal\/","name":"Aviso Legal | Hotel CoolRooms Palacio de Atocha Madrid","isPartOf":{"@id":"https:\/\/coolrooms.com\/palaciodeatocha\/#website"},"datePublished":"2023-01-23T15:51:48+00:00","dateModified":"2024-02-08T11:09:44+00:00","breadcrumb":{"@id":"https:\/\/coolrooms.com\/palaciodeatocha\/pt-pt\/aviso-legal\/#breadcrumb"},"inLanguage":"pt-PT","potentialAction":[{"@type":"ReadAction","target":["https:\/\/coolrooms.com\/palaciodeatocha\/pt-pt\/aviso-legal\/"]}]},{"@type":"BreadcrumbList","@id":"https:\/\/coolrooms.com\/palaciodeatocha\/pt-pt\/aviso-legal\/#breadcrumb","itemListElement":[{"@type":"ListItem","position":1,"name":"Home","item":"https:\/\/coolrooms.com\/palaciodeatocha\/pt-pt\/"},{"@type":"ListItem","position":2,"name":"Aviso Legal"}]},{"@type":"WebSite","@id":"https:\/\/coolrooms.com\/palaciodeatocha\/#website","url":"https:\/\/coolrooms.com\/palaciodeatocha\/","name":"Hotel CoolRooms Palacio de Atocha Madrid","description":"Hotel de lujo en Atocha Madrid","publisher":{"@id":"https:\/\/coolrooms.com\/palaciodeatocha\/#organization"},"potentialAction":[{"@type":"SearchAction","target":{"@type":"EntryPoint","urlTemplate":"https:\/\/coolrooms.com\/palaciodeatocha\/?s={search_term_string}"},"query-input":{"@type":"PropertyValueSpecification","valueRequired":true,"valueName":"search_term_string"}}],"inLanguage":"pt-PT"},{"@type":"Organization","@id":"https:\/\/coolrooms.com\/palaciodeatocha\/#organization","name":"CoolRooms Palacio de Atocha","url":"https:\/\/coolrooms.com\/palaciodeatocha\/","logo":{"@type":"ImageObject","inLanguage":"pt-PT","@id":"https:\/\/coolrooms.com\/palaciodeatocha\/#\/schema\/logo\/image\/","url":"https:\/\/coolrooms.com\/palaciodeatocha\/wp-content\/uploads\/sites\/3\/2018\/06\/coolrooms-logotipo-1.png","contentUrl":"https:\/\/coolrooms.com\/palaciodeatocha\/wp-content\/uploads\/sites\/3\/2018\/06\/coolrooms-logotipo-1.png","width":591,"height":382,"caption":"CoolRooms Palacio de Atocha"},"image":{"@id":"https:\/\/coolrooms.com\/palaciodeatocha\/#\/schema\/logo\/image\/"}}]}},"acf":[],"_links":{"self":[{"href":"https:\/\/coolrooms.com\/palaciodeatocha\/pt-pt\/wp-json\/wp\/v2\/pages\/13097","targetHints":{"allow":["GET"]}}],"collection":[{"href":"https:\/\/coolrooms.com\/palaciodeatocha\/pt-pt\/wp-json\/wp\/v2\/pages"}],"about":[{"href":"https:\/\/coolrooms.com\/palaciodeatocha\/pt-pt\/wp-json\/wp\/v2\/types\/page"}],"author":[{"embeddable":true,"href":"https:\/\/coolrooms.com\/palaciodeatocha\/pt-pt\/wp-json\/wp\/v2\/users\/2"}],"replies":[{"embeddable":true,"href":"https:\/\/coolrooms.com\/palaciodeatocha\/pt-pt\/wp-json\/wp\/v2\/comments?post=13097"}],"version-history":[{"count":0,"href":"https:\/\/coolrooms.com\/palaciodeatocha\/pt-pt\/wp-json\/wp\/v2\/pages\/13097\/revisions"}],"wp:attachment":[{"href":"https:\/\/coolrooms.com\/palaciodeatocha\/pt-pt\/wp-json\/wp\/v2\/media?parent=13097"}],"curies":[{"name":"wp","href":"https:\/\/api.w.org\/{rel}","templated":true}]}}