{"id":13946,"date":"2018-06-08T08:32:50","date_gmt":"2018-06-08T08:32:50","guid":{"rendered":"https:\/\/coolrooms.com\/palaciodeatocha\/chambres\/cool-suite\/"},"modified":"2025-08-27T10:17:23","modified_gmt":"2025-08-27T10:17:23","slug":"cool-suite","status":"publish","type":"page","link":"https:\/\/coolrooms.com\/palaciodeatocha\/fr\/chambres\/cool-suite\/","title":{"rendered":"CoolSuite"},"content":{"rendered":"<div class=\"wpb-content-wrapper\"><p>[vc_row css_animation=\u00a0\u00bb\u00a0\u00bb row_type=\u00a0\u00bbrow\u00a0\u00bb use_row_as_full_screen_section=\u00a0\u00bbno\u00a0\u00bb type=\u00a0\u00bbgrid\u00a0\u00bb angled_section=\u00a0\u00bbno\u00a0\u00bb text_align=\u00a0\u00bbleft\u00a0\u00bb background_image_as_pattern=\u00a0\u00bbwithout_pattern\u00a0\u00bb el_id=\u00a0\u00bbdescription\u00a0\u00bb z_index=\u00a0\u00bb\u00a0\u00bb css=\u00a0\u00bb.vc_custom_1528453076681{padding-bottom: 180px !important;}\u00a0\u00bb][vc_column width=\u00a0\u00bb2\/3&Prime; css=\u00a0\u00bb.vc_custom_1528448395288{background-color: #ffffff !important;}\u00a0\u00bb][vc_column_text]<\/p>\n<h2 class=\"subtitulo\">CoolSuite<\/h2>\n<p>[\/vc_column_text][vc_separator css_animation=\u00a0\u00bbfadeInLeft\u00a0\u00bb type=\u00a0\u00bbsmall\u00a0\u00bb position=\u00a0\u00bbleft\u00a0\u00bb color=\u00a0\u00bb#ad0032&Prime; thickness=\u00a0\u00bb2&Prime; width=\u00a0\u00bb50&Prime;][vc_column_text]<\/p>\n<h3><strong>De 92 \u00e0 104 m<sup>2<\/sup><\/strong><\/h3>\n<p>[\/vc_column_text][vc_separator css_animation=\u00a0\u00bbnone\u00a0\u00bb type=\u00a0\u00bbtransparent\u00a0\u00bb thickness=\u00a0\u00bb2&Prime; up=\u00a0\u00bb30&Prime;][vc_column_text]Au dernier \u00e9tage de l\u2019h\u00f4tel, dominent les CoolSuites, deux majestueuses Suites offrant une vue imprenable sur Madrid, une exp\u00e9rience inoubliable. Elles disposent chacune d\u2019une terrasse, avec jacuzzi, un lieu o\u00f9 vous pourrez vous d\u00e9tendre tout en profitant de l\u2019impressionnante skyline de Madrid.[\/vc_column_text][vc_raw_html]JTNDYSUyMGhyZWYlM0QlMjIlMjMlMjIlMjBjbGFzcyUzRCUyMmxpbmstMzYwJTIwb3Blbi1jb29sLXN1aXRlcy0zNjAlMjIlMjB0aXRsZSUzRCUyMkNvb2wlMjBTdWl0ZSUyMiUyMHN0eWxlJTNEJTIyY3Vyc29yJTNBJTIwcG9pbnRlciUzQiUyMiUzRSUwQSUwOSUzQ2ltZyUyMHNyYyUzRCUyMiUyRndwLWNvbnRlbnQlMkZ1cGxvYWRzJTJGc2l0ZXMlMkYzJTJGMjAyMiUyRjEyJTJGMzYwLnBuZyUyMiUyMHdpZHRoJTNEJTIyNTAlMjIlMjBoZWlnaHQlM0QlMjI1MCUyMiUyMGFsdCUzRCUyMjM2MCUyMiUyMHN0eWxlJTNEJTIyd2lkdGglM0EzNXB4JTNCaGVpZ2h0JTNBMzVweCUzQiUyMiUzRSUwQSUzQyUyRmElM0U=[\/vc_raw_html][\/vc_column][vc_column width=\u00a0\u00bb1\/3&Prime;][\/vc_column][\/vc_row][vc_row css_animation=\u00a0\u00bb\u00a0\u00bb row_type=\u00a0\u00bbrow\u00a0\u00bb use_row_as_full_screen_section=\u00a0\u00bbno\u00a0\u00bb type=\u00a0\u00bbgrid\u00a0\u00bb angled_section=\u00a0\u00bbno\u00a0\u00bb text_align=\u00a0\u00bbleft\u00a0\u00bb background_image_as_pattern=\u00a0\u00bbwithout_pattern\u00a0\u00bb background_color=\u00a0\u00bb#f8f3e9&Prime; css=\u00a0\u00bb.vc_custom_1528453789317{padding-top: 60px !important;padding-right: 60px !important;padding-left: 60px !important;background-color: #f8f3e9 !important;}\u00a0\u00bb z_index=\u00a0\u00bb\u00a0\u00bb el_id=\u00a0\u00bbgaleria\u00a0\u00bb][vc_column][vc_gallery type=\u00a0\u00bbflexslider_slide\u00a0\u00bb interval=\u00a0\u00bb3&Prime; images=\u00a0\u00bb18147,18164,18159,9245,9239,9242,9248,9251&Prime; img_size=\u00a0\u00bbfull\u00a0\u00bb onclick=\u00a0\u00bb\u00a0\u00bb css_animation=\u00a0\u00bbtop-to-bottom\u00a0\u00bb css=\u00a0\u00bb.vc_custom_1741269680743{padding-right: 40px !important;padding-left: 40px !important;}\u00a0\u00bb][\/vc_column][\/vc_row][vc_row css_animation=\u00a0\u00bb\u00a0\u00bb row_type=\u00a0\u00bbrow\u00a0\u00bb use_row_as_full_screen_section=\u00a0\u00bbno\u00a0\u00bb type=\u00a0\u00bbgrid\u00a0\u00bb angled_section=\u00a0\u00bbno\u00a0\u00bb text_align=\u00a0\u00bbleft\u00a0\u00bb background_image_as_pattern=\u00a0\u00bbwithout_pattern\u00a0\u00bb z_index=\u00a0\u00bb\u00a0\u00bb][vc_column][vc_row_inner row_type=\u00a0\u00bbrow\u00a0\u00bb type=\u00a0\u00bbfull_width\u00a0\u00bb text_align=\u00a0\u00bbleft\u00a0\u00bb css_animation=\u00a0\u00bb\u00a0\u00bb css=\u00a0\u00bb.vc_custom_1756288930720{padding-top: 30px !important;padding-right: 30px !important;padding-bottom: 30px !important;padding-left: 30px !important;background-color: #ffffff !important;background-position: center !important;background-repeat: no-repeat !important;background-size: contain !important;}\u00a0\u00bb el_id=\u00a0\u00bbfacilities\u00a0\u00bb][vc_column_inner width=\u00a0\u00bb1\/2&Prime;][vc_column_text]<\/p>\n<h2>Services<\/h2>\n<p>[\/vc_column_text]<div class='q_list circle normal animate_list'><\/p>\n<ul>\n<li>Matelas CoolRooms uniques et cr\u00e9es sur mesure 2\u00d72<\/li>\n<li>Salon<\/li>\n<li>Terrasse priv\u00e9e<\/li>\n<li>Jacuzzi Zucchetti Kos<\/li>\n<li>2 TVs<\/li>\n<li>Enceinte sans fil Bang &amp; Olufsen inal\u00e1mbrico Beoplay M3<\/li>\n<li>Machine \u00e0 caf\u00e9 Nespresso<\/li>\n<\/ul>\n<p><\/div>[\/vc_column_inner][vc_column_inner width=\u00a0\u00bb1\/2&Prime;][vc_empty_space height=\u00a0\u00bb40px\u00a0\u00bb]<div class='q_list circle normal animate_list'><\/p>\n<ul>\n<li>Bar r\u00e9frig\u00e9r\u00e9<\/li>\n<li>Bouilloire \u00e0 th\u00e9 Kettle Russell Hobbs<\/li>\n<li>Produits de toilette Molton Brown<\/li>\n<li>S\u00e8che-Cheveux et fer \u00e0 lisser GHD<\/li>\n<li>Peignoirs et chaussons<\/li>\n<li>Coffre -fort en chambre avec chargeur d&rsquo;appareil<\/li>\n<li>D\u00e9froisseur vapeur et planche \u00e0 repasser<\/li>\n<\/ul>\n<p><\/div>[\/vc_column_inner][\/vc_row_inner][\/vc_column][\/vc_row][vc_row css_animation=\u00a0\u00bb\u00a0\u00bb row_type=\u00a0\u00bbrow\u00a0\u00bb use_row_as_full_screen_section=\u00a0\u00bbno\u00a0\u00bb type=\u00a0\u00bbfull_width\u00a0\u00bb angled_section=\u00a0\u00bbno\u00a0\u00bb text_align=\u00a0\u00bbleft\u00a0\u00bb background_image_as_pattern=\u00a0\u00bbwithout_pattern\u00a0\u00bb][vc_column][vc_empty_space height=\u00a0\u00bb40px\u00a0\u00bb][\/vc_column][\/vc_row]<\/p>\n<\/div>","protected":false},"excerpt":{"rendered":"<p>[vc_row css_animation=\u00a0\u00bb\u00a0\u00bb row_type=\u00a0\u00bbrow\u00a0\u00bb use_row_as_full_screen_section=\u00a0\u00bbno\u00a0\u00bb type=\u00a0\u00bbgrid\u00a0\u00bb angled_section=\u00a0\u00bbno\u00a0\u00bb text_align=\u00a0\u00bbleft\u00a0\u00bb background_image_as_pattern=\u00a0\u00bbwithout_pattern\u00a0\u00bb el_id=\u00a0\u00bbdescription\u00a0\u00bb z_index=\u00a0\u00bb\u00a0\u00bb css=\u00a0\u00bb.vc_custom_1528453076681{padding-bottom: 180px !important;}\u00a0\u00bb][vc_column width=\u00a0\u00bb2\/3&Prime; css=\u00a0\u00bb.vc_custom_1528448395288{background-color: #ffffff !important;}\u00a0\u00bb][vc_column_text] CoolSuite [\/vc_column_text][vc_separator css_animation=\u00a0\u00bbfadeInLeft\u00a0\u00bb type=\u00a0\u00bbsmall\u00a0\u00bb position=\u00a0\u00bbleft\u00a0\u00bb color=\u00a0\u00bb#ad0032&Prime; thickness=\u00a0\u00bb2&Prime; width=\u00a0\u00bb50&Prime;][vc_column_text] De 92 \u00e0 104 m2 [\/vc_column_text][vc_separator css_animation=\u00a0\u00bbnone\u00a0\u00bb type=\u00a0\u00bbtransparent\u00a0\u00bb thickness=\u00a0\u00bb2&Prime; up=\u00a0\u00bb30&Prime;][vc_column_text]Au dernier \u00e9tage de l\u2019h\u00f4tel, dominent les CoolSuites, deux majestueuses Suites&#8230;<\/p>\n","protected":false},"author":2,"featured_media":18193,"parent":13776,"menu_order":0,"comment_status":"closed","ping_status":"closed","template":"full_width.php","meta":{"_acf_changed":false,"footnotes":""},"class_list":["post-13946","page","type-page","status-publish","has-post-thumbnail","hentry"],"yoast_head":"<!-- This site is optimized with the Yoast SEO plugin v27.3 - https:\/\/yoast.com\/product\/yoast-seo-wordpress\/ -->\n<title>CoolSuite | Hotel CoolRooms Atocha Madrid<\/title>\n<meta name=\"description\" content=\"En el \u00faltimo piso de nuestro hotel, las CoolSuite ofrecen una experiencia \u00fanica. Terraza privadas con mini-piscina con vistas a Madrid. \u00a1Reserva!\" \/>\n<meta name=\"robots\" content=\"index, follow, max-snippet:-1, max-image-preview:large, max-video-preview:-1\" \/>\n<link rel=\"canonical\" href=\"https:\/\/coolrooms.com\/palaciodeatocha\/fr\/chambres\/cool-suite\/\" \/>\n<meta property=\"og:locale\" content=\"fr_FR\" \/>\n<meta property=\"og:type\" content=\"article\" \/>\n<meta property=\"og:title\" content=\"CoolSuite | Hotel CoolRooms Atocha Madrid\" \/>\n<meta property=\"og:description\" content=\"En el \u00faltimo piso de nuestro hotel, las CoolSuite ofrecen una experiencia \u00fanica. Terraza privadas con mini-piscina con vistas a Madrid. \u00a1Reserva!\" \/>\n<meta property=\"og:url\" content=\"https:\/\/coolrooms.com\/palaciodeatocha\/fr\/chambres\/cool-suite\/\" \/>\n<meta property=\"og:site_name\" content=\"Hotel CoolRooms Palacio de Atocha Madrid\" \/>\n<meta property=\"article:modified_time\" content=\"2025-08-27T10:17:23+00:00\" \/>\n<meta property=\"og:image\" content=\"https:\/\/coolrooms.com\/palaciodeatocha\/wp-content\/uploads\/sites\/3\/2025\/03\/Portada-CoolSuite.jpg\" \/>\n\t<meta property=\"og:image:width\" content=\"1080\" \/>\n\t<meta property=\"og:image:height\" content=\"1080\" \/>\n\t<meta property=\"og:image:type\" content=\"image\/jpeg\" \/>\n<meta name=\"twitter:card\" content=\"summary_large_image\" \/>\n<meta name=\"twitter:label1\" content=\"Dur\u00e9e de lecture estim\u00e9e\" \/>\n\t<meta name=\"twitter:data1\" content=\"2 minutes\" \/>\n<script type=\"application\/ld+json\" class=\"yoast-schema-graph\">{\"@context\":\"https:\\\/\\\/schema.org\",\"@graph\":[{\"@type\":\"WebPage\",\"@id\":\"https:\\\/\\\/coolrooms.com\\\/palaciodeatocha\\\/fr\\\/chambres\\\/cool-suite\\\/\",\"url\":\"https:\\\/\\\/coolrooms.com\\\/palaciodeatocha\\\/fr\\\/chambres\\\/cool-suite\\\/\",\"name\":\"CoolSuite | Hotel CoolRooms Atocha Madrid\",\"isPartOf\":{\"@id\":\"https:\\\/\\\/coolrooms.com\\\/palaciodeatocha\\\/#website\"},\"primaryImageOfPage\":{\"@id\":\"https:\\\/\\\/coolrooms.com\\\/palaciodeatocha\\\/fr\\\/chambres\\\/cool-suite\\\/#primaryimage\"},\"image\":{\"@id\":\"https:\\\/\\\/coolrooms.com\\\/palaciodeatocha\\\/fr\\\/chambres\\\/cool-suite\\\/#primaryimage\"},\"thumbnailUrl\":\"https:\\\/\\\/coolrooms.com\\\/palaciodeatocha\\\/wp-content\\\/uploads\\\/sites\\\/3\\\/2025\\\/03\\\/Portada-CoolSuite.jpg\",\"datePublished\":\"2018-06-08T08:32:50+00:00\",\"dateModified\":\"2025-08-27T10:17:23+00:00\",\"description\":\"En el \u00faltimo piso de nuestro hotel, las CoolSuite ofrecen una experiencia \u00fanica. Terraza privadas con mini-piscina con vistas a Madrid. \u00a1Reserva!\",\"breadcrumb\":{\"@id\":\"https:\\\/\\\/coolrooms.com\\\/palaciodeatocha\\\/fr\\\/chambres\\\/cool-suite\\\/#breadcrumb\"},\"inLanguage\":\"fr-FR\",\"potentialAction\":[{\"@type\":\"ReadAction\",\"target\":[\"https:\\\/\\\/coolrooms.com\\\/palaciodeatocha\\\/fr\\\/chambres\\\/cool-suite\\\/\"]}]},{\"@type\":\"ImageObject\",\"inLanguage\":\"fr-FR\",\"@id\":\"https:\\\/\\\/coolrooms.com\\\/palaciodeatocha\\\/fr\\\/chambres\\\/cool-suite\\\/#primaryimage\",\"url\":\"https:\\\/\\\/coolrooms.com\\\/palaciodeatocha\\\/wp-content\\\/uploads\\\/sites\\\/3\\\/2025\\\/03\\\/Portada-CoolSuite.jpg\",\"contentUrl\":\"https:\\\/\\\/coolrooms.com\\\/palaciodeatocha\\\/wp-content\\\/uploads\\\/sites\\\/3\\\/2025\\\/03\\\/Portada-CoolSuite.jpg\",\"width\":1080,\"height\":1080},{\"@type\":\"BreadcrumbList\",\"@id\":\"https:\\\/\\\/coolrooms.com\\\/palaciodeatocha\\\/fr\\\/chambres\\\/cool-suite\\\/#breadcrumb\",\"itemListElement\":[{\"@type\":\"ListItem\",\"position\":1,\"name\":\"Home\",\"item\":\"https:\\\/\\\/coolrooms.com\\\/palaciodeatocha\\\/fr\\\/\"},{\"@type\":\"ListItem\",\"position\":2,\"name\":\"Chambres\",\"item\":\"https:\\\/\\\/coolrooms.com\\\/palaciodeatocha\\\/fr\\\/chambres\\\/\"},{\"@type\":\"ListItem\",\"position\":3,\"name\":\"CoolSuite\"}]},{\"@type\":\"WebSite\",\"@id\":\"https:\\\/\\\/coolrooms.com\\\/palaciodeatocha\\\/#website\",\"url\":\"https:\\\/\\\/coolrooms.com\\\/palaciodeatocha\\\/\",\"name\":\"Hotel CoolRooms Palacio de Atocha Madrid\",\"description\":\"Hotel de lujo en Atocha Madrid\",\"publisher\":{\"@id\":\"https:\\\/\\\/coolrooms.com\\\/palaciodeatocha\\\/#organization\"},\"potentialAction\":[{\"@type\":\"SearchAction\",\"target\":{\"@type\":\"EntryPoint\",\"urlTemplate\":\"https:\\\/\\\/coolrooms.com\\\/palaciodeatocha\\\/?s={search_term_string}\"},\"query-input\":{\"@type\":\"PropertyValueSpecification\",\"valueRequired\":true,\"valueName\":\"search_term_string\"}}],\"inLanguage\":\"fr-FR\"},{\"@type\":\"Organization\",\"@id\":\"https:\\\/\\\/coolrooms.com\\\/palaciodeatocha\\\/#organization\",\"name\":\"CoolRooms Palacio de Atocha\",\"url\":\"https:\\\/\\\/coolrooms.com\\\/palaciodeatocha\\\/\",\"logo\":{\"@type\":\"ImageObject\",\"inLanguage\":\"fr-FR\",\"@id\":\"https:\\\/\\\/coolrooms.com\\\/palaciodeatocha\\\/#\\\/schema\\\/logo\\\/image\\\/\",\"url\":\"https:\\\/\\\/coolrooms.com\\\/palaciodeatocha\\\/wp-content\\\/uploads\\\/sites\\\/3\\\/2018\\\/06\\\/coolrooms-logotipo-1.png\",\"contentUrl\":\"https:\\\/\\\/coolrooms.com\\\/palaciodeatocha\\\/wp-content\\\/uploads\\\/sites\\\/3\\\/2018\\\/06\\\/coolrooms-logotipo-1.png\",\"width\":591,\"height\":382,\"caption\":\"CoolRooms Palacio de Atocha\"},\"image\":{\"@id\":\"https:\\\/\\\/coolrooms.com\\\/palaciodeatocha\\\/#\\\/schema\\\/logo\\\/image\\\/\"}}]}<\/script>\n<!-- \/ Yoast SEO plugin. -->","yoast_head_json":{"title":"CoolSuite | Hotel CoolRooms Atocha Madrid","description":"En el \u00faltimo piso de nuestro hotel, las CoolSuite ofrecen una experiencia \u00fanica. Terraza privadas con mini-piscina con vistas a Madrid. \u00a1Reserva!","robots":{"index":"index","follow":"follow","max-snippet":"max-snippet:-1","max-image-preview":"max-image-preview:large","max-video-preview":"max-video-preview:-1"},"canonical":"https:\/\/coolrooms.com\/palaciodeatocha\/fr\/chambres\/cool-suite\/","og_locale":"fr_FR","og_type":"article","og_title":"CoolSuite | Hotel CoolRooms Atocha Madrid","og_description":"En el \u00faltimo piso de nuestro hotel, las CoolSuite ofrecen una experiencia \u00fanica. Terraza privadas con mini-piscina con vistas a Madrid. \u00a1Reserva!","og_url":"https:\/\/coolrooms.com\/palaciodeatocha\/fr\/chambres\/cool-suite\/","og_site_name":"Hotel CoolRooms Palacio de Atocha Madrid","article_modified_time":"2025-08-27T10:17:23+00:00","og_image":[{"width":1080,"height":1080,"url":"https:\/\/coolrooms.com\/palaciodeatocha\/wp-content\/uploads\/sites\/3\/2025\/03\/Portada-CoolSuite.jpg","type":"image\/jpeg"}],"twitter_card":"summary_large_image","twitter_misc":{"Dur\u00e9e de lecture estim\u00e9e":"2 minutes"},"schema":{"@context":"https:\/\/schema.org","@graph":[{"@type":"WebPage","@id":"https:\/\/coolrooms.com\/palaciodeatocha\/fr\/chambres\/cool-suite\/","url":"https:\/\/coolrooms.com\/palaciodeatocha\/fr\/chambres\/cool-suite\/","name":"CoolSuite | Hotel CoolRooms Atocha Madrid","isPartOf":{"@id":"https:\/\/coolrooms.com\/palaciodeatocha\/#website"},"primaryImageOfPage":{"@id":"https:\/\/coolrooms.com\/palaciodeatocha\/fr\/chambres\/cool-suite\/#primaryimage"},"image":{"@id":"https:\/\/coolrooms.com\/palaciodeatocha\/fr\/chambres\/cool-suite\/#primaryimage"},"thumbnailUrl":"https:\/\/coolrooms.com\/palaciodeatocha\/wp-content\/uploads\/sites\/3\/2025\/03\/Portada-CoolSuite.jpg","datePublished":"2018-06-08T08:32:50+00:00","dateModified":"2025-08-27T10:17:23+00:00","description":"En el \u00faltimo piso de nuestro hotel, las CoolSuite ofrecen una experiencia \u00fanica. Terraza privadas con mini-piscina con vistas a Madrid. \u00a1Reserva!","breadcrumb":{"@id":"https:\/\/coolrooms.com\/palaciodeatocha\/fr\/chambres\/cool-suite\/#breadcrumb"},"inLanguage":"fr-FR","potentialAction":[{"@type":"ReadAction","target":["https:\/\/coolrooms.com\/palaciodeatocha\/fr\/chambres\/cool-suite\/"]}]},{"@type":"ImageObject","inLanguage":"fr-FR","@id":"https:\/\/coolrooms.com\/palaciodeatocha\/fr\/chambres\/cool-suite\/#primaryimage","url":"https:\/\/coolrooms.com\/palaciodeatocha\/wp-content\/uploads\/sites\/3\/2025\/03\/Portada-CoolSuite.jpg","contentUrl":"https:\/\/coolrooms.com\/palaciodeatocha\/wp-content\/uploads\/sites\/3\/2025\/03\/Portada-CoolSuite.jpg","width":1080,"height":1080},{"@type":"BreadcrumbList","@id":"https:\/\/coolrooms.com\/palaciodeatocha\/fr\/chambres\/cool-suite\/#breadcrumb","itemListElement":[{"@type":"ListItem","position":1,"name":"Home","item":"https:\/\/coolrooms.com\/palaciodeatocha\/fr\/"},{"@type":"ListItem","position":2,"name":"Chambres","item":"https:\/\/coolrooms.com\/palaciodeatocha\/fr\/chambres\/"},{"@type":"ListItem","position":3,"name":"CoolSuite"}]},{"@type":"WebSite","@id":"https:\/\/coolrooms.com\/palaciodeatocha\/#website","url":"https:\/\/coolrooms.com\/palaciodeatocha\/","name":"Hotel CoolRooms Palacio de Atocha Madrid","description":"Hotel de lujo en Atocha Madrid","publisher":{"@id":"https:\/\/coolrooms.com\/palaciodeatocha\/#organization"},"potentialAction":[{"@type":"SearchAction","target":{"@type":"EntryPoint","urlTemplate":"https:\/\/coolrooms.com\/palaciodeatocha\/?s={search_term_string}"},"query-input":{"@type":"PropertyValueSpecification","valueRequired":true,"valueName":"search_term_string"}}],"inLanguage":"fr-FR"},{"@type":"Organization","@id":"https:\/\/coolrooms.com\/palaciodeatocha\/#organization","name":"CoolRooms Palacio de Atocha","url":"https:\/\/coolrooms.com\/palaciodeatocha\/","logo":{"@type":"ImageObject","inLanguage":"fr-FR","@id":"https:\/\/coolrooms.com\/palaciodeatocha\/#\/schema\/logo\/image\/","url":"https:\/\/coolrooms.com\/palaciodeatocha\/wp-content\/uploads\/sites\/3\/2018\/06\/coolrooms-logotipo-1.png","contentUrl":"https:\/\/coolrooms.com\/palaciodeatocha\/wp-content\/uploads\/sites\/3\/2018\/06\/coolrooms-logotipo-1.png","width":591,"height":382,"caption":"CoolRooms Palacio de Atocha"},"image":{"@id":"https:\/\/coolrooms.com\/palaciodeatocha\/#\/schema\/logo\/image\/"}}]}},"acf":[],"_links":{"self":[{"href":"https:\/\/coolrooms.com\/palaciodeatocha\/fr\/wp-json\/wp\/v2\/pages\/13946","targetHints":{"allow":["GET"]}}],"collection":[{"href":"https:\/\/coolrooms.com\/palaciodeatocha\/fr\/wp-json\/wp\/v2\/pages"}],"about":[{"href":"https:\/\/coolrooms.com\/palaciodeatocha\/fr\/wp-json\/wp\/v2\/types\/page"}],"author":[{"embeddable":true,"href":"https:\/\/coolrooms.com\/palaciodeatocha\/fr\/wp-json\/wp\/v2\/users\/2"}],"replies":[{"embeddable":true,"href":"https:\/\/coolrooms.com\/palaciodeatocha\/fr\/wp-json\/wp\/v2\/comments?post=13946"}],"version-history":[{"count":5,"href":"https:\/\/coolrooms.com\/palaciodeatocha\/fr\/wp-json\/wp\/v2\/pages\/13946\/revisions"}],"predecessor-version":[{"id":19247,"href":"https:\/\/coolrooms.com\/palaciodeatocha\/fr\/wp-json\/wp\/v2\/pages\/13946\/revisions\/19247"}],"up":[{"embeddable":true,"href":"https:\/\/coolrooms.com\/palaciodeatocha\/fr\/wp-json\/wp\/v2\/pages\/13776"}],"wp:featuredmedia":[{"embeddable":true,"href":"https:\/\/coolrooms.com\/palaciodeatocha\/fr\/wp-json\/wp\/v2\/media\/18193"}],"wp:attachment":[{"href":"https:\/\/coolrooms.com\/palaciodeatocha\/fr\/wp-json\/wp\/v2\/media?parent=13946"}],"curies":[{"name":"wp","href":"https:\/\/api.w.org\/{rel}","templated":true}]}}