{"id":13929,"date":"2019-03-28T13:26:32","date_gmt":"2019-03-28T13:26:32","guid":{"rendered":"https:\/\/coolrooms.com\/palaciodeatocha\/politica-de-cookies\/"},"modified":"2024-01-19T13:25:19","modified_gmt":"2024-01-19T13:25:19","slug":"politique-de-cookies","status":"publish","type":"page","link":"https:\/\/coolrooms.com\/palaciodeatocha\/fr\/politique-de-cookies\/","title":{"rendered":"Politique de Cookies"},"content":{"rendered":"<div class=\"wpb-content-wrapper\"><p>[vc_row css_animation=\u00a0\u00bb\u00a0\u00bb row_type=\u00a0\u00bbrow\u00a0\u00bb use_row_as_full_screen_section=\u00a0\u00bbno\u00a0\u00bb type=\u00a0\u00bbfull_width\u00a0\u00bb angled_section=\u00a0\u00bbno\u00a0\u00bb text_align=\u00a0\u00bbleft\u00a0\u00bb background_image_as_pattern=\u00a0\u00bbwithout_pattern\u00a0\u00bb][vc_column][vc_row_inner row_type=\u00a0\u00bbrow\u00a0\u00bb type=\u00a0\u00bbfull_width\u00a0\u00bb text_align=\u00a0\u00bbleft\u00a0\u00bb css_animation=\u00a0\u00bb\u00a0\u00bb][vc_column_inner][vc_column_text]<\/p>\n<h2>Politique de cookies<\/h2>\n<p>Conform\u00e9ment au devoir d\u2019information pr\u00e9vu dans la section 2 de l\u2019article 22 de la loi n \u00b0 34\/2002 du 11 juillet sur les services de la soci\u00e9t\u00e9 de l\u2019information et le commerce \u00e9lectronique, la pr\u00e9sente politique en mati\u00e8re de cookies est destin\u00e9e \u00e0 vous informer de mani\u00e8re claire et pr\u00e9cise sur les cookies utilis\u00e9s sur le site internet de <span class=\"ui-provider baf bag bah bai baj bak bal bam ban bao bap baq bar bas bat bau bav baw bax bay baz bba bbb bbc bbd bbe bbf bbg bbh bbi bbj bbk bbl bbm bbn\" dir=\"ltr\">COOL ROOMS GESTI\u00d3N S.L.<\/span><\/p>\n<h3>QUE SONT LES COOKIES ?<\/h3>\n<p>Un cookie est un petit fichier que les sites internet envoient au navigateur et qui sont t\u00e9l\u00e9charg\u00e9s sur votre ordinateur. Les cookies permettent au site internet de stocker et de r\u00e9cup\u00e9rer des informations li\u00e9es \u00e0 votre visite, telles que la langue dans laquelle vous pr\u00e9f\u00e9rez visiter un site internet et d\u2019autres options, dans le but d\u2019am\u00e9liorer les services propos\u00e9s et de contribuer \u00e0 une meilleure exp\u00e9rience de navigation de l\u2019utilisateur.<\/p>\n<p>&nbsp;<\/p>\n<h3>\u00a0AUTORIsation pour l\u2019utilisation DE COOKIES<\/h3>\n<p>Conform\u00e9ment \u00e0 l\u2019information sur les cookies qui appara\u00eet sur votre \u00e9cran en consultant notre site internet, l\u2019utilisateur accepte et consent qu\u2019en naviguant sur ce dernier, des cookies seront utilis\u00e9s conform\u00e9ment \u00e0 la description d\u00e9taill\u00e9e ci-dessous, sans affecter le fait qu\u2019il peut modifier la configuration de son navigateur pour refuser l\u2019utilisation de cookies.<\/p>\n<p>&nbsp;<\/p>\n<h3>Types DE COOKIES<\/h3>\n<p>Selon le domaine depuis lequel les donn\u00e9es sont envoy\u00e9es et trait\u00e9es, on fera la distinction entre les cookies propres et les cookies de tierce parties.<\/p>\n<p>Les cookies peuvent \u00e9galement \u00eatre class\u00e9s en fonction de la dur\u00e9e pendant laquelle ils restent stock\u00e9s dans le navigateur de l\u2019utilisateur, en distinguant les cookies de session des cookies persistants.<\/p>\n<p>Enfin, en fonction du but dans lequel les informations collect\u00e9es sont trait\u00e9es, les cookies peuvent \u00eatre class\u00e9s selon diff\u00e9rentes cat\u00e9gories :<\/p>\n<ul>\n<li>Cookies techniques : permettent \u00e0 l\u2019utilisateur de naviguer sur un site internet et d\u2019utiliser certains des services propos\u00e9s par celui-ci (tels que ceux utilis\u00e9s pour m\u00e9moriser les \u00e9l\u00e9ments d\u2019un panier d\u2019achat).<\/li>\n<li>Cookies de personnalisation : permettent \u00e0 l\u2019utilisateur d\u2019acc\u00e9der au site internet avec certaines caract\u00e9ristiques, telles que le choix de la langue.<\/li>\n<li>Cookies de s\u00e9curit\u00e9 : ils servent \u00e0 pr\u00e9venir ou \u00e0 emp\u00eacher les attaques contre le site internet.<\/li>\n<li>Cookies compl\u00e9mentaires pour \u00e9changer du contenu social : les plugins, qui permettent de partager du contenu sur les r\u00e9seaux sociaux.<\/li>\n<li>Cookies d\u2019analyse : permettent au responsable de surveiller le comportement de l\u2019utilisateur.<\/li>\n<li>Cookies publicitaires : vous permettent de g\u00e9rer les espaces publicitaires du site.<\/li>\n<li>Cookies de publicit\u00e9 comportementale : comme les pr\u00e9c\u00e9dents, ils sont utilis\u00e9s pour g\u00e9rer les espaces publicitaires du site internet en fonction des informations collect\u00e9es sur le comportement et les habitudes de l\u2019utilisateur, en adaptant la publicit\u00e9 au profil de l\u2019utilisateur.<\/li>\n<li>Cookies de g\u00e9olocalisation : utilis\u00e9s pour conna\u00eetre le pays o\u00f9 se trouve l\u2019utilisateur.<\/li>\n<\/ul>\n<p>&nbsp;<\/p>\n<h3>Comment g\u00e9rer la configuration des cookies<\/h3>\n<p>Vous pouvez restreindre, bloquer ou supprimer les cookies de <span class=\"ui-provider baf bag bah bai baj bak bal bam ban bao bap baq bar bas bat bau bav baw bax bay baz bba bbb bbc bbd bbe bbf bbg bbh bbi bbj bbk bbl bbm bbn\" dir=\"ltr\">COOL ROOMS GESTI\u00d3N S.L.<\/span> ou toute autre page internet utilisant votre navigateur. Dans chaque navigateur, l\u2019op\u00e9ration est diff\u00e9rente, vous pouvez trouver comment le faire dans le menu d\u2019aide de votre navigateur, o\u00f9 la proc\u00e9dure sera indiqu\u00e9e. Pour plus d\u2019informations :<\/p>\n<ul>\n<li>Google Chrome : https:\/\/support.google.com\/chrome\/answer\/95647?co=GENIE.Platform%253 DDesktop &amp; hl = en<\/li>\n<li>Mozilla Firefox : https:\/\/support.mozilla.org\/es\/kb\/habilitar-y-deshabilitar-cookies- websites-crawl-preferences<\/li>\n<li>Safari : <a href=\"https:\/\/support.apple.com\/es-es\/guide\/safari\/sfri11471\/mac\">https:\/\/support.apple.com\/es-es\/guide\/safari\/sfri11471\/mac<\/a><\/li>\n<li>Internet Explorer : https:\/\/support.microsoft.com\/es-es\/help\/278835\/how-to-delete-cookie-files-in-internet-explorer<\/li>\n<\/ul>\n<p>Il est possible qu\u2019en d\u00e9sactivant les cookies, le site internet cesse de fonctionner correctement ou que vous ne puissiez pas acc\u00e9der \u00e0 certaines de ses fonctions.<\/p>\n<h3><\/h3>\n<h3>COOKIES UTILIs\u00e9s sur le site internet<\/h3>\n<p>Dans le portail Web, diff\u00e9rents types de cookies sont utilis\u00e9s \u00e0 diff\u00e9rentes fins, puis les cookies utilis\u00e9s sont r\u00e9pertori\u00e9s :<\/p>\n<p>IDE<\/p>\n<p>_fbp<\/p>\n<p>_ga<\/p>\n<p>_gid<\/p>\n<p>_icl_current_language<\/p>\n<p>_icl_visitor_lang_js<\/p>\n<p>fr<\/p>\n<p>gid<\/p>\n<p>wpml_browser_redirect_test<\/p>\n<p>&nbsp;<\/p>\n<h3>MODIFICAtion des conditions<\/h3>\n<p><span class=\"ui-provider baf bag bah bai baj bak bal bam ban bao bap baq bar bas bat bau bav baw bax bay baz bba bbb bbc bbd bbe bbf bbg bbh bbi bbj bbk bbl bbm bbn\" dir=\"ltr\">COOL ROOMS GESTI\u00d3N S.L.<\/span> se r\u00e9serve express\u00e9ment le droit de modifier unilat\u00e9ralement, totalement ou partiellement, sans pr\u00e9avis, cette politique de cookies. L\u2019utilisateur reconna\u00eet et accepte qu\u2019il lui incombe de prendre connaissance de cette politique de cookies.[\/vc_column_text][\/vc_column_inner][\/vc_row_inner][vc_empty_space height=\u00a0\u00bb120px\u00a0\u00bb][\/vc_column][\/vc_row]<\/p>\n<\/div>","protected":false},"excerpt":{"rendered":"<p>[vc_row css_animation=\u00a0\u00bb\u00a0\u00bb row_type=\u00a0\u00bbrow\u00a0\u00bb use_row_as_full_screen_section=\u00a0\u00bbno\u00a0\u00bb type=\u00a0\u00bbfull_width\u00a0\u00bb angled_section=\u00a0\u00bbno\u00a0\u00bb text_align=\u00a0\u00bbleft\u00a0\u00bb background_image_as_pattern=\u00a0\u00bbwithout_pattern\u00a0\u00bb][vc_column][vc_row_inner row_type=\u00a0\u00bbrow\u00a0\u00bb type=\u00a0\u00bbfull_width\u00a0\u00bb text_align=\u00a0\u00bbleft\u00a0\u00bb css_animation=\u00a0\u00bb\u00a0\u00bb][vc_column_inner][vc_column_text] Politique de cookies Conform\u00e9ment au devoir d\u2019information pr\u00e9vu dans la section 2 de l\u2019article 22 de la loi n \u00b0 34\/2002 du 11 juillet sur les services de la soci\u00e9t\u00e9 de l\u2019information et&#8230;<\/p>\n","protected":false},"author":2,"featured_media":0,"parent":0,"menu_order":0,"comment_status":"closed","ping_status":"closed","template":"","meta":{"_acf_changed":false,"footnotes":""},"class_list":["post-13929","page","type-page","status-publish","hentry"],"yoast_head":"<!-- This site is optimized with the Yoast SEO plugin v27.4 - https:\/\/yoast.com\/product\/yoast-seo-wordpress\/ -->\n<title>Politique de Cookies | Hotel CoolRooms Palacio de Atocha Madrid<\/title>\n<meta name=\"robots\" content=\"index, follow, max-snippet:-1, max-image-preview:large, max-video-preview:-1\" \/>\n<link rel=\"canonical\" href=\"https:\/\/coolrooms.com\/palaciodeatocha\/fr\/politique-de-cookies\/\" \/>\n<meta property=\"og:locale\" content=\"fr_FR\" \/>\n<meta property=\"og:type\" content=\"article\" \/>\n<meta property=\"og:title\" content=\"Politique de Cookies | Hotel CoolRooms Palacio de Atocha Madrid\" \/>\n<meta property=\"og:description\" content=\"[vc_row css_animation=\u00a0\u00bb\u00a0\u00bb row_type=\u00a0\u00bbrow\u00a0\u00bb use_row_as_full_screen_section=\u00a0\u00bbno\u00a0\u00bb type=\u00a0\u00bbfull_width\u00a0\u00bb angled_section=\u00a0\u00bbno\u00a0\u00bb text_align=\u00a0\u00bbleft\u00a0\u00bb background_image_as_pattern=\u00a0\u00bbwithout_pattern\u00a0\u00bb][vc_column][vc_row_inner row_type=\u00a0\u00bbrow\u00a0\u00bb type=\u00a0\u00bbfull_width\u00a0\u00bb text_align=\u00a0\u00bbleft\u00a0\u00bb css_animation=\u00a0\u00bb\u00a0\u00bb][vc_column_inner][vc_column_text] Politique de cookies Conform\u00e9ment au devoir d\u2019information pr\u00e9vu dans la section 2 de l\u2019article 22 de la loi n \u00b0 34\/2002 du 11 juillet sur les services de la soci\u00e9t\u00e9 de l\u2019information et...\" \/>\n<meta property=\"og:url\" content=\"https:\/\/coolrooms.com\/palaciodeatocha\/fr\/politique-de-cookies\/\" \/>\n<meta property=\"og:site_name\" content=\"Hotel CoolRooms Palacio de Atocha Madrid\" \/>\n<meta property=\"article:modified_time\" content=\"2024-01-19T13:25:19+00:00\" \/>\n<meta name=\"twitter:card\" content=\"summary_large_image\" \/>\n<meta name=\"twitter:label1\" content=\"Dur\u00e9e de lecture estim\u00e9e\" \/>\n\t<meta name=\"twitter:data1\" content=\"3 minutes\" \/>\n<script type=\"application\/ld+json\" class=\"yoast-schema-graph\">{\"@context\":\"https:\\\/\\\/schema.org\",\"@graph\":[{\"@type\":\"WebPage\",\"@id\":\"https:\\\/\\\/coolrooms.com\\\/palaciodeatocha\\\/fr\\\/politique-de-cookies\\\/\",\"url\":\"https:\\\/\\\/coolrooms.com\\\/palaciodeatocha\\\/fr\\\/politique-de-cookies\\\/\",\"name\":\"Politique de Cookies | Hotel CoolRooms Palacio de Atocha Madrid\",\"isPartOf\":{\"@id\":\"https:\\\/\\\/coolrooms.com\\\/palaciodeatocha\\\/#website\"},\"datePublished\":\"2019-03-28T13:26:32+00:00\",\"dateModified\":\"2024-01-19T13:25:19+00:00\",\"breadcrumb\":{\"@id\":\"https:\\\/\\\/coolrooms.com\\\/palaciodeatocha\\\/fr\\\/politique-de-cookies\\\/#breadcrumb\"},\"inLanguage\":\"fr-FR\",\"potentialAction\":[{\"@type\":\"ReadAction\",\"target\":[\"https:\\\/\\\/coolrooms.com\\\/palaciodeatocha\\\/fr\\\/politique-de-cookies\\\/\"]}]},{\"@type\":\"BreadcrumbList\",\"@id\":\"https:\\\/\\\/coolrooms.com\\\/palaciodeatocha\\\/fr\\\/politique-de-cookies\\\/#breadcrumb\",\"itemListElement\":[{\"@type\":\"ListItem\",\"position\":1,\"name\":\"Home\",\"item\":\"https:\\\/\\\/coolrooms.com\\\/palaciodeatocha\\\/fr\\\/\"},{\"@type\":\"ListItem\",\"position\":2,\"name\":\"Politique de Cookies\"}]},{\"@type\":\"WebSite\",\"@id\":\"https:\\\/\\\/coolrooms.com\\\/palaciodeatocha\\\/#website\",\"url\":\"https:\\\/\\\/coolrooms.com\\\/palaciodeatocha\\\/\",\"name\":\"Hotel CoolRooms Palacio de Atocha Madrid\",\"description\":\"Hotel de lujo en Atocha Madrid\",\"publisher\":{\"@id\":\"https:\\\/\\\/coolrooms.com\\\/palaciodeatocha\\\/#organization\"},\"potentialAction\":[{\"@type\":\"SearchAction\",\"target\":{\"@type\":\"EntryPoint\",\"urlTemplate\":\"https:\\\/\\\/coolrooms.com\\\/palaciodeatocha\\\/?s={search_term_string}\"},\"query-input\":{\"@type\":\"PropertyValueSpecification\",\"valueRequired\":true,\"valueName\":\"search_term_string\"}}],\"inLanguage\":\"fr-FR\"},{\"@type\":\"Organization\",\"@id\":\"https:\\\/\\\/coolrooms.com\\\/palaciodeatocha\\\/#organization\",\"name\":\"CoolRooms Palacio de Atocha\",\"url\":\"https:\\\/\\\/coolrooms.com\\\/palaciodeatocha\\\/\",\"logo\":{\"@type\":\"ImageObject\",\"inLanguage\":\"fr-FR\",\"@id\":\"https:\\\/\\\/coolrooms.com\\\/palaciodeatocha\\\/#\\\/schema\\\/logo\\\/image\\\/\",\"url\":\"https:\\\/\\\/coolrooms.com\\\/palaciodeatocha\\\/wp-content\\\/uploads\\\/sites\\\/3\\\/2018\\\/06\\\/coolrooms-logotipo-1.png\",\"contentUrl\":\"https:\\\/\\\/coolrooms.com\\\/palaciodeatocha\\\/wp-content\\\/uploads\\\/sites\\\/3\\\/2018\\\/06\\\/coolrooms-logotipo-1.png\",\"width\":591,\"height\":382,\"caption\":\"CoolRooms Palacio de Atocha\"},\"image\":{\"@id\":\"https:\\\/\\\/coolrooms.com\\\/palaciodeatocha\\\/#\\\/schema\\\/logo\\\/image\\\/\"}}]}<\/script>\n<!-- \/ Yoast SEO plugin. -->","yoast_head_json":{"title":"Politique de Cookies | Hotel CoolRooms Palacio de Atocha Madrid","robots":{"index":"index","follow":"follow","max-snippet":"max-snippet:-1","max-image-preview":"max-image-preview:large","max-video-preview":"max-video-preview:-1"},"canonical":"https:\/\/coolrooms.com\/palaciodeatocha\/fr\/politique-de-cookies\/","og_locale":"fr_FR","og_type":"article","og_title":"Politique de Cookies | Hotel CoolRooms Palacio de Atocha Madrid","og_description":"[vc_row css_animation=\u00a0\u00bb\u00a0\u00bb row_type=\u00a0\u00bbrow\u00a0\u00bb use_row_as_full_screen_section=\u00a0\u00bbno\u00a0\u00bb type=\u00a0\u00bbfull_width\u00a0\u00bb angled_section=\u00a0\u00bbno\u00a0\u00bb text_align=\u00a0\u00bbleft\u00a0\u00bb background_image_as_pattern=\u00a0\u00bbwithout_pattern\u00a0\u00bb][vc_column][vc_row_inner row_type=\u00a0\u00bbrow\u00a0\u00bb type=\u00a0\u00bbfull_width\u00a0\u00bb text_align=\u00a0\u00bbleft\u00a0\u00bb css_animation=\u00a0\u00bb\u00a0\u00bb][vc_column_inner][vc_column_text] Politique de cookies Conform\u00e9ment au devoir d\u2019information pr\u00e9vu dans la section 2 de l\u2019article 22 de la loi n \u00b0 34\/2002 du 11 juillet sur les services de la soci\u00e9t\u00e9 de l\u2019information et...","og_url":"https:\/\/coolrooms.com\/palaciodeatocha\/fr\/politique-de-cookies\/","og_site_name":"Hotel CoolRooms Palacio de Atocha Madrid","article_modified_time":"2024-01-19T13:25:19+00:00","twitter_card":"summary_large_image","twitter_misc":{"Dur\u00e9e de lecture estim\u00e9e":"3 minutes"},"schema":{"@context":"https:\/\/schema.org","@graph":[{"@type":"WebPage","@id":"https:\/\/coolrooms.com\/palaciodeatocha\/fr\/politique-de-cookies\/","url":"https:\/\/coolrooms.com\/palaciodeatocha\/fr\/politique-de-cookies\/","name":"Politique de Cookies | Hotel CoolRooms Palacio de Atocha Madrid","isPartOf":{"@id":"https:\/\/coolrooms.com\/palaciodeatocha\/#website"},"datePublished":"2019-03-28T13:26:32+00:00","dateModified":"2024-01-19T13:25:19+00:00","breadcrumb":{"@id":"https:\/\/coolrooms.com\/palaciodeatocha\/fr\/politique-de-cookies\/#breadcrumb"},"inLanguage":"fr-FR","potentialAction":[{"@type":"ReadAction","target":["https:\/\/coolrooms.com\/palaciodeatocha\/fr\/politique-de-cookies\/"]}]},{"@type":"BreadcrumbList","@id":"https:\/\/coolrooms.com\/palaciodeatocha\/fr\/politique-de-cookies\/#breadcrumb","itemListElement":[{"@type":"ListItem","position":1,"name":"Home","item":"https:\/\/coolrooms.com\/palaciodeatocha\/fr\/"},{"@type":"ListItem","position":2,"name":"Politique de Cookies"}]},{"@type":"WebSite","@id":"https:\/\/coolrooms.com\/palaciodeatocha\/#website","url":"https:\/\/coolrooms.com\/palaciodeatocha\/","name":"Hotel CoolRooms Palacio de Atocha Madrid","description":"Hotel de lujo en Atocha Madrid","publisher":{"@id":"https:\/\/coolrooms.com\/palaciodeatocha\/#organization"},"potentialAction":[{"@type":"SearchAction","target":{"@type":"EntryPoint","urlTemplate":"https:\/\/coolrooms.com\/palaciodeatocha\/?s={search_term_string}"},"query-input":{"@type":"PropertyValueSpecification","valueRequired":true,"valueName":"search_term_string"}}],"inLanguage":"fr-FR"},{"@type":"Organization","@id":"https:\/\/coolrooms.com\/palaciodeatocha\/#organization","name":"CoolRooms Palacio de Atocha","url":"https:\/\/coolrooms.com\/palaciodeatocha\/","logo":{"@type":"ImageObject","inLanguage":"fr-FR","@id":"https:\/\/coolrooms.com\/palaciodeatocha\/#\/schema\/logo\/image\/","url":"https:\/\/coolrooms.com\/palaciodeatocha\/wp-content\/uploads\/sites\/3\/2018\/06\/coolrooms-logotipo-1.png","contentUrl":"https:\/\/coolrooms.com\/palaciodeatocha\/wp-content\/uploads\/sites\/3\/2018\/06\/coolrooms-logotipo-1.png","width":591,"height":382,"caption":"CoolRooms Palacio de Atocha"},"image":{"@id":"https:\/\/coolrooms.com\/palaciodeatocha\/#\/schema\/logo\/image\/"}}]}},"acf":[],"_links":{"self":[{"href":"https:\/\/coolrooms.com\/palaciodeatocha\/fr\/wp-json\/wp\/v2\/pages\/13929","targetHints":{"allow":["GET"]}}],"collection":[{"href":"https:\/\/coolrooms.com\/palaciodeatocha\/fr\/wp-json\/wp\/v2\/pages"}],"about":[{"href":"https:\/\/coolrooms.com\/palaciodeatocha\/fr\/wp-json\/wp\/v2\/types\/page"}],"author":[{"embeddable":true,"href":"https:\/\/coolrooms.com\/palaciodeatocha\/fr\/wp-json\/wp\/v2\/users\/2"}],"replies":[{"embeddable":true,"href":"https:\/\/coolrooms.com\/palaciodeatocha\/fr\/wp-json\/wp\/v2\/comments?post=13929"}],"version-history":[{"count":0,"href":"https:\/\/coolrooms.com\/palaciodeatocha\/fr\/wp-json\/wp\/v2\/pages\/13929\/revisions"}],"wp:attachment":[{"href":"https:\/\/coolrooms.com\/palaciodeatocha\/fr\/wp-json\/wp\/v2\/media?parent=13929"}],"curies":[{"name":"wp","href":"https:\/\/api.w.org\/{rel}","templated":true}]}}