{"id":13921,"date":"2019-12-11T14:10:59","date_gmt":"2019-12-11T14:10:59","guid":{"rendered":"https:\/\/coolrooms.com\/palaciodeatocha\/experiencia-reto48\/"},"modified":"2024-09-20T13:51:12","modified_gmt":"2024-09-20T13:51:12","slug":"experience-coach-prive-de-fitness","status":"publish","type":"page","link":"https:\/\/coolrooms.com\/palaciodeatocha\/fr\/experiences\/experience-coach-prive-de-fitness\/","title":{"rendered":"#Exp\u00e9rience : Coach priv\u00e9 de fitness"},"content":{"rendered":"<div class=\"wpb-content-wrapper\"><p>[vc_row css_animation=\u00a0\u00bb\u00a0\u00bb row_type=\u00a0\u00bbrow\u00a0\u00bb use_row_as_full_screen_section=\u00a0\u00bbno\u00a0\u00bb type=\u00a0\u00bbfull_width\u00a0\u00bb angled_section=\u00a0\u00bbno\u00a0\u00bb text_align=\u00a0\u00bbleft\u00a0\u00bb background_image_as_pattern=\u00a0\u00bbwithout_pattern\u00a0\u00bb css=\u00a0\u00bb.vc_custom_1726840267599{padding-top: 120px !important;padding-bottom: 100px !important;background-color: #000000 !important;}\u00a0\u00bb z_index=\u00a0\u00bb\u00a0\u00bb background_color=\u00a0\u00bb#000000&Prime;][vc_column][vc_row_inner row_type=\u00a0\u00bbrow\u00a0\u00bb type=\u00a0\u00bbgrid\u00a0\u00bb text_align=\u00a0\u00bbleft\u00a0\u00bb css_animation=\u00a0\u00bb\u00a0\u00bb][vc_column_inner css=\u00a0\u00bb.vc_custom_1726840253417{background-image: url(https:\/\/coolrooms.com\/palaciodeatocha\/wp-content\/uploads\/sites\/3\/2023\/10\/palacio-de-atocha-madrid-experiencias.jpg?id=15311) !important;background-position: center !important;background-repeat: no-repeat !important;background-size: cover !important;}\u00a0\u00bb][vc_empty_space height=\u00a0\u00bb400px\u00a0\u00bb][\/vc_column_inner][\/vc_row_inner][\/vc_column][\/vc_row][vc_row css_animation=\u00a0\u00bb\u00a0\u00bb row_type=\u00a0\u00bbrow\u00a0\u00bb use_row_as_full_screen_section=\u00a0\u00bbno\u00a0\u00bb type=\u00a0\u00bbgrid\u00a0\u00bb angled_section=\u00a0\u00bbno\u00a0\u00bb text_align=\u00a0\u00bbleft\u00a0\u00bb background_image_as_pattern=\u00a0\u00bbwithout_pattern\u00a0\u00bb css=\u00a0\u00bb.vc_custom_1574946839430{margin-top: 32px !important;padding-top: 0px !important;padding-right: 8px !important;padding-bottom: 20px !important;padding-left: 8px !important;}\u00a0\u00bb z_index=\u00a0\u00bb\u00a0\u00bb padding_top=\u00a0\u00bb100px\u00a0\u00bb][vc_column][qode_elements_holder number_of_columns=\u00a0\u00bbtwo_columns\u00a0\u00bb columns_proportion=\u00a0\u00bb75_25&Prime; switch_to_one_column=\u00a0\u00bbnever\u00a0\u00bb][qode_elements_holder_item advanced_animations=\u00a0\u00bbno\u00a0\u00bb][vc_column_text]<\/p>\n<h1 style=\"color: #000;\">Coach priv\u00e9 de fitness<\/h1>\n<p>[\/vc_column_text][vc_column_text css=\u00a0\u00bb.vc_custom_1718297872992{margin-top: 8px !important;}\u00a0\u00bb]<\/p>\n<h4 style=\"color: #000;\">\u00c0 partir de 70\u20ac<\/h4>\n<p>[\/vc_column_text][vc_raw_html css=\u00a0\u00bb.vc_custom_1718297886064{margin-top: 32px !important;margin-bottom: 32px !important;}\u00a0\u00bb]JTNDZGl2JTIwc3R5bGUlM0QlMjJkaXNwbGF5JTNBJTIwZmxleCUzQiUyMGZsZXgtZmxvdyUzQSUyMHJvdyUyMHdyYXAlM0IlMjBqdXN0aWZ5LWNvbnRlbnQlM0ElMjBmbGV4LXN0YXJ0JTNCJTIyJTNFJTBBJTNDZGl2JTNFJTNDaW1nJTIwc3JjJTNEJTIyaHR0cHMlM0ElMkYlMkZjb29scm9vbXMuY29tJTJGYXRvY2hhJTJGd3AtY29udGVudCUyRnVwbG9hZHMlMkZzaXRlcyUyRjMlMkYyMDE5JTJGMTElMkZhdmF0YXIucG5nJTIyJTIwYWx0JTNEJTIyTiVDMyVCQW1lcm8lMjBkZSUyMHBlcnNvbmFzJTIyJTIwc3R5bGUlM0QlMjJ3aWR0aCUzQTMycHglM0IlMjIlMkYlM0UlM0MlMkZkaXYlM0UlMEElM0NkaXYlMjBzdHlsZSUzRCUyMm1hcmdpbi1sZWZ0JTNBMTZweCUzQiUyMHdpZHRoJTNBJTIwY2FsYyUyODEwMCUyNSUyMC0lMjA1MHB4JTI5JTNCJTIyJTNFJTNDcCUzRUp1c3F1JUUyJTgwJTk5JUMzJUEwJTIwNSUyMHBlcnNvbm5lcy4lM0MlMkZwJTNFJTNDJTJGZGl2JTNFJTBBJTNDJTJGZGl2JTNFJTBBJTNDZGl2JTIwc3R5bGUlM0QlMjJkaXNwbGF5JTNBJTIwZmxleCUzQiUyMGZsZXgtZmxvdyUzQSUyMHJvdyUyMHdyYXAlM0IlMjBqdXN0aWZ5LWNvbnRlbnQlM0ElMjBmbGV4LXN0YXJ0JTNCJTIwbWFyZ2luLXRvcCUzQTE2cHglM0IlMjIlM0UlMEElM0NkaXYlM0UlM0NpbWclMjBzcmMlM0QlMjJodHRwcyUzQSUyRiUyRmNvb2xyb29tcy5jb20lMkZhdG9jaGElMkZ3cC1jb250ZW50JTJGdXBsb2FkcyUyRnNpdGVzJTJGMyUyRjIwMTklMkYxMSUyRnRpY2tldHMucG5nJTIyJTIwYWx0JTNEJTIyUXUlQzMlQTklMjBpbmNsdXllJTIyJTIwc3R5bGUlM0QlMjJ3aWR0aCUzQTMycHglM0IlMjIlMkYlM0UlM0MlMkZkaXYlM0UlMEElM0NkaXYlMjBzdHlsZSUzRCUyMm1hcmdpbi1sZWZ0JTNBMTZweCUzQiUyMHdpZHRoJTNBJTIwY2FsYyUyODEwMCUyNSUyMC0lMjA1MHB4JTI5JTNCJTIyJTNFJTNDcCUzRUluY2x1cyUyMCUzQSUyMEVudHJhaW5ldXIlMjBzcG9ydGlmJTIwcGVyc29ubmVsJTJDJTIwcGVuZGFudCUyMDElMjBoZXVyZSUyMCVDMyVBMCUyMGwlRTIlODAlOTloJUMzJUI0dGVsLiUzQyUyRnAlM0UlM0MlMkZkaXYlM0UlMEElM0MlMkZkaXYlM0U=[\/vc_raw_html][\/qode_elements_holder_item][qode_elements_holder_item advanced_animations=\u00a0\u00bbno\u00a0\u00bb][\/qode_elements_holder_item][\/qode_elements_holder][\/vc_column][\/vc_row][vc_row css_animation=\u00a0\u00bb\u00a0\u00bb row_type=\u00a0\u00bbrow\u00a0\u00bb use_row_as_full_screen_section=\u00a0\u00bbno\u00a0\u00bb type=\u00a0\u00bbgrid\u00a0\u00bb angled_section=\u00a0\u00bbno\u00a0\u00bb text_align=\u00a0\u00bbleft\u00a0\u00bb background_image_as_pattern=\u00a0\u00bbwithout_pattern\u00a0\u00bb z_index=\u00a0\u00bb\u00a0\u00bb css=\u00a0\u00bb.vc_custom_1574687181791{padding-top: 20px !important;padding-right: 8px !important;padding-bottom: 20px !important;padding-left: 8px !important;}\u00a0\u00bb el_class=\u00a0\u00bbinfo-exp\u00a0\u00bb][vc_column][vc_column_text]<\/p>\n<h3>Ce qui vous attends lors de votre exp\u00e9rience :<\/h3>\n<p>[\/vc_column_text][vc_column_text]Entrainements personnalis\u00e9s avec un entraineur sportif qui s\u2019adaptera \u00e0 votre niveau et vos besoins \u00e0 l\u2019h\u00f4tel. Vous pourrez faire les entra\u00eenements suivants : HIIT, Yoga, TRX, Pilates, renforcement musculaire avec des kettlebells, exercices de tonification et running au Parc du Retiro.<\/p>\n<p><strong>Recommandations<\/strong>\u00a0:\u00a0 Demandez un cours de yoga au lever du soleil sur le toit de la CoolSuite43.[\/vc_column_text][\/vc_column][\/vc_row][vc_row css_animation=\u00a0\u00bb\u00a0\u00bb row_type=\u00a0\u00bbrow\u00a0\u00bb use_row_as_full_screen_section=\u00a0\u00bbno\u00a0\u00bb type=\u00a0\u00bbgrid\u00a0\u00bb angled_section=\u00a0\u00bbno\u00a0\u00bb text_align=\u00a0\u00bbleft\u00a0\u00bb background_image_as_pattern=\u00a0\u00bbwithout_pattern\u00a0\u00bb z_index=\u00a0\u00bb\u00a0\u00bb css=\u00a0\u00bb.vc_custom_1574687188190{padding-top: 20px !important;padding-right: 8px !important;padding-bottom: 20px !important;padding-left: 8px !important;}\u00a0\u00bb el_class=\u00a0\u00bbinfo-exp\u00a0\u00bb][vc_column][vc_column_text]<\/p>\n<h3>Tarifs<\/h3>\n<p>[\/vc_column_text][vc_column_text]1 heure d&rsquo;entra\u00eenement personnel dans une salle, mat\u00e9riel compris : 90\u20ac\/personne.<br \/>\n1 heure d&rsquo;entra\u00eenement personnel dans la salle de sport du Fit Club Boutique Santa Ana, mat\u00e9riel compris : 70\u20ac\/personne.<\/p>\n<p><strong>TVA incluse<\/strong>.[\/vc_column_text][\/vc_column][\/vc_row][vc_row css_animation=\u00a0\u00bb\u00a0\u00bb row_type=\u00a0\u00bbrow\u00a0\u00bb use_row_as_full_screen_section=\u00a0\u00bbno\u00a0\u00bb type=\u00a0\u00bbgrid\u00a0\u00bb angled_section=\u00a0\u00bbno\u00a0\u00bb text_align=\u00a0\u00bbleft\u00a0\u00bb background_image_as_pattern=\u00a0\u00bbwithout_pattern\u00a0\u00bb z_index=\u00a0\u00bb\u00a0\u00bb css=\u00a0\u00bb.vc_custom_1574687196110{padding-top: 20px !important;padding-right: 8px !important;padding-bottom: 20px !important;padding-left: 8px !important;}\u00a0\u00bb el_class=\u00a0\u00bbinfo-exp\u00a0\u00bb][vc_column][vc_column_text]<\/p>\n<h3>Disponibilit\u00e9<\/h3>\n<p>[\/vc_column_text][vc_column_text]R\u00e9server au moins 48h \u00e0 l\u2019avance.[\/vc_column_text][\/vc_column][\/vc_row][vc_row css_animation=\u00a0\u00bb\u00a0\u00bb row_type=\u00a0\u00bbrow\u00a0\u00bb use_row_as_full_screen_section=\u00a0\u00bbno\u00a0\u00bb type=\u00a0\u00bbgrid\u00a0\u00bb angled_section=\u00a0\u00bbno\u00a0\u00bb text_align=\u00a0\u00bbleft\u00a0\u00bb background_image_as_pattern=\u00a0\u00bbwithout_pattern\u00a0\u00bb z_index=\u00a0\u00bb\u00a0\u00bb css=\u00a0\u00bb.vc_custom_1574687196110{padding-top: 20px !important;padding-right: 8px !important;padding-bottom: 20px !important;padding-left: 8px !important;}\u00a0\u00bb el_class=\u00a0\u00bbinfo-exp\u00a0\u00bb][vc_column][vc_column_text]<\/p>\n<h3>Conditions<\/h3>\n<p>[\/vc_column_text][vc_column_text]Nous communiquerons vos coordonn\u00e9es \u00e0 l\u2019entra\u00eeneur sportif afin qu\u2019il puisse vous contacter.<br \/>\nIndiquer le type d\u2019entra\u00eenement sportif souhait\u00e9 et le nombre de personnes.[\/vc_column_text][\/vc_column][\/vc_row][vc_row css_animation=\u00a0\u00bb\u00a0\u00bb row_type=\u00a0\u00bbrow\u00a0\u00bb use_row_as_full_screen_section=\u00a0\u00bbno\u00a0\u00bb type=\u00a0\u00bbgrid\u00a0\u00bb angled_section=\u00a0\u00bbno\u00a0\u00bb text_align=\u00a0\u00bbleft\u00a0\u00bb background_image_as_pattern=\u00a0\u00bbwithout_pattern\u00a0\u00bb z_index=\u00a0\u00bb\u00a0\u00bb css=\u00a0\u00bb.vc_custom_1574686895295{padding-top: 20px !important;padding-right: 8px !important;padding-bottom: 20px !important;padding-left: 8px !important;}\u00a0\u00bb][vc_column][vc_raw_html]JTNDZGl2JTIwY2xhc3MlM0QlMjJidG4tZXhwLXBhZHJlJTIyJTNFJTNDYSUyMGhyZWYlM0QlMjJodHRwcyUzQSUyRiUyRmFwaS53aGF0c2FwcC5jb20lMkZzZW5kJTNGcGhvbmUlM0QzNDY1MDg2ODI2OSUyMiUyMGNsYXNzJTNEJTIyYnRuLWV4cCUyMiUzRSUzQ2klMjBjbGFzcyUzRCUyMnFvZGVfaWNvbl9mb250X2F3ZXNvbWUlMjBmYSUyMGZhLXdoYXRzYXBwJTIwcW9kZV9idXR0b25faWNvbl9lbGVtZW50JTIyJTIwc3R5bGUlM0QlMjIlMjIlM0UlM0MlMkZpJTNFV2hhdHNhcHAlM0MlMkZhJTNFJTBBJTNDYSUyMGhyZWYlM0QlMjJtYWlsdG8lM0FyZXNlcnZhdGlvbnMlNDBwYWxhY2lvZGVhdG9jaGEuY29tJTIyJTIwY2xhc3MlM0QlMjJidG4tZXhwJTIyJTNFJTNDaSUyMGNsYXNzJTNEJTIycW9kZV9pY29uX2ZvbnRfYXdlc29tZSUyMGZhJTIwZmEtZW52ZWxvcGUlMjBxb2RlX2J1dHRvbl9pY29uX2VsZW1lbnQlMjIlMjBzdHlsZSUzRCUyMiUyMiUzRSUzQyUyRmklM0VFLW1haWwlM0MlMkZhJTNFJTBBJTNDYSUyMGhyZWYlM0QlMjJ0ZWwlM0ElMkIzNDkxMDg4Nzc4MCUyMiUyMGNsYXNzJTNEJTIyYnRuLWV4cCUyMiUzRSUzQ2klMjBjbGFzcyUzRCUyMnFvZGVfaWNvbl9mb250X2F3ZXNvbWUlMjBmYSUyMGZhLXBob25lJTIwcW9kZV9idXR0b25faWNvbl9lbGVtZW50JTIyJTIwc3R5bGUlM0QlMjIlMjIlM0UlM0MlMkZpJTNFVGVsJUMzJUE5cGhvbmUlM0MlMkZhJTNFJTNDJTJGZGl2JTNF[\/vc_raw_html][\/vc_column][\/vc_row][vc_row css_animation=\u00a0\u00bb\u00a0\u00bb row_type=\u00a0\u00bbrow\u00a0\u00bb use_row_as_full_screen_section=\u00a0\u00bbno\u00a0\u00bb type=\u00a0\u00bbfull_width\u00a0\u00bb angled_section=\u00a0\u00bbno\u00a0\u00bb text_align=\u00a0\u00bbleft\u00a0\u00bb background_image_as_pattern=\u00a0\u00bbwithout_pattern\u00a0\u00bb][vc_column][vc_empty_space height=\u00a0\u00bb64px\u00a0\u00bb][\/vc_column][\/vc_row]<\/p>\n<\/div>","protected":false},"excerpt":{"rendered":"<p>[vc_row css_animation=\u00a0\u00bb\u00a0\u00bb row_type=\u00a0\u00bbrow\u00a0\u00bb use_row_as_full_screen_section=\u00a0\u00bbno\u00a0\u00bb type=\u00a0\u00bbfull_width\u00a0\u00bb angled_section=\u00a0\u00bbno\u00a0\u00bb text_align=\u00a0\u00bbleft\u00a0\u00bb background_image_as_pattern=\u00a0\u00bbwithout_pattern\u00a0\u00bb css=\u00a0\u00bb.vc_custom_1726840267599{padding-top: 120px !important;padding-bottom: 100px !important;background-color: #000000 !important;}\u00a0\u00bb z_index=\u00a0\u00bb\u00a0\u00bb background_color=\u00a0\u00bb#000000&Prime;][vc_column][vc_row_inner row_type=\u00a0\u00bbrow\u00a0\u00bb type=\u00a0\u00bbgrid\u00a0\u00bb text_align=\u00a0\u00bbleft\u00a0\u00bb css_animation=\u00a0\u00bb\u00a0\u00bb][vc_column_inner css=\u00a0\u00bb.vc_custom_1726840253417{background-image: url(https:\/\/coolrooms.com\/palaciodeatocha\/wp-content\/uploads\/sites\/3\/2023\/10\/palacio-de-atocha-madrid-experiencias.jpg?id=15311) !important;background-position: center !important;background-repeat: no-repeat !important;background-size: cover !important;}\u00a0\u00bb][vc_empty_space height=\u00a0\u00bb400px\u00a0\u00bb][\/vc_column_inner][\/vc_row_inner][\/vc_column][\/vc_row][vc_row css_animation=\u00a0\u00bb\u00a0\u00bb row_type=\u00a0\u00bbrow\u00a0\u00bb use_row_as_full_screen_section=\u00a0\u00bbno\u00a0\u00bb type=\u00a0\u00bbgrid\u00a0\u00bb angled_section=\u00a0\u00bbno\u00a0\u00bb text_align=\u00a0\u00bbleft\u00a0\u00bb background_image_as_pattern=\u00a0\u00bbwithout_pattern\u00a0\u00bb css=\u00a0\u00bb.vc_custom_1574946839430{margin-top: 32px !important;padding-top: 0px !important;padding-right: 8px !important;padding-bottom:&#8230;<\/p>\n","protected":false},"author":7,"featured_media":0,"parent":13924,"menu_order":0,"comment_status":"open","ping_status":"closed","template":"full_width.php","meta":{"_acf_changed":false,"footnotes":""},"class_list":["post-13921","page","type-page","status-publish","hentry"],"yoast_head":"<!-- This site is optimized with the Yoast SEO plugin v27.3 - https:\/\/yoast.com\/product\/yoast-seo-wordpress\/ -->\n<title>#Exp\u00e9rience : Coach priv\u00e9 de fitness<\/title>\n<meta name=\"description\" content=\"Entrenamientos personalizados con un entrenador que se adaptar\u00e1 a su nivel y necesidades en el hotel o en las instalaciones de Reto48.\" \/>\n<meta name=\"robots\" content=\"index, follow, max-snippet:-1, max-image-preview:large, max-video-preview:-1\" \/>\n<link rel=\"canonical\" href=\"https:\/\/coolrooms.com\/palaciodeatocha\/fr\/experiences\/experience-coach-prive-de-fitness\/\" \/>\n<meta property=\"og:locale\" content=\"fr_FR\" \/>\n<meta property=\"og:type\" content=\"article\" \/>\n<meta property=\"og:title\" content=\"#Exp\u00e9rience : Coach priv\u00e9 de fitness\" \/>\n<meta property=\"og:description\" content=\"Entrenamientos personalizados con un entrenador que se adaptar\u00e1 a su nivel y necesidades en el hotel o en las instalaciones de Reto48.\" \/>\n<meta property=\"og:url\" content=\"https:\/\/coolrooms.com\/palaciodeatocha\/fr\/experiences\/experience-coach-prive-de-fitness\/\" \/>\n<meta property=\"og:site_name\" content=\"Hotel CoolRooms Palacio de Atocha Madrid\" \/>\n<meta property=\"article:modified_time\" content=\"2024-09-20T13:51:12+00:00\" \/>\n<meta name=\"twitter:card\" content=\"summary_large_image\" \/>\n<meta name=\"twitter:label1\" content=\"Dur\u00e9e de lecture estim\u00e9e\" \/>\n\t<meta name=\"twitter:data1\" content=\"2 minutes\" \/>\n<script type=\"application\/ld+json\" class=\"yoast-schema-graph\">{\"@context\":\"https:\\\/\\\/schema.org\",\"@graph\":[{\"@type\":\"WebPage\",\"@id\":\"https:\\\/\\\/coolrooms.com\\\/palaciodeatocha\\\/fr\\\/experiences\\\/experience-coach-prive-de-fitness\\\/\",\"url\":\"https:\\\/\\\/coolrooms.com\\\/palaciodeatocha\\\/fr\\\/experiences\\\/experience-coach-prive-de-fitness\\\/\",\"name\":\"#Exp\u00e9rience : Coach priv\u00e9 de fitness\",\"isPartOf\":{\"@id\":\"https:\\\/\\\/coolrooms.com\\\/palaciodeatocha\\\/#website\"},\"datePublished\":\"2019-12-11T14:10:59+00:00\",\"dateModified\":\"2024-09-20T13:51:12+00:00\",\"description\":\"Entrenamientos personalizados con un entrenador que se adaptar\u00e1 a su nivel y necesidades en el hotel o en las instalaciones de Reto48.\",\"breadcrumb\":{\"@id\":\"https:\\\/\\\/coolrooms.com\\\/palaciodeatocha\\\/fr\\\/experiences\\\/experience-coach-prive-de-fitness\\\/#breadcrumb\"},\"inLanguage\":\"fr-FR\",\"potentialAction\":[{\"@type\":\"ReadAction\",\"target\":[\"https:\\\/\\\/coolrooms.com\\\/palaciodeatocha\\\/fr\\\/experiences\\\/experience-coach-prive-de-fitness\\\/\"]}]},{\"@type\":\"BreadcrumbList\",\"@id\":\"https:\\\/\\\/coolrooms.com\\\/palaciodeatocha\\\/fr\\\/experiences\\\/experience-coach-prive-de-fitness\\\/#breadcrumb\",\"itemListElement\":[{\"@type\":\"ListItem\",\"position\":1,\"name\":\"Home\",\"item\":\"https:\\\/\\\/coolrooms.com\\\/palaciodeatocha\\\/fr\\\/\"},{\"@type\":\"ListItem\",\"position\":2,\"name\":\"Exp\u00e9riences\",\"item\":\"https:\\\/\\\/coolrooms.com\\\/palaciodeatocha\\\/fr\\\/experiences\\\/\"},{\"@type\":\"ListItem\",\"position\":3,\"name\":\"#Exp\u00e9rience : Coach priv\u00e9 de fitness\"}]},{\"@type\":\"WebSite\",\"@id\":\"https:\\\/\\\/coolrooms.com\\\/palaciodeatocha\\\/#website\",\"url\":\"https:\\\/\\\/coolrooms.com\\\/palaciodeatocha\\\/\",\"name\":\"Hotel CoolRooms Palacio de Atocha Madrid\",\"description\":\"Hotel de lujo en Atocha Madrid\",\"publisher\":{\"@id\":\"https:\\\/\\\/coolrooms.com\\\/palaciodeatocha\\\/#organization\"},\"potentialAction\":[{\"@type\":\"SearchAction\",\"target\":{\"@type\":\"EntryPoint\",\"urlTemplate\":\"https:\\\/\\\/coolrooms.com\\\/palaciodeatocha\\\/?s={search_term_string}\"},\"query-input\":{\"@type\":\"PropertyValueSpecification\",\"valueRequired\":true,\"valueName\":\"search_term_string\"}}],\"inLanguage\":\"fr-FR\"},{\"@type\":\"Organization\",\"@id\":\"https:\\\/\\\/coolrooms.com\\\/palaciodeatocha\\\/#organization\",\"name\":\"CoolRooms Palacio de Atocha\",\"url\":\"https:\\\/\\\/coolrooms.com\\\/palaciodeatocha\\\/\",\"logo\":{\"@type\":\"ImageObject\",\"inLanguage\":\"fr-FR\",\"@id\":\"https:\\\/\\\/coolrooms.com\\\/palaciodeatocha\\\/#\\\/schema\\\/logo\\\/image\\\/\",\"url\":\"https:\\\/\\\/coolrooms.com\\\/palaciodeatocha\\\/wp-content\\\/uploads\\\/sites\\\/3\\\/2018\\\/06\\\/coolrooms-logotipo-1.png\",\"contentUrl\":\"https:\\\/\\\/coolrooms.com\\\/palaciodeatocha\\\/wp-content\\\/uploads\\\/sites\\\/3\\\/2018\\\/06\\\/coolrooms-logotipo-1.png\",\"width\":591,\"height\":382,\"caption\":\"CoolRooms Palacio de Atocha\"},\"image\":{\"@id\":\"https:\\\/\\\/coolrooms.com\\\/palaciodeatocha\\\/#\\\/schema\\\/logo\\\/image\\\/\"}}]}<\/script>\n<!-- \/ Yoast SEO plugin. -->","yoast_head_json":{"title":"#Exp\u00e9rience : Coach priv\u00e9 de fitness","description":"Entrenamientos personalizados con un entrenador que se adaptar\u00e1 a su nivel y necesidades en el hotel o en las instalaciones de Reto48.","robots":{"index":"index","follow":"follow","max-snippet":"max-snippet:-1","max-image-preview":"max-image-preview:large","max-video-preview":"max-video-preview:-1"},"canonical":"https:\/\/coolrooms.com\/palaciodeatocha\/fr\/experiences\/experience-coach-prive-de-fitness\/","og_locale":"fr_FR","og_type":"article","og_title":"#Exp\u00e9rience : Coach priv\u00e9 de fitness","og_description":"Entrenamientos personalizados con un entrenador que se adaptar\u00e1 a su nivel y necesidades en el hotel o en las instalaciones de Reto48.","og_url":"https:\/\/coolrooms.com\/palaciodeatocha\/fr\/experiences\/experience-coach-prive-de-fitness\/","og_site_name":"Hotel CoolRooms Palacio de Atocha Madrid","article_modified_time":"2024-09-20T13:51:12+00:00","twitter_card":"summary_large_image","twitter_misc":{"Dur\u00e9e de lecture estim\u00e9e":"2 minutes"},"schema":{"@context":"https:\/\/schema.org","@graph":[{"@type":"WebPage","@id":"https:\/\/coolrooms.com\/palaciodeatocha\/fr\/experiences\/experience-coach-prive-de-fitness\/","url":"https:\/\/coolrooms.com\/palaciodeatocha\/fr\/experiences\/experience-coach-prive-de-fitness\/","name":"#Exp\u00e9rience : Coach priv\u00e9 de fitness","isPartOf":{"@id":"https:\/\/coolrooms.com\/palaciodeatocha\/#website"},"datePublished":"2019-12-11T14:10:59+00:00","dateModified":"2024-09-20T13:51:12+00:00","description":"Entrenamientos personalizados con un entrenador que se adaptar\u00e1 a su nivel y necesidades en el hotel o en las instalaciones de Reto48.","breadcrumb":{"@id":"https:\/\/coolrooms.com\/palaciodeatocha\/fr\/experiences\/experience-coach-prive-de-fitness\/#breadcrumb"},"inLanguage":"fr-FR","potentialAction":[{"@type":"ReadAction","target":["https:\/\/coolrooms.com\/palaciodeatocha\/fr\/experiences\/experience-coach-prive-de-fitness\/"]}]},{"@type":"BreadcrumbList","@id":"https:\/\/coolrooms.com\/palaciodeatocha\/fr\/experiences\/experience-coach-prive-de-fitness\/#breadcrumb","itemListElement":[{"@type":"ListItem","position":1,"name":"Home","item":"https:\/\/coolrooms.com\/palaciodeatocha\/fr\/"},{"@type":"ListItem","position":2,"name":"Exp\u00e9riences","item":"https:\/\/coolrooms.com\/palaciodeatocha\/fr\/experiences\/"},{"@type":"ListItem","position":3,"name":"#Exp\u00e9rience : Coach priv\u00e9 de fitness"}]},{"@type":"WebSite","@id":"https:\/\/coolrooms.com\/palaciodeatocha\/#website","url":"https:\/\/coolrooms.com\/palaciodeatocha\/","name":"Hotel CoolRooms Palacio de Atocha Madrid","description":"Hotel de lujo en Atocha Madrid","publisher":{"@id":"https:\/\/coolrooms.com\/palaciodeatocha\/#organization"},"potentialAction":[{"@type":"SearchAction","target":{"@type":"EntryPoint","urlTemplate":"https:\/\/coolrooms.com\/palaciodeatocha\/?s={search_term_string}"},"query-input":{"@type":"PropertyValueSpecification","valueRequired":true,"valueName":"search_term_string"}}],"inLanguage":"fr-FR"},{"@type":"Organization","@id":"https:\/\/coolrooms.com\/palaciodeatocha\/#organization","name":"CoolRooms Palacio de Atocha","url":"https:\/\/coolrooms.com\/palaciodeatocha\/","logo":{"@type":"ImageObject","inLanguage":"fr-FR","@id":"https:\/\/coolrooms.com\/palaciodeatocha\/#\/schema\/logo\/image\/","url":"https:\/\/coolrooms.com\/palaciodeatocha\/wp-content\/uploads\/sites\/3\/2018\/06\/coolrooms-logotipo-1.png","contentUrl":"https:\/\/coolrooms.com\/palaciodeatocha\/wp-content\/uploads\/sites\/3\/2018\/06\/coolrooms-logotipo-1.png","width":591,"height":382,"caption":"CoolRooms Palacio de Atocha"},"image":{"@id":"https:\/\/coolrooms.com\/palaciodeatocha\/#\/schema\/logo\/image\/"}}]}},"acf":[],"_links":{"self":[{"href":"https:\/\/coolrooms.com\/palaciodeatocha\/fr\/wp-json\/wp\/v2\/pages\/13921","targetHints":{"allow":["GET"]}}],"collection":[{"href":"https:\/\/coolrooms.com\/palaciodeatocha\/fr\/wp-json\/wp\/v2\/pages"}],"about":[{"href":"https:\/\/coolrooms.com\/palaciodeatocha\/fr\/wp-json\/wp\/v2\/types\/page"}],"author":[{"embeddable":true,"href":"https:\/\/coolrooms.com\/palaciodeatocha\/fr\/wp-json\/wp\/v2\/users\/7"}],"replies":[{"embeddable":true,"href":"https:\/\/coolrooms.com\/palaciodeatocha\/fr\/wp-json\/wp\/v2\/comments?post=13921"}],"version-history":[{"count":1,"href":"https:\/\/coolrooms.com\/palaciodeatocha\/fr\/wp-json\/wp\/v2\/pages\/13921\/revisions"}],"predecessor-version":[{"id":17171,"href":"https:\/\/coolrooms.com\/palaciodeatocha\/fr\/wp-json\/wp\/v2\/pages\/13921\/revisions\/17171"}],"up":[{"embeddable":true,"href":"https:\/\/coolrooms.com\/palaciodeatocha\/fr\/wp-json\/wp\/v2\/pages\/13924"}],"wp:attachment":[{"href":"https:\/\/coolrooms.com\/palaciodeatocha\/fr\/wp-json\/wp\/v2\/media?parent=13921"}],"curies":[{"name":"wp","href":"https:\/\/api.w.org\/{rel}","templated":true}]}}