{"id":690,"date":"2018-06-14T10:31:18","date_gmt":"2018-06-14T10:31:18","guid":{"rendered":"https:\/\/coolrooms.com\/palaciodeatocha\/?page_id=690"},"modified":"2025-09-08T15:03:43","modified_gmt":"2025-09-08T15:03:43","slug":"junior-suite","status":"publish","type":"page","link":"https:\/\/coolrooms.com\/palaciodeatocha\/en\/rooms\/junior-suite\/","title":{"rendered":"Junior Suite"},"content":{"rendered":"<div class=\"wpb-content-wrapper\"><p>[vc_row css_animation=&#8221;&#8221; row_type=&#8221;row&#8221; use_row_as_full_screen_section=&#8221;no&#8221; type=&#8221;grid&#8221; angled_section=&#8221;no&#8221; text_align=&#8221;left&#8221; background_image_as_pattern=&#8221;without_pattern&#8221; el_id=&#8221;description&#8221; z_index=&#8221;&#8221; css=&#8221;.vc_custom_1528453076681{padding-bottom: 180px !important;}&#8221;][vc_column width=&#8221;2\/3&#8243; css=&#8221;.vc_custom_1528448395288{background-color: #ffffff !important;}&#8221;][vc_column_text]<\/p>\n<h2 class=\"subtitulo\">Junior Suite<\/h2>\n<p>[\/vc_column_text][vc_separator css_animation=&#8221;fadeInLeft&#8221; type=&#8221;small&#8221; position=&#8221;left&#8221; color=&#8221;#ad0032&#8243; thickness=&#8221;2&#8243; width=&#8221;50&#8243;][vc_column_text]<\/p>\n<h3><strong>From 44 to 70 m<sup>2<\/sup><\/strong><\/h3>\n<p>[\/vc_column_text][vc_separator css_animation=&#8221;none&#8221; type=&#8221;transparent&#8221; thickness=&#8221;2&#8243; up=&#8221;30&#8243;][vc_column_text]<\/p>\n<p class=\"p1\">A touch of exclusivity designed for the most demanding travelers. Each one of our Large Rooms offers a memorable and unique experience. Guests can thoroughly relax in this comfortable environment with signature CoolRooms touches. These suites will provide the best experience in Madrid.<\/p>\n<p>[\/vc_column_text][vc_raw_html]JTNDYSUyMGhyZWYlM0QlMjIlMjMlMjIlMjBjbGFzcyUzRCUyMmxpbmstMzYwJTIwb3Blbi1qdW5pb3Itcm9vbS0zNjAlMjIlMjB0aXRsZSUzRCUyMkp1bmlvciUyMFN1aXRlJTIyJTIwc3R5bGUlM0QlMjJjdXJzb3IlM0ElMjBwb2ludGVyJTNCJTIyJTNFJTBBJTA5JTNDaW1nJTIwc3JjJTNEJTIyJTJGd3AtY29udGVudCUyRnVwbG9hZHMlMkZzaXRlcyUyRjMlMkYyMDIyJTJGMTIlMkYzNjAucG5nJTIyJTIwd2lkdGglM0QlMjI1MCUyMiUyMGhlaWdodCUzRCUyMjUwJTIyJTIwYWx0JTNEJTIyMzYwJTIyJTIwc3R5bGUlM0QlMjJ3aWR0aCUzQTM1cHglM0JoZWlnaHQlM0EzNXB4JTNCJTIyJTNFJTBBJTNDJTJGYSUzRQ==[\/vc_raw_html][\/vc_column][vc_column width=&#8221;1\/3&#8243;][\/vc_column][\/vc_row][vc_row css_animation=&#8221;&#8221; row_type=&#8221;row&#8221; use_row_as_full_screen_section=&#8221;no&#8221; type=&#8221;grid&#8221; angled_section=&#8221;no&#8221; text_align=&#8221;left&#8221; background_image_as_pattern=&#8221;without_pattern&#8221; background_color=&#8221;#f8f3e9&#8243; css=&#8221;.vc_custom_1528453789317{padding-top: 60px !important;padding-right: 60px !important;padding-left: 60px !important;background-color: #f8f3e9 !important;}&#8221; z_index=&#8221;&#8221; el_id=&#8221;galeria&#8221;][vc_column][vc_gallery type=&#8221;flexslider_slide&#8221; interval=&#8221;3&#8243; images=&#8221;17912,2444,17917,17907,18103&#8243; img_size=&#8221;full&#8221; onclick=&#8221;&#8221; css_animation=&#8221;top-to-bottom&#8221; css=&#8221;.vc_custom_1741254005476{padding-right: 40px !important;padding-left: 40px !important;}&#8221;][\/vc_column][\/vc_row][vc_row css_animation=&#8221;&#8221; row_type=&#8221;row&#8221; use_row_as_full_screen_section=&#8221;no&#8221; type=&#8221;grid&#8221; angled_section=&#8221;no&#8221; text_align=&#8221;left&#8221; background_image_as_pattern=&#8221;without_pattern&#8221; z_index=&#8221;&#8221;][vc_column][vc_row_inner row_type=&#8221;row&#8221; type=&#8221;full_width&#8221; text_align=&#8221;left&#8221; css_animation=&#8221;&#8221; css=&#8221;.vc_custom_1757343821026{padding-top: 30px !important;padding-right: 30px !important;padding-bottom: 30px !important;padding-left: 30px !important;background-color: #ffffff !important;background-position: center !important;background-repeat: no-repeat !important;background-size: contain !important;}&#8221; el_id=&#8221;facilities&#8221;][vc_column_inner width=&#8221;1\/2&#8243;][vc_column_text]<\/p>\n<h2>Facilities<\/h2>\n<p>[\/vc_column_text]<div class='q_list circle normal animate_list'><\/p>\n<ul>\n<li>Unique King Size handcrafted mattress<\/li>\n<li>Smart TV 43\u201d<\/li>\n<li>Beoplay M3 wireless Bang &amp; Olufsen speaker<\/li>\n<li>Nespresso Coffee Maker<\/li>\n<li>Refrigerated private bar<\/li>\n<li>Steamer and ironing board<\/li>\n<\/ul>\n<p><\/div>[\/vc_column_inner][vc_column_inner width=&#8221;1\/2&#8243;][vc_empty_space height=&#8221;40px&#8221;]<div class='q_list circle normal animate_list'><\/p>\n<ul>\n<li>Russell Hobbs Kettle<\/li>\n<li>Luxurious Molton Brown Toiletries<\/li>\n<li>GHD hair dryer and straightener set<\/li>\n<li>Beautifully soft to touch bathrobe and slippers<\/li>\n<li>In-room safe with device charger<\/li>\n<\/ul>\n<p><\/div>[\/vc_column_inner][\/vc_row_inner][\/vc_column][\/vc_row][vc_row css_animation=&#8221;&#8221; row_type=&#8221;row&#8221; use_row_as_full_screen_section=&#8221;no&#8221; type=&#8221;full_width&#8221; angled_section=&#8221;no&#8221; text_align=&#8221;left&#8221; background_image_as_pattern=&#8221;without_pattern&#8221;][vc_column][vc_empty_space height=&#8221;40px&#8221;][\/vc_column][\/vc_row]<\/p>\n<\/div>","protected":false},"excerpt":{"rendered":"<p>[vc_row css_animation=&#8221;&#8221; row_type=&#8221;row&#8221; use_row_as_full_screen_section=&#8221;no&#8221; type=&#8221;grid&#8221; angled_section=&#8221;no&#8221; text_align=&#8221;left&#8221; background_image_as_pattern=&#8221;without_pattern&#8221; el_id=&#8221;description&#8221; z_index=&#8221;&#8221; css=&#8221;.vc_custom_1528453076681{padding-bottom: 180px !important;}&#8221;][vc_column width=&#8221;2\/3&#8243; css=&#8221;.vc_custom_1528448395288{background-color: #ffffff !important;}&#8221;][vc_column_text] Junior Suite [\/vc_column_text][vc_separator css_animation=&#8221;fadeInLeft&#8221; type=&#8221;small&#8221; position=&#8221;left&#8221; color=&#8221;#ad0032&#8243; thickness=&#8221;2&#8243; width=&#8221;50&#8243;][vc_column_text] From 44 to 70 m2 [\/vc_column_text][vc_separator css_animation=&#8221;none&#8221; type=&#8221;transparent&#8221; thickness=&#8221;2&#8243; up=&#8221;30&#8243;][vc_column_text] A touch of exclusivity designed for the most demanding&#8230;<\/p>\n","protected":false},"author":2,"featured_media":17845,"parent":759,"menu_order":0,"comment_status":"closed","ping_status":"closed","template":"full_width.php","meta":{"_acf_changed":false,"footnotes":""},"class_list":["post-690","page","type-page","status-publish","has-post-thumbnail","hentry"],"yoast_head":"<!-- This site is optimized with the Yoast SEO plugin v27.4 - https:\/\/yoast.com\/product\/yoast-seo-wordpress\/ -->\n<title>Junior Suite - Habitaciones | Hotel CoolRooms Atocha Madrid<\/title>\n<meta name=\"description\" content=\"Un toque de exclusividad dise\u00f1ado para los viajeros m\u00e1s exigentes. Cada una de nuestras Junior Suite Large Rooms ofrece una experiencia memorable y \u00fanica.\" \/>\n<meta name=\"robots\" content=\"index, follow, max-snippet:-1, max-image-preview:large, max-video-preview:-1\" \/>\n<link rel=\"canonical\" href=\"https:\/\/coolrooms.com\/palaciodeatocha\/en\/rooms\/junior-suite\/\" \/>\n<meta property=\"og:locale\" content=\"en_US\" \/>\n<meta property=\"og:type\" content=\"article\" \/>\n<meta property=\"og:title\" content=\"Junior Suite - Habitaciones | Hotel CoolRooms Atocha Madrid\" \/>\n<meta property=\"og:description\" content=\"Un toque de exclusividad dise\u00f1ado para los viajeros m\u00e1s exigentes. Cada una de nuestras Junior Suite Large Rooms ofrece una experiencia memorable y \u00fanica.\" \/>\n<meta property=\"og:url\" content=\"https:\/\/coolrooms.com\/palaciodeatocha\/en\/rooms\/junior-suite\/\" \/>\n<meta property=\"og:site_name\" content=\"CoolRooms Palacio de Atocha\" \/>\n<meta property=\"article:modified_time\" content=\"2025-09-08T15:03:43+00:00\" \/>\n<meta property=\"og:image\" content=\"https:\/\/coolrooms.com\/palaciodeatocha\/wp-content\/uploads\/sites\/3\/2025\/03\/Junior-Suite-CR-Palacio-de-Atocha.png\" \/>\n\t<meta property=\"og:image:width\" content=\"1080\" \/>\n\t<meta property=\"og:image:height\" content=\"1080\" \/>\n\t<meta property=\"og:image:type\" content=\"image\/png\" \/>\n<meta name=\"twitter:card\" content=\"summary_large_image\" \/>\n<meta name=\"twitter:label1\" content=\"Est. reading time\" \/>\n\t<meta name=\"twitter:data1\" content=\"3 minutes\" \/>\n<script type=\"application\/ld+json\" class=\"yoast-schema-graph\">{\"@context\":\"https:\\\/\\\/schema.org\",\"@graph\":[{\"@type\":\"WebPage\",\"@id\":\"https:\\\/\\\/coolrooms.com\\\/palaciodeatocha\\\/en\\\/rooms\\\/junior-suite\\\/\",\"url\":\"https:\\\/\\\/coolrooms.com\\\/palaciodeatocha\\\/en\\\/rooms\\\/junior-suite\\\/\",\"name\":\"Junior Suite - Habitaciones | Hotel CoolRooms Atocha Madrid\",\"isPartOf\":{\"@id\":\"https:\\\/\\\/coolrooms.com\\\/palaciodeatocha\\\/#website\"},\"primaryImageOfPage\":{\"@id\":\"https:\\\/\\\/coolrooms.com\\\/palaciodeatocha\\\/en\\\/rooms\\\/junior-suite\\\/#primaryimage\"},\"image\":{\"@id\":\"https:\\\/\\\/coolrooms.com\\\/palaciodeatocha\\\/en\\\/rooms\\\/junior-suite\\\/#primaryimage\"},\"thumbnailUrl\":\"https:\\\/\\\/coolrooms.com\\\/palaciodeatocha\\\/wp-content\\\/uploads\\\/sites\\\/3\\\/2025\\\/03\\\/Junior-Suite-CR-Palacio-de-Atocha.png\",\"datePublished\":\"2018-06-14T10:31:18+00:00\",\"dateModified\":\"2025-09-08T15:03:43+00:00\",\"description\":\"Un toque de exclusividad dise\u00f1ado para los viajeros m\u00e1s exigentes. Cada una de nuestras Junior Suite Large Rooms ofrece una experiencia memorable y \u00fanica.\",\"breadcrumb\":{\"@id\":\"https:\\\/\\\/coolrooms.com\\\/palaciodeatocha\\\/en\\\/rooms\\\/junior-suite\\\/#breadcrumb\"},\"inLanguage\":\"en-US\",\"potentialAction\":[{\"@type\":\"ReadAction\",\"target\":[\"https:\\\/\\\/coolrooms.com\\\/palaciodeatocha\\\/en\\\/rooms\\\/junior-suite\\\/\"]}]},{\"@type\":\"ImageObject\",\"inLanguage\":\"en-US\",\"@id\":\"https:\\\/\\\/coolrooms.com\\\/palaciodeatocha\\\/en\\\/rooms\\\/junior-suite\\\/#primaryimage\",\"url\":\"https:\\\/\\\/coolrooms.com\\\/palaciodeatocha\\\/wp-content\\\/uploads\\\/sites\\\/3\\\/2025\\\/03\\\/Junior-Suite-CR-Palacio-de-Atocha.png\",\"contentUrl\":\"https:\\\/\\\/coolrooms.com\\\/palaciodeatocha\\\/wp-content\\\/uploads\\\/sites\\\/3\\\/2025\\\/03\\\/Junior-Suite-CR-Palacio-de-Atocha.png\",\"width\":1080,\"height\":1080,\"caption\":\"Junior Suite CR Palacio de Atocha\"},{\"@type\":\"BreadcrumbList\",\"@id\":\"https:\\\/\\\/coolrooms.com\\\/palaciodeatocha\\\/en\\\/rooms\\\/junior-suite\\\/#breadcrumb\",\"itemListElement\":[{\"@type\":\"ListItem\",\"position\":1,\"name\":\"Home\",\"item\":\"https:\\\/\\\/coolrooms.com\\\/palaciodeatocha\\\/en\\\/\"},{\"@type\":\"ListItem\",\"position\":2,\"name\":\"Rooms\",\"item\":\"https:\\\/\\\/coolrooms.com\\\/palaciodeatocha\\\/en\\\/rooms\\\/\"},{\"@type\":\"ListItem\",\"position\":3,\"name\":\"Junior Suite\"}]},{\"@type\":\"WebSite\",\"@id\":\"https:\\\/\\\/coolrooms.com\\\/palaciodeatocha\\\/#website\",\"url\":\"https:\\\/\\\/coolrooms.com\\\/palaciodeatocha\\\/\",\"name\":\"CoolRooms Palacio de Atocha\",\"description\":\"Hotel de lujo en Atocha Madrid\",\"publisher\":{\"@id\":\"https:\\\/\\\/coolrooms.com\\\/palaciodeatocha\\\/#organization\"},\"potentialAction\":[{\"@type\":\"SearchAction\",\"target\":{\"@type\":\"EntryPoint\",\"urlTemplate\":\"https:\\\/\\\/coolrooms.com\\\/palaciodeatocha\\\/?s={search_term_string}\"},\"query-input\":{\"@type\":\"PropertyValueSpecification\",\"valueRequired\":true,\"valueName\":\"search_term_string\"}}],\"inLanguage\":\"en-US\"},{\"@type\":\"Organization\",\"@id\":\"https:\\\/\\\/coolrooms.com\\\/palaciodeatocha\\\/#organization\",\"name\":\"CoolRooms Palacio de Atocha\",\"url\":\"https:\\\/\\\/coolrooms.com\\\/palaciodeatocha\\\/\",\"logo\":{\"@type\":\"ImageObject\",\"inLanguage\":\"en-US\",\"@id\":\"https:\\\/\\\/coolrooms.com\\\/palaciodeatocha\\\/#\\\/schema\\\/logo\\\/image\\\/\",\"url\":\"https:\\\/\\\/coolrooms.com\\\/palaciodeatocha\\\/wp-content\\\/uploads\\\/sites\\\/3\\\/2018\\\/06\\\/coolrooms-logotipo-1.png\",\"contentUrl\":\"https:\\\/\\\/coolrooms.com\\\/palaciodeatocha\\\/wp-content\\\/uploads\\\/sites\\\/3\\\/2018\\\/06\\\/coolrooms-logotipo-1.png\",\"width\":591,\"height\":382,\"caption\":\"CoolRooms Palacio de Atocha\"},\"image\":{\"@id\":\"https:\\\/\\\/coolrooms.com\\\/palaciodeatocha\\\/#\\\/schema\\\/logo\\\/image\\\/\"}}]}<\/script>\n<!-- \/ Yoast SEO plugin. -->","yoast_head_json":{"title":"Junior Suite - Habitaciones | Hotel CoolRooms Atocha Madrid","description":"Un toque de exclusividad dise\u00f1ado para los viajeros m\u00e1s exigentes. Cada una de nuestras Junior Suite Large Rooms ofrece una experiencia memorable y \u00fanica.","robots":{"index":"index","follow":"follow","max-snippet":"max-snippet:-1","max-image-preview":"max-image-preview:large","max-video-preview":"max-video-preview:-1"},"canonical":"https:\/\/coolrooms.com\/palaciodeatocha\/en\/rooms\/junior-suite\/","og_locale":"en_US","og_type":"article","og_title":"Junior Suite - Habitaciones | Hotel CoolRooms Atocha Madrid","og_description":"Un toque de exclusividad dise\u00f1ado para los viajeros m\u00e1s exigentes. Cada una de nuestras Junior Suite Large Rooms ofrece una experiencia memorable y \u00fanica.","og_url":"https:\/\/coolrooms.com\/palaciodeatocha\/en\/rooms\/junior-suite\/","og_site_name":"CoolRooms Palacio de Atocha","article_modified_time":"2025-09-08T15:03:43+00:00","og_image":[{"width":1080,"height":1080,"url":"https:\/\/coolrooms.com\/palaciodeatocha\/wp-content\/uploads\/sites\/3\/2025\/03\/Junior-Suite-CR-Palacio-de-Atocha.png","type":"image\/png"}],"twitter_card":"summary_large_image","twitter_misc":{"Est. reading time":"3 minutes"},"schema":{"@context":"https:\/\/schema.org","@graph":[{"@type":"WebPage","@id":"https:\/\/coolrooms.com\/palaciodeatocha\/en\/rooms\/junior-suite\/","url":"https:\/\/coolrooms.com\/palaciodeatocha\/en\/rooms\/junior-suite\/","name":"Junior Suite - Habitaciones | Hotel CoolRooms Atocha Madrid","isPartOf":{"@id":"https:\/\/coolrooms.com\/palaciodeatocha\/#website"},"primaryImageOfPage":{"@id":"https:\/\/coolrooms.com\/palaciodeatocha\/en\/rooms\/junior-suite\/#primaryimage"},"image":{"@id":"https:\/\/coolrooms.com\/palaciodeatocha\/en\/rooms\/junior-suite\/#primaryimage"},"thumbnailUrl":"https:\/\/coolrooms.com\/palaciodeatocha\/wp-content\/uploads\/sites\/3\/2025\/03\/Junior-Suite-CR-Palacio-de-Atocha.png","datePublished":"2018-06-14T10:31:18+00:00","dateModified":"2025-09-08T15:03:43+00:00","description":"Un toque de exclusividad dise\u00f1ado para los viajeros m\u00e1s exigentes. Cada una de nuestras Junior Suite Large Rooms ofrece una experiencia memorable y \u00fanica.","breadcrumb":{"@id":"https:\/\/coolrooms.com\/palaciodeatocha\/en\/rooms\/junior-suite\/#breadcrumb"},"inLanguage":"en-US","potentialAction":[{"@type":"ReadAction","target":["https:\/\/coolrooms.com\/palaciodeatocha\/en\/rooms\/junior-suite\/"]}]},{"@type":"ImageObject","inLanguage":"en-US","@id":"https:\/\/coolrooms.com\/palaciodeatocha\/en\/rooms\/junior-suite\/#primaryimage","url":"https:\/\/coolrooms.com\/palaciodeatocha\/wp-content\/uploads\/sites\/3\/2025\/03\/Junior-Suite-CR-Palacio-de-Atocha.png","contentUrl":"https:\/\/coolrooms.com\/palaciodeatocha\/wp-content\/uploads\/sites\/3\/2025\/03\/Junior-Suite-CR-Palacio-de-Atocha.png","width":1080,"height":1080,"caption":"Junior Suite CR Palacio de Atocha"},{"@type":"BreadcrumbList","@id":"https:\/\/coolrooms.com\/palaciodeatocha\/en\/rooms\/junior-suite\/#breadcrumb","itemListElement":[{"@type":"ListItem","position":1,"name":"Home","item":"https:\/\/coolrooms.com\/palaciodeatocha\/en\/"},{"@type":"ListItem","position":2,"name":"Rooms","item":"https:\/\/coolrooms.com\/palaciodeatocha\/en\/rooms\/"},{"@type":"ListItem","position":3,"name":"Junior Suite"}]},{"@type":"WebSite","@id":"https:\/\/coolrooms.com\/palaciodeatocha\/#website","url":"https:\/\/coolrooms.com\/palaciodeatocha\/","name":"CoolRooms Palacio de Atocha","description":"Hotel de lujo en Atocha Madrid","publisher":{"@id":"https:\/\/coolrooms.com\/palaciodeatocha\/#organization"},"potentialAction":[{"@type":"SearchAction","target":{"@type":"EntryPoint","urlTemplate":"https:\/\/coolrooms.com\/palaciodeatocha\/?s={search_term_string}"},"query-input":{"@type":"PropertyValueSpecification","valueRequired":true,"valueName":"search_term_string"}}],"inLanguage":"en-US"},{"@type":"Organization","@id":"https:\/\/coolrooms.com\/palaciodeatocha\/#organization","name":"CoolRooms Palacio de Atocha","url":"https:\/\/coolrooms.com\/palaciodeatocha\/","logo":{"@type":"ImageObject","inLanguage":"en-US","@id":"https:\/\/coolrooms.com\/palaciodeatocha\/#\/schema\/logo\/image\/","url":"https:\/\/coolrooms.com\/palaciodeatocha\/wp-content\/uploads\/sites\/3\/2018\/06\/coolrooms-logotipo-1.png","contentUrl":"https:\/\/coolrooms.com\/palaciodeatocha\/wp-content\/uploads\/sites\/3\/2018\/06\/coolrooms-logotipo-1.png","width":591,"height":382,"caption":"CoolRooms Palacio de Atocha"},"image":{"@id":"https:\/\/coolrooms.com\/palaciodeatocha\/#\/schema\/logo\/image\/"}}]}},"acf":[],"_links":{"self":[{"href":"https:\/\/coolrooms.com\/palaciodeatocha\/en\/wp-json\/wp\/v2\/pages\/690","targetHints":{"allow":["GET"]}}],"collection":[{"href":"https:\/\/coolrooms.com\/palaciodeatocha\/en\/wp-json\/wp\/v2\/pages"}],"about":[{"href":"https:\/\/coolrooms.com\/palaciodeatocha\/en\/wp-json\/wp\/v2\/types\/page"}],"author":[{"embeddable":true,"href":"https:\/\/coolrooms.com\/palaciodeatocha\/en\/wp-json\/wp\/v2\/users\/2"}],"replies":[{"embeddable":true,"href":"https:\/\/coolrooms.com\/palaciodeatocha\/en\/wp-json\/wp\/v2\/comments?post=690"}],"version-history":[{"count":5,"href":"https:\/\/coolrooms.com\/palaciodeatocha\/en\/wp-json\/wp\/v2\/pages\/690\/revisions"}],"predecessor-version":[{"id":19293,"href":"https:\/\/coolrooms.com\/palaciodeatocha\/en\/wp-json\/wp\/v2\/pages\/690\/revisions\/19293"}],"up":[{"embeddable":true,"href":"https:\/\/coolrooms.com\/palaciodeatocha\/en\/wp-json\/wp\/v2\/pages\/759"}],"wp:featuredmedia":[{"embeddable":true,"href":"https:\/\/coolrooms.com\/palaciodeatocha\/en\/wp-json\/wp\/v2\/media\/17845"}],"wp:attachment":[{"href":"https:\/\/coolrooms.com\/palaciodeatocha\/en\/wp-json\/wp\/v2\/media?parent=690"}],"curies":[{"name":"wp","href":"https:\/\/api.w.org\/{rel}","templated":true}]}}