{"id":21427,"date":"2026-03-19T13:10:37","date_gmt":"2026-03-19T13:10:37","guid":{"rendered":"https:\/\/coolrooms.com\/palaciodeatocha\/?page_id=21427"},"modified":"2026-03-19T13:14:37","modified_gmt":"2026-03-19T13:14:37","slug":"cookies-richtlinien-2","status":"publish","type":"page","link":"https:\/\/coolrooms.com\/palaciodeatocha\/de\/cookies-richtlinien-2\/","title":{"rendered":"Cookies-Richtlinien"},"content":{"rendered":"\t\t<div data-elementor-type=\"wp-page\" data-elementor-id=\"21427\" class=\"elementor elementor-21427 elementor-21331\" data-elementor-post-type=\"page\">\n\t\t\t\t\t\t<section data-particle_enable=\"false\" data-particle-mobile-disabled=\"false\" class=\"elementor-section elementor-top-section elementor-element elementor-element-b263197 elementor-section-boxed elementor-section-height-default elementor-section-height-default\" data-id=\"b263197\" data-element_type=\"section\" data-e-type=\"section\">\n\t\t\t\t\t\t<div class=\"elementor-container elementor-column-gap-default\">\n\t\t\t\t\t<div class=\"elementor-column elementor-col-100 elementor-top-column elementor-element elementor-element-ea937e4\" data-id=\"ea937e4\" data-element_type=\"column\" data-e-type=\"column\">\n\t\t\t<div class=\"elementor-widget-wrap elementor-element-populated\">\n\t\t\t\t\t\t<div class=\"elementor-element elementor-element-bdaff75 elementor-widget elementor-widget-heading\" data-id=\"bdaff75\" data-element_type=\"widget\" data-e-type=\"widget\" data-widget_type=\"heading.default\">\n\t\t\t\t<div class=\"elementor-widget-container\">\n\t\t\t\t\t<h1 class=\"elementor-heading-title elementor-size-default\">Cookies-Richtlinien\n<\/h1>\t\t\t\t<\/div>\n\t\t\t\t<\/div>\n\t\t\t\t<div class=\"elementor-element elementor-element-91893d9 elementor-widget elementor-widget-text-editor\" data-id=\"91893d9\" data-element_type=\"widget\" data-e-type=\"widget\" data-widget_type=\"text-editor.default\">\n\t\t\t\t<div class=\"elementor-widget-container\">\n\t\t\t\t\t\t\t\t\t<div class=\"vc_row wpb_row section vc_row-fluid vc_inner \"><div class=\" full_section_inner clearfix\"><div class=\"wpb_column vc_column_container vc_col-sm-12\"><div class=\"vc_column-inner\"><div class=\"wpb_wrapper\"><div class=\"wpb_text_column wpb_content_element \"><div class=\"wpb_wrapper\"><p>In Erf\u00fcllung der Informationspflicht gem\u00e4\u00df Abschnitt 20 des Artikel 22 des Gesetzes 34\/2002 vom 11. Juli \u00fcber die Dienstleistungen der Informationsgesellschaft und des elektronischen Gesch\u00e4ftsverkehrs, haben diese Cookies-Richtlinien den Zweck, Sie klar und pr\u00e4zise \u00fcber die auf der Website von\u00a0<span class=\"ui-provider baf bag bah bai baj bak bal bam ban bao bap baq bar bas bat bau bav baw bax bay baz bba bbb bbc bbd bbe bbf bbg bbh bbi bbj bbk bbl bbm bbn\" dir=\"ltr\">COOL ROOMS GESTI\u00d3N S.L.<\/span>\u00a0verwendeten Cookies zu informieren.<\/p><h5>Was sind Cookies?<\/h5><p>Ein Cookie ist eine kleine Datei, die Websites an Ihren Browser senden und auf Ihren Computer gespeichert werden. Cookies erm\u00f6glichen es der Website, Informationen \u00fcber Ihren Besuch zu speichern und abzurufen, wie z. B. Ihre bevorzugte Sprache und andere Optionen, um die angebotenen Dienste zu verbessern und Ihnen ein besseres Nutzererlebnis zu bieten.<\/p><h5>Zustimmung zur Verwendung von Cookies<\/h5><p>In \u00dcbereinstimmung mit dem Cookie-Hinweis auf der Website akzeptiert der Benutzer, dass er durch den Zugriff auf deren Inhalte ausdr\u00fccklich der Verwendung von Cookies wie unten beschrieben zustimmt, unbeschadet der M\u00f6glichkeit des Benutzers, die Konfiguration seines Browsers zu \u00e4ndern, um die Verwendung von Cookies abzulehnen.<\/p><h5>Arten von Cookies<\/h5><p>Je nachdem, wer die Domain verwaltet, von der aus die Cookies gesendet und die Daten verarbeitet werden, wird zwischen eigene Cookies und Drittanbieter-Cookies unterschieden.<\/p><p>Cookies k\u00f6nnen auch danach klassifiziert werden, wie lange sie im Browser des Benutzers gespeichert bleiben, wobei zwischen Session-Cookies und persistenten Cookies unterschieden wird.<\/p><p>Schlie\u00dflich k\u00f6nnen je nach dem Zweck, zu dem die gesammelten Informationen verarbeitet werden, Cookies in die folgenden Kategorien eingeteilt werden:<\/p><ul><li><strong>Technische Cookies<\/strong>: Sie erm\u00f6glichen dem Benutzer den Zugriff auf die Inhalte einer Website und einige der von ihr angebotenen Dienste zu nutzen (wie z. B. derjenige, der daran erinnert, welche Artikel sich im Warenkorb befinden).<\/li><li><strong>Pr\u00e4ferenz-Cookies<\/strong>: Sie erm\u00f6glichen dem Benutzer den Zugriff auf die Website mit bestimmten Merkmalen, wie z. B. der Sprache.<\/li><li><strong>Sicherheitscookies<\/strong>: Sie haben den Zweck, eine Manipulation der Website zu verhindern oder zu erschweren.<\/li><li><strong>Add-on Cookies<\/strong>: Sie erm\u00f6glichen den Austausch von Inhalten, den sogenannten Plugins, in sozialen Netzwerken.<\/li><li><strong>Analyse-Cookies<\/strong>: Sie erm\u00f6glichen dem Administrator, das Verhalten des Benutzers zu \u00fcberwachen.<\/li><li><strong>Werbe-Cookies<\/strong>: Sie erm\u00f6glichen es, Werbefl\u00e4chen auf der Website zu verwalten.<\/li><\/ul><ul><li><strong>Cookies f\u00fcr nutzungsbasierte Online-Werbung:<\/strong>\u00a0Wie die vorstehenden werden sie verwendet, um die Werbefl\u00e4chen der Website auf der Grundlage der gesammelten Informationen \u00fcber das Verhalten und die Gewohnheiten des Nutzers zu verwalten und die Werbung an sein Profil anzupassen.<\/li><li><strong>Geolokalisierungs-Cookies<\/strong>: Sie werden verwendet, um das Land herauszufinden, in dem sich der Benutzer befindet.<\/li><\/ul><p>\u00a0<\/p><h5>Wie Sie Ihre Cookies-Einstellungen \u00e4ndern k\u00f6nnen<\/h5><p>Sie k\u00f6nnen die Cookies von\u00a0<span class=\"ui-provider baf bag bah bai baj bak bal bam ban bao bap baq bar bas bat bau bav baw bax bay baz bba bbb bbc bbd bbe bbf bbg bbh bbi bbj bbk bbl bbm bbn\" dir=\"ltr\">COOL ROOMS GESTI\u00d3N S.L.<\/span>\u00a0oder jeder anderen Website \u00fcber Ihren Browser einschr\u00e4nken, blockieren oder l\u00f6schen. F\u00fcr jeden Browser gibt es daf\u00fcr eine andere Methode. Sie finden die jeweilige Vorgehensweise im Hilfemen\u00fc Ihres Browsers. F\u00fcr weitere Informationen:<\/p><ul><li>Google Chrome:<a href=\"https:\/\/support.google.com\/chrome\/answer\/95647?co=GENIE.Platform%253%20DDesktop&amp;hl=es\">\u00a0https:\/\/support.google.com\/chrome\/answer\/95647?hl=de&amp;co=GENIE.Platform%3DDesktop<\/a><\/li><li>Mozilla Firefox:\u00a0<a href=\"https:\/\/support.mozilla.org\/es\/kb\/habilitar-y-deshabilitar-cookies-%20sitios-web-rastrear-preferencias\">https:\/\/support.mozilla.org\/de\/kb\/cookies-und-website-daten-in-firefox-loschen<\/a><\/li><li>Safari:\u00a0<a href=\"https:\/\/support.apple.com\/es-es\/guide\/safari\/sfri11471\/mac\">https:\/\/support.apple.com\/de-de\/guide\/safari\/sfri11471\/mac<\/a><\/li><li>Internet Explorer:<a href=\"https:\/\/support.microsoft.com\/es-es\/help\/278835\/how-to-delete-cookie-files-in-internet-explorer\">\u00a0https:\/\/support.microsoft.com\/de-de\/windows\/l%C3%B6schen-und-verwalten-von-cookies-168dab11-0753-043d-7c16-ede5947fc64d<\/a><\/li><\/ul><p>\u00a0<\/p><p>Die Deaktivierung von Cookies kann dazu f\u00fchren, dass die Website nicht ordnungsgem\u00e4\u00df funktioniert oder dass Sie auf bestimmte Funktionen der Website nicht zugreifen k\u00f6nnen.<\/p><h5>Auf der Website verwendete Cookies<\/h5><p>Auf der Website werden verschiedene Arten von Cookies f\u00fcr unterschiedliche Zwecke verwendet; die verwendeten Cookies sind nachstehend aufgef\u00fchrt:<\/p><table class=\"data\"><tbody><tr><td>IDE<\/td><\/tr><tr><td>_fbp<\/td><\/tr><tr class=\"data-grid-data-grid-node revealed\"><td>_ga<\/td><\/tr><tr><td>_gid<\/td><\/tr><tr><td>_icl_current_language<\/td><\/tr><tr><td>_icl_visitor_lang_js<\/td><\/tr><tr><td>fr<\/td><\/tr><tr><td>gid<\/td><\/tr><tr><td>wpml_browser_redirect_test<\/td><\/tr><\/tbody><\/table><p>\u00a0<\/p><h5>\u00c4nderung der Bedingungen<\/h5><p>beh\u00e4lt sich ausdr\u00fccklich das Recht vor, diese Cookies-Richtlinien einseitig, ganz oder teilweise und ohne vorherige Ank\u00fcndigung zu \u00e4ndern. Sie als Nutzer erkennen an und stimmen zu, dass es in Ihrer Verantwortung liegt, diese Cookies-Richtlinien regelm\u00e4\u00dfig zu \u00fcberpr\u00fcfen.<\/p><\/div><\/div><\/div><\/div><\/div><\/div><\/div>\t\t\t\t\t\t\t\t<\/div>\n\t\t\t\t<\/div>\n\t\t\t\t\t<\/div>\n\t\t<\/div>\n\t\t\t\t\t<\/div>\n\t\t<\/section>\n\t\t\t\t<\/div>\n\t\t","protected":false},"excerpt":{"rendered":"<p>Cookies-Richtlinien In Erf\u00fcllung der Informationspflicht gem\u00e4\u00df Abschnitt 20 des Artikel 22 des Gesetzes 34\/2002 vom 11. Juli \u00fcber die Dienstleistungen der Informationsgesellschaft und des elektronischen Gesch\u00e4ftsverkehrs, haben diese Cookies-Richtlinien den Zweck, Sie klar und pr\u00e4zise \u00fcber die auf der Website von\u00a0COOL ROOMS GESTI\u00d3N S.L.\u00a0verwendeten Cookies zu informieren. Was sind Cookies? Ein Cookie ist eine kleine [&hellip;]<\/p>\n","protected":false},"author":13,"featured_media":0,"parent":0,"menu_order":0,"comment_status":"closed","ping_status":"closed","template":"","meta":{"_acf_changed":false,"footnotes":""},"class_list":["post-21427","page","type-page","status-publish","hentry"],"yoast_head":"<!-- This site is optimized with the Yoast SEO plugin v27.5 - https:\/\/yoast.com\/product\/yoast-seo-wordpress\/ -->\n<title>Cookies-Richtlinien | Hotel CoolRooms Palacio de Atocha Madrid<\/title>\n<meta name=\"robots\" content=\"index, follow, max-snippet:-1, max-image-preview:large, max-video-preview:-1\" \/>\n<link rel=\"canonical\" href=\"https:\/\/coolrooms.com\/palaciodeatocha\/politica-de-cookies\/\" \/>\n<meta property=\"og:locale\" content=\"de_DE\" \/>\n<meta property=\"og:type\" content=\"article\" \/>\n<meta property=\"og:title\" content=\"Cookies-Richtlinien | Hotel CoolRooms Palacio de Atocha Madrid\" \/>\n<meta property=\"og:description\" content=\"Cookies-Richtlinien In Erf\u00fcllung der Informationspflicht gem\u00e4\u00df Abschnitt 20 des Artikel 22 des Gesetzes 34\/2002 vom 11. Juli \u00fcber die Dienstleistungen der Informationsgesellschaft und des elektronischen Gesch\u00e4ftsverkehrs, haben diese Cookies-Richtlinien den Zweck, Sie klar und pr\u00e4zise \u00fcber die auf der Website von\u00a0COOL ROOMS GESTI\u00d3N S.L.\u00a0verwendeten Cookies zu informieren. Was sind Cookies? Ein Cookie ist eine kleine [&hellip;]\" \/>\n<meta property=\"og:url\" content=\"https:\/\/coolrooms.com\/palaciodeatocha\/politica-de-cookies\/\" \/>\n<meta property=\"og:site_name\" content=\"Hotel CoolRooms Palacio de Atocha Madrid\" \/>\n<meta property=\"article:modified_time\" content=\"2026-03-19T13:14:37+00:00\" \/>\n<meta name=\"twitter:card\" content=\"summary_large_image\" \/>\n<meta name=\"twitter:label1\" content=\"Gesch\u00e4tzte Lesezeit\" \/>\n\t<meta name=\"twitter:data1\" content=\"3\u00a0Minuten\" \/>\n<script type=\"application\/ld+json\" class=\"yoast-schema-graph\">{\"@context\":\"https:\\\/\\\/schema.org\",\"@graph\":[{\"@type\":\"WebPage\",\"@id\":\"https:\\\/\\\/coolrooms.com\\\/palaciodeatocha\\\/politica-de-cookies\\\/\",\"url\":\"https:\\\/\\\/coolrooms.com\\\/palaciodeatocha\\\/politica-de-cookies\\\/\",\"name\":\"Cookies-Richtlinien | Hotel CoolRooms Palacio de Atocha Madrid\",\"isPartOf\":{\"@id\":\"https:\\\/\\\/coolrooms.com\\\/palaciodeatocha\\\/#website\"},\"datePublished\":\"2026-03-19T13:10:37+00:00\",\"dateModified\":\"2026-03-19T13:14:37+00:00\",\"breadcrumb\":{\"@id\":\"https:\\\/\\\/coolrooms.com\\\/palaciodeatocha\\\/politica-de-cookies\\\/#breadcrumb\"},\"inLanguage\":\"de\",\"potentialAction\":[{\"@type\":\"ReadAction\",\"target\":[\"https:\\\/\\\/coolrooms.com\\\/palaciodeatocha\\\/politica-de-cookies\\\/\"]}]},{\"@type\":\"BreadcrumbList\",\"@id\":\"https:\\\/\\\/coolrooms.com\\\/palaciodeatocha\\\/politica-de-cookies\\\/#breadcrumb\",\"itemListElement\":[{\"@type\":\"ListItem\",\"position\":1,\"name\":\"Home\",\"item\":\"https:\\\/\\\/coolrooms.com\\\/palaciodeatocha\\\/de\\\/\"},{\"@type\":\"ListItem\",\"position\":2,\"name\":\"Cookies-Richtlinien\"}]},{\"@type\":\"WebSite\",\"@id\":\"https:\\\/\\\/coolrooms.com\\\/palaciodeatocha\\\/#website\",\"url\":\"https:\\\/\\\/coolrooms.com\\\/palaciodeatocha\\\/\",\"name\":\"Hotel CoolRooms Palacio de Atocha Madrid\",\"description\":\"Hotel de lujo en Atocha Madrid\",\"publisher\":{\"@id\":\"https:\\\/\\\/coolrooms.com\\\/palaciodeatocha\\\/#organization\"},\"potentialAction\":[{\"@type\":\"SearchAction\",\"target\":{\"@type\":\"EntryPoint\",\"urlTemplate\":\"https:\\\/\\\/coolrooms.com\\\/palaciodeatocha\\\/?s={search_term_string}\"},\"query-input\":{\"@type\":\"PropertyValueSpecification\",\"valueRequired\":true,\"valueName\":\"search_term_string\"}}],\"inLanguage\":\"de\"},{\"@type\":\"Organization\",\"@id\":\"https:\\\/\\\/coolrooms.com\\\/palaciodeatocha\\\/#organization\",\"name\":\"CoolRooms Palacio de Atocha\",\"url\":\"https:\\\/\\\/coolrooms.com\\\/palaciodeatocha\\\/\",\"logo\":{\"@type\":\"ImageObject\",\"inLanguage\":\"de\",\"@id\":\"https:\\\/\\\/coolrooms.com\\\/palaciodeatocha\\\/#\\\/schema\\\/logo\\\/image\\\/\",\"url\":\"https:\\\/\\\/coolrooms.com\\\/palaciodeatocha\\\/wp-content\\\/uploads\\\/sites\\\/3\\\/2018\\\/06\\\/coolrooms-logotipo-1.png\",\"contentUrl\":\"https:\\\/\\\/coolrooms.com\\\/palaciodeatocha\\\/wp-content\\\/uploads\\\/sites\\\/3\\\/2018\\\/06\\\/coolrooms-logotipo-1.png\",\"width\":591,\"height\":382,\"caption\":\"CoolRooms Palacio de Atocha\"},\"image\":{\"@id\":\"https:\\\/\\\/coolrooms.com\\\/palaciodeatocha\\\/#\\\/schema\\\/logo\\\/image\\\/\"}}]}<\/script>\n<!-- \/ Yoast SEO plugin. -->","yoast_head_json":{"title":"Cookies-Richtlinien | Hotel CoolRooms Palacio de Atocha Madrid","robots":{"index":"index","follow":"follow","max-snippet":"max-snippet:-1","max-image-preview":"max-image-preview:large","max-video-preview":"max-video-preview:-1"},"canonical":"https:\/\/coolrooms.com\/palaciodeatocha\/politica-de-cookies\/","og_locale":"de_DE","og_type":"article","og_title":"Cookies-Richtlinien | Hotel CoolRooms Palacio de Atocha Madrid","og_description":"Cookies-Richtlinien In Erf\u00fcllung der Informationspflicht gem\u00e4\u00df Abschnitt 20 des Artikel 22 des Gesetzes 34\/2002 vom 11. Juli \u00fcber die Dienstleistungen der Informationsgesellschaft und des elektronischen Gesch\u00e4ftsverkehrs, haben diese Cookies-Richtlinien den Zweck, Sie klar und pr\u00e4zise \u00fcber die auf der Website von\u00a0COOL ROOMS GESTI\u00d3N S.L.\u00a0verwendeten Cookies zu informieren. Was sind Cookies? Ein Cookie ist eine kleine [&hellip;]","og_url":"https:\/\/coolrooms.com\/palaciodeatocha\/politica-de-cookies\/","og_site_name":"Hotel CoolRooms Palacio de Atocha Madrid","article_modified_time":"2026-03-19T13:14:37+00:00","twitter_card":"summary_large_image","twitter_misc":{"Gesch\u00e4tzte Lesezeit":"3\u00a0Minuten"},"schema":{"@context":"https:\/\/schema.org","@graph":[{"@type":"WebPage","@id":"https:\/\/coolrooms.com\/palaciodeatocha\/politica-de-cookies\/","url":"https:\/\/coolrooms.com\/palaciodeatocha\/politica-de-cookies\/","name":"Cookies-Richtlinien | Hotel CoolRooms Palacio de Atocha Madrid","isPartOf":{"@id":"https:\/\/coolrooms.com\/palaciodeatocha\/#website"},"datePublished":"2026-03-19T13:10:37+00:00","dateModified":"2026-03-19T13:14:37+00:00","breadcrumb":{"@id":"https:\/\/coolrooms.com\/palaciodeatocha\/politica-de-cookies\/#breadcrumb"},"inLanguage":"de","potentialAction":[{"@type":"ReadAction","target":["https:\/\/coolrooms.com\/palaciodeatocha\/politica-de-cookies\/"]}]},{"@type":"BreadcrumbList","@id":"https:\/\/coolrooms.com\/palaciodeatocha\/politica-de-cookies\/#breadcrumb","itemListElement":[{"@type":"ListItem","position":1,"name":"Home","item":"https:\/\/coolrooms.com\/palaciodeatocha\/de\/"},{"@type":"ListItem","position":2,"name":"Cookies-Richtlinien"}]},{"@type":"WebSite","@id":"https:\/\/coolrooms.com\/palaciodeatocha\/#website","url":"https:\/\/coolrooms.com\/palaciodeatocha\/","name":"Hotel CoolRooms Palacio de Atocha Madrid","description":"Hotel de lujo en Atocha Madrid","publisher":{"@id":"https:\/\/coolrooms.com\/palaciodeatocha\/#organization"},"potentialAction":[{"@type":"SearchAction","target":{"@type":"EntryPoint","urlTemplate":"https:\/\/coolrooms.com\/palaciodeatocha\/?s={search_term_string}"},"query-input":{"@type":"PropertyValueSpecification","valueRequired":true,"valueName":"search_term_string"}}],"inLanguage":"de"},{"@type":"Organization","@id":"https:\/\/coolrooms.com\/palaciodeatocha\/#organization","name":"CoolRooms Palacio de Atocha","url":"https:\/\/coolrooms.com\/palaciodeatocha\/","logo":{"@type":"ImageObject","inLanguage":"de","@id":"https:\/\/coolrooms.com\/palaciodeatocha\/#\/schema\/logo\/image\/","url":"https:\/\/coolrooms.com\/palaciodeatocha\/wp-content\/uploads\/sites\/3\/2018\/06\/coolrooms-logotipo-1.png","contentUrl":"https:\/\/coolrooms.com\/palaciodeatocha\/wp-content\/uploads\/sites\/3\/2018\/06\/coolrooms-logotipo-1.png","width":591,"height":382,"caption":"CoolRooms Palacio de Atocha"},"image":{"@id":"https:\/\/coolrooms.com\/palaciodeatocha\/#\/schema\/logo\/image\/"}}]}},"acf":[],"_links":{"self":[{"href":"https:\/\/coolrooms.com\/palaciodeatocha\/de\/wp-json\/wp\/v2\/pages\/21427","targetHints":{"allow":["GET"]}}],"collection":[{"href":"https:\/\/coolrooms.com\/palaciodeatocha\/de\/wp-json\/wp\/v2\/pages"}],"about":[{"href":"https:\/\/coolrooms.com\/palaciodeatocha\/de\/wp-json\/wp\/v2\/types\/page"}],"author":[{"embeddable":true,"href":"https:\/\/coolrooms.com\/palaciodeatocha\/de\/wp-json\/wp\/v2\/users\/13"}],"replies":[{"embeddable":true,"href":"https:\/\/coolrooms.com\/palaciodeatocha\/de\/wp-json\/wp\/v2\/comments?post=21427"}],"version-history":[{"count":6,"href":"https:\/\/coolrooms.com\/palaciodeatocha\/de\/wp-json\/wp\/v2\/pages\/21427\/revisions"}],"predecessor-version":[{"id":21433,"href":"https:\/\/coolrooms.com\/palaciodeatocha\/de\/wp-json\/wp\/v2\/pages\/21427\/revisions\/21433"}],"wp:attachment":[{"href":"https:\/\/coolrooms.com\/palaciodeatocha\/de\/wp-json\/wp\/v2\/media?parent=21427"}],"curies":[{"name":"wp","href":"https:\/\/api.w.org\/{rel}","templated":true}]}}