{"id":19375,"date":"2024-11-06T11:33:13","date_gmt":"2024-11-06T11:33:13","guid":{"rendered":"https:\/\/coolrooms.com\/palaciodeatocha\/master-suite-v2\/"},"modified":"2026-04-01T10:44:54","modified_gmt":"2026-04-01T10:44:54","slug":"master-suite","status":"publish","type":"page","link":"https:\/\/coolrooms.com\/palaciodeatocha\/de\/zimmer\/master-suite\/","title":{"rendered":"Master Suite"},"content":{"rendered":"\t\t<div data-elementor-type=\"wp-page\" data-elementor-id=\"19375\" class=\"elementor elementor-19375 elementor-18360\" data-elementor-post-type=\"page\">\n\t\t\t\t\t\t<section data-particle_enable=\"false\" data-particle-mobile-disabled=\"false\" data-dce-background-image-url=\"https:\/\/coolrooms.com\/palaciodeatocha\/wp-content\/uploads\/sites\/3\/2026\/03\/Header-MasterSuite.jpg\" class=\"elementor-section elementor-top-section elementor-element elementor-element-ae039ed elementor-section-height-min-height elementor-section-boxed elementor-section-height-default elementor-section-items-middle\" data-id=\"ae039ed\" data-element_type=\"section\" data-e-type=\"section\" data-settings=\"{&quot;background_background&quot;:&quot;classic&quot;}\">\n\t\t\t\t\t\t\t<div class=\"elementor-background-overlay\"><\/div>\n\t\t\t\t\t\t\t<div class=\"elementor-container elementor-column-gap-default\">\n\t\t\t\t\t<div class=\"elementor-column elementor-col-100 elementor-top-column elementor-element elementor-element-ab4d5d5\" data-id=\"ab4d5d5\" data-element_type=\"column\" data-e-type=\"column\">\n\t\t\t<div class=\"elementor-widget-wrap elementor-element-populated\">\n\t\t\t\t\t\t<div class=\"elementor-element elementor-element-61d1bac elementor-widget elementor-widget-heading\" data-id=\"61d1bac\" data-element_type=\"widget\" data-e-type=\"widget\" data-widget_type=\"heading.default\">\n\t\t\t\t<div class=\"elementor-widget-container\">\n\t\t\t\t\t<h1 class=\"elementor-heading-title elementor-size-default\">Master Suite<\/h1>\t\t\t\t<\/div>\n\t\t\t\t<\/div>\n\t\t\t\t<div class=\"elementor-element elementor-element-d4d4623 elementor-align-center elementor-invisible elementor-widget elementor-widget-button\" data-id=\"d4d4623\" data-element_type=\"widget\" data-e-type=\"widget\" data-settings=\"{&quot;_animation&quot;:&quot;fadeIn&quot;}\" data-widget_type=\"button.default\">\n\t\t\t\t<div class=\"elementor-widget-container\">\n\t\t\t\t\t\t\t\t\t<div class=\"elementor-button-wrapper\">\n\t\t\t\t\t<a class=\"elementor-button elementor-button-link elementor-size-sm\" href=\"https:\/\/coolroomspalaciodeatocha.ihotelier.com\/book\/dates-of-stay?domain=coolrooms.com&#038;LanguageID=1&#038;user_language=de\">\n\t\t\t\t\t\t<span class=\"elementor-button-content-wrapper\">\n\t\t\t\t\t\t\t\t\t<span class=\"elementor-button-text\">Jetzt buchen<\/span>\n\t\t\t\t\t<\/span>\n\t\t\t\t\t<\/a>\n\t\t\t\t<\/div>\n\t\t\t\t\t\t\t\t<\/div>\n\t\t\t\t<\/div>\n\t\t\t\t<div data-dce-advanced-background-color=\"#000000AB\" class=\"elementor-element elementor-element-9201726 elementor-widget__width-auto elementor-fixed popmake-13026 dce_masking-none elementor-widget elementor-widget-image\" data-id=\"9201726\" data-element_type=\"widget\" data-e-type=\"widget\" data-settings=\"{&quot;_position&quot;:&quot;fixed&quot;}\" data-widget_type=\"image.default\">\n\t\t\t\t<div class=\"elementor-widget-container\">\n\t\t\t\t\t\t\t\t\t\t\t\t\t\t\t<img decoding=\"async\" width=\"60\" height=\"60\" src=\"https:\/\/coolrooms.com\/palaciodeatocha\/wp-content\/uploads\/sites\/3\/2026\/03\/360.png\" class=\"attachment-full size-full wp-image-19950\" alt=\"\" \/>\t\t\t\t\t\t\t\t\t\t\t\t\t\t\t<\/div>\n\t\t\t\t<\/div>\n\t\t\t\t\t<\/div>\n\t\t<\/div>\n\t\t\t\t\t<\/div>\n\t\t<\/section>\n\t\t\t\t<section data-particle_enable=\"false\" data-particle-mobile-disabled=\"false\" class=\"elementor-section elementor-top-section elementor-element elementor-element-24392fe elementor-section-boxed elementor-section-height-default elementor-section-height-default\" data-id=\"24392fe\" data-element_type=\"section\" data-e-type=\"section\">\n\t\t\t\t\t\t<div class=\"elementor-container elementor-column-gap-default\">\n\t\t\t\t\t<div class=\"elementor-column elementor-col-100 elementor-top-column elementor-element elementor-element-8a212cb\" data-id=\"8a212cb\" data-element_type=\"column\" data-e-type=\"column\">\n\t\t\t<div class=\"elementor-widget-wrap elementor-element-populated\">\n\t\t\t\t\t\t<div class=\"elementor-element elementor-element-18db576 elementor-widget elementor-widget-heading\" data-id=\"18db576\" data-element_type=\"widget\" data-e-type=\"widget\" data-widget_type=\"heading.default\">\n\t\t\t\t<div class=\"elementor-widget-container\">\n\t\t\t\t\t<h2 class=\"elementor-heading-title elementor-size-default\">Master Suite<\/h2>\t\t\t\t<\/div>\n\t\t\t\t<\/div>\n\t\t\t\t<div class=\"elementor-element elementor-element-ca81a74 elementor-widget-divider--view-line elementor-widget elementor-widget-divider\" data-id=\"ca81a74\" data-element_type=\"widget\" data-e-type=\"widget\" data-widget_type=\"divider.default\">\n\t\t\t\t<div class=\"elementor-widget-container\">\n\t\t\t\t\t\t\t<div class=\"elementor-divider\">\n\t\t\t<span class=\"elementor-divider-separator\">\n\t\t\t\t\t\t<\/span>\n\t\t<\/div>\n\t\t\t\t\t\t<\/div>\n\t\t\t\t<\/div>\n\t\t\t\t<div class=\"elementor-element elementor-element-481c47b elementor-widget elementor-widget-text-editor\" data-id=\"481c47b\" data-element_type=\"widget\" data-e-type=\"widget\" data-widget_type=\"text-editor.default\">\n\t\t\t\t<div class=\"elementor-widget-container\">\n\t\t\t\t\t\t\t\t\t<strong>Von 70 bis 110 m2<sup>2<\/sup><\/strong>\t\t\t\t\t\t\t\t<\/div>\n\t\t\t\t<\/div>\n\t\t\t\t<div class=\"elementor-element elementor-element-47d0ec2 elementor-widget elementor-widget-text-editor\" data-id=\"47d0ec2\" data-element_type=\"widget\" data-e-type=\"widget\" data-widget_type=\"text-editor.default\">\n\t\t\t\t<div class=\"elementor-widget-container\">\n\t\t\t\t\t\t\t\t\t<div class=\"wpb_text_column wpb_content_element \"><div class=\"wpb_wrapper\"><div class=\"wpb_text_column wpb_content_element \"><div class=\"wpb_wrapper\"><p>Die ger\u00e4umigen und lichtdurchfluteten Master-Suiten sind der wahre Inbegriff von Luxus. Wenn Sie die Lounge betreten, wird der Raum durch die moderne Einrichtung und die traditionellen Farbt\u00f6ne mit W\u00e4rme erf\u00fcllt. Mit zwei Schlafzimmern und zwei B\u00e4dern bieten diese spektakul\u00e4ren R\u00e4ume die M\u00f6glichkeit, Familienerinnerungen zu sammeln.<\/p><\/div><\/div><\/div><\/div>\t\t\t\t\t\t\t\t<\/div>\n\t\t\t\t<\/div>\n\t\t\t\t\t<\/div>\n\t\t<\/div>\n\t\t\t\t\t<\/div>\n\t\t<\/section>\n\t\t\t\t<section data-particle_enable=\"false\" data-particle-mobile-disabled=\"false\" data-dce-background-color=\"#F8F3E9\" class=\"elementor-section elementor-top-section elementor-element elementor-element-4918bf6 elementor-section-content-middle elementor-section-boxed elementor-section-height-default elementor-section-height-default\" data-id=\"4918bf6\" data-element_type=\"section\" data-e-type=\"section\" data-settings=\"{&quot;background_background&quot;:&quot;classic&quot;}\">\n\t\t\t\t\t\t<div class=\"elementor-container elementor-column-gap-default\">\n\t\t\t\t\t<div class=\"elementor-column elementor-col-100 elementor-top-column elementor-element elementor-element-d83d485 elementor-invisible\" data-id=\"d83d485\" data-element_type=\"column\" data-e-type=\"column\" data-settings=\"{&quot;animation&quot;:&quot;fadeInLeft&quot;}\">\n\t\t\t<div class=\"elementor-widget-wrap elementor-element-populated\">\n\t\t\t\t\t\t<div class=\"elementor-element elementor-element-295d937 elementor-pagination-position-outside elementor--v-position-bottom elementor--h-position-center elementor-arrows-position-inside elementor-widget elementor-widget-slides\" data-id=\"295d937\" data-element_type=\"widget\" data-e-type=\"widget\" data-settings=\"{&quot;navigation&quot;:&quot;both&quot;,&quot;autoplay&quot;:&quot;yes&quot;,&quot;autoplay_speed&quot;:5000,&quot;infinite&quot;:&quot;yes&quot;,&quot;transition&quot;:&quot;slide&quot;,&quot;transition_speed&quot;:500}\" data-widget_type=\"slides.default\">\n\t\t\t\t<div class=\"elementor-widget-container\">\n\t\t\t\t\t\t\t\t\t<div class=\"elementor-swiper\">\n\t\t\t\t\t<div class=\"elementor-slides-wrapper elementor-main-swiper swiper\" role=\"region\" aria-roledescription=\"carousel\" aria-label=\"Diapositivas\" dir=\"ltr\" data-animation=\"fadeInUp\">\n\t\t\t\t<div class=\"swiper-wrapper elementor-slides\">\n\t\t\t\t\t\t\t\t\t\t<div class=\"elementor-repeater-item-1e57d05 swiper-slide\" role=\"group\" aria-roledescription=\"slide\"><div class=\"swiper-slide-bg\" role=\"img\" aria-label=\"CR-MasterSuite-2\"><\/div><div class=\"swiper-slide-inner\" ><div class=\"swiper-slide-contents\"><\/div><\/div><\/div><div class=\"elementor-repeater-item-e0348fd swiper-slide\" role=\"group\" aria-roledescription=\"slide\"><div class=\"swiper-slide-bg\" role=\"img\" aria-label=\"CR-MasterSuite-5\"><\/div><div class=\"swiper-slide-inner\" ><div class=\"swiper-slide-contents\"><\/div><\/div><\/div><div class=\"elementor-repeater-item-5fc3b0a swiper-slide\" role=\"group\" aria-roledescription=\"slide\"><div class=\"swiper-slide-bg\" role=\"img\" aria-label=\"CR-MasterSuite-6\"><\/div><div class=\"swiper-slide-inner\" ><div class=\"swiper-slide-contents\"><\/div><\/div><\/div><div class=\"elementor-repeater-item-3efc8d3 swiper-slide\" role=\"group\" aria-roledescription=\"slide\"><div class=\"swiper-slide-bg\" role=\"img\" aria-label=\"Galeria-Master-Suite-web\"><\/div><div class=\"swiper-slide-inner\" ><div class=\"swiper-slide-contents\"><\/div><\/div><\/div><div class=\"elementor-repeater-item-53d510a swiper-slide\" role=\"group\" aria-roledescription=\"slide\"><div class=\"swiper-slide-bg\" role=\"img\" aria-label=\"CR-MasterSuite-7\"><\/div><div class=\"swiper-slide-inner\" ><div class=\"swiper-slide-contents\"><\/div><\/div><\/div>\t\t\t\t<\/div>\n\t\t\t\t\t\t\t\t\t\t\t\t\t\t\t<div class=\"elementor-swiper-button elementor-swiper-button-prev\" role=\"button\" tabindex=\"0\" aria-label=\"Vorheriger Slide\">\n\t\t\t\t\t\t\t<i aria-hidden=\"true\" class=\"eicon-chevron-left\"><\/i>\t\t\t\t\t\t<\/div>\n\t\t\t\t\t\t<div class=\"elementor-swiper-button elementor-swiper-button-next\" role=\"button\" tabindex=\"0\" aria-label=\"N\u00e4chster Slide\">\n\t\t\t\t\t\t\t<i aria-hidden=\"true\" class=\"eicon-chevron-right\"><\/i>\t\t\t\t\t\t<\/div>\n\t\t\t\t\t\t\t\t\t\t\t\t\t\t\t\t<div class=\"swiper-pagination\"><\/div>\n\t\t\t\t\t\t\t\t\t\t\t\t<\/div>\n\t\t\t\t<\/div>\n\t\t\t\t\t\t\t\t<\/div>\n\t\t\t\t<\/div>\n\t\t\t\t\t<\/div>\n\t\t<\/div>\n\t\t\t\t\t<\/div>\n\t\t<\/section>\n\t\t\t\t<section data-particle_enable=\"false\" data-particle-mobile-disabled=\"false\" data-dce-background-image-url=\"https:\/\/coolrooms.com\/palaciodeatocha\/wp-content\/uploads\/sites\/3\/2020\/03\/simbolo-coolrooms-atocha-madrid-bg-300x247.png\" class=\"elementor-section elementor-top-section elementor-element elementor-element-44e374c elementor-section-boxed elementor-section-height-default elementor-section-height-default\" data-id=\"44e374c\" data-element_type=\"section\" data-e-type=\"section\" data-settings=\"{&quot;background_background&quot;:&quot;classic&quot;}\">\n\t\t\t\t\t\t<div class=\"elementor-container elementor-column-gap-default\">\n\t\t\t\t\t<div class=\"elementor-column elementor-col-50 elementor-top-column elementor-element elementor-element-e0fd095\" data-id=\"e0fd095\" data-element_type=\"column\" data-e-type=\"column\">\n\t\t\t<div class=\"elementor-widget-wrap elementor-element-populated\">\n\t\t\t\t\t\t<div class=\"elementor-element elementor-element-1b9c8b7 elementor-widget elementor-widget-heading\" data-id=\"1b9c8b7\" data-element_type=\"widget\" data-e-type=\"widget\" data-widget_type=\"heading.default\">\n\t\t\t\t<div class=\"elementor-widget-container\">\n\t\t\t\t\t<h2 class=\"elementor-heading-title elementor-size-default\">Dienstleistungen<\/h2>\t\t\t\t<\/div>\n\t\t\t\t<\/div>\n\t\t\t\t<div class=\"elementor-element elementor-element-cd1dea6 elementor-widget elementor-widget-text-editor\" data-id=\"cd1dea6\" data-element_type=\"widget\" data-e-type=\"widget\" data-widget_type=\"text-editor.default\">\n\t\t\t\t<div class=\"elementor-widget-container\">\n\t\t\t\t\t\t\t\t\t<ul><li>Doppelmatratze nach Ma\u00df 2\u00d72<\/li><li>Salon<\/li><li>Zwei Zimmer<\/li><li>Zwei B\u00e4der<\/li><li>3 TVs<\/li><li>Bang &amp; Olufsen Drahtlos-Lautsprecher Beoplay M3<\/li><li>Dampfb\u00fcgeleisen und B\u00fcgelbret<\/li><\/ul>\t\t\t\t\t\t\t\t<\/div>\n\t\t\t\t<\/div>\n\t\t\t\t\t<\/div>\n\t\t<\/div>\n\t\t\t\t<div class=\"elementor-column elementor-col-50 elementor-top-column elementor-element elementor-element-d3ac1e0\" data-id=\"d3ac1e0\" data-element_type=\"column\" data-e-type=\"column\">\n\t\t\t<div class=\"elementor-widget-wrap elementor-element-populated\">\n\t\t\t\t\t\t<div class=\"elementor-element elementor-element-e142fbf elementor-widget elementor-widget-text-editor\" data-id=\"e142fbf\" data-element_type=\"widget\" data-e-type=\"widget\" data-widget_type=\"text-editor.default\">\n\t\t\t\t<div class=\"elementor-widget-container\">\n\t\t\t\t\t\t\t\t\t<ul><li>Nespresso-Kaffeemaschine<\/li><li>Private gek\u00fchlte Bar<\/li><li>Russell Hobbs Kettle<\/li><li>Molton Brown Luxus-Toilettenartikel<\/li><li>GHD-Haartrockner und -Gl\u00e4tteisen<\/li><li>Angenehm weicher Bademantel und Hausschuhe<\/li><li>Safe im Zimmer mit Ladeger\u00e4t f\u00fcr Mobilger\u00e4te<\/li><\/ul>\t\t\t\t\t\t\t\t<\/div>\n\t\t\t\t<\/div>\n\t\t\t\t\t<\/div>\n\t\t<\/div>\n\t\t\t\t\t<\/div>\n\t\t<\/section>\n\t\t\t\t<\/div>\n\t\t","protected":false},"excerpt":{"rendered":"<p>Master Suite Jetzt buchen Master Suite Von 70 bis 110 m22 Die ger\u00e4umigen und lichtdurchfluteten Master-Suiten sind der wahre Inbegriff von Luxus. Wenn Sie die Lounge betreten, wird der Raum durch die moderne Einrichtung und die traditionellen Farbt\u00f6ne mit W\u00e4rme erf\u00fcllt. Mit zwei Schlafzimmern und zwei B\u00e4dern bieten diese spektakul\u00e4ren R\u00e4ume die M\u00f6glichkeit, Familienerinnerungen zu [&hellip;]<\/p>\n","protected":false},"author":13,"featured_media":0,"parent":19290,"menu_order":0,"comment_status":"closed","ping_status":"closed","template":"elementor_header_footer","meta":{"_acf_changed":false,"footnotes":""},"class_list":["post-19375","page","type-page","status-publish","hentry"],"yoast_head":"<!-- This site is optimized with the Yoast SEO plugin v27.6 - https:\/\/yoast.com\/product\/yoast-seo-wordpress\/ -->\n<title>Master Suite | Hotel CoolRooms Palacio de Atocha Madrid<\/title>\n<meta name=\"robots\" content=\"index, follow, max-snippet:-1, max-image-preview:large, max-video-preview:-1\" \/>\n<link rel=\"canonical\" href=\"https:\/\/coolrooms.com\/palaciodeatocha\/habitaciones\/master-suite\/\" \/>\n<meta property=\"og:locale\" content=\"de_DE\" \/>\n<meta property=\"og:type\" content=\"article\" \/>\n<meta property=\"og:title\" content=\"Master Suite | Hotel CoolRooms Palacio de Atocha Madrid\" \/>\n<meta property=\"og:description\" content=\"Master Suite Jetzt buchen Master Suite Von 70 bis 110 m22 Die ger\u00e4umigen und lichtdurchfluteten Master-Suiten sind der wahre Inbegriff von Luxus. Wenn Sie die Lounge betreten, wird der Raum durch die moderne Einrichtung und die traditionellen Farbt\u00f6ne mit W\u00e4rme erf\u00fcllt. Mit zwei Schlafzimmern und zwei B\u00e4dern bieten diese spektakul\u00e4ren R\u00e4ume die M\u00f6glichkeit, Familienerinnerungen zu [&hellip;]\" \/>\n<meta property=\"og:url\" content=\"https:\/\/coolrooms.com\/palaciodeatocha\/habitaciones\/master-suite\/\" \/>\n<meta property=\"og:site_name\" content=\"Hotel CoolRooms Palacio de Atocha Madrid\" \/>\n<meta property=\"article:modified_time\" content=\"2026-04-01T10:44:54+00:00\" \/>\n<meta property=\"og:image\" content=\"https:\/\/coolrooms.com\/palaciodeatocha\/wp-content\/uploads\/sites\/3\/2026\/03\/360.png\" \/>\n\t<meta property=\"og:image:width\" content=\"60\" \/>\n\t<meta property=\"og:image:height\" content=\"60\" \/>\n\t<meta property=\"og:image:type\" content=\"image\/png\" \/>\n<meta name=\"twitter:card\" content=\"summary_large_image\" \/>\n<meta name=\"twitter:label1\" content=\"Gesch\u00e4tzte Lesezeit\" \/>\n\t<meta name=\"twitter:data1\" content=\"1\u00a0Minute\" \/>\n<script type=\"application\/ld+json\" class=\"yoast-schema-graph\">{\"@context\":\"https:\\\/\\\/schema.org\",\"@graph\":[{\"@type\":\"WebPage\",\"@id\":\"https:\\\/\\\/coolrooms.com\\\/palaciodeatocha\\\/habitaciones\\\/master-suite\\\/\",\"url\":\"https:\\\/\\\/coolrooms.com\\\/palaciodeatocha\\\/habitaciones\\\/master-suite\\\/\",\"name\":\"Master Suite | Hotel CoolRooms Palacio de Atocha Madrid\",\"isPartOf\":{\"@id\":\"https:\\\/\\\/coolrooms.com\\\/palaciodeatocha\\\/#website\"},\"primaryImageOfPage\":{\"@id\":\"https:\\\/\\\/coolrooms.com\\\/palaciodeatocha\\\/habitaciones\\\/master-suite\\\/#primaryimage\"},\"image\":{\"@id\":\"https:\\\/\\\/coolrooms.com\\\/palaciodeatocha\\\/habitaciones\\\/master-suite\\\/#primaryimage\"},\"thumbnailUrl\":\"https:\\\/\\\/coolrooms.com\\\/palaciodeatocha\\\/wp-content\\\/uploads\\\/sites\\\/3\\\/2026\\\/03\\\/360.png\",\"datePublished\":\"2024-11-06T11:33:13+00:00\",\"dateModified\":\"2026-04-01T10:44:54+00:00\",\"breadcrumb\":{\"@id\":\"https:\\\/\\\/coolrooms.com\\\/palaciodeatocha\\\/habitaciones\\\/master-suite\\\/#breadcrumb\"},\"inLanguage\":\"de\",\"potentialAction\":[{\"@type\":\"ReadAction\",\"target\":[\"https:\\\/\\\/coolrooms.com\\\/palaciodeatocha\\\/habitaciones\\\/master-suite\\\/\"]}]},{\"@type\":\"ImageObject\",\"inLanguage\":\"de\",\"@id\":\"https:\\\/\\\/coolrooms.com\\\/palaciodeatocha\\\/habitaciones\\\/master-suite\\\/#primaryimage\",\"url\":\"https:\\\/\\\/coolrooms.com\\\/palaciodeatocha\\\/wp-content\\\/uploads\\\/sites\\\/3\\\/2026\\\/03\\\/360.png\",\"contentUrl\":\"https:\\\/\\\/coolrooms.com\\\/palaciodeatocha\\\/wp-content\\\/uploads\\\/sites\\\/3\\\/2026\\\/03\\\/360.png\"},{\"@type\":\"BreadcrumbList\",\"@id\":\"https:\\\/\\\/coolrooms.com\\\/palaciodeatocha\\\/habitaciones\\\/master-suite\\\/#breadcrumb\",\"itemListElement\":[{\"@type\":\"ListItem\",\"position\":1,\"name\":\"Home\",\"item\":\"https:\\\/\\\/coolrooms.com\\\/palaciodeatocha\\\/de\\\/\"},{\"@type\":\"ListItem\",\"position\":2,\"name\":\"Zimmer\",\"item\":\"https:\\\/\\\/coolrooms.com\\\/palaciodeatocha\\\/habitaciones\\\/\"},{\"@type\":\"ListItem\",\"position\":3,\"name\":\"Master Suite\"}]},{\"@type\":\"WebSite\",\"@id\":\"https:\\\/\\\/coolrooms.com\\\/palaciodeatocha\\\/#website\",\"url\":\"https:\\\/\\\/coolrooms.com\\\/palaciodeatocha\\\/\",\"name\":\"Hotel CoolRooms Palacio de Atocha Madrid\",\"description\":\"Hotel de lujo en Atocha Madrid\",\"publisher\":{\"@id\":\"https:\\\/\\\/coolrooms.com\\\/palaciodeatocha\\\/#organization\"},\"potentialAction\":[{\"@type\":\"SearchAction\",\"target\":{\"@type\":\"EntryPoint\",\"urlTemplate\":\"https:\\\/\\\/coolrooms.com\\\/palaciodeatocha\\\/?s={search_term_string}\"},\"query-input\":{\"@type\":\"PropertyValueSpecification\",\"valueRequired\":true,\"valueName\":\"search_term_string\"}}],\"inLanguage\":\"de\"},{\"@type\":\"Organization\",\"@id\":\"https:\\\/\\\/coolrooms.com\\\/palaciodeatocha\\\/#organization\",\"name\":\"CoolRooms Palacio de Atocha\",\"url\":\"https:\\\/\\\/coolrooms.com\\\/palaciodeatocha\\\/\",\"logo\":{\"@type\":\"ImageObject\",\"inLanguage\":\"de\",\"@id\":\"https:\\\/\\\/coolrooms.com\\\/palaciodeatocha\\\/#\\\/schema\\\/logo\\\/image\\\/\",\"url\":\"https:\\\/\\\/coolrooms.com\\\/palaciodeatocha\\\/wp-content\\\/uploads\\\/sites\\\/3\\\/2018\\\/06\\\/coolrooms-logotipo-1.png\",\"contentUrl\":\"https:\\\/\\\/coolrooms.com\\\/palaciodeatocha\\\/wp-content\\\/uploads\\\/sites\\\/3\\\/2018\\\/06\\\/coolrooms-logotipo-1.png\",\"width\":591,\"height\":382,\"caption\":\"CoolRooms Palacio de Atocha\"},\"image\":{\"@id\":\"https:\\\/\\\/coolrooms.com\\\/palaciodeatocha\\\/#\\\/schema\\\/logo\\\/image\\\/\"}}]}<\/script>\n<!-- \/ Yoast SEO plugin. -->","yoast_head_json":{"title":"Master Suite | Hotel CoolRooms Palacio de Atocha Madrid","robots":{"index":"index","follow":"follow","max-snippet":"max-snippet:-1","max-image-preview":"max-image-preview:large","max-video-preview":"max-video-preview:-1"},"canonical":"https:\/\/coolrooms.com\/palaciodeatocha\/habitaciones\/master-suite\/","og_locale":"de_DE","og_type":"article","og_title":"Master Suite | Hotel CoolRooms Palacio de Atocha Madrid","og_description":"Master Suite Jetzt buchen Master Suite Von 70 bis 110 m22 Die ger\u00e4umigen und lichtdurchfluteten Master-Suiten sind der wahre Inbegriff von Luxus. Wenn Sie die Lounge betreten, wird der Raum durch die moderne Einrichtung und die traditionellen Farbt\u00f6ne mit W\u00e4rme erf\u00fcllt. Mit zwei Schlafzimmern und zwei B\u00e4dern bieten diese spektakul\u00e4ren R\u00e4ume die M\u00f6glichkeit, Familienerinnerungen zu [&hellip;]","og_url":"https:\/\/coolrooms.com\/palaciodeatocha\/habitaciones\/master-suite\/","og_site_name":"Hotel CoolRooms Palacio de Atocha Madrid","article_modified_time":"2026-04-01T10:44:54+00:00","og_image":[{"width":60,"height":60,"url":"https:\/\/coolrooms.com\/palaciodeatocha\/wp-content\/uploads\/sites\/3\/2026\/03\/360.png","type":"image\/png"}],"twitter_card":"summary_large_image","twitter_misc":{"Gesch\u00e4tzte Lesezeit":"1\u00a0Minute"},"schema":{"@context":"https:\/\/schema.org","@graph":[{"@type":"WebPage","@id":"https:\/\/coolrooms.com\/palaciodeatocha\/habitaciones\/master-suite\/","url":"https:\/\/coolrooms.com\/palaciodeatocha\/habitaciones\/master-suite\/","name":"Master Suite | Hotel CoolRooms Palacio de Atocha Madrid","isPartOf":{"@id":"https:\/\/coolrooms.com\/palaciodeatocha\/#website"},"primaryImageOfPage":{"@id":"https:\/\/coolrooms.com\/palaciodeatocha\/habitaciones\/master-suite\/#primaryimage"},"image":{"@id":"https:\/\/coolrooms.com\/palaciodeatocha\/habitaciones\/master-suite\/#primaryimage"},"thumbnailUrl":"https:\/\/coolrooms.com\/palaciodeatocha\/wp-content\/uploads\/sites\/3\/2026\/03\/360.png","datePublished":"2024-11-06T11:33:13+00:00","dateModified":"2026-04-01T10:44:54+00:00","breadcrumb":{"@id":"https:\/\/coolrooms.com\/palaciodeatocha\/habitaciones\/master-suite\/#breadcrumb"},"inLanguage":"de","potentialAction":[{"@type":"ReadAction","target":["https:\/\/coolrooms.com\/palaciodeatocha\/habitaciones\/master-suite\/"]}]},{"@type":"ImageObject","inLanguage":"de","@id":"https:\/\/coolrooms.com\/palaciodeatocha\/habitaciones\/master-suite\/#primaryimage","url":"https:\/\/coolrooms.com\/palaciodeatocha\/wp-content\/uploads\/sites\/3\/2026\/03\/360.png","contentUrl":"https:\/\/coolrooms.com\/palaciodeatocha\/wp-content\/uploads\/sites\/3\/2026\/03\/360.png"},{"@type":"BreadcrumbList","@id":"https:\/\/coolrooms.com\/palaciodeatocha\/habitaciones\/master-suite\/#breadcrumb","itemListElement":[{"@type":"ListItem","position":1,"name":"Home","item":"https:\/\/coolrooms.com\/palaciodeatocha\/de\/"},{"@type":"ListItem","position":2,"name":"Zimmer","item":"https:\/\/coolrooms.com\/palaciodeatocha\/habitaciones\/"},{"@type":"ListItem","position":3,"name":"Master Suite"}]},{"@type":"WebSite","@id":"https:\/\/coolrooms.com\/palaciodeatocha\/#website","url":"https:\/\/coolrooms.com\/palaciodeatocha\/","name":"Hotel CoolRooms Palacio de Atocha Madrid","description":"Hotel de lujo en Atocha Madrid","publisher":{"@id":"https:\/\/coolrooms.com\/palaciodeatocha\/#organization"},"potentialAction":[{"@type":"SearchAction","target":{"@type":"EntryPoint","urlTemplate":"https:\/\/coolrooms.com\/palaciodeatocha\/?s={search_term_string}"},"query-input":{"@type":"PropertyValueSpecification","valueRequired":true,"valueName":"search_term_string"}}],"inLanguage":"de"},{"@type":"Organization","@id":"https:\/\/coolrooms.com\/palaciodeatocha\/#organization","name":"CoolRooms Palacio de Atocha","url":"https:\/\/coolrooms.com\/palaciodeatocha\/","logo":{"@type":"ImageObject","inLanguage":"de","@id":"https:\/\/coolrooms.com\/palaciodeatocha\/#\/schema\/logo\/image\/","url":"https:\/\/coolrooms.com\/palaciodeatocha\/wp-content\/uploads\/sites\/3\/2018\/06\/coolrooms-logotipo-1.png","contentUrl":"https:\/\/coolrooms.com\/palaciodeatocha\/wp-content\/uploads\/sites\/3\/2018\/06\/coolrooms-logotipo-1.png","width":591,"height":382,"caption":"CoolRooms Palacio de Atocha"},"image":{"@id":"https:\/\/coolrooms.com\/palaciodeatocha\/#\/schema\/logo\/image\/"}}]}},"acf":[],"_links":{"self":[{"href":"https:\/\/coolrooms.com\/palaciodeatocha\/de\/wp-json\/wp\/v2\/pages\/19375","targetHints":{"allow":["GET"]}}],"collection":[{"href":"https:\/\/coolrooms.com\/palaciodeatocha\/de\/wp-json\/wp\/v2\/pages"}],"about":[{"href":"https:\/\/coolrooms.com\/palaciodeatocha\/de\/wp-json\/wp\/v2\/types\/page"}],"author":[{"embeddable":true,"href":"https:\/\/coolrooms.com\/palaciodeatocha\/de\/wp-json\/wp\/v2\/users\/13"}],"replies":[{"embeddable":true,"href":"https:\/\/coolrooms.com\/palaciodeatocha\/de\/wp-json\/wp\/v2\/comments?post=19375"}],"version-history":[{"count":20,"href":"https:\/\/coolrooms.com\/palaciodeatocha\/de\/wp-json\/wp\/v2\/pages\/19375\/revisions"}],"predecessor-version":[{"id":22039,"href":"https:\/\/coolrooms.com\/palaciodeatocha\/de\/wp-json\/wp\/v2\/pages\/19375\/revisions\/22039"}],"up":[{"embeddable":true,"href":"https:\/\/coolrooms.com\/palaciodeatocha\/de\/wp-json\/wp\/v2\/pages\/19290"}],"wp:attachment":[{"href":"https:\/\/coolrooms.com\/palaciodeatocha\/de\/wp-json\/wp\/v2\/media?parent=19375"}],"curies":[{"name":"wp","href":"https:\/\/api.w.org\/{rel}","templated":true}]}}