{"id":13382,"date":"2023-02-15T06:12:57","date_gmt":"2023-02-15T06:12:57","guid":{"rendered":"https:\/\/coolrooms.com\/palaciodeatocha\/pool-garden-2\/"},"modified":"2025-09-05T12:38:45","modified_gmt":"2025-09-05T12:38:45","slug":"pool-garden-2","status":"publish","type":"page","link":"https:\/\/coolrooms.com\/palaciodeatocha\/de\/pool-garden-2\/","title":{"rendered":"Pool garden"},"content":{"rendered":"<div class=\"wpb-content-wrapper\"><p>[vc_row css_animation=&#8220;&#8220; row_type=&#8220;row&#8220; use_row_as_full_screen_section=&#8220;no&#8220; type=&#8220;grid&#8220; angled_section=&#8220;no&#8220; text_align=&#8220;left&#8220; background_image_as_pattern=&#8220;without_pattern&#8220; css=&#8220;.vc_custom_1530277627163{padding-top: 50px !important;padding-bottom: 50px !important;}&#8220; z_index=&#8220;&#8220;][vc_column width=&#8220;2\/3&#8243;][vc_column_text]<\/p>\n<h2 class=\"subtitulo\">Pool Garden<\/h2>\n<p>[\/vc_column_text][vc_separator css_animation=&#8220;fadeInLeft&#8220; type=&#8220;small&#8220; position=&#8220;left&#8220; color=&#8220;#ad0032&#8243; thickness=&#8220;2&#8243; width=&#8220;50&#8243;][vc_column_text]Nach einem langen Tag in der Stadt gibt es nichts Sch\u00f6neres, als sich in unsere urbane Oase zur\u00fcckzuziehen. Unser Garten mit Schwimmbad schafft eine charmante Atmosph\u00e4re, in der Entspannung garantiert ist. Was kann man sich mehr w\u00fcnschen?<\/p>\n<p>Unser Pool-Garten-Bereich ist der beste Ort, um unglaubliche Signature-Cocktails, exquisite Weine und eine sorgf\u00e4ltig ausgew\u00e4hlte Auswahl an Premium-Spirituosen zu genie\u00dfen. All dies wird von einem Men\u00fc mit leichten Gerichten begleitet, die man am Abend gemeinsam genie\u00dfen kann.<\/p>\n<p><strong>Het zwembad is het hele jaar door geopend.<\/strong>[\/vc_column_text][\/vc_column][vc_column width=&#8220;1\/3&#8243;][\/vc_column][\/vc_row][vc_row css_animation=&#8220;&#8220; row_type=&#8220;row&#8220; use_row_as_full_screen_section=&#8220;no&#8220; type=&#8220;grid&#8220; angled_section=&#8220;no&#8220; text_align=&#8220;left&#8220; background_image_as_pattern=&#8220;without_pattern&#8220; css=&#8220;.vc_custom_1530277567366{padding-top: 60px !important;padding-bottom: 60px !important;background-color: #f8f3e9 !important;}&#8220; z_index=&#8220;&#8220; el_class=&#8220;restaurante-txt&#8220;][vc_column][qode_elements_holder number_of_columns=&#8220;two_columns&#8220; columns_proportion=&#8220;66_33&#8243;][qode_elements_holder_item vertical_alignment=&#8220;middle&#8220; advanced_animations=&#8220;no&#8220;][vc_gallery interval=&#8220;3&#8243; images=&#8220;9583,9580,9589,9592,9492,9489,12234,12336&#8243; img_size=&#8220;full&#8220;][\/qode_elements_holder_item][qode_elements_holder_item vertical_alignment=&#8220;middle&#8220; advanced_animations=&#8220;no&#8220;][vc_column_text css=&#8220;.vc_custom_1658834275414{padding-right: 40px !important;padding-left: 40px !important;}&#8220;]<\/p>\n<h1>TAUCHEN SIE EIN IN UNSER<br \/>\nURBAN OASIS<\/h1>\n<p>Lehnen Sie sich mit einem erfrischenden Getr\u00e4nk in der Hand auf unserer Sonnenliege zur\u00fcck und verwandeln Sie einen gew\u00f6hnlichen Nachmittag in ein elegantes Esserlebnis an unserem spektakul\u00e4ren Pool.<\/p>\n<p>Bei Sonnenuntergang verwandelt sich unser Pool-Garten in die coolsten Partys der Hauptstadt, bei denen jeder, der m\u00f6chte (egal ob er im Hotel wohnt oder nicht), einen unvergesslichen Abend erleben kann, der als Erinnerung an eine einzigartige Nacht in Erinnerung bleibt.[\/vc_column_text][\/qode_elements_holder_item][\/qode_elements_holder][\/vc_column][\/vc_row][vc_row css_animation=&#8220;&#8220; row_type=&#8220;row&#8220; use_row_as_full_screen_section=&#8220;no&#8220; type=&#8220;full_width&#8220; angled_section=&#8220;no&#8220; text_align=&#8220;left&#8220; background_image_as_pattern=&#8220;without_pattern&#8220;][vc_column][vc_empty_space height=&#8220;62px&#8220;][\/vc_column][\/vc_row][vc_row css_animation=&#8220;&#8220; row_type=&#8220;row&#8220; use_row_as_full_screen_section=&#8220;no&#8220; type=&#8220;full_width&#8220; angled_section=&#8220;no&#8220; text_align=&#8220;left&#8220; background_image_as_pattern=&#8220;without_pattern&#8220;][vc_column][\/vc_column][\/vc_row]<\/p>\n<\/div>","protected":false},"excerpt":{"rendered":"<p>[vc_row css_animation=&#8220;&#8220; row_type=&#8220;row&#8220; use_row_as_full_screen_section=&#8220;no&#8220; type=&#8220;grid&#8220; angled_section=&#8220;no&#8220; text_align=&#8220;left&#8220; background_image_as_pattern=&#8220;without_pattern&#8220; css=&#8220;.vc_custom_1530277627163{padding-top: 50px !important;padding-bottom: 50px !important;}&#8220; z_index=&#8220;&#8220;][vc_column width=&#8220;2\/3&#8243;][vc_column_text] Pool Garden [\/vc_column_text][vc_separator css_animation=&#8220;fadeInLeft&#8220; type=&#8220;small&#8220; position=&#8220;left&#8220; color=&#8220;#ad0032&#8243; thickness=&#8220;2&#8243; width=&#8220;50&#8243;][vc_column_text]Nach einem langen Tag in der Stadt gibt es nichts Sch\u00f6neres, als sich in unsere urbane Oase zur\u00fcckzuziehen. Unser Garten mit Schwimmbad&#8230;<\/p>\n","protected":false},"author":13,"featured_media":0,"parent":0,"menu_order":0,"comment_status":"closed","ping_status":"closed","template":"","meta":{"_acf_changed":false,"footnotes":""},"class_list":["post-13382","page","type-page","status-publish","hentry"],"yoast_head":"<!-- This site is optimized with the Yoast SEO plugin v27.3 - https:\/\/yoast.com\/product\/yoast-seo-wordpress\/ -->\n<title>Pool Garden | Hotel CoolRooms Atocha Madrid<\/title>\n<meta name=\"description\" content=\"Unser Innenhof mit Pool ist der beste Ort, um charakteristische Cocktails, erlesene Weine und eine sorgf\u00e4ltig ausgew\u00e4hlte Auswahl an erstklassigen Spirituosen zu genie\u00dfen.\" \/>\n<meta name=\"robots\" content=\"index, follow, max-snippet:-1, max-image-preview:large, max-video-preview:-1\" \/>\n<link rel=\"canonical\" href=\"https:\/\/coolrooms.com\/palaciodeatocha\/de\/pool-garden-2\/\" \/>\n<meta property=\"og:locale\" content=\"de_DE\" \/>\n<meta property=\"og:type\" content=\"article\" \/>\n<meta property=\"og:title\" content=\"Pool Garden | Hotel CoolRooms Atocha Madrid\" \/>\n<meta property=\"og:description\" content=\"Unser Innenhof mit Pool ist der beste Ort, um charakteristische Cocktails, erlesene Weine und eine sorgf\u00e4ltig ausgew\u00e4hlte Auswahl an erstklassigen Spirituosen zu genie\u00dfen.\" \/>\n<meta property=\"og:url\" content=\"https:\/\/coolrooms.com\/palaciodeatocha\/de\/pool-garden-2\/\" \/>\n<meta property=\"og:site_name\" content=\"Hotel CoolRooms Palacio de Atocha Madrid\" \/>\n<meta property=\"article:modified_time\" content=\"2025-09-05T12:38:45+00:00\" \/>\n<meta name=\"twitter:card\" content=\"summary_large_image\" \/>\n<meta name=\"twitter:label1\" content=\"Gesch\u00e4tzte Lesezeit\" \/>\n\t<meta name=\"twitter:data1\" content=\"2\u00a0Minuten\" \/>\n<script type=\"application\/ld+json\" class=\"yoast-schema-graph\">{\"@context\":\"https:\\\/\\\/schema.org\",\"@graph\":[{\"@type\":\"WebPage\",\"@id\":\"https:\\\/\\\/coolrooms.com\\\/palaciodeatocha\\\/de\\\/pool-garden-2\\\/\",\"url\":\"https:\\\/\\\/coolrooms.com\\\/palaciodeatocha\\\/de\\\/pool-garden-2\\\/\",\"name\":\"Pool Garden | Hotel CoolRooms Atocha Madrid\",\"isPartOf\":{\"@id\":\"https:\\\/\\\/coolrooms.com\\\/palaciodeatocha\\\/#website\"},\"datePublished\":\"2023-02-15T06:12:57+00:00\",\"dateModified\":\"2025-09-05T12:38:45+00:00\",\"description\":\"Unser Innenhof mit Pool ist der beste Ort, um charakteristische Cocktails, erlesene Weine und eine sorgf\u00e4ltig ausgew\u00e4hlte Auswahl an erstklassigen Spirituosen zu genie\u00dfen.\",\"breadcrumb\":{\"@id\":\"https:\\\/\\\/coolrooms.com\\\/palaciodeatocha\\\/de\\\/pool-garden-2\\\/#breadcrumb\"},\"inLanguage\":\"de\",\"potentialAction\":[{\"@type\":\"ReadAction\",\"target\":[\"https:\\\/\\\/coolrooms.com\\\/palaciodeatocha\\\/de\\\/pool-garden-2\\\/\"]}]},{\"@type\":\"BreadcrumbList\",\"@id\":\"https:\\\/\\\/coolrooms.com\\\/palaciodeatocha\\\/de\\\/pool-garden-2\\\/#breadcrumb\",\"itemListElement\":[{\"@type\":\"ListItem\",\"position\":1,\"name\":\"Home\",\"item\":\"https:\\\/\\\/coolrooms.com\\\/palaciodeatocha\\\/de\\\/\"},{\"@type\":\"ListItem\",\"position\":2,\"name\":\"Pool garden\"}]},{\"@type\":\"WebSite\",\"@id\":\"https:\\\/\\\/coolrooms.com\\\/palaciodeatocha\\\/#website\",\"url\":\"https:\\\/\\\/coolrooms.com\\\/palaciodeatocha\\\/\",\"name\":\"Hotel CoolRooms Palacio de Atocha Madrid\",\"description\":\"Hotel de lujo en Atocha Madrid\",\"publisher\":{\"@id\":\"https:\\\/\\\/coolrooms.com\\\/palaciodeatocha\\\/#organization\"},\"potentialAction\":[{\"@type\":\"SearchAction\",\"target\":{\"@type\":\"EntryPoint\",\"urlTemplate\":\"https:\\\/\\\/coolrooms.com\\\/palaciodeatocha\\\/?s={search_term_string}\"},\"query-input\":{\"@type\":\"PropertyValueSpecification\",\"valueRequired\":true,\"valueName\":\"search_term_string\"}}],\"inLanguage\":\"de\"},{\"@type\":\"Organization\",\"@id\":\"https:\\\/\\\/coolrooms.com\\\/palaciodeatocha\\\/#organization\",\"name\":\"CoolRooms Palacio de Atocha\",\"url\":\"https:\\\/\\\/coolrooms.com\\\/palaciodeatocha\\\/\",\"logo\":{\"@type\":\"ImageObject\",\"inLanguage\":\"de\",\"@id\":\"https:\\\/\\\/coolrooms.com\\\/palaciodeatocha\\\/#\\\/schema\\\/logo\\\/image\\\/\",\"url\":\"https:\\\/\\\/coolrooms.com\\\/palaciodeatocha\\\/wp-content\\\/uploads\\\/sites\\\/3\\\/2018\\\/06\\\/coolrooms-logotipo-1.png\",\"contentUrl\":\"https:\\\/\\\/coolrooms.com\\\/palaciodeatocha\\\/wp-content\\\/uploads\\\/sites\\\/3\\\/2018\\\/06\\\/coolrooms-logotipo-1.png\",\"width\":591,\"height\":382,\"caption\":\"CoolRooms Palacio de Atocha\"},\"image\":{\"@id\":\"https:\\\/\\\/coolrooms.com\\\/palaciodeatocha\\\/#\\\/schema\\\/logo\\\/image\\\/\"}}]}<\/script>\n<!-- \/ Yoast SEO plugin. -->","yoast_head_json":{"title":"Pool Garden | Hotel CoolRooms Atocha Madrid","description":"Unser Innenhof mit Pool ist der beste Ort, um charakteristische Cocktails, erlesene Weine und eine sorgf\u00e4ltig ausgew\u00e4hlte Auswahl an erstklassigen Spirituosen zu genie\u00dfen.","robots":{"index":"index","follow":"follow","max-snippet":"max-snippet:-1","max-image-preview":"max-image-preview:large","max-video-preview":"max-video-preview:-1"},"canonical":"https:\/\/coolrooms.com\/palaciodeatocha\/de\/pool-garden-2\/","og_locale":"de_DE","og_type":"article","og_title":"Pool Garden | Hotel CoolRooms Atocha Madrid","og_description":"Unser Innenhof mit Pool ist der beste Ort, um charakteristische Cocktails, erlesene Weine und eine sorgf\u00e4ltig ausgew\u00e4hlte Auswahl an erstklassigen Spirituosen zu genie\u00dfen.","og_url":"https:\/\/coolrooms.com\/palaciodeatocha\/de\/pool-garden-2\/","og_site_name":"Hotel CoolRooms Palacio de Atocha Madrid","article_modified_time":"2025-09-05T12:38:45+00:00","twitter_card":"summary_large_image","twitter_misc":{"Gesch\u00e4tzte Lesezeit":"2\u00a0Minuten"},"schema":{"@context":"https:\/\/schema.org","@graph":[{"@type":"WebPage","@id":"https:\/\/coolrooms.com\/palaciodeatocha\/de\/pool-garden-2\/","url":"https:\/\/coolrooms.com\/palaciodeatocha\/de\/pool-garden-2\/","name":"Pool Garden | Hotel CoolRooms Atocha Madrid","isPartOf":{"@id":"https:\/\/coolrooms.com\/palaciodeatocha\/#website"},"datePublished":"2023-02-15T06:12:57+00:00","dateModified":"2025-09-05T12:38:45+00:00","description":"Unser Innenhof mit Pool ist der beste Ort, um charakteristische Cocktails, erlesene Weine und eine sorgf\u00e4ltig ausgew\u00e4hlte Auswahl an erstklassigen Spirituosen zu genie\u00dfen.","breadcrumb":{"@id":"https:\/\/coolrooms.com\/palaciodeatocha\/de\/pool-garden-2\/#breadcrumb"},"inLanguage":"de","potentialAction":[{"@type":"ReadAction","target":["https:\/\/coolrooms.com\/palaciodeatocha\/de\/pool-garden-2\/"]}]},{"@type":"BreadcrumbList","@id":"https:\/\/coolrooms.com\/palaciodeatocha\/de\/pool-garden-2\/#breadcrumb","itemListElement":[{"@type":"ListItem","position":1,"name":"Home","item":"https:\/\/coolrooms.com\/palaciodeatocha\/de\/"},{"@type":"ListItem","position":2,"name":"Pool garden"}]},{"@type":"WebSite","@id":"https:\/\/coolrooms.com\/palaciodeatocha\/#website","url":"https:\/\/coolrooms.com\/palaciodeatocha\/","name":"Hotel CoolRooms Palacio de Atocha Madrid","description":"Hotel de lujo en Atocha Madrid","publisher":{"@id":"https:\/\/coolrooms.com\/palaciodeatocha\/#organization"},"potentialAction":[{"@type":"SearchAction","target":{"@type":"EntryPoint","urlTemplate":"https:\/\/coolrooms.com\/palaciodeatocha\/?s={search_term_string}"},"query-input":{"@type":"PropertyValueSpecification","valueRequired":true,"valueName":"search_term_string"}}],"inLanguage":"de"},{"@type":"Organization","@id":"https:\/\/coolrooms.com\/palaciodeatocha\/#organization","name":"CoolRooms Palacio de Atocha","url":"https:\/\/coolrooms.com\/palaciodeatocha\/","logo":{"@type":"ImageObject","inLanguage":"de","@id":"https:\/\/coolrooms.com\/palaciodeatocha\/#\/schema\/logo\/image\/","url":"https:\/\/coolrooms.com\/palaciodeatocha\/wp-content\/uploads\/sites\/3\/2018\/06\/coolrooms-logotipo-1.png","contentUrl":"https:\/\/coolrooms.com\/palaciodeatocha\/wp-content\/uploads\/sites\/3\/2018\/06\/coolrooms-logotipo-1.png","width":591,"height":382,"caption":"CoolRooms Palacio de Atocha"},"image":{"@id":"https:\/\/coolrooms.com\/palaciodeatocha\/#\/schema\/logo\/image\/"}}]}},"acf":[],"_links":{"self":[{"href":"https:\/\/coolrooms.com\/palaciodeatocha\/de\/wp-json\/wp\/v2\/pages\/13382","targetHints":{"allow":["GET"]}}],"collection":[{"href":"https:\/\/coolrooms.com\/palaciodeatocha\/de\/wp-json\/wp\/v2\/pages"}],"about":[{"href":"https:\/\/coolrooms.com\/palaciodeatocha\/de\/wp-json\/wp\/v2\/types\/page"}],"author":[{"embeddable":true,"href":"https:\/\/coolrooms.com\/palaciodeatocha\/de\/wp-json\/wp\/v2\/users\/13"}],"replies":[{"embeddable":true,"href":"https:\/\/coolrooms.com\/palaciodeatocha\/de\/wp-json\/wp\/v2\/comments?post=13382"}],"version-history":[{"count":2,"href":"https:\/\/coolrooms.com\/palaciodeatocha\/de\/wp-json\/wp\/v2\/pages\/13382\/revisions"}],"predecessor-version":[{"id":19275,"href":"https:\/\/coolrooms.com\/palaciodeatocha\/de\/wp-json\/wp\/v2\/pages\/13382\/revisions\/19275"}],"wp:attachment":[{"href":"https:\/\/coolrooms.com\/palaciodeatocha\/de\/wp-json\/wp\/v2\/media?parent=13382"}],"curies":[{"name":"wp","href":"https:\/\/api.w.org\/{rel}","templated":true}]}}