{"id":13290,"date":"2023-02-14T18:02:13","date_gmt":"2023-02-14T18:02:13","guid":{"rendered":"https:\/\/coolrooms.com\/palaciodeatocha\/zimmer\/coolsuite\/"},"modified":"2025-09-11T07:55:49","modified_gmt":"2025-09-11T07:55:49","slug":"coolsuite","status":"publish","type":"page","link":"https:\/\/coolrooms.com\/palaciodeatocha\/de\/zimmer\/coolsuite\/","title":{"rendered":"CoolSuite"},"content":{"rendered":"<div class=\"wpb-content-wrapper\"><p>[vc_row css_animation=&#8220;&#8220; row_type=&#8220;row&#8220; use_row_as_full_screen_section=&#8220;no&#8220; type=&#8220;grid&#8220; angled_section=&#8220;no&#8220; text_align=&#8220;left&#8220; background_image_as_pattern=&#8220;without_pattern&#8220; el_id=&#8220;description&#8220; z_index=&#8220;&#8220; css=&#8220;.vc_custom_1528453076681{padding-bottom: 180px !important;}&#8220;][vc_column width=&#8220;2\/3&#8243; css=&#8220;.vc_custom_1528448395288{background-color: #ffffff !important;}&#8220;][vc_column_text]<\/p>\n<h2 class=\"subtitulo\">CoolSuite<\/h2>\n<p>[\/vc_column_text][vc_separator css_animation=&#8220;fadeInLeft&#8220; type=&#8220;small&#8220; position=&#8220;left&#8220; color=&#8220;#ad0032&#8243; thickness=&#8220;2&#8243; width=&#8220;50&#8243;][vc_column_text]<\/p>\n<h3><strong>Von 92 bis 104 m<sup>2<\/sup><\/strong><\/h3>\n<p>[\/vc_column_text][vc_separator css_animation=&#8220;none&#8220; type=&#8220;transparent&#8220; thickness=&#8220;2&#8243; up=&#8220;30&#8243;][vc_column_text]In der obersten Etage unseres Hotels bieten die CoolRooms ein charmantes und unvergessliches Erlebnis. Die gro\u00dfz\u00fcgigen und ger\u00e4umigen privaten Terrassen verf\u00fcgen \u00fcber einen einzigartigen Minipool, in dem Sie sich entspannen k\u00f6nnen, w\u00e4hrend Sie einen herrlichen Blick auf ganz Madrid genie\u00dfen.[\/vc_column_text][vc_raw_html css=&#8220;&#8220;]JTNDYSUyMGhyZWYlM0QlMjIlMjMlMjIlMjBjbGFzcyUzRCUyMmxpbmstMzYwJTIwb3Blbi1kZWx1eGUtcm9vbS0zNjAlMjIlMjB0aXRsZSUzRCUyMkRlbHV4ZSUyMFJvb20lMjIlMjBzdHlsZSUzRCUyMmN1cnNvciUzQSUyMHBvaW50ZXIlM0IlMjIlM0UlMEElMDklM0NpbWclMjBzcmMlM0QlMjIlMkZ3cC1jb250ZW50JTJGdXBsb2FkcyUyRnNpdGVzJTJGMyUyRjIwMjIlMkYxMiUyRjM2MC5wbmclMjIlMjB3aWR0aCUzRCUyMjUwJTIyJTIwaGVpZ2h0JTNEJTIyNTAlMjIlMjBhbHQlM0QlMjIzNjAlMjIlMjBzdHlsZSUzRCUyMndpZHRoJTNBMzVweCUzQmhlaWdodCUzQTM1cHglM0IlMjIlM0UlMEElM0MlMkZhJTNF[\/vc_raw_html][\/vc_column][vc_column width=&#8220;1\/3&#8243;][\/vc_column][\/vc_row][vc_row css_animation=&#8220;&#8220; row_type=&#8220;row&#8220; use_row_as_full_screen_section=&#8220;no&#8220; type=&#8220;grid&#8220; angled_section=&#8220;no&#8220; text_align=&#8220;left&#8220; background_image_as_pattern=&#8220;without_pattern&#8220; background_color=&#8220;#f8f3e9&#8243; css=&#8220;.vc_custom_1528453789317{padding-top: 60px !important;padding-right: 60px !important;padding-left: 60px !important;background-color: #f8f3e9 !important;}&#8220; z_index=&#8220;&#8220; el_id=&#8220;galeria&#8220;][vc_column][vc_gallery type=&#8220;flexslider_slide&#8220; interval=&#8220;3&#8243; images=&#8220;18148,18165,18160,9246,9240,9243,9249,9252&#8243; img_size=&#8220;full&#8220; onclick=&#8220;&#8220; css_animation=&#8220;top-to-bottom&#8220; css=&#8220;.vc_custom_1741269578536{padding-right: 40px !important;padding-left: 40px !important;}&#8220;][\/vc_column][\/vc_row][vc_row css_animation=&#8220;&#8220; row_type=&#8220;row&#8220; use_row_as_full_screen_section=&#8220;no&#8220; type=&#8220;grid&#8220; angled_section=&#8220;no&#8220; text_align=&#8220;left&#8220; background_image_as_pattern=&#8220;without_pattern&#8220; z_index=&#8220;&#8220; css=&#8220;.vc_custom_1757513572674{padding-bottom: 60px !important;}&#8220;][vc_column][vc_row_inner row_type=&#8220;row&#8220; type=&#8220;full_width&#8220; text_align=&#8220;left&#8220; css_animation=&#8220;&#8220; css=&#8220;.vc_custom_1757512341717{padding-top: 30px !important;padding-right: 30px !important;padding-bottom: 30px !important;padding-left: 30px !important;background-color: #ffffff !important;background-position: center !important;background-repeat: no-repeat !important;background-size: contain !important;}&#8220; el_id=&#8220;facilities&#8220;][vc_column_inner width=&#8220;1\/2&#8243;][vc_column_text]<\/p>\n<h2>Dienstleistungen<\/h2>\n<p>[\/vc_column_text]<div class='q_list circle normal animate_list'><\/p>\n<ul>\n<li>Doppelmatratze nach Ma\u00df 2&#215;2<\/li>\n<li>Salon<\/li>\n<li>Privat-Terrasse<\/li>\n<li>Mini-piscina Zucchetti Kos<\/li>\n<li>2 TVs<\/li>\n<li>Bang &amp; Olufsen Drahtlos-Lautsprecher Beoplay M3<\/li>\n<li>Nespresso-Kaffeemaschine<\/li>\n<\/ul>\n<p><\/div>[\/vc_column_inner][vc_column_inner width=&#8220;1\/2&#8243;][vc_empty_space height=&#8220;40px&#8220;]<div class='q_list circle normal animate_list'><\/p>\n<ul>\n<li>Private gek\u00fchlte Bar<\/li>\n<li>Russell Hobbs Kettle<\/li>\n<li>Molton Brown Luxus-Toilettenartikel<\/li>\n<li>GHD-Haartrockner und -Gl\u00e4tteisen<\/li>\n<li>Angenehm weicher Bademantel und Hausschuhe<\/li>\n<li>Safe im Zimmer mit Ladeger\u00e4t f\u00fcr Mobilger\u00e4te<\/li>\n<li>Dampfb\u00fcgeleisen und B\u00fcgelbret<\/li>\n<\/ul>\n<p><\/div>[\/vc_column_inner][\/vc_row_inner][\/vc_column][\/vc_row][vc_row css_animation=&#8220;&#8220; row_type=&#8220;row&#8220; use_row_as_full_screen_section=&#8220;no&#8220; type=&#8220;full_width&#8220; angled_section=&#8220;no&#8220; text_align=&#8220;left&#8220; background_image_as_pattern=&#8220;without_pattern&#8220;][vc_column][vc_empty_space height=&#8220;40px&#8220;][\/vc_column][\/vc_row]<\/p>\n<\/div>","protected":false},"excerpt":{"rendered":"<p>[vc_row css_animation=&#8220;&#8220; row_type=&#8220;row&#8220; use_row_as_full_screen_section=&#8220;no&#8220; type=&#8220;grid&#8220; angled_section=&#8220;no&#8220; text_align=&#8220;left&#8220; background_image_as_pattern=&#8220;without_pattern&#8220; el_id=&#8220;description&#8220; z_index=&#8220;&#8220; css=&#8220;.vc_custom_1528453076681{padding-bottom: 180px !important;}&#8220;][vc_column width=&#8220;2\/3&#8243; css=&#8220;.vc_custom_1528448395288{background-color: #ffffff !important;}&#8220;][vc_column_text] CoolSuite [\/vc_column_text][vc_separator css_animation=&#8220;fadeInLeft&#8220; type=&#8220;small&#8220; position=&#8220;left&#8220; color=&#8220;#ad0032&#8243; thickness=&#8220;2&#8243; width=&#8220;50&#8243;][vc_column_text] Von 92 bis 104 m2 [\/vc_column_text][vc_separator css_animation=&#8220;none&#8220; type=&#8220;transparent&#8220; thickness=&#8220;2&#8243; up=&#8220;30&#8243;][vc_column_text]In der obersten Etage unseres Hotels bieten die CoolRooms ein charmantes&#8230;<\/p>\n","protected":false},"author":2,"featured_media":18194,"parent":13122,"menu_order":0,"comment_status":"closed","ping_status":"closed","template":"full_width.php","meta":{"_acf_changed":false,"footnotes":""},"class_list":["post-13290","page","type-page","status-publish","has-post-thumbnail","hentry"],"yoast_head":"<!-- This site is optimized with the Yoast SEO plugin v27.3 - https:\/\/yoast.com\/product\/yoast-seo-wordpress\/ -->\n<title>CoolSuite | Hotel CoolRooms Atocha Madrid<\/title>\n<meta name=\"description\" content=\"In der obersten Etage unseres Hotels bietet die CoolSuite ein einzigartiges Erlebnis. Private Terrasse mit Minipool mit Blick auf Madrid. Reservieren Sie!\" \/>\n<meta name=\"robots\" content=\"index, follow, max-snippet:-1, max-image-preview:large, max-video-preview:-1\" \/>\n<link rel=\"canonical\" href=\"https:\/\/coolrooms.com\/palaciodeatocha\/de\/zimmer\/coolsuite\/\" \/>\n<meta property=\"og:locale\" content=\"de_DE\" \/>\n<meta property=\"og:type\" content=\"article\" \/>\n<meta property=\"og:title\" content=\"CoolSuite | Hotel CoolRooms Atocha Madrid\" \/>\n<meta property=\"og:description\" content=\"In der obersten Etage unseres Hotels bietet die CoolSuite ein einzigartiges Erlebnis. Private Terrasse mit Minipool mit Blick auf Madrid. Reservieren Sie!\" \/>\n<meta property=\"og:url\" content=\"https:\/\/coolrooms.com\/palaciodeatocha\/de\/zimmer\/coolsuite\/\" \/>\n<meta property=\"og:site_name\" content=\"Hotel CoolRooms Palacio de Atocha Madrid\" \/>\n<meta property=\"article:modified_time\" content=\"2025-09-11T07:55:49+00:00\" \/>\n<meta property=\"og:image\" content=\"https:\/\/coolrooms.com\/palaciodeatocha\/wp-content\/uploads\/sites\/3\/2025\/03\/Portada-CoolSuite.jpg\" \/>\n\t<meta property=\"og:image:width\" content=\"1080\" \/>\n\t<meta property=\"og:image:height\" content=\"1080\" \/>\n\t<meta property=\"og:image:type\" content=\"image\/jpeg\" \/>\n<meta name=\"twitter:card\" content=\"summary_large_image\" \/>\n<meta name=\"twitter:label1\" content=\"Gesch\u00e4tzte Lesezeit\" \/>\n\t<meta name=\"twitter:data1\" content=\"2\u00a0Minuten\" \/>\n<script type=\"application\/ld+json\" class=\"yoast-schema-graph\">{\"@context\":\"https:\\\/\\\/schema.org\",\"@graph\":[{\"@type\":\"WebPage\",\"@id\":\"https:\\\/\\\/coolrooms.com\\\/palaciodeatocha\\\/de\\\/zimmer\\\/coolsuite\\\/\",\"url\":\"https:\\\/\\\/coolrooms.com\\\/palaciodeatocha\\\/de\\\/zimmer\\\/coolsuite\\\/\",\"name\":\"CoolSuite | Hotel CoolRooms Atocha Madrid\",\"isPartOf\":{\"@id\":\"https:\\\/\\\/coolrooms.com\\\/palaciodeatocha\\\/#website\"},\"primaryImageOfPage\":{\"@id\":\"https:\\\/\\\/coolrooms.com\\\/palaciodeatocha\\\/de\\\/zimmer\\\/coolsuite\\\/#primaryimage\"},\"image\":{\"@id\":\"https:\\\/\\\/coolrooms.com\\\/palaciodeatocha\\\/de\\\/zimmer\\\/coolsuite\\\/#primaryimage\"},\"thumbnailUrl\":\"https:\\\/\\\/coolrooms.com\\\/palaciodeatocha\\\/wp-content\\\/uploads\\\/sites\\\/3\\\/2025\\\/03\\\/Portada-CoolSuite.jpg\",\"datePublished\":\"2023-02-14T18:02:13+00:00\",\"dateModified\":\"2025-09-11T07:55:49+00:00\",\"description\":\"In der obersten Etage unseres Hotels bietet die CoolSuite ein einzigartiges Erlebnis. Private Terrasse mit Minipool mit Blick auf Madrid. Reservieren Sie!\",\"breadcrumb\":{\"@id\":\"https:\\\/\\\/coolrooms.com\\\/palaciodeatocha\\\/de\\\/zimmer\\\/coolsuite\\\/#breadcrumb\"},\"inLanguage\":\"de\",\"potentialAction\":[{\"@type\":\"ReadAction\",\"target\":[\"https:\\\/\\\/coolrooms.com\\\/palaciodeatocha\\\/de\\\/zimmer\\\/coolsuite\\\/\"]}]},{\"@type\":\"ImageObject\",\"inLanguage\":\"de\",\"@id\":\"https:\\\/\\\/coolrooms.com\\\/palaciodeatocha\\\/de\\\/zimmer\\\/coolsuite\\\/#primaryimage\",\"url\":\"https:\\\/\\\/coolrooms.com\\\/palaciodeatocha\\\/wp-content\\\/uploads\\\/sites\\\/3\\\/2025\\\/03\\\/Portada-CoolSuite.jpg\",\"contentUrl\":\"https:\\\/\\\/coolrooms.com\\\/palaciodeatocha\\\/wp-content\\\/uploads\\\/sites\\\/3\\\/2025\\\/03\\\/Portada-CoolSuite.jpg\",\"width\":1080,\"height\":1080},{\"@type\":\"BreadcrumbList\",\"@id\":\"https:\\\/\\\/coolrooms.com\\\/palaciodeatocha\\\/de\\\/zimmer\\\/coolsuite\\\/#breadcrumb\",\"itemListElement\":[{\"@type\":\"ListItem\",\"position\":1,\"name\":\"Home\",\"item\":\"https:\\\/\\\/coolrooms.com\\\/palaciodeatocha\\\/de\\\/\"},{\"@type\":\"ListItem\",\"position\":2,\"name\":\"Zimmer\",\"item\":\"https:\\\/\\\/coolrooms.com\\\/palaciodeatocha\\\/de\\\/zimmer\\\/\"},{\"@type\":\"ListItem\",\"position\":3,\"name\":\"CoolSuite\"}]},{\"@type\":\"WebSite\",\"@id\":\"https:\\\/\\\/coolrooms.com\\\/palaciodeatocha\\\/#website\",\"url\":\"https:\\\/\\\/coolrooms.com\\\/palaciodeatocha\\\/\",\"name\":\"Hotel CoolRooms Palacio de Atocha Madrid\",\"description\":\"Hotel de lujo en Atocha Madrid\",\"publisher\":{\"@id\":\"https:\\\/\\\/coolrooms.com\\\/palaciodeatocha\\\/#organization\"},\"potentialAction\":[{\"@type\":\"SearchAction\",\"target\":{\"@type\":\"EntryPoint\",\"urlTemplate\":\"https:\\\/\\\/coolrooms.com\\\/palaciodeatocha\\\/?s={search_term_string}\"},\"query-input\":{\"@type\":\"PropertyValueSpecification\",\"valueRequired\":true,\"valueName\":\"search_term_string\"}}],\"inLanguage\":\"de\"},{\"@type\":\"Organization\",\"@id\":\"https:\\\/\\\/coolrooms.com\\\/palaciodeatocha\\\/#organization\",\"name\":\"CoolRooms Palacio de Atocha\",\"url\":\"https:\\\/\\\/coolrooms.com\\\/palaciodeatocha\\\/\",\"logo\":{\"@type\":\"ImageObject\",\"inLanguage\":\"de\",\"@id\":\"https:\\\/\\\/coolrooms.com\\\/palaciodeatocha\\\/#\\\/schema\\\/logo\\\/image\\\/\",\"url\":\"https:\\\/\\\/coolrooms.com\\\/palaciodeatocha\\\/wp-content\\\/uploads\\\/sites\\\/3\\\/2018\\\/06\\\/coolrooms-logotipo-1.png\",\"contentUrl\":\"https:\\\/\\\/coolrooms.com\\\/palaciodeatocha\\\/wp-content\\\/uploads\\\/sites\\\/3\\\/2018\\\/06\\\/coolrooms-logotipo-1.png\",\"width\":591,\"height\":382,\"caption\":\"CoolRooms Palacio de Atocha\"},\"image\":{\"@id\":\"https:\\\/\\\/coolrooms.com\\\/palaciodeatocha\\\/#\\\/schema\\\/logo\\\/image\\\/\"}}]}<\/script>\n<!-- \/ Yoast SEO plugin. -->","yoast_head_json":{"title":"CoolSuite | Hotel CoolRooms Atocha Madrid","description":"In der obersten Etage unseres Hotels bietet die CoolSuite ein einzigartiges Erlebnis. Private Terrasse mit Minipool mit Blick auf Madrid. Reservieren Sie!","robots":{"index":"index","follow":"follow","max-snippet":"max-snippet:-1","max-image-preview":"max-image-preview:large","max-video-preview":"max-video-preview:-1"},"canonical":"https:\/\/coolrooms.com\/palaciodeatocha\/de\/zimmer\/coolsuite\/","og_locale":"de_DE","og_type":"article","og_title":"CoolSuite | Hotel CoolRooms Atocha Madrid","og_description":"In der obersten Etage unseres Hotels bietet die CoolSuite ein einzigartiges Erlebnis. Private Terrasse mit Minipool mit Blick auf Madrid. Reservieren Sie!","og_url":"https:\/\/coolrooms.com\/palaciodeatocha\/de\/zimmer\/coolsuite\/","og_site_name":"Hotel CoolRooms Palacio de Atocha Madrid","article_modified_time":"2025-09-11T07:55:49+00:00","og_image":[{"width":1080,"height":1080,"url":"https:\/\/coolrooms.com\/palaciodeatocha\/wp-content\/uploads\/sites\/3\/2025\/03\/Portada-CoolSuite.jpg","type":"image\/jpeg"}],"twitter_card":"summary_large_image","twitter_misc":{"Gesch\u00e4tzte Lesezeit":"2\u00a0Minuten"},"schema":{"@context":"https:\/\/schema.org","@graph":[{"@type":"WebPage","@id":"https:\/\/coolrooms.com\/palaciodeatocha\/de\/zimmer\/coolsuite\/","url":"https:\/\/coolrooms.com\/palaciodeatocha\/de\/zimmer\/coolsuite\/","name":"CoolSuite | Hotel CoolRooms Atocha Madrid","isPartOf":{"@id":"https:\/\/coolrooms.com\/palaciodeatocha\/#website"},"primaryImageOfPage":{"@id":"https:\/\/coolrooms.com\/palaciodeatocha\/de\/zimmer\/coolsuite\/#primaryimage"},"image":{"@id":"https:\/\/coolrooms.com\/palaciodeatocha\/de\/zimmer\/coolsuite\/#primaryimage"},"thumbnailUrl":"https:\/\/coolrooms.com\/palaciodeatocha\/wp-content\/uploads\/sites\/3\/2025\/03\/Portada-CoolSuite.jpg","datePublished":"2023-02-14T18:02:13+00:00","dateModified":"2025-09-11T07:55:49+00:00","description":"In der obersten Etage unseres Hotels bietet die CoolSuite ein einzigartiges Erlebnis. Private Terrasse mit Minipool mit Blick auf Madrid. Reservieren Sie!","breadcrumb":{"@id":"https:\/\/coolrooms.com\/palaciodeatocha\/de\/zimmer\/coolsuite\/#breadcrumb"},"inLanguage":"de","potentialAction":[{"@type":"ReadAction","target":["https:\/\/coolrooms.com\/palaciodeatocha\/de\/zimmer\/coolsuite\/"]}]},{"@type":"ImageObject","inLanguage":"de","@id":"https:\/\/coolrooms.com\/palaciodeatocha\/de\/zimmer\/coolsuite\/#primaryimage","url":"https:\/\/coolrooms.com\/palaciodeatocha\/wp-content\/uploads\/sites\/3\/2025\/03\/Portada-CoolSuite.jpg","contentUrl":"https:\/\/coolrooms.com\/palaciodeatocha\/wp-content\/uploads\/sites\/3\/2025\/03\/Portada-CoolSuite.jpg","width":1080,"height":1080},{"@type":"BreadcrumbList","@id":"https:\/\/coolrooms.com\/palaciodeatocha\/de\/zimmer\/coolsuite\/#breadcrumb","itemListElement":[{"@type":"ListItem","position":1,"name":"Home","item":"https:\/\/coolrooms.com\/palaciodeatocha\/de\/"},{"@type":"ListItem","position":2,"name":"Zimmer","item":"https:\/\/coolrooms.com\/palaciodeatocha\/de\/zimmer\/"},{"@type":"ListItem","position":3,"name":"CoolSuite"}]},{"@type":"WebSite","@id":"https:\/\/coolrooms.com\/palaciodeatocha\/#website","url":"https:\/\/coolrooms.com\/palaciodeatocha\/","name":"Hotel CoolRooms Palacio de Atocha Madrid","description":"Hotel de lujo en Atocha Madrid","publisher":{"@id":"https:\/\/coolrooms.com\/palaciodeatocha\/#organization"},"potentialAction":[{"@type":"SearchAction","target":{"@type":"EntryPoint","urlTemplate":"https:\/\/coolrooms.com\/palaciodeatocha\/?s={search_term_string}"},"query-input":{"@type":"PropertyValueSpecification","valueRequired":true,"valueName":"search_term_string"}}],"inLanguage":"de"},{"@type":"Organization","@id":"https:\/\/coolrooms.com\/palaciodeatocha\/#organization","name":"CoolRooms Palacio de Atocha","url":"https:\/\/coolrooms.com\/palaciodeatocha\/","logo":{"@type":"ImageObject","inLanguage":"de","@id":"https:\/\/coolrooms.com\/palaciodeatocha\/#\/schema\/logo\/image\/","url":"https:\/\/coolrooms.com\/palaciodeatocha\/wp-content\/uploads\/sites\/3\/2018\/06\/coolrooms-logotipo-1.png","contentUrl":"https:\/\/coolrooms.com\/palaciodeatocha\/wp-content\/uploads\/sites\/3\/2018\/06\/coolrooms-logotipo-1.png","width":591,"height":382,"caption":"CoolRooms Palacio de Atocha"},"image":{"@id":"https:\/\/coolrooms.com\/palaciodeatocha\/#\/schema\/logo\/image\/"}}]}},"acf":[],"_links":{"self":[{"href":"https:\/\/coolrooms.com\/palaciodeatocha\/de\/wp-json\/wp\/v2\/pages\/13290","targetHints":{"allow":["GET"]}}],"collection":[{"href":"https:\/\/coolrooms.com\/palaciodeatocha\/de\/wp-json\/wp\/v2\/pages"}],"about":[{"href":"https:\/\/coolrooms.com\/palaciodeatocha\/de\/wp-json\/wp\/v2\/types\/page"}],"author":[{"embeddable":true,"href":"https:\/\/coolrooms.com\/palaciodeatocha\/de\/wp-json\/wp\/v2\/users\/2"}],"replies":[{"embeddable":true,"href":"https:\/\/coolrooms.com\/palaciodeatocha\/de\/wp-json\/wp\/v2\/comments?post=13290"}],"version-history":[{"count":9,"href":"https:\/\/coolrooms.com\/palaciodeatocha\/de\/wp-json\/wp\/v2\/pages\/13290\/revisions"}],"predecessor-version":[{"id":19347,"href":"https:\/\/coolrooms.com\/palaciodeatocha\/de\/wp-json\/wp\/v2\/pages\/13290\/revisions\/19347"}],"up":[{"embeddable":true,"href":"https:\/\/coolrooms.com\/palaciodeatocha\/de\/wp-json\/wp\/v2\/pages\/13122"}],"wp:featuredmedia":[{"embeddable":true,"href":"https:\/\/coolrooms.com\/palaciodeatocha\/de\/wp-json\/wp\/v2\/media\/18194"}],"wp:attachment":[{"href":"https:\/\/coolrooms.com\/palaciodeatocha\/de\/wp-json\/wp\/v2\/media?parent=13290"}],"curies":[{"name":"wp","href":"https:\/\/api.w.org\/{rel}","templated":true}]}}