{"id":13146,"date":"2023-01-25T20:34:20","date_gmt":"2023-01-25T20:34:20","guid":{"rendered":"https:\/\/coolrooms.com\/palaciodeatocha\/erlebnisse\/"},"modified":"2025-10-24T14:07:45","modified_gmt":"2025-10-24T14:07:45","slug":"erlebnisse","status":"publish","type":"page","link":"https:\/\/coolrooms.com\/palaciodeatocha\/de\/erlebnisse\/","title":{"rendered":"Erlebnisse"},"content":{"rendered":"<div class=\"wpb-content-wrapper\"><p>[vc_row css_animation=&#8220;&#8220; row_type=&#8220;row&#8220; use_row_as_full_screen_section=&#8220;no&#8220; type=&#8220;full_width&#8220; angled_section=&#8220;no&#8220; text_align=&#8220;left&#8220; background_image_as_pattern=&#8220;without_pattern&#8220; css=&#8220;.vc_custom_1572251665910{margin-top: 0px !important;}&#8220; z_index=&#8220;&#8220;][vc_column]\n\t\t\t<!-- START Slider 2 11 REVOLUTION SLIDER 6.7.38 --><p class=\"rs-p-wp-fix\"><\/p>\n\t\t\t<rs-module-wrap id=\"rev_slider_34_1_wrapper\" data-source=\"gallery\" style=\"visibility:hidden;background:transparent;padding:0;margin:0px auto;margin-top:0;margin-bottom:0;\">\n\t\t\t\t<rs-module id=\"rev_slider_34_1\" style=\"\" data-version=\"6.7.38\">\n\t\t\t\t\t<rs-slides style=\"overflow: hidden; position: absolute;\">\n\t\t\t\t\t\t<rs-slide style=\"position: absolute;\" data-key=\"rs-158\" data-title=\"CoolRooms\" data-in=\"o:0;\" data-out=\"a:false;\" data-sloop=\"s:2500;e:4500;\">\n\t\t\t\t\t\t\t<img decoding=\"async\" src=\"\/\/coolrooms.com\/palaciodeatocha\/wp-content\/plugins\/revslider\/sr6\/assets\/assets\/dummy.png\" alt=\"\" title=\"Erlebnisse\" class=\"rev-slidebg tp-rs-img rs-lazyload\" data-lazyload=\"\/\/coolrooms.com\/palaciodeatocha\/wp-content\/plugins\/revslider\/sr6\/assets\/assets\/transparent.png\" data-no-retina>\n\t\t\t\t\t\t\t<rs-bgvideo \n\t\t\t\t\t\t\t\tdata-video=\"w:100%;h:100%;l:loop;ptimer:true;vfc:true;\"\n\t\t\t\t\t\t\t\tdata-mp4=\"\/\/storage.googleapis.com\/media-coolrooms-com\/atocha\/COOLROOMS-YOGA-SPIRIT.mp4\"\n\t\t\t\t\t\t\t><\/rs-bgvideo>\n<!--\n\t\t\t\t\t\t\t--><rs-layer\n\t\t\t\t\t\t\t\tid=\"slider-34-slide-158-layer-2\" \n\t\t\t\t\t\t\t\tdata-type=\"text\"\n\t\t\t\t\t\t\t\tdata-color=\"#fff\"\n\t\t\t\t\t\t\t\tdata-rsp_ch=\"on\"\n\t\t\t\t\t\t\t\tdata-xy=\"x:c;y:c;\"\n\t\t\t\t\t\t\t\tdata-text=\"w:normal;s:127;l:51;ls:2;a:center;\"\n\t\t\t\t\t\t\t\tdata-dim=\"minh:0;\"\n\t\t\t\t\t\t\t\tdata-frame_999=\"o:0;st:w;\"\n\t\t\t\t\t\t\t\tstyle=\"z-index:9;font-family:'Allerta Stencil';\"\n\t\t\t\t\t\t\t>BE COOL \n\t\t\t\t\t\t\t<\/rs-layer><!--\n\n\t\t\t\t\t\t\t--><rs-layer\n\t\t\t\t\t\t\t\tid=\"slider-34-slide-158-layer-3\" \n\t\t\t\t\t\t\t\tdata-type=\"text\"\n\t\t\t\t\t\t\t\tdata-color=\"#fff\"\n\t\t\t\t\t\t\t\tdata-rsp_ch=\"on\"\n\t\t\t\t\t\t\t\tdata-xy=\"x:c;y:509px;\"\n\t\t\t\t\t\t\t\tdata-text=\"w:normal;s:57;l:74;ls:3;fw:300;\"\n\t\t\t\t\t\t\t\tdata-dim=\"minh:0;\"\n\t\t\t\t\t\t\t\tdata-frame_999=\"o:0;st:w;\"\n\t\t\t\t\t\t\t\tstyle=\"z-index:10;font-family:'Raleway';\"\n\t\t\t\t\t\t\t>Erlebnisse \n\t\t\t\t\t\t\t<\/rs-layer><!--\n\n\t\t\t\t\t\t\t--><rs-layer\n\t\t\t\t\t\t\t\tid=\"slider-34-slide-158-layer-4\" \n\t\t\t\t\t\t\t\tdata-type=\"shape\"\n\t\t\t\t\t\t\t\tdata-rsp_ch=\"on\"\n\t\t\t\t\t\t\t\tdata-text=\"w:normal;\"\n\t\t\t\t\t\t\t\tdata-dim=\"w:100%;h:100%;\"\n\t\t\t\t\t\t\t\tdata-basealign=\"slide\"\n\t\t\t\t\t\t\t\tdata-frame_999=\"o:0;st:w;\"\n\t\t\t\t\t\t\t\tstyle=\"z-index:8;background-color:rgba(0,0,0,0.5);\"\n\t\t\t\t\t\t\t> \n\t\t\t\t\t\t\t<\/rs-layer><!--\n-->\t\t\t\t\t<\/rs-slide>\n\t\t\t\t\t<\/rs-slides>\n\t\t\t\t<\/rs-module>\n\t\t\t\t<script>\n\t\t\t\t\tsetREVStartSize({c: 'rev_slider_34_1',rl:[1240,1024,768,480],el:[900],gw:[1240],gh:[900],type:'hero',justify:'',layout:'fullwidth',mh:\"0\"});if (window.RS_MODULES!==undefined && window.RS_MODULES.modules!==undefined && window.RS_MODULES.modules[\"revslider341\"]!==undefined) {window.RS_MODULES.modules[\"revslider341\"].once = false;window.revapi34 = undefined;if (window.RS_MODULES.checkMinimal!==undefined) window.RS_MODULES.checkMinimal()}\n\t\t\t\t<\/script>\n\t\t\t<\/rs-module-wrap>\n\t\t\t<!-- END REVOLUTION SLIDER -->\n[\/vc_column][\/vc_row][vc_row css_animation=&#8220;&#8220; row_type=&#8220;row&#8220; use_row_as_full_screen_section=&#8220;no&#8220; type=&#8220;grid&#8220; angled_section=&#8220;no&#8220; text_align=&#8220;left&#8220; background_image_as_pattern=&#8220;without_pattern&#8220; css=&#8220;.vc_custom_1574669748098{padding-top: 80px !important;padding-bottom: 40px !important;}&#8220; z_index=&#8220;&#8220; el_class=&#8220;w960&#8243;][vc_column][vc_column_text]<\/p>\n<h2 style=\"text-align: center;\">Genie\u00dfen Sie den Luxus, Cool zu sein<\/h2>\n<p>[\/vc_column_text][vc_empty_space height=&#8220;16px&#8220;][vc_column_text]<\/p>\n<p style=\"text-align: left;\">CoolRooms ist die perfekte Verschmelzung von Geschichte, Kultur und Innovation, und bietet neben einem erstklassigen Qualit\u00e4tsservice eine Reihe von exklusiven Erlebnissen f\u00fcr seine G\u00e4ste. Wir wollen die besten Gastgeber an den besten Locations sein.<\/p>\n<p style=\"text-align: left;\">Die exklusiv f\u00fcr unsere G\u00e4ste konzipierten Erlebnisse werden mit renommierten Partnerunternehmen ausgearbeitet, um unvergessliche Erlebnisse zu bieten.<\/p>\n<p>[\/vc_column_text][vc_empty_space][vc_column_text]<\/p>\n<p style=\"text-align: center;\"><strong>Buchungen<\/strong><\/p>\n<p>[\/vc_column_text][vc_raw_html]PGRpdiBjbGFzcz0iYnRuLWV4cC1wYWRyZSI+PGEgaHJlZj0iaHR0cHM6Ly9hcGkud2hhdHNhcHAuY29tL3NlbmQ\/cGhvbmU9MzQ2NTA4NjgyNjkiIGNsYXNzPSJidG4tZXhwIj48aSBjbGFzcz0icW9kZV9pY29uX2ZvbnRfYXdlc29tZSBmYSBmYS13aGF0c2FwcCBxb2RlX2J1dHRvbl9pY29uX2VsZW1lbnQiIHN0eWxlPSIiPjwvaT5XaGF0c2FwcDwvYT4KPGEgaHJlZj0ibWFpbHRvOnJlc2VydmF0aW9uc0BwYWxhY2lvZGVhdG9jaGEuY29tIiBjbGFzcz0iYnRuLWV4cCI+PGkgY2xhc3M9InFvZGVfaWNvbl9mb250X2F3ZXNvbWUgZmEgZmEtZW52ZWxvcGUgcW9kZV9idXR0b25faWNvbl9lbGVtZW50IiBzdHlsZT0iIj48L2k+RS1NYWlsLUFkcmVzc2U8L2E+CjxhIGhyZWY9InRlbDorMzQ5MTA4ODc3ODAiIGNsYXNzPSJidG4tZXhwIj48aSBjbGFzcz0icW9kZV9pY29uX2ZvbnRfYXdlc29tZSBmYSBmYS1waG9uZSBxb2RlX2J1dHRvbl9pY29uX2VsZW1lbnQiIHN0eWxlPSIiPjwvaT5UZWxlZm9uPC9hPjwvZGl2Pg==[\/vc_raw_html][\/vc_column][\/vc_row][vc_row css_animation=&#8220;&#8220; row_type=&#8220;row&#8220; use_row_as_full_screen_section=&#8220;no&#8220; type=&#8220;full_width&#8220; angled_section=&#8220;no&#8220; text_align=&#8220;left&#8220; background_image_as_pattern=&#8220;without_pattern&#8220; el_class=&#8220;exp-list&#8220; z_index=&#8220;&#8220;][vc_column][qode_elements_holder number_of_columns=&#8220;two_columns&#8220;][qode_elements_holder_item vertical_alignment=&#8220;top&#8220; advanced_animations=&#8220;no&#8220;][vc_row_inner row_type=&#8220;row&#8220; type=&#8220;full_width&#8220; text_align=&#8220;left&#8220; css_animation=&#8220;&#8220;][vc_column_inner el_class=&#8220;img-exp&#8220; css=&#8220;.vc_custom_1697551652896{background-image: url(https:\/\/coolrooms.com\/palaciodeatocha\/wp-content\/uploads\/sites\/3\/2023\/10\/casa-loewe-madrid-atocha.jpg?id=15062) !important;}&#8220;][\/vc_column_inner][\/vc_row_inner][vc_column_text css=&#8220;.vc_custom_1697551603715{margin-top: 16px !important;margin-right: 8px !important;margin-bottom: 8px !important;margin-left: 8px !important;}&#8220; el_class=&#8220;h100px&#8220;]<strong>Loewe-Erlebnis<\/strong>[\/vc_column_text][vc_column_text css=&#8220;.vc_custom_1697551621434{margin-right: 8px !important;margin-bottom: 8px !important;margin-left: 8px !important;}&#8220;]Unentgeltlich[\/vc_column_text][vc_raw_html]JTNDZGl2JTIwY2xhc3MlM0QlMjJidG4taW5mby1wYWRyZSUyMiUzRSUwQSUzQ2ElMjBocmVmJTNEJTIyaHR0cHMlM0ElMkYlMkZjb29scm9vbXMuY29tJTJGcGFsYWNpb2RlYXRvY2hhJTJGZGUlMkZlcmxlYm5pc3NlJTJGZXhwZXJpZW5jaWUtbG9ld2UlMkYlMjIlMjBjbGFzcyUzRCUyMmJ0bi1leHAlMjIlM0VXZWl0ZXJlJTIwSW5mb3JtYXRpb25lbiUzQyUyRmElM0UlM0MlMkZkaXYlM0U=[\/vc_raw_html][vc_empty_space][\/qode_elements_holder_item][qode_elements_holder_item vertical_alignment=&#8220;top&#8220; advanced_animations=&#8220;no&#8220;][vc_row_inner row_type=&#8220;row&#8220; type=&#8220;full_width&#8220; text_align=&#8220;left&#8220; css_animation=&#8220;&#8220;][vc_column_inner el_class=&#8220;img-exp&#8220; css=&#8220;.vc_custom_1727243870996{background-image: url(https:\/\/coolrooms.com\/palaciodeatocha\/wp-content\/uploads\/sites\/3\/2024\/09\/coolrooms-atocha-cool-fotografo.jpg?id=17215) !important;}&#8220;][\/vc_column_inner][\/vc_row_inner][vc_column_text css=&#8220;.vc_custom_1707805449589{margin-top: 16px !important;margin-right: 8px !important;margin-bottom: 8px !important;margin-left: 8px !important;}&#8220; el_class=&#8220;h100px&#8220;]<strong>Madrid Coole Fotografin-Erlebnis<\/strong>[\/vc_column_text][vc_column_text css=&#8220;.vc_custom_1727084104845{margin-right: 8px !important;margin-bottom: 8px !important;margin-left: 8px !important;}&#8220;]Ab 330 \u20ac[\/vc_column_text][vc_raw_html]JTNDZGl2JTIwY2xhc3MlM0QlMjJidG4taW5mby1wYWRyZSUyMiUzRSUwQSUzQ2ElMjBocmVmJTNEJTIyaHR0cHMlM0ElMkYlMkZjb29scm9vbXMuY29tJTJGcGFsYWNpb2RlYXRvY2hhJTJGZGUlMkZlcmxlYm5pc3NlJTJGbWFkcmlkLWNvb2wtcGhvdG9ncmFwaGVyJTJGJTIyJTIwY2xhc3MlM0QlMjJidG4tZXhwJTIyJTNFV2VpdGVyZSUyMEluZm9ybWF0aW9uZW4lM0MlMkZhJTNFJTNDJTJGZGl2JTNF[\/vc_raw_html][\/qode_elements_holder_item][\/qode_elements_holder][vc_empty_space][\/vc_column][\/vc_row][vc_row css_animation=&#8220;&#8220; row_type=&#8220;row&#8220; use_row_as_full_screen_section=&#8220;no&#8220; type=&#8220;full_width&#8220; angled_section=&#8220;no&#8220; text_align=&#8220;left&#8220; background_image_as_pattern=&#8220;without_pattern&#8220; el_class=&#8220;exp-list&#8220; z_index=&#8220;&#8220;][vc_column][qode_elements_holder number_of_columns=&#8220;two_columns&#8220; switch_to_one_column=&#8220;never&#8220;][qode_elements_holder_item vertical_alignment=&#8220;top&#8220; advanced_animations=&#8220;no&#8220;][vc_row_inner row_type=&#8220;row&#8220; type=&#8220;full_width&#8220; text_align=&#8220;left&#8220; css_animation=&#8220;&#8220;][vc_column_inner el_class=&#8220;img-exp&#8220; css=&#8220;.vc_custom_1715612458801{background-image: url(https:\/\/coolrooms.com\/palaciodeatocha\/wp-content\/uploads\/sites\/3\/2024\/05\/Fitness.jpg?id=16790) !important;}&#8220;][\/vc_column_inner][\/vc_row_inner][vc_column_text css=&#8220;.vc_custom_1715612482340{margin-top: 16px !important;margin-right: 8px !important;margin-bottom: 8px !important;margin-left: 8px !important;}&#8220; el_class=&#8220;h100px&#8220;]<strong>Privater Fitness-Trainer<\/strong>[\/vc_column_text][vc_column_text css=&#8220;.vc_custom_1715612466705{margin-right: 8px !important;margin-bottom: 8px !important;margin-left: 8px !important;}&#8220;]Ab 70 \u20ac[\/vc_column_text][vc_raw_html]JTNDZGl2JTIwY2xhc3MlM0QlMjJidG4taW5mby1wYWRyZSUyMiUzRSUwQSUzQ2ElMjBocmVmJTNEJTIyaHR0cHMlM0ElMkYlMkZjb29scm9vbXMuY29tJTJGcGFsYWNpb2RlYXRvY2hhJTJGZGUlMkZlcmxlYm5pc3NlJTJGcHJpdmF0ZXItZml0bmVzcyVFMiU4MCVBNmFpbmVyLWV4cGVyaWVuY2UlMkYlMjIlMjBjbGFzcyUzRCUyMmJ0bi1leHAlMjIlM0VXZWl0ZXJlJTIwSW5mb3JtYXRpb25lbiUzQyUyRmElM0UlM0MlMkZkaXYlM0U=[\/vc_raw_html][vc_empty_space][\/qode_elements_holder_item][qode_elements_holder_item vertical_alignment=&#8220;top&#8220; advanced_animations=&#8220;no&#8220;][vc_row_inner row_type=&#8220;row&#8220; type=&#8220;full_width&#8220; text_align=&#8220;left&#8220; css_animation=&#8220;&#8220;][vc_column_inner el_class=&#8220;img-exp&#8220; css=&#8220;.vc_custom_1715612497234{background-image: url(https:\/\/coolrooms.com\/palaciodeatocha\/wp-content\/uploads\/sites\/3\/2024\/05\/Portada-yoga.jpg?id=16795) !important;}&#8220;][\/vc_column_inner][\/vc_row_inner][vc_column_text css=&#8220;.vc_custom_1697551675401{margin-top: 16px !important;margin-right: 8px !important;margin-bottom: 8px !important;margin-left: 8px !important;}&#8220; el_class=&#8220;h100px&#8220;]<strong>Yoga-Sessions-Erlebnis<\/strong>[\/vc_column_text][vc_column_text css=&#8220;.vc_custom_1697551727100{margin-right: 8px !important;margin-bottom: 8px !important;margin-left: 8px !important;}&#8220;]Ab 108 \u20ac[\/vc_column_text][vc_raw_html]JTNDZGl2JTIwY2xhc3MlM0QlMjJidG4taW5mby1wYWRyZSUyMiUzRSUwQSUzQ2ElMjBocmVmJTNEJTIyaHR0cHMlM0ElMkYlMkZjb29scm9vbXMuY29tJTJGcGFsYWNpb2RlYXRvY2hhJTJGZGUlMkZlcmxlYm5pc3NlJTJGeW9nYS1zZXNzaW9ucyUyRiUyMiUyMGNsYXNzJTNEJTIyYnRuLWV4cCUyMiUzRVdlaXRlcmUlMjBJbmZvcm1hdGlvbmVuJTNDJTJGYSUzRSUzQyUyRmRpdiUzRQ==[\/vc_raw_html][\/qode_elements_holder_item][\/qode_elements_holder][vc_empty_space][\/vc_column][\/vc_row][vc_row css_animation=&#8220;&#8220; row_type=&#8220;row&#8220; use_row_as_full_screen_section=&#8220;no&#8220; type=&#8220;full_width&#8220; angled_section=&#8220;no&#8220; text_align=&#8220;left&#8220; background_image_as_pattern=&#8220;without_pattern&#8220; el_class=&#8220;exp-list&#8220; z_index=&#8220;&#8220;][vc_column][qode_elements_holder number_of_columns=&#8220;two_columns&#8220; switch_to_one_column=&#8220;never&#8220;][qode_elements_holder_item advanced_animations=&#8220;no&#8220;][vc_row_inner row_type=&#8220;row&#8220; type=&#8220;full_width&#8220; text_align=&#8220;left&#8220; css_animation=&#8220;&#8220;][vc_column_inner el_class=&#8220;img-exp&#8220; css=&#8220;.vc_custom_1574677716951{background-image: url(https:\/\/coolrooms.com\/palaciodeatocha\/wp-content\/uploads\/sites\/3\/2019\/11\/Personal-Image-Advisor.jpeg?id=4750) !important;}&#8220;][\/vc_column_inner][\/vc_row_inner][vc_column_text css=&#8220;.vc_custom_1574674626656{margin-top: 16px !important;margin-right: 8px !important;margin-bottom: 8px !important;margin-left: 8px !important;}&#8220; el_class=&#8220;h100px&#8220;]<strong>Erlebnis Pers\u00f6nlicher Image-Berater<\/strong>[\/vc_column_text][vc_column_text css=&#8220;.vc_custom_1715612505306{margin-right: 8px !important;margin-bottom: 8px !important;margin-left: 8px !important;}&#8220;]Ab 130 \u20ac[\/vc_column_text][vc_raw_html]JTNDZGl2JTIwY2xhc3MlM0QlMjJidG4taW5mby1wYWRyZSUyMiUzRSUwQSUzQ2ElMjBocmVmJTNEJTIyaHR0cHMlM0ElMkYlMkZjb29scm9vbXMuY29tJTJGcGFsYWNpb2RlYXRvY2hhJTJGZGUlMkZlcmxlYm5pc3NlJTJGcGVyc29uYWwtaW1hZ2UtYWR2aXNvciUyRiUyMiUyMGNsYXNzJTNEJTIyYnRuLWV4cCUyMiUzRVdlaXRlcmUlMjBJbmZvcm1hdGlvbmVuJTNDJTJGYSUzRSUzQyUyRmRpdiUzRQ==[\/vc_raw_html][\/qode_elements_holder_item][qode_elements_holder_item advanced_animations=&#8220;no&#8220;][vc_row_inner row_type=&#8220;row&#8220; type=&#8220;full_width&#8220; text_align=&#8220;left&#8220; css_animation=&#8220;&#8220;][vc_column_inner el_class=&#8220;img-exp&#8220; css=&#8220;.vc_custom_1574677844536{background-image: url(https:\/\/coolrooms.com\/palaciodeatocha\/wp-content\/uploads\/sites\/3\/2019\/11\/Catas-y-degustaciones.jpg?id=4752) !important;}&#8220;][\/vc_column_inner][\/vc_row_inner][vc_column_text css=&#8220;.vc_custom_1574674634115{margin-top: 16px !important;margin-right: 8px !important;margin-bottom: 8px !important;margin-left: 8px !important;}&#8220; el_class=&#8220;h100px&#8220;]<strong>Gourmeterlebnis Winetipodes<\/strong>[\/vc_column_text][vc_column_text css=&#8220;.vc_custom_1761314767750{margin-right: 8px !important;margin-bottom: 8px !important;margin-left: 8px !important;}&#8220;]Ab 230 \u20ac[\/vc_column_text][vc_raw_html]JTNDZGl2JTIwY2xhc3MlM0QlMjJidG4taW5mby1wYWRyZSUyMiUzRSUwQSUzQ2ElMjBocmVmJTNEJTIyaHR0cHMlM0ElMkYlMkZjb29scm9vbXMuY29tJTJGcGFsYWNpb2RlYXRvY2hhJTJGZGUlMkZlcmxlYm5pc3NlJTJGd2luZXRpcG9kZXMtZ2FzdHJvbm9taWMtZXhwZXJpZW5jZSUyRiUyMiUyMGNsYXNzJTNEJTIyYnRuLWV4cCUyMiUzRVdlaXRlcmUlMjBJbmZvcm1hdGlvbmVuJTNDJTJGYSUzRSUzQyUyRmRpdiUzRQ==[\/vc_raw_html][\/qode_elements_holder_item][\/qode_elements_holder][vc_empty_space height=&#8220;92px&#8220;][\/vc_column][\/vc_row]<\/p>\n<\/div>","protected":false},"excerpt":{"rendered":"<p>[vc_row css_animation=&#8220;&#8220; row_type=&#8220;row&#8220; use_row_as_full_screen_section=&#8220;no&#8220; type=&#8220;full_width&#8220; angled_section=&#8220;no&#8220; text_align=&#8220;left&#8220; background_image_as_pattern=&#8220;without_pattern&#8220; css=&#8220;.vc_custom_1572251665910{margin-top: 0px !important;}&#8220; z_index=&#8220;&#8220;][vc_column][\/vc_column][\/vc_row][vc_row css_animation=&#8220;&#8220; row_type=&#8220;row&#8220; use_row_as_full_screen_section=&#8220;no&#8220; type=&#8220;grid&#8220; angled_section=&#8220;no&#8220; text_align=&#8220;left&#8220; background_image_as_pattern=&#8220;without_pattern&#8220; css=&#8220;.vc_custom_1574669748098{padding-top: 80px !important;padding-bottom: 40px !important;}&#8220; z_index=&#8220;&#8220; el_class=&#8220;w960&#8243;][vc_column][vc_column_text] Genie\u00dfen Sie den Luxus, Cool zu sein [\/vc_column_text][vc_empty_space height=&#8220;16px&#8220;][vc_column_text] CoolRooms ist die perfekte Verschmelzung von Geschichte, Kultur und Innovation,&#8230;<\/p>\n","protected":false},"author":7,"featured_media":0,"parent":0,"menu_order":0,"comment_status":"closed","ping_status":"closed","template":"","meta":{"_acf_changed":false,"footnotes":""},"class_list":["post-13146","page","type-page","status-publish","hentry"],"yoast_head":"<!-- This site is optimized with the Yoast SEO plugin v27.3 - https:\/\/yoast.com\/product\/yoast-seo-wordpress\/ -->\n<title>Erlebnisse | Hotel CoolRooms Atocha Madrid<\/title>\n<meta name=\"description\" content=\"CoolRooms ist die perfekte Verschmelzung von Geschichte, Kultur und Innovation, mit einem erstklassigen Qualit\u00e4tsservice sowie exklusiven Erlebnissen f\u00fcr unsere G\u00e4ste.\" \/>\n<meta name=\"robots\" content=\"index, follow, max-snippet:-1, max-image-preview:large, max-video-preview:-1\" \/>\n<link rel=\"canonical\" href=\"https:\/\/coolrooms.com\/palaciodeatocha\/de\/erlebnisse\/\" \/>\n<meta property=\"og:locale\" content=\"de_DE\" \/>\n<meta property=\"og:type\" content=\"article\" \/>\n<meta property=\"og:title\" content=\"Erlebnisse | Hotel CoolRooms Atocha Madrid\" \/>\n<meta property=\"og:description\" content=\"CoolRooms ist die perfekte Verschmelzung von Geschichte, Kultur und Innovation, mit einem erstklassigen Qualit\u00e4tsservice sowie exklusiven Erlebnissen f\u00fcr unsere G\u00e4ste.\" \/>\n<meta property=\"og:url\" content=\"https:\/\/coolrooms.com\/palaciodeatocha\/de\/erlebnisse\/\" \/>\n<meta property=\"og:site_name\" content=\"Hotel CoolRooms Palacio de Atocha Madrid\" \/>\n<meta property=\"article:modified_time\" content=\"2025-10-24T14:07:45+00:00\" \/>\n<meta name=\"twitter:card\" content=\"summary_large_image\" \/>\n<meta name=\"twitter:label1\" content=\"Gesch\u00e4tzte Lesezeit\" \/>\n\t<meta name=\"twitter:data1\" content=\"2\u00a0Minuten\" \/>\n<script type=\"application\/ld+json\" class=\"yoast-schema-graph\">{\"@context\":\"https:\\\/\\\/schema.org\",\"@graph\":[{\"@type\":\"WebPage\",\"@id\":\"https:\\\/\\\/coolrooms.com\\\/palaciodeatocha\\\/de\\\/erlebnisse\\\/\",\"url\":\"https:\\\/\\\/coolrooms.com\\\/palaciodeatocha\\\/de\\\/erlebnisse\\\/\",\"name\":\"Erlebnisse | Hotel CoolRooms Atocha Madrid\",\"isPartOf\":{\"@id\":\"https:\\\/\\\/coolrooms.com\\\/palaciodeatocha\\\/#website\"},\"datePublished\":\"2023-01-25T20:34:20+00:00\",\"dateModified\":\"2025-10-24T14:07:45+00:00\",\"description\":\"CoolRooms ist die perfekte Verschmelzung von Geschichte, Kultur und Innovation, mit einem erstklassigen Qualit\u00e4tsservice sowie exklusiven Erlebnissen f\u00fcr unsere G\u00e4ste.\",\"breadcrumb\":{\"@id\":\"https:\\\/\\\/coolrooms.com\\\/palaciodeatocha\\\/de\\\/erlebnisse\\\/#breadcrumb\"},\"inLanguage\":\"de\",\"potentialAction\":[{\"@type\":\"ReadAction\",\"target\":[\"https:\\\/\\\/coolrooms.com\\\/palaciodeatocha\\\/de\\\/erlebnisse\\\/\"]}]},{\"@type\":\"BreadcrumbList\",\"@id\":\"https:\\\/\\\/coolrooms.com\\\/palaciodeatocha\\\/de\\\/erlebnisse\\\/#breadcrumb\",\"itemListElement\":[{\"@type\":\"ListItem\",\"position\":1,\"name\":\"Home\",\"item\":\"https:\\\/\\\/coolrooms.com\\\/palaciodeatocha\\\/de\\\/\"},{\"@type\":\"ListItem\",\"position\":2,\"name\":\"Erlebnisse\"}]},{\"@type\":\"WebSite\",\"@id\":\"https:\\\/\\\/coolrooms.com\\\/palaciodeatocha\\\/#website\",\"url\":\"https:\\\/\\\/coolrooms.com\\\/palaciodeatocha\\\/\",\"name\":\"Hotel CoolRooms Palacio de Atocha Madrid\",\"description\":\"Hotel de lujo en Atocha Madrid\",\"publisher\":{\"@id\":\"https:\\\/\\\/coolrooms.com\\\/palaciodeatocha\\\/#organization\"},\"potentialAction\":[{\"@type\":\"SearchAction\",\"target\":{\"@type\":\"EntryPoint\",\"urlTemplate\":\"https:\\\/\\\/coolrooms.com\\\/palaciodeatocha\\\/?s={search_term_string}\"},\"query-input\":{\"@type\":\"PropertyValueSpecification\",\"valueRequired\":true,\"valueName\":\"search_term_string\"}}],\"inLanguage\":\"de\"},{\"@type\":\"Organization\",\"@id\":\"https:\\\/\\\/coolrooms.com\\\/palaciodeatocha\\\/#organization\",\"name\":\"CoolRooms Palacio de Atocha\",\"url\":\"https:\\\/\\\/coolrooms.com\\\/palaciodeatocha\\\/\",\"logo\":{\"@type\":\"ImageObject\",\"inLanguage\":\"de\",\"@id\":\"https:\\\/\\\/coolrooms.com\\\/palaciodeatocha\\\/#\\\/schema\\\/logo\\\/image\\\/\",\"url\":\"https:\\\/\\\/coolrooms.com\\\/palaciodeatocha\\\/wp-content\\\/uploads\\\/sites\\\/3\\\/2018\\\/06\\\/coolrooms-logotipo-1.png\",\"contentUrl\":\"https:\\\/\\\/coolrooms.com\\\/palaciodeatocha\\\/wp-content\\\/uploads\\\/sites\\\/3\\\/2018\\\/06\\\/coolrooms-logotipo-1.png\",\"width\":591,\"height\":382,\"caption\":\"CoolRooms Palacio de Atocha\"},\"image\":{\"@id\":\"https:\\\/\\\/coolrooms.com\\\/palaciodeatocha\\\/#\\\/schema\\\/logo\\\/image\\\/\"}}]}<\/script>\n<!-- \/ Yoast SEO plugin. -->","yoast_head_json":{"title":"Erlebnisse | Hotel CoolRooms Atocha Madrid","description":"CoolRooms ist die perfekte Verschmelzung von Geschichte, Kultur und Innovation, mit einem erstklassigen Qualit\u00e4tsservice sowie exklusiven Erlebnissen f\u00fcr unsere G\u00e4ste.","robots":{"index":"index","follow":"follow","max-snippet":"max-snippet:-1","max-image-preview":"max-image-preview:large","max-video-preview":"max-video-preview:-1"},"canonical":"https:\/\/coolrooms.com\/palaciodeatocha\/de\/erlebnisse\/","og_locale":"de_DE","og_type":"article","og_title":"Erlebnisse | Hotel CoolRooms Atocha Madrid","og_description":"CoolRooms ist die perfekte Verschmelzung von Geschichte, Kultur und Innovation, mit einem erstklassigen Qualit\u00e4tsservice sowie exklusiven Erlebnissen f\u00fcr unsere G\u00e4ste.","og_url":"https:\/\/coolrooms.com\/palaciodeatocha\/de\/erlebnisse\/","og_site_name":"Hotel CoolRooms Palacio de Atocha Madrid","article_modified_time":"2025-10-24T14:07:45+00:00","twitter_card":"summary_large_image","twitter_misc":{"Gesch\u00e4tzte Lesezeit":"2\u00a0Minuten"},"schema":{"@context":"https:\/\/schema.org","@graph":[{"@type":"WebPage","@id":"https:\/\/coolrooms.com\/palaciodeatocha\/de\/erlebnisse\/","url":"https:\/\/coolrooms.com\/palaciodeatocha\/de\/erlebnisse\/","name":"Erlebnisse | Hotel CoolRooms Atocha Madrid","isPartOf":{"@id":"https:\/\/coolrooms.com\/palaciodeatocha\/#website"},"datePublished":"2023-01-25T20:34:20+00:00","dateModified":"2025-10-24T14:07:45+00:00","description":"CoolRooms ist die perfekte Verschmelzung von Geschichte, Kultur und Innovation, mit einem erstklassigen Qualit\u00e4tsservice sowie exklusiven Erlebnissen f\u00fcr unsere G\u00e4ste.","breadcrumb":{"@id":"https:\/\/coolrooms.com\/palaciodeatocha\/de\/erlebnisse\/#breadcrumb"},"inLanguage":"de","potentialAction":[{"@type":"ReadAction","target":["https:\/\/coolrooms.com\/palaciodeatocha\/de\/erlebnisse\/"]}]},{"@type":"BreadcrumbList","@id":"https:\/\/coolrooms.com\/palaciodeatocha\/de\/erlebnisse\/#breadcrumb","itemListElement":[{"@type":"ListItem","position":1,"name":"Home","item":"https:\/\/coolrooms.com\/palaciodeatocha\/de\/"},{"@type":"ListItem","position":2,"name":"Erlebnisse"}]},{"@type":"WebSite","@id":"https:\/\/coolrooms.com\/palaciodeatocha\/#website","url":"https:\/\/coolrooms.com\/palaciodeatocha\/","name":"Hotel CoolRooms Palacio de Atocha Madrid","description":"Hotel de lujo en Atocha Madrid","publisher":{"@id":"https:\/\/coolrooms.com\/palaciodeatocha\/#organization"},"potentialAction":[{"@type":"SearchAction","target":{"@type":"EntryPoint","urlTemplate":"https:\/\/coolrooms.com\/palaciodeatocha\/?s={search_term_string}"},"query-input":{"@type":"PropertyValueSpecification","valueRequired":true,"valueName":"search_term_string"}}],"inLanguage":"de"},{"@type":"Organization","@id":"https:\/\/coolrooms.com\/palaciodeatocha\/#organization","name":"CoolRooms Palacio de Atocha","url":"https:\/\/coolrooms.com\/palaciodeatocha\/","logo":{"@type":"ImageObject","inLanguage":"de","@id":"https:\/\/coolrooms.com\/palaciodeatocha\/#\/schema\/logo\/image\/","url":"https:\/\/coolrooms.com\/palaciodeatocha\/wp-content\/uploads\/sites\/3\/2018\/06\/coolrooms-logotipo-1.png","contentUrl":"https:\/\/coolrooms.com\/palaciodeatocha\/wp-content\/uploads\/sites\/3\/2018\/06\/coolrooms-logotipo-1.png","width":591,"height":382,"caption":"CoolRooms Palacio de Atocha"},"image":{"@id":"https:\/\/coolrooms.com\/palaciodeatocha\/#\/schema\/logo\/image\/"}}]}},"acf":[],"_links":{"self":[{"href":"https:\/\/coolrooms.com\/palaciodeatocha\/de\/wp-json\/wp\/v2\/pages\/13146","targetHints":{"allow":["GET"]}}],"collection":[{"href":"https:\/\/coolrooms.com\/palaciodeatocha\/de\/wp-json\/wp\/v2\/pages"}],"about":[{"href":"https:\/\/coolrooms.com\/palaciodeatocha\/de\/wp-json\/wp\/v2\/types\/page"}],"author":[{"embeddable":true,"href":"https:\/\/coolrooms.com\/palaciodeatocha\/de\/wp-json\/wp\/v2\/users\/7"}],"replies":[{"embeddable":true,"href":"https:\/\/coolrooms.com\/palaciodeatocha\/de\/wp-json\/wp\/v2\/comments?post=13146"}],"version-history":[{"count":4,"href":"https:\/\/coolrooms.com\/palaciodeatocha\/de\/wp-json\/wp\/v2\/pages\/13146\/revisions"}],"predecessor-version":[{"id":19674,"href":"https:\/\/coolrooms.com\/palaciodeatocha\/de\/wp-json\/wp\/v2\/pages\/13146\/revisions\/19674"}],"wp:attachment":[{"href":"https:\/\/coolrooms.com\/palaciodeatocha\/de\/wp-json\/wp\/v2\/media?parent=13146"}],"curies":[{"name":"wp","href":"https:\/\/api.w.org\/{rel}","templated":true}]}}