{"id":13137,"date":"2023-01-25T20:33:40","date_gmt":"2023-01-25T20:33:40","guid":{"rendered":"https:\/\/coolrooms.com\/palaciodeatocha\/cookies-richtlinien\/"},"modified":"2024-01-19T13:29:41","modified_gmt":"2024-01-19T13:29:41","slug":"cookies-richtlinien","status":"publish","type":"page","link":"https:\/\/coolrooms.com\/palaciodeatocha\/de\/cookies-richtlinien\/","title":{"rendered":"Cookies-Richtlinien"},"content":{"rendered":"<div class=\"wpb-content-wrapper\"><p>[vc_row css_animation=&#8220;&#8220; row_type=&#8220;row&#8220; use_row_as_full_screen_section=&#8220;no&#8220; type=&#8220;full_width&#8220; angled_section=&#8220;no&#8220; text_align=&#8220;left&#8220; background_image_as_pattern=&#8220;without_pattern&#8220;][vc_column][vc_row_inner row_type=&#8220;row&#8220; type=&#8220;full_width&#8220; text_align=&#8220;left&#8220; css_animation=&#8220;&#8220;][vc_column_inner][vc_column_text]<\/p>\n<h2>Cookies-Richtlinien<\/h2>\n<p>In Erf\u00fcllung der Informationspflicht gem\u00e4\u00df Abschnitt 20 des Artikel 22 des Gesetzes 34\/2002 vom 11. Juli \u00fcber die Dienstleistungen der Informationsgesellschaft und des elektronischen Gesch\u00e4ftsverkehrs, haben diese Cookies-Richtlinien den Zweck, Sie klar und pr\u00e4zise \u00fcber die auf der Website von <span class=\"ui-provider baf bag bah bai baj bak bal bam ban bao bap baq bar bas bat bau bav baw bax bay baz bba bbb bbc bbd bbe bbf bbg bbh bbi bbj bbk bbl bbm bbn\" dir=\"ltr\">COOL ROOMS GESTI\u00d3N S.L.<\/span> verwendeten Cookies zu informieren.<\/p>\n<h3>Was sind Cookies?<\/h3>\n<p>Ein Cookie ist eine kleine Datei, die Websites an Ihren Browser senden und auf Ihren Computer gespeichert werden. Cookies erm\u00f6glichen es der Website, Informationen \u00fcber Ihren Besuch zu speichern und abzurufen, wie z. B. Ihre bevorzugte Sprache und andere Optionen, um die angebotenen Dienste zu verbessern und Ihnen ein besseres Nutzererlebnis zu bieten.<\/p>\n<h3>Zustimmung zur Verwendung von Cookies<\/h3>\n<p>In \u00dcbereinstimmung mit dem Cookie-Hinweis auf der Website akzeptiert der Benutzer, dass er durch den Zugriff auf deren Inhalte ausdr\u00fccklich der Verwendung von Cookies wie unten beschrieben zustimmt, unbeschadet der M\u00f6glichkeit des Benutzers, die Konfiguration seines Browsers zu \u00e4ndern, um die Verwendung von Cookies abzulehnen.<\/p>\n<h3>Arten von Cookies<\/h3>\n<p>Je nachdem, wer die Domain verwaltet, von der aus die Cookies gesendet und die Daten verarbeitet werden, wird zwischen eigene Cookies und Drittanbieter-Cookies unterschieden.<\/p>\n<p>Cookies k\u00f6nnen auch danach klassifiziert werden, wie lange sie im Browser des Benutzers gespeichert bleiben, wobei zwischen Session-Cookies und persistenten Cookies unterschieden wird.<\/p>\n<p>Schlie\u00dflich k\u00f6nnen je nach dem Zweck, zu dem die gesammelten Informationen verarbeitet werden, Cookies in die folgenden Kategorien eingeteilt werden:<\/p>\n<ul>\n<li><strong>Technische Cookies<\/strong>: Sie erm\u00f6glichen dem Benutzer den Zugriff auf die Inhalte einer Website und einige der von ihr angebotenen Dienste zu nutzen (wie z. B. derjenige, der daran erinnert, welche Artikel sich im Warenkorb befinden).<\/li>\n<li><strong>Pr\u00e4ferenz-Cookies<\/strong>: Sie erm\u00f6glichen dem Benutzer den Zugriff auf die Website mit bestimmten Merkmalen, wie z. B. der Sprache.<\/li>\n<li><strong>Sicherheitscookies<\/strong>: Sie haben den Zweck, eine Manipulation der Website zu verhindern oder zu erschweren.<\/li>\n<li><strong>Add-on Cookies<\/strong>: Sie erm\u00f6glichen den Austausch von Inhalten, den sogenannten Plugins, in sozialen Netzwerken.<\/li>\n<li><strong>Analyse-Cookies<\/strong>: Sie erm\u00f6glichen dem Administrator, das Verhalten des Benutzers zu \u00fcberwachen.<\/li>\n<li><strong>Werbe-Cookies<\/strong>: Sie erm\u00f6glichen es, Werbefl\u00e4chen auf der Website zu verwalten.<\/li>\n<\/ul>\n<ul>\n<li><strong>Cookies f\u00fcr nutzungsbasierte Online-Werbung:<\/strong> Wie die vorstehenden werden sie verwendet, um die Werbefl\u00e4chen der Website auf der Grundlage der gesammelten Informationen \u00fcber das Verhalten und die Gewohnheiten des Nutzers zu verwalten und die Werbung an sein Profil anzupassen.<\/li>\n<li><strong>Geolokalisierungs-Cookies<\/strong>: Sie werden verwendet, um das Land herauszufinden, in dem sich der Benutzer befindet.<\/li>\n<\/ul>\n<p>&nbsp;<\/p>\n<h3>Wie Sie Ihre Cookies-Einstellungen \u00e4ndern k\u00f6nnen<\/h3>\n<p>Sie k\u00f6nnen die Cookies von <span class=\"ui-provider baf bag bah bai baj bak bal bam ban bao bap baq bar bas bat bau bav baw bax bay baz bba bbb bbc bbd bbe bbf bbg bbh bbi bbj bbk bbl bbm bbn\" dir=\"ltr\">COOL ROOMS GESTI\u00d3N S.L.<\/span> oder jeder anderen Website \u00fcber Ihren Browser einschr\u00e4nken, blockieren oder l\u00f6schen. F\u00fcr jeden Browser gibt es daf\u00fcr eine andere Methode. Sie finden die jeweilige Vorgehensweise im Hilfemen\u00fc Ihres Browsers. F\u00fcr weitere Informationen:<\/p>\n<ul>\n<li>Google Chrome:<a href=\"https:\/\/support.google.com\/chrome\/answer\/95647?co=GENIE.Platform%253 DDesktop&amp;hl=es\"> https:\/\/support.google.com\/chrome\/answer\/95647?hl=de&amp;co=GENIE.Platform%3DDesktop<\/a><\/li>\n<li>Mozilla Firefox: <a href=\"https:\/\/support.mozilla.org\/es\/kb\/habilitar-y-deshabilitar-cookies- sitios-web-rastrear-preferencias\">https:\/\/support.mozilla.org\/de\/kb\/cookies-und-website-daten-in-firefox-loschen<\/a><\/li>\n<li>Safari: <a href=\"https:\/\/support.apple.com\/es-es\/guide\/safari\/sfri11471\/mac\">https:\/\/support.apple.com\/de-de\/guide\/safari\/sfri11471\/mac<\/a><\/li>\n<li>Internet Explorer:<a href=\"https:\/\/support.microsoft.com\/es-es\/help\/278835\/how-to-delete-cookie-files-in-internet-explorer\"> https:\/\/support.microsoft.com\/de-de\/windows\/l%C3%B6schen-und-verwalten-von-cookies-168dab11-0753-043d-7c16-ede5947fc64d<\/a><\/li>\n<li style=\"list-style-type: none;\"><\/li>\n<\/ul>\n<p>Die Deaktivierung von Cookies kann dazu f\u00fchren, dass die Website nicht ordnungsgem\u00e4\u00df funktioniert oder dass Sie auf bestimmte Funktionen der Website nicht zugreifen k\u00f6nnen.<\/p>\n<h3>Auf der Website verwendete Cookies<\/h3>\n<p>Auf der Website werden verschiedene Arten von Cookies f\u00fcr unterschiedliche Zwecke verwendet; die verwendeten Cookies sind nachstehend aufgef\u00fchrt:<\/p>\n<table class=\"data\">\n<tbody>\n<tr>\n<td>IDE<\/td>\n<\/tr>\n<tr>\n<td>_fbp<\/td>\n<\/tr>\n<tr class=\"data-grid-data-grid-node revealed\">\n<td>_ga<\/td>\n<\/tr>\n<tr>\n<td>_gid<\/td>\n<\/tr>\n<tr>\n<td>_icl_current_language<\/td>\n<\/tr>\n<tr>\n<td>_icl_visitor_lang_js<\/td>\n<td><\/td>\n<\/tr>\n<tr>\n<td>fr<\/td>\n<td><\/td>\n<\/tr>\n<tr>\n<td>gid<\/td>\n<td><\/td>\n<\/tr>\n<tr>\n<td>wpml_browser_redirect_test<\/td>\n<td><\/td>\n<\/tr>\n<\/tbody>\n<\/table>\n<p>&nbsp;<\/p>\n<h3>\u00c4nderung der Bedingungen<\/h3>\n<p><span class=\"ui-provider baf bag bah bai baj bak bal bam ban bao bap baq bar bas bat bau bav baw bax bay baz bba bbb bbc bbd bbe bbf bbg bbh bbi bbj bbk bbl bbm bbn\" dir=\"ltr\">COOL ROOMS GESTI\u00d3N S.L.<\/span> beh\u00e4lt sich ausdr\u00fccklich das Recht vor, diese Cookies-Richtlinien einseitig, ganz oder teilweise und ohne vorherige Ank\u00fcndigung zu \u00e4ndern. Sie als Nutzer erkennen an und stimmen zu, dass es in Ihrer Verantwortung liegt, diese Cookies-Richtlinien regelm\u00e4\u00dfig zu \u00fcberpr\u00fcfen.[\/vc_column_text][\/vc_column_inner][\/vc_row_inner][vc_empty_space height=&#8220;120px&#8220;][\/vc_column][\/vc_row]<\/p>\n<\/div>","protected":false},"excerpt":{"rendered":"<p>[vc_row css_animation=&#8220;&#8220; row_type=&#8220;row&#8220; use_row_as_full_screen_section=&#8220;no&#8220; type=&#8220;full_width&#8220; angled_section=&#8220;no&#8220; text_align=&#8220;left&#8220; background_image_as_pattern=&#8220;without_pattern&#8220;][vc_column][vc_row_inner row_type=&#8220;row&#8220; type=&#8220;full_width&#8220; text_align=&#8220;left&#8220; css_animation=&#8220;&#8220;][vc_column_inner][vc_column_text] Cookies-Richtlinien In Erf\u00fcllung der Informationspflicht gem\u00e4\u00df Abschnitt 20 des Artikel 22 des Gesetzes 34\/2002 vom 11. Juli \u00fcber die Dienstleistungen der Informationsgesellschaft und des elektronischen Gesch\u00e4ftsverkehrs, haben diese Cookies-Richtlinien den Zweck, Sie klar&#8230;<\/p>\n","protected":false},"author":2,"featured_media":0,"parent":0,"menu_order":0,"comment_status":"closed","ping_status":"closed","template":"","meta":{"_acf_changed":false,"footnotes":""},"class_list":["post-13137","page","type-page","status-publish","hentry"],"yoast_head":"<!-- This site is optimized with the Yoast SEO plugin v27.3 - https:\/\/yoast.com\/product\/yoast-seo-wordpress\/ -->\n<title>Cookies-Richtlinien | Hotel CoolRooms Palacio de Atocha Madrid<\/title>\n<meta name=\"robots\" content=\"index, follow, max-snippet:-1, max-image-preview:large, max-video-preview:-1\" \/>\n<link rel=\"canonical\" href=\"https:\/\/coolrooms.com\/palaciodeatocha\/de\/cookies-richtlinien\/\" \/>\n<meta property=\"og:locale\" content=\"de_DE\" \/>\n<meta property=\"og:type\" content=\"article\" \/>\n<meta property=\"og:title\" content=\"Cookies-Richtlinien | Hotel CoolRooms Palacio de Atocha Madrid\" \/>\n<meta property=\"og:description\" content=\"[vc_row css_animation=&#8220;&#8220; row_type=&#8220;row&#8220; use_row_as_full_screen_section=&#8220;no&#8220; type=&#8220;full_width&#8220; angled_section=&#8220;no&#8220; text_align=&#8220;left&#8220; background_image_as_pattern=&#8220;without_pattern&#8220;][vc_column][vc_row_inner row_type=&#8220;row&#8220; type=&#8220;full_width&#8220; text_align=&#8220;left&#8220; css_animation=&#8220;&#8220;][vc_column_inner][vc_column_text] Cookies-Richtlinien In Erf\u00fcllung der Informationspflicht gem\u00e4\u00df Abschnitt 20 des Artikel 22 des Gesetzes 34\/2002 vom 11. Juli \u00fcber die Dienstleistungen der Informationsgesellschaft und des elektronischen Gesch\u00e4ftsverkehrs, haben diese Cookies-Richtlinien den Zweck, Sie klar...\" \/>\n<meta property=\"og:url\" content=\"https:\/\/coolrooms.com\/palaciodeatocha\/de\/cookies-richtlinien\/\" \/>\n<meta property=\"og:site_name\" content=\"Hotel CoolRooms Palacio de Atocha Madrid\" \/>\n<meta property=\"article:modified_time\" content=\"2024-01-19T13:29:41+00:00\" \/>\n<meta name=\"twitter:card\" content=\"summary_large_image\" \/>\n<meta name=\"twitter:label1\" content=\"Gesch\u00e4tzte Lesezeit\" \/>\n\t<meta name=\"twitter:data1\" content=\"3\u00a0Minuten\" \/>\n<script type=\"application\/ld+json\" class=\"yoast-schema-graph\">{\"@context\":\"https:\\\/\\\/schema.org\",\"@graph\":[{\"@type\":\"WebPage\",\"@id\":\"https:\\\/\\\/coolrooms.com\\\/palaciodeatocha\\\/de\\\/cookies-richtlinien\\\/\",\"url\":\"https:\\\/\\\/coolrooms.com\\\/palaciodeatocha\\\/de\\\/cookies-richtlinien\\\/\",\"name\":\"Cookies-Richtlinien | Hotel CoolRooms Palacio de Atocha Madrid\",\"isPartOf\":{\"@id\":\"https:\\\/\\\/coolrooms.com\\\/palaciodeatocha\\\/#website\"},\"datePublished\":\"2023-01-25T20:33:40+00:00\",\"dateModified\":\"2024-01-19T13:29:41+00:00\",\"breadcrumb\":{\"@id\":\"https:\\\/\\\/coolrooms.com\\\/palaciodeatocha\\\/de\\\/cookies-richtlinien\\\/#breadcrumb\"},\"inLanguage\":\"de\",\"potentialAction\":[{\"@type\":\"ReadAction\",\"target\":[\"https:\\\/\\\/coolrooms.com\\\/palaciodeatocha\\\/de\\\/cookies-richtlinien\\\/\"]}]},{\"@type\":\"BreadcrumbList\",\"@id\":\"https:\\\/\\\/coolrooms.com\\\/palaciodeatocha\\\/de\\\/cookies-richtlinien\\\/#breadcrumb\",\"itemListElement\":[{\"@type\":\"ListItem\",\"position\":1,\"name\":\"Home\",\"item\":\"https:\\\/\\\/coolrooms.com\\\/palaciodeatocha\\\/de\\\/\"},{\"@type\":\"ListItem\",\"position\":2,\"name\":\"Cookies-Richtlinien\"}]},{\"@type\":\"WebSite\",\"@id\":\"https:\\\/\\\/coolrooms.com\\\/palaciodeatocha\\\/#website\",\"url\":\"https:\\\/\\\/coolrooms.com\\\/palaciodeatocha\\\/\",\"name\":\"Hotel CoolRooms Palacio de Atocha Madrid\",\"description\":\"Hotel de lujo en Atocha Madrid\",\"publisher\":{\"@id\":\"https:\\\/\\\/coolrooms.com\\\/palaciodeatocha\\\/#organization\"},\"potentialAction\":[{\"@type\":\"SearchAction\",\"target\":{\"@type\":\"EntryPoint\",\"urlTemplate\":\"https:\\\/\\\/coolrooms.com\\\/palaciodeatocha\\\/?s={search_term_string}\"},\"query-input\":{\"@type\":\"PropertyValueSpecification\",\"valueRequired\":true,\"valueName\":\"search_term_string\"}}],\"inLanguage\":\"de\"},{\"@type\":\"Organization\",\"@id\":\"https:\\\/\\\/coolrooms.com\\\/palaciodeatocha\\\/#organization\",\"name\":\"CoolRooms Palacio de Atocha\",\"url\":\"https:\\\/\\\/coolrooms.com\\\/palaciodeatocha\\\/\",\"logo\":{\"@type\":\"ImageObject\",\"inLanguage\":\"de\",\"@id\":\"https:\\\/\\\/coolrooms.com\\\/palaciodeatocha\\\/#\\\/schema\\\/logo\\\/image\\\/\",\"url\":\"https:\\\/\\\/coolrooms.com\\\/palaciodeatocha\\\/wp-content\\\/uploads\\\/sites\\\/3\\\/2018\\\/06\\\/coolrooms-logotipo-1.png\",\"contentUrl\":\"https:\\\/\\\/coolrooms.com\\\/palaciodeatocha\\\/wp-content\\\/uploads\\\/sites\\\/3\\\/2018\\\/06\\\/coolrooms-logotipo-1.png\",\"width\":591,\"height\":382,\"caption\":\"CoolRooms Palacio de Atocha\"},\"image\":{\"@id\":\"https:\\\/\\\/coolrooms.com\\\/palaciodeatocha\\\/#\\\/schema\\\/logo\\\/image\\\/\"}}]}<\/script>\n<!-- \/ Yoast SEO plugin. -->","yoast_head_json":{"title":"Cookies-Richtlinien | Hotel CoolRooms Palacio de Atocha Madrid","robots":{"index":"index","follow":"follow","max-snippet":"max-snippet:-1","max-image-preview":"max-image-preview:large","max-video-preview":"max-video-preview:-1"},"canonical":"https:\/\/coolrooms.com\/palaciodeatocha\/de\/cookies-richtlinien\/","og_locale":"de_DE","og_type":"article","og_title":"Cookies-Richtlinien | Hotel CoolRooms Palacio de Atocha Madrid","og_description":"[vc_row css_animation=&#8220;&#8220; row_type=&#8220;row&#8220; use_row_as_full_screen_section=&#8220;no&#8220; type=&#8220;full_width&#8220; angled_section=&#8220;no&#8220; text_align=&#8220;left&#8220; background_image_as_pattern=&#8220;without_pattern&#8220;][vc_column][vc_row_inner row_type=&#8220;row&#8220; type=&#8220;full_width&#8220; text_align=&#8220;left&#8220; css_animation=&#8220;&#8220;][vc_column_inner][vc_column_text] Cookies-Richtlinien In Erf\u00fcllung der Informationspflicht gem\u00e4\u00df Abschnitt 20 des Artikel 22 des Gesetzes 34\/2002 vom 11. Juli \u00fcber die Dienstleistungen der Informationsgesellschaft und des elektronischen Gesch\u00e4ftsverkehrs, haben diese Cookies-Richtlinien den Zweck, Sie klar...","og_url":"https:\/\/coolrooms.com\/palaciodeatocha\/de\/cookies-richtlinien\/","og_site_name":"Hotel CoolRooms Palacio de Atocha Madrid","article_modified_time":"2024-01-19T13:29:41+00:00","twitter_card":"summary_large_image","twitter_misc":{"Gesch\u00e4tzte Lesezeit":"3\u00a0Minuten"},"schema":{"@context":"https:\/\/schema.org","@graph":[{"@type":"WebPage","@id":"https:\/\/coolrooms.com\/palaciodeatocha\/de\/cookies-richtlinien\/","url":"https:\/\/coolrooms.com\/palaciodeatocha\/de\/cookies-richtlinien\/","name":"Cookies-Richtlinien | Hotel CoolRooms Palacio de Atocha Madrid","isPartOf":{"@id":"https:\/\/coolrooms.com\/palaciodeatocha\/#website"},"datePublished":"2023-01-25T20:33:40+00:00","dateModified":"2024-01-19T13:29:41+00:00","breadcrumb":{"@id":"https:\/\/coolrooms.com\/palaciodeatocha\/de\/cookies-richtlinien\/#breadcrumb"},"inLanguage":"de","potentialAction":[{"@type":"ReadAction","target":["https:\/\/coolrooms.com\/palaciodeatocha\/de\/cookies-richtlinien\/"]}]},{"@type":"BreadcrumbList","@id":"https:\/\/coolrooms.com\/palaciodeatocha\/de\/cookies-richtlinien\/#breadcrumb","itemListElement":[{"@type":"ListItem","position":1,"name":"Home","item":"https:\/\/coolrooms.com\/palaciodeatocha\/de\/"},{"@type":"ListItem","position":2,"name":"Cookies-Richtlinien"}]},{"@type":"WebSite","@id":"https:\/\/coolrooms.com\/palaciodeatocha\/#website","url":"https:\/\/coolrooms.com\/palaciodeatocha\/","name":"Hotel CoolRooms Palacio de Atocha Madrid","description":"Hotel de lujo en Atocha Madrid","publisher":{"@id":"https:\/\/coolrooms.com\/palaciodeatocha\/#organization"},"potentialAction":[{"@type":"SearchAction","target":{"@type":"EntryPoint","urlTemplate":"https:\/\/coolrooms.com\/palaciodeatocha\/?s={search_term_string}"},"query-input":{"@type":"PropertyValueSpecification","valueRequired":true,"valueName":"search_term_string"}}],"inLanguage":"de"},{"@type":"Organization","@id":"https:\/\/coolrooms.com\/palaciodeatocha\/#organization","name":"CoolRooms Palacio de Atocha","url":"https:\/\/coolrooms.com\/palaciodeatocha\/","logo":{"@type":"ImageObject","inLanguage":"de","@id":"https:\/\/coolrooms.com\/palaciodeatocha\/#\/schema\/logo\/image\/","url":"https:\/\/coolrooms.com\/palaciodeatocha\/wp-content\/uploads\/sites\/3\/2018\/06\/coolrooms-logotipo-1.png","contentUrl":"https:\/\/coolrooms.com\/palaciodeatocha\/wp-content\/uploads\/sites\/3\/2018\/06\/coolrooms-logotipo-1.png","width":591,"height":382,"caption":"CoolRooms Palacio de Atocha"},"image":{"@id":"https:\/\/coolrooms.com\/palaciodeatocha\/#\/schema\/logo\/image\/"}}]}},"acf":[],"_links":{"self":[{"href":"https:\/\/coolrooms.com\/palaciodeatocha\/de\/wp-json\/wp\/v2\/pages\/13137","targetHints":{"allow":["GET"]}}],"collection":[{"href":"https:\/\/coolrooms.com\/palaciodeatocha\/de\/wp-json\/wp\/v2\/pages"}],"about":[{"href":"https:\/\/coolrooms.com\/palaciodeatocha\/de\/wp-json\/wp\/v2\/types\/page"}],"author":[{"embeddable":true,"href":"https:\/\/coolrooms.com\/palaciodeatocha\/de\/wp-json\/wp\/v2\/users\/2"}],"replies":[{"embeddable":true,"href":"https:\/\/coolrooms.com\/palaciodeatocha\/de\/wp-json\/wp\/v2\/comments?post=13137"}],"version-history":[{"count":0,"href":"https:\/\/coolrooms.com\/palaciodeatocha\/de\/wp-json\/wp\/v2\/pages\/13137\/revisions"}],"wp:attachment":[{"href":"https:\/\/coolrooms.com\/palaciodeatocha\/de\/wp-json\/wp\/v2\/media?parent=13137"}],"curies":[{"name":"wp","href":"https:\/\/api.w.org\/{rel}","templated":true}]}}