{"id":13134,"date":"2023-01-25T20:33:05","date_gmt":"2023-01-25T20:33:05","guid":{"rendered":"https:\/\/coolrooms.com\/palaciodeatocha\/rechtlicher-hinweis\/"},"modified":"2024-02-08T11:11:19","modified_gmt":"2024-02-08T11:11:19","slug":"rechtlicher-hinweis","status":"publish","type":"page","link":"https:\/\/coolrooms.com\/palaciodeatocha\/de\/rechtlicher-hinweis\/","title":{"rendered":"Rechtlicher Hinweis"},"content":{"rendered":"<div class=\"wpb-content-wrapper\"><p>[vc_row css_animation=&#8220;&#8220; row_type=&#8220;row&#8220; use_row_as_full_screen_section=&#8220;no&#8220; type=&#8220;grid&#8220; angled_section=&#8220;no&#8220; text_align=&#8220;left&#8220; background_image_as_pattern=&#8220;without_pattern&#8220; padding_top=&#8220;10%&#8220; padding_bottom=&#8220;10%&#8220; z_index=&#8220;&#8220; css=&#8220;.vc_custom_1553778030181{padding-right: 20px !important;padding-left: 20px !important;}&#8220;][vc_column][vc_column_text]<\/p>\n<h2>Rechtlicher Hinweis<\/h2>\n<p>In Erf\u00fcllung der Informationspflicht gem\u00e4\u00df Artikel 10 des Gesetzes 34\/2002 vom 11. Juli \u00fcber die Dienstleistungen der Informationsgesellschaft und des elektronischen Gesch\u00e4ftsverkehrs teilen wir Ihnen mit, dass die Website und das Internetportal <a href=\"http:\/\/www.coolrooms.com\/palaciodeatocha\/de\/\">www.coolrooms.com\/palaciodeatocha\/de\/<\/a> (im Folgenden die \u201eWebsite\u201c genannt) Eigentum von COOL ROOMS GESTI\u00d3N S.L. mit Firmensitz in der CALLE PRINCIPE DE VERGARA, 43 &#8211; 28001 &#8211; MADRID und der Umsatzsteuer-ID <span class=\"ui-provider a b c d e f g h i j k l m n o p q r s t u v w x y z ab ac ae af ag ah ai aj ak\" dir=\"ltr\">B-83859868<\/span> sind. Dieser Rechtliche Hinweis regelt die Bedingungen f\u00fcr die Nutzung des oben genannten Internetportals.<\/p>\n<h3>Anwendbares Recht und Gerichtsstand<\/h3>\n<p>Im Allgemeinen unterliegen die Beziehungen zwischen COOL ROOMS GESTI\u00d3N S.L. und den Nutzern der auf dieser Website angebotenen Telematikdienste der spanischen Gesetzgebung und Rechtsprechung. Die Parteien verzichten ausdr\u00fccklich auf jede andere, ihnen zustehende Gerichtsbarkeit und unterwerfen sich ausdr\u00fccklich den Gerichten von MADRID zur Beilegung aller Streitigkeiten, die sich aus der Auslegung oder Ausf\u00fchrung dieser Vertragsbedingungen ergeben k\u00f6nnten.<\/p>\n<h3>Benutzerakzeptanz<\/h3>\n<p>Dieser Rechtliche Hinweis regelt den Zugang und die Nutzung der Website, die COOL ROOMS GESTI\u00d3N S.L. den Internetnutzern zur Verf\u00fcgung stellt. Als Nutzer gilt eine Person, die auf die Dienste und Aktivit\u00e4ten der Website zugreift, sie durchsucht, nutzt oder sich an ihnen beteiligt.<br \/>\nDer Benutzer ist dar\u00fcber informiert und akzeptiert, dass der Zugriff auf diese Website in keiner Weise den Beginn einer Gesch\u00e4ftsbeziehung mit COOL ROOMS GESTI\u00d3N S.L. bedeutet.<br \/>\nDurch den Zugriff auf die Website und deren Inhalte akzeptiert der Nutzer die vorliegenden Nutzungsbedingungen in ihrer Gesamtheit. Falls Sie mit den Bedingungen nicht einverstanden sind, m\u00fcssen Sie von der Nutzung der Website absehen.<\/p>\n<h3>Zugriff auf die Website<\/h3>\n<p>Der Zugriff auf die Website ist f\u00fcr die Nutzer kostenlos. F\u00fcr einige Dienste m\u00fcssen Sie m\u00f6glicherweise vorher einen Vertrag abschlie\u00dfen.<\/p>\n<p>Sollte der Nutzer seine pers\u00f6nlichen Daten angeben m\u00fcssen, um auf einen der Dienste zuzugreifen, erfolgt die Erfassung und Verarbeitung der Daten in \u00dcbereinstimmung mit den geltenden Vorschriften, insbesondere mit der DSGVO. Weitere Informationen finden Sie in unseren Datenschutzbestimmungen auf <a href=\"https:\/\/coolrooms.com\/palaciodeatocha\/de\/datenschutzbestimmungen\/\">https:\/\/coolrooms.com\/palaciodeatocha\/de\/datenschutzbestimmungen\/<\/a><\/p>\n<h3>Inhalt und Nutzung<\/h3>\n<p>Der Nutzer muss die Website verantwortungsbewusst und in \u00dcbereinstimmung mit der geltenden Gesetzgebung, dem Grundsatz von Treu und Glauben, dem vorliegenden Rechtlichen Hinweis und unter Beachtung der geistigen und gewerblichen Eigentumsrechte von COOL ROOMS GESTI\u00d3N S.L. oder denen einer anderen nat\u00fcrlichen oder juristischen Person nutzen.<\/p>\n<p>Es ist strengstens untersagt, die Inhalte der Website f\u00fcr Zwecke zu verwenden, die rechtswidrig sind oder sein k\u00f6nnten, sowie Handlungen vorzunehmen, die Sch\u00e4den oder Ver\u00e4nderungen jeglicher Art verursachen oder verursachen k\u00f6nnten, die nicht von COOL ROOMS GESTI\u00d3N S.L. vorab genehmigt werden.<\/p>\n<p>Der Inhaber der Website \u00fcbernimmt keinerlei Verantwortung f\u00fcr die auf der Website ge\u00e4u\u00dferten Meinungen der jeweiligen Verfasser. Das Unternehmen beh\u00e4lt sich das Recht vor, ohne vorherige Ank\u00fcndigung ihm angemessene \u00c4nderungen an seiner Website vorzunehmen und kann sowohl die darauf angebotenen Inhalte und Dienste, als auch die Art und Weise, wie sie pr\u00e4sentiert werden oder sich auf den Servern befinden, \u00e4ndern, l\u00f6schen oder hinzuf\u00fcgen.<\/p>\n<h3>Geistiges und gewerbliches Eigentum<\/h3>\n<p>Die Rechte am geistigen Eigentum des Inhalts der Webseiten, ihre grafische Gestaltung und ihre Codes sind Eigentum von COOL ROOMS GESTI\u00d3N S.L., und daher ist ihre Vervielf\u00e4ltigung, Verbreitung, \u00f6ffentliche Bekanntmachung, Umwandlung oder jede andere mit dem Inhalt der Webseite durchgef\u00fchrte Handlung verboten, auch wenn die Quellen genannt werden, es sei denn mit der vorherigen, ausdr\u00fccklichen und schriftlichen Zustimmung von COOL ROOMS GESTI\u00d3N S.L.<\/p>\n<p>Alle auf den Webseiten des Unternehmens enthaltenen Markennamen, Warenzeichen oder Unterscheidungsmerkmale jeglicher Art, sind Eigentum der jeweiligen Inhaber und gesetzlich gesch\u00fctzt.<\/p>\n<p>COOL ROOMS GESTI\u00d3N S.L. erteilt keine Lizenz oder Nutzungsgenehmigung irgendeiner Art f\u00fcr seine geistigen und gewerblichen Eigentumsrechte oder f\u00fcr irgendein anderes die Website betreffendes Eigentum oder Recht. In keinem Fall darf der Zugriff auf die Website und ihre Inhalte durch die Nutzer als Verzicht, \u00dcbertragung, Lizenz oder vollst\u00e4ndige oder teilweise Abtretung dieser Rechte durch COOL ROOMS GESTI\u00d3N S.L. verstanden werden.<\/p>\n<p>Jegliche Verwendung dieser Inhalte, die nicht zuvor von COOL ROOMS GESTI\u00d3N S.L. genehmigt wurde, wird als schwerwiegende Verletzung der Rechte an geistigem oder gewerblichem Eigentum betrachtet und zieht die gesetzlich vorgesehenen Verantwortlichkeiten nach sich. COOL ROOMS GESTI\u00d3N S.L. beh\u00e4lt sich das Recht vor, die entsprechenden gerichtlichen und au\u00dfergerichtlichen Schritte gegen den Benutzer einzuleiten.<\/p>\n<h3>Haftung und Garantien<\/h3>\n<p>COOL ROOMS GESTI\u00d3N S.L. erkl\u00e4rt, dass es im Rahmen seiner M\u00f6glichkeiten und des Standes der Technik die notwendigen Ma\u00dfnahmen ergriffen hat, um das korrekte Funktionieren seiner Website sowie Virenfreiheit und das Nichtvorhandensein sch\u00e4dlicher Komponenten zu gew\u00e4hrleisten. COOL ROOMS GESTI\u00d3N S.L. kann jedoch nicht f\u00fcr Situationen verantwortlich gemacht werden, die nachfolgend beispielhaft aufgef\u00fchrt, aber nicht darauf beschr\u00e4nkt sind:<\/p>\n<ul>\n<li>Die Kontinuit\u00e4t und Verf\u00fcgbarkeit der Inhalte.<\/li>\n<li>Das Nichtvorhandensein von Fehlern in den genannten Inhalten oder die Korrektur von eventuell auftretenden M\u00e4ngeln.<\/li>\n<li>Virenfreiheit oder Nichtvorhandensein anderer sch\u00e4dlicher Komponenten.<\/li>\n<li>Sch\u00e4den, die durch eine Person verursacht werden, die die Sicherheitssysteme von COOL ROOMS GESTI\u00d3N S.L. umgeht bzw. manipuliert.<\/li>\n<li>Die Nutzung der auf der Website enthaltenen Inhalte durch die Nutzer. Demzufolge \u00fcbernimmt COOL ROOMS GESTI\u00d3N S.L. keine Garantie daf\u00fcr, dass die Nutzer die auf der Website enthaltenen Inhalte gem\u00e4\u00df dem vorliegenden Rechtlichen Hinweis nutzen oder daf\u00fcr die gebotene Sorgfalt walten lassen.<\/li>\n<li>Die Nutzung der Website durch Minderj\u00e4hrige oder die \u00dcbermittlung ihrer pers\u00f6nlichen Daten ohne die Erlaubnis der Erziehungsberechtigten, die daf\u00fcr verantwortlich sind.<\/li>\n<li>Die Inhalte, auf die der Nutzer \u00fcber nicht autorisierte Links zugreifen kann, oder Inhalte, die von Nutzern \u00fcber Kommentare oder \u00e4hnliche Tools eingegeben werden.<\/li>\n<\/ul>\n<p>Die Eingabe falscher Daten durch den Nutzer oder einen Dritten.<\/p>\n<p>COOL ROOMS GESTI\u00d3N S.L. kann den Zugang zur Website ohne Vorank\u00fcndigung vor\u00fcbergehend f\u00fcr Wartungs-, Reparatur-, Aktualisierungs- oder Verbesserungsarbeiten unterbrechen. Sofern die Umst\u00e4nde es erlauben, informiert COOL ROOMS GESTI\u00d3N HOTELERA S.L. den Nutzer jedoch mit ausreichender Vorank\u00fcndigung \u00fcber das jeweilige Datum, an dem der Zugang vor\u00fcbergehend unterbrochen wird.<\/p>\n<p>Ebenso verpflichtet sich COOL ROOMS GESTI\u00d3N S.L. gem\u00e4\u00df den Artikeln 11 und 16 des Gesetzes 34\/2002 vom 11. Juli \u00fcber die Dienstleistungen der Informationsgesellschaft und des elektronischen Gesch\u00e4ftsverkehrs (E-Commerce-Gesetz), alle Inhalte zu entfernen oder gegebenenfalls zu sperren, die geltende Gesetzgebung, die Rechte Dritter oder die \u00f6ffentliche Moral und Ordnung beeintr\u00e4chtigen oder verletzen k\u00f6nnten.<\/p>\n<h3>Cookies<\/h3>\n<p>COOL ROOMS GESTI\u00d3N S.L. verwendet Cookies, um das Surfen auf der Website zu optimieren und zu personalisieren. Cookies sind physische Informationsdateien, die auf dem Endger\u00e4t des Nutzers gespeichert werden. Die durch Cookies gesammelten Informationen werden verwendet, um dem Nutzer das Surfen auf dem Portal zu erleichtern und das Nutzererlebnis zu optimieren. Die durch Cookies gesammelten Daten k\u00f6nnen den Urhebern der Cookies \u00fcbermittelt werden, aber in keinem Fall werden die dadurch erhaltenen Informationen mit pers\u00f6nlichen Daten oder Daten, die den Benutzer identifizieren k\u00f6nnen, in Verbindung gebracht.<\/p>\n<p>Wenn Sie als Nutzer jedoch nicht m\u00f6chten, dass Cookies auf Ihrer Festplatte installiert werden, so k\u00f6nnen Sie Ihren Browser so konfigurieren, dass die Installation dieser Dateien verhindert wird. Weitere Informationen finden Sie in unseren Cookies-Richtlinien auf <a href=\"https:\/\/coolrooms.com\/palaciodeatocha\/de\/cookies-richtlinien\/\">https:\/\/coolrooms.com\/palaciodeatocha\/de\/cookies-richtlinien\/<\/a><\/p>\n<p>Das Vorhandensein von Links auf der Website von COOL ROOMS GESTI\u00d3N S.L. zu anderen Websites dient lediglich der Information und stellt in keiner Weise eine Anregung, Einladung oder Empfehlung derselben dar. COOL ROOMS GESTI\u00d3N S.L. \u00fcbernimmt keine Verantwortung f\u00fcr den Inhalt eines Links, der zu einer externen Website geh\u00f6rt, und garantiert auch nicht deren Zuverl\u00e4ssigkeit, Genauigkeit, Vollst\u00e4ndigkeit, Richtigkeit, G\u00fcltigkeit und technische Verf\u00fcgbarkeit.<\/p>\n<p>Sollten andere Websites Links zur Website von COOL ROOMS GESTI\u00d3N S.L. einrichten, wird nicht davon ausgegangen, dass COOL ROOMS GESTI\u00d3N S.L. den Link oder den Inhalt der Website, auf der sich der Link befindet, autorisiert hat, noch d\u00fcrfen auf dieser Website unangemessene, verleumderische, illegale, obsz\u00f6ne oder illegale Inhalte oder andere Inhalte, die gegen die geltende Gesetzgebung versto\u00dfen, enthalten sein.<\/p>\n<p>COOL ROOMS GESTI\u00d3N S.L. beh\u00e4lt sich das Recht vor, sich mit dem Inhaber der Website, auf der Link eingerichtet ist, in Verbindung zu setzen, wenn es der Meinung ist, dass die Vorschriften nicht eingehalten werden, sowie die entsprechenden gerichtlichen und au\u00dfergerichtlichen Ma\u00dfnahmen zu ergreifen.<\/p>\n<h3>\u00c4nderung der Bedingungen<\/h3>\n<p>COOL ROOMS GESTI\u00d3N S.L. beh\u00e4lt sich ausdr\u00fccklich das Recht vor, diesen Rechtlichen Hinweis einseitig, ganz oder teilweise und ohne vorherige Ank\u00fcndigung zu \u00e4ndern. Sie als Nutzer erkennen an und stimmen zu, dass es in Ihrer Verantwortung liegt, diesen Rechtlichen Hinweis regelm\u00e4\u00dfig zu \u00fcberpr\u00fcfen.[\/vc_column_text][vc_empty_space height=&#8220;120px&#8220;][\/vc_column][\/vc_row]<\/p>\n<\/div>","protected":false},"excerpt":{"rendered":"<p>[vc_row css_animation=&#8220;&#8220; row_type=&#8220;row&#8220; use_row_as_full_screen_section=&#8220;no&#8220; type=&#8220;grid&#8220; angled_section=&#8220;no&#8220; text_align=&#8220;left&#8220; background_image_as_pattern=&#8220;without_pattern&#8220; padding_top=&#8220;10%&#8220; padding_bottom=&#8220;10%&#8220; z_index=&#8220;&#8220; css=&#8220;.vc_custom_1553778030181{padding-right: 20px !important;padding-left: 20px !important;}&#8220;][vc_column][vc_column_text] Rechtlicher Hinweis In Erf\u00fcllung der Informationspflicht gem\u00e4\u00df Artikel 10 des Gesetzes 34\/2002 vom 11. Juli \u00fcber die Dienstleistungen der Informationsgesellschaft und des elektronischen Gesch\u00e4ftsverkehrs teilen wir Ihnen mit, dass&#8230;<\/p>\n","protected":false},"author":2,"featured_media":0,"parent":0,"menu_order":0,"comment_status":"closed","ping_status":"closed","template":"","meta":{"_acf_changed":false,"footnotes":""},"class_list":["post-13134","page","type-page","status-publish","hentry"],"yoast_head":"<!-- This site is optimized with the Yoast SEO plugin v27.3 - https:\/\/yoast.com\/product\/yoast-seo-wordpress\/ -->\n<title>Rechtlicher Hinweis | Hotel CoolRooms Palacio de Atocha Madrid<\/title>\n<meta name=\"robots\" content=\"index, follow, max-snippet:-1, max-image-preview:large, max-video-preview:-1\" \/>\n<link rel=\"canonical\" href=\"https:\/\/coolrooms.com\/palaciodeatocha\/de\/rechtlicher-hinweis\/\" \/>\n<meta property=\"og:locale\" content=\"de_DE\" \/>\n<meta property=\"og:type\" content=\"article\" \/>\n<meta property=\"og:title\" content=\"Rechtlicher Hinweis | Hotel CoolRooms Palacio de Atocha Madrid\" \/>\n<meta property=\"og:description\" content=\"[vc_row css_animation=&#8220;&#8220; row_type=&#8220;row&#8220; use_row_as_full_screen_section=&#8220;no&#8220; type=&#8220;grid&#8220; angled_section=&#8220;no&#8220; text_align=&#8220;left&#8220; background_image_as_pattern=&#8220;without_pattern&#8220; padding_top=&#8220;10%&#8220; padding_bottom=&#8220;10%&#8220; z_index=&#8220;&#8220; css=&#8220;.vc_custom_1553778030181{padding-right: 20px !important;padding-left: 20px !important;}&#8220;][vc_column][vc_column_text] Rechtlicher Hinweis In Erf\u00fcllung der Informationspflicht gem\u00e4\u00df Artikel 10 des Gesetzes 34\/2002 vom 11. Juli \u00fcber die Dienstleistungen der Informationsgesellschaft und des elektronischen Gesch\u00e4ftsverkehrs teilen wir Ihnen mit, dass...\" \/>\n<meta property=\"og:url\" content=\"https:\/\/coolrooms.com\/palaciodeatocha\/de\/rechtlicher-hinweis\/\" \/>\n<meta property=\"og:site_name\" content=\"Hotel CoolRooms Palacio de Atocha Madrid\" \/>\n<meta property=\"article:modified_time\" content=\"2024-02-08T11:11:19+00:00\" \/>\n<meta name=\"twitter:card\" content=\"summary_large_image\" \/>\n<meta name=\"twitter:label1\" content=\"Gesch\u00e4tzte Lesezeit\" \/>\n\t<meta name=\"twitter:data1\" content=\"7\u00a0Minuten\" \/>\n<script type=\"application\/ld+json\" class=\"yoast-schema-graph\">{\"@context\":\"https:\\\/\\\/schema.org\",\"@graph\":[{\"@type\":\"WebPage\",\"@id\":\"https:\\\/\\\/coolrooms.com\\\/palaciodeatocha\\\/de\\\/rechtlicher-hinweis\\\/\",\"url\":\"https:\\\/\\\/coolrooms.com\\\/palaciodeatocha\\\/de\\\/rechtlicher-hinweis\\\/\",\"name\":\"Rechtlicher Hinweis | Hotel CoolRooms Palacio de Atocha Madrid\",\"isPartOf\":{\"@id\":\"https:\\\/\\\/coolrooms.com\\\/palaciodeatocha\\\/#website\"},\"datePublished\":\"2023-01-25T20:33:05+00:00\",\"dateModified\":\"2024-02-08T11:11:19+00:00\",\"breadcrumb\":{\"@id\":\"https:\\\/\\\/coolrooms.com\\\/palaciodeatocha\\\/de\\\/rechtlicher-hinweis\\\/#breadcrumb\"},\"inLanguage\":\"de\",\"potentialAction\":[{\"@type\":\"ReadAction\",\"target\":[\"https:\\\/\\\/coolrooms.com\\\/palaciodeatocha\\\/de\\\/rechtlicher-hinweis\\\/\"]}]},{\"@type\":\"BreadcrumbList\",\"@id\":\"https:\\\/\\\/coolrooms.com\\\/palaciodeatocha\\\/de\\\/rechtlicher-hinweis\\\/#breadcrumb\",\"itemListElement\":[{\"@type\":\"ListItem\",\"position\":1,\"name\":\"Home\",\"item\":\"https:\\\/\\\/coolrooms.com\\\/palaciodeatocha\\\/de\\\/\"},{\"@type\":\"ListItem\",\"position\":2,\"name\":\"Rechtlicher Hinweis\"}]},{\"@type\":\"WebSite\",\"@id\":\"https:\\\/\\\/coolrooms.com\\\/palaciodeatocha\\\/#website\",\"url\":\"https:\\\/\\\/coolrooms.com\\\/palaciodeatocha\\\/\",\"name\":\"Hotel CoolRooms Palacio de Atocha Madrid\",\"description\":\"Hotel de lujo en Atocha Madrid\",\"publisher\":{\"@id\":\"https:\\\/\\\/coolrooms.com\\\/palaciodeatocha\\\/#organization\"},\"potentialAction\":[{\"@type\":\"SearchAction\",\"target\":{\"@type\":\"EntryPoint\",\"urlTemplate\":\"https:\\\/\\\/coolrooms.com\\\/palaciodeatocha\\\/?s={search_term_string}\"},\"query-input\":{\"@type\":\"PropertyValueSpecification\",\"valueRequired\":true,\"valueName\":\"search_term_string\"}}],\"inLanguage\":\"de\"},{\"@type\":\"Organization\",\"@id\":\"https:\\\/\\\/coolrooms.com\\\/palaciodeatocha\\\/#organization\",\"name\":\"CoolRooms Palacio de Atocha\",\"url\":\"https:\\\/\\\/coolrooms.com\\\/palaciodeatocha\\\/\",\"logo\":{\"@type\":\"ImageObject\",\"inLanguage\":\"de\",\"@id\":\"https:\\\/\\\/coolrooms.com\\\/palaciodeatocha\\\/#\\\/schema\\\/logo\\\/image\\\/\",\"url\":\"https:\\\/\\\/coolrooms.com\\\/palaciodeatocha\\\/wp-content\\\/uploads\\\/sites\\\/3\\\/2018\\\/06\\\/coolrooms-logotipo-1.png\",\"contentUrl\":\"https:\\\/\\\/coolrooms.com\\\/palaciodeatocha\\\/wp-content\\\/uploads\\\/sites\\\/3\\\/2018\\\/06\\\/coolrooms-logotipo-1.png\",\"width\":591,\"height\":382,\"caption\":\"CoolRooms Palacio de Atocha\"},\"image\":{\"@id\":\"https:\\\/\\\/coolrooms.com\\\/palaciodeatocha\\\/#\\\/schema\\\/logo\\\/image\\\/\"}}]}<\/script>\n<!-- \/ Yoast SEO plugin. -->","yoast_head_json":{"title":"Rechtlicher Hinweis | Hotel CoolRooms Palacio de Atocha Madrid","robots":{"index":"index","follow":"follow","max-snippet":"max-snippet:-1","max-image-preview":"max-image-preview:large","max-video-preview":"max-video-preview:-1"},"canonical":"https:\/\/coolrooms.com\/palaciodeatocha\/de\/rechtlicher-hinweis\/","og_locale":"de_DE","og_type":"article","og_title":"Rechtlicher Hinweis | Hotel CoolRooms Palacio de Atocha Madrid","og_description":"[vc_row css_animation=&#8220;&#8220; row_type=&#8220;row&#8220; use_row_as_full_screen_section=&#8220;no&#8220; type=&#8220;grid&#8220; angled_section=&#8220;no&#8220; text_align=&#8220;left&#8220; background_image_as_pattern=&#8220;without_pattern&#8220; padding_top=&#8220;10%&#8220; padding_bottom=&#8220;10%&#8220; z_index=&#8220;&#8220; css=&#8220;.vc_custom_1553778030181{padding-right: 20px !important;padding-left: 20px !important;}&#8220;][vc_column][vc_column_text] Rechtlicher Hinweis In Erf\u00fcllung der Informationspflicht gem\u00e4\u00df Artikel 10 des Gesetzes 34\/2002 vom 11. Juli \u00fcber die Dienstleistungen der Informationsgesellschaft und des elektronischen Gesch\u00e4ftsverkehrs teilen wir Ihnen mit, dass...","og_url":"https:\/\/coolrooms.com\/palaciodeatocha\/de\/rechtlicher-hinweis\/","og_site_name":"Hotel CoolRooms Palacio de Atocha Madrid","article_modified_time":"2024-02-08T11:11:19+00:00","twitter_card":"summary_large_image","twitter_misc":{"Gesch\u00e4tzte Lesezeit":"7\u00a0Minuten"},"schema":{"@context":"https:\/\/schema.org","@graph":[{"@type":"WebPage","@id":"https:\/\/coolrooms.com\/palaciodeatocha\/de\/rechtlicher-hinweis\/","url":"https:\/\/coolrooms.com\/palaciodeatocha\/de\/rechtlicher-hinweis\/","name":"Rechtlicher Hinweis | Hotel CoolRooms Palacio de Atocha Madrid","isPartOf":{"@id":"https:\/\/coolrooms.com\/palaciodeatocha\/#website"},"datePublished":"2023-01-25T20:33:05+00:00","dateModified":"2024-02-08T11:11:19+00:00","breadcrumb":{"@id":"https:\/\/coolrooms.com\/palaciodeatocha\/de\/rechtlicher-hinweis\/#breadcrumb"},"inLanguage":"de","potentialAction":[{"@type":"ReadAction","target":["https:\/\/coolrooms.com\/palaciodeatocha\/de\/rechtlicher-hinweis\/"]}]},{"@type":"BreadcrumbList","@id":"https:\/\/coolrooms.com\/palaciodeatocha\/de\/rechtlicher-hinweis\/#breadcrumb","itemListElement":[{"@type":"ListItem","position":1,"name":"Home","item":"https:\/\/coolrooms.com\/palaciodeatocha\/de\/"},{"@type":"ListItem","position":2,"name":"Rechtlicher Hinweis"}]},{"@type":"WebSite","@id":"https:\/\/coolrooms.com\/palaciodeatocha\/#website","url":"https:\/\/coolrooms.com\/palaciodeatocha\/","name":"Hotel CoolRooms Palacio de Atocha Madrid","description":"Hotel de lujo en Atocha Madrid","publisher":{"@id":"https:\/\/coolrooms.com\/palaciodeatocha\/#organization"},"potentialAction":[{"@type":"SearchAction","target":{"@type":"EntryPoint","urlTemplate":"https:\/\/coolrooms.com\/palaciodeatocha\/?s={search_term_string}"},"query-input":{"@type":"PropertyValueSpecification","valueRequired":true,"valueName":"search_term_string"}}],"inLanguage":"de"},{"@type":"Organization","@id":"https:\/\/coolrooms.com\/palaciodeatocha\/#organization","name":"CoolRooms Palacio de Atocha","url":"https:\/\/coolrooms.com\/palaciodeatocha\/","logo":{"@type":"ImageObject","inLanguage":"de","@id":"https:\/\/coolrooms.com\/palaciodeatocha\/#\/schema\/logo\/image\/","url":"https:\/\/coolrooms.com\/palaciodeatocha\/wp-content\/uploads\/sites\/3\/2018\/06\/coolrooms-logotipo-1.png","contentUrl":"https:\/\/coolrooms.com\/palaciodeatocha\/wp-content\/uploads\/sites\/3\/2018\/06\/coolrooms-logotipo-1.png","width":591,"height":382,"caption":"CoolRooms Palacio de Atocha"},"image":{"@id":"https:\/\/coolrooms.com\/palaciodeatocha\/#\/schema\/logo\/image\/"}}]}},"acf":[],"_links":{"self":[{"href":"https:\/\/coolrooms.com\/palaciodeatocha\/de\/wp-json\/wp\/v2\/pages\/13134","targetHints":{"allow":["GET"]}}],"collection":[{"href":"https:\/\/coolrooms.com\/palaciodeatocha\/de\/wp-json\/wp\/v2\/pages"}],"about":[{"href":"https:\/\/coolrooms.com\/palaciodeatocha\/de\/wp-json\/wp\/v2\/types\/page"}],"author":[{"embeddable":true,"href":"https:\/\/coolrooms.com\/palaciodeatocha\/de\/wp-json\/wp\/v2\/users\/2"}],"replies":[{"embeddable":true,"href":"https:\/\/coolrooms.com\/palaciodeatocha\/de\/wp-json\/wp\/v2\/comments?post=13134"}],"version-history":[{"count":0,"href":"https:\/\/coolrooms.com\/palaciodeatocha\/de\/wp-json\/wp\/v2\/pages\/13134\/revisions"}],"wp:attachment":[{"href":"https:\/\/coolrooms.com\/palaciodeatocha\/de\/wp-json\/wp\/v2\/media?parent=13134"}],"curies":[{"name":"wp","href":"https:\/\/api.w.org\/{rel}","templated":true}]}}