{"id":13130,"date":"2023-01-25T20:32:48","date_gmt":"2023-01-25T20:32:48","guid":{"rendered":"https:\/\/coolrooms.com\/palaciodeatocha\/kontakt\/"},"modified":"2024-01-19T09:44:40","modified_gmt":"2024-01-19T09:44:40","slug":"kontakt","status":"publish","type":"page","link":"https:\/\/coolrooms.com\/palaciodeatocha\/de\/kontakt\/","title":{"rendered":"Kontakt"},"content":{"rendered":"<div class=\"wpb-content-wrapper\"><p>[vc_row css_animation=&#8220;&#8220; row_type=&#8220;row&#8220; use_row_as_full_screen_section=&#8220;no&#8220; type=&#8220;grid&#8220; angled_section=&#8220;no&#8220; text_align=&#8220;left&#8220; background_image_as_pattern=&#8220;without_pattern&#8220; css=&#8220;.vc_custom_1648815643670{padding-top: 300px !important;padding-bottom: 200px !important;background-image: url(https:\/\/coolrooms.com\/palaciodeatocha\/wp-content\/uploads\/sites\/3\/2018\/06\/hotel_madrid_atochacoolrooms_hotel.jpg?id=525) !important;background-position: center !important;background-repeat: no-repeat !important;background-size: cover !important;}&#8220; z_index=&#8220;&#8220; el_id=&#8220;kontakt-kopfzeile&#8220;][vc_column][\/vc_column][\/vc_row][vc_row css_animation=&#8220;&#8220; row_type=&#8220;row&#8220; use_row_as_full_screen_section=&#8220;no&#8220; type=&#8220;grid&#8220; angled_section=&#8220;no&#8220; text_align=&#8220;left&#8220; background_image_as_pattern=&#8220;without_pattern&#8220; z_index=&#8220;&#8220; css=&#8220;.vc_custom_1553794049169{padding-top: 100px !important;padding-bottom: 20px !important;}&#8220; el_id=&#8220;kontakt-formular&#8220;][vc_column width=&#8220;1\/2&#8243; css=&#8220;.vc_custom_1529415684316{padding-left: 90px !important;}&#8220; el_id=&#8220;col1&#8243;][vc_column_text css=&#8220;.vc_custom_1570023308106{padding-bottom: 20px !important;}&#8220;]<\/p>\n<h2 class=\"subtitulo\">Kontakt<\/h2>\n<p>[\/vc_column_text][vc_raw_html]JTNDaWZyYW1lJTIwc3JjJTNEaHR0cHMlM0ElMkYlMkZ0Y2dtcy5uZXQlMkZhcHAlMkZuZXclMkZPRFE0TlRjeU5UazJNQSUzRmxhbmd1YWdlQ29kZSUzRGRmJTIwd2lkdGglM0QlMjIxMDAlMjUlMjIlMjBoZWlnaHQlM0QlMjI4MDAlMjIlMjBmcmFtZWJvcmRlciUzRCUyMjAlMjIlM0UlM0MlMkZpZnJhbWUlM0U=[\/vc_raw_html][\/vc_column][vc_column width=&#8220;1\/2&#8243;][vc_row_inner row_type=&#8220;row&#8220; type=&#8220;full_width&#8220; text_align=&#8220;left&#8220; css_animation=&#8220;&#8220;][vc_column_inner width=&#8220;1\/2&#8243;][vc_column_text]<\/p>\n<h3><strong>COOLROOMS <\/strong><\/h3>\n<h3><strong>PALACIO DE ATOCHA<\/strong><\/h3>\n<p>[\/vc_column_text][vc_separator type=&#8220;small&#8220; position=&#8220;left&#8220; color=&#8220;#003b61&#8243; thickness=&#8220;2&#8243; width=&#8220;50&#8243; up=&#8220;15&#8243; down=&#8220;30&#8243;][vc_column_text]Calle Atocha 34<br \/>\n28012 Madrid, Spanien<br \/>\n<a href=\"tel:+34910887780\">Tel.: +34 910887780<\/a><br \/>\n<a href=\"mailto:reservations@palaciodeatocha.com\">reservations@palaciodeatocha.com<\/a>[\/vc_column_text][\/vc_column_inner][vc_column_inner width=&#8220;1\/2&#8243; offset=&#8220;vc_hidden-sm vc_hidden-xs&#8220;][vc_single_image image=&#8220;12300&#8243; img_size=&#8220;full&#8220; alignment=&#8220;right&#8220; qode_css_animation=&#8220;&#8220;][\/vc_column_inner][\/vc_row_inner][vc_row_inner row_type=&#8220;row&#8220; type=&#8220;full_width&#8220; text_align=&#8220;left&#8220; css_animation=&#8220;&#8220; css=&#8220;.vc_custom_1529415263561{margin-top: 15px !important;}&#8220;][vc_column_inner]<div class='google_map_shortcode_holder' style='height:450px;'><div class='qode_google_map' style='height:450px;' id='map_canvas_88575' data-addresses='[\"Calle Atocha 34, 28012 Madrid\"]' data-custom-map-style='true' data-color-overlay='rgba(17,3,45,0.19)' data-saturation='-90' data-lightness='10' data-zoom='16' data-pin='https:\/\/coolrooms.com\/palaciodeatocha\/wp-content\/uploads\/sites\/3\/2018\/06\/pin-coolrooms.png' data-unique-id='88575' data-google-maps-scroll-wheel='false' data-snazzy-map-style='no' data-map-height='450'><\/div><div class='google_map_shortcode_overlay'><\/div><\/div>[\/vc_column_inner][\/vc_row_inner][\/vc_column][\/vc_row][vc_row css_animation=&#8220;&#8220; row_type=&#8220;row&#8220; use_row_as_full_screen_section=&#8220;no&#8220; type=&#8220;grid&#8220; angled_section=&#8220;no&#8220; text_align=&#8220;left&#8220; background_image_as_pattern=&#8220;without_pattern&#8220; z_index=&#8220;&#8220; css=&#8220;.vc_custom_1553794109887{padding-bottom: 50px !important;}&#8220;][vc_column][vc_column_text]<\/p>\n<div>\n<p style=\"font-size: 12px; line-height: 1.5em;\">Gem\u00e4\u00df den Bestimmungen der VERORDNUNG (EU) 2016\/679 DES EUROP\u00c4ISCHEN PARLAMENTS UND DES RATES vom 27. April 2016 zum Schutz nat\u00fcrlicher Personen bei der Verarbeitung personenbezogener Daten und zum freien Datenverkehr, welche die Richtlinie 95\/46\/EG (Datenschutzgrundverordnung) aufhebt, informieren wir Sie dar\u00fcber, dass alle Daten in eine automatisierte Datei aufgenommen werden, f\u00fcr die <span class=\"ui-provider baf bag bah bai baj bak bal bam ban bao bap baq bar bas bat bau bav baw bax bay baz bba bbb bbc bbd bbe bbf bbg bbh bbi bbj bbk bbl bbm bbn\" dir=\"ltr\">COOLROOMS\u00a0MANAGEMENT SL<\/span> verantwortlich ist. Der einzige Zweck dieser Datei ist die Verwaltung und die eventuelle Versendung kommerzieller Mitteilungen \u00fcber unsere Produkte. Wenn Sie m\u00f6chten, k\u00f6nnen Sie Ihre Rechte auf Zugang, Berichtigung, L\u00f6schung und Widerspruch Ihrer Daten unter der Adresse C\/ <span class=\"ui-provider baf bag bah bai baj bak bal bam ban bao bap baq bar bas bat bau bav baw bax bay baz bba bbb bbc bbd bbe bbf bbg bbh bbi bbj bbk bbl bbm bbn\" dir=\"ltr\">PRINCIPE DE VERGARA<\/span>, 43 &#8211; 28001 &#8211; MADRID aus\u00fcben oder eine E-Mail an <span class=\"ui-provider baf bag bah bai baj bak bal bam ban bao bap baq bar bas bat bau bav baw bax bay baz bba bbb bbc bbd bbe bbf bbg bbh bbi bbj bbk bbl bbm bbn\" dir=\"ltr\">info@coolrooms.com<\/span>\u00a0senden und in der Betreffzeile das Recht angeben, das Sie aus\u00fcben m\u00f6chten. Diese Nachricht und ihre Anh\u00e4nge sind ausschlie\u00dflich an den Empf\u00e4nger gerichtet und k\u00f6nnen vertrauliche Informationen enthalten, die dem Berufsgeheimnis unterliegen. Ihre Vervielf\u00e4ltigung oder Verbreitung ist ohne unsere ausdr\u00fcckliche Genehmigung nicht gestattet. Sollten Sie nicht der endg\u00fcltige Empf\u00e4nger sein, l\u00f6schen Sie sie bitte und informieren Sie uns auf diesem Wege.<\/p>\n<div><\/div>\n<\/div>\n<p>[\/vc_column_text][\/vc_column][\/vc_row][vc_row css_animation=&#8220;&#8220; row_type=&#8220;row&#8220; use_row_as_full_screen_section=&#8220;no&#8220; type=&#8220;full_width&#8220; angled_section=&#8220;no&#8220; text_align=&#8220;left&#8220; background_image_as_pattern=&#8220;without_pattern&#8220;][vc_column][vc_column_text]<\/p>\n<p>[\/vc_column_text][\/vc_column][\/vc_row]<\/p>\n<\/div>","protected":false},"excerpt":{"rendered":"<p>[vc_row css_animation=&#8220;&#8220; row_type=&#8220;row&#8220; use_row_as_full_screen_section=&#8220;no&#8220; type=&#8220;grid&#8220; angled_section=&#8220;no&#8220; text_align=&#8220;left&#8220; background_image_as_pattern=&#8220;without_pattern&#8220; css=&#8220;.vc_custom_1648815643670{padding-top: 300px !important;padding-bottom: 200px !important;background-image: url(https:\/\/coolrooms.com\/palaciodeatocha\/wp-content\/uploads\/sites\/3\/2018\/06\/hotel_madrid_atochacoolrooms_hotel.jpg?id=525) !important;background-position: center !important;background-repeat: no-repeat !important;background-size: cover !important;}&#8220; z_index=&#8220;&#8220; el_id=&#8220;kontakt-kopfzeile&#8220;][vc_column][\/vc_column][\/vc_row][vc_row css_animation=&#8220;&#8220; row_type=&#8220;row&#8220; use_row_as_full_screen_section=&#8220;no&#8220; type=&#8220;grid&#8220; angled_section=&#8220;no&#8220; text_align=&#8220;left&#8220; background_image_as_pattern=&#8220;without_pattern&#8220; z_index=&#8220;&#8220; css=&#8220;.vc_custom_1553794049169{padding-top: 100px !important;padding-bottom: 20px !important;}&#8220; el_id=&#8220;kontakt-formular&#8220;][vc_column width=&#8220;1\/2&#8243; css=&#8220;.vc_custom_1529415684316{padding-left: 90px !important;}&#8220; el_id=&#8220;col1&#8243;][vc_column_text css=&#8220;.vc_custom_1570023308106{padding-bottom: 20px !important;}&#8220;]&#8230;<\/p>\n","protected":false},"author":2,"featured_media":0,"parent":0,"menu_order":0,"comment_status":"closed","ping_status":"closed","template":"full_width.php","meta":{"_acf_changed":false,"footnotes":""},"class_list":["post-13130","page","type-page","status-publish","hentry"],"yoast_head":"<!-- This site is optimized with the Yoast SEO plugin v27.4 - https:\/\/yoast.com\/product\/yoast-seo-wordpress\/ -->\n<title>Kontakt | Hotel CoolRooms Atocha Madrid<\/title>\n<meta name=\"description\" content=\"Haben Sie Fragen zum CoolRooms-Hotel Atocha oder ben\u00f6tigen Sie zus\u00e4tzliche Informationen? Kontaktieren Sie uns. Kontakt CoolRooms-Hotel Atocha (Madrid)\" \/>\n<meta name=\"robots\" content=\"index, follow, max-snippet:-1, max-image-preview:large, max-video-preview:-1\" \/>\n<link rel=\"canonical\" href=\"https:\/\/coolrooms.com\/palaciodeatocha\/de\/kontakt\/\" \/>\n<meta property=\"og:locale\" content=\"de_DE\" \/>\n<meta property=\"og:type\" content=\"article\" \/>\n<meta property=\"og:title\" content=\"Kontakt | Hotel CoolRooms Atocha Madrid\" \/>\n<meta property=\"og:description\" content=\"Haben Sie Fragen zum CoolRooms-Hotel Atocha oder ben\u00f6tigen Sie zus\u00e4tzliche Informationen? Kontaktieren Sie uns. Kontakt CoolRooms-Hotel Atocha (Madrid)\" \/>\n<meta property=\"og:url\" content=\"https:\/\/coolrooms.com\/palaciodeatocha\/de\/kontakt\/\" \/>\n<meta property=\"og:site_name\" content=\"Hotel CoolRooms Palacio de Atocha Madrid\" \/>\n<meta property=\"article:modified_time\" content=\"2024-01-19T09:44:40+00:00\" \/>\n<meta name=\"twitter:card\" content=\"summary_large_image\" \/>\n<meta name=\"twitter:label1\" content=\"Gesch\u00e4tzte Lesezeit\" \/>\n\t<meta name=\"twitter:data1\" content=\"2\u00a0Minuten\" \/>\n<script type=\"application\/ld+json\" class=\"yoast-schema-graph\">{\"@context\":\"https:\\\/\\\/schema.org\",\"@graph\":[{\"@type\":\"WebPage\",\"@id\":\"https:\\\/\\\/coolrooms.com\\\/palaciodeatocha\\\/de\\\/kontakt\\\/\",\"url\":\"https:\\\/\\\/coolrooms.com\\\/palaciodeatocha\\\/de\\\/kontakt\\\/\",\"name\":\"Kontakt | Hotel CoolRooms Atocha Madrid\",\"isPartOf\":{\"@id\":\"https:\\\/\\\/coolrooms.com\\\/palaciodeatocha\\\/#website\"},\"datePublished\":\"2023-01-25T20:32:48+00:00\",\"dateModified\":\"2024-01-19T09:44:40+00:00\",\"description\":\"Haben Sie Fragen zum CoolRooms-Hotel Atocha oder ben\u00f6tigen Sie zus\u00e4tzliche Informationen? Kontaktieren Sie uns. Kontakt CoolRooms-Hotel Atocha (Madrid)\",\"breadcrumb\":{\"@id\":\"https:\\\/\\\/coolrooms.com\\\/palaciodeatocha\\\/de\\\/kontakt\\\/#breadcrumb\"},\"inLanguage\":\"de\",\"potentialAction\":[{\"@type\":\"ReadAction\",\"target\":[\"https:\\\/\\\/coolrooms.com\\\/palaciodeatocha\\\/de\\\/kontakt\\\/\"]}]},{\"@type\":\"BreadcrumbList\",\"@id\":\"https:\\\/\\\/coolrooms.com\\\/palaciodeatocha\\\/de\\\/kontakt\\\/#breadcrumb\",\"itemListElement\":[{\"@type\":\"ListItem\",\"position\":1,\"name\":\"Home\",\"item\":\"https:\\\/\\\/coolrooms.com\\\/palaciodeatocha\\\/de\\\/\"},{\"@type\":\"ListItem\",\"position\":2,\"name\":\"Kontakt\"}]},{\"@type\":\"WebSite\",\"@id\":\"https:\\\/\\\/coolrooms.com\\\/palaciodeatocha\\\/#website\",\"url\":\"https:\\\/\\\/coolrooms.com\\\/palaciodeatocha\\\/\",\"name\":\"Hotel CoolRooms Palacio de Atocha Madrid\",\"description\":\"Hotel de lujo en Atocha Madrid\",\"publisher\":{\"@id\":\"https:\\\/\\\/coolrooms.com\\\/palaciodeatocha\\\/#organization\"},\"potentialAction\":[{\"@type\":\"SearchAction\",\"target\":{\"@type\":\"EntryPoint\",\"urlTemplate\":\"https:\\\/\\\/coolrooms.com\\\/palaciodeatocha\\\/?s={search_term_string}\"},\"query-input\":{\"@type\":\"PropertyValueSpecification\",\"valueRequired\":true,\"valueName\":\"search_term_string\"}}],\"inLanguage\":\"de\"},{\"@type\":\"Organization\",\"@id\":\"https:\\\/\\\/coolrooms.com\\\/palaciodeatocha\\\/#organization\",\"name\":\"CoolRooms Palacio de Atocha\",\"url\":\"https:\\\/\\\/coolrooms.com\\\/palaciodeatocha\\\/\",\"logo\":{\"@type\":\"ImageObject\",\"inLanguage\":\"de\",\"@id\":\"https:\\\/\\\/coolrooms.com\\\/palaciodeatocha\\\/#\\\/schema\\\/logo\\\/image\\\/\",\"url\":\"https:\\\/\\\/coolrooms.com\\\/palaciodeatocha\\\/wp-content\\\/uploads\\\/sites\\\/3\\\/2018\\\/06\\\/coolrooms-logotipo-1.png\",\"contentUrl\":\"https:\\\/\\\/coolrooms.com\\\/palaciodeatocha\\\/wp-content\\\/uploads\\\/sites\\\/3\\\/2018\\\/06\\\/coolrooms-logotipo-1.png\",\"width\":591,\"height\":382,\"caption\":\"CoolRooms Palacio de Atocha\"},\"image\":{\"@id\":\"https:\\\/\\\/coolrooms.com\\\/palaciodeatocha\\\/#\\\/schema\\\/logo\\\/image\\\/\"}}]}<\/script>\n<!-- \/ Yoast SEO plugin. -->","yoast_head_json":{"title":"Kontakt | Hotel CoolRooms Atocha Madrid","description":"Haben Sie Fragen zum CoolRooms-Hotel Atocha oder ben\u00f6tigen Sie zus\u00e4tzliche Informationen? Kontaktieren Sie uns. Kontakt CoolRooms-Hotel Atocha (Madrid)","robots":{"index":"index","follow":"follow","max-snippet":"max-snippet:-1","max-image-preview":"max-image-preview:large","max-video-preview":"max-video-preview:-1"},"canonical":"https:\/\/coolrooms.com\/palaciodeatocha\/de\/kontakt\/","og_locale":"de_DE","og_type":"article","og_title":"Kontakt | Hotel CoolRooms Atocha Madrid","og_description":"Haben Sie Fragen zum CoolRooms-Hotel Atocha oder ben\u00f6tigen Sie zus\u00e4tzliche Informationen? Kontaktieren Sie uns. Kontakt CoolRooms-Hotel Atocha (Madrid)","og_url":"https:\/\/coolrooms.com\/palaciodeatocha\/de\/kontakt\/","og_site_name":"Hotel CoolRooms Palacio de Atocha Madrid","article_modified_time":"2024-01-19T09:44:40+00:00","twitter_card":"summary_large_image","twitter_misc":{"Gesch\u00e4tzte Lesezeit":"2\u00a0Minuten"},"schema":{"@context":"https:\/\/schema.org","@graph":[{"@type":"WebPage","@id":"https:\/\/coolrooms.com\/palaciodeatocha\/de\/kontakt\/","url":"https:\/\/coolrooms.com\/palaciodeatocha\/de\/kontakt\/","name":"Kontakt | Hotel CoolRooms Atocha Madrid","isPartOf":{"@id":"https:\/\/coolrooms.com\/palaciodeatocha\/#website"},"datePublished":"2023-01-25T20:32:48+00:00","dateModified":"2024-01-19T09:44:40+00:00","description":"Haben Sie Fragen zum CoolRooms-Hotel Atocha oder ben\u00f6tigen Sie zus\u00e4tzliche Informationen? Kontaktieren Sie uns. Kontakt CoolRooms-Hotel Atocha (Madrid)","breadcrumb":{"@id":"https:\/\/coolrooms.com\/palaciodeatocha\/de\/kontakt\/#breadcrumb"},"inLanguage":"de","potentialAction":[{"@type":"ReadAction","target":["https:\/\/coolrooms.com\/palaciodeatocha\/de\/kontakt\/"]}]},{"@type":"BreadcrumbList","@id":"https:\/\/coolrooms.com\/palaciodeatocha\/de\/kontakt\/#breadcrumb","itemListElement":[{"@type":"ListItem","position":1,"name":"Home","item":"https:\/\/coolrooms.com\/palaciodeatocha\/de\/"},{"@type":"ListItem","position":2,"name":"Kontakt"}]},{"@type":"WebSite","@id":"https:\/\/coolrooms.com\/palaciodeatocha\/#website","url":"https:\/\/coolrooms.com\/palaciodeatocha\/","name":"Hotel CoolRooms Palacio de Atocha Madrid","description":"Hotel de lujo en Atocha Madrid","publisher":{"@id":"https:\/\/coolrooms.com\/palaciodeatocha\/#organization"},"potentialAction":[{"@type":"SearchAction","target":{"@type":"EntryPoint","urlTemplate":"https:\/\/coolrooms.com\/palaciodeatocha\/?s={search_term_string}"},"query-input":{"@type":"PropertyValueSpecification","valueRequired":true,"valueName":"search_term_string"}}],"inLanguage":"de"},{"@type":"Organization","@id":"https:\/\/coolrooms.com\/palaciodeatocha\/#organization","name":"CoolRooms Palacio de Atocha","url":"https:\/\/coolrooms.com\/palaciodeatocha\/","logo":{"@type":"ImageObject","inLanguage":"de","@id":"https:\/\/coolrooms.com\/palaciodeatocha\/#\/schema\/logo\/image\/","url":"https:\/\/coolrooms.com\/palaciodeatocha\/wp-content\/uploads\/sites\/3\/2018\/06\/coolrooms-logotipo-1.png","contentUrl":"https:\/\/coolrooms.com\/palaciodeatocha\/wp-content\/uploads\/sites\/3\/2018\/06\/coolrooms-logotipo-1.png","width":591,"height":382,"caption":"CoolRooms Palacio de Atocha"},"image":{"@id":"https:\/\/coolrooms.com\/palaciodeatocha\/#\/schema\/logo\/image\/"}}]}},"acf":[],"_links":{"self":[{"href":"https:\/\/coolrooms.com\/palaciodeatocha\/de\/wp-json\/wp\/v2\/pages\/13130","targetHints":{"allow":["GET"]}}],"collection":[{"href":"https:\/\/coolrooms.com\/palaciodeatocha\/de\/wp-json\/wp\/v2\/pages"}],"about":[{"href":"https:\/\/coolrooms.com\/palaciodeatocha\/de\/wp-json\/wp\/v2\/types\/page"}],"author":[{"embeddable":true,"href":"https:\/\/coolrooms.com\/palaciodeatocha\/de\/wp-json\/wp\/v2\/users\/2"}],"replies":[{"embeddable":true,"href":"https:\/\/coolrooms.com\/palaciodeatocha\/de\/wp-json\/wp\/v2\/comments?post=13130"}],"version-history":[{"count":0,"href":"https:\/\/coolrooms.com\/palaciodeatocha\/de\/wp-json\/wp\/v2\/pages\/13130\/revisions"}],"wp:attachment":[{"href":"https:\/\/coolrooms.com\/palaciodeatocha\/de\/wp-json\/wp\/v2\/media?parent=13130"}],"curies":[{"name":"wp","href":"https:\/\/api.w.org\/{rel}","templated":true}]}}