{"id":9713,"date":"2019-04-02T14:58:14","date_gmt":"2019-04-02T14:58:14","guid":{"rendered":"https:\/\/coolrooms.com\/aviso-legal\/"},"modified":"2024-02-07T14:39:21","modified_gmt":"2024-02-07T14:39:21","slug":"politique-legal","status":"publish","type":"page","link":"https:\/\/coolrooms.com\/fr\/politique-legal\/","title":{"rendered":"Politique l\u00e9gal"},"content":{"rendered":"\t\t<div data-elementor-type=\"wp-page\" data-elementor-id=\"9713\" class=\"elementor elementor-9713 elementor-913\" data-elementor-settings=\"{&quot;ha_cmc_init_switcher&quot;:&quot;no&quot;}\" data-elementor-post-type=\"page\">\n\t\t\t\t\t\t<section data-particle_enable=\"false\" data-particle-mobile-disabled=\"false\" class=\"elementor-section elementor-top-section elementor-element elementor-element-a36a536 elementor-section-boxed elementor-section-height-default elementor-section-height-default\" data-id=\"a36a536\" data-element_type=\"section\" data-e-type=\"section\" data-settings=\"{&quot;_ha_eqh_enable&quot;:false}\">\n\t\t\t\t\t\t<div class=\"elementor-container elementor-column-gap-default\">\n\t\t\t\t\t<div class=\"elementor-column elementor-col-100 elementor-top-column elementor-element elementor-element-0646d44\" data-id=\"0646d44\" data-element_type=\"column\" data-e-type=\"column\">\n\t\t\t<div class=\"elementor-widget-wrap elementor-element-populated\">\n\t\t\t\t\t\t<div class=\"elementor-element elementor-element-ce44da6 elementor-widget elementor-widget-heading\" data-id=\"ce44da6\" data-element_type=\"widget\" data-e-type=\"widget\" data-widget_type=\"heading.default\">\n\t\t\t\t<div class=\"elementor-widget-container\">\n\t\t\t\t\t<h1 class=\"elementor-heading-title elementor-size-default\">Mentions l\u00e9gales<\/h1>\t\t\t\t<\/div>\n\t\t\t\t<\/div>\n\t\t\t\t\t<\/div>\n\t\t<\/div>\n\t\t\t\t\t<\/div>\n\t\t<\/section>\n\t\t\t\t<section data-particle_enable=\"false\" data-particle-mobile-disabled=\"false\" class=\"elementor-section elementor-top-section elementor-element elementor-element-48449f05 elementor-section-boxed elementor-section-height-default elementor-section-height-default\" data-id=\"48449f05\" data-element_type=\"section\" data-e-type=\"section\" data-settings=\"{&quot;_ha_eqh_enable&quot;:false}\">\n\t\t\t\t\t\t<div class=\"elementor-container elementor-column-gap-default\">\n\t\t\t\t\t<div class=\"elementor-column elementor-col-100 elementor-top-column elementor-element elementor-element-23d1aecf\" data-id=\"23d1aecf\" data-element_type=\"column\" data-e-type=\"column\">\n\t\t\t<div class=\"elementor-widget-wrap elementor-element-populated\">\n\t\t\t\t\t\t<div class=\"elementor-element elementor-element-7fcb97b5 elementor-widget elementor-widget-text-editor\" data-id=\"7fcb97b5\" data-element_type=\"widget\" data-e-type=\"widget\" data-widget_type=\"text-editor.default\">\n\t\t\t\t<div class=\"elementor-widget-container\">\n\t\t\t\t\t\t\t\t\t<p>Conform\u00e9ment \u00e0 l&rsquo;obligation d&rsquo;information contenue dans l&rsquo;article 10 de la loi 34\/2002, du 11 juillet, sur les services de la soci\u00e9t\u00e9 de l&rsquo;information et le commerce \u00e9lectronique, nous vous informons que le site Web et le portail Internet www.coolrooms.com (ci-apr\u00e8s, le \u00a0\u00bb site Web \u00ab\u00a0) est la propri\u00e9t\u00e9 de COOL ROOMS GESTI\u00d3N S.L., dont le si\u00e8ge social est situ\u00e9 CALLE PRINCIPE DE VERGARA, 43 &#8211; 28001 &#8211; MADRID avec CIF:B-83859868. Le pr\u00e9sent avis juridique r\u00e9git les conditions d&rsquo;utilisation du portail Internet susmentionn\u00e9.<\/p><h3>Droit applicable et juridiction<\/h3><p>En g\u00e9n\u00e9ral, les relations entre COOL ROOMS GESTI\u00d3N S.L. et les utilisateurs de ses services t\u00e9l\u00e9matiques, pr\u00e9sents sur le site web, sont soumises \u00e0 la l\u00e9gislation et \u00e0 la juridiction espagnoles. Les parties renoncent express\u00e9ment \u00e0 la juridiction qui pourrait leur correspondre et se soumettent express\u00e9ment aux Cours et Tribunaux de MADRID pour r\u00e9soudre tout litige pouvant survenir dans l&rsquo;interpr\u00e9tation ou l&rsquo;ex\u00e9cution des pr\u00e9sentes conditions contractuelles.<\/p><h3>Acceptation de l&rsquo;utilisateur<\/h3><p>Ces mentions l\u00e9gales r\u00e9gissent l&rsquo;acc\u00e8s et l&rsquo;utilisation du site web que COOL ROOMS GESTI\u00d3N S.L. met \u00e0 la disposition des utilisateurs d&rsquo;Internet. Est consid\u00e9r\u00e9e comme utilisateur la personne qui acc\u00e8de, navigue, utilise ou participe aux services et activit\u00e9s du site web.<br \/>L&rsquo;utilisateur est inform\u00e9 et accepte que l&rsquo;acc\u00e8s \u00e0 ce site web n&rsquo;implique en aucun cas le d\u00e9but d&rsquo;une relation commerciale avec COOL ROOMS GESTI\u00d3N S.L.<\/p><p>En acc\u00e9dant et en naviguant sur le site web, l&rsquo;utilisateur accepte l&rsquo;ensemble de ces conditions d&rsquo;utilisation. En cas de d\u00e9saccord avec les conditions, il doit s&rsquo;abstenir d&rsquo;utiliser le site web.<\/p><h3>Acc\u00e8s au site web<\/h3><p>L&rsquo;acc\u00e8s au site web par les utilisateurs est gratuit. Certains services peuvent faire l&rsquo;objet d&rsquo;un contrat pr\u00e9alable.<\/p><p>S&rsquo;il est n\u00e9cessaire que l&rsquo;utilisateur fournisse des donn\u00e9es personnelles pour acc\u00e9der \u00e0 l&rsquo;un des services, la collecte et le traitement des donn\u00e9es seront effectu\u00e9s conform\u00e9ment \u00e0 la l\u00e9gislation en vigueur, en particulier au RGPD. Pour plus d&rsquo;informations, veuillez consulter notre politique de confidentialit\u00e9 <a href=\"http:\/\/www.coolrooms.com\">www.coolrooms.com<\/a><\/p><h3>Contenu et usage<\/h3><p>La visite du site web par l&rsquo;utilisateur doit se faire de mani\u00e8re responsable et conform\u00e9ment \u00e0 la l\u00e9gislation en vigueur, \u00e0 la bonne foi, au pr\u00e9sent avis juridique et au respect des droits de propri\u00e9t\u00e9 intellectuelle et industrielle d\u00e9tenus par COOL ROOMS GESTI\u00d3N S.L. ou toute autre personne physique ou morale.<\/p><p>Il est strictement interdit d&rsquo;utiliser les contenus du site Web \u00e0 des fins ill\u00e9gales ou susceptibles de l&rsquo;\u00eatre, ainsi que de r\u00e9aliser des actions qui causent ou peuvent causer des dommages ou des alt\u00e9rations de quelque nature que ce soit sans l&rsquo;accord de COOL ROOMS GESTI\u00d3N S.L.<\/p><p>Le propri\u00e9taire du site web ne s&rsquo;identifie pas aux opinions exprim\u00e9es par ses collaborateurs. L&rsquo;entreprise se r\u00e9serve le droit d&rsquo;effectuer des changements inopin\u00e9s qu&rsquo;elle juge appropri\u00e9s dans son site Web, peut modifier, supprimer ou ajouter des contenus et des services fournis \u00e0 travers le m\u00eame que la fa\u00e7on dont ils sont pr\u00e9sent\u00e9s ou situ\u00e9s sur leurs serveurs.<\/p><h3>Propri\u00e9t\u00e9 intellectuelle et industrielle<\/h3><p>Les droits de propri\u00e9t\u00e9 intellectuelle du contenu des pages web, leur conception graphique et les codes sont la propri\u00e9t\u00e9 de COOL ROOMS GESTI\u00d3N S.L. et, par cons\u00e9quent, leur reproduction, distribution, communication publique, transformation ou toute autre activit\u00e9 r\u00e9alis\u00e9e avec les contenus du site web, m\u00eame si les sources sont cit\u00e9es, est interdite, sauf avec le consentement pr\u00e9alable, expr\u00e8s et \u00e9crit de COOL ROOMS GESTI\u00d3N S.L.<\/p><p>Tous les noms commerciaux, marques ou signes distinctifs de toute nature contenus dans les pages web de l&rsquo;entreprise sont la propri\u00e9t\u00e9 de leurs titulaires et sont prot\u00e9g\u00e9s par la loi.<\/p><p>COOL ROOMS GESTI\u00d3N S.L. ne conc\u00e8de aucune licence ou autorisation pour l&rsquo;utilisation de ses droits de propri\u00e9t\u00e9 intellectuelle et industrielle ou de tout autre bien ou droit li\u00e9 au site web de quelque mani\u00e8re que ce soit, et en aucun cas l&rsquo;acc\u00e8s et la navigation des utilisateurs n&rsquo;impliquent une renonciation, un transfert, une licence ou une cession totale ou partielle de ces droits par COOL ROOMS GESTI\u00d3N S.L.<\/p><p>Toute utilisation de ces contenus non autoris\u00e9e au pr\u00e9alable par COOL ROOMS GESTI\u00d3N S.L. sera consid\u00e9r\u00e9e comme une grave violation des droits de propri\u00e9t\u00e9 intellectuelle ou industrielle et donnera lieu aux responsabilit\u00e9s l\u00e9galement \u00e9tablies. COOL ROOMS GESTI\u00d3N S.L. se r\u00e9serve le droit de prendre les mesures judiciaires et extrajudiciaires appropri\u00e9es \u00e0 l&rsquo;encontre de l&rsquo;utilisateur.<\/p><h3>Responsabilit\u00e9 et garanties<\/h3><p>COOL ROOMS GESTI\u00d3N S.L. d\u00e9clare avoir adopt\u00e9 les mesures n\u00e9cessaires qui, dans la mesure de ses possibilit\u00e9s et de l&rsquo;\u00e9tat de la technologie, permettent le bon fonctionnement de son site Web et l&rsquo;absence de virus et de composants nuisibles. Cependant, COOL ROOMS GESTI\u00d3N S.L. ne peut \u00eatre tenu responsable des situations suivantes, qui sont \u00e9num\u00e9r\u00e9es \u00e0 titre d&rsquo;exemple, mais sans s&rsquo;y limiter :<\/p><ul><li>La continuit\u00e9 et la disponibilit\u00e9 des contenus.<\/li><li>L&rsquo;absence d&rsquo;erreurs dans lesdits contenus ou la correction de tout d\u00e9faut pouvant survenir.<\/li><li>L&rsquo;absence de virus et\/ou d&rsquo;autres composants nuisibles.<\/li><li>Les dommages caus\u00e9s par toute personne qui violerait les syst\u00e8mes de s\u00e9curit\u00e9 de COOL ROOMS GESTI\u00d3N S.L.<\/li><li>L&rsquo;utilisation que les utilisateurs peuvent faire des contenus inclus dans le site web. Par cons\u00e9quent, COOL ROOMS GESTI\u00d3N S.L. ne garantit pas que l&rsquo;utilisation que les utilisateurs peuvent faire des contenus inclus dans le site Web, le cas \u00e9ch\u00e9ant, soit conforme au pr\u00e9sent avis juridique, ni que l&rsquo;utilisation du site Web soit effectu\u00e9e de mani\u00e8re diligente.<\/li><li>L&rsquo;utilisation du site par des mineurs ou l&rsquo;envoi de leurs donn\u00e9es personnelles sans l&rsquo;autorisation de leurs tuteurs, ces derniers \u00e9tant responsables de l&rsquo;utilisation qu&rsquo;ils font d&rsquo;Internet.<\/li><li>Les contenus auxquels l&rsquo;utilisateur peut acc\u00e9der par le biais de liens non autoris\u00e9s ou ceux introduits par les utilisateurs par le biais de commentaires ou d&rsquo;outils similaires.<\/li><\/ul><p>L&rsquo;introduction de donn\u00e9es erron\u00e9es par l&rsquo;utilisateur ou un tiers.<\/p><p>\u00a0<\/p><p>COOL ROOMS GESTI\u00d3N S.L. peut suspendre temporairement et sans pr\u00e9avis l&rsquo;acc\u00e8s au site Web pour des raisons de maintenance, de r\u00e9paration, de mise \u00e0 jour ou d&rsquo;am\u00e9lioration. Cependant, lorsque les circonstances le permettront, COOL ROOMS GESTI\u00d3N S.L. informera l&rsquo;utilisateur, avec un pr\u00e9avis suffisant, de la date \u00e0 laquelle le contenu sera suspendu.<\/p><p><br \/>De m\u00eame, conform\u00e9ment aux articles 11 et 16 de la loi 34\/2002, du 11 juillet, sur les services de la soci\u00e9t\u00e9 de l&rsquo;information et le commerce \u00e9lectronique (LSSICE), COOL ROOMS GESTI\u00d3N S.L. s&rsquo;engage \u00e0 supprimer ou, le cas \u00e9ch\u00e9ant, \u00e0 bloquer tout contenu susceptible d&rsquo;affecter ou d&rsquo;\u00eatre contraire \u00e0 la l\u00e9gislation en vigueur, aux droits de tiers ou \u00e0 la morale et \u00e0 l&rsquo;ordre publics.<\/p><h3>Cookies<\/h3><p>COOL ROOMS GESTI\u00d3N S.L. utilise des cookies afin d&rsquo;optimiser et de personnaliser votre exp\u00e9rience de navigation sur le site Web. Les cookies sont des fichiers d&rsquo;information physiques qui sont stock\u00e9s dans le terminal de l&rsquo;utilisateur. Les informations collect\u00e9es par le biais des cookies sont utilis\u00e9es pour faciliter la navigation de l&rsquo;utilisateur sur le portail et optimiser l&rsquo;exp\u00e9rience de navigation. Les donn\u00e9es collect\u00e9es par le biais des cookies peuvent \u00eatre partag\u00e9es avec les cr\u00e9ateurs de ces derniers, mais en aucun cas les informations obtenues par ces derniers ne seront associ\u00e9es \u00e0 des donn\u00e9es personnelles ou \u00e0 des donn\u00e9es permettant d&rsquo;identifier l&rsquo;utilisateur.<\/p><p>Toutefois, si vous ne souhaitez pas que des cookies soient install\u00e9s sur votre disque dur, vous pouvez configurer votre navigateur pour emp\u00eacher l&rsquo;installation de ces fichiers. Pour plus d&rsquo;informations, voir notre politique en mati\u00e8re de cookies www.coolrooms.com<\/p><p>La pr\u00e9sence de liens sur le site web de COOL ROOMS GESTI\u00d3N S.L. vers d&rsquo;autres sites Internet n&rsquo;a qu&rsquo;une valeur informative et n&rsquo;implique en aucun cas une suggestion, une invitation ou une recommandation \u00e0 leur \u00e9gard. COOL ROOMS GESTI\u00d3N S.L. n&rsquo;assume aucune responsabilit\u00e9 quant au contenu d&rsquo;un lien appartenant \u00e0 un autre site Internet et n&rsquo;en garantit pas la fiabilit\u00e9, l&rsquo;exactitude, l&rsquo;exhaustivit\u00e9, la pr\u00e9cision, la validit\u00e9 et la disponibilit\u00e9 technique.<\/p><p>Si d&rsquo;autres sites web \u00e9tablissent des liens avec le site web de COOL ROOMS GESTI\u00d3N S.L., il ne sera pas entendu que COOL ROOMS GESTI\u00d3N S.L. a autoris\u00e9 le lien ou le contenu du site web contenant le lien, ni que des contenus inappropri\u00e9s, diffamatoires, ill\u00e9gaux, obsc\u00e8nes ou illicites peuvent \u00eatre inclus dans la page li\u00e9e, ni d&rsquo;autres contenus contraires \u00e0 la l\u00e9gislation en vigueur.<\/p><p>COOL ROOMS GESTI\u00d3N S.L. se r\u00e9serve le droit de contacter le propri\u00e9taire du site web o\u00f9 le lien est \u00e9tabli s&rsquo;il consid\u00e8re que la r\u00e9glementation n&rsquo;est pas respect\u00e9e, ainsi que d&rsquo;exercer les actions judiciaires et extrajudiciaires correspondantes.<\/p><h3>Modification des conditions<\/h3><p>COOL ROOMS GESTI\u00d3N S.L. se r\u00e9serve express\u00e9ment le droit de modifier unilat\u00e9ralement, en tout ou en partie, sans pr\u00e9avis, le pr\u00e9sent avis l\u00e9gal. L&rsquo;utilisateur reconna\u00eet et accepte qu&rsquo;il est de sa responsabilit\u00e9 de consulter p\u00e9riodiquement le pr\u00e9sent avis juridique.<\/p>\t\t\t\t\t\t\t\t<\/div>\n\t\t\t\t<\/div>\n\t\t\t\t\t<\/div>\n\t\t<\/div>\n\t\t\t\t\t<\/div>\n\t\t<\/section>\n\t\t\t\t<\/div>\n\t\t","protected":false},"excerpt":{"rendered":"<p>Mentions l\u00e9gales Conform\u00e9ment \u00e0 l&rsquo;obligation d&rsquo;information contenue dans l&rsquo;article 10 de la loi 34\/2002, du 11 juillet, sur les services de la soci\u00e9t\u00e9 de l&rsquo;information et le commerce \u00e9lectronique, nous vous informons que le site Web et le portail Internet www.coolrooms.com (ci-apr\u00e8s, le \u00a0\u00bb site Web \u00ab\u00a0) est la propri\u00e9t\u00e9 de COOL ROOMS GESTI\u00d3N S.L., [&hellip;]<\/p>\n","protected":false},"author":2,"featured_media":0,"parent":0,"menu_order":0,"comment_status":"closed","ping_status":"closed","template":"elementor_header_footer","meta":{"_acf_changed":false,"footnotes":""},"class_list":["post-9713","page","type-page","status-publish","hentry"],"yoast_head":"<!-- This site is optimized with the Yoast SEO plugin v27.3 - https:\/\/yoast.com\/product\/yoast-seo-wordpress\/ -->\n<title>Politique l\u00e9gal | Coolrooms<\/title>\n<meta name=\"robots\" content=\"index, follow, max-snippet:-1, max-image-preview:large, max-video-preview:-1\" \/>\n<link rel=\"canonical\" href=\"https:\/\/coolrooms.com\/fr\/politique-legal\/\" \/>\n<meta property=\"og:locale\" content=\"fr_FR\" \/>\n<meta property=\"og:type\" content=\"article\" \/>\n<meta property=\"og:title\" content=\"Politique l\u00e9gal | Coolrooms\" \/>\n<meta property=\"og:description\" content=\"Mentions l\u00e9gales Conform\u00e9ment \u00e0 l&rsquo;obligation d&rsquo;information contenue dans l&rsquo;article 10 de la loi 34\/2002, du 11 juillet, sur les services de la soci\u00e9t\u00e9 de l&rsquo;information et le commerce \u00e9lectronique, nous vous informons que le site Web et le portail Internet www.coolrooms.com (ci-apr\u00e8s, le \u00a0\u00bb site Web \u00ab\u00a0) est la propri\u00e9t\u00e9 de COOL ROOMS GESTI\u00d3N S.L., [&hellip;]\" \/>\n<meta property=\"og:url\" content=\"https:\/\/coolrooms.com\/fr\/politique-legal\/\" \/>\n<meta property=\"og:site_name\" content=\"Coolrooms\" \/>\n<meta property=\"article:modified_time\" content=\"2024-02-07T14:39:21+00:00\" \/>\n<meta property=\"og:image\" content=\"https:\/\/coolrooms.com\/wp-content\/uploads\/2018\/03\/AF_Logo_VP_BN.png\" \/>\n\t<meta property=\"og:image:width\" content=\"591\" \/>\n\t<meta property=\"og:image:height\" content=\"591\" \/>\n\t<meta property=\"og:image:type\" content=\"image\/png\" \/>\n<meta name=\"twitter:card\" content=\"summary_large_image\" \/>\n<meta name=\"twitter:label1\" content=\"Dur\u00e9e de lecture estim\u00e9e\" \/>\n\t<meta name=\"twitter:data1\" content=\"7 minutes\" \/>\n<script type=\"application\/ld+json\" class=\"yoast-schema-graph\">{\"@context\":\"https:\\\/\\\/schema.org\",\"@graph\":[{\"@type\":\"WebPage\",\"@id\":\"https:\\\/\\\/coolrooms.com\\\/fr\\\/politique-legal\\\/\",\"url\":\"https:\\\/\\\/coolrooms.com\\\/fr\\\/politique-legal\\\/\",\"name\":\"Politique l\u00e9gal | Coolrooms\",\"isPartOf\":{\"@id\":\"https:\\\/\\\/coolrooms.com\\\/#website\"},\"datePublished\":\"2019-04-02T14:58:14+00:00\",\"dateModified\":\"2024-02-07T14:39:21+00:00\",\"breadcrumb\":{\"@id\":\"https:\\\/\\\/coolrooms.com\\\/fr\\\/politique-legal\\\/#breadcrumb\"},\"inLanguage\":\"fr-FR\",\"potentialAction\":[{\"@type\":\"ReadAction\",\"target\":[\"https:\\\/\\\/coolrooms.com\\\/fr\\\/politique-legal\\\/\"]}]},{\"@type\":\"BreadcrumbList\",\"@id\":\"https:\\\/\\\/coolrooms.com\\\/fr\\\/politique-legal\\\/#breadcrumb\",\"itemListElement\":[{\"@type\":\"ListItem\",\"position\":1,\"name\":\"Portada\",\"item\":\"https:\\\/\\\/coolrooms.com\\\/fr\\\/\"},{\"@type\":\"ListItem\",\"position\":2,\"name\":\"Politique l\u00e9gal\"}]},{\"@type\":\"WebSite\",\"@id\":\"https:\\\/\\\/coolrooms.com\\\/#website\",\"url\":\"https:\\\/\\\/coolrooms.com\\\/\",\"name\":\"Coolrooms\",\"description\":\"Hoteles de lujo en edificios emblem\u00e1ticos\",\"publisher\":{\"@id\":\"https:\\\/\\\/coolrooms.com\\\/#organization\"},\"potentialAction\":[{\"@type\":\"SearchAction\",\"target\":{\"@type\":\"EntryPoint\",\"urlTemplate\":\"https:\\\/\\\/coolrooms.com\\\/?s={search_term_string}\"},\"query-input\":{\"@type\":\"PropertyValueSpecification\",\"valueRequired\":true,\"valueName\":\"search_term_string\"}}],\"inLanguage\":\"fr-FR\"},{\"@type\":\"Organization\",\"@id\":\"https:\\\/\\\/coolrooms.com\\\/#organization\",\"name\":\"CoolRooms\",\"url\":\"https:\\\/\\\/coolrooms.com\\\/\",\"logo\":{\"@type\":\"ImageObject\",\"inLanguage\":\"fr-FR\",\"@id\":\"https:\\\/\\\/coolrooms.com\\\/#\\\/schema\\\/logo\\\/image\\\/\",\"url\":\"https:\\\/\\\/coolrooms.com\\\/wp-content\\\/uploads\\\/2018\\\/03\\\/AF_Logo_VP_BN.png\",\"contentUrl\":\"https:\\\/\\\/coolrooms.com\\\/wp-content\\\/uploads\\\/2018\\\/03\\\/AF_Logo_VP_BN.png\",\"width\":591,\"height\":591,\"caption\":\"CoolRooms\"},\"image\":{\"@id\":\"https:\\\/\\\/coolrooms.com\\\/#\\\/schema\\\/logo\\\/image\\\/\"}}]}<\/script>\n<!-- \/ Yoast SEO plugin. -->","yoast_head_json":{"title":"Politique l\u00e9gal | Coolrooms","robots":{"index":"index","follow":"follow","max-snippet":"max-snippet:-1","max-image-preview":"max-image-preview:large","max-video-preview":"max-video-preview:-1"},"canonical":"https:\/\/coolrooms.com\/fr\/politique-legal\/","og_locale":"fr_FR","og_type":"article","og_title":"Politique l\u00e9gal | Coolrooms","og_description":"Mentions l\u00e9gales Conform\u00e9ment \u00e0 l&rsquo;obligation d&rsquo;information contenue dans l&rsquo;article 10 de la loi 34\/2002, du 11 juillet, sur les services de la soci\u00e9t\u00e9 de l&rsquo;information et le commerce \u00e9lectronique, nous vous informons que le site Web et le portail Internet www.coolrooms.com (ci-apr\u00e8s, le \u00a0\u00bb site Web \u00ab\u00a0) est la propri\u00e9t\u00e9 de COOL ROOMS GESTI\u00d3N S.L., [&hellip;]","og_url":"https:\/\/coolrooms.com\/fr\/politique-legal\/","og_site_name":"Coolrooms","article_modified_time":"2024-02-07T14:39:21+00:00","og_image":[{"width":591,"height":591,"url":"https:\/\/coolrooms.com\/wp-content\/uploads\/2018\/03\/AF_Logo_VP_BN.png","type":"image\/png"}],"twitter_card":"summary_large_image","twitter_misc":{"Dur\u00e9e de lecture estim\u00e9e":"7 minutes"},"schema":{"@context":"https:\/\/schema.org","@graph":[{"@type":"WebPage","@id":"https:\/\/coolrooms.com\/fr\/politique-legal\/","url":"https:\/\/coolrooms.com\/fr\/politique-legal\/","name":"Politique l\u00e9gal | Coolrooms","isPartOf":{"@id":"https:\/\/coolrooms.com\/#website"},"datePublished":"2019-04-02T14:58:14+00:00","dateModified":"2024-02-07T14:39:21+00:00","breadcrumb":{"@id":"https:\/\/coolrooms.com\/fr\/politique-legal\/#breadcrumb"},"inLanguage":"fr-FR","potentialAction":[{"@type":"ReadAction","target":["https:\/\/coolrooms.com\/fr\/politique-legal\/"]}]},{"@type":"BreadcrumbList","@id":"https:\/\/coolrooms.com\/fr\/politique-legal\/#breadcrumb","itemListElement":[{"@type":"ListItem","position":1,"name":"Portada","item":"https:\/\/coolrooms.com\/fr\/"},{"@type":"ListItem","position":2,"name":"Politique l\u00e9gal"}]},{"@type":"WebSite","@id":"https:\/\/coolrooms.com\/#website","url":"https:\/\/coolrooms.com\/","name":"Coolrooms","description":"Hoteles de lujo en edificios emblem\u00e1ticos","publisher":{"@id":"https:\/\/coolrooms.com\/#organization"},"potentialAction":[{"@type":"SearchAction","target":{"@type":"EntryPoint","urlTemplate":"https:\/\/coolrooms.com\/?s={search_term_string}"},"query-input":{"@type":"PropertyValueSpecification","valueRequired":true,"valueName":"search_term_string"}}],"inLanguage":"fr-FR"},{"@type":"Organization","@id":"https:\/\/coolrooms.com\/#organization","name":"CoolRooms","url":"https:\/\/coolrooms.com\/","logo":{"@type":"ImageObject","inLanguage":"fr-FR","@id":"https:\/\/coolrooms.com\/#\/schema\/logo\/image\/","url":"https:\/\/coolrooms.com\/wp-content\/uploads\/2018\/03\/AF_Logo_VP_BN.png","contentUrl":"https:\/\/coolrooms.com\/wp-content\/uploads\/2018\/03\/AF_Logo_VP_BN.png","width":591,"height":591,"caption":"CoolRooms"},"image":{"@id":"https:\/\/coolrooms.com\/#\/schema\/logo\/image\/"}}]}},"acf":[],"_links":{"self":[{"href":"https:\/\/coolrooms.com\/fr\/wp-json\/wp\/v2\/pages\/9713","targetHints":{"allow":["GET"]}}],"collection":[{"href":"https:\/\/coolrooms.com\/fr\/wp-json\/wp\/v2\/pages"}],"about":[{"href":"https:\/\/coolrooms.com\/fr\/wp-json\/wp\/v2\/types\/page"}],"author":[{"embeddable":true,"href":"https:\/\/coolrooms.com\/fr\/wp-json\/wp\/v2\/users\/2"}],"replies":[{"embeddable":true,"href":"https:\/\/coolrooms.com\/fr\/wp-json\/wp\/v2\/comments?post=9713"}],"version-history":[{"count":0,"href":"https:\/\/coolrooms.com\/fr\/wp-json\/wp\/v2\/pages\/9713\/revisions"}],"wp:attachment":[{"href":"https:\/\/coolrooms.com\/fr\/wp-json\/wp\/v2\/media?parent=9713"}],"curies":[{"name":"wp","href":"https:\/\/api.w.org\/{rel}","templated":true}]}}