{"id":18598,"date":"2023-01-13T11:41:51","date_gmt":"2023-01-13T11:41:51","guid":{"rendered":"https:\/\/coolrooms.com\/politica-de-cookies\/"},"modified":"2024-01-22T10:10:25","modified_gmt":"2024-01-22T10:10:25","slug":"politica-de-cookies","status":"publish","type":"page","link":"https:\/\/coolrooms.com\/de\/politica-de-cookies\/","title":{"rendered":"Cookies-Richtlinien"},"content":{"rendered":"\t\t<div data-elementor-type=\"wp-page\" data-elementor-id=\"18598\" class=\"elementor elementor-18598 elementor-920\" data-elementor-settings=\"{&quot;ha_cmc_init_switcher&quot;:&quot;no&quot;}\" data-elementor-post-type=\"page\">\n\t\t\t\t\t\t<section data-particle_enable=\"false\" data-particle-mobile-disabled=\"false\" class=\"elementor-section elementor-top-section elementor-element elementor-element-ced5603 elementor-section-boxed elementor-section-height-default elementor-section-height-default\" data-id=\"ced5603\" data-element_type=\"section\" data-e-type=\"section\" data-settings=\"{&quot;_ha_eqh_enable&quot;:false}\">\n\t\t\t\t\t\t<div class=\"elementor-container elementor-column-gap-default\">\n\t\t\t\t\t<div class=\"elementor-column elementor-col-100 elementor-top-column elementor-element elementor-element-e22b0f9\" data-id=\"e22b0f9\" data-element_type=\"column\" data-e-type=\"column\">\n\t\t\t<div class=\"elementor-widget-wrap elementor-element-populated\">\n\t\t\t\t\t\t<div class=\"elementor-element elementor-element-e77f4b9 elementor-widget elementor-widget-heading\" data-id=\"e77f4b9\" data-element_type=\"widget\" data-e-type=\"widget\" data-widget_type=\"heading.default\">\n\t\t\t\t<div class=\"elementor-widget-container\">\n\t\t\t\t\t<h1 class=\"elementor-heading-title elementor-size-default\">Cookies-Richtlinien<\/h1>\t\t\t\t<\/div>\n\t\t\t\t<\/div>\n\t\t\t\t\t<\/div>\n\t\t<\/div>\n\t\t\t\t\t<\/div>\n\t\t<\/section>\n\t\t\t\t<section data-particle_enable=\"false\" data-particle-mobile-disabled=\"false\" class=\"elementor-section elementor-top-section elementor-element elementor-element-1df59428 elementor-section-boxed elementor-section-height-default elementor-section-height-default\" data-id=\"1df59428\" data-element_type=\"section\" data-e-type=\"section\" data-settings=\"{&quot;_ha_eqh_enable&quot;:false}\">\n\t\t\t\t\t\t<div class=\"elementor-container elementor-column-gap-default\">\n\t\t\t\t\t<div class=\"elementor-column elementor-col-100 elementor-top-column elementor-element elementor-element-22f7dc4d\" data-id=\"22f7dc4d\" data-element_type=\"column\" data-e-type=\"column\">\n\t\t\t<div class=\"elementor-widget-wrap elementor-element-populated\">\n\t\t\t\t\t\t<div class=\"elementor-element elementor-element-13b02e9 elementor-widget elementor-widget-text-editor\" data-id=\"13b02e9\" data-element_type=\"widget\" data-e-type=\"widget\" data-widget_type=\"text-editor.default\">\n\t\t\t\t<div class=\"elementor-widget-container\">\n\t\t\t\t\t\t\t\t\t<p>In Erf\u00fcllung der Informationspflicht gem\u00e4\u00df Abschnitt 20 des Artikel 22 des Gesetzes 34\/2002 vom 11. Juli \u00fcber die Dienstleistungen der Informationsgesellschaft und des elektronischen Gesch\u00e4ftsverkehrs, haben diese Cookies-Richtlinien den Zweck, Sie klar und pr\u00e4zise \u00fcber die auf der Website von <span class=\"ui-provider baf bag bah bai baj bak bal bam ban bao bap baq bar bas bat bau bav baw bax bay baz bba bbb bbc bbd bbe bbf bbg bbh bbi bbj bbk bbl bbm bbn\" dir=\"ltr\">COOL ROOMS GESTI\u00d3N S.L. <\/span> verwendeten Cookies zu informieren.<\/p><h3>\u00a0<\/h3><h3>Was sind Cookies?<\/h3><p>Ein Cookie ist eine kleine Datei, die Websites an Ihren Browser senden und auf Ihren Computer gespeichert werden. Cookies erm\u00f6glichen es der Website, Informationen \u00fcber Ihren Besuch zu speichern und abzurufen, wie z. B. Ihre bevorzugte Sprache und andere Optionen, um die angebotenen Dienste zu verbessern und Ihnen ein besseres Nutzererlebnis zu bieten.<\/p><h3>\u00a0<\/h3><h3>Zustimmung zur Verwendung von Cookies<\/h3><p>In \u00dcbereinstimmung mit dem Cookie-Hinweis auf der Website akzeptiert der Benutzer, dass er durch den Zugriff auf deren Inhalte ausdr\u00fccklich der Verwendung von Cookies wie unten beschrieben zustimmt, unbeschadet der M\u00f6glichkeit des Benutzers, die Konfiguration seines Browsers zu \u00e4ndern, um die Verwendung von Cookies abzulehnen.<\/p><h3>\u00a0<\/h3><h3>Arten von Cookies<\/h3><p>Je nachdem, wer die Domain verwaltet, von der aus die Cookies gesendet und die Daten verarbeitet werden, wird zwischen eigene Cookies und Drittanbieter-Cookies unterschieden.<\/p><p>Cookies k\u00f6nnen auch danach klassifiziert werden, wie lange sie im Browser des Benutzers gespeichert bleiben, wobei zwischen Session-Cookies und persistenten Cookies unterschieden wird.<\/p><p>Schlie\u00dflich k\u00f6nnen je nach dem Zweck, zu dem die gesammelten Informationen verarbeitet werden, Cookies in die folgenden Kategorien eingeteilt werden:<\/p><ul><li><strong>Technische Cookies<\/strong>: Sie erm\u00f6glichen dem Benutzer den Zugriff auf die Inhalte einer Website und einige der von ihr angebotenen Dienste zu nutzen (wie z. B. derjenige, der daran erinnert, welche Artikel sich im Warenkorb befinden).<\/li><li><strong>Pr\u00e4ferenz-Cookies<\/strong>: Sie erm\u00f6glichen dem Benutzer den Zugriff auf die Website mit bestimmten Merkmalen, wie z. B. der Sprache.<\/li><li><strong>Sicherheitscookies<\/strong>: Sie haben den Zweck, eine Manipulation der Website zu verhindern oder zu erschweren.<\/li><li><strong>Add-on Cookies<\/strong>: Sie erm\u00f6glichen den Austausch von Inhalten, den sogenannten Plugins, in sozialen Netzwerken.<\/li><li><strong>Analyse-Cookies<\/strong>: Sie erm\u00f6glichen dem Administrator, das Verhalten des Benutzers zu \u00fcberwachen.<\/li><li><strong>Werbe-Cookies<\/strong>: Sie erm\u00f6glichen es, Werbefl\u00e4chen auf der Website zu verwalten.<\/li><\/ul><ul><li><strong>Cookies f\u00fcr nutzungsbasierte Online-Werbung:<\/strong> Wie die vorstehenden werden sie verwendet, um die Werbefl\u00e4chen der Website auf der Grundlage der gesammelten Informationen \u00fcber das Verhalten und die Gewohnheiten des Nutzers zu verwalten und die Werbung an sein Profil anzupassen.<\/li><li><strong>Geolokalisierungs-Cookies<\/strong>: Sie werden verwendet, um das Land herauszufinden, in dem sich der Benutzer befindet.<\/li><\/ul><h3>\u00a0<\/h3><h3>Wie Sie Ihre Cookies-Einstellungen \u00e4ndern k\u00f6nnen<\/h3><p>Sie k\u00f6nnen die Cookies von <span class=\"ui-provider baf bag bah bai baj bak bal bam ban bao bap baq bar bas bat bau bav baw bax bay baz bba bbb bbc bbd bbe bbf bbg bbh bbi bbj bbk bbl bbm bbn\" dir=\"ltr\">COOL ROOMS GESTI\u00d3N S.L. <\/span> oder jeder anderen Website \u00fcber Ihren Browser einschr\u00e4nken, blockieren oder l\u00f6schen. F\u00fcr jeden Browser gibt es daf\u00fcr eine andere Methode. Sie finden die jeweilige Vorgehensweise im Hilfemen\u00fc Ihres Browsers. F\u00fcr weitere Informationen:<\/p><ul><li>Google Chrome:<a href=\"https:\/\/support.google.com\/chrome\/answer\/95647?co=GENIE.Platform%253 DDesktop&amp;hl=es\"> https:\/\/support.google.com\/chrome\/answer\/95647?hl=de&amp;co=GENIE.Platform%3DDesktop<\/a><\/li><li>Mozilla Firefox: <a href=\"https:\/\/support.mozilla.org\/es\/kb\/habilitar-y-deshabilitar-cookies- sitios-web-rastrear-preferencias\">https:\/\/support.mozilla.org\/de\/kb\/cookies-und-website-daten-in-firefox-loschen<\/a><\/li><li>Safari: <a href=\"https:\/\/support.apple.com\/es-es\/guide\/safari\/sfri11471\/mac\">https:\/\/support.apple.com\/de-de\/guide\/safari\/sfri11471\/mac<\/a><\/li><li>Internet Explorer:<a href=\"https:\/\/support.microsoft.com\/es-es\/help\/278835\/how-to-delete-cookie-files-in-internet-explorer\"> https:\/\/support.microsoft.com\/de-de\/windows\/l%C3%B6schen-und-verwalten-von-cookies-168dab11-0753-043d-7c16-ede5947fc64d<\/a><\/li><li style=\"list-style-type: none;\">\u00a0<\/li><\/ul><p>Die Deaktivierung von Cookies kann dazu f\u00fchren, dass die Website nicht ordnungsgem\u00e4\u00df funktioniert oder dass Sie auf bestimmte Funktionen der Website nicht zugreifen k\u00f6nnen.<\/p><h3>\u00a0<\/h3><h3>Auf der Website verwendete Cookies<\/h3><p>Auf der Website werden verschiedene Arten von Cookies f\u00fcr unterschiedliche Zwecke verwendet; die verwendeten Cookies sind nachstehend aufgef\u00fchrt:<\/p><table class=\"data\"><tbody><tr><td>IDE<\/td><\/tr><tr><td>_fbp<\/td><\/tr><tr class=\"data-grid-data-grid-node revealed\"><td>_ga<\/td><\/tr><tr><td>_gid<\/td><\/tr><tr><td>_icl_current_language<\/td><\/tr><tr><td>_icl_visitor_lang_js<\/td><td>\u00a0<\/td><\/tr><tr><td>fr<\/td><td>\u00a0<\/td><\/tr><tr><td>gid<\/td><td>\u00a0<\/td><\/tr><tr><td>wpml_browser_redirect_test<\/td><td>\u00a0<\/td><\/tr><\/tbody><\/table><h3>\u00a0<\/h3><h3>\u00c4nderung der Bedingungen<\/h3><p><span class=\"ui-provider baf bag bah bai baj bak bal bam ban bao bap baq bar bas bat bau bav baw bax bay baz bba bbb bbc bbd bbe bbf bbg bbh bbi bbj bbk bbl bbm bbn\" dir=\"ltr\">COOL ROOMS GESTI\u00d3N S.L. <\/span>\u00a0beh\u00e4lt sich ausdr\u00fccklich das Recht vor, diese Cookies-Richtlinien einseitig, ganz oder teilweise und ohne vorherige Ank\u00fcndigung zu \u00e4ndern. Sie als Nutzer erkennen an und stimmen zu, dass es in Ihrer Verantwortung liegt, diese Cookies-Richtlinien regelm\u00e4\u00dfig zu \u00fcberpr\u00fcfen.<\/p>\t\t\t\t\t\t\t\t<\/div>\n\t\t\t\t<\/div>\n\t\t\t\t\t<\/div>\n\t\t<\/div>\n\t\t\t\t\t<\/div>\n\t\t<\/section>\n\t\t\t\t<\/div>\n\t\t","protected":false},"excerpt":{"rendered":"<p>Cookies-Richtlinien In Erf\u00fcllung der Informationspflicht gem\u00e4\u00df Abschnitt 20 des Artikel 22 des Gesetzes 34\/2002 vom 11. Juli \u00fcber die Dienstleistungen der Informationsgesellschaft und des elektronischen Gesch\u00e4ftsverkehrs, haben diese Cookies-Richtlinien den Zweck, Sie klar und pr\u00e4zise \u00fcber die auf der Website von COOL ROOMS GESTI\u00d3N S.L. verwendeten Cookies zu informieren. \u00a0 Was sind Cookies? Ein Cookie [&hellip;]<\/p>\n","protected":false},"author":2,"featured_media":0,"parent":0,"menu_order":0,"comment_status":"closed","ping_status":"closed","template":"elementor_header_footer","meta":{"_acf_changed":false,"footnotes":""},"class_list":["post-18598","page","type-page","status-publish","hentry"],"yoast_head":"<!-- This site is optimized with the Yoast SEO plugin v27.3 - https:\/\/yoast.com\/product\/yoast-seo-wordpress\/ -->\n<title>Cookies-Richtlinien | Coolrooms<\/title>\n<meta name=\"robots\" content=\"index, follow, max-snippet:-1, max-image-preview:large, max-video-preview:-1\" \/>\n<link rel=\"canonical\" href=\"https:\/\/coolrooms.com\/de\/politica-de-cookies\/\" \/>\n<meta property=\"og:locale\" content=\"de_DE\" \/>\n<meta property=\"og:type\" content=\"article\" \/>\n<meta property=\"og:title\" content=\"Cookies-Richtlinien | Coolrooms\" \/>\n<meta property=\"og:description\" content=\"Cookies-Richtlinien In Erf\u00fcllung der Informationspflicht gem\u00e4\u00df Abschnitt 20 des Artikel 22 des Gesetzes 34\/2002 vom 11. Juli \u00fcber die Dienstleistungen der Informationsgesellschaft und des elektronischen Gesch\u00e4ftsverkehrs, haben diese Cookies-Richtlinien den Zweck, Sie klar und pr\u00e4zise \u00fcber die auf der Website von COOL ROOMS GESTI\u00d3N S.L. verwendeten Cookies zu informieren. \u00a0 Was sind Cookies? Ein Cookie [&hellip;]\" \/>\n<meta property=\"og:url\" content=\"https:\/\/coolrooms.com\/de\/politica-de-cookies\/\" \/>\n<meta property=\"og:site_name\" content=\"Coolrooms\" \/>\n<meta property=\"article:modified_time\" content=\"2024-01-22T10:10:25+00:00\" \/>\n<meta property=\"og:image\" content=\"https:\/\/coolrooms.com\/wp-content\/uploads\/2018\/03\/AF_Logo_VP_BN.png\" \/>\n\t<meta property=\"og:image:width\" content=\"591\" \/>\n\t<meta property=\"og:image:height\" content=\"591\" \/>\n\t<meta property=\"og:image:type\" content=\"image\/png\" \/>\n<meta name=\"twitter:card\" content=\"summary_large_image\" \/>\n<meta name=\"twitter:label1\" content=\"Gesch\u00e4tzte Lesezeit\" \/>\n\t<meta name=\"twitter:data1\" content=\"3\u00a0Minuten\" \/>\n<script type=\"application\/ld+json\" class=\"yoast-schema-graph\">{\"@context\":\"https:\\\/\\\/schema.org\",\"@graph\":[{\"@type\":\"WebPage\",\"@id\":\"https:\\\/\\\/coolrooms.com\\\/de\\\/politica-de-cookies\\\/\",\"url\":\"https:\\\/\\\/coolrooms.com\\\/de\\\/politica-de-cookies\\\/\",\"name\":\"Cookies-Richtlinien | Coolrooms\",\"isPartOf\":{\"@id\":\"https:\\\/\\\/coolrooms.com\\\/#website\"},\"datePublished\":\"2023-01-13T11:41:51+00:00\",\"dateModified\":\"2024-01-22T10:10:25+00:00\",\"breadcrumb\":{\"@id\":\"https:\\\/\\\/coolrooms.com\\\/de\\\/politica-de-cookies\\\/#breadcrumb\"},\"inLanguage\":\"de\",\"potentialAction\":[{\"@type\":\"ReadAction\",\"target\":[\"https:\\\/\\\/coolrooms.com\\\/de\\\/politica-de-cookies\\\/\"]}]},{\"@type\":\"BreadcrumbList\",\"@id\":\"https:\\\/\\\/coolrooms.com\\\/de\\\/politica-de-cookies\\\/#breadcrumb\",\"itemListElement\":[{\"@type\":\"ListItem\",\"position\":1,\"name\":\"Portada\",\"item\":\"https:\\\/\\\/coolrooms.com\\\/de\\\/coolrooms\\\/\"},{\"@type\":\"ListItem\",\"position\":2,\"name\":\"Cookies-Richtlinien\"}]},{\"@type\":\"WebSite\",\"@id\":\"https:\\\/\\\/coolrooms.com\\\/#website\",\"url\":\"https:\\\/\\\/coolrooms.com\\\/\",\"name\":\"Coolrooms\",\"description\":\"Hoteles de lujo en edificios emblem\u00e1ticos\",\"publisher\":{\"@id\":\"https:\\\/\\\/coolrooms.com\\\/#organization\"},\"potentialAction\":[{\"@type\":\"SearchAction\",\"target\":{\"@type\":\"EntryPoint\",\"urlTemplate\":\"https:\\\/\\\/coolrooms.com\\\/?s={search_term_string}\"},\"query-input\":{\"@type\":\"PropertyValueSpecification\",\"valueRequired\":true,\"valueName\":\"search_term_string\"}}],\"inLanguage\":\"de\"},{\"@type\":\"Organization\",\"@id\":\"https:\\\/\\\/coolrooms.com\\\/#organization\",\"name\":\"CoolRooms\",\"url\":\"https:\\\/\\\/coolrooms.com\\\/\",\"logo\":{\"@type\":\"ImageObject\",\"inLanguage\":\"de\",\"@id\":\"https:\\\/\\\/coolrooms.com\\\/#\\\/schema\\\/logo\\\/image\\\/\",\"url\":\"https:\\\/\\\/coolrooms.com\\\/wp-content\\\/uploads\\\/2018\\\/03\\\/AF_Logo_VP_BN.png\",\"contentUrl\":\"https:\\\/\\\/coolrooms.com\\\/wp-content\\\/uploads\\\/2018\\\/03\\\/AF_Logo_VP_BN.png\",\"width\":591,\"height\":591,\"caption\":\"CoolRooms\"},\"image\":{\"@id\":\"https:\\\/\\\/coolrooms.com\\\/#\\\/schema\\\/logo\\\/image\\\/\"}}]}<\/script>\n<!-- \/ Yoast SEO plugin. -->","yoast_head_json":{"title":"Cookies-Richtlinien | Coolrooms","robots":{"index":"index","follow":"follow","max-snippet":"max-snippet:-1","max-image-preview":"max-image-preview:large","max-video-preview":"max-video-preview:-1"},"canonical":"https:\/\/coolrooms.com\/de\/politica-de-cookies\/","og_locale":"de_DE","og_type":"article","og_title":"Cookies-Richtlinien | Coolrooms","og_description":"Cookies-Richtlinien In Erf\u00fcllung der Informationspflicht gem\u00e4\u00df Abschnitt 20 des Artikel 22 des Gesetzes 34\/2002 vom 11. Juli \u00fcber die Dienstleistungen der Informationsgesellschaft und des elektronischen Gesch\u00e4ftsverkehrs, haben diese Cookies-Richtlinien den Zweck, Sie klar und pr\u00e4zise \u00fcber die auf der Website von COOL ROOMS GESTI\u00d3N S.L. verwendeten Cookies zu informieren. \u00a0 Was sind Cookies? Ein Cookie [&hellip;]","og_url":"https:\/\/coolrooms.com\/de\/politica-de-cookies\/","og_site_name":"Coolrooms","article_modified_time":"2024-01-22T10:10:25+00:00","og_image":[{"width":591,"height":591,"url":"https:\/\/coolrooms.com\/wp-content\/uploads\/2018\/03\/AF_Logo_VP_BN.png","type":"image\/png"}],"twitter_card":"summary_large_image","twitter_misc":{"Gesch\u00e4tzte Lesezeit":"3\u00a0Minuten"},"schema":{"@context":"https:\/\/schema.org","@graph":[{"@type":"WebPage","@id":"https:\/\/coolrooms.com\/de\/politica-de-cookies\/","url":"https:\/\/coolrooms.com\/de\/politica-de-cookies\/","name":"Cookies-Richtlinien | Coolrooms","isPartOf":{"@id":"https:\/\/coolrooms.com\/#website"},"datePublished":"2023-01-13T11:41:51+00:00","dateModified":"2024-01-22T10:10:25+00:00","breadcrumb":{"@id":"https:\/\/coolrooms.com\/de\/politica-de-cookies\/#breadcrumb"},"inLanguage":"de","potentialAction":[{"@type":"ReadAction","target":["https:\/\/coolrooms.com\/de\/politica-de-cookies\/"]}]},{"@type":"BreadcrumbList","@id":"https:\/\/coolrooms.com\/de\/politica-de-cookies\/#breadcrumb","itemListElement":[{"@type":"ListItem","position":1,"name":"Portada","item":"https:\/\/coolrooms.com\/de\/coolrooms\/"},{"@type":"ListItem","position":2,"name":"Cookies-Richtlinien"}]},{"@type":"WebSite","@id":"https:\/\/coolrooms.com\/#website","url":"https:\/\/coolrooms.com\/","name":"Coolrooms","description":"Hoteles de lujo en edificios emblem\u00e1ticos","publisher":{"@id":"https:\/\/coolrooms.com\/#organization"},"potentialAction":[{"@type":"SearchAction","target":{"@type":"EntryPoint","urlTemplate":"https:\/\/coolrooms.com\/?s={search_term_string}"},"query-input":{"@type":"PropertyValueSpecification","valueRequired":true,"valueName":"search_term_string"}}],"inLanguage":"de"},{"@type":"Organization","@id":"https:\/\/coolrooms.com\/#organization","name":"CoolRooms","url":"https:\/\/coolrooms.com\/","logo":{"@type":"ImageObject","inLanguage":"de","@id":"https:\/\/coolrooms.com\/#\/schema\/logo\/image\/","url":"https:\/\/coolrooms.com\/wp-content\/uploads\/2018\/03\/AF_Logo_VP_BN.png","contentUrl":"https:\/\/coolrooms.com\/wp-content\/uploads\/2018\/03\/AF_Logo_VP_BN.png","width":591,"height":591,"caption":"CoolRooms"},"image":{"@id":"https:\/\/coolrooms.com\/#\/schema\/logo\/image\/"}}]}},"acf":[],"_links":{"self":[{"href":"https:\/\/coolrooms.com\/de\/wp-json\/wp\/v2\/pages\/18598","targetHints":{"allow":["GET"]}}],"collection":[{"href":"https:\/\/coolrooms.com\/de\/wp-json\/wp\/v2\/pages"}],"about":[{"href":"https:\/\/coolrooms.com\/de\/wp-json\/wp\/v2\/types\/page"}],"author":[{"embeddable":true,"href":"https:\/\/coolrooms.com\/de\/wp-json\/wp\/v2\/users\/2"}],"replies":[{"embeddable":true,"href":"https:\/\/coolrooms.com\/de\/wp-json\/wp\/v2\/comments?post=18598"}],"version-history":[{"count":0,"href":"https:\/\/coolrooms.com\/de\/wp-json\/wp\/v2\/pages\/18598\/revisions"}],"wp:attachment":[{"href":"https:\/\/coolrooms.com\/de\/wp-json\/wp\/v2\/media?parent=18598"}],"curies":[{"name":"wp","href":"https:\/\/api.w.org\/{rel}","templated":true}]}}